{"id":9096,"date":"2025-02-24T13:03:14","date_gmt":"2025-02-24T12:03:14","guid":{"rendered":"https:\/\/toppikpolska.pl\/ostukorv\/"},"modified":"2025-10-07T14:16:05","modified_gmt":"2025-10-07T12:16:05","slug":"ostukorv","status":"publish","type":"page","link":"https:\/\/toppikpolska.pl\/et\/ostukorv\/","title":{"rendered":"Ostukorv"},"content":{"rendered":"\n<div data-block-name=\"woocommerce\/cart\" class=\"wp-block-woocommerce-cart alignwide is-loading\">\n<div data-block-name=\"woocommerce\/filled-cart-block\" class=\"wp-block-woocommerce-filled-cart-block\">\n<div data-block-name=\"woocommerce\/cart-items-block\" class=\"wp-block-woocommerce-cart-items-block\">\n<div data-block-name=\"woocommerce\/cart-line-items-block\" class=\"wp-block-woocommerce-cart-line-items-block\"><\/div>\n\n\n\n<div data-block-name=\"woocommerce\/cart-cross-sells-block\" class=\"wp-block-woocommerce-cart-cross-sells-block\">\n<h2 class=\"wp-block-heading has-large-font-size\">Sa v\u00f5id olla huvitatud ka&#8230;<\/h2>\n\n\n\n<div data-block-name=\"woocommerce\/cart-cross-sells-products-block\" class=\"wp-block-woocommerce-cart-cross-sells-products-block\"><\/div>\n<\/div>\n<\/div>\n\n\n\n<div data-block-name=\"woocommerce\/cart-totals-block\" class=\"wp-block-woocommerce-cart-totals-block\">\n<div data-block-name=\"woocommerce\/cart-order-summary-block\" class=\"wp-block-woocommerce-cart-order-summary-block\">\n<div data-block-name=\"woocommerce\/cart-order-summary-heading-block\" class=\"wp-block-woocommerce-cart-order-summary-heading-block\"><\/div><div data-block-name=\"woocommerce\/cart-order-summary-coupon-form-block\" class=\"wp-block-woocommerce-cart-order-summary-coupon-form-block\"><\/div><div data-block-name=\"woocommerce\/cart-order-summary-totals-block\" class=\"wp-block-woocommerce-cart-order-summary-totals-block\">\n<div data-block-name=\"woocommerce\/cart-order-summary-subtotal-block\" class=\"wp-block-woocommerce-cart-order-summary-subtotal-block\"><\/div>\n<div data-block-name=\"woocommerce\/cart-order-summary-discount-block\" class=\"wp-block-woocommerce-cart-order-summary-discount-block\"><\/div>\n<div data-block-name=\"woocommerce\/cart-order-summary-fee-block\" class=\"wp-block-woocommerce-cart-order-summary-fee-block\"><\/div>\n<div data-block-name=\"woocommerce\/cart-order-summary-shipping-block\" class=\"wp-block-woocommerce-cart-order-summary-shipping-block\"><\/div>\n<div data-block-name=\"woocommerce\/cart-order-summary-taxes-block\" class=\"wp-block-woocommerce-cart-order-summary-taxes-block\"><\/div><\/div>\n<\/div>\n\n\n\n<div data-block-name=\"woocommerce\/cart-express-payment-block\" class=\"wp-block-woocommerce-cart-express-payment-block\"><\/div>\n\n\n\n<div data-block-name=\"woocommerce\/proceed-to-checkout-block\" class=\"wp-block-woocommerce-proceed-to-checkout-block\"><\/div>\n\n\n\n<div data-block-name=\"woocommerce\/cart-accepted-payment-methods-block\" class=\"wp-block-woocommerce-cart-accepted-payment-methods-block\"><\/div>\n<\/div>\n<\/div>\n\n\n\n<div data-block-name=\"woocommerce\/empty-cart-block\" class=\"wp-block-woocommerce-empty-cart-block\">\n<h2 class=\"wp-block-heading has-text-align-center with-empty-cart-icon wc-block-cart__empty-cart__title\">Su ostukorv on hetkel t\u00fchi!<\/h2>\n\n\n\n<hr class=\"wp-block-separator has-alpha-channel-opacity is-style-dots\"\/>\n\n\n\n<h2 class=\"wp-block-heading has-text-align-center\">New in store<\/h2>\n\n\n<div data-block-name=\"woocommerce\/product-new\" data-columns=\"4\" data-rows=\"1\" class=\"wc-block-grid wp-block-product-new wp-block-woocommerce-product-new wc-block-product-new has-4-columns\"><ul class=\"wc-block-grid__products\"><li class=\"wc-block-grid__product\">\n\t\t\t\t<a href=\"https:\/\/toppikpolska.pl\/et\/produkt\/mikrokiust-juuste-paksendaja-12g-juuksepiiri-optimeerija\/\" class=\"wc-block-grid__product-link\">\n\t\t\t\t\t\n\t\t\t\t\t<div class=\"wc-block-grid__product-image\"><img loading=\"lazy\" decoding=\"async\" width=\"300\" height=\"300\" src=\"https:\/\/toppikpolska.pl\/wp-content\/uploads\/2025\/03\/toppik12_optimizer-300x300.jpg\" class=\"attachment-woocommerce_thumbnail size-woocommerce_thumbnail\" alt=\"Zestaw Toppik 12g + optimizer\" srcset=\"https:\/\/toppikpolska.pl\/wp-content\/uploads\/2025\/03\/toppik12_optimizer-300x300.jpg 300w, https:\/\/toppikpolska.pl\/wp-content\/uploads\/2025\/03\/toppik12_optimizer-100x100.jpg 100w, https:\/\/toppikpolska.pl\/wp-content\/uploads\/2025\/03\/toppik12_optimizer-600x600.jpg 600w, https:\/\/toppikpolska.pl\/wp-content\/uploads\/2025\/03\/toppik12_optimizer.jpg 900w\" sizes=\"auto, (max-width: 300px) 100vw, 300px\" \/><\/div>\n\t\t\t\t\t<div class=\"wc-block-grid__product-title\">Mikrokiust juuste paksendaja 12g + juuksepiiri optimeerija<\/div>\n\t\t\t\t<\/a>\n\t\t\t\t<div class=\"wc-block-grid__product-price price\"><span class=\"woocs_price_code\" data-currency=\"\" data-redraw-id=\"69fddf99373ac\" data-product-id=\"9112\"><span class=\"woocommerce-Price-amount amount\">95.00&nbsp;<span class=\"woocommerce-Price-currencySymbol\">&#122;&#322;<\/span><\/span><\/span><\/div>\n\t\t\t\t\n\t\t\t\t<div class=\"wp-block-button wc-block-grid__product-add-to-cart\"><a href=\"https:\/\/toppikpolska.pl\/et\/produkt\/mikrokiust-juuste-paksendaja-12g-juuksepiiri-optimeerija\/\" aria-label=\"Vali tootele &ldquo;Mikrokiust juuste paksendaja 12g + juuksepiiri optimeerija&rdquo; omadused\" data-quantity=\"1\" data-product_id=\"9112\" data-product_sku=\"\" data-price=\"95\" rel=\"nofollow\" class=\"wp-block-button__link wp-element-button add_to_cart_button\">Vali<\/a><\/div>\n\t\t\t<\/li><li class=\"wc-block-grid__product\">\n\t\t\t\t<a href=\"https:\/\/toppikpolska.pl\/et\/produkt\/mikrokiud-paksendavad-juukseid-275-g-juuksepiiri-optimeerija\/\" class=\"wc-block-grid__product-link\">\n\t\t\t\t\t\n\t\t\t\t\t<div class=\"wc-block-grid__product-image\"><img loading=\"lazy\" decoding=\"async\" width=\"300\" height=\"300\" src=\"https:\/\/toppikpolska.pl\/wp-content\/uploads\/2023\/11\/mikrowlokna-zageszczajace-toppik-275-grzebien-optimizer-300x300.jpg\" class=\"attachment-woocommerce_thumbnail size-woocommerce_thumbnail\" alt=\"Mikrow\u0142\u00f3kna zag\u0119szczaj\u0105ce w\u0142osy 27,5g + Grzebie\u0144 Optimizer\" srcset=\"https:\/\/toppikpolska.pl\/wp-content\/uploads\/2023\/11\/mikrowlokna-zageszczajace-toppik-275-grzebien-optimizer-300x300.jpg 300w, https:\/\/toppikpolska.pl\/wp-content\/uploads\/2023\/11\/mikrowlokna-zageszczajace-toppik-275-grzebien-optimizer-150x150.jpg 150w, https:\/\/toppikpolska.pl\/wp-content\/uploads\/2023\/11\/mikrowlokna-zageszczajace-toppik-275-grzebien-optimizer-768x768.jpg 768w, https:\/\/toppikpolska.pl\/wp-content\/uploads\/2023\/11\/mikrowlokna-zageszczajace-toppik-275-grzebien-optimizer-600x600.jpg 600w, https:\/\/toppikpolska.pl\/wp-content\/uploads\/2023\/11\/mikrowlokna-zageszczajace-toppik-275-grzebien-optimizer-100x100.jpg 100w, https:\/\/toppikpolska.pl\/wp-content\/uploads\/2023\/11\/mikrowlokna-zageszczajace-toppik-275-grzebien-optimizer.jpg 900w\" sizes=\"auto, (max-width: 300px) 100vw, 300px\" \/><\/div>\n\t\t\t\t\t<div class=\"wc-block-grid__product-title\">Mikrokiud paksendavad juukseid 27,5 g + juuksepiiri optimeerija<\/div>\n\t\t\t\t<\/a>\n\t\t\t\t<div class=\"wc-block-grid__product-price price\"><span class=\"woocs_price_code\" data-currency=\"\" data-redraw-id=\"69fddf9937c66\" data-product-id=\"9855\"><span class=\"woocommerce-Price-amount amount\">150.00&nbsp;<span class=\"woocommerce-Price-currencySymbol\">&#122;&#322;<\/span><\/span><\/span><\/div>\n\t\t\t\t\n\t\t\t\t<div class=\"wp-block-button wc-block-grid__product-add-to-cart\"><a href=\"https:\/\/toppikpolska.pl\/et\/produkt\/mikrokiud-paksendavad-juukseid-275-g-juuksepiiri-optimeerija\/\" aria-label=\"Vali tootele &ldquo;Mikrokiud paksendavad juukseid 27,5 g + juuksepiiri optimeerija&rdquo; omadused\" data-quantity=\"1\" data-product_id=\"9855\" data-product_sku=\"\" data-price=\"150\" rel=\"nofollow\" class=\"wp-block-button__link wp-element-button add_to_cart_button\">Vali<\/a><\/div>\n\t\t\t<\/li><li class=\"wc-block-grid__product\">\n\t\t\t\t<a href=\"https:\/\/toppikpolska.pl\/et\/produkt\/mikrokiud-paksendavad-juuksed-275g-aplikaator\/\" class=\"wc-block-grid__product-link\">\n\t\t\t\t\t\n\t\t\t\t\t<div class=\"wc-block-grid__product-image\"><img loading=\"lazy\" decoding=\"async\" width=\"300\" height=\"300\" src=\"https:\/\/toppikpolska.pl\/wp-content\/uploads\/2025\/03\/toppik27_aplikator-300x300.jpg\" class=\"attachment-woocommerce_thumbnail size-woocommerce_thumbnail\" alt=\"Zestaw Toppik 27\" srcset=\"https:\/\/toppikpolska.pl\/wp-content\/uploads\/2025\/03\/toppik27_aplikator-300x300.jpg 300w, https:\/\/toppikpolska.pl\/wp-content\/uploads\/2025\/03\/toppik27_aplikator-100x100.jpg 100w, https:\/\/toppikpolska.pl\/wp-content\/uploads\/2025\/03\/toppik27_aplikator-600x600.jpg 600w, https:\/\/toppikpolska.pl\/wp-content\/uploads\/2025\/03\/toppik27_aplikator.jpg 900w\" sizes=\"auto, (max-width: 300px) 100vw, 300px\" \/><\/div>\n\t\t\t\t\t<div class=\"wc-block-grid__product-title\">Mikrokiud paksendavad juuksed 27,5g + aplikaator<\/div>\n\t\t\t\t<\/a>\n\t\t\t\t<div class=\"wc-block-grid__product-price price\"><span class=\"woocs_price_code\" data-currency=\"\" data-redraw-id=\"69fddf993843b\" data-product-id=\"10008\"><span class=\"woocommerce-Price-amount amount\">195.00&nbsp;<span class=\"woocommerce-Price-currencySymbol\">&#122;&#322;<\/span><\/span><\/span><\/div>\n\t\t\t\t\n\t\t\t\t<div class=\"wp-block-button wc-block-grid__product-add-to-cart\"><a href=\"https:\/\/toppikpolska.pl\/et\/produkt\/mikrokiud-paksendavad-juuksed-275g-aplikaator\/\" aria-label=\"Vali tootele &ldquo;Mikrokiud paksendavad juuksed 27,5g + aplikaator&rdquo; omadused\" data-quantity=\"1\" data-product_id=\"10008\" data-product_sku=\"\" data-price=\"195\" rel=\"nofollow\" class=\"wp-block-button__link wp-element-button add_to_cart_button\">Vali<\/a><\/div>\n\t\t\t<\/li><li class=\"wc-block-grid__product\">\n\t\t\t\t<a href=\"https:\/\/toppikpolska.pl\/et\/produkt\/mikrokiust-juuste-paksendamine-12g-aplikaator\/\" class=\"wc-block-grid__product-link\">\n\t\t\t\t\t\n\t\t\t\t\t<div class=\"wc-block-grid__product-image\"><img loading=\"lazy\" decoding=\"async\" width=\"300\" height=\"300\" src=\"https:\/\/toppikpolska.pl\/wp-content\/uploads\/2025\/05\/toppik12_aplikator-1024x1024-1-300x300.jpg\" class=\"attachment-woocommerce_thumbnail size-woocommerce_thumbnail\" alt=\"Mikrokiust juuste paksendamine 12g + aplikaator\" srcset=\"https:\/\/toppikpolska.pl\/wp-content\/uploads\/2025\/05\/toppik12_aplikator-1024x1024-1-300x300.jpg 300w, https:\/\/toppikpolska.pl\/wp-content\/uploads\/2025\/05\/toppik12_aplikator-1024x1024-1-150x150.jpg 150w, https:\/\/toppikpolska.pl\/wp-content\/uploads\/2025\/05\/toppik12_aplikator-1024x1024-1-768x768.jpg 768w, https:\/\/toppikpolska.pl\/wp-content\/uploads\/2025\/05\/toppik12_aplikator-1024x1024-1-600x600.jpg 600w, https:\/\/toppikpolska.pl\/wp-content\/uploads\/2025\/05\/toppik12_aplikator-1024x1024-1-100x100.jpg 100w, https:\/\/toppikpolska.pl\/wp-content\/uploads\/2025\/05\/toppik12_aplikator-1024x1024-1.jpg 1024w\" sizes=\"auto, (max-width: 300px) 100vw, 300px\" \/><\/div>\n\t\t\t\t\t<div class=\"wc-block-grid__product-title\">Mikrokiust juuste paksendamine 12g + aplikaator<\/div>\n\t\t\t\t<\/a>\n\t\t\t\t<div class=\"wc-block-grid__product-price price\"><span class=\"woocs_price_code\" data-currency=\"\" data-redraw-id=\"69fddf9938c75\" data-product-id=\"10049\"><span class=\"woocommerce-Price-amount amount\">140.00&nbsp;<span class=\"woocommerce-Price-currencySymbol\">&#122;&#322;<\/span><\/span><\/span><\/div>\n\t\t\t\t\n\t\t\t\t<div class=\"wp-block-button wc-block-grid__product-add-to-cart\"><a href=\"https:\/\/toppikpolska.pl\/et\/produkt\/mikrokiust-juuste-paksendamine-12g-aplikaator\/\" aria-label=\"Vali tootele &ldquo;Mikrokiust juuste paksendamine 12g + aplikaator&rdquo; omadused\" data-quantity=\"1\" data-product_id=\"10049\" data-product_sku=\"\" data-price=\"140\" rel=\"nofollow\" class=\"wp-block-button__link wp-element-button add_to_cart_button\">Vali<\/a><\/div>\n\t\t\t<\/li><\/ul><\/div><\/div>\n<\/div>\n","protected":false},"excerpt":{"rendered":"","protected":false},"author":2663,"featured_media":0,"parent":0,"menu_order":0,"comment_status":"closed","ping_status":"closed","template":"","meta":{"footnotes":""},"class_list":["post-9096","page","type-page","status-publish","hentry"],"yoast_head":"<!-- This site is optimized with the Yoast SEO plugin v26.6 - https:\/\/yoast.com\/wordpress\/plugins\/seo\/ -->\n<title>Ostukorv - Juuksekiud, keratiin, paksenemine \u2014 Toppik Eesti<\/title>\n<meta name=\"robots\" content=\"index, follow, max-snippet:-1, max-image-preview:large, max-video-preview:-1\" \/>\n<link rel=\"canonical\" href=\"https:\/\/toppikpolska.pl\/et\/ostukorv\/\" \/>\n<meta property=\"og:locale\" content=\"et_EE\" \/>\n<meta property=\"og:type\" content=\"article\" \/>\n<meta property=\"og:title\" content=\"Ostukorv - Juuksekiud, keratiin, paksenemine \u2014 Toppik Eesti\" \/>\n<meta property=\"og:url\" content=\"https:\/\/toppikpolska.pl\/et\/ostukorv\/\" \/>\n<meta property=\"og:site_name\" content=\"Juuksekiud, keratiin, paksenemine \u2014 Toppik Eesti\" \/>\n<meta property=\"article:modified_time\" content=\"2025-10-07T12:16:05+00:00\" \/>\n<meta name=\"twitter:card\" content=\"summary_large_image\" \/>\n<script type=\"application\/ld+json\" class=\"yoast-schema-graph\">{\"@context\":\"https:\/\/schema.org\",\"@graph\":[{\"@type\":\"WebPage\",\"@id\":\"https:\/\/toppikpolska.pl\/et\/ostukorv\/\",\"url\":\"https:\/\/toppikpolska.pl\/et\/ostukorv\/\",\"name\":\"Ostukorv - Juuksekiud, keratiin, paksenemine \u2014 Toppik Eesti\",\"isPartOf\":{\"@id\":\"https:\/\/toppikpolska.pl\/et\/#website\"},\"datePublished\":\"2025-02-24T12:03:14+00:00\",\"dateModified\":\"2025-10-07T12:16:05+00:00\",\"breadcrumb\":{\"@id\":\"https:\/\/toppikpolska.pl\/et\/ostukorv\/#breadcrumb\"},\"inLanguage\":\"et\",\"potentialAction\":[{\"@type\":\"ReadAction\",\"target\":[\"https:\/\/toppikpolska.pl\/et\/ostukorv\/\"]}]},{\"@type\":\"BreadcrumbList\",\"@id\":\"https:\/\/toppikpolska.pl\/et\/ostukorv\/#breadcrumb\",\"itemListElement\":[{\"@type\":\"ListItem\",\"position\":1,\"name\":\"Avaleht\",\"item\":\"https:\/\/toppikpolska.pl\/et\/\"},{\"@type\":\"ListItem\",\"position\":2,\"name\":\"Ostukorv\"}]},{\"@type\":\"WebSite\",\"@id\":\"https:\/\/toppikpolska.pl\/et\/#website\",\"url\":\"https:\/\/toppikpolska.pl\/et\/\",\"name\":\"Juuksekiud, keratiin, paksenemine \u2014 Toppik Eesti\",\"description\":\"\",\"publisher\":{\"@id\":\"https:\/\/toppikpolska.pl\/et\/#organization\"},\"potentialAction\":[{\"@type\":\"SearchAction\",\"target\":{\"@type\":\"EntryPoint\",\"urlTemplate\":\"https:\/\/toppikpolska.pl\/et\/?s={search_term_string}\"},\"query-input\":{\"@type\":\"PropertyValueSpecification\",\"valueRequired\":true,\"valueName\":\"search_term_string\"}}],\"inLanguage\":\"et\"},{\"@type\":\"Organization\",\"@id\":\"https:\/\/toppikpolska.pl\/et\/#organization\",\"name\":\"Juuksekiud, keratiin, paksenemine \u2014 Toppik Eesti\",\"url\":\"https:\/\/toppikpolska.pl\/et\/\",\"logo\":{\"@type\":\"ImageObject\",\"inLanguage\":\"et\",\"@id\":\"https:\/\/toppikpolska.pl\/et\/#\/schema\/logo\/image\/\",\"url\":\"https:\/\/toppikpolska.pl\/wp-content\/uploads\/2023\/09\/logo.png\",\"contentUrl\":\"https:\/\/toppikpolska.pl\/wp-content\/uploads\/2023\/09\/logo.png\",\"width\":105,\"height\":57,\"caption\":\"Juuksekiud, keratiin, paksenemine \u2014 Toppik Eesti\"},\"image\":{\"@id\":\"https:\/\/toppikpolska.pl\/et\/#\/schema\/logo\/image\/\"}}]}<\/script>\n<!-- \/ Yoast SEO plugin. -->","yoast_head_json":{"title":"Ostukorv - Juuksekiud, keratiin, paksenemine \u2014 Toppik Eesti","robots":{"index":"index","follow":"follow","max-snippet":"max-snippet:-1","max-image-preview":"max-image-preview:large","max-video-preview":"max-video-preview:-1"},"canonical":"https:\/\/toppikpolska.pl\/et\/ostukorv\/","og_locale":"et_EE","og_type":"article","og_title":"Ostukorv - Juuksekiud, keratiin, paksenemine \u2014 Toppik Eesti","og_url":"https:\/\/toppikpolska.pl\/et\/ostukorv\/","og_site_name":"Juuksekiud, keratiin, paksenemine \u2014 Toppik Eesti","article_modified_time":"2025-10-07T12:16:05+00:00","twitter_card":"summary_large_image","schema":{"@context":"https:\/\/schema.org","@graph":[{"@type":"WebPage","@id":"https:\/\/toppikpolska.pl\/et\/ostukorv\/","url":"https:\/\/toppikpolska.pl\/et\/ostukorv\/","name":"Ostukorv - Juuksekiud, keratiin, paksenemine \u2014 Toppik Eesti","isPartOf":{"@id":"https:\/\/toppikpolska.pl\/et\/#website"},"datePublished":"2025-02-24T12:03:14+00:00","dateModified":"2025-10-07T12:16:05+00:00","breadcrumb":{"@id":"https:\/\/toppikpolska.pl\/et\/ostukorv\/#breadcrumb"},"inLanguage":"et","potentialAction":[{"@type":"ReadAction","target":["https:\/\/toppikpolska.pl\/et\/ostukorv\/"]}]},{"@type":"BreadcrumbList","@id":"https:\/\/toppikpolska.pl\/et\/ostukorv\/#breadcrumb","itemListElement":[{"@type":"ListItem","position":1,"name":"Avaleht","item":"https:\/\/toppikpolska.pl\/et\/"},{"@type":"ListItem","position":2,"name":"Ostukorv"}]},{"@type":"WebSite","@id":"https:\/\/toppikpolska.pl\/et\/#website","url":"https:\/\/toppikpolska.pl\/et\/","name":"Juuksekiud, keratiin, paksenemine \u2014 Toppik Eesti","description":"","publisher":{"@id":"https:\/\/toppikpolska.pl\/et\/#organization"},"potentialAction":[{"@type":"SearchAction","target":{"@type":"EntryPoint","urlTemplate":"https:\/\/toppikpolska.pl\/et\/?s={search_term_string}"},"query-input":{"@type":"PropertyValueSpecification","valueRequired":true,"valueName":"search_term_string"}}],"inLanguage":"et"},{"@type":"Organization","@id":"https:\/\/toppikpolska.pl\/et\/#organization","name":"Juuksekiud, keratiin, paksenemine \u2014 Toppik Eesti","url":"https:\/\/toppikpolska.pl\/et\/","logo":{"@type":"ImageObject","inLanguage":"et","@id":"https:\/\/toppikpolska.pl\/et\/#\/schema\/logo\/image\/","url":"https:\/\/toppikpolska.pl\/wp-content\/uploads\/2023\/09\/logo.png","contentUrl":"https:\/\/toppikpolska.pl\/wp-content\/uploads\/2023\/09\/logo.png","width":105,"height":57,"caption":"Juuksekiud, keratiin, paksenemine \u2014 Toppik Eesti"},"image":{"@id":"https:\/\/toppikpolska.pl\/et\/#\/schema\/logo\/image\/"}}]}},"_links":{"self":[{"href":"https:\/\/toppikpolska.pl\/et\/wp-json\/wp\/v2\/pages\/9096","targetHints":{"allow":["GET"]}}],"collection":[{"href":"https:\/\/toppikpolska.pl\/et\/wp-json\/wp\/v2\/pages"}],"about":[{"href":"https:\/\/toppikpolska.pl\/et\/wp-json\/wp\/v2\/types\/page"}],"author":[{"embeddable":true,"href":"https:\/\/toppikpolska.pl\/et\/wp-json\/wp\/v2\/users\/2663"}],"replies":[{"embeddable":true,"href":"https:\/\/toppikpolska.pl\/et\/wp-json\/wp\/v2\/comments?post=9096"}],"version-history":[{"count":0,"href":"https:\/\/toppikpolska.pl\/et\/wp-json\/wp\/v2\/pages\/9096\/revisions"}],"wp:attachment":[{"href":"https:\/\/toppikpolska.pl\/et\/wp-json\/wp\/v2\/media?parent=9096"}],"curies":[{"name":"wp","href":"https:\/\/api.w.org\/{rel}","templated":true}]}}