{"id":9107,"date":"2025-05-30T18:24:58","date_gmt":"2025-05-30T16:24:58","guid":{"rendered":"https:\/\/toppikpolska.pl\/kaebused\/"},"modified":"2025-11-28T13:38:22","modified_gmt":"2025-11-28T12:38:22","slug":"kaebused","status":"publish","type":"page","link":"https:\/\/toppikpolska.pl\/et\/kaebused\/","title":{"rendered":"Kaebused"},"content":{"rendered":"\n<p> <\/p>\n<div class=\"\">\n<h1>Kuidas esitada kaebust Toppik Polska veebipoes<\/h1>\n<p> <\/p>\n<p>Veebipoes pretensiooni esitades on Teil \u00f5igus kaup v\u00e4lja vahetada, parandada kauba puuduse v\u00f5i lepingutingimustele mittevastavuse korral. Allpool leiate \u00fcksikasjaliku juhendi kaebuse edukaks esitamiseks. <\/p>\n<p> <\/p>\n<h2>Kaebuste esitamise protsess<\/h2>\n<div class=\"steps\">\n<div class=\"step\">\n<h3><img decoding=\"async\" src=\"https:\/\/toppikpolska.pl\/wp-content\/uploads\/2025\/04\/kontakt.png\" alt=\"V\u00f5tke \u00fchendust klienditoega\" width=\"25\"\/>  1. samm: v\u00f5tke \u00fchendust kaebuste osakonnaga<\/h3>\n<p>K\u00f5igepealt v\u00f5tke \u00fchendust klienditeenindusega. Anname teile hea meelega kogu vajaliku teabe. <\/p>\n<p>Seda saab teha j\u00e4rgmiselt:<\/p>\n<ul>\n<li>E-post: <a style=\"text-decoration: none;\" href=\"mailto:reklamacje@rokoko.com.pl\"> <strong>reklamacje@rokoko.com.pl<\/strong><\/a><\/li>\n<li>Telefoni teel: <a style=\"text-decoration: none;\" href=\"tel:228719419\"><strong>22 871 94 19<\/strong><\/a>. Telefon on saadaval esmasp\u00e4evast reedeni kell 8.00-16.00 <\/li>\n<li>Kirjaga m\u00fc\u00fcja aadressile: Hair Partners Sp.z.o.o., 38 Szaser\u00f3w Street, 04-306 Varssavi <\/li>\n<\/ul>\n<\/div>\n<p><\/p>\n<div class=\"step\">\n<h3><img decoding=\"async\" src=\"https:\/\/toppikpolska.pl\/wp-content\/uploads\/2025\/04\/wypelnij-formularz.png\" alt=\"Kaebuse vorm\" width=\"24\"\/>  2. samm: t\u00e4itke n\u00f5udevorm<\/h3>\n<p>T\u00e4itke see p\u00f5hjalikult, t\u00e4psustades:<\/p>\n<ul>\n<li>Vajalikud kontaktandmed, st ees- ja perekonnanimi, ettev\u00f5te, maksukohustuslasena registreerimise number, kirjavahetuse aadress <\/li>\n<li>Lepingu s\u00f5lmimise kuup\u00e4ev ja tellimuse number<\/li>\n<li>\u00dcksikasjad kauba puuduse kohta<\/li>\n<\/ul>\n<p><strong>V\u00f5ite kasutada valmis <a style=\"text-decoration: none;\" href=\"https:\/\/toppikpolska.pl\/wp-content\/uploads\/2025\/11\/Kaebuse-vorm.pdf\" rel=\"noopener\">VORMI.<\/a><\/strong><\/p>\n<\/div>\n<div class=\"step\">\n<h3><img decoding=\"async\" src=\"https:\/\/toppikpolska.pl\/wp-content\/uploads\/2025\/04\/przeslij-towar.png\" alt=\"Tagasi\" width=\"25\"\/>  3. samm: laadige kaup \u00fcles<\/h3>\n<p>Saatke saadetis koos reklaamitud kaubaga. Veenduge, et kinnitate selle korralikult ja toimetage see n\u00e4idatud aadressile. \u00c4rge unustage saadetise kinnitust alles hoida.  <\/p>\n<ul>\n<li>Hair Partners Sp.z.o.o.<br\/>Kaebuste osakond<br\/>Szaser\u00f3wi t\u00e4nav 38<br\/>04-306 Varssavi <\/li>\n<\/ul>\n<\/div>\n<p><\/p>\n<div class=\"step\">\n<h3><img decoding=\"async\" src=\"https:\/\/toppikpolska.pl\/wp-content\/uploads\/2025\/04\/decyzja.png\" alt=\"Kaebuste menetlemine\" width=\"25\"\/>  4. samm: oodake otsust<\/h3>\n<p>Vastame teie kaebusele hiljemalt 14 p\u00e4eva jooksul alates selle k\u00e4ttesaamise kuup\u00e4evast.<\/p>\n<\/div>\n<\/div>\n<p> <\/p>\n<h2>Mida teha, kui kaebus l\u00fckatakse tagasi?<\/h2>\n<p>Kui l\u00fckkame teie kaebuse tagasi, on teil \u00f5igus meie n\u00f5usolekul edasi kaevata.<\/p>\n<div class=\"contact\">\n<p><strong>Kui teil on kahtlusi, v\u00f5tke \u00fchendust meie kaebuste osakonnaga!<\/strong><\/p>\n<\/div>\n<\/div>\n\n<p><\/p>\n","protected":false},"excerpt":{"rendered":"<p>Kuidas esitada kaebust Toppik Polska veebipoes Veebipoes pretensiooni esitades on Teil \u00f5igus kaup v\u00e4lja vahetada, parandada kauba puuduse v\u00f5i lepingutingimustele mittevastavuse korral. Allpool leiate \u00fcksikasjaliku juhendi kaebuse edukaks esitamiseks. Kaebuste esitamise protsess 1. samm: v\u00f5tke \u00fchendust kaebuste osakonnaga K\u00f5igepealt v\u00f5tke \u00fchendust klienditeenindusega. Anname teile hea meelega kogu vajaliku teabe. Seda saab teha j\u00e4rgmiselt: E-post: reklamacje@rokoko.com.pl [&hellip;]<\/p>\n","protected":false},"author":1,"featured_media":0,"parent":0,"menu_order":0,"comment_status":"closed","ping_status":"closed","template":"","meta":{"footnotes":""},"class_list":["post-9107","page","type-page","status-publish","hentry"],"yoast_head":"<!-- This site is optimized with the Yoast SEO plugin v26.6 - https:\/\/yoast.com\/wordpress\/plugins\/seo\/ -->\n<title>Kaebused - Juuksekiud, keratiin, paksenemine \u2014 Toppik Eesti<\/title>\n<meta name=\"description\" content=\"Kaebuste osakond | Kuidas \u00f5igesti teatada kaebusest Toppiku poest ostetud toote kohta? | Kaebuse vorm\" \/>\n<meta name=\"robots\" content=\"index, follow, max-snippet:-1, max-image-preview:large, max-video-preview:-1\" \/>\n<link rel=\"canonical\" href=\"https:\/\/toppikpolska.pl\/et\/kaebused\/\" \/>\n<meta property=\"og:locale\" content=\"et_EE\" \/>\n<meta property=\"og:type\" content=\"article\" \/>\n<meta property=\"og:title\" content=\"Kaebused - Juuksekiud, keratiin, paksenemine \u2014 Toppik Eesti\" \/>\n<meta property=\"og:description\" content=\"Kaebuste osakond | Kuidas \u00f5igesti teatada kaebusest Toppiku poest ostetud toote kohta? | Kaebuse vorm\" \/>\n<meta property=\"og:url\" content=\"https:\/\/toppikpolska.pl\/et\/kaebused\/\" \/>\n<meta property=\"og:site_name\" content=\"Juuksekiud, keratiin, paksenemine \u2014 Toppik Eesti\" \/>\n<meta property=\"article:modified_time\" content=\"2025-11-28T12:38:22+00:00\" \/>\n<meta property=\"og:image\" content=\"https:\/\/toppikpolska.pl\/wp-content\/uploads\/2025\/04\/kontakt.png\" \/>\n<meta name=\"twitter:card\" content=\"summary_large_image\" \/>\n<meta name=\"twitter:label1\" content=\"Est. reading time\" \/>\n\t<meta name=\"twitter:data1\" content=\"1 minut\" \/>\n<script type=\"application\/ld+json\" class=\"yoast-schema-graph\">{\"@context\":\"https:\/\/schema.org\",\"@graph\":[{\"@type\":\"WebPage\",\"@id\":\"https:\/\/toppikpolska.pl\/et\/kaebused\/\",\"url\":\"https:\/\/toppikpolska.pl\/et\/kaebused\/\",\"name\":\"Kaebused - Juuksekiud, keratiin, paksenemine \u2014 Toppik Eesti\",\"isPartOf\":{\"@id\":\"https:\/\/toppikpolska.pl\/et\/#website\"},\"primaryImageOfPage\":{\"@id\":\"https:\/\/toppikpolska.pl\/et\/kaebused\/#primaryimage\"},\"image\":{\"@id\":\"https:\/\/toppikpolska.pl\/et\/kaebused\/#primaryimage\"},\"thumbnailUrl\":\"https:\/\/toppikpolska.pl\/wp-content\/uploads\/2025\/04\/kontakt.png\",\"datePublished\":\"2025-05-30T16:24:58+00:00\",\"dateModified\":\"2025-11-28T12:38:22+00:00\",\"description\":\"Kaebuste osakond | Kuidas \u00f5igesti teatada kaebusest Toppiku poest ostetud toote kohta? | Kaebuse vorm\",\"breadcrumb\":{\"@id\":\"https:\/\/toppikpolska.pl\/et\/kaebused\/#breadcrumb\"},\"inLanguage\":\"et\",\"potentialAction\":[{\"@type\":\"ReadAction\",\"target\":[\"https:\/\/toppikpolska.pl\/et\/kaebused\/\"]}]},{\"@type\":\"ImageObject\",\"inLanguage\":\"et\",\"@id\":\"https:\/\/toppikpolska.pl\/et\/kaebused\/#primaryimage\",\"url\":\"https:\/\/toppikpolska.pl\/wp-content\/uploads\/2025\/04\/kontakt.png\",\"contentUrl\":\"https:\/\/toppikpolska.pl\/wp-content\/uploads\/2025\/04\/kontakt.png\"},{\"@type\":\"BreadcrumbList\",\"@id\":\"https:\/\/toppikpolska.pl\/et\/kaebused\/#breadcrumb\",\"itemListElement\":[{\"@type\":\"ListItem\",\"position\":1,\"name\":\"Avaleht\",\"item\":\"https:\/\/toppikpolska.pl\/et\/\"},{\"@type\":\"ListItem\",\"position\":2,\"name\":\"Kaebused\"}]},{\"@type\":\"WebSite\",\"@id\":\"https:\/\/toppikpolska.pl\/et\/#website\",\"url\":\"https:\/\/toppikpolska.pl\/et\/\",\"name\":\"Juuksekiud, keratiin, paksenemine \u2014 Toppik Eesti\",\"description\":\"\",\"publisher\":{\"@id\":\"https:\/\/toppikpolska.pl\/et\/#organization\"},\"potentialAction\":[{\"@type\":\"SearchAction\",\"target\":{\"@type\":\"EntryPoint\",\"urlTemplate\":\"https:\/\/toppikpolska.pl\/et\/?s={search_term_string}\"},\"query-input\":{\"@type\":\"PropertyValueSpecification\",\"valueRequired\":true,\"valueName\":\"search_term_string\"}}],\"inLanguage\":\"et\"},{\"@type\":\"Organization\",\"@id\":\"https:\/\/toppikpolska.pl\/et\/#organization\",\"name\":\"Juuksekiud, keratiin, paksenemine \u2014 Toppik Eesti\",\"url\":\"https:\/\/toppikpolska.pl\/et\/\",\"logo\":{\"@type\":\"ImageObject\",\"inLanguage\":\"et\",\"@id\":\"https:\/\/toppikpolska.pl\/et\/#\/schema\/logo\/image\/\",\"url\":\"https:\/\/toppikpolska.pl\/wp-content\/uploads\/2023\/09\/logo.png\",\"contentUrl\":\"https:\/\/toppikpolska.pl\/wp-content\/uploads\/2023\/09\/logo.png\",\"width\":105,\"height\":57,\"caption\":\"Juuksekiud, keratiin, paksenemine \u2014 Toppik Eesti\"},\"image\":{\"@id\":\"https:\/\/toppikpolska.pl\/et\/#\/schema\/logo\/image\/\"}}]}<\/script>\n<!-- \/ Yoast SEO plugin. -->","yoast_head_json":{"title":"Kaebused - Juuksekiud, keratiin, paksenemine \u2014 Toppik Eesti","description":"Kaebuste osakond | Kuidas \u00f5igesti teatada kaebusest Toppiku poest ostetud toote kohta? | Kaebuse vorm","robots":{"index":"index","follow":"follow","max-snippet":"max-snippet:-1","max-image-preview":"max-image-preview:large","max-video-preview":"max-video-preview:-1"},"canonical":"https:\/\/toppikpolska.pl\/et\/kaebused\/","og_locale":"et_EE","og_type":"article","og_title":"Kaebused - Juuksekiud, keratiin, paksenemine \u2014 Toppik Eesti","og_description":"Kaebuste osakond | Kuidas \u00f5igesti teatada kaebusest Toppiku poest ostetud toote kohta? | Kaebuse vorm","og_url":"https:\/\/toppikpolska.pl\/et\/kaebused\/","og_site_name":"Juuksekiud, keratiin, paksenemine \u2014 Toppik Eesti","article_modified_time":"2025-11-28T12:38:22+00:00","og_image":[{"url":"https:\/\/toppikpolska.pl\/wp-content\/uploads\/2025\/04\/kontakt.png","type":"","width":"","height":""}],"twitter_card":"summary_large_image","twitter_misc":{"Est. reading time":"1 minut"},"schema":{"@context":"https:\/\/schema.org","@graph":[{"@type":"WebPage","@id":"https:\/\/toppikpolska.pl\/et\/kaebused\/","url":"https:\/\/toppikpolska.pl\/et\/kaebused\/","name":"Kaebused - Juuksekiud, keratiin, paksenemine \u2014 Toppik Eesti","isPartOf":{"@id":"https:\/\/toppikpolska.pl\/et\/#website"},"primaryImageOfPage":{"@id":"https:\/\/toppikpolska.pl\/et\/kaebused\/#primaryimage"},"image":{"@id":"https:\/\/toppikpolska.pl\/et\/kaebused\/#primaryimage"},"thumbnailUrl":"https:\/\/toppikpolska.pl\/wp-content\/uploads\/2025\/04\/kontakt.png","datePublished":"2025-05-30T16:24:58+00:00","dateModified":"2025-11-28T12:38:22+00:00","description":"Kaebuste osakond | Kuidas \u00f5igesti teatada kaebusest Toppiku poest ostetud toote kohta? | Kaebuse vorm","breadcrumb":{"@id":"https:\/\/toppikpolska.pl\/et\/kaebused\/#breadcrumb"},"inLanguage":"et","potentialAction":[{"@type":"ReadAction","target":["https:\/\/toppikpolska.pl\/et\/kaebused\/"]}]},{"@type":"ImageObject","inLanguage":"et","@id":"https:\/\/toppikpolska.pl\/et\/kaebused\/#primaryimage","url":"https:\/\/toppikpolska.pl\/wp-content\/uploads\/2025\/04\/kontakt.png","contentUrl":"https:\/\/toppikpolska.pl\/wp-content\/uploads\/2025\/04\/kontakt.png"},{"@type":"BreadcrumbList","@id":"https:\/\/toppikpolska.pl\/et\/kaebused\/#breadcrumb","itemListElement":[{"@type":"ListItem","position":1,"name":"Avaleht","item":"https:\/\/toppikpolska.pl\/et\/"},{"@type":"ListItem","position":2,"name":"Kaebused"}]},{"@type":"WebSite","@id":"https:\/\/toppikpolska.pl\/et\/#website","url":"https:\/\/toppikpolska.pl\/et\/","name":"Juuksekiud, keratiin, paksenemine \u2014 Toppik Eesti","description":"","publisher":{"@id":"https:\/\/toppikpolska.pl\/et\/#organization"},"potentialAction":[{"@type":"SearchAction","target":{"@type":"EntryPoint","urlTemplate":"https:\/\/toppikpolska.pl\/et\/?s={search_term_string}"},"query-input":{"@type":"PropertyValueSpecification","valueRequired":true,"valueName":"search_term_string"}}],"inLanguage":"et"},{"@type":"Organization","@id":"https:\/\/toppikpolska.pl\/et\/#organization","name":"Juuksekiud, keratiin, paksenemine \u2014 Toppik Eesti","url":"https:\/\/toppikpolska.pl\/et\/","logo":{"@type":"ImageObject","inLanguage":"et","@id":"https:\/\/toppikpolska.pl\/et\/#\/schema\/logo\/image\/","url":"https:\/\/toppikpolska.pl\/wp-content\/uploads\/2023\/09\/logo.png","contentUrl":"https:\/\/toppikpolska.pl\/wp-content\/uploads\/2023\/09\/logo.png","width":105,"height":57,"caption":"Juuksekiud, keratiin, paksenemine \u2014 Toppik Eesti"},"image":{"@id":"https:\/\/toppikpolska.pl\/et\/#\/schema\/logo\/image\/"}}]}},"_links":{"self":[{"href":"https:\/\/toppikpolska.pl\/et\/wp-json\/wp\/v2\/pages\/9107","targetHints":{"allow":["GET"]}}],"collection":[{"href":"https:\/\/toppikpolska.pl\/et\/wp-json\/wp\/v2\/pages"}],"about":[{"href":"https:\/\/toppikpolska.pl\/et\/wp-json\/wp\/v2\/types\/page"}],"author":[{"embeddable":true,"href":"https:\/\/toppikpolska.pl\/et\/wp-json\/wp\/v2\/users\/1"}],"replies":[{"embeddable":true,"href":"https:\/\/toppikpolska.pl\/et\/wp-json\/wp\/v2\/comments?post=9107"}],"version-history":[{"count":6,"href":"https:\/\/toppikpolska.pl\/et\/wp-json\/wp\/v2\/pages\/9107\/revisions"}],"predecessor-version":[{"id":10621,"href":"https:\/\/toppikpolska.pl\/et\/wp-json\/wp\/v2\/pages\/9107\/revisions\/10621"}],"wp:attachment":[{"href":"https:\/\/toppikpolska.pl\/et\/wp-json\/wp\/v2\/media?parent=9107"}],"curies":[{"name":"wp","href":"https:\/\/api.w.org\/{rel}","templated":true}]}}