{"id":9350,"date":"2023-09-19T12:31:33","date_gmt":"2023-09-19T10:31:33","guid":{"rendered":"https:\/\/toppikpolska.pl\/meie-kohta\/"},"modified":"2025-12-18T09:59:24","modified_gmt":"2025-12-18T08:59:24","slug":"meie-kohta","status":"publish","type":"page","link":"https:\/\/toppikpolska.pl\/et\/meie-kohta\/","title":{"rendered":"Meie kohta"},"content":{"rendered":"\n<h2 class=\"wp-block-heading has-text-align-center has-ti-accent-color has-text-color\">TOPPIK POOLA<\/h2>\n\n<p>ToppikPolska.pl on Toppik Inc. ametlik Poola edasim\u00fc\u00fcja ja veebipood.<\/p>\n\n<p>Pea juukseid t\u00e4is on meie missioon. Tahame anda poolakatele toote, mis muudab nende v\u00e4limust. Toppik on tunnistatud h\u00f5renevate juuste kosmeetikatoodete seas liidriks. Seda soovitavad juuste v\u00e4ljalangemisega tegelevad arstid, siirdamiskirurgid, meditsiinikeskused, dermatoloogid, kuid k\u00f5ige t\u00e4htsam on see, et meie kliendid armastaksid seda. Toppik pakub laias valikus juuksehooldustooteid ja -lahendusi, mis v\u00f5imaldavad \u00f5hukeste ja h\u00f5renevate juustega koheselt toime tulla.    <\/p>\n\n<div class=\"wp-block-columns is-layout-flex wp-container-core-columns-is-layout-28f84493 wp-block-columns-is-layout-flex\">\n<div class=\"wp-block-column is-layout-flow wp-block-column-is-layout-flow\">\n<figure class=\"wp-block-image size-full\"><img loading=\"lazy\" decoding=\"async\" width=\"1920\" height=\"660\" src=\"https:\/\/toppikpolska.pl\/wp-content\/uploads\/2025\/02\/wlokna-keratynowe-zageszczajace-o-nas.webp\" alt=\"\" class=\"wp-image-5920\" srcset=\"https:\/\/toppikpolska.pl\/wp-content\/uploads\/2025\/02\/wlokna-keratynowe-zageszczajace-o-nas.webp 1920w, https:\/\/toppikpolska.pl\/wp-content\/uploads\/2025\/02\/wlokna-keratynowe-zageszczajace-o-nas-600x206.webp 600w, https:\/\/toppikpolska.pl\/wp-content\/uploads\/2025\/02\/wlokna-keratynowe-zageszczajace-o-nas-300x103.webp 300w, https:\/\/toppikpolska.pl\/wp-content\/uploads\/2025\/02\/wlokna-keratynowe-zageszczajace-o-nas-1024x352.webp 1024w, https:\/\/toppikpolska.pl\/wp-content\/uploads\/2025\/02\/wlokna-keratynowe-zageszczajace-o-nas-768x264.webp 768w, https:\/\/toppikpolska.pl\/wp-content\/uploads\/2025\/02\/wlokna-keratynowe-zageszczajace-o-nas-1536x528.webp 1536w\" sizes=\"auto, (max-width: 1920px) 100vw, 1920px\" \/><\/figure>\n<\/div>\n<\/div>\n\n<h3 class=\"wp-block-heading\">Muudame Poolas ostlemise lihtsaks:<\/h3>\n\n<ul class=\"wp-block-list\">\n<li>Turvaline ostmine \u2013 tollimaksud puuduvad<\/li>\n\n\n\n<li>(k\u00f5ik tooted pakitakse ja saadetakse meie Poola laost)<\/li>\n\n\n\n<li>Poola hinnad (ilma valuuta konverteerimiseta)<\/li>\n\n\n\n<li>Kiire kohaletoimetamine<\/li>\n\n\n\n<li>Tasuta kohaletoimetamine tellimustele \u00fcle 100z\u0142<\/li>\n\n\n\n<li>Lihtne tagastamisprotseduur<\/li>\n\n\n\n<li>Suurep\u00e4rane klienditeenindus<\/li>\n<\/ul>\n\n<p>Rohkem kui 30 aastat tagasi otsustas Toppik Inc. asutaja, et \u00f5hukeste ja h\u00f5renevate juuste v\u00e4limuse koheseks parandamiseks pole kiiret ja lihtsat lahendust. Sellest ajast alates on Toppik Inc. v\u00e4lja t\u00f6\u00f6tanud laia valiku kosmeetikat, et eemaldada juuste v\u00e4ljalangemise ja h\u00f5renemisega seotud negatiivsed m\u00f5jud.   <\/p>\n\n<p><br\/>\u00dcks selline toode on auhinnatud juuste struktuuri keratiinkiud, mida kasutab edukalt juba \u00fcle 3 miljoni naise ja mehe \u00fcle maailma.<\/p>\n\n<h4 class=\"wp-block-heading has-text-align-center has-ti-accent-color has-text-color\"><strong>Garanteeritud toote originaalsus.<\/strong><\/h4>\n\n<div class=\"wp-block-columns is-layout-flex wp-container-core-columns-is-layout-28f84493 wp-block-columns-is-layout-flex\"><\/div>\n\n<p>Juuste ehitamiseks m\u00f5eldud toppikukiud annavad paksudele juustele kohese efekti. Staatiliselt laetud keratiinikiud kleepuvad juustele, t\u00e4ites \u00f5\u00f5nsused ja andes soengule t\u00e4iesti loomuliku v\u00e4limuse. <\/p>\n\n<p><br\/>T\u00e4isv\u00e4rviskaala v\u00f5imaldab sobitada kiudude v\u00e4rvi praktiliselt iga juuksetooniga. Toppik on vastupidav tuulele, vihmale v\u00f5i higile, kuid seda saab pead pestes \u0161ampooniga kergesti eemaldada. Seda saavad kasutada nii naised kui mehed v\u00f5rdselt rahuldava toimega, k\u00f5rvaldades h\u00f5renemise ja parandades oluliselt nende v\u00e4limust.  <\/p>\n\n<hr class=\"wp-block-separator has-alpha-channel-opacity\"\/>\n\n<div class=\"wp-block-columns is-layout-flex wp-container-core-columns-is-layout-28f84493 wp-block-columns-is-layout-flex\">\n<div class=\"wp-block-column is-layout-flow wp-block-column-is-layout-flow\">\n<h3 class=\"wp-block-heading has-ti-accent-color has-text-color\">EDASIM\u00dc\u00dcJA<\/h3>\n\n\n\n<h5 class=\"wp-block-heading\">Rokoko Hair Company \/ Juuksepartnerid<\/h5>\n\n\n\n<h5 class=\"wp-block-heading\">Szaser\u00f3w 38, 04-306 Varssavi<br\/>Poola <\/h5>\n\n\n\n<h5 class=\"wp-block-heading\">Telefon: + 48 22 648 14 00<\/h5>\n\n\n\n<h5 class=\"wp-block-heading\">E-posti aadress: toppik@toppikpolska.pl<\/h5>\n<\/div>\n\n\n\n<div class=\"wp-block-column is-layout-flow wp-block-column-is-layout-flow\">\n<figure class=\"wp-block-image size-full is-style-default\"><img loading=\"lazy\" decoding=\"async\" width=\"504\" height=\"504\" src=\"https:\/\/toppikpolska.pl\/wp-content\/uploads\/2025\/12\/toppik-good-hair-day.webp\" alt=\"Toppik \u2013 head juuksep\u00e4eva!\" title=\"Toppik \u2013 head juuksep\u00e4eva!\" class=\"wp-image-10754\" style=\"border-radius:50px;\" srcset=\"https:\/\/toppikpolska.pl\/wp-content\/uploads\/2025\/12\/toppik-good-hair-day.webp 504w, https:\/\/toppikpolska.pl\/wp-content\/uploads\/2025\/12\/toppik-good-hair-day-300x300.webp 300w, https:\/\/toppikpolska.pl\/wp-content\/uploads\/2025\/12\/toppik-good-hair-day-150x150.webp 150w, https:\/\/toppikpolska.pl\/wp-content\/uploads\/2025\/12\/toppik-good-hair-day-100x100.webp 100w\" sizes=\"auto, (max-width: 504px) 100vw, 504px\" \/><\/figure>\n<\/div>\n<\/div>\n\n<p><\/p>\n","protected":false},"excerpt":{"rendered":"<p>TOPPIK POOLA ToppikPolska.pl on Toppik Inc. ametlik Poola edasim\u00fc\u00fcja ja veebipood. Pea juukseid t\u00e4is on meie missioon. Tahame anda poolakatele toote, mis muudab nende v\u00e4limust. Toppik on tunnistatud h\u00f5renevate juuste kosmeetikatoodete seas liidriks. Seda soovitavad juuste v\u00e4ljalangemisega tegelevad arstid, siirdamiskirurgid, meditsiinikeskused, dermatoloogid, kuid k\u00f5ige t\u00e4htsam on see, et meie kliendid armastaksid seda. Toppik pakub laias [&hellip;]<\/p>\n","protected":false},"author":1,"featured_media":0,"parent":0,"menu_order":0,"comment_status":"closed","ping_status":"closed","template":"","meta":{"footnotes":""},"class_list":["post-9350","page","type-page","status-publish","hentry"],"yoast_head":"<!-- This site is optimized with the Yoast SEO plugin v26.6 - https:\/\/yoast.com\/wordpress\/plugins\/seo\/ -->\n<title>Meist - Toppik Polska: Keratiinkiud paksendavad juukseid<\/title>\n<meta name=\"description\" content=\"Saage tuttavaks Toppik Polskaga - juuste paksendamise eksperdiga. Uurige, kuidas meie tooted aitavad teil saada t\u00e4idlased ja paksud juuksed!\" \/>\n<meta name=\"robots\" content=\"index, follow, max-snippet:-1, max-image-preview:large, max-video-preview:-1\" \/>\n<link rel=\"canonical\" href=\"https:\/\/toppikpolska.pl\/et\/meie-kohta\/\" \/>\n<meta property=\"og:locale\" content=\"et_EE\" \/>\n<meta property=\"og:type\" content=\"article\" \/>\n<meta property=\"og:title\" content=\"Meist - Toppik Polska: Keratiinkiud paksendavad juukseid\" \/>\n<meta property=\"og:description\" content=\"Saage tuttavaks Toppik Polskaga - juuste paksendamise eksperdiga. Uurige, kuidas meie tooted aitavad teil saada t\u00e4idlased ja paksud juuksed!\" \/>\n<meta property=\"og:url\" content=\"https:\/\/toppikpolska.pl\/et\/meie-kohta\/\" \/>\n<meta property=\"og:site_name\" content=\"Juuksekiud, keratiin, paksenemine \u2014 Toppik Eesti\" \/>\n<meta property=\"article:modified_time\" content=\"2025-12-18T08:59:24+00:00\" \/>\n<meta property=\"og:image\" content=\"https:\/\/toppikpolska.pl\/wp-content\/uploads\/2025\/02\/wlokna-keratynowe-zageszczajace-o-nas.webp\" \/>\n\t<meta property=\"og:image:width\" content=\"1920\" \/>\n\t<meta property=\"og:image:height\" content=\"660\" \/>\n\t<meta property=\"og:image:type\" content=\"image\/webp\" \/>\n<meta name=\"twitter:card\" content=\"summary_large_image\" \/>\n<meta name=\"twitter:label1\" content=\"Est. reading time\" \/>\n\t<meta name=\"twitter:data1\" content=\"1 minut\" \/>\n<script type=\"application\/ld+json\" class=\"yoast-schema-graph\">{\"@context\":\"https:\/\/schema.org\",\"@graph\":[{\"@type\":\"WebPage\",\"@id\":\"https:\/\/toppikpolska.pl\/et\/meie-kohta\/\",\"url\":\"https:\/\/toppikpolska.pl\/et\/meie-kohta\/\",\"name\":\"Meist - Toppik Polska: Keratiinkiud paksendavad juukseid\",\"isPartOf\":{\"@id\":\"https:\/\/toppikpolska.pl\/et\/#website\"},\"primaryImageOfPage\":{\"@id\":\"https:\/\/toppikpolska.pl\/et\/meie-kohta\/#primaryimage\"},\"image\":{\"@id\":\"https:\/\/toppikpolska.pl\/et\/meie-kohta\/#primaryimage\"},\"thumbnailUrl\":\"https:\/\/toppikpolska.pl\/wp-content\/uploads\/2025\/02\/wlokna-keratynowe-zageszczajace-o-nas.webp\",\"datePublished\":\"2023-09-19T10:31:33+00:00\",\"dateModified\":\"2025-12-18T08:59:24+00:00\",\"description\":\"Saage tuttavaks Toppik Polskaga - juuste paksendamise eksperdiga. Uurige, kuidas meie tooted aitavad teil saada t\u00e4idlased ja paksud juuksed!\",\"breadcrumb\":{\"@id\":\"https:\/\/toppikpolska.pl\/et\/meie-kohta\/#breadcrumb\"},\"inLanguage\":\"et\",\"potentialAction\":[{\"@type\":\"ReadAction\",\"target\":[\"https:\/\/toppikpolska.pl\/et\/meie-kohta\/\"]}]},{\"@type\":\"ImageObject\",\"inLanguage\":\"et\",\"@id\":\"https:\/\/toppikpolska.pl\/et\/meie-kohta\/#primaryimage\",\"url\":\"https:\/\/toppikpolska.pl\/wp-content\/uploads\/2025\/02\/wlokna-keratynowe-zageszczajace-o-nas.webp\",\"contentUrl\":\"https:\/\/toppikpolska.pl\/wp-content\/uploads\/2025\/02\/wlokna-keratynowe-zageszczajace-o-nas.webp\"},{\"@type\":\"BreadcrumbList\",\"@id\":\"https:\/\/toppikpolska.pl\/et\/meie-kohta\/#breadcrumb\",\"itemListElement\":[{\"@type\":\"ListItem\",\"position\":1,\"name\":\"Avaleht\",\"item\":\"https:\/\/toppikpolska.pl\/et\/\"},{\"@type\":\"ListItem\",\"position\":2,\"name\":\"Meie kohta\"}]},{\"@type\":\"WebSite\",\"@id\":\"https:\/\/toppikpolska.pl\/et\/#website\",\"url\":\"https:\/\/toppikpolska.pl\/et\/\",\"name\":\"Juuksekiud, keratiin, paksenemine \u2014 Toppik Eesti\",\"description\":\"\",\"publisher\":{\"@id\":\"https:\/\/toppikpolska.pl\/et\/#organization\"},\"potentialAction\":[{\"@type\":\"SearchAction\",\"target\":{\"@type\":\"EntryPoint\",\"urlTemplate\":\"https:\/\/toppikpolska.pl\/et\/?s={search_term_string}\"},\"query-input\":{\"@type\":\"PropertyValueSpecification\",\"valueRequired\":true,\"valueName\":\"search_term_string\"}}],\"inLanguage\":\"et\"},{\"@type\":\"Organization\",\"@id\":\"https:\/\/toppikpolska.pl\/et\/#organization\",\"name\":\"Juuksekiud, keratiin, paksenemine \u2014 Toppik Eesti\",\"url\":\"https:\/\/toppikpolska.pl\/et\/\",\"logo\":{\"@type\":\"ImageObject\",\"inLanguage\":\"et\",\"@id\":\"https:\/\/toppikpolska.pl\/et\/#\/schema\/logo\/image\/\",\"url\":\"https:\/\/toppikpolska.pl\/wp-content\/uploads\/2023\/09\/logo.png\",\"contentUrl\":\"https:\/\/toppikpolska.pl\/wp-content\/uploads\/2023\/09\/logo.png\",\"width\":105,\"height\":57,\"caption\":\"Juuksekiud, keratiin, paksenemine \u2014 Toppik Eesti\"},\"image\":{\"@id\":\"https:\/\/toppikpolska.pl\/et\/#\/schema\/logo\/image\/\"}}]}<\/script>\n<!-- \/ Yoast SEO plugin. -->","yoast_head_json":{"title":"Meist - Toppik Polska: Keratiinkiud paksendavad juukseid","description":"Saage tuttavaks Toppik Polskaga - juuste paksendamise eksperdiga. Uurige, kuidas meie tooted aitavad teil saada t\u00e4idlased ja paksud juuksed!","robots":{"index":"index","follow":"follow","max-snippet":"max-snippet:-1","max-image-preview":"max-image-preview:large","max-video-preview":"max-video-preview:-1"},"canonical":"https:\/\/toppikpolska.pl\/et\/meie-kohta\/","og_locale":"et_EE","og_type":"article","og_title":"Meist - Toppik Polska: Keratiinkiud paksendavad juukseid","og_description":"Saage tuttavaks Toppik Polskaga - juuste paksendamise eksperdiga. Uurige, kuidas meie tooted aitavad teil saada t\u00e4idlased ja paksud juuksed!","og_url":"https:\/\/toppikpolska.pl\/et\/meie-kohta\/","og_site_name":"Juuksekiud, keratiin, paksenemine \u2014 Toppik Eesti","article_modified_time":"2025-12-18T08:59:24+00:00","og_image":[{"width":1920,"height":660,"url":"https:\/\/toppikpolska.pl\/wp-content\/uploads\/2025\/02\/wlokna-keratynowe-zageszczajace-o-nas.webp","type":"image\/webp"}],"twitter_card":"summary_large_image","twitter_misc":{"Est. reading time":"1 minut"},"schema":{"@context":"https:\/\/schema.org","@graph":[{"@type":"WebPage","@id":"https:\/\/toppikpolska.pl\/et\/meie-kohta\/","url":"https:\/\/toppikpolska.pl\/et\/meie-kohta\/","name":"Meist - Toppik Polska: Keratiinkiud paksendavad juukseid","isPartOf":{"@id":"https:\/\/toppikpolska.pl\/et\/#website"},"primaryImageOfPage":{"@id":"https:\/\/toppikpolska.pl\/et\/meie-kohta\/#primaryimage"},"image":{"@id":"https:\/\/toppikpolska.pl\/et\/meie-kohta\/#primaryimage"},"thumbnailUrl":"https:\/\/toppikpolska.pl\/wp-content\/uploads\/2025\/02\/wlokna-keratynowe-zageszczajace-o-nas.webp","datePublished":"2023-09-19T10:31:33+00:00","dateModified":"2025-12-18T08:59:24+00:00","description":"Saage tuttavaks Toppik Polskaga - juuste paksendamise eksperdiga. Uurige, kuidas meie tooted aitavad teil saada t\u00e4idlased ja paksud juuksed!","breadcrumb":{"@id":"https:\/\/toppikpolska.pl\/et\/meie-kohta\/#breadcrumb"},"inLanguage":"et","potentialAction":[{"@type":"ReadAction","target":["https:\/\/toppikpolska.pl\/et\/meie-kohta\/"]}]},{"@type":"ImageObject","inLanguage":"et","@id":"https:\/\/toppikpolska.pl\/et\/meie-kohta\/#primaryimage","url":"https:\/\/toppikpolska.pl\/wp-content\/uploads\/2025\/02\/wlokna-keratynowe-zageszczajace-o-nas.webp","contentUrl":"https:\/\/toppikpolska.pl\/wp-content\/uploads\/2025\/02\/wlokna-keratynowe-zageszczajace-o-nas.webp"},{"@type":"BreadcrumbList","@id":"https:\/\/toppikpolska.pl\/et\/meie-kohta\/#breadcrumb","itemListElement":[{"@type":"ListItem","position":1,"name":"Avaleht","item":"https:\/\/toppikpolska.pl\/et\/"},{"@type":"ListItem","position":2,"name":"Meie kohta"}]},{"@type":"WebSite","@id":"https:\/\/toppikpolska.pl\/et\/#website","url":"https:\/\/toppikpolska.pl\/et\/","name":"Juuksekiud, keratiin, paksenemine \u2014 Toppik Eesti","description":"","publisher":{"@id":"https:\/\/toppikpolska.pl\/et\/#organization"},"potentialAction":[{"@type":"SearchAction","target":{"@type":"EntryPoint","urlTemplate":"https:\/\/toppikpolska.pl\/et\/?s={search_term_string}"},"query-input":{"@type":"PropertyValueSpecification","valueRequired":true,"valueName":"search_term_string"}}],"inLanguage":"et"},{"@type":"Organization","@id":"https:\/\/toppikpolska.pl\/et\/#organization","name":"Juuksekiud, keratiin, paksenemine \u2014 Toppik Eesti","url":"https:\/\/toppikpolska.pl\/et\/","logo":{"@type":"ImageObject","inLanguage":"et","@id":"https:\/\/toppikpolska.pl\/et\/#\/schema\/logo\/image\/","url":"https:\/\/toppikpolska.pl\/wp-content\/uploads\/2023\/09\/logo.png","contentUrl":"https:\/\/toppikpolska.pl\/wp-content\/uploads\/2023\/09\/logo.png","width":105,"height":57,"caption":"Juuksekiud, keratiin, paksenemine \u2014 Toppik Eesti"},"image":{"@id":"https:\/\/toppikpolska.pl\/et\/#\/schema\/logo\/image\/"}}]}},"_links":{"self":[{"href":"https:\/\/toppikpolska.pl\/et\/wp-json\/wp\/v2\/pages\/9350","targetHints":{"allow":["GET"]}}],"collection":[{"href":"https:\/\/toppikpolska.pl\/et\/wp-json\/wp\/v2\/pages"}],"about":[{"href":"https:\/\/toppikpolska.pl\/et\/wp-json\/wp\/v2\/types\/page"}],"author":[{"embeddable":true,"href":"https:\/\/toppikpolska.pl\/et\/wp-json\/wp\/v2\/users\/1"}],"replies":[{"embeddable":true,"href":"https:\/\/toppikpolska.pl\/et\/wp-json\/wp\/v2\/comments?post=9350"}],"version-history":[{"count":7,"href":"https:\/\/toppikpolska.pl\/et\/wp-json\/wp\/v2\/pages\/9350\/revisions"}],"predecessor-version":[{"id":10840,"href":"https:\/\/toppikpolska.pl\/et\/wp-json\/wp\/v2\/pages\/9350\/revisions\/10840"}],"wp:attachment":[{"href":"https:\/\/toppikpolska.pl\/et\/wp-json\/wp\/v2\/media?parent=9350"}],"curies":[{"name":"wp","href":"https:\/\/api.w.org\/{rel}","templated":true}]}}