{"id":9867,"date":"2023-09-18T11:22:58","date_gmt":"2023-09-18T09:22:58","guid":{"rendered":"https:\/\/toppikpolska.pl\/privaatsus\/"},"modified":"2025-11-03T11:49:01","modified_gmt":"2025-11-03T10:49:01","slug":"privaatsus","status":"publish","type":"page","link":"https:\/\/toppikpolska.pl\/et\/privaatsus\/","title":{"rendered":"Privaatsus"},"content":{"rendered":"\n<p>Sisukord:<\/p>\n\n<ol style=\"list-style-type:upper-roman\" class=\"wp-block-list\">\n<li>\u00dcldine<\/li>\n\n\n\n<li>Isikuandmete haldaja<\/li>\n\n\n\n<li>Kontakt<\/li>\n\n\n\n<li>Isikuandmete t\u00f6\u00f6tlemise p\u00f5him\u00f5tted<\/li>\n\n\n\n<li>Isikuandmete t\u00f6\u00f6tlemise eesm\u00e4rgid ja \u00f5iguslikud alused<\/li>\n\n\n\n<li>Isikuandmete s\u00e4ilitamise t\u00e4htaeg<\/li>\n\n\n\n<li>Isikuandmete kategooriad<\/li>\n\n\n\n<li>Andmete jagamine<\/li>\n\n\n\n<li>Kliendi \u00f5igused<\/li>\n<\/ol>\n\n<ol style=\"list-style-type:upper-roman\" class=\"wp-block-list\">\n<li>\u00dcLDINE\n<ol class=\"wp-block-list\">\n<li>K\u00e4esolev privaatsuspoliitika s\u00e4testab https:\/\/toppikpolska.pl\/ veebipoodi (edaspidi &#8220;veebipood&#8221;) kasutavate klientide isikuandmete t\u00f6\u00f6tlemise ja kaitse reeglid.<\/li>\n\n\n\n<li>K\u00e4esolev privaatsuspoliitika kujutab endast Haldaja teavitamiskohustuse t\u00e4itmist vastavalt Euroopa Parlamendi ja n\u00f5ukogu 27. aprilli 2016. aasta m\u00e4\u00e4ruse (EL) 2016\/679 f\u00fc\u00fcsiliste isikute kaitse kohta isikuandmete t\u00f6\u00f6tlemisel ja selliste andmete vaba liikumise ning direktiivi 95\/46\/E\u00dc kehtetuks tunnistamise kohta (isikuandmete kaitse \u00fcldm\u00e4\u00e4rus) (edaspidi &#8220;GDPR&#8221;) artiklile 13.  <\/li>\n<\/ol>\n<\/li>\n\n\n\n<li>ISIKUANDMETE HALDAJA<br\/>Veebipoe klientide isikuandmete haldaja on Hair Partners sp. z o.o., NIP 1132932095, Regon 366665150, KRS: 0000666096, registrij\u00e4rgne asukoht Varssavi 04-306 aadressil 38 Szaser\u00f3w Street, tel. +48226481400, +48228719410, e-posti aadress: zam@rokoko.com.pl. (edaspidi &#8220;haldur&#8221;).      <\/li>\n\n\n\n<li>KONTAKT<br\/>Administraatoriga saab \u00fchendust v\u00f5tta e-posti teel: zam@rokoko.com.pl v\u00f5i kirjalikult aadressil: Hair Partners sp. z o.o., Szaser\u00f3w 38, 04-306 Varssavi.    <\/li>\n\n\n\n<li>ISIKUANDMETE T\u00d6\u00d6TLEMISE REEGLID\n<ol class=\"wp-block-list\">\n<li>Haldaja t\u00f6\u00f6tleb Klientide isikuandmeid vastavalt GDPR-is s\u00e4testatule.<\/li>\n\n\n\n<li>Haldaja rakendab tehnilisi ja korralduslikke meetmeid, mis on n\u00f5utavad ELi \u00f5iguse s\u00e4tetega, et tagada t\u00f6\u00f6deldud isikuandmete kaitse ja isikuandmete kaitse nende avaldamise eest volitamata isikutele, volitamata isikute poolt \u00fclev\u00f5tmise, eeskirju rikkuva t\u00f6\u00f6tlemise ning muutmise, kaotsimineku v\u00f5i h\u00e4vitamise eest.<\/li>\n\n\n\n<li>Haldaja kinnitab, et E-poes n\u00f5uetekohaselt m\u00e4rgitud andmete esitamine on vabatahtlik, kuid vajalik funktsionaalsuse kasutamiseks, sealhulgas Kliendi konto loomiseks ja haldamiseks ning tellimuse esitamiseks ja t\u00e4itmiseks.<\/li>\n<\/ol>\n<\/li>\n\n\n\n<li>ISIKUANDMETE T\u00d6\u00d6TLEMISE EESM\u00c4RGID JA \u00d5IGUSLIKUD ALUSED<br>Klientide isikuandmeid t\u00f6\u00f6deldakse j\u00e4rgmistel eesm\u00e4rkidel:\n<ol style=\"list-style-type:lower-alpha\" class=\"wp-block-list\">\n<li>Kliendi konto haldamine E-poes ja muude elektrooniliselt osutatavate teenuste osutamine Tingimuste alusel (isikuandmete kaitse \u00fcldm\u00e4\u00e4ruse artikli 6 l\u00f5ike 1 punkt b),<\/li>\n\n\n\n<li>tellimuste t\u00e4itmine veebipoes (isikuandmete kaitse \u00fcldm\u00e4\u00e4ruse artikli 6 l\u00f5ike 1 punktid b ja c),<\/li>\n\n\n\n<li>uudiskirja teenuse osutamine (isikuandmete kaitse \u00fcldm\u00e4\u00e4ruse artikli 6 l\u00f5ike 1 punkt a);<\/li>\n\n\n\n<li>oma teenuste ja toodete otseturundus (isikuandmete kaitse \u00fcldm\u00e4\u00e4ruse artikli 6 l\u00f5ike 1 punktid a ja f);<\/li>\n\n\n\n<li>kontaktivormi kaudu saadetud e-kirjale, telefonile v\u00f5i s\u00f5numile vastamine, mis kujutab endast haldaja \u00f5igustatud huvi (isikuandmete kaitse \u00fcldm\u00e4\u00e4ruse artikli 6 l\u00f5ike 1 punkt f),<\/li>\n\n\n\n<li>anal\u00fc\u00fctiline uuring, mis seisneb eelk\u00f5ige meie veebisaidi liikluse uurimises ja anal\u00fc\u00fcsimises statistika pidamise eesm\u00e4rgil, mis on haldaja \u00f5igustatud huvi (isikuandmete kaitse \u00fcldm\u00e4\u00e4ruse artikli 6 l\u00f5ike 1 punkt f).<\/li>\n<\/ol>\n<\/li>\n\n\n\n<li>ISIKUANDMETE S\u00c4ILITAMISE PERIOOD\n<ol class=\"wp-block-list\">\n<li>Kliendiandmeid s\u00e4ilitatakse j\u00e4rgmise aja jooksul:\n<ol style=\"list-style-type:lower-alpha\" class=\"wp-block-list\">\n<li>andmed teenuste osutamise kohta tingimuste alusel \u2013 konkreetse teenuse osutamise ajaks, v\u00e4lja arvatud juhul, kui andmete edasine s\u00e4ilitamine on p\u00f5hjendatud n\u00f5uete aegumist\u00e4htajaga v\u00f5i tuleneb \u00fcldkohaldatavatest \u00f5igusnormidest v\u00f5i on p\u00f5hjendatud Haldaja \u00fclekaaluka huviga, mis tuleneb \u00f5igustatud huvide j\u00e4rgimisest,<\/li>\n\n\n\n<li>tellimuste t\u00e4itmisega seotud andmed &#8211; 5 aasta jooksul alates m\u00fc\u00fcgi aasta l\u00f5pust, v\u00e4lja arvatud juhul, kui andmete edasine s\u00e4ilitamine on \u00f5igustatud n\u00f5uete aegumist\u00e4htajaga v\u00f5i tuleneb \u00fcldkohaldatavatest \u00f5igusnormidest v\u00f5i on \u00f5igustatud haldaja \u00fclekaaluka huviga, mis tuleneb \u00f5iguslikult p\u00f5hjendatud huvide teostamisest,<\/li>\n\n\n\n<li>uudiskirja teenuse osutamine \u2013 kuni uudiskirjast loobumise hetkeni, v\u00e4lja arvatud juhul, kui andmete edasine s\u00e4ilitamine on \u00f5igustatud n\u00f5uete aegumist\u00e4htajaga v\u00f5i tuleneb \u00fcldkohaldatavatest \u00f5igusnormidest v\u00f5i on \u00f5igustatud Haldaja \u00fclekaaluka huviga, mis tuleneb \u00f5igustatud huvide j\u00e4rgimisest,<\/li>\n\n\n\n<li>turundustegevuse elluviimisega seotud andmed \u2013 n\u00f5usoleku alusel kuni selle tagasiv\u00f5tmiseni teostatud turundustegevuse puhul ja \u00f5igustatud huvi eeldusel teostatud turundustegevuse puhul kuni vastuv\u00e4ite esitamiseni, v\u00e4lja arvatud juhul, kui andmete edasine s\u00e4ilitamine (m\u00f5lemal juhul) on \u00f5igustatud n\u00f5uete aegumist\u00e4htajaga v\u00f5i tuleneb \u00fcldkohaldatavatest \u00f5igusnormidest v\u00f5i on p\u00f5hjendatud \u00fclekaaluka huviga Haldur, kes tuleneb \u00f5igustatud huvide j\u00e4rgimisest,<\/li>\n\n\n\n<li>andmed, mis on seotud e-kirjale, telefonikontaktile v\u00f5i kontaktivormi kaudu saadetud s\u00f5numile vastamisega \u2013 kuni kirjavahetuse toimumiseni, v\u00e4lja arvatud juhul, kui andmete edasine s\u00e4ilitamine on p\u00f5hjendatud n\u00f5uete aegumist\u00e4htajaga v\u00f5i tuleneb \u00fcldkohaldatavatest \u00f5igusnormidest v\u00f5i on \u00f5igustatud Haldaja \u00fclekaaluka huviga, mis tuleneb \u00f5igustatud \u00f5igustatud huvide j\u00e4rgimisest,<\/li>\n\n\n\n<li>statistika pidamine \u2013 kuni vastuv\u00e4ite esitamiseni, kuid mitte kauem kui 5 aastat alates Kliendi viimasest tegevusest veebilehel, v\u00e4lja arvatud juhul, kui andmete edasine s\u00e4ilitamine on p\u00f5hjendatud n\u00f5uete aegumist\u00e4htajaga v\u00f5i tuleneb \u00fcldkohaldatavatest \u00f5igusnormidest v\u00f5i on \u00f5igustatud Haldaja \u00fclekaaluka huviga, mis tuleneb \u00f5igustatud huvide j\u00e4rgimisest.<\/li>\n<\/ol>\n<\/li>\n<\/ol>\n<\/li>\n\n\n\n<li>ISIKUANDMETE KATEGOORIAD\n<ol class=\"wp-block-list\">\n<li>Haldaja kogub, t\u00f6\u00f6tleb ja s\u00e4ilitab Klientide kohta j\u00e4rgmisi andmeid:\n<ol style=\"list-style-type:lower-alpha\" class=\"wp-block-list\">\n<li>seoses teenuste osutamisega elektrooniliste vahendite abil selle eesm\u00e4rgi saavutamiseks vajalikud andmed, sealhulgas eelk\u00f5ige kliendi konto ulatuses: ees- ja perekonnanimi, e-posti aadress ja muud kliendi konto osana sisestatud andmed,<\/li>\n\n\n\n<li>seoses tellimuse vormistamisega: e-posti aadress, ees- ja perekonnanimi, aadress, telefoninumber, ettev\u00f5tjate puhul ka ettev\u00f5te ja riiklik sihtasutus,<\/li>\n\n\n\n<li>seoses e-posti, telefoni v\u00f5i kontaktivormi kaudu suhtlemisega: e-posti aadress, ees- ja perekonnanimi ning telefoninumber,<\/li>\n\n\n\n<li>Seoses uudiskirja teenuse osutamisega: e-posti aadress.<\/li>\n<\/ol>\n<\/li>\n\n\n\n<li>Muus osas t\u00f6\u00f6tleb haldaja ainult neid andmeid, mis on vajalikud konkreetse eesm\u00e4rgi saavutamiseks.<\/li>\n\n\n\n<li>Veebipoe kasutamisel kogub ja kogub administraator automaatselt teavet, n\u00e4iteks: IP-aadress, p\u00e4ringu URL, seadme identifikaator, \u00fcksikutel lehtedel veedetud aeg, brauseri t\u00fc\u00fcp, brauseri keel, veebisaidi kasutamise kuup\u00e4ev ja kellaaeg, ekraani eraldusv\u00f5ime, operatsioonis\u00fcsteemi t\u00fc\u00fcp ja versioon ning muu selline teave.<\/li>\n<\/ol>\n<\/li>\n\n\n\n<li>ANDMETE JAGAMINE\n<ol class=\"wp-block-list\">\n<li>Klientide isikuandmeid v\u00f5idakse edastada \u00fcksustele, kellele Haldaja usaldab isikuandmeid t\u00f6\u00f6tlemiseks lepingute alusel, ja \u00fcksustele, kes on seaduses s\u00e4testatud alusel volitatud isikuandmeid hankima.<\/li>\n\n\n\n<li>Veebipoe kaudu s\u00f5lmitud lepingu t\u00e4itmiseks ja poe n\u00f5uetekohase toimimise tagamiseks teeb Haldaja Klientide isikuandmed k\u00e4ttesaadavaks eelk\u00f5ige \u00fcksustele, kes osutavad j\u00e4rgmisi teenuseid:\n<ol style=\"list-style-type:lower-alpha\" class=\"wp-block-list\">\n<li>posti-, ekspedeerimis- ja kullerteenused ning tellimuste k\u00e4sitlemine,<\/li>\n\n\n\n<li>elektroonilised maksed,<\/li>\n\n\n\n<li>Raamatupidamine<\/li>\n\n\n\n<li>Hosting<\/li>\n\n\n\n<li>IT ning tarkvara ja t\u00f6\u00f6riistade tarnimise valdkonnas, mida kasutatakse eelk\u00f5ige anal\u00fc\u00fctiliste uuringute l\u00e4biviimiseks, statistika loomiseks, meie veebisaidi liikluse j\u00e4lgimiseks, turunduse automatiseerimiseks, CRM-s\u00fcsteemideks,<\/li>\n\n\n\n<li>turundus veebipoe teenuse valdkonnas.<\/li>\n<\/ol>\n<\/li>\n\n\n\n<li>Haldajale teenuseid osutavad \u00fcksused v\u00f5ivad s\u00e4ilitada klientide andmeid v\u00e4ljaspool Euroopa Majanduspiirkonda. Sellistes olukordades edastatakse kasutajate andmeid ainult riikidesse, mis pakuvad piisavat kaitsetaset, ja riikidesse, mis ei paku piisavat kaitsetaset, ainult siis, kui on ette n\u00e4htud asjakohased kaitsemeetmed, sealhulgas m.in Euroopa Komisjoni poolt vastu v\u00f5etud lepingu t\u00fc\u00fcptingimuste alusel.  <\/li>\n<\/ol>\n<\/li>\n\n\n\n<li>KLIENDI \u00d5IGUSED\n<ol class=\"wp-block-list\">\n<li>Kliendil on \u00f5igus tutvuda oma andmetega ning n\u00f5uda nende parandamist, kustutamist v\u00f5i t\u00f6\u00f6tlemise piiramist. Kuiv\u00f5rd isikuandmete t\u00f6\u00f6tlemise aluseks on haldaja \u00f5igustatud huvi eeldus, on Kliendil \u00f5igus esitada vastuv\u00e4iteid oma isikuandmete t\u00f6\u00f6tlemisele. <\/li>\n\n\n\n<li>Kuiv\u00f5rd Kliendi isikuandmete t\u00f6\u00f6tlemise aluseks on n\u00f5usolek, on Kliendil \u00f5igus n\u00f5usolek tagasi v\u00f5tta. N\u00f5usoleku tagasiv\u00f5tmine ei m\u00f5juta enne n\u00f5usoleku tagasiv\u00f5tmist n\u00f5usoleku alusel toimunud t\u00f6\u00f6tlemise seaduslikkust. <\/li>\n\n\n\n<li>Kuiv\u00f5rd Kliendi andmeid t\u00f6\u00f6deldakse Lepingu s\u00f5lmimise ja t\u00e4itmise eesm\u00e4rgil v\u00f5i t\u00f6\u00f6deldakse n\u00f5usoleku alusel, on Kliendil ka \u00f5igus edastada isikuandmeid ehk saada Haldajalt isikuandmeid struktureeritud, \u00fcldkasutatavas ja masinloetavas vormingus. Klient v\u00f5ib need andmed edastada teisele vastutavale t\u00f6\u00f6tlejale.  <\/li>\n\n\n\n<li>Samuti on Kliendil \u00f5igus esitada kaebus isikuandmete kaitsega tegelevale j\u00e4relevalveasutusele.<\/li>\n<\/ol>\n<\/li>\n<\/ol>\n","protected":false},"excerpt":{"rendered":"<p>Sisukord:<\/p>\n","protected":false},"author":1,"featured_media":0,"parent":0,"menu_order":0,"comment_status":"closed","ping_status":"closed","template":"","meta":{"footnotes":""},"class_list":["post-9867","page","type-page","status-publish","hentry"],"yoast_head":"<!-- This site is optimized with the Yoast SEO plugin v26.6 - https:\/\/yoast.com\/wordpress\/plugins\/seo\/ -->\n<title>Privaatsuspoliitika, K\u00fcpsiste poliitika (EL) - Toppik Poola<\/title>\n<meta name=\"description\" content=\"Privaatsuspoliitika - Toppik Polska. Palun lugege meie privaatsuspoliitikat ja k\u00fcpsiste poliitikat vastavalt EL-i n\u00f5uetele.\" \/>\n<meta name=\"robots\" content=\"index, follow, max-snippet:-1, max-image-preview:large, max-video-preview:-1\" \/>\n<link rel=\"canonical\" href=\"https:\/\/toppikpolska.pl\/et\/privaatsus\/\" \/>\n<meta property=\"og:locale\" content=\"et_EE\" \/>\n<meta property=\"og:type\" content=\"article\" \/>\n<meta property=\"og:title\" content=\"Privaatsuspoliitika, K\u00fcpsiste poliitika (EL) - Toppik Poola\" \/>\n<meta property=\"og:description\" content=\"Privaatsuspoliitika - Toppik Polska. Palun lugege meie privaatsuspoliitikat ja k\u00fcpsiste poliitikat vastavalt EL-i n\u00f5uetele.\" \/>\n<meta property=\"og:url\" content=\"https:\/\/toppikpolska.pl\/et\/privaatsus\/\" \/>\n<meta property=\"og:site_name\" content=\"Juuksekiud, keratiin, paksenemine \u2014 Toppik Eesti\" \/>\n<meta property=\"article:modified_time\" content=\"2025-11-03T10:49:01+00:00\" \/>\n<meta name=\"twitter:card\" content=\"summary_large_image\" \/>\n<meta name=\"twitter:label1\" content=\"Est. reading time\" \/>\n\t<meta name=\"twitter:data1\" content=\"6 minutit\" \/>\n<script type=\"application\/ld+json\" class=\"yoast-schema-graph\">{\"@context\":\"https:\/\/schema.org\",\"@graph\":[{\"@type\":\"WebPage\",\"@id\":\"https:\/\/toppikpolska.pl\/et\/privaatsus\/\",\"url\":\"https:\/\/toppikpolska.pl\/et\/privaatsus\/\",\"name\":\"Privaatsuspoliitika, K\u00fcpsiste poliitika (EL) - Toppik Poola\",\"isPartOf\":{\"@id\":\"https:\/\/toppikpolska.pl\/et\/#website\"},\"datePublished\":\"2023-09-18T09:22:58+00:00\",\"dateModified\":\"2025-11-03T10:49:01+00:00\",\"description\":\"Privaatsuspoliitika - Toppik Polska. Palun lugege meie privaatsuspoliitikat ja k\u00fcpsiste poliitikat vastavalt EL-i n\u00f5uetele.\",\"breadcrumb\":{\"@id\":\"https:\/\/toppikpolska.pl\/et\/privaatsus\/#breadcrumb\"},\"inLanguage\":\"et\",\"potentialAction\":[{\"@type\":\"ReadAction\",\"target\":[\"https:\/\/toppikpolska.pl\/et\/privaatsus\/\"]}]},{\"@type\":\"BreadcrumbList\",\"@id\":\"https:\/\/toppikpolska.pl\/et\/privaatsus\/#breadcrumb\",\"itemListElement\":[{\"@type\":\"ListItem\",\"position\":1,\"name\":\"Avaleht\",\"item\":\"https:\/\/toppikpolska.pl\/et\/\"},{\"@type\":\"ListItem\",\"position\":2,\"name\":\"Privaatsus\"}]},{\"@type\":\"WebSite\",\"@id\":\"https:\/\/toppikpolska.pl\/et\/#website\",\"url\":\"https:\/\/toppikpolska.pl\/et\/\",\"name\":\"Juuksekiud, keratiin, paksenemine \u2014 Toppik Eesti\",\"description\":\"\",\"publisher\":{\"@id\":\"https:\/\/toppikpolska.pl\/et\/#organization\"},\"potentialAction\":[{\"@type\":\"SearchAction\",\"target\":{\"@type\":\"EntryPoint\",\"urlTemplate\":\"https:\/\/toppikpolska.pl\/et\/?s={search_term_string}\"},\"query-input\":{\"@type\":\"PropertyValueSpecification\",\"valueRequired\":true,\"valueName\":\"search_term_string\"}}],\"inLanguage\":\"et\"},{\"@type\":\"Organization\",\"@id\":\"https:\/\/toppikpolska.pl\/et\/#organization\",\"name\":\"Juuksekiud, keratiin, paksenemine \u2014 Toppik Eesti\",\"url\":\"https:\/\/toppikpolska.pl\/et\/\",\"logo\":{\"@type\":\"ImageObject\",\"inLanguage\":\"et\",\"@id\":\"https:\/\/toppikpolska.pl\/et\/#\/schema\/logo\/image\/\",\"url\":\"https:\/\/toppikpolska.pl\/wp-content\/uploads\/2023\/09\/logo.png\",\"contentUrl\":\"https:\/\/toppikpolska.pl\/wp-content\/uploads\/2023\/09\/logo.png\",\"width\":105,\"height\":57,\"caption\":\"Juuksekiud, keratiin, paksenemine \u2014 Toppik Eesti\"},\"image\":{\"@id\":\"https:\/\/toppikpolska.pl\/et\/#\/schema\/logo\/image\/\"}}]}<\/script>\n<!-- \/ Yoast SEO plugin. -->","yoast_head_json":{"title":"Privaatsuspoliitika, K\u00fcpsiste poliitika (EL) - Toppik Poola","description":"Privaatsuspoliitika - Toppik Polska. Palun lugege meie privaatsuspoliitikat ja k\u00fcpsiste poliitikat vastavalt EL-i n\u00f5uetele.","robots":{"index":"index","follow":"follow","max-snippet":"max-snippet:-1","max-image-preview":"max-image-preview:large","max-video-preview":"max-video-preview:-1"},"canonical":"https:\/\/toppikpolska.pl\/et\/privaatsus\/","og_locale":"et_EE","og_type":"article","og_title":"Privaatsuspoliitika, K\u00fcpsiste poliitika (EL) - Toppik Poola","og_description":"Privaatsuspoliitika - Toppik Polska. Palun lugege meie privaatsuspoliitikat ja k\u00fcpsiste poliitikat vastavalt EL-i n\u00f5uetele.","og_url":"https:\/\/toppikpolska.pl\/et\/privaatsus\/","og_site_name":"Juuksekiud, keratiin, paksenemine \u2014 Toppik Eesti","article_modified_time":"2025-11-03T10:49:01+00:00","twitter_card":"summary_large_image","twitter_misc":{"Est. reading time":"6 minutit"},"schema":{"@context":"https:\/\/schema.org","@graph":[{"@type":"WebPage","@id":"https:\/\/toppikpolska.pl\/et\/privaatsus\/","url":"https:\/\/toppikpolska.pl\/et\/privaatsus\/","name":"Privaatsuspoliitika, K\u00fcpsiste poliitika (EL) - Toppik Poola","isPartOf":{"@id":"https:\/\/toppikpolska.pl\/et\/#website"},"datePublished":"2023-09-18T09:22:58+00:00","dateModified":"2025-11-03T10:49:01+00:00","description":"Privaatsuspoliitika - Toppik Polska. Palun lugege meie privaatsuspoliitikat ja k\u00fcpsiste poliitikat vastavalt EL-i n\u00f5uetele.","breadcrumb":{"@id":"https:\/\/toppikpolska.pl\/et\/privaatsus\/#breadcrumb"},"inLanguage":"et","potentialAction":[{"@type":"ReadAction","target":["https:\/\/toppikpolska.pl\/et\/privaatsus\/"]}]},{"@type":"BreadcrumbList","@id":"https:\/\/toppikpolska.pl\/et\/privaatsus\/#breadcrumb","itemListElement":[{"@type":"ListItem","position":1,"name":"Avaleht","item":"https:\/\/toppikpolska.pl\/et\/"},{"@type":"ListItem","position":2,"name":"Privaatsus"}]},{"@type":"WebSite","@id":"https:\/\/toppikpolska.pl\/et\/#website","url":"https:\/\/toppikpolska.pl\/et\/","name":"Juuksekiud, keratiin, paksenemine \u2014 Toppik Eesti","description":"","publisher":{"@id":"https:\/\/toppikpolska.pl\/et\/#organization"},"potentialAction":[{"@type":"SearchAction","target":{"@type":"EntryPoint","urlTemplate":"https:\/\/toppikpolska.pl\/et\/?s={search_term_string}"},"query-input":{"@type":"PropertyValueSpecification","valueRequired":true,"valueName":"search_term_string"}}],"inLanguage":"et"},{"@type":"Organization","@id":"https:\/\/toppikpolska.pl\/et\/#organization","name":"Juuksekiud, keratiin, paksenemine \u2014 Toppik Eesti","url":"https:\/\/toppikpolska.pl\/et\/","logo":{"@type":"ImageObject","inLanguage":"et","@id":"https:\/\/toppikpolska.pl\/et\/#\/schema\/logo\/image\/","url":"https:\/\/toppikpolska.pl\/wp-content\/uploads\/2023\/09\/logo.png","contentUrl":"https:\/\/toppikpolska.pl\/wp-content\/uploads\/2023\/09\/logo.png","width":105,"height":57,"caption":"Juuksekiud, keratiin, paksenemine \u2014 Toppik Eesti"},"image":{"@id":"https:\/\/toppikpolska.pl\/et\/#\/schema\/logo\/image\/"}}]}},"_links":{"self":[{"href":"https:\/\/toppikpolska.pl\/et\/wp-json\/wp\/v2\/pages\/9867","targetHints":{"allow":["GET"]}}],"collection":[{"href":"https:\/\/toppikpolska.pl\/et\/wp-json\/wp\/v2\/pages"}],"about":[{"href":"https:\/\/toppikpolska.pl\/et\/wp-json\/wp\/v2\/types\/page"}],"author":[{"embeddable":true,"href":"https:\/\/toppikpolska.pl\/et\/wp-json\/wp\/v2\/users\/1"}],"replies":[{"embeddable":true,"href":"https:\/\/toppikpolska.pl\/et\/wp-json\/wp\/v2\/comments?post=9867"}],"version-history":[{"count":2,"href":"https:\/\/toppikpolska.pl\/et\/wp-json\/wp\/v2\/pages\/9867\/revisions"}],"predecessor-version":[{"id":9869,"href":"https:\/\/toppikpolska.pl\/et\/wp-json\/wp\/v2\/pages\/9867\/revisions\/9869"}],"wp:attachment":[{"href":"https:\/\/toppikpolska.pl\/et\/wp-json\/wp\/v2\/media?parent=9867"}],"curies":[{"name":"wp","href":"https:\/\/api.w.org\/{rel}","templated":true}]}}