{"id":10049,"date":"2025-05-30T15:50:55","date_gmt":"2025-05-30T13:50:55","guid":{"rendered":"https:\/\/toppikpolska.pl\/produkt\/mikrokiust-juuste-paksendamine-12g-aplikaator\/"},"modified":"2025-05-30T15:50:55","modified_gmt":"2025-05-30T13:50:55","slug":"mikrokiust-juuste-paksendamine-12g-aplikaator","status":"publish","type":"product","link":"https:\/\/toppikpolska.pl\/et\/produkt\/mikrokiust-juuste-paksendamine-12g-aplikaator\/","title":{"rendered":"Mikrokiust juuste paksendamine 12g + aplikaator"},"content":{"rendered":"<p><strong>MIDA PEAKSITE VEEL TEADMA?<\/strong><br \/>\nToppiku kiud on vastupidavad vihmale, tuulele ja higile, nii et need annavad kasutajale kauakestva soovitud efekti olenemata ilmastikutingimustest. Neid on saadaval koguni \u00fcheksas toonis, nii et saate neid sobitada peaaegu igat v\u00e4rvi juustega. Toode toimib h\u00e4sti ka paiksete restauratsioonide korral, maskeerides restauratsioonis\u00fcsteemide kinnitusi ja t\u00e4ites juuste defekte v\u00e4rvimisseansside vahel. Toode pestakse kergesti vee ja \u0161ampooniga maha.   <\/p>\n<p>Kasutage nii aplikaatorit kui ka optimeerivat kammi, kui kannate kiude juuksepiiri piirkonda. Aplikaatorit saate kasutada ka kiudude pealekandmiseks kogu piirkonnas, hallide juuste peitmiseks v\u00f5i pikenduste kinnitamise kohtade peitmiseks. Aplikaatorit saab kanda pudelitele, mille kiud on standardsuuruses (12 g) ja \u00f6konoomses suuruses (27,5 g).  <\/p>\n<p><strong>MIDA TOODET KIRJELDATAKSE?<\/strong><br \/>\nToppiku aplikaator on patenteeritud toode, mida saab paigaldada \u00f6konoomsete ja standardsuurustega Toppiku kiududega pudelitele, et suurendada pealekandmise t\u00e4psust.<\/p>\n<p>TOOTE<br \/>\n <strong>KASUTAMISE EELISED<\/strong>\u2022 H\u00f5lbustab kiudude t\u00e4psemat pealekandmist peanaha konkreetsetele piirkondadele<br \/>\n\u2022 Tagab t\u00e4pse pealekandmise v\u00e4ikestele karvastele nahalaikudele<\/p>\n<h3>T\u00e4pne juuste paksendamine 12 g harjaste ja aplikaatoriga<\/h3>\n<p>Aplikaatoriga kaasas olevad 12g juukseharjased on ideaalne lahendus \u00f5hukeste juustega inimestele, kes soovivad oma soengut loomulikult tihendada. Juustele m\u00f5eldud mikrokiud kleepuvad suurep\u00e4raselt olemasolevatele juustele, luues paksude juuste efekti ilma n\u00e4htavate j\u00e4lgedeta. Aplikaator on m\u00f5eldud kiudude t\u00e4pseks pealekandmiseks, mis v\u00f5imaldab toodet \u00fchtlaselt peanahale jaotada. See muudab juuste paksenemise protsessi kiireks ja t\u00f5husaks ning tulemused on kohe n\u00e4htavad. 12g harjased on saadaval erinevates toonides, mis v\u00f5imaldab teil ideaalselt sobitada oma loomulikku juuksev\u00e4rvi, pakkudes loomulikku ja p\u00fcsivat juuste paksendamist efekti.    <\/p>\n<h3>Juuste paksendamise toime kasutuslihtsus ja pikaealisus<\/h3>\n<p>12 g kiudude komplekt koos aplikaatoriga pole mitte ainult t\u00f5hus juuste paksendamine, vaid ka mugav igap\u00e4evaseks kasutamiseks. Aplikaator v\u00f5imaldab mikrokiudude kiiret ja probleemivaba pealekandmist, mis muudab juuste paksenemise protsessi lihtsaks ka algajatele kasutajatele. Juuksekiud on vastupidavad niiskusele ja higile, mis tagab m\u00f5ju vastupidavuse kogu p\u00e4eva jooksul, olenemata ilmastikutingimustest v\u00f5i f\u00fc\u00fcsilisest aktiivsusest. T\u00e4nu sellele s\u00e4ilivad paksud juuksed ilma sagedase uuendamiseta. Need tooted \u00fchilduvad ka teiste meie poes saadaolevate juuksehooldustoodetega, v\u00f5imaldades teil luua tervikliku juuste paksendamise s\u00fcsteemi. Valides 12 g harjased koos aplikaatoriga, investeerite kauakestvasse ja loomulikku juuste paksendamisse, mis suurendab enesekindlust ja r\u00f5hutab teie soengu loomulikku ilu.     <\/p>\n","protected":false},"excerpt":{"rendered":"<p>S\u00e4\u00e4stke koguni 9 zlotti, ostes Toppik Hair Fibers 12 g komplekti ja Toppiku aplikaatori!<\/p>\n<p><strong>MIDA TOODET KIRJELDATAKSE?<\/strong><br \/>\nToppiku lisakiud on valmistatud v\u00e4rvitud keratiinikiudude baasil, mis tungivad suurep\u00e4raselt juustesse ning paksendavad ja paksendavad neid koheselt visuaalselt.<\/p>\n<p>TOOTE<br \/>\n <strong>KASUTAMISE EELISED<\/strong>\u2022 T\u00e4idab koheselt h\u00f5renevate juuste<br \/>\n piirkonnad\u2022 Katab juuste<br \/>\n v\u00e4ljalangemise\u2022 Loob paksude ja paksude juuste<br \/>\n efekti\u2022 Sobib suurep\u00e4raselt soengu t\u00e4ienduseks v\u00e4rvimisseansside vahel<\/p>\n","protected":false},"featured_media":8197,"comment_status":"closed","ping_status":"closed","template":"","meta":[],"product_brand":[],"product_cat":[46],"product_tag":[],"class_list":{"0":"post-10049","1":"product","2":"type-product","3":"status-publish","4":"has-post-thumbnail","6":"product_cat-tooted","8":"first","9":"instock","10":"shipping-taxable","11":"purchasable","12":"product-type-variable"},"yoast_head":"<!-- This site is optimized with the Yoast SEO plugin v26.6 - https:\/\/yoast.com\/wordpress\/plugins\/seo\/ -->\n<title>Mikrokiust juuste paksendamine 12g + aplikaator<\/title>\n<meta name=\"description\" content=\"Mikrokiust juuste paksendamine 12g + aplikaator - Keratiini mikrokiud paksendavad juukseid | Toppik Poola!\" \/>\n<meta name=\"robots\" content=\"index, follow, max-snippet:-1, max-image-preview:large, max-video-preview:-1\" \/>\n<link rel=\"canonical\" href=\"https:\/\/toppikpolska.pl\/et\/produkt\/mikrokiust-juuste-paksendamine-12g-aplikaator\/\" \/>\n<meta property=\"og:locale\" content=\"et_EE\" \/>\n<meta property=\"og:type\" content=\"article\" \/>\n<meta property=\"og:title\" content=\"Mikrokiust juuste paksendamine 12g + aplikaator\" \/>\n<meta property=\"og:description\" content=\"Mikrokiust juuste paksendamine 12g + aplikaator - Keratiini mikrokiud paksendavad juukseid | Toppik Poola!\" \/>\n<meta property=\"og:url\" content=\"https:\/\/toppikpolska.pl\/et\/produkt\/mikrokiust-juuste-paksendamine-12g-aplikaator\/\" \/>\n<meta property=\"og:site_name\" content=\"Juuksekiud, keratiin, paksenemine \u2014 Toppik Eesti\" \/>\n<meta property=\"og:image\" content=\"https:\/\/toppikpolska.pl\/wp-content\/uploads\/2025\/05\/toppik12_aplikator-1024x1024-1.jpg\" \/>\n\t<meta property=\"og:image:width\" content=\"1024\" \/>\n\t<meta property=\"og:image:height\" content=\"1024\" \/>\n\t<meta property=\"og:image:type\" content=\"image\/jpeg\" \/>\n<meta name=\"twitter:card\" content=\"summary_large_image\" \/>\n<meta name=\"twitter:label1\" content=\"Est. reading time\" \/>\n\t<meta name=\"twitter:data1\" content=\"2 minutit\" \/>\n<script type=\"application\/ld+json\" class=\"yoast-schema-graph\">{\"@context\":\"https:\/\/schema.org\",\"@graph\":[{\"@type\":\"WebPage\",\"@id\":\"https:\/\/toppikpolska.pl\/et\/produkt\/mikrokiust-juuste-paksendamine-12g-aplikaator\/\",\"url\":\"https:\/\/toppikpolska.pl\/et\/produkt\/mikrokiust-juuste-paksendamine-12g-aplikaator\/\",\"name\":\"Mikrokiust juuste paksendamine 12g + aplikaator\",\"isPartOf\":{\"@id\":\"https:\/\/toppikpolska.pl\/et\/#website\"},\"primaryImageOfPage\":{\"@id\":\"https:\/\/toppikpolska.pl\/et\/produkt\/mikrokiust-juuste-paksendamine-12g-aplikaator\/#primaryimage\"},\"image\":{\"@id\":\"https:\/\/toppikpolska.pl\/et\/produkt\/mikrokiust-juuste-paksendamine-12g-aplikaator\/#primaryimage\"},\"thumbnailUrl\":\"https:\/\/toppikpolska.pl\/wp-content\/uploads\/2025\/05\/toppik12_aplikator-1024x1024-1.jpg\",\"datePublished\":\"2025-05-30T13:50:55+00:00\",\"description\":\"Mikrokiust juuste paksendamine 12g + aplikaator - Keratiini mikrokiud paksendavad juukseid | Toppik Poola!\",\"breadcrumb\":{\"@id\":\"https:\/\/toppikpolska.pl\/et\/produkt\/mikrokiust-juuste-paksendamine-12g-aplikaator\/#breadcrumb\"},\"inLanguage\":\"et\",\"potentialAction\":[{\"@type\":\"ReadAction\",\"target\":[\"https:\/\/toppikpolska.pl\/et\/produkt\/mikrokiust-juuste-paksendamine-12g-aplikaator\/\"]}]},{\"@type\":\"ImageObject\",\"inLanguage\":\"et\",\"@id\":\"https:\/\/toppikpolska.pl\/et\/produkt\/mikrokiust-juuste-paksendamine-12g-aplikaator\/#primaryimage\",\"url\":\"https:\/\/toppikpolska.pl\/wp-content\/uploads\/2025\/05\/toppik12_aplikator-1024x1024-1.jpg\",\"contentUrl\":\"https:\/\/toppikpolska.pl\/wp-content\/uploads\/2025\/05\/toppik12_aplikator-1024x1024-1.jpg\",\"width\":1024,\"height\":1024,\"caption\":\"Autori\u00f5igus Rokoko Hair Company poolt\"},{\"@type\":\"BreadcrumbList\",\"@id\":\"https:\/\/toppikpolska.pl\/et\/produkt\/mikrokiust-juuste-paksendamine-12g-aplikaator\/#breadcrumb\",\"itemListElement\":[{\"@type\":\"ListItem\",\"position\":1,\"name\":\"Avaleht\",\"item\":\"https:\/\/toppikpolska.pl\/et\/\"},{\"@type\":\"ListItem\",\"position\":2,\"name\":\"Toppik Shop &#8211; Keratiini mikrokiud juuste paksendamiseks\",\"item\":\"https:\/\/toppikpolska.pl\/et\/pood\/\"},{\"@type\":\"ListItem\",\"position\":3,\"name\":\"Mikrokiust juuste paksendamine 12g + aplikaator\"}]},{\"@type\":\"WebSite\",\"@id\":\"https:\/\/toppikpolska.pl\/et\/#website\",\"url\":\"https:\/\/toppikpolska.pl\/et\/\",\"name\":\"Juuksekiud, keratiin, paksenemine \u2014 Toppik Eesti\",\"description\":\"\",\"publisher\":{\"@id\":\"https:\/\/toppikpolska.pl\/et\/#organization\"},\"potentialAction\":[{\"@type\":\"SearchAction\",\"target\":{\"@type\":\"EntryPoint\",\"urlTemplate\":\"https:\/\/toppikpolska.pl\/et\/?s={search_term_string}\"},\"query-input\":{\"@type\":\"PropertyValueSpecification\",\"valueRequired\":true,\"valueName\":\"search_term_string\"}}],\"inLanguage\":\"et\"},{\"@type\":\"Organization\",\"@id\":\"https:\/\/toppikpolska.pl\/et\/#organization\",\"name\":\"Juuksekiud, keratiin, paksenemine \u2014 Toppik Eesti\",\"url\":\"https:\/\/toppikpolska.pl\/et\/\",\"logo\":{\"@type\":\"ImageObject\",\"inLanguage\":\"et\",\"@id\":\"https:\/\/toppikpolska.pl\/et\/#\/schema\/logo\/image\/\",\"url\":\"https:\/\/toppikpolska.pl\/wp-content\/uploads\/2023\/09\/logo.png\",\"contentUrl\":\"https:\/\/toppikpolska.pl\/wp-content\/uploads\/2023\/09\/logo.png\",\"width\":105,\"height\":57,\"caption\":\"Juuksekiud, keratiin, paksenemine \u2014 Toppik Eesti\"},\"image\":{\"@id\":\"https:\/\/toppikpolska.pl\/et\/#\/schema\/logo\/image\/\"}}]}<\/script>\n<!-- \/ Yoast SEO plugin. -->","yoast_head_json":{"title":"Mikrokiust juuste paksendamine 12g + aplikaator","description":"Mikrokiust juuste paksendamine 12g + aplikaator - Keratiini mikrokiud paksendavad juukseid | Toppik Poola!","robots":{"index":"index","follow":"follow","max-snippet":"max-snippet:-1","max-image-preview":"max-image-preview:large","max-video-preview":"max-video-preview:-1"},"canonical":"https:\/\/toppikpolska.pl\/et\/produkt\/mikrokiust-juuste-paksendamine-12g-aplikaator\/","og_locale":"et_EE","og_type":"article","og_title":"Mikrokiust juuste paksendamine 12g + aplikaator","og_description":"Mikrokiust juuste paksendamine 12g + aplikaator - Keratiini mikrokiud paksendavad juukseid | Toppik Poola!","og_url":"https:\/\/toppikpolska.pl\/et\/produkt\/mikrokiust-juuste-paksendamine-12g-aplikaator\/","og_site_name":"Juuksekiud, keratiin, paksenemine \u2014 Toppik Eesti","og_image":[{"width":1024,"height":1024,"url":"https:\/\/toppikpolska.pl\/wp-content\/uploads\/2025\/05\/toppik12_aplikator-1024x1024-1.jpg","type":"image\/jpeg"}],"twitter_card":"summary_large_image","twitter_misc":{"Est. reading time":"2 minutit"},"schema":{"@context":"https:\/\/schema.org","@graph":[{"@type":"WebPage","@id":"https:\/\/toppikpolska.pl\/et\/produkt\/mikrokiust-juuste-paksendamine-12g-aplikaator\/","url":"https:\/\/toppikpolska.pl\/et\/produkt\/mikrokiust-juuste-paksendamine-12g-aplikaator\/","name":"Mikrokiust juuste paksendamine 12g + aplikaator","isPartOf":{"@id":"https:\/\/toppikpolska.pl\/et\/#website"},"primaryImageOfPage":{"@id":"https:\/\/toppikpolska.pl\/et\/produkt\/mikrokiust-juuste-paksendamine-12g-aplikaator\/#primaryimage"},"image":{"@id":"https:\/\/toppikpolska.pl\/et\/produkt\/mikrokiust-juuste-paksendamine-12g-aplikaator\/#primaryimage"},"thumbnailUrl":"https:\/\/toppikpolska.pl\/wp-content\/uploads\/2025\/05\/toppik12_aplikator-1024x1024-1.jpg","datePublished":"2025-05-30T13:50:55+00:00","description":"Mikrokiust juuste paksendamine 12g + aplikaator - Keratiini mikrokiud paksendavad juukseid | Toppik Poola!","breadcrumb":{"@id":"https:\/\/toppikpolska.pl\/et\/produkt\/mikrokiust-juuste-paksendamine-12g-aplikaator\/#breadcrumb"},"inLanguage":"et","potentialAction":[{"@type":"ReadAction","target":["https:\/\/toppikpolska.pl\/et\/produkt\/mikrokiust-juuste-paksendamine-12g-aplikaator\/"]}]},{"@type":"ImageObject","inLanguage":"et","@id":"https:\/\/toppikpolska.pl\/et\/produkt\/mikrokiust-juuste-paksendamine-12g-aplikaator\/#primaryimage","url":"https:\/\/toppikpolska.pl\/wp-content\/uploads\/2025\/05\/toppik12_aplikator-1024x1024-1.jpg","contentUrl":"https:\/\/toppikpolska.pl\/wp-content\/uploads\/2025\/05\/toppik12_aplikator-1024x1024-1.jpg","width":1024,"height":1024,"caption":"Autori\u00f5igus Rokoko Hair Company poolt"},{"@type":"BreadcrumbList","@id":"https:\/\/toppikpolska.pl\/et\/produkt\/mikrokiust-juuste-paksendamine-12g-aplikaator\/#breadcrumb","itemListElement":[{"@type":"ListItem","position":1,"name":"Avaleht","item":"https:\/\/toppikpolska.pl\/et\/"},{"@type":"ListItem","position":2,"name":"Toppik Shop &#8211; Keratiini mikrokiud juuste paksendamiseks","item":"https:\/\/toppikpolska.pl\/et\/pood\/"},{"@type":"ListItem","position":3,"name":"Mikrokiust juuste paksendamine 12g + aplikaator"}]},{"@type":"WebSite","@id":"https:\/\/toppikpolska.pl\/et\/#website","url":"https:\/\/toppikpolska.pl\/et\/","name":"Juuksekiud, keratiin, paksenemine \u2014 Toppik Eesti","description":"","publisher":{"@id":"https:\/\/toppikpolska.pl\/et\/#organization"},"potentialAction":[{"@type":"SearchAction","target":{"@type":"EntryPoint","urlTemplate":"https:\/\/toppikpolska.pl\/et\/?s={search_term_string}"},"query-input":{"@type":"PropertyValueSpecification","valueRequired":true,"valueName":"search_term_string"}}],"inLanguage":"et"},{"@type":"Organization","@id":"https:\/\/toppikpolska.pl\/et\/#organization","name":"Juuksekiud, keratiin, paksenemine \u2014 Toppik Eesti","url":"https:\/\/toppikpolska.pl\/et\/","logo":{"@type":"ImageObject","inLanguage":"et","@id":"https:\/\/toppikpolska.pl\/et\/#\/schema\/logo\/image\/","url":"https:\/\/toppikpolska.pl\/wp-content\/uploads\/2023\/09\/logo.png","contentUrl":"https:\/\/toppikpolska.pl\/wp-content\/uploads\/2023\/09\/logo.png","width":105,"height":57,"caption":"Juuksekiud, keratiin, paksenemine \u2014 Toppik Eesti"},"image":{"@id":"https:\/\/toppikpolska.pl\/et\/#\/schema\/logo\/image\/"}}]}},"_links":{"self":[{"href":"https:\/\/toppikpolska.pl\/et\/wp-json\/wp\/v2\/product\/10049","targetHints":{"allow":["GET"]}}],"collection":[{"href":"https:\/\/toppikpolska.pl\/et\/wp-json\/wp\/v2\/product"}],"about":[{"href":"https:\/\/toppikpolska.pl\/et\/wp-json\/wp\/v2\/types\/product"}],"replies":[{"embeddable":true,"href":"https:\/\/toppikpolska.pl\/et\/wp-json\/wp\/v2\/comments?post=10049"}],"wp:featuredmedia":[{"embeddable":true,"href":"https:\/\/toppikpolska.pl\/et\/wp-json\/wp\/v2\/media\/8197"}],"wp:attachment":[{"href":"https:\/\/toppikpolska.pl\/et\/wp-json\/wp\/v2\/media?parent=10049"}],"wp:term":[{"taxonomy":"product_brand","embeddable":true,"href":"https:\/\/toppikpolska.pl\/et\/wp-json\/wp\/v2\/product_brand?post=10049"},{"taxonomy":"product_cat","embeddable":true,"href":"https:\/\/toppikpolska.pl\/et\/wp-json\/wp\/v2\/product_cat?post=10049"},{"taxonomy":"product_tag","embeddable":true,"href":"https:\/\/toppikpolska.pl\/et\/wp-json\/wp\/v2\/product_tag?post=10049"}],"curies":[{"name":"wp","href":"https:\/\/api.w.org\/{rel}","templated":true}]}}