{"id":10060,"date":"2025-05-30T15:33:06","date_gmt":"2025-05-30T13:33:06","guid":{"rendered":"https:\/\/toppikpolska.pl\/produkt\/mikrokiust-juuste-paksendaja-12g-aplikaator-juuksepiiri-optimeerija\/"},"modified":"2025-05-30T15:33:06","modified_gmt":"2025-05-30T13:33:06","slug":"mikrokiust-juuste-paksendaja-12g-aplikaator-juuksepiiri-optimeerija","status":"publish","type":"product","link":"https:\/\/toppikpolska.pl\/et\/produkt\/mikrokiust-juuste-paksendaja-12g-aplikaator-juuksepiiri-optimeerija\/","title":{"rendered":"Mikrokiust juuste paksendaja 12g + aplikaator + juuksepiiri optimeerija"},"content":{"rendered":"<p><strong>MIDA PEAKSITE VEEL TEADMA?<\/strong><\/p>\n<p>Kui soovite saavutada veelgi rahuldavamaid tulemusi, on soovitatav kasutada spetsiaalset Toppiku aplikaatorit.<br \/>\nKasutage nii aplikaatorit kui ka optimeerivat kammi, kui kannate kiude juuksepiiri piirkonda. Aplikaatorit saate kasutada ka kiudude pealekandmiseks kogu piirkonnas, hallide juuste peitmiseks v\u00f5i pikenduste kinnitamise kohtade peitmiseks. Aplikaatorit saab kanda pudelitele, mille kiud on standardsuuruses (12 g) ja \u00f6konoomses suuruses (27,5 g).<br \/>\nToppiku kiud on vastupidavad vihmale, tuulele ja higile, nii et need annavad kasutajale kauakestva soovitud efekti olenemata ilmastikutingimustest. Neid on saadaval koguni \u00fcheksas toonis, nii et saate neid sobitada peaaegu igat v\u00e4rvi juustega. Toode toimib h\u00e4sti ka paiksete restauratsioonide korral, maskeerides restauratsioonis\u00fcsteemide kinnitusi ja t\u00e4ites juuste defekte v\u00e4rvimisseansside vahel. Toode pestakse kergesti vee ja \u0161ampooniga maha.   <\/p>\n<h3>T\u00e4pne juuste paksendamine 12 g kiudkomplekti, aplikaatori ja kammiga<\/h3>\n<p>12g harjaste komplekt koos aplikaatori ja juukseid tihendava kammiga on terviklik lahendus \u00f5hukeste juustega inimestele, kes soovivad oma soengut loomulikult tihendada. Juustele m\u00f5eldud mikrokiud kleepuvad suurep\u00e4raselt olemasolevatele juustele, luues paksude juuste efekti ilma n\u00e4htavate j\u00e4lgedeta. Aplikaator v\u00f5imaldab kiude t\u00e4pselt peale kanda, mis tagab toote \u00fchtlase jaotumise kogu peanahale. Juuste paksendav kamm aitab pealekandmisprotsessile veelgi kaasa, aidates mikrokiude p\u00f5hjalikult jaotada ja saavutada loomuliku v\u00e4limuse. T\u00e4nu ergonoomilisele disainile on komplekti lihtne kasutada, v\u00f5imaldades juukseid kiiresti ja t\u00f5husalt paksendada ka kodus. 12g harjased on saadaval erinevates toonides, mis v\u00f5imaldab ideaalselt sobitada loomulikku juuksev\u00e4rvi, suurendades juuste paksenemise efektiivsust ja parandades soengu \u00fcldist esteetikat.     <\/p>\n<h3>Terviklik juuste paksendamise t\u00f6\u00f6riist \u2013 aplikaator ja kamm juuste paksendamiseks<\/h3>\n<p>Aplikaatori ja 12g kiududega komplektis olev juuste paksendamise kamm on asendamatu aksessuaar inimestele, kes soovivad oma juukseid paksendada. Kamm on spetsiaalselt loodud t\u00f6\u00f6tama koos aplikaatoriga, v\u00f5imaldades mikrokiude t\u00e4pselt ja \u00fchtlaselt \u00f5hukestele juustele jaotada. See muudab juuste paksenemise protsessi t\u00f5husamaks ning paksude juuste m\u00f5ju on loomulikum ja vastupidavam. Aplikaator v\u00f5imaldab kiude h\u00f5lpsalt peale kanda, minimeerides toote raiskamist, samas kui kamm tagab mikrokiudude t\u00e4pse jaotumise, k\u00f5rvaldades n\u00e4htavad triibud ja ebatasasused. T\u00e4ielik komplekt toetab igap\u00e4evast hooldust ja kujundamist, v\u00f5imaldades teil luua t\u00e4idlasemaid ja paksemaid juukseid ilma invasiivseid meetodeid kasutamata. Selle t\u00f6\u00f6riista abil muutub juuste paksenemine kiireks, mugavaks ja t\u00f5husaks, suurendades enesekindlust ja tuues esile teie soengu loomuliku ilu.     <\/p>\n","protected":false},"excerpt":{"rendered":"<p>S\u00e4\u00e4stke koguni 18 zlotti, ostes Toppiku aplikaatori, kammi ja Toppik juuksekiudude 12 g komplekti!<\/p>\n<p><strong>MIDA TOODET KIRJELDATAKSE?<\/strong><\/p>\n<p>Toppik Optimizing Comb on toode, mis h\u00f5lbustab loomuliku juuksepiiri s\u00e4ilitamist Toppiku kiudude pealekandmisel.<br \/>\nToppiku lisakiud on valmistatud v\u00e4rvitud keratiinikiudude baasil, mis tungivad suurep\u00e4raselt juustesse ning paksendavad ja paksendavad neid koheselt visuaalselt.<br \/>\nToppiku aplikaator on patenteeritud toode, mida saab paigaldada \u00f6konoomsete ja standardsuurustega Toppiku kiududega pudelitele, et suurendada pealekandmise t\u00e4psust.<\/p>\n<p>TOOTE<br \/>\n <strong>KASUTAMISE EELISED<\/strong>\u2022 T\u00e4idab koheselt h\u00f5renevate juuste<br \/>\n piirkonnad\u2022 Katab juuste<br \/>\n v\u00e4ljalangemise\u2022 Loob paksude ja paksude juuste<br \/>\n efekti\u2022 Sobib suurep\u00e4raselt soengu t\u00e4ienduseks v\u00e4rvimisseansside vahel<\/p>\n<p>\u2022 V\u00e4ldib ebaloomulikku v\u00e4limust p\u00e4rast kihilist kandmist<br \/>\n\u2022 Muudab juuksed loomulikuks ja paksuks<br \/>\n\u2022 Takistab juuste langemist otsaesisele<br \/>\n\u2022 H\u00f5lbustab kiudude t\u00e4psemat pealekandmist konkreetsetele peapiirkondadele<br \/>\n\u2022 Tagab t\u00e4pse pealekandmise v\u00e4ikestele karvastele nahalaikudele<\/p>\n","protected":false},"featured_media":8176,"comment_status":"closed","ping_status":"closed","template":"","meta":[],"product_brand":[],"product_cat":[46],"product_tag":[],"class_list":{"0":"post-10060","1":"product","2":"type-product","3":"status-publish","4":"has-post-thumbnail","6":"product_cat-tooted","8":"first","9":"instock","10":"shipping-taxable","11":"purchasable","12":"product-type-variable"},"yoast_head":"<!-- This site is optimized with the Yoast SEO plugin v26.6 - https:\/\/yoast.com\/wordpress\/plugins\/seo\/ -->\n<title>Mikrokiust juuste paksendaja 12g + aplikaator + juuksepiiri optimeerija<\/title>\n<meta name=\"description\" content=\"Mikrokiust juuste paksendaja 12g + aplikaator + juuksepiiri optimeerija - Keratiini mikrokiud paksendavad juukseid | Toppik Poola!\" \/>\n<meta name=\"robots\" content=\"index, follow, max-snippet:-1, max-image-preview:large, max-video-preview:-1\" \/>\n<link rel=\"canonical\" href=\"https:\/\/toppikpolska.pl\/et\/produkt\/mikrokiust-juuste-paksendaja-12g-aplikaator-juuksepiiri-optimeerija\/\" \/>\n<meta property=\"og:locale\" content=\"et_EE\" \/>\n<meta property=\"og:type\" content=\"article\" \/>\n<meta property=\"og:title\" content=\"Mikrokiust juuste paksendaja 12g + aplikaator + juuksepiiri optimeerija\" \/>\n<meta property=\"og:description\" content=\"Mikrokiust juuste paksendaja 12g + aplikaator + juuksepiiri optimeerija - Keratiini mikrokiud paksendavad juukseid | Toppik Poola!\" \/>\n<meta property=\"og:url\" content=\"https:\/\/toppikpolska.pl\/et\/produkt\/mikrokiust-juuste-paksendaja-12g-aplikaator-juuksepiiri-optimeerija\/\" \/>\n<meta property=\"og:site_name\" content=\"Juuksekiud, keratiin, paksenemine \u2014 Toppik Eesti\" \/>\n<meta property=\"og:image\" content=\"https:\/\/toppikpolska.pl\/wp-content\/uploads\/2025\/05\/toppik_zestaw_wlokna12-aplikator-grzebien.jpg\" \/>\n\t<meta property=\"og:image:width\" content=\"800\" \/>\n\t<meta property=\"og:image:height\" content=\"800\" \/>\n\t<meta property=\"og:image:type\" content=\"image\/jpeg\" \/>\n<meta name=\"twitter:card\" content=\"summary_large_image\" \/>\n<meta name=\"twitter:label1\" content=\"Est. reading time\" \/>\n\t<meta name=\"twitter:data1\" content=\"2 minutit\" \/>\n<script type=\"application\/ld+json\" class=\"yoast-schema-graph\">{\"@context\":\"https:\/\/schema.org\",\"@graph\":[{\"@type\":\"WebPage\",\"@id\":\"https:\/\/toppikpolska.pl\/et\/produkt\/mikrokiust-juuste-paksendaja-12g-aplikaator-juuksepiiri-optimeerija\/\",\"url\":\"https:\/\/toppikpolska.pl\/et\/produkt\/mikrokiust-juuste-paksendaja-12g-aplikaator-juuksepiiri-optimeerija\/\",\"name\":\"Mikrokiust juuste paksendaja 12g + aplikaator + juuksepiiri optimeerija\",\"isPartOf\":{\"@id\":\"https:\/\/toppikpolska.pl\/et\/#website\"},\"primaryImageOfPage\":{\"@id\":\"https:\/\/toppikpolska.pl\/et\/produkt\/mikrokiust-juuste-paksendaja-12g-aplikaator-juuksepiiri-optimeerija\/#primaryimage\"},\"image\":{\"@id\":\"https:\/\/toppikpolska.pl\/et\/produkt\/mikrokiust-juuste-paksendaja-12g-aplikaator-juuksepiiri-optimeerija\/#primaryimage\"},\"thumbnailUrl\":\"https:\/\/toppikpolska.pl\/wp-content\/uploads\/2025\/05\/toppik_zestaw_wlokna12-aplikator-grzebien.jpg\",\"datePublished\":\"2025-05-30T13:33:06+00:00\",\"description\":\"Mikrokiust juuste paksendaja 12g + aplikaator + juuksepiiri optimeerija - Keratiini mikrokiud paksendavad juukseid | Toppik Poola!\",\"breadcrumb\":{\"@id\":\"https:\/\/toppikpolska.pl\/et\/produkt\/mikrokiust-juuste-paksendaja-12g-aplikaator-juuksepiiri-optimeerija\/#breadcrumb\"},\"inLanguage\":\"et\",\"potentialAction\":[{\"@type\":\"ReadAction\",\"target\":[\"https:\/\/toppikpolska.pl\/et\/produkt\/mikrokiust-juuste-paksendaja-12g-aplikaator-juuksepiiri-optimeerija\/\"]}]},{\"@type\":\"ImageObject\",\"inLanguage\":\"et\",\"@id\":\"https:\/\/toppikpolska.pl\/et\/produkt\/mikrokiust-juuste-paksendaja-12g-aplikaator-juuksepiiri-optimeerija\/#primaryimage\",\"url\":\"https:\/\/toppikpolska.pl\/wp-content\/uploads\/2025\/05\/toppik_zestaw_wlokna12-aplikator-grzebien.jpg\",\"contentUrl\":\"https:\/\/toppikpolska.pl\/wp-content\/uploads\/2025\/05\/toppik_zestaw_wlokna12-aplikator-grzebien.jpg\",\"width\":800,\"height\":800,\"caption\":\"Autori\u00f5igus Rokoko Hair Company poolt\"},{\"@type\":\"BreadcrumbList\",\"@id\":\"https:\/\/toppikpolska.pl\/et\/produkt\/mikrokiust-juuste-paksendaja-12g-aplikaator-juuksepiiri-optimeerija\/#breadcrumb\",\"itemListElement\":[{\"@type\":\"ListItem\",\"position\":1,\"name\":\"Avaleht\",\"item\":\"https:\/\/toppikpolska.pl\/et\/\"},{\"@type\":\"ListItem\",\"position\":2,\"name\":\"Toppik Shop &#8211; Keratiini mikrokiud juuste paksendamiseks\",\"item\":\"https:\/\/toppikpolska.pl\/et\/pood\/\"},{\"@type\":\"ListItem\",\"position\":3,\"name\":\"Mikrokiust juuste paksendaja 12g + aplikaator + juuksepiiri optimeerija\"}]},{\"@type\":\"WebSite\",\"@id\":\"https:\/\/toppikpolska.pl\/et\/#website\",\"url\":\"https:\/\/toppikpolska.pl\/et\/\",\"name\":\"Juuksekiud, keratiin, paksenemine \u2014 Toppik Eesti\",\"description\":\"\",\"publisher\":{\"@id\":\"https:\/\/toppikpolska.pl\/et\/#organization\"},\"potentialAction\":[{\"@type\":\"SearchAction\",\"target\":{\"@type\":\"EntryPoint\",\"urlTemplate\":\"https:\/\/toppikpolska.pl\/et\/?s={search_term_string}\"},\"query-input\":{\"@type\":\"PropertyValueSpecification\",\"valueRequired\":true,\"valueName\":\"search_term_string\"}}],\"inLanguage\":\"et\"},{\"@type\":\"Organization\",\"@id\":\"https:\/\/toppikpolska.pl\/et\/#organization\",\"name\":\"Juuksekiud, keratiin, paksenemine \u2014 Toppik Eesti\",\"url\":\"https:\/\/toppikpolska.pl\/et\/\",\"logo\":{\"@type\":\"ImageObject\",\"inLanguage\":\"et\",\"@id\":\"https:\/\/toppikpolska.pl\/et\/#\/schema\/logo\/image\/\",\"url\":\"https:\/\/toppikpolska.pl\/wp-content\/uploads\/2023\/09\/logo.png\",\"contentUrl\":\"https:\/\/toppikpolska.pl\/wp-content\/uploads\/2023\/09\/logo.png\",\"width\":105,\"height\":57,\"caption\":\"Juuksekiud, keratiin, paksenemine \u2014 Toppik Eesti\"},\"image\":{\"@id\":\"https:\/\/toppikpolska.pl\/et\/#\/schema\/logo\/image\/\"}}]}<\/script>\n<!-- \/ Yoast SEO plugin. -->","yoast_head_json":{"title":"Mikrokiust juuste paksendaja 12g + aplikaator + juuksepiiri optimeerija","description":"Mikrokiust juuste paksendaja 12g + aplikaator + juuksepiiri optimeerija - Keratiini mikrokiud paksendavad juukseid | Toppik Poola!","robots":{"index":"index","follow":"follow","max-snippet":"max-snippet:-1","max-image-preview":"max-image-preview:large","max-video-preview":"max-video-preview:-1"},"canonical":"https:\/\/toppikpolska.pl\/et\/produkt\/mikrokiust-juuste-paksendaja-12g-aplikaator-juuksepiiri-optimeerija\/","og_locale":"et_EE","og_type":"article","og_title":"Mikrokiust juuste paksendaja 12g + aplikaator + juuksepiiri optimeerija","og_description":"Mikrokiust juuste paksendaja 12g + aplikaator + juuksepiiri optimeerija - Keratiini mikrokiud paksendavad juukseid | Toppik Poola!","og_url":"https:\/\/toppikpolska.pl\/et\/produkt\/mikrokiust-juuste-paksendaja-12g-aplikaator-juuksepiiri-optimeerija\/","og_site_name":"Juuksekiud, keratiin, paksenemine \u2014 Toppik Eesti","og_image":[{"width":800,"height":800,"url":"https:\/\/toppikpolska.pl\/wp-content\/uploads\/2025\/05\/toppik_zestaw_wlokna12-aplikator-grzebien.jpg","type":"image\/jpeg"}],"twitter_card":"summary_large_image","twitter_misc":{"Est. reading time":"2 minutit"},"schema":{"@context":"https:\/\/schema.org","@graph":[{"@type":"WebPage","@id":"https:\/\/toppikpolska.pl\/et\/produkt\/mikrokiust-juuste-paksendaja-12g-aplikaator-juuksepiiri-optimeerija\/","url":"https:\/\/toppikpolska.pl\/et\/produkt\/mikrokiust-juuste-paksendaja-12g-aplikaator-juuksepiiri-optimeerija\/","name":"Mikrokiust juuste paksendaja 12g + aplikaator + juuksepiiri optimeerija","isPartOf":{"@id":"https:\/\/toppikpolska.pl\/et\/#website"},"primaryImageOfPage":{"@id":"https:\/\/toppikpolska.pl\/et\/produkt\/mikrokiust-juuste-paksendaja-12g-aplikaator-juuksepiiri-optimeerija\/#primaryimage"},"image":{"@id":"https:\/\/toppikpolska.pl\/et\/produkt\/mikrokiust-juuste-paksendaja-12g-aplikaator-juuksepiiri-optimeerija\/#primaryimage"},"thumbnailUrl":"https:\/\/toppikpolska.pl\/wp-content\/uploads\/2025\/05\/toppik_zestaw_wlokna12-aplikator-grzebien.jpg","datePublished":"2025-05-30T13:33:06+00:00","description":"Mikrokiust juuste paksendaja 12g + aplikaator + juuksepiiri optimeerija - Keratiini mikrokiud paksendavad juukseid | Toppik Poola!","breadcrumb":{"@id":"https:\/\/toppikpolska.pl\/et\/produkt\/mikrokiust-juuste-paksendaja-12g-aplikaator-juuksepiiri-optimeerija\/#breadcrumb"},"inLanguage":"et","potentialAction":[{"@type":"ReadAction","target":["https:\/\/toppikpolska.pl\/et\/produkt\/mikrokiust-juuste-paksendaja-12g-aplikaator-juuksepiiri-optimeerija\/"]}]},{"@type":"ImageObject","inLanguage":"et","@id":"https:\/\/toppikpolska.pl\/et\/produkt\/mikrokiust-juuste-paksendaja-12g-aplikaator-juuksepiiri-optimeerija\/#primaryimage","url":"https:\/\/toppikpolska.pl\/wp-content\/uploads\/2025\/05\/toppik_zestaw_wlokna12-aplikator-grzebien.jpg","contentUrl":"https:\/\/toppikpolska.pl\/wp-content\/uploads\/2025\/05\/toppik_zestaw_wlokna12-aplikator-grzebien.jpg","width":800,"height":800,"caption":"Autori\u00f5igus Rokoko Hair Company poolt"},{"@type":"BreadcrumbList","@id":"https:\/\/toppikpolska.pl\/et\/produkt\/mikrokiust-juuste-paksendaja-12g-aplikaator-juuksepiiri-optimeerija\/#breadcrumb","itemListElement":[{"@type":"ListItem","position":1,"name":"Avaleht","item":"https:\/\/toppikpolska.pl\/et\/"},{"@type":"ListItem","position":2,"name":"Toppik Shop &#8211; Keratiini mikrokiud juuste paksendamiseks","item":"https:\/\/toppikpolska.pl\/et\/pood\/"},{"@type":"ListItem","position":3,"name":"Mikrokiust juuste paksendaja 12g + aplikaator + juuksepiiri optimeerija"}]},{"@type":"WebSite","@id":"https:\/\/toppikpolska.pl\/et\/#website","url":"https:\/\/toppikpolska.pl\/et\/","name":"Juuksekiud, keratiin, paksenemine \u2014 Toppik Eesti","description":"","publisher":{"@id":"https:\/\/toppikpolska.pl\/et\/#organization"},"potentialAction":[{"@type":"SearchAction","target":{"@type":"EntryPoint","urlTemplate":"https:\/\/toppikpolska.pl\/et\/?s={search_term_string}"},"query-input":{"@type":"PropertyValueSpecification","valueRequired":true,"valueName":"search_term_string"}}],"inLanguage":"et"},{"@type":"Organization","@id":"https:\/\/toppikpolska.pl\/et\/#organization","name":"Juuksekiud, keratiin, paksenemine \u2014 Toppik Eesti","url":"https:\/\/toppikpolska.pl\/et\/","logo":{"@type":"ImageObject","inLanguage":"et","@id":"https:\/\/toppikpolska.pl\/et\/#\/schema\/logo\/image\/","url":"https:\/\/toppikpolska.pl\/wp-content\/uploads\/2023\/09\/logo.png","contentUrl":"https:\/\/toppikpolska.pl\/wp-content\/uploads\/2023\/09\/logo.png","width":105,"height":57,"caption":"Juuksekiud, keratiin, paksenemine \u2014 Toppik Eesti"},"image":{"@id":"https:\/\/toppikpolska.pl\/et\/#\/schema\/logo\/image\/"}}]}},"_links":{"self":[{"href":"https:\/\/toppikpolska.pl\/et\/wp-json\/wp\/v2\/product\/10060","targetHints":{"allow":["GET"]}}],"collection":[{"href":"https:\/\/toppikpolska.pl\/et\/wp-json\/wp\/v2\/product"}],"about":[{"href":"https:\/\/toppikpolska.pl\/et\/wp-json\/wp\/v2\/types\/product"}],"replies":[{"embeddable":true,"href":"https:\/\/toppikpolska.pl\/et\/wp-json\/wp\/v2\/comments?post=10060"}],"wp:featuredmedia":[{"embeddable":true,"href":"https:\/\/toppikpolska.pl\/et\/wp-json\/wp\/v2\/media\/8176"}],"wp:attachment":[{"href":"https:\/\/toppikpolska.pl\/et\/wp-json\/wp\/v2\/media?parent=10060"}],"wp:term":[{"taxonomy":"product_brand","embeddable":true,"href":"https:\/\/toppikpolska.pl\/et\/wp-json\/wp\/v2\/product_brand?post=10060"},{"taxonomy":"product_cat","embeddable":true,"href":"https:\/\/toppikpolska.pl\/et\/wp-json\/wp\/v2\/product_cat?post=10060"},{"taxonomy":"product_tag","embeddable":true,"href":"https:\/\/toppikpolska.pl\/et\/wp-json\/wp\/v2\/product_tag?post=10060"}],"curies":[{"name":"wp","href":"https:\/\/api.w.org\/{rel}","templated":true}]}}