{"id":10167,"date":"2025-05-30T14:51:03","date_gmt":"2025-05-30T12:51:03","guid":{"rendered":"https:\/\/toppikpolska.pl\/produkt\/keratiinkiud-set-toppik-3x-27-5g\/"},"modified":"2025-05-30T14:51:03","modified_gmt":"2025-05-30T12:51:03","slug":"keratiinkiud-set-toppik-3x-27-5g","status":"publish","type":"product","link":"https:\/\/toppikpolska.pl\/et\/produkt\/keratiinkiud-set-toppik-3x-27-5g\/","title":{"rendered":"Keratiinkiud SET Toppik 3x 27.5g"},"content":{"rendered":"<h4><strong>MIDA PEAKSITE VEEL TEADMA?<\/strong><\/h4>\n<p>Toppiku kiud on vastupidavad vihmale, tuulele ja higile, nii et need annavad kasutajale kauakestva soovitud efekti olenemata ilmastikutingimustest. Neid on saadaval koguni \u00fcheksas toonis, nii et saate neid sobitada peaaegu igat v\u00e4rvi juustega. Toode toimib h\u00e4sti ka paiksete restauratsioonide korral, maskeerides restauratsioonis\u00fcsteemide kinnitusi ja t\u00e4ites juuste defekte v\u00e4rvimisseansside vahel. Toode pestakse kergesti vee ja \u0161ampooniga maha.   <\/p>\n<h3>Usaldusv\u00e4\u00e4rne juuste paksendamine Toppik juuksekiududega 3 x 27,5 g<\/h3>\n<p>Toppik Hair Fibers 3 x 27,5g on t\u00e4iustatud lahendus \u00f5hukeste ja h\u00f5renevate juustega inimestele, kes soovivad oma soengut loomulikult tihendada. Juustele m\u00f5eldud mikrokiud on loodud juuste t\u00f5husaks paksendamiseks, andes teile t\u00e4idlasema ja lopsakama v\u00e4limuse ilma n\u00e4htavate j\u00e4\u00e4kideta. Kuna 3 x 27,5 g komplektis on rohkem kiude, saavad kasutajad nautida pikaajalist juuste t\u00e4iendamist, mis sobib ideaalselt igap\u00e4evaseks kasutamiseks ja kauakestvaks juuste paksendamiseks. Mikrokiud kleepuvad suurep\u00e4raselt loomulikele juustele, luues paksud juuksed, mis n\u00e4evad v\u00e4lja terved ja loomulikud. Toode on saadaval erinevates toonides, mis v\u00f5imaldab sellel ideaalselt sobitada loomulike juuste v\u00e4rviga, suurendades juuste paksenemise loomulikkuse ja esteetika m\u00f5ju.    <\/p>\n<h3>Toppik juuksekiudude vastupidavus ja kasutusmugavus 3 x 27,5g<\/h3>\n<p>Toppik juuksekiud 3 x 27,5 g pakuvad mitte ainult t\u00f5husat juuste paksendamist, vaid ka erakordset kasutusmugavust. T\u00e4nu komplekti suurele mahutavusele saavad kasutajad toodet regulaarselt kasutada, muretsemata varude l\u00f5ppemise p\u00e4rast, mis sobib ideaalselt h\u00f5renevate juustega inimestele, kes vajavad sagedast juuste t\u00e4iendamist. Kaasasolev juuste aplikaator v\u00f5imaldab mikrokiudude t\u00e4pset pealekandmist, minimeerides toote j\u00e4\u00e4ke ja tagades juuste \u00fchtlase paksenemise. Juuste paksendav kamm aitab pealekandmisprotsessi, aidates mikrokiude p\u00f5hjalikult kogu peanahale jaotada. Toppik mikrokiud juustele on vastupidavad niiskusele ja higile, mis tagab juuste paksendava toime vastupidavuse kogu p\u00e4eva jooksul, olenemata ilmastikutingimustest v\u00f5i f\u00fc\u00fcsilisest aktiivsusest. Selle tootega muutub juuste paksenemine kiireks, t\u00f5husaks ja lihtsaks, v\u00f5imaldades teil nautida t\u00e4idlasemat ja tervislikuma v\u00e4limusega soengut ilma invasiivsete meetoditeta.     <\/p>\n","protected":false},"excerpt":{"rendered":"<p>Valige komplekt 3 pakki Toppik juuksekiude 27,5 g ja s\u00e4\u00e4stke 26 zlotti!<\/p>\n<p><strong>MIDA TOODET KIRJELDATAKSE?<\/strong><br \/>\nToppiku lisakiud on valmistatud v\u00e4rvitud keratiinikiudude baasil, mis tungivad suurep\u00e4raselt juustesse ning paksendavad ja paksendavad neid koheselt visuaalselt.<\/p>\n<p>TOOTE<br \/>\n <strong>KASUTAMISE EELISED<\/strong>\u2022 T\u00e4idab koheselt h\u00f5renevate juuste<br \/>\n piirkonnad\u2022 Katab juuste<br \/>\n v\u00e4ljalangemise\u2022 Loob paksude ja paksude juuste<br \/>\n efekti\u2022 Sobib suurep\u00e4raselt soengu t\u00e4ienduseks v\u00e4rvimisseansside vahel<\/p>\n","protected":false},"featured_media":8127,"comment_status":"open","ping_status":"closed","template":"","meta":[],"product_brand":[],"product_cat":[46],"product_tag":[],"class_list":{"0":"post-10167","1":"product","2":"type-product","3":"status-publish","4":"has-post-thumbnail","6":"product_cat-tooted","8":"first","9":"instock","10":"shipping-taxable","11":"purchasable","12":"product-type-variable"},"yoast_head":"<!-- This site is optimized with the Yoast SEO plugin v26.6 - https:\/\/yoast.com\/wordpress\/plugins\/seo\/ -->\n<title>Keratiinkiud SET Toppik 3x 27.5g<\/title>\n<meta name=\"description\" content=\"Keratiinkiud SET Toppik 3x 27.5g - Keratiini mikrokiud paksendavad juukseid | Toppik Poola!\" \/>\n<meta name=\"robots\" content=\"index, follow, max-snippet:-1, max-image-preview:large, max-video-preview:-1\" \/>\n<link rel=\"canonical\" href=\"https:\/\/toppikpolska.pl\/et\/produkt\/keratiinkiud-set-toppik-3x-27-5g\/\" \/>\n<meta property=\"og:locale\" content=\"et_EE\" \/>\n<meta property=\"og:type\" content=\"article\" \/>\n<meta property=\"og:title\" content=\"Keratiinkiud SET Toppik 3x 27.5g\" \/>\n<meta property=\"og:description\" content=\"Keratiinkiud SET Toppik 3x 27.5g - Keratiini mikrokiud paksendavad juukseid | Toppik Poola!\" \/>\n<meta property=\"og:url\" content=\"https:\/\/toppikpolska.pl\/et\/produkt\/keratiinkiud-set-toppik-3x-27-5g\/\" \/>\n<meta property=\"og:site_name\" content=\"Juuksekiud, keratiin, paksenemine \u2014 Toppik Eesti\" \/>\n<meta property=\"og:image\" content=\"https:\/\/toppikpolska.pl\/wp-content\/uploads\/2025\/05\/toppik3x27.jpg\" \/>\n\t<meta property=\"og:image:width\" content=\"900\" \/>\n\t<meta property=\"og:image:height\" content=\"900\" \/>\n\t<meta property=\"og:image:type\" content=\"image\/jpeg\" \/>\n<meta name=\"twitter:card\" content=\"summary_large_image\" \/>\n<meta name=\"twitter:label1\" content=\"Est. reading time\" \/>\n\t<meta name=\"twitter:data1\" content=\"2 minutit\" \/>\n<script type=\"application\/ld+json\" class=\"yoast-schema-graph\">{\"@context\":\"https:\/\/schema.org\",\"@graph\":[{\"@type\":\"WebPage\",\"@id\":\"https:\/\/toppikpolska.pl\/et\/produkt\/keratiinkiud-set-toppik-3x-27-5g\/\",\"url\":\"https:\/\/toppikpolska.pl\/et\/produkt\/keratiinkiud-set-toppik-3x-27-5g\/\",\"name\":\"Keratiinkiud SET Toppik 3x 27.5g\",\"isPartOf\":{\"@id\":\"https:\/\/toppikpolska.pl\/et\/#website\"},\"primaryImageOfPage\":{\"@id\":\"https:\/\/toppikpolska.pl\/et\/produkt\/keratiinkiud-set-toppik-3x-27-5g\/#primaryimage\"},\"image\":{\"@id\":\"https:\/\/toppikpolska.pl\/et\/produkt\/keratiinkiud-set-toppik-3x-27-5g\/#primaryimage\"},\"thumbnailUrl\":\"https:\/\/toppikpolska.pl\/wp-content\/uploads\/2025\/05\/toppik3x27.jpg\",\"datePublished\":\"2025-05-30T12:51:03+00:00\",\"description\":\"Keratiinkiud SET Toppik 3x 27.5g - Keratiini mikrokiud paksendavad juukseid | Toppik Poola!\",\"breadcrumb\":{\"@id\":\"https:\/\/toppikpolska.pl\/et\/produkt\/keratiinkiud-set-toppik-3x-27-5g\/#breadcrumb\"},\"inLanguage\":\"et\",\"potentialAction\":[{\"@type\":\"ReadAction\",\"target\":[\"https:\/\/toppikpolska.pl\/et\/produkt\/keratiinkiud-set-toppik-3x-27-5g\/\"]}]},{\"@type\":\"ImageObject\",\"inLanguage\":\"et\",\"@id\":\"https:\/\/toppikpolska.pl\/et\/produkt\/keratiinkiud-set-toppik-3x-27-5g\/#primaryimage\",\"url\":\"https:\/\/toppikpolska.pl\/wp-content\/uploads\/2025\/05\/toppik3x27.jpg\",\"contentUrl\":\"https:\/\/toppikpolska.pl\/wp-content\/uploads\/2025\/05\/toppik3x27.jpg\",\"width\":900,\"height\":900,\"caption\":\"Autori\u00f5igus Rokoko Hair Company poolt\"},{\"@type\":\"BreadcrumbList\",\"@id\":\"https:\/\/toppikpolska.pl\/et\/produkt\/keratiinkiud-set-toppik-3x-27-5g\/#breadcrumb\",\"itemListElement\":[{\"@type\":\"ListItem\",\"position\":1,\"name\":\"Avaleht\",\"item\":\"https:\/\/toppikpolska.pl\/et\/\"},{\"@type\":\"ListItem\",\"position\":2,\"name\":\"Toppik Shop &#8211; Keratiini mikrokiud juuste paksendamiseks\",\"item\":\"https:\/\/toppikpolska.pl\/et\/pood\/\"},{\"@type\":\"ListItem\",\"position\":3,\"name\":\"Keratiinkiud SET Toppik 3x 27.5g\"}]},{\"@type\":\"WebSite\",\"@id\":\"https:\/\/toppikpolska.pl\/et\/#website\",\"url\":\"https:\/\/toppikpolska.pl\/et\/\",\"name\":\"Juuksekiud, keratiin, paksenemine \u2014 Toppik Eesti\",\"description\":\"\",\"publisher\":{\"@id\":\"https:\/\/toppikpolska.pl\/et\/#organization\"},\"potentialAction\":[{\"@type\":\"SearchAction\",\"target\":{\"@type\":\"EntryPoint\",\"urlTemplate\":\"https:\/\/toppikpolska.pl\/et\/?s={search_term_string}\"},\"query-input\":{\"@type\":\"PropertyValueSpecification\",\"valueRequired\":true,\"valueName\":\"search_term_string\"}}],\"inLanguage\":\"et\"},{\"@type\":\"Organization\",\"@id\":\"https:\/\/toppikpolska.pl\/et\/#organization\",\"name\":\"Juuksekiud, keratiin, paksenemine \u2014 Toppik Eesti\",\"url\":\"https:\/\/toppikpolska.pl\/et\/\",\"logo\":{\"@type\":\"ImageObject\",\"inLanguage\":\"et\",\"@id\":\"https:\/\/toppikpolska.pl\/et\/#\/schema\/logo\/image\/\",\"url\":\"https:\/\/toppikpolska.pl\/wp-content\/uploads\/2023\/09\/logo.png\",\"contentUrl\":\"https:\/\/toppikpolska.pl\/wp-content\/uploads\/2023\/09\/logo.png\",\"width\":105,\"height\":57,\"caption\":\"Juuksekiud, keratiin, paksenemine \u2014 Toppik Eesti\"},\"image\":{\"@id\":\"https:\/\/toppikpolska.pl\/et\/#\/schema\/logo\/image\/\"}}]}<\/script>\n<!-- \/ Yoast SEO plugin. -->","yoast_head_json":{"title":"Keratiinkiud SET Toppik 3x 27.5g","description":"Keratiinkiud SET Toppik 3x 27.5g - Keratiini mikrokiud paksendavad juukseid | Toppik Poola!","robots":{"index":"index","follow":"follow","max-snippet":"max-snippet:-1","max-image-preview":"max-image-preview:large","max-video-preview":"max-video-preview:-1"},"canonical":"https:\/\/toppikpolska.pl\/et\/produkt\/keratiinkiud-set-toppik-3x-27-5g\/","og_locale":"et_EE","og_type":"article","og_title":"Keratiinkiud SET Toppik 3x 27.5g","og_description":"Keratiinkiud SET Toppik 3x 27.5g - Keratiini mikrokiud paksendavad juukseid | Toppik Poola!","og_url":"https:\/\/toppikpolska.pl\/et\/produkt\/keratiinkiud-set-toppik-3x-27-5g\/","og_site_name":"Juuksekiud, keratiin, paksenemine \u2014 Toppik Eesti","og_image":[{"width":900,"height":900,"url":"https:\/\/toppikpolska.pl\/wp-content\/uploads\/2025\/05\/toppik3x27.jpg","type":"image\/jpeg"}],"twitter_card":"summary_large_image","twitter_misc":{"Est. reading time":"2 minutit"},"schema":{"@context":"https:\/\/schema.org","@graph":[{"@type":"WebPage","@id":"https:\/\/toppikpolska.pl\/et\/produkt\/keratiinkiud-set-toppik-3x-27-5g\/","url":"https:\/\/toppikpolska.pl\/et\/produkt\/keratiinkiud-set-toppik-3x-27-5g\/","name":"Keratiinkiud SET Toppik 3x 27.5g","isPartOf":{"@id":"https:\/\/toppikpolska.pl\/et\/#website"},"primaryImageOfPage":{"@id":"https:\/\/toppikpolska.pl\/et\/produkt\/keratiinkiud-set-toppik-3x-27-5g\/#primaryimage"},"image":{"@id":"https:\/\/toppikpolska.pl\/et\/produkt\/keratiinkiud-set-toppik-3x-27-5g\/#primaryimage"},"thumbnailUrl":"https:\/\/toppikpolska.pl\/wp-content\/uploads\/2025\/05\/toppik3x27.jpg","datePublished":"2025-05-30T12:51:03+00:00","description":"Keratiinkiud SET Toppik 3x 27.5g - Keratiini mikrokiud paksendavad juukseid | Toppik Poola!","breadcrumb":{"@id":"https:\/\/toppikpolska.pl\/et\/produkt\/keratiinkiud-set-toppik-3x-27-5g\/#breadcrumb"},"inLanguage":"et","potentialAction":[{"@type":"ReadAction","target":["https:\/\/toppikpolska.pl\/et\/produkt\/keratiinkiud-set-toppik-3x-27-5g\/"]}]},{"@type":"ImageObject","inLanguage":"et","@id":"https:\/\/toppikpolska.pl\/et\/produkt\/keratiinkiud-set-toppik-3x-27-5g\/#primaryimage","url":"https:\/\/toppikpolska.pl\/wp-content\/uploads\/2025\/05\/toppik3x27.jpg","contentUrl":"https:\/\/toppikpolska.pl\/wp-content\/uploads\/2025\/05\/toppik3x27.jpg","width":900,"height":900,"caption":"Autori\u00f5igus Rokoko Hair Company poolt"},{"@type":"BreadcrumbList","@id":"https:\/\/toppikpolska.pl\/et\/produkt\/keratiinkiud-set-toppik-3x-27-5g\/#breadcrumb","itemListElement":[{"@type":"ListItem","position":1,"name":"Avaleht","item":"https:\/\/toppikpolska.pl\/et\/"},{"@type":"ListItem","position":2,"name":"Toppik Shop &#8211; Keratiini mikrokiud juuste paksendamiseks","item":"https:\/\/toppikpolska.pl\/et\/pood\/"},{"@type":"ListItem","position":3,"name":"Keratiinkiud SET Toppik 3x 27.5g"}]},{"@type":"WebSite","@id":"https:\/\/toppikpolska.pl\/et\/#website","url":"https:\/\/toppikpolska.pl\/et\/","name":"Juuksekiud, keratiin, paksenemine \u2014 Toppik Eesti","description":"","publisher":{"@id":"https:\/\/toppikpolska.pl\/et\/#organization"},"potentialAction":[{"@type":"SearchAction","target":{"@type":"EntryPoint","urlTemplate":"https:\/\/toppikpolska.pl\/et\/?s={search_term_string}"},"query-input":{"@type":"PropertyValueSpecification","valueRequired":true,"valueName":"search_term_string"}}],"inLanguage":"et"},{"@type":"Organization","@id":"https:\/\/toppikpolska.pl\/et\/#organization","name":"Juuksekiud, keratiin, paksenemine \u2014 Toppik Eesti","url":"https:\/\/toppikpolska.pl\/et\/","logo":{"@type":"ImageObject","inLanguage":"et","@id":"https:\/\/toppikpolska.pl\/et\/#\/schema\/logo\/image\/","url":"https:\/\/toppikpolska.pl\/wp-content\/uploads\/2023\/09\/logo.png","contentUrl":"https:\/\/toppikpolska.pl\/wp-content\/uploads\/2023\/09\/logo.png","width":105,"height":57,"caption":"Juuksekiud, keratiin, paksenemine \u2014 Toppik Eesti"},"image":{"@id":"https:\/\/toppikpolska.pl\/et\/#\/schema\/logo\/image\/"}}]}},"_links":{"self":[{"href":"https:\/\/toppikpolska.pl\/et\/wp-json\/wp\/v2\/product\/10167","targetHints":{"allow":["GET"]}}],"collection":[{"href":"https:\/\/toppikpolska.pl\/et\/wp-json\/wp\/v2\/product"}],"about":[{"href":"https:\/\/toppikpolska.pl\/et\/wp-json\/wp\/v2\/types\/product"}],"replies":[{"embeddable":true,"href":"https:\/\/toppikpolska.pl\/et\/wp-json\/wp\/v2\/comments?post=10167"}],"wp:featuredmedia":[{"embeddable":true,"href":"https:\/\/toppikpolska.pl\/et\/wp-json\/wp\/v2\/media\/8127"}],"wp:attachment":[{"href":"https:\/\/toppikpolska.pl\/et\/wp-json\/wp\/v2\/media?parent=10167"}],"wp:term":[{"taxonomy":"product_brand","embeddable":true,"href":"https:\/\/toppikpolska.pl\/et\/wp-json\/wp\/v2\/product_brand?post=10167"},{"taxonomy":"product_cat","embeddable":true,"href":"https:\/\/toppikpolska.pl\/et\/wp-json\/wp\/v2\/product_cat?post=10167"},{"taxonomy":"product_tag","embeddable":true,"href":"https:\/\/toppikpolska.pl\/et\/wp-json\/wp\/v2\/product_tag?post=10167"}],"curies":[{"name":"wp","href":"https:\/\/api.w.org\/{rel}","templated":true}]}}