{"id":10245,"date":"2019-02-19T18:29:08","date_gmt":"2019-02-19T17:29:08","guid":{"rendered":"https:\/\/toppikpolska.pl\/produkt\/toppik-keratiini-mikrokiud-paksendavad-juukseid\/"},"modified":"2019-02-19T18:29:08","modified_gmt":"2019-02-19T17:29:08","slug":"toppik-keratiini-mikrokiud-paksendavad-juukseid","status":"publish","type":"product","link":"https:\/\/toppikpolska.pl\/et\/produkt\/toppik-keratiini-mikrokiud-paksendavad-juukseid\/","title":{"rendered":"Toppik keratiini mikrokiud paksendavad juukseid"},"content":{"rendered":"<h3>Revolutsioonilised mikrokiud juuste tihendamiseks<\/h3>\n<p>Juuste mikrokiud koos juuste ehituskiududega on uuenduslik lahendus inimestele, kes soovivad kohest juuste paksendavat efekti. T\u00e4nu ainulaadsele mikrokiudstruktuurile nakkub toode suurep\u00e4raselt olemasolevatele juustele, luues loomuliku v\u00e4limusega tiheduskihi. Juuste paksendamiseks m\u00f5eldud mikrokiude on lihtne peale kanda ja need on saadaval erinevates toonides, v\u00f5imaldades teil ideaalselt sobitada oma loomulike juuste v\u00e4rviga. Toode on veekindel ja vastupidav, mis tagab pikaajalise efekti ka f\u00fc\u00fcsilise tegevuse v\u00f5i vihmase ilmaga. Mikrokiudude regulaarne kasutamine soodustab juuste optilist paksenemist, suurendades enesekindlust ja parandades soengu v\u00e4limust ilma kirurgilise sekkumiseta.    <\/p>\n<h3>Professionaalne juuste paksendamine kodus<\/h3>\n<p>Juukseehituskiud v\u00f5imaldavad teil juukseid professionaalselt tihendada kodust lahkumata. T\u00e4nu t\u00e4psele aplikaatorile saab juuste mikrokiud \u00fchtlaselt jaotuda \u00fcle peanaha, mis tagab \u00fchtlase ja loomuliku tulemuse. Toode t\u00f6\u00f6tab suurep\u00e4raselt teiste meie veebipoes saadaolevate juuksehooldustarvikutega, nagu kammid v\u00f5i tugevdavad \u0161ampoonid. Juukseid paksendavad mikrokiud sobivad ka erinevate stiilidega, v\u00f5imaldades teil luua soovitud soengu, muretsemata selle terve p\u00e4eva s\u00e4ilitamise p\u00e4rast. Hair Building Fibresiga saavad k\u00f5ik nautida pakse ja terve v\u00e4limusega juukseid, mis lisavad v\u00f5lu ja suurendavad loomulikku ilu.    <\/p>\n","protected":false},"excerpt":{"rendered":"<p><strong>MIDA TOODET KIRJELDATAKSE?<\/strong><br \/>\nToppiku lisakiud on valmistatud v\u00e4rvitud keratiinikiudude baasil, mis tungivad suurep\u00e4raselt juustesse ning paksendavad ja paksendavad neid koheselt visuaalselt.<\/p>\n<p>TOOTE<br \/>\n <strong>KASUTAMISE EELISED<\/strong>\u2022 T\u00e4idab koheselt h\u00f5renevate juuste<br \/>\n piirkonnad\u2022 Katab juuste<br \/>\n v\u00e4ljalangemise\u2022 Loob paksude ja paksude juuste<br \/>\n efekti\u2022 Sobib suurep\u00e4raselt soengu t\u00e4ienduseks v\u00e4rvimisseansside vahel<\/p>\n<p><strong>MIDA PEAKSITE VEEL TEADMA?<\/strong><br \/>\nToppiku kiud on vastupidavad vihmale, tuulele ja higile, nii et need annavad kasutajale kauakestva soovitud efekti olenemata ilmastikutingimustest. Neid on saadaval koguni \u00fcheksas toonis, nii et saate neid sobitada peaaegu igat v\u00e4rvi juustega. Toode toimib h\u00e4sti ka paiksete restauratsioonide korral, maskeerides restauratsioonis\u00fcsteemide kinnitusi ja t\u00e4ites juuste defekte v\u00e4rvimisseansside vahel. Toode pestakse kergesti vee ja \u0161ampooniga maha.   <\/p>\n","protected":false},"featured_media":10252,"comment_status":"closed","ping_status":"closed","template":"","meta":[],"product_brand":[],"product_cat":[46],"product_tag":[],"class_list":{"0":"post-10245","1":"product","2":"type-product","3":"status-publish","4":"has-post-thumbnail","6":"product_cat-tooted","8":"first","9":"instock","10":"shipping-taxable","11":"purchasable","12":"product-type-variable"},"yoast_head":"<!-- This site is optimized with the Yoast SEO plugin v26.6 - https:\/\/yoast.com\/wordpress\/plugins\/seo\/ -->\n<title>Toppik keratiini mikrokiud paksendavad juukseid<\/title>\n<meta name=\"description\" content=\"Toppik keratiini mikrokiud paksendavad juukseid - Keratiini mikrokiud paksendavad juukseid | Toppik Poola!\" \/>\n<meta name=\"robots\" content=\"index, follow, max-snippet:-1, max-image-preview:large, max-video-preview:-1\" \/>\n<link rel=\"canonical\" href=\"https:\/\/toppikpolska.pl\/et\/produkt\/toppik-keratiini-mikrokiud-paksendavad-juukseid\/\" \/>\n<meta property=\"og:locale\" content=\"et_EE\" \/>\n<meta property=\"og:type\" content=\"article\" \/>\n<meta property=\"og:title\" content=\"Toppik keratiini mikrokiud paksendavad juukseid\" \/>\n<meta property=\"og:description\" content=\"Toppik keratiini mikrokiud paksendavad juukseid - Keratiini mikrokiud paksendavad juukseid | Toppik Poola!\" \/>\n<meta property=\"og:url\" content=\"https:\/\/toppikpolska.pl\/et\/produkt\/toppik-keratiini-mikrokiud-paksendavad-juukseid\/\" \/>\n<meta property=\"og:site_name\" content=\"Juuksekiud, keratiin, paksenemine \u2014 Toppik Eesti\" \/>\n<meta property=\"og:image\" content=\"https:\/\/toppikpolska.pl\/wp-content\/uploads\/2025\/03\/tpk-site_pdp_productphotos_hbf_bestvalue_final_1.jpg\" \/>\n\t<meta property=\"og:image:width\" content=\"700\" \/>\n\t<meta property=\"og:image:height\" content=\"700\" \/>\n\t<meta property=\"og:image:type\" content=\"image\/jpeg\" \/>\n<meta name=\"twitter:card\" content=\"summary_large_image\" \/>\n<meta name=\"twitter:label1\" content=\"Est. reading time\" \/>\n\t<meta name=\"twitter:data1\" content=\"1 minut\" \/>\n<script type=\"application\/ld+json\" class=\"yoast-schema-graph\">{\"@context\":\"https:\/\/schema.org\",\"@graph\":[{\"@type\":\"WebPage\",\"@id\":\"https:\/\/toppikpolska.pl\/et\/produkt\/toppik-keratiini-mikrokiud-paksendavad-juukseid\/\",\"url\":\"https:\/\/toppikpolska.pl\/et\/produkt\/toppik-keratiini-mikrokiud-paksendavad-juukseid\/\",\"name\":\"Toppik keratiini mikrokiud paksendavad juukseid\",\"isPartOf\":{\"@id\":\"https:\/\/toppikpolska.pl\/et\/#website\"},\"primaryImageOfPage\":{\"@id\":\"https:\/\/toppikpolska.pl\/et\/produkt\/toppik-keratiini-mikrokiud-paksendavad-juukseid\/#primaryimage\"},\"image\":{\"@id\":\"https:\/\/toppikpolska.pl\/et\/produkt\/toppik-keratiini-mikrokiud-paksendavad-juukseid\/#primaryimage\"},\"thumbnailUrl\":\"https:\/\/toppikpolska.pl\/wp-content\/uploads\/2025\/03\/tpk-site_pdp_productphotos_hbf_bestvalue_final_1.jpg\",\"datePublished\":\"2019-02-19T17:29:08+00:00\",\"description\":\"Toppik keratiini mikrokiud paksendavad juukseid - Keratiini mikrokiud paksendavad juukseid | Toppik Poola!\",\"breadcrumb\":{\"@id\":\"https:\/\/toppikpolska.pl\/et\/produkt\/toppik-keratiini-mikrokiud-paksendavad-juukseid\/#breadcrumb\"},\"inLanguage\":\"et\",\"potentialAction\":[{\"@type\":\"ReadAction\",\"target\":[\"https:\/\/toppikpolska.pl\/et\/produkt\/toppik-keratiini-mikrokiud-paksendavad-juukseid\/\"]}]},{\"@type\":\"ImageObject\",\"inLanguage\":\"et\",\"@id\":\"https:\/\/toppikpolska.pl\/et\/produkt\/toppik-keratiini-mikrokiud-paksendavad-juukseid\/#primaryimage\",\"url\":\"https:\/\/toppikpolska.pl\/wp-content\/uploads\/2025\/03\/tpk-site_pdp_productphotos_hbf_bestvalue_final_1.jpg\",\"contentUrl\":\"https:\/\/toppikpolska.pl\/wp-content\/uploads\/2025\/03\/tpk-site_pdp_productphotos_hbf_bestvalue_final_1.jpg\",\"width\":700,\"height\":700},{\"@type\":\"BreadcrumbList\",\"@id\":\"https:\/\/toppikpolska.pl\/et\/produkt\/toppik-keratiini-mikrokiud-paksendavad-juukseid\/#breadcrumb\",\"itemListElement\":[{\"@type\":\"ListItem\",\"position\":1,\"name\":\"Avaleht\",\"item\":\"https:\/\/toppikpolska.pl\/et\/\"},{\"@type\":\"ListItem\",\"position\":2,\"name\":\"Toppik Shop &#8211; Keratiini mikrokiud juuste paksendamiseks\",\"item\":\"https:\/\/toppikpolska.pl\/et\/pood\/\"},{\"@type\":\"ListItem\",\"position\":3,\"name\":\"Toppik keratiini mikrokiud paksendavad juukseid\"}]},{\"@type\":\"WebSite\",\"@id\":\"https:\/\/toppikpolska.pl\/et\/#website\",\"url\":\"https:\/\/toppikpolska.pl\/et\/\",\"name\":\"Juuksekiud, keratiin, paksenemine \u2014 Toppik Eesti\",\"description\":\"\",\"publisher\":{\"@id\":\"https:\/\/toppikpolska.pl\/et\/#organization\"},\"potentialAction\":[{\"@type\":\"SearchAction\",\"target\":{\"@type\":\"EntryPoint\",\"urlTemplate\":\"https:\/\/toppikpolska.pl\/et\/?s={search_term_string}\"},\"query-input\":{\"@type\":\"PropertyValueSpecification\",\"valueRequired\":true,\"valueName\":\"search_term_string\"}}],\"inLanguage\":\"et\"},{\"@type\":\"Organization\",\"@id\":\"https:\/\/toppikpolska.pl\/et\/#organization\",\"name\":\"Juuksekiud, keratiin, paksenemine \u2014 Toppik Eesti\",\"url\":\"https:\/\/toppikpolska.pl\/et\/\",\"logo\":{\"@type\":\"ImageObject\",\"inLanguage\":\"et\",\"@id\":\"https:\/\/toppikpolska.pl\/et\/#\/schema\/logo\/image\/\",\"url\":\"https:\/\/toppikpolska.pl\/wp-content\/uploads\/2023\/09\/logo.png\",\"contentUrl\":\"https:\/\/toppikpolska.pl\/wp-content\/uploads\/2023\/09\/logo.png\",\"width\":105,\"height\":57,\"caption\":\"Juuksekiud, keratiin, paksenemine \u2014 Toppik Eesti\"},\"image\":{\"@id\":\"https:\/\/toppikpolska.pl\/et\/#\/schema\/logo\/image\/\"}}]}<\/script>\n<!-- \/ Yoast SEO plugin. -->","yoast_head_json":{"title":"Toppik keratiini mikrokiud paksendavad juukseid","description":"Toppik keratiini mikrokiud paksendavad juukseid - Keratiini mikrokiud paksendavad juukseid | Toppik Poola!","robots":{"index":"index","follow":"follow","max-snippet":"max-snippet:-1","max-image-preview":"max-image-preview:large","max-video-preview":"max-video-preview:-1"},"canonical":"https:\/\/toppikpolska.pl\/et\/produkt\/toppik-keratiini-mikrokiud-paksendavad-juukseid\/","og_locale":"et_EE","og_type":"article","og_title":"Toppik keratiini mikrokiud paksendavad juukseid","og_description":"Toppik keratiini mikrokiud paksendavad juukseid - Keratiini mikrokiud paksendavad juukseid | Toppik Poola!","og_url":"https:\/\/toppikpolska.pl\/et\/produkt\/toppik-keratiini-mikrokiud-paksendavad-juukseid\/","og_site_name":"Juuksekiud, keratiin, paksenemine \u2014 Toppik Eesti","og_image":[{"width":700,"height":700,"url":"https:\/\/toppikpolska.pl\/wp-content\/uploads\/2025\/03\/tpk-site_pdp_productphotos_hbf_bestvalue_final_1.jpg","type":"image\/jpeg"}],"twitter_card":"summary_large_image","twitter_misc":{"Est. reading time":"1 minut"},"schema":{"@context":"https:\/\/schema.org","@graph":[{"@type":"WebPage","@id":"https:\/\/toppikpolska.pl\/et\/produkt\/toppik-keratiini-mikrokiud-paksendavad-juukseid\/","url":"https:\/\/toppikpolska.pl\/et\/produkt\/toppik-keratiini-mikrokiud-paksendavad-juukseid\/","name":"Toppik keratiini mikrokiud paksendavad juukseid","isPartOf":{"@id":"https:\/\/toppikpolska.pl\/et\/#website"},"primaryImageOfPage":{"@id":"https:\/\/toppikpolska.pl\/et\/produkt\/toppik-keratiini-mikrokiud-paksendavad-juukseid\/#primaryimage"},"image":{"@id":"https:\/\/toppikpolska.pl\/et\/produkt\/toppik-keratiini-mikrokiud-paksendavad-juukseid\/#primaryimage"},"thumbnailUrl":"https:\/\/toppikpolska.pl\/wp-content\/uploads\/2025\/03\/tpk-site_pdp_productphotos_hbf_bestvalue_final_1.jpg","datePublished":"2019-02-19T17:29:08+00:00","description":"Toppik keratiini mikrokiud paksendavad juukseid - Keratiini mikrokiud paksendavad juukseid | Toppik Poola!","breadcrumb":{"@id":"https:\/\/toppikpolska.pl\/et\/produkt\/toppik-keratiini-mikrokiud-paksendavad-juukseid\/#breadcrumb"},"inLanguage":"et","potentialAction":[{"@type":"ReadAction","target":["https:\/\/toppikpolska.pl\/et\/produkt\/toppik-keratiini-mikrokiud-paksendavad-juukseid\/"]}]},{"@type":"ImageObject","inLanguage":"et","@id":"https:\/\/toppikpolska.pl\/et\/produkt\/toppik-keratiini-mikrokiud-paksendavad-juukseid\/#primaryimage","url":"https:\/\/toppikpolska.pl\/wp-content\/uploads\/2025\/03\/tpk-site_pdp_productphotos_hbf_bestvalue_final_1.jpg","contentUrl":"https:\/\/toppikpolska.pl\/wp-content\/uploads\/2025\/03\/tpk-site_pdp_productphotos_hbf_bestvalue_final_1.jpg","width":700,"height":700},{"@type":"BreadcrumbList","@id":"https:\/\/toppikpolska.pl\/et\/produkt\/toppik-keratiini-mikrokiud-paksendavad-juukseid\/#breadcrumb","itemListElement":[{"@type":"ListItem","position":1,"name":"Avaleht","item":"https:\/\/toppikpolska.pl\/et\/"},{"@type":"ListItem","position":2,"name":"Toppik Shop &#8211; Keratiini mikrokiud juuste paksendamiseks","item":"https:\/\/toppikpolska.pl\/et\/pood\/"},{"@type":"ListItem","position":3,"name":"Toppik keratiini mikrokiud paksendavad juukseid"}]},{"@type":"WebSite","@id":"https:\/\/toppikpolska.pl\/et\/#website","url":"https:\/\/toppikpolska.pl\/et\/","name":"Juuksekiud, keratiin, paksenemine \u2014 Toppik Eesti","description":"","publisher":{"@id":"https:\/\/toppikpolska.pl\/et\/#organization"},"potentialAction":[{"@type":"SearchAction","target":{"@type":"EntryPoint","urlTemplate":"https:\/\/toppikpolska.pl\/et\/?s={search_term_string}"},"query-input":{"@type":"PropertyValueSpecification","valueRequired":true,"valueName":"search_term_string"}}],"inLanguage":"et"},{"@type":"Organization","@id":"https:\/\/toppikpolska.pl\/et\/#organization","name":"Juuksekiud, keratiin, paksenemine \u2014 Toppik Eesti","url":"https:\/\/toppikpolska.pl\/et\/","logo":{"@type":"ImageObject","inLanguage":"et","@id":"https:\/\/toppikpolska.pl\/et\/#\/schema\/logo\/image\/","url":"https:\/\/toppikpolska.pl\/wp-content\/uploads\/2023\/09\/logo.png","contentUrl":"https:\/\/toppikpolska.pl\/wp-content\/uploads\/2023\/09\/logo.png","width":105,"height":57,"caption":"Juuksekiud, keratiin, paksenemine \u2014 Toppik Eesti"},"image":{"@id":"https:\/\/toppikpolska.pl\/et\/#\/schema\/logo\/image\/"}}]}},"_links":{"self":[{"href":"https:\/\/toppikpolska.pl\/et\/wp-json\/wp\/v2\/product\/10245","targetHints":{"allow":["GET"]}}],"collection":[{"href":"https:\/\/toppikpolska.pl\/et\/wp-json\/wp\/v2\/product"}],"about":[{"href":"https:\/\/toppikpolska.pl\/et\/wp-json\/wp\/v2\/types\/product"}],"replies":[{"embeddable":true,"href":"https:\/\/toppikpolska.pl\/et\/wp-json\/wp\/v2\/comments?post=10245"}],"wp:featuredmedia":[{"embeddable":true,"href":"https:\/\/toppikpolska.pl\/et\/wp-json\/wp\/v2\/media\/10252"}],"wp:attachment":[{"href":"https:\/\/toppikpolska.pl\/et\/wp-json\/wp\/v2\/media?parent=10245"}],"wp:term":[{"taxonomy":"product_brand","embeddable":true,"href":"https:\/\/toppikpolska.pl\/et\/wp-json\/wp\/v2\/product_brand?post=10245"},{"taxonomy":"product_cat","embeddable":true,"href":"https:\/\/toppikpolska.pl\/et\/wp-json\/wp\/v2\/product_cat?post=10245"},{"taxonomy":"product_tag","embeddable":true,"href":"https:\/\/toppikpolska.pl\/et\/wp-json\/wp\/v2\/product_tag?post=10245"}],"curies":[{"name":"wp","href":"https:\/\/api.w.org\/{rel}","templated":true}]}}