{"id":9112,"date":"2025-05-30T16:08:02","date_gmt":"2025-05-30T14:08:02","guid":{"rendered":"https:\/\/toppikpolska.pl\/produkt\/mikrokiust-juuste-paksendaja-12g-juuksepiiri-optimeerija\/"},"modified":"2025-10-07T15:05:39","modified_gmt":"2025-10-07T13:05:39","slug":"mikrokiust-juuste-paksendaja-12g-juuksepiiri-optimeerija","status":"publish","type":"product","link":"https:\/\/toppikpolska.pl\/et\/produkt\/mikrokiust-juuste-paksendaja-12g-juuksepiiri-optimeerija\/","title":{"rendered":"Mikrokiust juuste paksendaja 12g + juuksepiiri optimeerija"},"content":{"rendered":"<p><strong>MIDA PEAKSITE VEEL TEADMA?<\/strong><br \/>\nToppiku kiud on vastupidavad vihmale, tuulele ja higile, nii et need annavad kasutajale kauakestva soovitud efekti olenemata ilmastikutingimustest. Neid on saadaval koguni \u00fcheksas toonis, nii et saate neid sobitada peaaegu igat v\u00e4rvi juustega. Toode toimib h\u00e4sti ka paiksete restauratsioonide korral, maskeerides restauratsioonis\u00fcsteemide kinnitusi ja t\u00e4ites juuste defekte v\u00e4rvimisseansside vahel. Toode pestakse kergesti vee ja \u0161ampooniga maha.<\/p>\n<p><strong>MIDA TOODET KIRJELDATAKSE?<\/strong><br \/>\nToppik Optimizing Comb on toode, mis h\u00f5lbustab loomuliku juuksepiiri s\u00e4ilitamist Toppiku kiudude pealekandmisel.<\/p>\n<p>TOOTE<br \/>\n <strong>KASUTAMISE EELISED<\/strong>\u2022 V\u00e4ldib harjaste<br \/>\n ebaloomulikku v\u00e4limust\u2022 Muudab juuksed loomulikuks ja paksuks<br \/>\n\u2022 Hoiab \u00e4ra harjaste kukkumise otsaesisele<\/p>\n<p><strong>MIDA PEAKSITE VEEL TEADMA?<\/strong><br \/>\nKui soovite saavutada veelgi rahuldavamaid tulemusi, on soovitatav kasutada spetsiaalset Toppiku aplikaatorit.<\/p>\n<h3>Mikrokiudude t\u00e4pne pealekandmine Toppik 12g kammiga<\/h3>\n<p>Toppik 12g kamm on juuste paksendamise protsessis asendamatu t\u00f6\u00f6riist, mis on loodud spetsiaalselt mikrokiudude pealekandmiseks. T\u00e4nu ergonoomilisele kujule ja t\u00e4psetele hammastele v\u00f5imaldab kamm kiud \u00fchtlaselt juustele jaotuda, mis tagab loomuliku ja tiheda v\u00e4limuse. Ideaalne neile, kellel on \u00f5hukesed juuksed, muudab see aplikaator juuste tihendamise lihtsaks, minimeerides toote j\u00e4\u00e4ke ja pakkudes p\u00fcsivat efekti kogu p\u00e4evaks. Toppik 12g kamm on kerge ja h\u00f5lpsasti kasutatav, mis muudab igap\u00e4evase hoolduse kiireks ja t\u00f5husaks. See muudab juuste paksenemise lihtsamaks kui kunagi varem, v\u00f5imaldades nautida t\u00e4idlasemat soengut ilma spetsialisti k\u00fclastamata.<\/p>\n<h3>Mitmek\u00fclgne kamm paksude ja tervete juuste jaoks<\/h3>\n<p>Toppik 12g kamm pole mitte ainult kiudude aplikaator, vaid ka mitmek\u00fclgne vahend paksude juuste igap\u00e4evaseks hooldamiseks. T\u00e4nu spetsiaalselt disainitud hammastele kammib kamm suurep\u00e4raselt \u00f5hukesi juukseid, v\u00e4ltides kahjustusi ja rabedust. Kamm sobib ideaalselt kasutamiseks nii kuivadel kui ka niisketel juustel, toetab juuste paksenemisprotsessi, suurendades nende vol\u00fc\u00fcmi ja t\u00e4idlust. Lisaks t\u00f6\u00f6tab Toppik 12g kamm koos teiste meie tootevaliku toodetega, nagu \u0161ampoonid ja tugevdavad palsamid, et luua terviklik juuste paksendamise s\u00fcsteem. T\u00e4nu sellele saavad kasutajad iga p\u00e4ev nautida mitte ainult pakse, vaid ka terveid ja l\u00e4ikivaid juukseid. Toppik 12g kamm on ideaalne lahendus neile, kes otsivad t\u00f5husaid meetodeid juuste paksendamiseks ilma kompromissideta.<\/p>\n","protected":false},"excerpt":{"rendered":"<p>S\u00e4\u00e4stke koguni 8 zlotti, ostes Toppik Hair Fibers 12 g komplekti ja Toppik optimeeriva kammi!<\/p>\n<p><strong>MIDA TOODET KIRJELDATAKSE?<\/strong><br \/>\nToppiku lisakiud on valmistatud v\u00e4rvitud keratiinikiudude baasil, mis tungivad suurep\u00e4raselt juustesse ning paksendavad ja paksendavad neid koheselt visuaalselt.<\/p>\n<p>TOOTE<br \/>\n <strong>KASUTAMISE EELISED<\/strong>\u2022 T\u00e4idab koheselt h\u00f5renevate juuste<br \/>\n piirkonnad\u2022 Katab juuste<br \/>\n v\u00e4ljalangemise\u2022 Loob paksude ja paksude juuste<br \/>\n efekti\u2022 Sobib suurep\u00e4raselt soengu t\u00e4ienduseks v\u00e4rvimisseansside vahel<\/p>\n","protected":false},"featured_media":6070,"comment_status":"closed","ping_status":"closed","template":"","meta":[],"product_brand":[],"product_cat":[15],"product_tag":[],"class_list":{"0":"post-9112","1":"product","2":"type-product","3":"status-publish","4":"has-post-thumbnail","6":"product_cat-produkty","8":"first","9":"instock","10":"shipping-taxable","11":"purchasable","12":"product-type-variable"},"yoast_head":"<!-- This site is optimized with the Yoast SEO plugin v26.6 - https:\/\/yoast.com\/wordpress\/plugins\/seo\/ -->\n<title>Mikrokiust juuste paksendaja 12g + juuksepiiri optimeerija<\/title>\n<meta name=\"description\" content=\"Mikrokiust juuste paksendaja 12g + juuksepiiri optimeerija - Keratiini mikrokiud paksendavad juukseid | Toppik Poola!\" \/>\n<meta name=\"robots\" content=\"index, follow, max-snippet:-1, max-image-preview:large, max-video-preview:-1\" \/>\n<link rel=\"canonical\" href=\"https:\/\/toppikpolska.pl\/et\/produkt\/mikrokiust-juuste-paksendaja-12g-juuksepiiri-optimeerija\/\" \/>\n<meta property=\"og:locale\" content=\"et_EE\" \/>\n<meta property=\"og:type\" content=\"article\" \/>\n<meta property=\"og:title\" content=\"Mikrokiust juuste paksendaja 12g + juuksepiiri optimeerija\" \/>\n<meta property=\"og:description\" content=\"Mikrokiust juuste paksendaja 12g + juuksepiiri optimeerija - Keratiini mikrokiud paksendavad juukseid | Toppik Poola!\" \/>\n<meta property=\"og:url\" content=\"https:\/\/toppikpolska.pl\/et\/produkt\/mikrokiust-juuste-paksendaja-12g-juuksepiiri-optimeerija\/\" \/>\n<meta property=\"og:site_name\" content=\"Juuksekiud, keratiin, paksenemine \u2014 Toppik Eesti\" \/>\n<meta property=\"article:modified_time\" content=\"2025-10-07T13:05:39+00:00\" \/>\n<meta property=\"og:image\" content=\"https:\/\/toppikpolska.pl\/wp-content\/uploads\/2025\/03\/toppik12_optimizer.jpg\" \/>\n\t<meta property=\"og:image:width\" content=\"900\" \/>\n\t<meta property=\"og:image:height\" content=\"900\" \/>\n\t<meta property=\"og:image:type\" content=\"image\/jpeg\" \/>\n<meta name=\"twitter:card\" content=\"summary_large_image\" \/>\n<meta name=\"twitter:label1\" content=\"Est. reading time\" \/>\n\t<meta name=\"twitter:data1\" content=\"2 minutit\" \/>\n<script type=\"application\/ld+json\" class=\"yoast-schema-graph\">{\"@context\":\"https:\/\/schema.org\",\"@graph\":[{\"@type\":\"WebPage\",\"@id\":\"https:\/\/toppikpolska.pl\/et\/produkt\/mikrokiust-juuste-paksendaja-12g-juuksepiiri-optimeerija\/\",\"url\":\"https:\/\/toppikpolska.pl\/et\/produkt\/mikrokiust-juuste-paksendaja-12g-juuksepiiri-optimeerija\/\",\"name\":\"Mikrokiust juuste paksendaja 12g + juuksepiiri optimeerija\",\"isPartOf\":{\"@id\":\"https:\/\/toppikpolska.pl\/et\/#website\"},\"primaryImageOfPage\":{\"@id\":\"https:\/\/toppikpolska.pl\/et\/produkt\/mikrokiust-juuste-paksendaja-12g-juuksepiiri-optimeerija\/#primaryimage\"},\"image\":{\"@id\":\"https:\/\/toppikpolska.pl\/et\/produkt\/mikrokiust-juuste-paksendaja-12g-juuksepiiri-optimeerija\/#primaryimage\"},\"thumbnailUrl\":\"https:\/\/toppikpolska.pl\/wp-content\/uploads\/2025\/03\/toppik12_optimizer.jpg\",\"datePublished\":\"2025-05-30T14:08:02+00:00\",\"dateModified\":\"2025-10-07T13:05:39+00:00\",\"description\":\"Mikrokiust juuste paksendaja 12g + juuksepiiri optimeerija - Keratiini mikrokiud paksendavad juukseid | Toppik Poola!\",\"breadcrumb\":{\"@id\":\"https:\/\/toppikpolska.pl\/et\/produkt\/mikrokiust-juuste-paksendaja-12g-juuksepiiri-optimeerija\/#breadcrumb\"},\"inLanguage\":\"et\",\"potentialAction\":[{\"@type\":\"ReadAction\",\"target\":[\"https:\/\/toppikpolska.pl\/et\/produkt\/mikrokiust-juuste-paksendaja-12g-juuksepiiri-optimeerija\/\"]}]},{\"@type\":\"ImageObject\",\"inLanguage\":\"et\",\"@id\":\"https:\/\/toppikpolska.pl\/et\/produkt\/mikrokiust-juuste-paksendaja-12g-juuksepiiri-optimeerija\/#primaryimage\",\"url\":\"https:\/\/toppikpolska.pl\/wp-content\/uploads\/2025\/03\/toppik12_optimizer.jpg\",\"contentUrl\":\"https:\/\/toppikpolska.pl\/wp-content\/uploads\/2025\/03\/toppik12_optimizer.jpg\",\"width\":900,\"height\":900,\"caption\":\"Zestaw Toppik 12g + optimizer\"},{\"@type\":\"BreadcrumbList\",\"@id\":\"https:\/\/toppikpolska.pl\/et\/produkt\/mikrokiust-juuste-paksendaja-12g-juuksepiiri-optimeerija\/#breadcrumb\",\"itemListElement\":[{\"@type\":\"ListItem\",\"position\":1,\"name\":\"Avaleht\",\"item\":\"https:\/\/toppikpolska.pl\/et\/\"},{\"@type\":\"ListItem\",\"position\":2,\"name\":\"Toppik Shop &#8211; Keratiini mikrokiud juuste paksendamiseks\",\"item\":\"https:\/\/toppikpolska.pl\/et\/pood\/\"},{\"@type\":\"ListItem\",\"position\":3,\"name\":\"Mikrokiust juuste paksendaja 12g + juuksepiiri optimeerija\"}]},{\"@type\":\"WebSite\",\"@id\":\"https:\/\/toppikpolska.pl\/et\/#website\",\"url\":\"https:\/\/toppikpolska.pl\/et\/\",\"name\":\"Juuksekiud, keratiin, paksenemine \u2014 Toppik Eesti\",\"description\":\"\",\"publisher\":{\"@id\":\"https:\/\/toppikpolska.pl\/et\/#organization\"},\"potentialAction\":[{\"@type\":\"SearchAction\",\"target\":{\"@type\":\"EntryPoint\",\"urlTemplate\":\"https:\/\/toppikpolska.pl\/et\/?s={search_term_string}\"},\"query-input\":{\"@type\":\"PropertyValueSpecification\",\"valueRequired\":true,\"valueName\":\"search_term_string\"}}],\"inLanguage\":\"et\"},{\"@type\":\"Organization\",\"@id\":\"https:\/\/toppikpolska.pl\/et\/#organization\",\"name\":\"Juuksekiud, keratiin, paksenemine \u2014 Toppik Eesti\",\"url\":\"https:\/\/toppikpolska.pl\/et\/\",\"logo\":{\"@type\":\"ImageObject\",\"inLanguage\":\"et\",\"@id\":\"https:\/\/toppikpolska.pl\/et\/#\/schema\/logo\/image\/\",\"url\":\"https:\/\/toppikpolska.pl\/wp-content\/uploads\/2023\/09\/logo.png\",\"contentUrl\":\"https:\/\/toppikpolska.pl\/wp-content\/uploads\/2023\/09\/logo.png\",\"width\":105,\"height\":57,\"caption\":\"Juuksekiud, keratiin, paksenemine \u2014 Toppik Eesti\"},\"image\":{\"@id\":\"https:\/\/toppikpolska.pl\/et\/#\/schema\/logo\/image\/\"}}]}<\/script>\n<!-- \/ Yoast SEO plugin. -->","yoast_head_json":{"title":"Mikrokiust juuste paksendaja 12g + juuksepiiri optimeerija","description":"Mikrokiust juuste paksendaja 12g + juuksepiiri optimeerija - Keratiini mikrokiud paksendavad juukseid | Toppik Poola!","robots":{"index":"index","follow":"follow","max-snippet":"max-snippet:-1","max-image-preview":"max-image-preview:large","max-video-preview":"max-video-preview:-1"},"canonical":"https:\/\/toppikpolska.pl\/et\/produkt\/mikrokiust-juuste-paksendaja-12g-juuksepiiri-optimeerija\/","og_locale":"et_EE","og_type":"article","og_title":"Mikrokiust juuste paksendaja 12g + juuksepiiri optimeerija","og_description":"Mikrokiust juuste paksendaja 12g + juuksepiiri optimeerija - Keratiini mikrokiud paksendavad juukseid | Toppik Poola!","og_url":"https:\/\/toppikpolska.pl\/et\/produkt\/mikrokiust-juuste-paksendaja-12g-juuksepiiri-optimeerija\/","og_site_name":"Juuksekiud, keratiin, paksenemine \u2014 Toppik Eesti","article_modified_time":"2025-10-07T13:05:39+00:00","og_image":[{"width":900,"height":900,"url":"https:\/\/toppikpolska.pl\/wp-content\/uploads\/2025\/03\/toppik12_optimizer.jpg","type":"image\/jpeg"}],"twitter_card":"summary_large_image","twitter_misc":{"Est. reading time":"2 minutit"},"schema":{"@context":"https:\/\/schema.org","@graph":[{"@type":"WebPage","@id":"https:\/\/toppikpolska.pl\/et\/produkt\/mikrokiust-juuste-paksendaja-12g-juuksepiiri-optimeerija\/","url":"https:\/\/toppikpolska.pl\/et\/produkt\/mikrokiust-juuste-paksendaja-12g-juuksepiiri-optimeerija\/","name":"Mikrokiust juuste paksendaja 12g + juuksepiiri optimeerija","isPartOf":{"@id":"https:\/\/toppikpolska.pl\/et\/#website"},"primaryImageOfPage":{"@id":"https:\/\/toppikpolska.pl\/et\/produkt\/mikrokiust-juuste-paksendaja-12g-juuksepiiri-optimeerija\/#primaryimage"},"image":{"@id":"https:\/\/toppikpolska.pl\/et\/produkt\/mikrokiust-juuste-paksendaja-12g-juuksepiiri-optimeerija\/#primaryimage"},"thumbnailUrl":"https:\/\/toppikpolska.pl\/wp-content\/uploads\/2025\/03\/toppik12_optimizer.jpg","datePublished":"2025-05-30T14:08:02+00:00","dateModified":"2025-10-07T13:05:39+00:00","description":"Mikrokiust juuste paksendaja 12g + juuksepiiri optimeerija - Keratiini mikrokiud paksendavad juukseid | Toppik Poola!","breadcrumb":{"@id":"https:\/\/toppikpolska.pl\/et\/produkt\/mikrokiust-juuste-paksendaja-12g-juuksepiiri-optimeerija\/#breadcrumb"},"inLanguage":"et","potentialAction":[{"@type":"ReadAction","target":["https:\/\/toppikpolska.pl\/et\/produkt\/mikrokiust-juuste-paksendaja-12g-juuksepiiri-optimeerija\/"]}]},{"@type":"ImageObject","inLanguage":"et","@id":"https:\/\/toppikpolska.pl\/et\/produkt\/mikrokiust-juuste-paksendaja-12g-juuksepiiri-optimeerija\/#primaryimage","url":"https:\/\/toppikpolska.pl\/wp-content\/uploads\/2025\/03\/toppik12_optimizer.jpg","contentUrl":"https:\/\/toppikpolska.pl\/wp-content\/uploads\/2025\/03\/toppik12_optimizer.jpg","width":900,"height":900,"caption":"Zestaw Toppik 12g + optimizer"},{"@type":"BreadcrumbList","@id":"https:\/\/toppikpolska.pl\/et\/produkt\/mikrokiust-juuste-paksendaja-12g-juuksepiiri-optimeerija\/#breadcrumb","itemListElement":[{"@type":"ListItem","position":1,"name":"Avaleht","item":"https:\/\/toppikpolska.pl\/et\/"},{"@type":"ListItem","position":2,"name":"Toppik Shop &#8211; Keratiini mikrokiud juuste paksendamiseks","item":"https:\/\/toppikpolska.pl\/et\/pood\/"},{"@type":"ListItem","position":3,"name":"Mikrokiust juuste paksendaja 12g + juuksepiiri optimeerija"}]},{"@type":"WebSite","@id":"https:\/\/toppikpolska.pl\/et\/#website","url":"https:\/\/toppikpolska.pl\/et\/","name":"Juuksekiud, keratiin, paksenemine \u2014 Toppik Eesti","description":"","publisher":{"@id":"https:\/\/toppikpolska.pl\/et\/#organization"},"potentialAction":[{"@type":"SearchAction","target":{"@type":"EntryPoint","urlTemplate":"https:\/\/toppikpolska.pl\/et\/?s={search_term_string}"},"query-input":{"@type":"PropertyValueSpecification","valueRequired":true,"valueName":"search_term_string"}}],"inLanguage":"et"},{"@type":"Organization","@id":"https:\/\/toppikpolska.pl\/et\/#organization","name":"Juuksekiud, keratiin, paksenemine \u2014 Toppik Eesti","url":"https:\/\/toppikpolska.pl\/et\/","logo":{"@type":"ImageObject","inLanguage":"et","@id":"https:\/\/toppikpolska.pl\/et\/#\/schema\/logo\/image\/","url":"https:\/\/toppikpolska.pl\/wp-content\/uploads\/2023\/09\/logo.png","contentUrl":"https:\/\/toppikpolska.pl\/wp-content\/uploads\/2023\/09\/logo.png","width":105,"height":57,"caption":"Juuksekiud, keratiin, paksenemine \u2014 Toppik Eesti"},"image":{"@id":"https:\/\/toppikpolska.pl\/et\/#\/schema\/logo\/image\/"}}]}},"_links":{"self":[{"href":"https:\/\/toppikpolska.pl\/et\/wp-json\/wp\/v2\/product\/9112","targetHints":{"allow":["GET"]}}],"collection":[{"href":"https:\/\/toppikpolska.pl\/et\/wp-json\/wp\/v2\/product"}],"about":[{"href":"https:\/\/toppikpolska.pl\/et\/wp-json\/wp\/v2\/types\/product"}],"replies":[{"embeddable":true,"href":"https:\/\/toppikpolska.pl\/et\/wp-json\/wp\/v2\/comments?post=9112"}],"wp:featuredmedia":[{"embeddable":true,"href":"https:\/\/toppikpolska.pl\/et\/wp-json\/wp\/v2\/media\/6070"}],"wp:attachment":[{"href":"https:\/\/toppikpolska.pl\/et\/wp-json\/wp\/v2\/media?parent=9112"}],"wp:term":[{"taxonomy":"product_brand","embeddable":true,"href":"https:\/\/toppikpolska.pl\/et\/wp-json\/wp\/v2\/product_brand?post=9112"},{"taxonomy":"product_cat","embeddable":true,"href":"https:\/\/toppikpolska.pl\/et\/wp-json\/wp\/v2\/product_cat?post=9112"},{"taxonomy":"product_tag","embeddable":true,"href":"https:\/\/toppikpolska.pl\/et\/wp-json\/wp\/v2\/product_tag?post=9112"}],"curies":[{"name":"wp","href":"https:\/\/api.w.org\/{rel}","templated":true}]}}