{"id":9590,"date":"2019-01-25T15:48:04","date_gmt":"2019-01-25T14:48:04","guid":{"rendered":"https:\/\/toppikpolska.pl\/produkt\/toppik-aplikaator\/"},"modified":"2025-10-10T13:29:57","modified_gmt":"2025-10-10T11:29:57","slug":"toppik-aplikaator","status":"publish","type":"product","link":"https:\/\/toppikpolska.pl\/et\/produkt\/toppik-aplikaator\/","title":{"rendered":"Toppik aplikaator"},"content":{"rendered":"<h3>Mida toodet kirjeldatakse?<\/h3>\n<p>Toppiku aplikaator on patenteeritud toode, mida saab paigaldada \u00f6konoomsete ja standardsuurustega Toppiku kiududega pudelitele, et suurendada pealekandmise t\u00e4psust.<\/p>\n<h3>T\u00e4pne pealekandmine juuste t\u00e4iuslikuks paksendamiseks<\/h3>\n<p>Toppik Aplikator Spray on h\u00e4davajalik vahend neile, kes soovivad saavutada juuste loomulikku ja p\u00fcsivat paksenemist. T\u00e4nu ergonoomilisele disainile ja t\u00e4psele pihustamisele v\u00f5imaldab toppik aplikaator \u00fchtlaselt kanda mikrokiude \u00f5hukestele ja h\u00f5renevatele juuksel\u00f5ikudele. Juuste paksendamise aplikaator tagab kasutusmugavuse, minimeerib toote j\u00e4\u00e4tmeid ja annab paksudele juustele loomuliku v\u00e4limuse. Olenemata sellest, kas kasutate seda koos juuste h\u00f5\u00f5rumise, v\u00e4rvide v\u00f5i muude hooldustoodetega, sobib pihustusaplikaator suurep\u00e4raselt teie igap\u00e4evaseks nahahooldusrutiiniks, suurendades t\u00f5husust ja kasutusmugavust. Selle t\u00f6\u00f6riista abil muutub juuste paksenemise protsess kiireks, t\u00e4pseks ja probleemivabaks, v\u00f5imaldades teil iga p\u00e4ev nautida t\u00e4idlasemat ja paksemat soengut.    <\/p>\n<h3>Mitmek\u00fclgne aplikaator erinevateks hooldusrakendusteks<\/h3>\n<p>Toppik juuste h\u00f5\u00f5rumise, v\u00e4rvimise v\u00f5i paksendamise aplikaator on universaalne t\u00f6\u00f6riist, mis vastab ka k\u00f5ige n\u00f5udlikumate kasutajate ootustele. Pihustusvoolu reguleerimise v\u00f5imalusega toppik aplikaator v\u00f5imaldab teil kohandada toote kogust vastavalt oma individuaalsetele vajadustele, mis on \u00fclioluline paksude juuste saavutamiseks ilma \u00fclekaaluka efektita. Ideaalne nii professionaalidele kui ka neile, kes kasutavad tooteid kodus, juuksev\u00e4rvi aplikaator tagab v\u00e4rvi \u00fchtlase jaotumise, minimeerides plekkide ja eba\u00fchtlase v\u00e4rvimise ohtu. Selle vastupidav disain ja puhastamise lihtsus muudavad selle asendamatuks t\u00f6\u00f6riistaks igas kosmeetikakotis, toetades t\u00f5husat juuste paksenemist ja igak\u00fclgset hooldust. Selle aplikaatoriga muutub juuksehooldusprotsessi iga samm lihtsamaks ja t\u00f5husamaks, v\u00f5imaldades teil h\u00f5lpsalt oma unistuste soengu saavutada.    <\/p>\n<h3>Toote kasutamise eelised<\/h3>\n<p>\u2022 H\u00f5lbustab kiudude t\u00e4psemat pealekandmist pea konkreetsetele piirkondadele<br \/>\n\u2022 Tagab t\u00e4pse pealekandmise v\u00e4ikestele karvastele nahalaikudele<\/p>\n<h3>Mida peaksite veel teadma?<\/h3>\n<p>Kasutage nii aplikaatorit kui ka optimeerivat kammi, kui kannate kiude juuksepiiri piirkonda. Aplikaatorit saate kasutada ka kiudude pealekandmiseks kogu piirkonnas, hallide juuste peitmiseks v\u00f5i pikenduste kinnitamise kohtade peitmiseks. Aplikaatorit saab kanda pudelitele, mille kiud on standardsuuruses (12 g) ja \u00f6konoomses suuruses (27,5 g).  <\/p>\n","protected":false},"excerpt":{"rendered":"<p><strong>MIDA TOODET KIRJELDATAKSE?<\/strong><br \/>\nToppiku aplikaator on patenteeritud toode, mida saab paigaldada \u00f6konoomsete ja standardsuurustega Toppiku kiududega pudelitele, et suurendada pealekandmise t\u00e4psust.<\/p>\n<p>TOOTE<br \/>\n <strong>KASUTAMISE EELISED<\/strong>\u2022 H\u00f5lbustab kiudude t\u00e4psemat pealekandmist peanaha konkreetsetele piirkondadele<br \/>\n\u2022 Tagab t\u00e4pse pealekandmise v\u00e4ikestele karvastele nahalaikudele<\/p>\n<p><strong>MIDA PEAKSITE VEEL TEADMA?<\/strong><br \/>\nKasutage nii aplikaatorit kui ka optimeerivat kammi, kui kannate kiude juuksepiiri piirkonda. Aplikaatorit saate kasutada ka kiudude pealekandmiseks kogu piirkonnas, hallide juuste peitmiseks v\u00f5i pikenduste kinnitamise kohtade peitmiseks. Aplikaatorit saab kanda pudelitele, mille kiud on standardsuuruses (12 g) ja \u00f6konoomses suuruses (27,5 g).  <\/p>\n","protected":false},"featured_media":126,"comment_status":"closed","ping_status":"closed","template":"","meta":[],"product_brand":[],"product_cat":[15,46],"product_tag":[],"class_list":{"0":"post-9590","1":"product","2":"type-product","3":"status-publish","4":"has-post-thumbnail","6":"product_cat-produkty","7":"product_cat-tooted","9":"first","10":"instock","11":"purchasable","12":"product-type-simple"},"yoast_head":"<!-- This site is optimized with the Yoast SEO plugin v26.6 - https:\/\/yoast.com\/wordpress\/plugins\/seo\/ -->\n<title>Toppik aplikaator<\/title>\n<meta name=\"description\" content=\"Toppik aplikaator - Keratiini mikrokiud paksendavad juukseid | Toppik Poola!\" \/>\n<meta name=\"robots\" content=\"index, follow, max-snippet:-1, max-image-preview:large, max-video-preview:-1\" \/>\n<link rel=\"canonical\" href=\"https:\/\/toppikpolska.pl\/et\/produkt\/toppik-aplikaator\/\" \/>\n<meta property=\"og:locale\" content=\"et_EE\" \/>\n<meta property=\"og:type\" content=\"article\" \/>\n<meta property=\"og:title\" content=\"Toppik aplikaator\" \/>\n<meta property=\"og:description\" content=\"Toppik aplikaator - Keratiini mikrokiud paksendavad juukseid | Toppik Poola!\" \/>\n<meta property=\"og:url\" content=\"https:\/\/toppikpolska.pl\/et\/produkt\/toppik-aplikaator\/\" \/>\n<meta property=\"og:site_name\" content=\"Juuksekiud, keratiin, paksenemine \u2014 Toppik Eesti\" \/>\n<meta property=\"article:modified_time\" content=\"2025-10-10T11:29:57+00:00\" \/>\n<meta property=\"og:image\" content=\"https:\/\/toppikpolska.pl\/wp-content\/uploads\/2023\/11\/spray-applicator_1940x1940.jpg\" \/>\n\t<meta property=\"og:image:width\" content=\"700\" \/>\n\t<meta property=\"og:image:height\" content=\"700\" \/>\n\t<meta property=\"og:image:type\" content=\"image\/jpeg\" \/>\n<meta name=\"twitter:card\" content=\"summary_large_image\" \/>\n<meta name=\"twitter:label1\" content=\"Est. reading time\" \/>\n\t<meta name=\"twitter:data1\" content=\"2 minutit\" \/>\n<script type=\"application\/ld+json\" class=\"yoast-schema-graph\">{\"@context\":\"https:\/\/schema.org\",\"@graph\":[{\"@type\":\"WebPage\",\"@id\":\"https:\/\/toppikpolska.pl\/et\/produkt\/toppik-aplikaator\/\",\"url\":\"https:\/\/toppikpolska.pl\/et\/produkt\/toppik-aplikaator\/\",\"name\":\"Toppik aplikaator\",\"isPartOf\":{\"@id\":\"https:\/\/toppikpolska.pl\/et\/#website\"},\"primaryImageOfPage\":{\"@id\":\"https:\/\/toppikpolska.pl\/et\/produkt\/toppik-aplikaator\/#primaryimage\"},\"image\":{\"@id\":\"https:\/\/toppikpolska.pl\/et\/produkt\/toppik-aplikaator\/#primaryimage\"},\"thumbnailUrl\":\"https:\/\/toppikpolska.pl\/wp-content\/uploads\/2023\/11\/spray-applicator_1940x1940.jpg\",\"datePublished\":\"2019-01-25T14:48:04+00:00\",\"dateModified\":\"2025-10-10T11:29:57+00:00\",\"description\":\"Toppik aplikaator - Keratiini mikrokiud paksendavad juukseid | Toppik Poola!\",\"breadcrumb\":{\"@id\":\"https:\/\/toppikpolska.pl\/et\/produkt\/toppik-aplikaator\/#breadcrumb\"},\"inLanguage\":\"et\",\"potentialAction\":[{\"@type\":\"ReadAction\",\"target\":[\"https:\/\/toppikpolska.pl\/et\/produkt\/toppik-aplikaator\/\"]}]},{\"@type\":\"ImageObject\",\"inLanguage\":\"et\",\"@id\":\"https:\/\/toppikpolska.pl\/et\/produkt\/toppik-aplikaator\/#primaryimage\",\"url\":\"https:\/\/toppikpolska.pl\/wp-content\/uploads\/2023\/11\/spray-applicator_1940x1940.jpg\",\"contentUrl\":\"https:\/\/toppikpolska.pl\/wp-content\/uploads\/2023\/11\/spray-applicator_1940x1940.jpg\",\"width\":700,\"height\":700},{\"@type\":\"BreadcrumbList\",\"@id\":\"https:\/\/toppikpolska.pl\/et\/produkt\/toppik-aplikaator\/#breadcrumb\",\"itemListElement\":[{\"@type\":\"ListItem\",\"position\":1,\"name\":\"Avaleht\",\"item\":\"https:\/\/toppikpolska.pl\/et\/\"},{\"@type\":\"ListItem\",\"position\":2,\"name\":\"Toppik Shop &#8211; Keratiini mikrokiud juuste paksendamiseks\",\"item\":\"https:\/\/toppikpolska.pl\/et\/pood\/\"},{\"@type\":\"ListItem\",\"position\":3,\"name\":\"Toppik aplikaator\"}]},{\"@type\":\"WebSite\",\"@id\":\"https:\/\/toppikpolska.pl\/et\/#website\",\"url\":\"https:\/\/toppikpolska.pl\/et\/\",\"name\":\"Juuksekiud, keratiin, paksenemine \u2014 Toppik Eesti\",\"description\":\"\",\"publisher\":{\"@id\":\"https:\/\/toppikpolska.pl\/et\/#organization\"},\"potentialAction\":[{\"@type\":\"SearchAction\",\"target\":{\"@type\":\"EntryPoint\",\"urlTemplate\":\"https:\/\/toppikpolska.pl\/et\/?s={search_term_string}\"},\"query-input\":{\"@type\":\"PropertyValueSpecification\",\"valueRequired\":true,\"valueName\":\"search_term_string\"}}],\"inLanguage\":\"et\"},{\"@type\":\"Organization\",\"@id\":\"https:\/\/toppikpolska.pl\/et\/#organization\",\"name\":\"Juuksekiud, keratiin, paksenemine \u2014 Toppik Eesti\",\"url\":\"https:\/\/toppikpolska.pl\/et\/\",\"logo\":{\"@type\":\"ImageObject\",\"inLanguage\":\"et\",\"@id\":\"https:\/\/toppikpolska.pl\/et\/#\/schema\/logo\/image\/\",\"url\":\"https:\/\/toppikpolska.pl\/wp-content\/uploads\/2023\/09\/logo.png\",\"contentUrl\":\"https:\/\/toppikpolska.pl\/wp-content\/uploads\/2023\/09\/logo.png\",\"width\":105,\"height\":57,\"caption\":\"Juuksekiud, keratiin, paksenemine \u2014 Toppik Eesti\"},\"image\":{\"@id\":\"https:\/\/toppikpolska.pl\/et\/#\/schema\/logo\/image\/\"}}]}<\/script>\n<!-- \/ Yoast SEO plugin. -->","yoast_head_json":{"title":"Toppik aplikaator","description":"Toppik aplikaator - Keratiini mikrokiud paksendavad juukseid | Toppik Poola!","robots":{"index":"index","follow":"follow","max-snippet":"max-snippet:-1","max-image-preview":"max-image-preview:large","max-video-preview":"max-video-preview:-1"},"canonical":"https:\/\/toppikpolska.pl\/et\/produkt\/toppik-aplikaator\/","og_locale":"et_EE","og_type":"article","og_title":"Toppik aplikaator","og_description":"Toppik aplikaator - Keratiini mikrokiud paksendavad juukseid | Toppik Poola!","og_url":"https:\/\/toppikpolska.pl\/et\/produkt\/toppik-aplikaator\/","og_site_name":"Juuksekiud, keratiin, paksenemine \u2014 Toppik Eesti","article_modified_time":"2025-10-10T11:29:57+00:00","og_image":[{"width":700,"height":700,"url":"https:\/\/toppikpolska.pl\/wp-content\/uploads\/2023\/11\/spray-applicator_1940x1940.jpg","type":"image\/jpeg"}],"twitter_card":"summary_large_image","twitter_misc":{"Est. reading time":"2 minutit"},"schema":{"@context":"https:\/\/schema.org","@graph":[{"@type":"WebPage","@id":"https:\/\/toppikpolska.pl\/et\/produkt\/toppik-aplikaator\/","url":"https:\/\/toppikpolska.pl\/et\/produkt\/toppik-aplikaator\/","name":"Toppik aplikaator","isPartOf":{"@id":"https:\/\/toppikpolska.pl\/et\/#website"},"primaryImageOfPage":{"@id":"https:\/\/toppikpolska.pl\/et\/produkt\/toppik-aplikaator\/#primaryimage"},"image":{"@id":"https:\/\/toppikpolska.pl\/et\/produkt\/toppik-aplikaator\/#primaryimage"},"thumbnailUrl":"https:\/\/toppikpolska.pl\/wp-content\/uploads\/2023\/11\/spray-applicator_1940x1940.jpg","datePublished":"2019-01-25T14:48:04+00:00","dateModified":"2025-10-10T11:29:57+00:00","description":"Toppik aplikaator - Keratiini mikrokiud paksendavad juukseid | Toppik Poola!","breadcrumb":{"@id":"https:\/\/toppikpolska.pl\/et\/produkt\/toppik-aplikaator\/#breadcrumb"},"inLanguage":"et","potentialAction":[{"@type":"ReadAction","target":["https:\/\/toppikpolska.pl\/et\/produkt\/toppik-aplikaator\/"]}]},{"@type":"ImageObject","inLanguage":"et","@id":"https:\/\/toppikpolska.pl\/et\/produkt\/toppik-aplikaator\/#primaryimage","url":"https:\/\/toppikpolska.pl\/wp-content\/uploads\/2023\/11\/spray-applicator_1940x1940.jpg","contentUrl":"https:\/\/toppikpolska.pl\/wp-content\/uploads\/2023\/11\/spray-applicator_1940x1940.jpg","width":700,"height":700},{"@type":"BreadcrumbList","@id":"https:\/\/toppikpolska.pl\/et\/produkt\/toppik-aplikaator\/#breadcrumb","itemListElement":[{"@type":"ListItem","position":1,"name":"Avaleht","item":"https:\/\/toppikpolska.pl\/et\/"},{"@type":"ListItem","position":2,"name":"Toppik Shop &#8211; Keratiini mikrokiud juuste paksendamiseks","item":"https:\/\/toppikpolska.pl\/et\/pood\/"},{"@type":"ListItem","position":3,"name":"Toppik aplikaator"}]},{"@type":"WebSite","@id":"https:\/\/toppikpolska.pl\/et\/#website","url":"https:\/\/toppikpolska.pl\/et\/","name":"Juuksekiud, keratiin, paksenemine \u2014 Toppik Eesti","description":"","publisher":{"@id":"https:\/\/toppikpolska.pl\/et\/#organization"},"potentialAction":[{"@type":"SearchAction","target":{"@type":"EntryPoint","urlTemplate":"https:\/\/toppikpolska.pl\/et\/?s={search_term_string}"},"query-input":{"@type":"PropertyValueSpecification","valueRequired":true,"valueName":"search_term_string"}}],"inLanguage":"et"},{"@type":"Organization","@id":"https:\/\/toppikpolska.pl\/et\/#organization","name":"Juuksekiud, keratiin, paksenemine \u2014 Toppik Eesti","url":"https:\/\/toppikpolska.pl\/et\/","logo":{"@type":"ImageObject","inLanguage":"et","@id":"https:\/\/toppikpolska.pl\/et\/#\/schema\/logo\/image\/","url":"https:\/\/toppikpolska.pl\/wp-content\/uploads\/2023\/09\/logo.png","contentUrl":"https:\/\/toppikpolska.pl\/wp-content\/uploads\/2023\/09\/logo.png","width":105,"height":57,"caption":"Juuksekiud, keratiin, paksenemine \u2014 Toppik Eesti"},"image":{"@id":"https:\/\/toppikpolska.pl\/et\/#\/schema\/logo\/image\/"}}]}},"_links":{"self":[{"href":"https:\/\/toppikpolska.pl\/et\/wp-json\/wp\/v2\/product\/9590","targetHints":{"allow":["GET"]}}],"collection":[{"href":"https:\/\/toppikpolska.pl\/et\/wp-json\/wp\/v2\/product"}],"about":[{"href":"https:\/\/toppikpolska.pl\/et\/wp-json\/wp\/v2\/types\/product"}],"replies":[{"embeddable":true,"href":"https:\/\/toppikpolska.pl\/et\/wp-json\/wp\/v2\/comments?post=9590"}],"wp:featuredmedia":[{"embeddable":true,"href":"https:\/\/toppikpolska.pl\/et\/wp-json\/wp\/v2\/media\/126"}],"wp:attachment":[{"href":"https:\/\/toppikpolska.pl\/et\/wp-json\/wp\/v2\/media?parent=9590"}],"wp:term":[{"taxonomy":"product_brand","embeddable":true,"href":"https:\/\/toppikpolska.pl\/et\/wp-json\/wp\/v2\/product_brand?post=9590"},{"taxonomy":"product_cat","embeddable":true,"href":"https:\/\/toppikpolska.pl\/et\/wp-json\/wp\/v2\/product_cat?post=9590"},{"taxonomy":"product_tag","embeddable":true,"href":"https:\/\/toppikpolska.pl\/et\/wp-json\/wp\/v2\/product_tag?post=9590"}],"curies":[{"name":"wp","href":"https:\/\/api.w.org\/{rel}","templated":true}]}}