{"id":9855,"date":"2025-05-30T16:08:00","date_gmt":"2025-05-30T14:08:00","guid":{"rendered":"https:\/\/toppikpolska.pl\/produkt\/mikrokiud-paksendavad-juukseid-275-g-juuksepiiri-optimeerija\/"},"modified":"2025-05-30T16:08:00","modified_gmt":"2025-05-30T14:08:00","slug":"mikrokiud-paksendavad-juukseid-275-g-juuksepiiri-optimeerija","status":"publish","type":"product","link":"https:\/\/toppikpolska.pl\/et\/produkt\/mikrokiud-paksendavad-juukseid-275-g-juuksepiiri-optimeerija\/","title":{"rendered":"Mikrokiud paksendavad juukseid 27,5 g + juuksepiiri optimeerija"},"content":{"rendered":"<p><strong>MIDA PEAKSITE VEEL TEADMA?<\/strong><\/p>\n<p>Kui soovite saavutada veelgi rahuldavamaid tulemusi, on soovitatav kasutada spetsiaalset Toppiku aplikaatorit.<br \/>\nToppiku kiud on vastupidavad vihmale, tuulele ja higile, nii et need annavad kasutajale kauakestva soovitud efekti olenemata ilmastikutingimustest. Neid on saadaval koguni \u00fcheksas toonis, nii et saate neid sobitada peaaegu igat v\u00e4rvi juustega. Toode toimib h\u00e4sti ka paiksete restauratsioonide korral, maskeerides restauratsioonis\u00fcsteemide kinnitusi ja t\u00e4ites juuste defekte v\u00e4rvimisseansside vahel. Toode pestakse kergesti vee ja \u0161ampooniga maha.<\/p>\n<h3>T\u00f5hus juuste paksendamine 275 g kiudude ja professionaalse kammiga<\/h3>\n<p>275 g juuksekiudude komplekt koos juukseid tihendava kammiga on ideaalne lahendus \u00f5hukeste ja h\u00f5renevate juustega inimestele, kes soovivad oma soengut loomulikult tihendada. Juustele m\u00f5eldud mikrokiud kleepuvad suurep\u00e4raselt olemasolevatele juustele, luues paksude juuste efekti ilma n\u00e4htavate j\u00e4lgedeta. T\u00e4nu suurele kiudude hulgale tagab komplekt juuste pikaajalise ja \u00fchtlase paksenemise, mis v\u00f5imaldab nautida t\u00e4idlasemat ja lopsakamat soengut terve p\u00e4eva. Juuste paksendamise kamm on m\u00f5eldud kiudude t\u00e4pseks pealekandmiseks, v\u00f5imaldades toodet lihtsalt ja kiiresti peanahale m\u00e4\u00e4rida. See professionaalne komplekt sobib ideaalselt nii algajatele kui ka neile, kellel on kogemusi juuste paksendamisel, pakkudes loomulikku ja esteetilist v\u00e4limust.    <\/p>\n<h3>Professionaalne juuste paksendamise komplekt loomulike ja p\u00fcsivate tulemuste saavutamiseks<\/h3>\n<p>275 g juuste paksendamise kamm on mitmek\u00fclgne t\u00f6\u00f6riist, mis toetab t\u00f5husat juuste paksenemist igas hooldusetapis. Juustele m\u00f5eldud mikrokiude on lihtne kasutada ja need on saadaval erinevates toonides, v\u00f5imaldades t\u00e4iuslikult sobitada loomuliku juuksev\u00e4rviga, suurendades juuste paksenemise efektiivsust. Juuksekamm on valmistatud kvaliteetsetest materjalidest, mis tagab vastupidavuse ja kasutusmugavuse. T\u00e4nu ergonoomilisele disainile v\u00f5imaldab kamm mikrokiudude t\u00e4pset ja \u00fchtlast jaotamist, minimeerides toote j\u00e4\u00e4tmeid ja pakkudes loomulikku paksude juuste efekti. See t\u00e4ielik juuste paksendamise komplekt on igap\u00e4evase hoolduse oluline osa neile, kes p\u00fc\u00fcdlevad t\u00e4idlasemate ja tervemate juuste poole, r\u00f5hutades nende loomulikku ilu ja suurendades enesekindlust.    <\/p>\n","protected":false},"excerpt":{"rendered":"<p>S\u00e4\u00e4stke koguni 11 zlotti, ostes Toppik Hair Fibers 27,5 g komplekti ja Toppik optimeeriva kammi!<\/p>\n<p><strong>MIDA TOODET KIRJELDATAKSE?<\/strong><br \/>\nToppiku lisakiud on valmistatud v\u00e4rvitud keratiinikiudude baasil, mis tungivad suurep\u00e4raselt juustesse ning paksendavad ja paksendavad neid koheselt visuaalselt.<br \/>\nToppik Optimizing Comb on toode, mis h\u00f5lbustab loomuliku juuksepiiri s\u00e4ilitamist Toppiku kiudude pealekandmisel.<\/p>\n<p>TOOTE<br \/>\n <strong>KASUTAMISE EELISED<\/strong>\u2022 T\u00e4idab koheselt h\u00f5renevate juuste<br \/>\n piirkonnad\u2022 Katab juuste<br \/>\n v\u00e4ljalangemise\u2022 Loob paksude ja paksude juuste<br \/>\n efekti\u2022 Sobib suurep\u00e4raselt soengu t\u00e4ienduseks v\u00e4rvimisseansside<br \/>\n vahel\u2022 V\u00e4ldib soengu ebaloomulikku v\u00e4limust p\u00e4rast harjaste<br \/>\n pealekandmist\u2022 Muudab juuksed loomulikuks ja paksuks<br \/>\n\u2022 Hoiab \u00e4ra harjaste kukkumise otsmikule<\/p>\n<p>&nbsp;<\/p>\n","protected":false},"featured_media":7778,"comment_status":"closed","ping_status":"closed","template":"","meta":[],"product_brand":[],"product_cat":[46],"product_tag":[],"class_list":{"0":"post-9855","1":"product","2":"type-product","3":"status-publish","4":"has-post-thumbnail","6":"product_cat-tooted","8":"first","9":"instock","10":"shipping-taxable","11":"purchasable","12":"product-type-variable"},"yoast_head":"<!-- This site is optimized with the Yoast SEO plugin v26.6 - https:\/\/yoast.com\/wordpress\/plugins\/seo\/ -->\n<title>Mikrokiud paksendavad juukseid 27,5 g + juuksepiiri optimeerija<\/title>\n<meta name=\"description\" content=\"Mikrokiud paksendavad juukseid 27,5 g + juuksepiiri optimeerija - Keratiini mikrokiud paksendavad juukseid | Toppik Poola!\" \/>\n<meta name=\"robots\" content=\"index, follow, max-snippet:-1, max-image-preview:large, max-video-preview:-1\" \/>\n<link rel=\"canonical\" href=\"https:\/\/toppikpolska.pl\/et\/produkt\/mikrokiud-paksendavad-juukseid-275-g-juuksepiiri-optimeerija\/\" \/>\n<meta property=\"og:locale\" content=\"et_EE\" \/>\n<meta property=\"og:type\" content=\"article\" \/>\n<meta property=\"og:title\" content=\"Mikrokiud paksendavad juukseid 27,5 g + juuksepiiri optimeerija\" \/>\n<meta property=\"og:description\" content=\"Mikrokiud paksendavad juukseid 27,5 g + juuksepiiri optimeerija - Keratiini mikrokiud paksendavad juukseid | Toppik Poola!\" \/>\n<meta property=\"og:url\" content=\"https:\/\/toppikpolska.pl\/et\/produkt\/mikrokiud-paksendavad-juukseid-275-g-juuksepiiri-optimeerija\/\" \/>\n<meta property=\"og:site_name\" content=\"Juuksekiud, keratiin, paksenemine \u2014 Toppik Eesti\" \/>\n<meta property=\"og:image\" content=\"https:\/\/toppikpolska.pl\/wp-content\/uploads\/2023\/11\/mikrowlokna-zageszczajace-toppik-275-grzebien-optimizer.jpg\" \/>\n\t<meta property=\"og:image:width\" content=\"900\" \/>\n\t<meta property=\"og:image:height\" content=\"900\" \/>\n\t<meta property=\"og:image:type\" content=\"image\/jpeg\" \/>\n<meta name=\"twitter:card\" content=\"summary_large_image\" \/>\n<meta name=\"twitter:label1\" content=\"Est. reading time\" \/>\n\t<meta name=\"twitter:data1\" content=\"2 minutit\" \/>\n<script type=\"application\/ld+json\" class=\"yoast-schema-graph\">{\"@context\":\"https:\/\/schema.org\",\"@graph\":[{\"@type\":\"WebPage\",\"@id\":\"https:\/\/toppikpolska.pl\/et\/produkt\/mikrokiud-paksendavad-juukseid-275-g-juuksepiiri-optimeerija\/\",\"url\":\"https:\/\/toppikpolska.pl\/et\/produkt\/mikrokiud-paksendavad-juukseid-275-g-juuksepiiri-optimeerija\/\",\"name\":\"Mikrokiud paksendavad juukseid 27,5 g + juuksepiiri optimeerija\",\"isPartOf\":{\"@id\":\"https:\/\/toppikpolska.pl\/et\/#website\"},\"primaryImageOfPage\":{\"@id\":\"https:\/\/toppikpolska.pl\/et\/produkt\/mikrokiud-paksendavad-juukseid-275-g-juuksepiiri-optimeerija\/#primaryimage\"},\"image\":{\"@id\":\"https:\/\/toppikpolska.pl\/et\/produkt\/mikrokiud-paksendavad-juukseid-275-g-juuksepiiri-optimeerija\/#primaryimage\"},\"thumbnailUrl\":\"https:\/\/toppikpolska.pl\/wp-content\/uploads\/2023\/11\/mikrowlokna-zageszczajace-toppik-275-grzebien-optimizer.jpg\",\"datePublished\":\"2025-05-30T14:08:00+00:00\",\"description\":\"Mikrokiud paksendavad juukseid 27,5 g + juuksepiiri optimeerija - Keratiini mikrokiud paksendavad juukseid | Toppik Poola!\",\"breadcrumb\":{\"@id\":\"https:\/\/toppikpolska.pl\/et\/produkt\/mikrokiud-paksendavad-juukseid-275-g-juuksepiiri-optimeerija\/#breadcrumb\"},\"inLanguage\":\"et\",\"potentialAction\":[{\"@type\":\"ReadAction\",\"target\":[\"https:\/\/toppikpolska.pl\/et\/produkt\/mikrokiud-paksendavad-juukseid-275-g-juuksepiiri-optimeerija\/\"]}]},{\"@type\":\"ImageObject\",\"inLanguage\":\"et\",\"@id\":\"https:\/\/toppikpolska.pl\/et\/produkt\/mikrokiud-paksendavad-juukseid-275-g-juuksepiiri-optimeerija\/#primaryimage\",\"url\":\"https:\/\/toppikpolska.pl\/wp-content\/uploads\/2023\/11\/mikrowlokna-zageszczajace-toppik-275-grzebien-optimizer.jpg\",\"contentUrl\":\"https:\/\/toppikpolska.pl\/wp-content\/uploads\/2023\/11\/mikrowlokna-zageszczajace-toppik-275-grzebien-optimizer.jpg\",\"width\":900,\"height\":900,\"caption\":\"Mikrokiud paksendavad juukseid 27,5 g + kammi optimeerija\"},{\"@type\":\"BreadcrumbList\",\"@id\":\"https:\/\/toppikpolska.pl\/et\/produkt\/mikrokiud-paksendavad-juukseid-275-g-juuksepiiri-optimeerija\/#breadcrumb\",\"itemListElement\":[{\"@type\":\"ListItem\",\"position\":1,\"name\":\"Avaleht\",\"item\":\"https:\/\/toppikpolska.pl\/et\/\"},{\"@type\":\"ListItem\",\"position\":2,\"name\":\"Toppik Shop &#8211; Keratiini mikrokiud juuste paksendamiseks\",\"item\":\"https:\/\/toppikpolska.pl\/et\/pood\/\"},{\"@type\":\"ListItem\",\"position\":3,\"name\":\"Mikrokiud paksendavad juukseid 27,5 g + juuksepiiri optimeerija\"}]},{\"@type\":\"WebSite\",\"@id\":\"https:\/\/toppikpolska.pl\/et\/#website\",\"url\":\"https:\/\/toppikpolska.pl\/et\/\",\"name\":\"Juuksekiud, keratiin, paksenemine \u2014 Toppik Eesti\",\"description\":\"\",\"publisher\":{\"@id\":\"https:\/\/toppikpolska.pl\/et\/#organization\"},\"potentialAction\":[{\"@type\":\"SearchAction\",\"target\":{\"@type\":\"EntryPoint\",\"urlTemplate\":\"https:\/\/toppikpolska.pl\/et\/?s={search_term_string}\"},\"query-input\":{\"@type\":\"PropertyValueSpecification\",\"valueRequired\":true,\"valueName\":\"search_term_string\"}}],\"inLanguage\":\"et\"},{\"@type\":\"Organization\",\"@id\":\"https:\/\/toppikpolska.pl\/et\/#organization\",\"name\":\"Juuksekiud, keratiin, paksenemine \u2014 Toppik Eesti\",\"url\":\"https:\/\/toppikpolska.pl\/et\/\",\"logo\":{\"@type\":\"ImageObject\",\"inLanguage\":\"et\",\"@id\":\"https:\/\/toppikpolska.pl\/et\/#\/schema\/logo\/image\/\",\"url\":\"https:\/\/toppikpolska.pl\/wp-content\/uploads\/2023\/09\/logo.png\",\"contentUrl\":\"https:\/\/toppikpolska.pl\/wp-content\/uploads\/2023\/09\/logo.png\",\"width\":105,\"height\":57,\"caption\":\"Juuksekiud, keratiin, paksenemine \u2014 Toppik Eesti\"},\"image\":{\"@id\":\"https:\/\/toppikpolska.pl\/et\/#\/schema\/logo\/image\/\"}}]}<\/script>\n<!-- \/ Yoast SEO plugin. -->","yoast_head_json":{"title":"Mikrokiud paksendavad juukseid 27,5 g + juuksepiiri optimeerija","description":"Mikrokiud paksendavad juukseid 27,5 g + juuksepiiri optimeerija - Keratiini mikrokiud paksendavad juukseid | Toppik Poola!","robots":{"index":"index","follow":"follow","max-snippet":"max-snippet:-1","max-image-preview":"max-image-preview:large","max-video-preview":"max-video-preview:-1"},"canonical":"https:\/\/toppikpolska.pl\/et\/produkt\/mikrokiud-paksendavad-juukseid-275-g-juuksepiiri-optimeerija\/","og_locale":"et_EE","og_type":"article","og_title":"Mikrokiud paksendavad juukseid 27,5 g + juuksepiiri optimeerija","og_description":"Mikrokiud paksendavad juukseid 27,5 g + juuksepiiri optimeerija - Keratiini mikrokiud paksendavad juukseid | Toppik Poola!","og_url":"https:\/\/toppikpolska.pl\/et\/produkt\/mikrokiud-paksendavad-juukseid-275-g-juuksepiiri-optimeerija\/","og_site_name":"Juuksekiud, keratiin, paksenemine \u2014 Toppik Eesti","og_image":[{"width":900,"height":900,"url":"https:\/\/toppikpolska.pl\/wp-content\/uploads\/2023\/11\/mikrowlokna-zageszczajace-toppik-275-grzebien-optimizer.jpg","type":"image\/jpeg"}],"twitter_card":"summary_large_image","twitter_misc":{"Est. reading time":"2 minutit"},"schema":{"@context":"https:\/\/schema.org","@graph":[{"@type":"WebPage","@id":"https:\/\/toppikpolska.pl\/et\/produkt\/mikrokiud-paksendavad-juukseid-275-g-juuksepiiri-optimeerija\/","url":"https:\/\/toppikpolska.pl\/et\/produkt\/mikrokiud-paksendavad-juukseid-275-g-juuksepiiri-optimeerija\/","name":"Mikrokiud paksendavad juukseid 27,5 g + juuksepiiri optimeerija","isPartOf":{"@id":"https:\/\/toppikpolska.pl\/et\/#website"},"primaryImageOfPage":{"@id":"https:\/\/toppikpolska.pl\/et\/produkt\/mikrokiud-paksendavad-juukseid-275-g-juuksepiiri-optimeerija\/#primaryimage"},"image":{"@id":"https:\/\/toppikpolska.pl\/et\/produkt\/mikrokiud-paksendavad-juukseid-275-g-juuksepiiri-optimeerija\/#primaryimage"},"thumbnailUrl":"https:\/\/toppikpolska.pl\/wp-content\/uploads\/2023\/11\/mikrowlokna-zageszczajace-toppik-275-grzebien-optimizer.jpg","datePublished":"2025-05-30T14:08:00+00:00","description":"Mikrokiud paksendavad juukseid 27,5 g + juuksepiiri optimeerija - Keratiini mikrokiud paksendavad juukseid | Toppik Poola!","breadcrumb":{"@id":"https:\/\/toppikpolska.pl\/et\/produkt\/mikrokiud-paksendavad-juukseid-275-g-juuksepiiri-optimeerija\/#breadcrumb"},"inLanguage":"et","potentialAction":[{"@type":"ReadAction","target":["https:\/\/toppikpolska.pl\/et\/produkt\/mikrokiud-paksendavad-juukseid-275-g-juuksepiiri-optimeerija\/"]}]},{"@type":"ImageObject","inLanguage":"et","@id":"https:\/\/toppikpolska.pl\/et\/produkt\/mikrokiud-paksendavad-juukseid-275-g-juuksepiiri-optimeerija\/#primaryimage","url":"https:\/\/toppikpolska.pl\/wp-content\/uploads\/2023\/11\/mikrowlokna-zageszczajace-toppik-275-grzebien-optimizer.jpg","contentUrl":"https:\/\/toppikpolska.pl\/wp-content\/uploads\/2023\/11\/mikrowlokna-zageszczajace-toppik-275-grzebien-optimizer.jpg","width":900,"height":900,"caption":"Mikrokiud paksendavad juukseid 27,5 g + kammi optimeerija"},{"@type":"BreadcrumbList","@id":"https:\/\/toppikpolska.pl\/et\/produkt\/mikrokiud-paksendavad-juukseid-275-g-juuksepiiri-optimeerija\/#breadcrumb","itemListElement":[{"@type":"ListItem","position":1,"name":"Avaleht","item":"https:\/\/toppikpolska.pl\/et\/"},{"@type":"ListItem","position":2,"name":"Toppik Shop &#8211; Keratiini mikrokiud juuste paksendamiseks","item":"https:\/\/toppikpolska.pl\/et\/pood\/"},{"@type":"ListItem","position":3,"name":"Mikrokiud paksendavad juukseid 27,5 g + juuksepiiri optimeerija"}]},{"@type":"WebSite","@id":"https:\/\/toppikpolska.pl\/et\/#website","url":"https:\/\/toppikpolska.pl\/et\/","name":"Juuksekiud, keratiin, paksenemine \u2014 Toppik Eesti","description":"","publisher":{"@id":"https:\/\/toppikpolska.pl\/et\/#organization"},"potentialAction":[{"@type":"SearchAction","target":{"@type":"EntryPoint","urlTemplate":"https:\/\/toppikpolska.pl\/et\/?s={search_term_string}"},"query-input":{"@type":"PropertyValueSpecification","valueRequired":true,"valueName":"search_term_string"}}],"inLanguage":"et"},{"@type":"Organization","@id":"https:\/\/toppikpolska.pl\/et\/#organization","name":"Juuksekiud, keratiin, paksenemine \u2014 Toppik Eesti","url":"https:\/\/toppikpolska.pl\/et\/","logo":{"@type":"ImageObject","inLanguage":"et","@id":"https:\/\/toppikpolska.pl\/et\/#\/schema\/logo\/image\/","url":"https:\/\/toppikpolska.pl\/wp-content\/uploads\/2023\/09\/logo.png","contentUrl":"https:\/\/toppikpolska.pl\/wp-content\/uploads\/2023\/09\/logo.png","width":105,"height":57,"caption":"Juuksekiud, keratiin, paksenemine \u2014 Toppik Eesti"},"image":{"@id":"https:\/\/toppikpolska.pl\/et\/#\/schema\/logo\/image\/"}}]}},"_links":{"self":[{"href":"https:\/\/toppikpolska.pl\/et\/wp-json\/wp\/v2\/product\/9855","targetHints":{"allow":["GET"]}}],"collection":[{"href":"https:\/\/toppikpolska.pl\/et\/wp-json\/wp\/v2\/product"}],"about":[{"href":"https:\/\/toppikpolska.pl\/et\/wp-json\/wp\/v2\/types\/product"}],"replies":[{"embeddable":true,"href":"https:\/\/toppikpolska.pl\/et\/wp-json\/wp\/v2\/comments?post=9855"}],"wp:featuredmedia":[{"embeddable":true,"href":"https:\/\/toppikpolska.pl\/et\/wp-json\/wp\/v2\/media\/7778"}],"wp:attachment":[{"href":"https:\/\/toppikpolska.pl\/et\/wp-json\/wp\/v2\/media?parent=9855"}],"wp:term":[{"taxonomy":"product_brand","embeddable":true,"href":"https:\/\/toppikpolska.pl\/et\/wp-json\/wp\/v2\/product_brand?post=9855"},{"taxonomy":"product_cat","embeddable":true,"href":"https:\/\/toppikpolska.pl\/et\/wp-json\/wp\/v2\/product_cat?post=9855"},{"taxonomy":"product_tag","embeddable":true,"href":"https:\/\/toppikpolska.pl\/et\/wp-json\/wp\/v2\/product_tag?post=9855"}],"curies":[{"name":"wp","href":"https:\/\/api.w.org\/{rel}","templated":true}]}}