{"id":9872,"date":"2025-05-30T15:15:12","date_gmt":"2025-05-30T13:15:12","guid":{"rendered":"https:\/\/toppikpolska.pl\/produkt\/toppik-keratiinkiud-set-2x-27-5g\/"},"modified":"2025-05-30T15:15:12","modified_gmt":"2025-05-30T13:15:12","slug":"toppik-keratiinkiud-set-2x-27-5g","status":"publish","type":"product","link":"https:\/\/toppikpolska.pl\/et\/produkt\/toppik-keratiinkiud-set-2x-27-5g\/","title":{"rendered":"Toppik keratiinkiud SET 2x 27.5g"},"content":{"rendered":"<h4><strong>MIDA PEAKSITE VEEL TEADMA?<\/strong><\/h4>\n<p>Toppiku kiud on vastupidavad vihmale, tuulele ja higile, nii et need annavad kasutajale kauakestva soovitud efekti olenemata ilmastikutingimustest. Neid on saadaval koguni \u00fcheksas toonis, nii et saate neid sobitada peaaegu igat v\u00e4rvi juustega. Toode toimib h\u00e4sti ka paiksete restauratsioonide korral, maskeerides restauratsioonis\u00fcsteemide kinnitusi ja t\u00e4ites juuste defekte v\u00e4rvimisseansside vahel. Toode pestakse kergesti vee ja \u0161ampooniga maha.   <\/p>\n<h3>K\u00f5rge j\u00f5udlus ja kauakestvad tulemused Toppik 2 x 27,5 g kiududega<\/h3>\n<p>Toppik 2 x 27,5g juuksekiud on ideaalne lahendus \u00f5hukeste ja h\u00f5renevate juustega inimestele, kes soovivad oma soengut t\u00f5husalt tihendada. T\u00e4nu komplekti suurele mahutavusele tagavad juuste mikrokiud juuste pikaajalise taastumise, mis v\u00f5imaldab juukseid regulaarselt tihendada, ilma et oleks vaja sagedast t\u00e4itmist. Toppiku juuksekiude on lihtne peale kanda, mis v\u00f5imaldab kodus juukseid kiiresti ja t\u00f5husalt paksendada. Toode on saadaval erinevates toonides, v\u00f5imaldades sellel ideaalselt sobida teie loomuliku juuksev\u00e4rviga, tagades paksudele juustele loomuliku ja esteetilise v\u00e4limuse. Toppiku kiududega muutub juuste paksenemine lihtsamaks ja t\u00f5husamaks, suurendades enesekindlust ja tuues esile teie soengu loomuliku ilu.    <\/p>\n<h3>Mikrokiudude loomulik v\u00e4limus ja juustele kandmise lihtsus<\/h3>\n<p>Toppik 2 x 27,5 g mikrokiud juustele pakuvad loomulikku paksendavat efekti, mis ei j\u00e4ta n\u00e4htavaid j\u00e4lgi ega koorma \u00f5hukesi juukseid. Toode on spetsiaalselt loodud nii, et see kleepub ideaalselt olemasolevatele juustele, luues t\u00e4idlasema ja lopsakama soengu. Kaasasolev juuste aplikaator v\u00f5imaldab harjaseid t\u00e4pselt peale kanda, et juuksed \u00fchtlaselt pakseneksid ja loomulikuks looks. Juuste paksendav kamm aitab pealekandmisprotsessi, aidates mikrokiude p\u00f5hjalikult kogu peanahale jaotada. T\u00e4nu ergonoomilisele disainile on komplekti lihtne kasutada isegi algajatele kasutajatele. Toppiku kiud on vastupidavad niiskusele ja higile, mis tagab juuste paksendava toime vastupidavuse kogu p\u00e4eva jooksul, olenemata ilmastikutingimustest v\u00f5i f\u00fc\u00fcsilisest aktiivsusest.     <\/p>\n","protected":false},"excerpt":{"rendered":"<p>Valige komplekt 2 pakki Toppik juuksekiude 27,5 g ja s\u00e4\u00e4stke 14 zlotti!<\/p>\n<p><strong>MIDA TOODET KIRJELDATAKSE?<\/strong><br \/>\nToppiku lisakiud on valmistatud v\u00e4rvitud keratiinikiudude baasil, mis tungivad suurep\u00e4raselt juustesse ning paksendavad ja paksendavad neid koheselt visuaalselt.<\/p>\n<p>TOOTE<br \/>\n <strong>KASUTAMISE EELISED<\/strong>\u2022 T\u00e4idab koheselt h\u00f5renevate juuste<br \/>\n piirkonnad\u2022 Katab juuste<br \/>\n v\u00e4ljalangemise\u2022 Loob paksude ja paksude juuste<br \/>\n efekti\u2022 Sobib suurep\u00e4raselt soengu t\u00e4ienduseks v\u00e4rvimisseansside vahel<\/p>\n","protected":false},"featured_media":8139,"comment_status":"open","ping_status":"closed","template":"","meta":[],"product_brand":[],"product_cat":[46],"product_tag":[],"class_list":{"0":"post-9872","1":"product","2":"type-product","3":"status-publish","4":"has-post-thumbnail","6":"product_cat-tooted","8":"first","9":"instock","10":"shipping-taxable","11":"purchasable","12":"product-type-variable"},"yoast_head":"<!-- This site is optimized with the Yoast SEO plugin v26.6 - https:\/\/yoast.com\/wordpress\/plugins\/seo\/ -->\n<title>Toppik keratiinkiud SET 2x 27.5g<\/title>\n<meta name=\"description\" content=\"Toppik keratiinkiud SET 2x 27.5g - Keratiini mikrokiud paksendavad juukseid | Toppik Poola!\" \/>\n<meta name=\"robots\" content=\"index, follow, max-snippet:-1, max-image-preview:large, max-video-preview:-1\" \/>\n<link rel=\"canonical\" href=\"https:\/\/toppikpolska.pl\/et\/produkt\/toppik-keratiinkiud-set-2x-27-5g\/\" \/>\n<meta property=\"og:locale\" content=\"et_EE\" \/>\n<meta property=\"og:type\" content=\"article\" \/>\n<meta property=\"og:title\" content=\"Toppik keratiinkiud SET 2x 27.5g\" \/>\n<meta property=\"og:description\" content=\"Toppik keratiinkiud SET 2x 27.5g - Keratiini mikrokiud paksendavad juukseid | Toppik Poola!\" \/>\n<meta property=\"og:url\" content=\"https:\/\/toppikpolska.pl\/et\/produkt\/toppik-keratiinkiud-set-2x-27-5g\/\" \/>\n<meta property=\"og:site_name\" content=\"Juuksekiud, keratiin, paksenemine \u2014 Toppik Eesti\" \/>\n<meta property=\"og:image\" content=\"https:\/\/toppikpolska.pl\/wp-content\/uploads\/2025\/05\/toppik2x27.jpg\" \/>\n\t<meta property=\"og:image:width\" content=\"900\" \/>\n\t<meta property=\"og:image:height\" content=\"900\" \/>\n\t<meta property=\"og:image:type\" content=\"image\/jpeg\" \/>\n<meta name=\"twitter:card\" content=\"summary_large_image\" \/>\n<meta name=\"twitter:label1\" content=\"Est. reading time\" \/>\n\t<meta name=\"twitter:data1\" content=\"1 minut\" \/>\n<script type=\"application\/ld+json\" class=\"yoast-schema-graph\">{\"@context\":\"https:\/\/schema.org\",\"@graph\":[{\"@type\":\"WebPage\",\"@id\":\"https:\/\/toppikpolska.pl\/et\/produkt\/toppik-keratiinkiud-set-2x-27-5g\/\",\"url\":\"https:\/\/toppikpolska.pl\/et\/produkt\/toppik-keratiinkiud-set-2x-27-5g\/\",\"name\":\"Toppik keratiinkiud SET 2x 27.5g\",\"isPartOf\":{\"@id\":\"https:\/\/toppikpolska.pl\/et\/#website\"},\"primaryImageOfPage\":{\"@id\":\"https:\/\/toppikpolska.pl\/et\/produkt\/toppik-keratiinkiud-set-2x-27-5g\/#primaryimage\"},\"image\":{\"@id\":\"https:\/\/toppikpolska.pl\/et\/produkt\/toppik-keratiinkiud-set-2x-27-5g\/#primaryimage\"},\"thumbnailUrl\":\"https:\/\/toppikpolska.pl\/wp-content\/uploads\/2025\/05\/toppik2x27.jpg\",\"datePublished\":\"2025-05-30T13:15:12+00:00\",\"description\":\"Toppik keratiinkiud SET 2x 27.5g - Keratiini mikrokiud paksendavad juukseid | Toppik Poola!\",\"breadcrumb\":{\"@id\":\"https:\/\/toppikpolska.pl\/et\/produkt\/toppik-keratiinkiud-set-2x-27-5g\/#breadcrumb\"},\"inLanguage\":\"et\",\"potentialAction\":[{\"@type\":\"ReadAction\",\"target\":[\"https:\/\/toppikpolska.pl\/et\/produkt\/toppik-keratiinkiud-set-2x-27-5g\/\"]}]},{\"@type\":\"ImageObject\",\"inLanguage\":\"et\",\"@id\":\"https:\/\/toppikpolska.pl\/et\/produkt\/toppik-keratiinkiud-set-2x-27-5g\/#primaryimage\",\"url\":\"https:\/\/toppikpolska.pl\/wp-content\/uploads\/2025\/05\/toppik2x27.jpg\",\"contentUrl\":\"https:\/\/toppikpolska.pl\/wp-content\/uploads\/2025\/05\/toppik2x27.jpg\",\"width\":900,\"height\":900,\"caption\":\"Autori\u00f5igus Rokoko Hair Company poolt\"},{\"@type\":\"BreadcrumbList\",\"@id\":\"https:\/\/toppikpolska.pl\/et\/produkt\/toppik-keratiinkiud-set-2x-27-5g\/#breadcrumb\",\"itemListElement\":[{\"@type\":\"ListItem\",\"position\":1,\"name\":\"Avaleht\",\"item\":\"https:\/\/toppikpolska.pl\/et\/\"},{\"@type\":\"ListItem\",\"position\":2,\"name\":\"Toppik Shop &#8211; Keratiini mikrokiud juuste paksendamiseks\",\"item\":\"https:\/\/toppikpolska.pl\/et\/pood\/\"},{\"@type\":\"ListItem\",\"position\":3,\"name\":\"Toppik keratiinkiud SET 2x 27.5g\"}]},{\"@type\":\"WebSite\",\"@id\":\"https:\/\/toppikpolska.pl\/et\/#website\",\"url\":\"https:\/\/toppikpolska.pl\/et\/\",\"name\":\"Juuksekiud, keratiin, paksenemine \u2014 Toppik Eesti\",\"description\":\"\",\"publisher\":{\"@id\":\"https:\/\/toppikpolska.pl\/et\/#organization\"},\"potentialAction\":[{\"@type\":\"SearchAction\",\"target\":{\"@type\":\"EntryPoint\",\"urlTemplate\":\"https:\/\/toppikpolska.pl\/et\/?s={search_term_string}\"},\"query-input\":{\"@type\":\"PropertyValueSpecification\",\"valueRequired\":true,\"valueName\":\"search_term_string\"}}],\"inLanguage\":\"et\"},{\"@type\":\"Organization\",\"@id\":\"https:\/\/toppikpolska.pl\/et\/#organization\",\"name\":\"Juuksekiud, keratiin, paksenemine \u2014 Toppik Eesti\",\"url\":\"https:\/\/toppikpolska.pl\/et\/\",\"logo\":{\"@type\":\"ImageObject\",\"inLanguage\":\"et\",\"@id\":\"https:\/\/toppikpolska.pl\/et\/#\/schema\/logo\/image\/\",\"url\":\"https:\/\/toppikpolska.pl\/wp-content\/uploads\/2023\/09\/logo.png\",\"contentUrl\":\"https:\/\/toppikpolska.pl\/wp-content\/uploads\/2023\/09\/logo.png\",\"width\":105,\"height\":57,\"caption\":\"Juuksekiud, keratiin, paksenemine \u2014 Toppik Eesti\"},\"image\":{\"@id\":\"https:\/\/toppikpolska.pl\/et\/#\/schema\/logo\/image\/\"}}]}<\/script>\n<!-- \/ Yoast SEO plugin. -->","yoast_head_json":{"title":"Toppik keratiinkiud SET 2x 27.5g","description":"Toppik keratiinkiud SET 2x 27.5g - Keratiini mikrokiud paksendavad juukseid | Toppik Poola!","robots":{"index":"index","follow":"follow","max-snippet":"max-snippet:-1","max-image-preview":"max-image-preview:large","max-video-preview":"max-video-preview:-1"},"canonical":"https:\/\/toppikpolska.pl\/et\/produkt\/toppik-keratiinkiud-set-2x-27-5g\/","og_locale":"et_EE","og_type":"article","og_title":"Toppik keratiinkiud SET 2x 27.5g","og_description":"Toppik keratiinkiud SET 2x 27.5g - Keratiini mikrokiud paksendavad juukseid | Toppik Poola!","og_url":"https:\/\/toppikpolska.pl\/et\/produkt\/toppik-keratiinkiud-set-2x-27-5g\/","og_site_name":"Juuksekiud, keratiin, paksenemine \u2014 Toppik Eesti","og_image":[{"width":900,"height":900,"url":"https:\/\/toppikpolska.pl\/wp-content\/uploads\/2025\/05\/toppik2x27.jpg","type":"image\/jpeg"}],"twitter_card":"summary_large_image","twitter_misc":{"Est. reading time":"1 minut"},"schema":{"@context":"https:\/\/schema.org","@graph":[{"@type":"WebPage","@id":"https:\/\/toppikpolska.pl\/et\/produkt\/toppik-keratiinkiud-set-2x-27-5g\/","url":"https:\/\/toppikpolska.pl\/et\/produkt\/toppik-keratiinkiud-set-2x-27-5g\/","name":"Toppik keratiinkiud SET 2x 27.5g","isPartOf":{"@id":"https:\/\/toppikpolska.pl\/et\/#website"},"primaryImageOfPage":{"@id":"https:\/\/toppikpolska.pl\/et\/produkt\/toppik-keratiinkiud-set-2x-27-5g\/#primaryimage"},"image":{"@id":"https:\/\/toppikpolska.pl\/et\/produkt\/toppik-keratiinkiud-set-2x-27-5g\/#primaryimage"},"thumbnailUrl":"https:\/\/toppikpolska.pl\/wp-content\/uploads\/2025\/05\/toppik2x27.jpg","datePublished":"2025-05-30T13:15:12+00:00","description":"Toppik keratiinkiud SET 2x 27.5g - Keratiini mikrokiud paksendavad juukseid | Toppik Poola!","breadcrumb":{"@id":"https:\/\/toppikpolska.pl\/et\/produkt\/toppik-keratiinkiud-set-2x-27-5g\/#breadcrumb"},"inLanguage":"et","potentialAction":[{"@type":"ReadAction","target":["https:\/\/toppikpolska.pl\/et\/produkt\/toppik-keratiinkiud-set-2x-27-5g\/"]}]},{"@type":"ImageObject","inLanguage":"et","@id":"https:\/\/toppikpolska.pl\/et\/produkt\/toppik-keratiinkiud-set-2x-27-5g\/#primaryimage","url":"https:\/\/toppikpolska.pl\/wp-content\/uploads\/2025\/05\/toppik2x27.jpg","contentUrl":"https:\/\/toppikpolska.pl\/wp-content\/uploads\/2025\/05\/toppik2x27.jpg","width":900,"height":900,"caption":"Autori\u00f5igus Rokoko Hair Company poolt"},{"@type":"BreadcrumbList","@id":"https:\/\/toppikpolska.pl\/et\/produkt\/toppik-keratiinkiud-set-2x-27-5g\/#breadcrumb","itemListElement":[{"@type":"ListItem","position":1,"name":"Avaleht","item":"https:\/\/toppikpolska.pl\/et\/"},{"@type":"ListItem","position":2,"name":"Toppik Shop &#8211; Keratiini mikrokiud juuste paksendamiseks","item":"https:\/\/toppikpolska.pl\/et\/pood\/"},{"@type":"ListItem","position":3,"name":"Toppik keratiinkiud SET 2x 27.5g"}]},{"@type":"WebSite","@id":"https:\/\/toppikpolska.pl\/et\/#website","url":"https:\/\/toppikpolska.pl\/et\/","name":"Juuksekiud, keratiin, paksenemine \u2014 Toppik Eesti","description":"","publisher":{"@id":"https:\/\/toppikpolska.pl\/et\/#organization"},"potentialAction":[{"@type":"SearchAction","target":{"@type":"EntryPoint","urlTemplate":"https:\/\/toppikpolska.pl\/et\/?s={search_term_string}"},"query-input":{"@type":"PropertyValueSpecification","valueRequired":true,"valueName":"search_term_string"}}],"inLanguage":"et"},{"@type":"Organization","@id":"https:\/\/toppikpolska.pl\/et\/#organization","name":"Juuksekiud, keratiin, paksenemine \u2014 Toppik Eesti","url":"https:\/\/toppikpolska.pl\/et\/","logo":{"@type":"ImageObject","inLanguage":"et","@id":"https:\/\/toppikpolska.pl\/et\/#\/schema\/logo\/image\/","url":"https:\/\/toppikpolska.pl\/wp-content\/uploads\/2023\/09\/logo.png","contentUrl":"https:\/\/toppikpolska.pl\/wp-content\/uploads\/2023\/09\/logo.png","width":105,"height":57,"caption":"Juuksekiud, keratiin, paksenemine \u2014 Toppik Eesti"},"image":{"@id":"https:\/\/toppikpolska.pl\/et\/#\/schema\/logo\/image\/"}}]}},"_links":{"self":[{"href":"https:\/\/toppikpolska.pl\/et\/wp-json\/wp\/v2\/product\/9872","targetHints":{"allow":["GET"]}}],"collection":[{"href":"https:\/\/toppikpolska.pl\/et\/wp-json\/wp\/v2\/product"}],"about":[{"href":"https:\/\/toppikpolska.pl\/et\/wp-json\/wp\/v2\/types\/product"}],"replies":[{"embeddable":true,"href":"https:\/\/toppikpolska.pl\/et\/wp-json\/wp\/v2\/comments?post=9872"}],"wp:featuredmedia":[{"embeddable":true,"href":"https:\/\/toppikpolska.pl\/et\/wp-json\/wp\/v2\/media\/8139"}],"wp:attachment":[{"href":"https:\/\/toppikpolska.pl\/et\/wp-json\/wp\/v2\/media?parent=9872"}],"wp:term":[{"taxonomy":"product_brand","embeddable":true,"href":"https:\/\/toppikpolska.pl\/et\/wp-json\/wp\/v2\/product_brand?post=9872"},{"taxonomy":"product_cat","embeddable":true,"href":"https:\/\/toppikpolska.pl\/et\/wp-json\/wp\/v2\/product_cat?post=9872"},{"taxonomy":"product_tag","embeddable":true,"href":"https:\/\/toppikpolska.pl\/et\/wp-json\/wp\/v2\/product_tag?post=9872"}],"curies":[{"name":"wp","href":"https:\/\/api.w.org\/{rel}","templated":true}]}}