{"id":9887,"date":"2019-04-12T14:24:27","date_gmt":"2019-04-12T12:24:27","guid":{"rendered":"https:\/\/toppikpolska.pl\/produkt\/toppik-paksendaja-mikrokiud-maskeerimine-pihusti\/"},"modified":"2019-04-12T14:24:27","modified_gmt":"2019-04-12T12:24:27","slug":"toppik-paksendaja-mikrokiud-maskeerimine-pihusti","status":"publish","type":"product","link":"https:\/\/toppikpolska.pl\/et\/produkt\/toppik-paksendaja-mikrokiud-maskeerimine-pihusti\/","title":{"rendered":"Toppik paksendaja &#8211; mikrokiud maskeerimine, pihusti"},"content":{"rendered":"<h3>T\u00f5hus juuste paksendamine v\u00e4rvitud juuste paksendajaga<\/h3>\n<p>V\u00e4rvitud juuste paksendaja on uuenduslik juuste paksendaja, mis on loodud spetsiaalselt \u00f5hukeste juustega inimestele, kes soovivad saavutada paksude juuste efekti ilma v\u00e4rvis j\u00e4releandmisi tegemata. Toode \u00fchendab endas juuste paksendamise ja v\u00e4rvi fikseerimise funktsioonid, tagades loomuliku ja kauakestva v\u00e4limuse. T\u00e4nu t\u00e4iustatud koostisele toetab v\u00e4rvitud juuste paksendaja t\u00f5husalt juuste paksenemise protsessi, lisades vol\u00fc\u00fcmi ja t\u00e4idlust. Juuste paksendamise toote regulaarne kasutamine aitab tugevdada iga juuksekarva struktuuri, v\u00e4hendades juuste murdumist ja v\u00e4ljalangemist. Juuste paksendajat on lihtne kanda kuivadele v\u00f5i niisketele juustele, j\u00e4tmata raskemat efekti, mist\u00f5ttu on see ideaalne valik neile, kellel on \u00f5hukesed ja h\u00f5renevad juuksed.    <\/p>\n<h3>Igak\u00fclgne hooldus paksudele ja v\u00e4rvitud juustele<\/h3>\n<p>V\u00e4rvitud juuste paksendaja pakub igak\u00fclgset hooldust, mis mitte ainult ei tihenda juukseid, vaid kaitseb ja parandab ka nende v\u00e4rvi. Juuste paksendaja koostis sisaldab toitaineid, mis toetavad tervet juuste kasvu, stimuleerides juuksefolliikuleid ja suurendades peanaha verevoolu. Selle tulemusena omandavad \u00f5hukesed juuksed paksuse ja elastsuse, muutudes vastupidavamaks mehaanilistele ja termilistele kahjustustele. Juuste paksendaja \u00fchildub teiste meie tootevaliku toodetega, mis v\u00f5imaldab luua \u00fchtlase ja t\u00f5husa juuste paksendamise s\u00fcsteemi. Lisaks on toode rikastatud pigmentidega, mis sobivad ideaalselt loomuliku juuksev\u00e4rviga, tagades \u00fchtlase ja intensiivse v\u00e4rvimisefekti. V\u00e4rvitud juuste paksendajaga muutub paksude, tervete ja v\u00e4rviliste juuste saavutamine lihtsamaks kui kunagi varem.     <\/p>\n","protected":false},"excerpt":{"rendered":"<p>Juuste paksendaja on uuenduslik sprei, mis on loodud \u00f5hukeste v\u00f5i h\u00f5renevate juuste, kiilasp\u00e4isuse ja peanaha n\u00e4htavate piirkondade peitmiseks.<\/p>\n<p>See t\u00e4idab koheselt h\u00f5renevad kohad, j\u00e4tab mulje t\u00e4idlasematest ja paksematest juustest. Unikaalsed pigmendid sobituvad teie juuste v\u00e4rviga ja peidavad n\u00e4htava peanaha. See v\u00f5imaldab teil katta veelgi suuremaid alopeetsiast m\u00f5jutatud piirkondi.<br \/>\nLisaks on preparaat suurep\u00e4rane lahendus juurte vahele kasutamiseks.  <\/p>\n<p>Juuste paksendaja on peanahale \u00f5rn, igap\u00e4evaseks kasutamiseks ohutu ja saadaval neljas toonis, mis on vastupidav tuulele, vihmale ja higile. Soovitatav kasutada koos keratiinikiududega, et tagada juuste loomulikule tekstuurile t\u00e4iendav katvus.  <\/p>\n","protected":false},"featured_media":9896,"comment_status":"closed","ping_status":"closed","template":"","meta":[],"product_brand":[],"product_cat":[46],"product_tag":[],"class_list":{"0":"post-9887","1":"product","2":"type-product","3":"status-publish","4":"has-post-thumbnail","6":"product_cat-tooted","8":"first","9":"instock","10":"sale","11":"shipping-taxable","12":"purchasable","13":"product-type-variable"},"yoast_head":"<!-- This site is optimized with the Yoast SEO plugin v26.6 - https:\/\/yoast.com\/wordpress\/plugins\/seo\/ -->\n<title>Toppik paksendaja - mikrokiud maskeerimine, pihusti<\/title>\n<meta name=\"description\" content=\"Toppik paksendaja - mikrokiud maskeerimine, pihusti - Keratiini mikrokiud paksendavad juukseid | Toppik Poola!\" \/>\n<meta name=\"robots\" content=\"index, follow, max-snippet:-1, max-image-preview:large, max-video-preview:-1\" \/>\n<link rel=\"canonical\" href=\"https:\/\/toppikpolska.pl\/et\/produkt\/toppik-paksendaja-mikrokiud-maskeerimine-pihusti\/\" \/>\n<meta property=\"og:locale\" content=\"et_EE\" \/>\n<meta property=\"og:type\" content=\"article\" \/>\n<meta property=\"og:title\" content=\"Toppik paksendaja - mikrokiud maskeerimine, pihusti\" \/>\n<meta property=\"og:description\" content=\"Toppik paksendaja - mikrokiud maskeerimine, pihusti - Keratiini mikrokiud paksendavad juukseid | Toppik Poola!\" \/>\n<meta property=\"og:url\" content=\"https:\/\/toppikpolska.pl\/et\/produkt\/toppik-paksendaja-mikrokiud-maskeerimine-pihusti\/\" \/>\n<meta property=\"og:site_name\" content=\"Juuksekiud, keratiin, paksenemine \u2014 Toppik Eesti\" \/>\n<meta property=\"og:image\" content=\"https:\/\/toppikpolska.pl\/wp-content\/uploads\/2025\/03\/thickener_black.jpg\" \/>\n\t<meta property=\"og:image:width\" content=\"900\" \/>\n\t<meta property=\"og:image:height\" content=\"900\" \/>\n\t<meta property=\"og:image:type\" content=\"image\/jpeg\" \/>\n<meta name=\"twitter:card\" content=\"summary_large_image\" \/>\n<meta name=\"twitter:label1\" content=\"Est. reading time\" \/>\n\t<meta name=\"twitter:data1\" content=\"1 minut\" \/>\n<script type=\"application\/ld+json\" class=\"yoast-schema-graph\">{\"@context\":\"https:\/\/schema.org\",\"@graph\":[{\"@type\":\"WebPage\",\"@id\":\"https:\/\/toppikpolska.pl\/et\/produkt\/toppik-paksendaja-mikrokiud-maskeerimine-pihusti\/\",\"url\":\"https:\/\/toppikpolska.pl\/et\/produkt\/toppik-paksendaja-mikrokiud-maskeerimine-pihusti\/\",\"name\":\"Toppik paksendaja - mikrokiud maskeerimine, pihusti\",\"isPartOf\":{\"@id\":\"https:\/\/toppikpolska.pl\/et\/#website\"},\"primaryImageOfPage\":{\"@id\":\"https:\/\/toppikpolska.pl\/et\/produkt\/toppik-paksendaja-mikrokiud-maskeerimine-pihusti\/#primaryimage\"},\"image\":{\"@id\":\"https:\/\/toppikpolska.pl\/et\/produkt\/toppik-paksendaja-mikrokiud-maskeerimine-pihusti\/#primaryimage\"},\"thumbnailUrl\":\"https:\/\/toppikpolska.pl\/wp-content\/uploads\/2025\/03\/thickener_black.jpg\",\"datePublished\":\"2019-04-12T12:24:27+00:00\",\"description\":\"Toppik paksendaja - mikrokiud maskeerimine, pihusti - Keratiini mikrokiud paksendavad juukseid | Toppik Poola!\",\"breadcrumb\":{\"@id\":\"https:\/\/toppikpolska.pl\/et\/produkt\/toppik-paksendaja-mikrokiud-maskeerimine-pihusti\/#breadcrumb\"},\"inLanguage\":\"et\",\"potentialAction\":[{\"@type\":\"ReadAction\",\"target\":[\"https:\/\/toppikpolska.pl\/et\/produkt\/toppik-paksendaja-mikrokiud-maskeerimine-pihusti\/\"]}]},{\"@type\":\"ImageObject\",\"inLanguage\":\"et\",\"@id\":\"https:\/\/toppikpolska.pl\/et\/produkt\/toppik-paksendaja-mikrokiud-maskeerimine-pihusti\/#primaryimage\",\"url\":\"https:\/\/toppikpolska.pl\/wp-content\/uploads\/2025\/03\/thickener_black.jpg\",\"contentUrl\":\"https:\/\/toppikpolska.pl\/wp-content\/uploads\/2025\/03\/thickener_black.jpg\",\"width\":900,\"height\":900},{\"@type\":\"BreadcrumbList\",\"@id\":\"https:\/\/toppikpolska.pl\/et\/produkt\/toppik-paksendaja-mikrokiud-maskeerimine-pihusti\/#breadcrumb\",\"itemListElement\":[{\"@type\":\"ListItem\",\"position\":1,\"name\":\"Avaleht\",\"item\":\"https:\/\/toppikpolska.pl\/et\/\"},{\"@type\":\"ListItem\",\"position\":2,\"name\":\"Toppik Shop &#8211; Keratiini mikrokiud juuste paksendamiseks\",\"item\":\"https:\/\/toppikpolska.pl\/et\/pood\/\"},{\"@type\":\"ListItem\",\"position\":3,\"name\":\"Toppik paksendaja &#8211; mikrokiud maskeerimine, pihusti\"}]},{\"@type\":\"WebSite\",\"@id\":\"https:\/\/toppikpolska.pl\/et\/#website\",\"url\":\"https:\/\/toppikpolska.pl\/et\/\",\"name\":\"Juuksekiud, keratiin, paksenemine \u2014 Toppik Eesti\",\"description\":\"\",\"publisher\":{\"@id\":\"https:\/\/toppikpolska.pl\/et\/#organization\"},\"potentialAction\":[{\"@type\":\"SearchAction\",\"target\":{\"@type\":\"EntryPoint\",\"urlTemplate\":\"https:\/\/toppikpolska.pl\/et\/?s={search_term_string}\"},\"query-input\":{\"@type\":\"PropertyValueSpecification\",\"valueRequired\":true,\"valueName\":\"search_term_string\"}}],\"inLanguage\":\"et\"},{\"@type\":\"Organization\",\"@id\":\"https:\/\/toppikpolska.pl\/et\/#organization\",\"name\":\"Juuksekiud, keratiin, paksenemine \u2014 Toppik Eesti\",\"url\":\"https:\/\/toppikpolska.pl\/et\/\",\"logo\":{\"@type\":\"ImageObject\",\"inLanguage\":\"et\",\"@id\":\"https:\/\/toppikpolska.pl\/et\/#\/schema\/logo\/image\/\",\"url\":\"https:\/\/toppikpolska.pl\/wp-content\/uploads\/2023\/09\/logo.png\",\"contentUrl\":\"https:\/\/toppikpolska.pl\/wp-content\/uploads\/2023\/09\/logo.png\",\"width\":105,\"height\":57,\"caption\":\"Juuksekiud, keratiin, paksenemine \u2014 Toppik Eesti\"},\"image\":{\"@id\":\"https:\/\/toppikpolska.pl\/et\/#\/schema\/logo\/image\/\"}}]}<\/script>\n<!-- \/ Yoast SEO plugin. -->","yoast_head_json":{"title":"Toppik paksendaja - mikrokiud maskeerimine, pihusti","description":"Toppik paksendaja - mikrokiud maskeerimine, pihusti - Keratiini mikrokiud paksendavad juukseid | Toppik Poola!","robots":{"index":"index","follow":"follow","max-snippet":"max-snippet:-1","max-image-preview":"max-image-preview:large","max-video-preview":"max-video-preview:-1"},"canonical":"https:\/\/toppikpolska.pl\/et\/produkt\/toppik-paksendaja-mikrokiud-maskeerimine-pihusti\/","og_locale":"et_EE","og_type":"article","og_title":"Toppik paksendaja - mikrokiud maskeerimine, pihusti","og_description":"Toppik paksendaja - mikrokiud maskeerimine, pihusti - Keratiini mikrokiud paksendavad juukseid | Toppik Poola!","og_url":"https:\/\/toppikpolska.pl\/et\/produkt\/toppik-paksendaja-mikrokiud-maskeerimine-pihusti\/","og_site_name":"Juuksekiud, keratiin, paksenemine \u2014 Toppik Eesti","og_image":[{"width":900,"height":900,"url":"https:\/\/toppikpolska.pl\/wp-content\/uploads\/2025\/03\/thickener_black.jpg","type":"image\/jpeg"}],"twitter_card":"summary_large_image","twitter_misc":{"Est. reading time":"1 minut"},"schema":{"@context":"https:\/\/schema.org","@graph":[{"@type":"WebPage","@id":"https:\/\/toppikpolska.pl\/et\/produkt\/toppik-paksendaja-mikrokiud-maskeerimine-pihusti\/","url":"https:\/\/toppikpolska.pl\/et\/produkt\/toppik-paksendaja-mikrokiud-maskeerimine-pihusti\/","name":"Toppik paksendaja - mikrokiud maskeerimine, pihusti","isPartOf":{"@id":"https:\/\/toppikpolska.pl\/et\/#website"},"primaryImageOfPage":{"@id":"https:\/\/toppikpolska.pl\/et\/produkt\/toppik-paksendaja-mikrokiud-maskeerimine-pihusti\/#primaryimage"},"image":{"@id":"https:\/\/toppikpolska.pl\/et\/produkt\/toppik-paksendaja-mikrokiud-maskeerimine-pihusti\/#primaryimage"},"thumbnailUrl":"https:\/\/toppikpolska.pl\/wp-content\/uploads\/2025\/03\/thickener_black.jpg","datePublished":"2019-04-12T12:24:27+00:00","description":"Toppik paksendaja - mikrokiud maskeerimine, pihusti - Keratiini mikrokiud paksendavad juukseid | Toppik Poola!","breadcrumb":{"@id":"https:\/\/toppikpolska.pl\/et\/produkt\/toppik-paksendaja-mikrokiud-maskeerimine-pihusti\/#breadcrumb"},"inLanguage":"et","potentialAction":[{"@type":"ReadAction","target":["https:\/\/toppikpolska.pl\/et\/produkt\/toppik-paksendaja-mikrokiud-maskeerimine-pihusti\/"]}]},{"@type":"ImageObject","inLanguage":"et","@id":"https:\/\/toppikpolska.pl\/et\/produkt\/toppik-paksendaja-mikrokiud-maskeerimine-pihusti\/#primaryimage","url":"https:\/\/toppikpolska.pl\/wp-content\/uploads\/2025\/03\/thickener_black.jpg","contentUrl":"https:\/\/toppikpolska.pl\/wp-content\/uploads\/2025\/03\/thickener_black.jpg","width":900,"height":900},{"@type":"BreadcrumbList","@id":"https:\/\/toppikpolska.pl\/et\/produkt\/toppik-paksendaja-mikrokiud-maskeerimine-pihusti\/#breadcrumb","itemListElement":[{"@type":"ListItem","position":1,"name":"Avaleht","item":"https:\/\/toppikpolska.pl\/et\/"},{"@type":"ListItem","position":2,"name":"Toppik Shop &#8211; Keratiini mikrokiud juuste paksendamiseks","item":"https:\/\/toppikpolska.pl\/et\/pood\/"},{"@type":"ListItem","position":3,"name":"Toppik paksendaja &#8211; mikrokiud maskeerimine, pihusti"}]},{"@type":"WebSite","@id":"https:\/\/toppikpolska.pl\/et\/#website","url":"https:\/\/toppikpolska.pl\/et\/","name":"Juuksekiud, keratiin, paksenemine \u2014 Toppik Eesti","description":"","publisher":{"@id":"https:\/\/toppikpolska.pl\/et\/#organization"},"potentialAction":[{"@type":"SearchAction","target":{"@type":"EntryPoint","urlTemplate":"https:\/\/toppikpolska.pl\/et\/?s={search_term_string}"},"query-input":{"@type":"PropertyValueSpecification","valueRequired":true,"valueName":"search_term_string"}}],"inLanguage":"et"},{"@type":"Organization","@id":"https:\/\/toppikpolska.pl\/et\/#organization","name":"Juuksekiud, keratiin, paksenemine \u2014 Toppik Eesti","url":"https:\/\/toppikpolska.pl\/et\/","logo":{"@type":"ImageObject","inLanguage":"et","@id":"https:\/\/toppikpolska.pl\/et\/#\/schema\/logo\/image\/","url":"https:\/\/toppikpolska.pl\/wp-content\/uploads\/2023\/09\/logo.png","contentUrl":"https:\/\/toppikpolska.pl\/wp-content\/uploads\/2023\/09\/logo.png","width":105,"height":57,"caption":"Juuksekiud, keratiin, paksenemine \u2014 Toppik Eesti"},"image":{"@id":"https:\/\/toppikpolska.pl\/et\/#\/schema\/logo\/image\/"}}]}},"_links":{"self":[{"href":"https:\/\/toppikpolska.pl\/et\/wp-json\/wp\/v2\/product\/9887","targetHints":{"allow":["GET"]}}],"collection":[{"href":"https:\/\/toppikpolska.pl\/et\/wp-json\/wp\/v2\/product"}],"about":[{"href":"https:\/\/toppikpolska.pl\/et\/wp-json\/wp\/v2\/types\/product"}],"replies":[{"embeddable":true,"href":"https:\/\/toppikpolska.pl\/et\/wp-json\/wp\/v2\/comments?post=9887"}],"wp:featuredmedia":[{"embeddable":true,"href":"https:\/\/toppikpolska.pl\/et\/wp-json\/wp\/v2\/media\/9896"}],"wp:attachment":[{"href":"https:\/\/toppikpolska.pl\/et\/wp-json\/wp\/v2\/media?parent=9887"}],"wp:term":[{"taxonomy":"product_brand","embeddable":true,"href":"https:\/\/toppikpolska.pl\/et\/wp-json\/wp\/v2\/product_brand?post=9887"},{"taxonomy":"product_cat","embeddable":true,"href":"https:\/\/toppikpolska.pl\/et\/wp-json\/wp\/v2\/product_cat?post=9887"},{"taxonomy":"product_tag","embeddable":true,"href":"https:\/\/toppikpolska.pl\/et\/wp-json\/wp\/v2\/product_tag?post=9887"}],"curies":[{"name":"wp","href":"https:\/\/api.w.org\/{rel}","templated":true}]}}