{"id":9916,"date":"2019-01-25T16:32:43","date_gmt":"2019-01-25T15:32:43","guid":{"rendered":"https:\/\/toppikpolska.pl\/produkt\/juuksepiiri-optimeerija-toppik-pesumasin-optimeeriv-kamm\/"},"modified":"2019-01-25T16:32:43","modified_gmt":"2019-01-25T15:32:43","slug":"juuksepiiri-optimeerija-toppik-pesumasin-optimeeriv-kamm","status":"publish","type":"product","link":"https:\/\/toppikpolska.pl\/et\/produkt\/juuksepiiri-optimeerija-toppik-pesumasin-optimeeriv-kamm\/","title":{"rendered":"Juuksepiiri optimeerija Toppik pesumasin, optimeeriv kamm"},"content":{"rendered":"<h3>Mida toodet kirjeldatakse?<\/h3>\n<p>Toppik Optimizing Pad on toode, mis h\u00f5lbustab loomuliku juuksepiiri s\u00e4ilitamist Toppiku kiudude pealekandmisel.<\/p>\n<h3>Uuenduslik juuste paksendamine Hairline Optimizeriga<\/h3>\n<p>Hairline Optimizer on l\u00e4bimurdeline juuste paksendamise lahendus, mis tagab loomuliku v\u00e4limuse ja pikaealisuse. T\u00e4nu t\u00e4iustatud valemile t\u00e4idab toode t\u00f5husalt h\u00f5redad kohad, luues ja t\u00e4idlase soengu. Ideaalne neile, kes otsivad m\u00e4rkamatuid tulemusi, ilma et oleks vaja pidevalt preparaate kasutada. Hairline Optimizer t\u00f6\u00f6tab koos varjutuskammiga, et v\u00f5imaldada toote t\u00e4pset pealekandmist ja \u00fchtlast jaotumist, mis tagab juuste t\u00e4iusliku varjutamise. Hairline Optimizeri regulaarne kasutamine soodustab juuste loomulikku kasvu, suurendades juuste mahtu ja parandades \u00fcldist seisundit.    <\/p>\n<h3>Professionaalne juuste varjutamine varjutuskammiga<\/h3>\n<p>Parimate juuste paksenemise tulemuste saavutamiseks on oluline kasutada \u00f5igeid t\u00f6\u00f6riistu. Meie valikus olev juuste varjutuskamm on spetsiaalselt loodud t\u00f6\u00f6tama koos Hairline Optimizeriga. T\u00e4nu t\u00e4psetele hammastele v\u00f5imaldab kamm toodet t\u00e4pselt peale kanda, mis v\u00f5imaldab loomulikku \u00fcleminekut paksenenud ja loomulike juukseosade vahel. See on ideaalne lahendus inimestele, kes soovivad kodus professionaalset efekti saavutada. Varjutuskamm aitab Hairline Optimizerit \u00fchtlaselt jaotada, minimeerides triipude tekkimise ohtu ja tagades p\u00fcsiva pakseneva efekti. Nende toodete kombinatsioon tagab rahuldavad tulemused, r\u00f5hutades teie soengu ilu ja tihedust.     <\/p>\n<h3>Toote kasutamise eelised<\/h3>\n<p>\u2022 V\u00e4ldib harjaste ebaloomulikku v\u00e4limust<br \/>\n\u2022 Muudab juuksed loomulikuks ja paksuks<br \/>\n\u2022 Hoiab \u00e4ra kiudude kukkumise otsmikule<\/p>\n<h3>Mida peaksite veel teadma?<\/h3>\n<p>Kui soovite saavutada veelgi rahuldavamaid tulemusi, on soovitatav kasutada spetsiaalset <a href=\"https:\/\/toppikpolska.pl\/produkt\/spray-applicator\/\">Toppiku aplikaatorit<\/a>.<\/p>\n","protected":false},"excerpt":{"rendered":"<h3>Mida toodet kirjeldatakse?<\/h3>\n<p>Toppik Optimizing Comb on toode, mis h\u00f5lbustab loomuliku juuksepiiri s\u00e4ilitamist Toppiku kiudude pealekandmisel.<\/p>\n<h3>Toote kasutamise eelised<\/h3>\n<p>\u2022 V\u00e4ldib harjaste ebaloomulikku v\u00e4limust<br \/>\n\u2022 Muudab juuksed loomulikuks ja paksuks<br \/>\n\u2022 Hoiab \u00e4ra kiudude kukkumise otsmikule<\/p>\n<h3>Mida peaksite veel teadma?<\/h3>\n<p>Kui soovite saavutada veelgi rahuldavamaid tulemusi, on soovitatav kasutada spetsiaalset Toppiku aplikaatorit.<\/p>\n","protected":false},"featured_media":9919,"comment_status":"closed","ping_status":"closed","template":"","meta":[],"product_brand":[],"product_cat":[46],"product_tag":[],"class_list":{"0":"post-9916","1":"product","2":"type-product","3":"status-publish","4":"has-post-thumbnail","6":"product_cat-tooted","8":"first","9":"instock","10":"purchasable","11":"product-type-simple"},"yoast_head":"<!-- This site is optimized with the Yoast SEO plugin v26.6 - https:\/\/yoast.com\/wordpress\/plugins\/seo\/ -->\n<title>Juuksepiiri optimeerija Toppik pesumasin, optimeeriv kamm<\/title>\n<meta name=\"description\" content=\"Juuksepiiri optimeerija Toppik pesumasin, optimeeriv kamm - Keratiini mikrokiud paksendavad juukseid | Toppik Poola!\" \/>\n<meta name=\"robots\" content=\"index, follow, max-snippet:-1, max-image-preview:large, max-video-preview:-1\" \/>\n<link rel=\"canonical\" href=\"https:\/\/toppikpolska.pl\/et\/produkt\/juuksepiiri-optimeerija-toppik-pesumasin-optimeeriv-kamm\/\" \/>\n<meta property=\"og:locale\" content=\"et_EE\" \/>\n<meta property=\"og:type\" content=\"article\" \/>\n<meta property=\"og:title\" content=\"Juuksepiiri optimeerija Toppik pesumasin, optimeeriv kamm\" \/>\n<meta property=\"og:description\" content=\"Juuksepiiri optimeerija Toppik pesumasin, optimeeriv kamm - Keratiini mikrokiud paksendavad juukseid | Toppik Poola!\" \/>\n<meta property=\"og:url\" content=\"https:\/\/toppikpolska.pl\/et\/produkt\/juuksepiiri-optimeerija-toppik-pesumasin-optimeeriv-kamm\/\" \/>\n<meta property=\"og:site_name\" content=\"Juuksekiud, keratiin, paksenemine \u2014 Toppik Eesti\" \/>\n<meta property=\"og:image\" content=\"https:\/\/toppikpolska.pl\/wp-content\/uploads\/2023\/11\/hairlineoptimizer_1940x1940_1.jpg\" \/>\n\t<meta property=\"og:image:width\" content=\"700\" \/>\n\t<meta property=\"og:image:height\" content=\"700\" \/>\n\t<meta property=\"og:image:type\" content=\"image\/jpeg\" \/>\n<meta name=\"twitter:card\" content=\"summary_large_image\" \/>\n<meta name=\"twitter:label1\" content=\"Est. reading time\" \/>\n\t<meta name=\"twitter:data1\" content=\"1 minut\" \/>\n<script type=\"application\/ld+json\" class=\"yoast-schema-graph\">{\"@context\":\"https:\/\/schema.org\",\"@graph\":[{\"@type\":\"WebPage\",\"@id\":\"https:\/\/toppikpolska.pl\/et\/produkt\/juuksepiiri-optimeerija-toppik-pesumasin-optimeeriv-kamm\/\",\"url\":\"https:\/\/toppikpolska.pl\/et\/produkt\/juuksepiiri-optimeerija-toppik-pesumasin-optimeeriv-kamm\/\",\"name\":\"Juuksepiiri optimeerija Toppik pesumasin, optimeeriv kamm\",\"isPartOf\":{\"@id\":\"https:\/\/toppikpolska.pl\/et\/#website\"},\"primaryImageOfPage\":{\"@id\":\"https:\/\/toppikpolska.pl\/et\/produkt\/juuksepiiri-optimeerija-toppik-pesumasin-optimeeriv-kamm\/#primaryimage\"},\"image\":{\"@id\":\"https:\/\/toppikpolska.pl\/et\/produkt\/juuksepiiri-optimeerija-toppik-pesumasin-optimeeriv-kamm\/#primaryimage\"},\"thumbnailUrl\":\"https:\/\/toppikpolska.pl\/wp-content\/uploads\/2023\/11\/hairlineoptimizer_1940x1940_1.jpg\",\"datePublished\":\"2019-01-25T15:32:43+00:00\",\"description\":\"Juuksepiiri optimeerija Toppik pesumasin, optimeeriv kamm - Keratiini mikrokiud paksendavad juukseid | Toppik Poola!\",\"breadcrumb\":{\"@id\":\"https:\/\/toppikpolska.pl\/et\/produkt\/juuksepiiri-optimeerija-toppik-pesumasin-optimeeriv-kamm\/#breadcrumb\"},\"inLanguage\":\"et\",\"potentialAction\":[{\"@type\":\"ReadAction\",\"target\":[\"https:\/\/toppikpolska.pl\/et\/produkt\/juuksepiiri-optimeerija-toppik-pesumasin-optimeeriv-kamm\/\"]}]},{\"@type\":\"ImageObject\",\"inLanguage\":\"et\",\"@id\":\"https:\/\/toppikpolska.pl\/et\/produkt\/juuksepiiri-optimeerija-toppik-pesumasin-optimeeriv-kamm\/#primaryimage\",\"url\":\"https:\/\/toppikpolska.pl\/wp-content\/uploads\/2023\/11\/hairlineoptimizer_1940x1940_1.jpg\",\"contentUrl\":\"https:\/\/toppikpolska.pl\/wp-content\/uploads\/2023\/11\/hairlineoptimizer_1940x1940_1.jpg\",\"width\":700,\"height\":700},{\"@type\":\"BreadcrumbList\",\"@id\":\"https:\/\/toppikpolska.pl\/et\/produkt\/juuksepiiri-optimeerija-toppik-pesumasin-optimeeriv-kamm\/#breadcrumb\",\"itemListElement\":[{\"@type\":\"ListItem\",\"position\":1,\"name\":\"Avaleht\",\"item\":\"https:\/\/toppikpolska.pl\/et\/\"},{\"@type\":\"ListItem\",\"position\":2,\"name\":\"Toppik Shop &#8211; Keratiini mikrokiud juuste paksendamiseks\",\"item\":\"https:\/\/toppikpolska.pl\/et\/pood\/\"},{\"@type\":\"ListItem\",\"position\":3,\"name\":\"Juuksepiiri optimeerija Toppik pesumasin, optimeeriv kamm\"}]},{\"@type\":\"WebSite\",\"@id\":\"https:\/\/toppikpolska.pl\/et\/#website\",\"url\":\"https:\/\/toppikpolska.pl\/et\/\",\"name\":\"Juuksekiud, keratiin, paksenemine \u2014 Toppik Eesti\",\"description\":\"\",\"publisher\":{\"@id\":\"https:\/\/toppikpolska.pl\/et\/#organization\"},\"potentialAction\":[{\"@type\":\"SearchAction\",\"target\":{\"@type\":\"EntryPoint\",\"urlTemplate\":\"https:\/\/toppikpolska.pl\/et\/?s={search_term_string}\"},\"query-input\":{\"@type\":\"PropertyValueSpecification\",\"valueRequired\":true,\"valueName\":\"search_term_string\"}}],\"inLanguage\":\"et\"},{\"@type\":\"Organization\",\"@id\":\"https:\/\/toppikpolska.pl\/et\/#organization\",\"name\":\"Juuksekiud, keratiin, paksenemine \u2014 Toppik Eesti\",\"url\":\"https:\/\/toppikpolska.pl\/et\/\",\"logo\":{\"@type\":\"ImageObject\",\"inLanguage\":\"et\",\"@id\":\"https:\/\/toppikpolska.pl\/et\/#\/schema\/logo\/image\/\",\"url\":\"https:\/\/toppikpolska.pl\/wp-content\/uploads\/2023\/09\/logo.png\",\"contentUrl\":\"https:\/\/toppikpolska.pl\/wp-content\/uploads\/2023\/09\/logo.png\",\"width\":105,\"height\":57,\"caption\":\"Juuksekiud, keratiin, paksenemine \u2014 Toppik Eesti\"},\"image\":{\"@id\":\"https:\/\/toppikpolska.pl\/et\/#\/schema\/logo\/image\/\"}}]}<\/script>\n<!-- \/ Yoast SEO plugin. -->","yoast_head_json":{"title":"Juuksepiiri optimeerija Toppik pesumasin, optimeeriv kamm","description":"Juuksepiiri optimeerija Toppik pesumasin, optimeeriv kamm - Keratiini mikrokiud paksendavad juukseid | Toppik Poola!","robots":{"index":"index","follow":"follow","max-snippet":"max-snippet:-1","max-image-preview":"max-image-preview:large","max-video-preview":"max-video-preview:-1"},"canonical":"https:\/\/toppikpolska.pl\/et\/produkt\/juuksepiiri-optimeerija-toppik-pesumasin-optimeeriv-kamm\/","og_locale":"et_EE","og_type":"article","og_title":"Juuksepiiri optimeerija Toppik pesumasin, optimeeriv kamm","og_description":"Juuksepiiri optimeerija Toppik pesumasin, optimeeriv kamm - Keratiini mikrokiud paksendavad juukseid | Toppik Poola!","og_url":"https:\/\/toppikpolska.pl\/et\/produkt\/juuksepiiri-optimeerija-toppik-pesumasin-optimeeriv-kamm\/","og_site_name":"Juuksekiud, keratiin, paksenemine \u2014 Toppik Eesti","og_image":[{"width":700,"height":700,"url":"https:\/\/toppikpolska.pl\/wp-content\/uploads\/2023\/11\/hairlineoptimizer_1940x1940_1.jpg","type":"image\/jpeg"}],"twitter_card":"summary_large_image","twitter_misc":{"Est. reading time":"1 minut"},"schema":{"@context":"https:\/\/schema.org","@graph":[{"@type":"WebPage","@id":"https:\/\/toppikpolska.pl\/et\/produkt\/juuksepiiri-optimeerija-toppik-pesumasin-optimeeriv-kamm\/","url":"https:\/\/toppikpolska.pl\/et\/produkt\/juuksepiiri-optimeerija-toppik-pesumasin-optimeeriv-kamm\/","name":"Juuksepiiri optimeerija Toppik pesumasin, optimeeriv kamm","isPartOf":{"@id":"https:\/\/toppikpolska.pl\/et\/#website"},"primaryImageOfPage":{"@id":"https:\/\/toppikpolska.pl\/et\/produkt\/juuksepiiri-optimeerija-toppik-pesumasin-optimeeriv-kamm\/#primaryimage"},"image":{"@id":"https:\/\/toppikpolska.pl\/et\/produkt\/juuksepiiri-optimeerija-toppik-pesumasin-optimeeriv-kamm\/#primaryimage"},"thumbnailUrl":"https:\/\/toppikpolska.pl\/wp-content\/uploads\/2023\/11\/hairlineoptimizer_1940x1940_1.jpg","datePublished":"2019-01-25T15:32:43+00:00","description":"Juuksepiiri optimeerija Toppik pesumasin, optimeeriv kamm - Keratiini mikrokiud paksendavad juukseid | Toppik Poola!","breadcrumb":{"@id":"https:\/\/toppikpolska.pl\/et\/produkt\/juuksepiiri-optimeerija-toppik-pesumasin-optimeeriv-kamm\/#breadcrumb"},"inLanguage":"et","potentialAction":[{"@type":"ReadAction","target":["https:\/\/toppikpolska.pl\/et\/produkt\/juuksepiiri-optimeerija-toppik-pesumasin-optimeeriv-kamm\/"]}]},{"@type":"ImageObject","inLanguage":"et","@id":"https:\/\/toppikpolska.pl\/et\/produkt\/juuksepiiri-optimeerija-toppik-pesumasin-optimeeriv-kamm\/#primaryimage","url":"https:\/\/toppikpolska.pl\/wp-content\/uploads\/2023\/11\/hairlineoptimizer_1940x1940_1.jpg","contentUrl":"https:\/\/toppikpolska.pl\/wp-content\/uploads\/2023\/11\/hairlineoptimizer_1940x1940_1.jpg","width":700,"height":700},{"@type":"BreadcrumbList","@id":"https:\/\/toppikpolska.pl\/et\/produkt\/juuksepiiri-optimeerija-toppik-pesumasin-optimeeriv-kamm\/#breadcrumb","itemListElement":[{"@type":"ListItem","position":1,"name":"Avaleht","item":"https:\/\/toppikpolska.pl\/et\/"},{"@type":"ListItem","position":2,"name":"Toppik Shop &#8211; Keratiini mikrokiud juuste paksendamiseks","item":"https:\/\/toppikpolska.pl\/et\/pood\/"},{"@type":"ListItem","position":3,"name":"Juuksepiiri optimeerija Toppik pesumasin, optimeeriv kamm"}]},{"@type":"WebSite","@id":"https:\/\/toppikpolska.pl\/et\/#website","url":"https:\/\/toppikpolska.pl\/et\/","name":"Juuksekiud, keratiin, paksenemine \u2014 Toppik Eesti","description":"","publisher":{"@id":"https:\/\/toppikpolska.pl\/et\/#organization"},"potentialAction":[{"@type":"SearchAction","target":{"@type":"EntryPoint","urlTemplate":"https:\/\/toppikpolska.pl\/et\/?s={search_term_string}"},"query-input":{"@type":"PropertyValueSpecification","valueRequired":true,"valueName":"search_term_string"}}],"inLanguage":"et"},{"@type":"Organization","@id":"https:\/\/toppikpolska.pl\/et\/#organization","name":"Juuksekiud, keratiin, paksenemine \u2014 Toppik Eesti","url":"https:\/\/toppikpolska.pl\/et\/","logo":{"@type":"ImageObject","inLanguage":"et","@id":"https:\/\/toppikpolska.pl\/et\/#\/schema\/logo\/image\/","url":"https:\/\/toppikpolska.pl\/wp-content\/uploads\/2023\/09\/logo.png","contentUrl":"https:\/\/toppikpolska.pl\/wp-content\/uploads\/2023\/09\/logo.png","width":105,"height":57,"caption":"Juuksekiud, keratiin, paksenemine \u2014 Toppik Eesti"},"image":{"@id":"https:\/\/toppikpolska.pl\/et\/#\/schema\/logo\/image\/"}}]}},"_links":{"self":[{"href":"https:\/\/toppikpolska.pl\/et\/wp-json\/wp\/v2\/product\/9916","targetHints":{"allow":["GET"]}}],"collection":[{"href":"https:\/\/toppikpolska.pl\/et\/wp-json\/wp\/v2\/product"}],"about":[{"href":"https:\/\/toppikpolska.pl\/et\/wp-json\/wp\/v2\/types\/product"}],"replies":[{"embeddable":true,"href":"https:\/\/toppikpolska.pl\/et\/wp-json\/wp\/v2\/comments?post=9916"}],"wp:featuredmedia":[{"embeddable":true,"href":"https:\/\/toppikpolska.pl\/et\/wp-json\/wp\/v2\/media\/9919"}],"wp:attachment":[{"href":"https:\/\/toppikpolska.pl\/et\/wp-json\/wp\/v2\/media?parent=9916"}],"wp:term":[{"taxonomy":"product_brand","embeddable":true,"href":"https:\/\/toppikpolska.pl\/et\/wp-json\/wp\/v2\/product_brand?post=9916"},{"taxonomy":"product_cat","embeddable":true,"href":"https:\/\/toppikpolska.pl\/et\/wp-json\/wp\/v2\/product_cat?post=9916"},{"taxonomy":"product_tag","embeddable":true,"href":"https:\/\/toppikpolska.pl\/et\/wp-json\/wp\/v2\/product_tag?post=9916"}],"curies":[{"name":"wp","href":"https:\/\/api.w.org\/{rel}","templated":true}]}}