{"id":9954,"date":"2019-04-11T17:27:41","date_gmt":"2019-04-11T15:27:41","guid":{"rendered":"https:\/\/toppikpolska.pl\/produkt\/mikrokiust-paksendavad-juuksed-275-g-aplikaator-juuksepiiri-optimeerija\/"},"modified":"2019-04-11T17:27:41","modified_gmt":"2019-04-11T15:27:41","slug":"mikrokiust-paksendavad-juuksed-275-g-aplikaator-juuksepiiri-optimeerija","status":"publish","type":"product","link":"https:\/\/toppikpolska.pl\/et\/produkt\/mikrokiust-paksendavad-juuksed-275-g-aplikaator-juuksepiiri-optimeerija\/","title":{"rendered":"Mikrokiust paksendavad juuksed 27,5 g + aplikaator + juuksepiiri optimeerija"},"content":{"rendered":"<h3>T\u00e4pne juuste paksendamine kiudaplikaatori ja kammiga<\/h3>\n<p>Kiudude aplikaator ja kamm on juuste paksenemise protsessis asendamatud t\u00f6\u00f6riistad, mis sobivad ideaalselt \u00f5hukeste ja h\u00f5renevate juustega inimestele. Juuste mikrokiud kleepuvad suurep\u00e4raselt loomulikele juustele, luues paksude juuste efekti ilma n\u00e4htavate j\u00e4lgedeta. Juuste aplikaator v\u00f5imaldab harjaseid t\u00e4pselt peale kanda, mis tagab juuste \u00fchtlase paksenemise ja soengu loomuliku v\u00e4limuse. Kiudude paksendav kamm toetab veelgi pealekandmisprotsessi, v\u00f5imaldades mikrokiude t\u00e4pselt jaotada kogu juuste pikkuses. T\u00e4nu ergonoomilisele disainile on m\u00f5lemat t\u00f6\u00f6riista lihtne kasutada isegi algajatele kasutajatele. Kiudaplikaatori-kammi komplekt tagab juuste kiire ja t\u00f5husa paksendamise, suurendades juuste vol\u00fc\u00fcmi ja t\u00e4idlust ilma invasiivsete meetoditeta.     <\/p>\n<h3>Professionaalsed t\u00f6\u00f6riistad juuste paksendamiseks kodus<\/h3>\n<p>Kiudkarvade paksendav kamm koos aplikaatoriga on professionaalne lahendus, mis on saadaval kodus. Juustele m\u00f5eldud mikrokiud maskeerivad t\u00f5husalt h\u00f5renevaid osi, andes juustele soovitud tiheduse ja vol\u00fc\u00fcmi. Juuste aplikaator on loodud nii, et see v\u00f5imaldaks kiiret ja t\u00e4pset kiudude pealekandmist, minimeerides toote j\u00e4\u00e4ke ja tagades p\u00fcsiva tulemuse kogu p\u00e4evaks. Kiudkamm aitab mikrokiude \u00fchtlaselt jaotada, k\u00f5rvaldades n\u00e4htavad triibud ja ebatasasused, mis t\u00e4hendab paksude juuste loomulikku ja esteetilist v\u00e4limust. Selle komplektiga muutub juuste paksenemine lihtsamaks ja t\u00f5husamaks, v\u00f5imaldades nautida t\u00e4idlasemat soengut ilma spetsialisti k\u00fclastamata. Kui investeerite a Kiudaplikaator ja kamm, saate usaldusv\u00e4\u00e4rseid igap\u00e4evaseid hooldus- ja stiilit\u00f6\u00f6riistu, mis suurendavad teie juuste loomulikku ilu.     <\/p>\n<h3>Mida peaksite veel teadma?<\/h3>\n<p>Kasutage nii aplikaatorit kui ka optimeerivat kammi, kui kannate kiude juuksepiiri piirkonda. Aplikaatorit saate kasutada ka kiudude pealekandmiseks kogu piirkonnas, hallide juuste peitmiseks v\u00f5i pikenduste kinnitamise kohtade peitmiseks. Aplikaatorit saab kanda pudelitele, mille kiud on standardsuuruses (12 g) ja \u00f6konoomses suuruses (27,5 g).<br \/>\nKui soovite saavutada veelgi rahuldavamaid tulemusi, on soovitatav kasutada spetsiaalset Toppiku aplikaatorit.<br \/>\nToppiku kiud on vastupidavad vihmale, tuulele ja higile, nii et need annavad kasutajale kauakestva soovitud efekti olenemata ilmastikutingimustest.   Neid on saadaval koguni \u00fcheksas toonis, nii et saate neid sobitada peaaegu igat v\u00e4rvi juustega. Toode toimib h\u00e4sti ka paiksete restauratsioonide korral, maskeerides restauratsioonis\u00fcsteemide kinnitusi ja t\u00e4ites juuste defekte v\u00e4rvimisseansside vahel. Toode pestakse kergesti vee ja \u0161ampooniga maha.<\/p>\n","protected":false},"excerpt":{"rendered":"<p>S\u00e4\u00e4stke koguni 26 zlotti, ostes Toppiku aplikaatori, kammi ja Toppiku juuksekiudude 27,5 g komplekti!<\/p>\n<p><strong>MIDA TOODET KIRJELDATAKSE?<\/strong><br \/>\nToppiku aplikaator on patenteeritud toode, mida saab paigaldada \u00f6konoomsete ja standardsuurustega Toppiku kiududega pudelitele, et suurendada pealekandmise t\u00e4psust.<br \/>\nToppik Optimizing Comb on toode, mis h\u00f5lbustab loomuliku juuksepiiri s\u00e4ilitamist Toppiku kiudude pealekandmisel.<br \/>\nToppiku lisakiud on valmistatud v\u00e4rvitud keratiinikiudude baasil, mis tungivad suurep\u00e4raselt juustesse ning paksendavad ja paksendavad neid koheselt visuaalselt.<\/p>\n<p>TOOTE<br \/>\n <strong>KASUTAMISE EELISED<\/strong>\u2022 H\u00f5lbustab kiudude t\u00e4psemat pealekandmist konkreetsetele peapiirkondadele<br \/>\n\u2022 Tagab t\u00e4pse pealekandmise v\u00e4ikestele karvastele nahaosadele<br \/>\n\u2022 V\u00e4ldib ebaloomulikku v\u00e4limust p\u00e4rast kiudude<br \/>\n pealekandmist\u2022 Muudab juuksed loomulikuks ja paksuks<br \/>\n\u2022 Hoiab \u00e4ra kiudude langemise otsmikule<br \/>\n\u2022 T\u00e4idab koheselt h\u00f5renevate juuste<br \/>\n piirkonnad\u2022 Katab juuste<br \/>\n v\u00e4ljalangemise\u2022 Loob paksude ja paksude juuste<br \/>\n efekti\u2022 Ideaalne soengu t\u00e4ienduseks v\u00e4rvimisseansside vahel<\/p>\n","protected":false},"featured_media":7779,"comment_status":"closed","ping_status":"closed","template":"","meta":[],"product_brand":[],"product_cat":[46],"product_tag":[],"class_list":{"0":"post-9954","1":"product","2":"type-product","3":"status-publish","4":"has-post-thumbnail","6":"product_cat-tooted","8":"first","9":"instock","10":"shipping-taxable","11":"purchasable","12":"product-type-variable"},"yoast_head":"<!-- This site is optimized with the Yoast SEO plugin v26.6 - https:\/\/yoast.com\/wordpress\/plugins\/seo\/ -->\n<title>Mikrokiust paksendavad juuksed 27,5 g + aplikaator + juuksepiiri optimeerija<\/title>\n<meta name=\"description\" content=\"Mikrokiust paksendavad juuksed 27,5 g + aplikaator + juuksepiiri optimeerija - Keratiini mikrokiud paksendavad juukseid | Toppik Poola!\" \/>\n<meta name=\"robots\" content=\"index, follow, max-snippet:-1, max-image-preview:large, max-video-preview:-1\" \/>\n<link rel=\"canonical\" href=\"https:\/\/toppikpolska.pl\/et\/produkt\/mikrokiust-paksendavad-juuksed-275-g-aplikaator-juuksepiiri-optimeerija\/\" \/>\n<meta property=\"og:locale\" content=\"et_EE\" \/>\n<meta property=\"og:type\" content=\"article\" \/>\n<meta property=\"og:title\" content=\"Mikrokiust paksendavad juuksed 27,5 g + aplikaator + juuksepiiri optimeerija\" \/>\n<meta property=\"og:description\" content=\"Mikrokiust paksendavad juuksed 27,5 g + aplikaator + juuksepiiri optimeerija - Keratiini mikrokiud paksendavad juukseid | Toppik Poola!\" \/>\n<meta property=\"og:url\" content=\"https:\/\/toppikpolska.pl\/et\/produkt\/mikrokiust-paksendavad-juuksed-275-g-aplikaator-juuksepiiri-optimeerija\/\" \/>\n<meta property=\"og:site_name\" content=\"Juuksekiud, keratiin, paksenemine \u2014 Toppik Eesti\" \/>\n<meta property=\"og:image\" content=\"https:\/\/toppikpolska.pl\/wp-content\/uploads\/2019\/04\/mikrowlokna-toppik-zestaw-aplikator-grzebien.webp\" \/>\n\t<meta property=\"og:image:width\" content=\"600\" \/>\n\t<meta property=\"og:image:height\" content=\"600\" \/>\n\t<meta property=\"og:image:type\" content=\"image\/webp\" \/>\n<meta name=\"twitter:card\" content=\"summary_large_image\" \/>\n<meta name=\"twitter:label1\" content=\"Est. reading time\" \/>\n\t<meta name=\"twitter:data1\" content=\"2 minutit\" \/>\n<script type=\"application\/ld+json\" class=\"yoast-schema-graph\">{\"@context\":\"https:\/\/schema.org\",\"@graph\":[{\"@type\":\"WebPage\",\"@id\":\"https:\/\/toppikpolska.pl\/et\/produkt\/mikrokiust-paksendavad-juuksed-275-g-aplikaator-juuksepiiri-optimeerija\/\",\"url\":\"https:\/\/toppikpolska.pl\/et\/produkt\/mikrokiust-paksendavad-juuksed-275-g-aplikaator-juuksepiiri-optimeerija\/\",\"name\":\"Mikrokiust paksendavad juuksed 27,5 g + aplikaator + juuksepiiri optimeerija\",\"isPartOf\":{\"@id\":\"https:\/\/toppikpolska.pl\/et\/#website\"},\"primaryImageOfPage\":{\"@id\":\"https:\/\/toppikpolska.pl\/et\/produkt\/mikrokiust-paksendavad-juuksed-275-g-aplikaator-juuksepiiri-optimeerija\/#primaryimage\"},\"image\":{\"@id\":\"https:\/\/toppikpolska.pl\/et\/produkt\/mikrokiust-paksendavad-juuksed-275-g-aplikaator-juuksepiiri-optimeerija\/#primaryimage\"},\"thumbnailUrl\":\"https:\/\/toppikpolska.pl\/wp-content\/uploads\/2019\/04\/mikrowlokna-toppik-zestaw-aplikator-grzebien.webp\",\"datePublished\":\"2019-04-11T15:27:41+00:00\",\"description\":\"Mikrokiust paksendavad juuksed 27,5 g + aplikaator + juuksepiiri optimeerija - Keratiini mikrokiud paksendavad juukseid | Toppik Poola!\",\"breadcrumb\":{\"@id\":\"https:\/\/toppikpolska.pl\/et\/produkt\/mikrokiust-paksendavad-juuksed-275-g-aplikaator-juuksepiiri-optimeerija\/#breadcrumb\"},\"inLanguage\":\"et\",\"potentialAction\":[{\"@type\":\"ReadAction\",\"target\":[\"https:\/\/toppikpolska.pl\/et\/produkt\/mikrokiust-paksendavad-juuksed-275-g-aplikaator-juuksepiiri-optimeerija\/\"]}]},{\"@type\":\"ImageObject\",\"inLanguage\":\"et\",\"@id\":\"https:\/\/toppikpolska.pl\/et\/produkt\/mikrokiust-paksendavad-juuksed-275-g-aplikaator-juuksepiiri-optimeerija\/#primaryimage\",\"url\":\"https:\/\/toppikpolska.pl\/wp-content\/uploads\/2019\/04\/mikrowlokna-toppik-zestaw-aplikator-grzebien.webp\",\"contentUrl\":\"https:\/\/toppikpolska.pl\/wp-content\/uploads\/2019\/04\/mikrowlokna-toppik-zestaw-aplikator-grzebien.webp\",\"width\":600,\"height\":600,\"caption\":\"mikrow\u0142\u00f3kna toppik zestaw aplikator grzebie\u0144\"},{\"@type\":\"BreadcrumbList\",\"@id\":\"https:\/\/toppikpolska.pl\/et\/produkt\/mikrokiust-paksendavad-juuksed-275-g-aplikaator-juuksepiiri-optimeerija\/#breadcrumb\",\"itemListElement\":[{\"@type\":\"ListItem\",\"position\":1,\"name\":\"Avaleht\",\"item\":\"https:\/\/toppikpolska.pl\/et\/\"},{\"@type\":\"ListItem\",\"position\":2,\"name\":\"Toppik Shop &#8211; Keratiini mikrokiud juuste paksendamiseks\",\"item\":\"https:\/\/toppikpolska.pl\/et\/pood\/\"},{\"@type\":\"ListItem\",\"position\":3,\"name\":\"Mikrokiust paksendavad juuksed 27,5 g + aplikaator + juuksepiiri optimeerija\"}]},{\"@type\":\"WebSite\",\"@id\":\"https:\/\/toppikpolska.pl\/et\/#website\",\"url\":\"https:\/\/toppikpolska.pl\/et\/\",\"name\":\"Juuksekiud, keratiin, paksenemine \u2014 Toppik Eesti\",\"description\":\"\",\"publisher\":{\"@id\":\"https:\/\/toppikpolska.pl\/et\/#organization\"},\"potentialAction\":[{\"@type\":\"SearchAction\",\"target\":{\"@type\":\"EntryPoint\",\"urlTemplate\":\"https:\/\/toppikpolska.pl\/et\/?s={search_term_string}\"},\"query-input\":{\"@type\":\"PropertyValueSpecification\",\"valueRequired\":true,\"valueName\":\"search_term_string\"}}],\"inLanguage\":\"et\"},{\"@type\":\"Organization\",\"@id\":\"https:\/\/toppikpolska.pl\/et\/#organization\",\"name\":\"Juuksekiud, keratiin, paksenemine \u2014 Toppik Eesti\",\"url\":\"https:\/\/toppikpolska.pl\/et\/\",\"logo\":{\"@type\":\"ImageObject\",\"inLanguage\":\"et\",\"@id\":\"https:\/\/toppikpolska.pl\/et\/#\/schema\/logo\/image\/\",\"url\":\"https:\/\/toppikpolska.pl\/wp-content\/uploads\/2023\/09\/logo.png\",\"contentUrl\":\"https:\/\/toppikpolska.pl\/wp-content\/uploads\/2023\/09\/logo.png\",\"width\":105,\"height\":57,\"caption\":\"Juuksekiud, keratiin, paksenemine \u2014 Toppik Eesti\"},\"image\":{\"@id\":\"https:\/\/toppikpolska.pl\/et\/#\/schema\/logo\/image\/\"}}]}<\/script>\n<!-- \/ Yoast SEO plugin. -->","yoast_head_json":{"title":"Mikrokiust paksendavad juuksed 27,5 g + aplikaator + juuksepiiri optimeerija","description":"Mikrokiust paksendavad juuksed 27,5 g + aplikaator + juuksepiiri optimeerija - Keratiini mikrokiud paksendavad juukseid | Toppik Poola!","robots":{"index":"index","follow":"follow","max-snippet":"max-snippet:-1","max-image-preview":"max-image-preview:large","max-video-preview":"max-video-preview:-1"},"canonical":"https:\/\/toppikpolska.pl\/et\/produkt\/mikrokiust-paksendavad-juuksed-275-g-aplikaator-juuksepiiri-optimeerija\/","og_locale":"et_EE","og_type":"article","og_title":"Mikrokiust paksendavad juuksed 27,5 g + aplikaator + juuksepiiri optimeerija","og_description":"Mikrokiust paksendavad juuksed 27,5 g + aplikaator + juuksepiiri optimeerija - Keratiini mikrokiud paksendavad juukseid | Toppik Poola!","og_url":"https:\/\/toppikpolska.pl\/et\/produkt\/mikrokiust-paksendavad-juuksed-275-g-aplikaator-juuksepiiri-optimeerija\/","og_site_name":"Juuksekiud, keratiin, paksenemine \u2014 Toppik Eesti","og_image":[{"width":600,"height":600,"url":"https:\/\/toppikpolska.pl\/wp-content\/uploads\/2019\/04\/mikrowlokna-toppik-zestaw-aplikator-grzebien.webp","type":"image\/webp"}],"twitter_card":"summary_large_image","twitter_misc":{"Est. reading time":"2 minutit"},"schema":{"@context":"https:\/\/schema.org","@graph":[{"@type":"WebPage","@id":"https:\/\/toppikpolska.pl\/et\/produkt\/mikrokiust-paksendavad-juuksed-275-g-aplikaator-juuksepiiri-optimeerija\/","url":"https:\/\/toppikpolska.pl\/et\/produkt\/mikrokiust-paksendavad-juuksed-275-g-aplikaator-juuksepiiri-optimeerija\/","name":"Mikrokiust paksendavad juuksed 27,5 g + aplikaator + juuksepiiri optimeerija","isPartOf":{"@id":"https:\/\/toppikpolska.pl\/et\/#website"},"primaryImageOfPage":{"@id":"https:\/\/toppikpolska.pl\/et\/produkt\/mikrokiust-paksendavad-juuksed-275-g-aplikaator-juuksepiiri-optimeerija\/#primaryimage"},"image":{"@id":"https:\/\/toppikpolska.pl\/et\/produkt\/mikrokiust-paksendavad-juuksed-275-g-aplikaator-juuksepiiri-optimeerija\/#primaryimage"},"thumbnailUrl":"https:\/\/toppikpolska.pl\/wp-content\/uploads\/2019\/04\/mikrowlokna-toppik-zestaw-aplikator-grzebien.webp","datePublished":"2019-04-11T15:27:41+00:00","description":"Mikrokiust paksendavad juuksed 27,5 g + aplikaator + juuksepiiri optimeerija - Keratiini mikrokiud paksendavad juukseid | Toppik Poola!","breadcrumb":{"@id":"https:\/\/toppikpolska.pl\/et\/produkt\/mikrokiust-paksendavad-juuksed-275-g-aplikaator-juuksepiiri-optimeerija\/#breadcrumb"},"inLanguage":"et","potentialAction":[{"@type":"ReadAction","target":["https:\/\/toppikpolska.pl\/et\/produkt\/mikrokiust-paksendavad-juuksed-275-g-aplikaator-juuksepiiri-optimeerija\/"]}]},{"@type":"ImageObject","inLanguage":"et","@id":"https:\/\/toppikpolska.pl\/et\/produkt\/mikrokiust-paksendavad-juuksed-275-g-aplikaator-juuksepiiri-optimeerija\/#primaryimage","url":"https:\/\/toppikpolska.pl\/wp-content\/uploads\/2019\/04\/mikrowlokna-toppik-zestaw-aplikator-grzebien.webp","contentUrl":"https:\/\/toppikpolska.pl\/wp-content\/uploads\/2019\/04\/mikrowlokna-toppik-zestaw-aplikator-grzebien.webp","width":600,"height":600,"caption":"mikrow\u0142\u00f3kna toppik zestaw aplikator grzebie\u0144"},{"@type":"BreadcrumbList","@id":"https:\/\/toppikpolska.pl\/et\/produkt\/mikrokiust-paksendavad-juuksed-275-g-aplikaator-juuksepiiri-optimeerija\/#breadcrumb","itemListElement":[{"@type":"ListItem","position":1,"name":"Avaleht","item":"https:\/\/toppikpolska.pl\/et\/"},{"@type":"ListItem","position":2,"name":"Toppik Shop &#8211; Keratiini mikrokiud juuste paksendamiseks","item":"https:\/\/toppikpolska.pl\/et\/pood\/"},{"@type":"ListItem","position":3,"name":"Mikrokiust paksendavad juuksed 27,5 g + aplikaator + juuksepiiri optimeerija"}]},{"@type":"WebSite","@id":"https:\/\/toppikpolska.pl\/et\/#website","url":"https:\/\/toppikpolska.pl\/et\/","name":"Juuksekiud, keratiin, paksenemine \u2014 Toppik Eesti","description":"","publisher":{"@id":"https:\/\/toppikpolska.pl\/et\/#organization"},"potentialAction":[{"@type":"SearchAction","target":{"@type":"EntryPoint","urlTemplate":"https:\/\/toppikpolska.pl\/et\/?s={search_term_string}"},"query-input":{"@type":"PropertyValueSpecification","valueRequired":true,"valueName":"search_term_string"}}],"inLanguage":"et"},{"@type":"Organization","@id":"https:\/\/toppikpolska.pl\/et\/#organization","name":"Juuksekiud, keratiin, paksenemine \u2014 Toppik Eesti","url":"https:\/\/toppikpolska.pl\/et\/","logo":{"@type":"ImageObject","inLanguage":"et","@id":"https:\/\/toppikpolska.pl\/et\/#\/schema\/logo\/image\/","url":"https:\/\/toppikpolska.pl\/wp-content\/uploads\/2023\/09\/logo.png","contentUrl":"https:\/\/toppikpolska.pl\/wp-content\/uploads\/2023\/09\/logo.png","width":105,"height":57,"caption":"Juuksekiud, keratiin, paksenemine \u2014 Toppik Eesti"},"image":{"@id":"https:\/\/toppikpolska.pl\/et\/#\/schema\/logo\/image\/"}}]}},"_links":{"self":[{"href":"https:\/\/toppikpolska.pl\/et\/wp-json\/wp\/v2\/product\/9954","targetHints":{"allow":["GET"]}}],"collection":[{"href":"https:\/\/toppikpolska.pl\/et\/wp-json\/wp\/v2\/product"}],"about":[{"href":"https:\/\/toppikpolska.pl\/et\/wp-json\/wp\/v2\/types\/product"}],"replies":[{"embeddable":true,"href":"https:\/\/toppikpolska.pl\/et\/wp-json\/wp\/v2\/comments?post=9954"}],"wp:featuredmedia":[{"embeddable":true,"href":"https:\/\/toppikpolska.pl\/et\/wp-json\/wp\/v2\/media\/7779"}],"wp:attachment":[{"href":"https:\/\/toppikpolska.pl\/et\/wp-json\/wp\/v2\/media?parent=9954"}],"wp:term":[{"taxonomy":"product_brand","embeddable":true,"href":"https:\/\/toppikpolska.pl\/et\/wp-json\/wp\/v2\/product_brand?post=9954"},{"taxonomy":"product_cat","embeddable":true,"href":"https:\/\/toppikpolska.pl\/et\/wp-json\/wp\/v2\/product_cat?post=9954"},{"taxonomy":"product_tag","embeddable":true,"href":"https:\/\/toppikpolska.pl\/et\/wp-json\/wp\/v2\/product_tag?post=9954"}],"curies":[{"name":"wp","href":"https:\/\/api.w.org\/{rel}","templated":true}]}}