{"id":10093,"date":"2023-09-18T11:22:58","date_gmt":"2023-09-18T09:22:58","guid":{"rendered":"https:\/\/toppikpolska.pl\/privatumas\/"},"modified":"2025-11-03T11:50:43","modified_gmt":"2025-11-03T10:50:43","slug":"privatumas","status":"publish","type":"page","link":"https:\/\/toppikpolska.pl\/lt\/privatumas\/","title":{"rendered":"Privatumas"},"content":{"rendered":"\n<p>Turinys:<\/p>\n\n<ol style=\"list-style-type:upper-roman\" class=\"wp-block-list\">\n<li>Bendra<\/li>\n\n\n\n<li>Asmens duomen\u0173 administratorius<\/li>\n\n\n\n<li>Liestis<\/li>\n\n\n\n<li>Asmens duomen\u0173 tvarkymo principai<\/li>\n\n\n\n<li>Asmens duomen\u0173 tvarkymo tikslai ir teisiniai pagrindai<\/li>\n\n\n\n<li>Asmens duomen\u0173 saugojimo laikotarpis<\/li>\n\n\n\n<li>Asmenin\u0117s informacijos kategorijos<\/li>\n\n\n\n<li>Dalijimasis duomenimis<\/li>\n\n\n\n<li>Klient\u0173 teis\u0117s<\/li>\n<\/ol>\n\n<ol style=\"list-style-type:upper-roman\" class=\"wp-block-list\">\n<li>BENDRA\n<ol class=\"wp-block-list\">\n<li>\u0160i Privatumo politika nustato Klient\u0173, besinaudojan\u010di\u0173 https:\/\/toppikpolska.pl\/ esan\u010dia internetine parduotuve (toliau \u2013 Internetin\u0117 parduotuv\u0117), asmens duomen\u0173 tvarkymo ir apsaugos taisykles.<\/li>\n\n\n\n<li>\u0160i Privatumo politika yra Administratoriaus informavimo prievol\u0117s vykdymas pagal 2016 m. baland\u017eio 27 d. Europos Parlamento ir Tarybos reglamento (ES) 2016\/679 d\u0117l fizini\u0173 asmen\u0173 apsaugos tvarkant asmens duomenis ir d\u0117l laisvo toki\u0173 duomen\u0173 jud\u0117jimo ir kuriuo panaikinama Direktyva 95\/46\/EB (Bendrasis duomen\u0173 apsaugos reglamentas) (toliau \u2013 BDAR) 13 straipsn\u012f.  <\/li>\n<\/ol>\n<\/li>\n\n\n\n<li>ASMENS DUOMEN\u0172 ADMINISTRATORIUS<br\/>Internetin\u0117s parduotuv\u0117s klient\u0173 asmens duomen\u0173 administratorius yra &#8222;Hair Partners sp. z o.o.&#8221;, NIP 1132932095, Regon 366665150, KRS: 0000666096, registruota buvein\u0117 Var\u0161uvoje 04-306, adresu 38 Szaser\u00f3w Street, tel. +48226481400, +48228719410, el. pa\u0161to adresas: zam@rokoko.com.pl. (toliau \u2013 Administratorius).      <\/li>\n\n\n\n<li>LIESTIS<br\/>Su administratoriumi galima susisiekti el. pa\u0161tu: zam@rokoko.com.pl arba ra\u0161tu adresu: Hair Partners sp. z o.o., Szaser\u00f3w 38, 04-306 Var\u0161uva.    <\/li>\n\n\n\n<li>ASMENS DUOMEN\u0172 TVARKYMO TAISYKL\u0116S\n<ol class=\"wp-block-list\">\n<li>Administratorius tvarko Klient\u0173 asmens duomenis pagal BDAR nuostatas.<\/li>\n\n\n\n<li>Administratorius taiko technines ir organizacines priemones, kuri\u0173 reikalauja ES teis\u0117s akt\u0173 nuostatos, kad u\u017etikrint\u0173 tvarkom\u0173 asmens duomen\u0173 apsaug\u0105 ir asmens duomen\u0173 apsaug\u0105 nuo j\u0173 atskleidimo pa\u0161aliniams asmenims, pa\u0161alini\u0173 asmen\u0173 per\u0117mimo, tvarkymo pa\u017eeid\u017eiant teis\u0117s aktus ir pakeitimo, praradimo ar sunaikinimo.<\/li>\n\n\n\n<li>Administratorius parei\u0161kia, kad Internetin\u0117je parduotuv\u0117je pa\u017eym\u0117t\u0173 duomen\u0173 pateikimas yra savanori\u0161kas, ta\u010diau b\u016btinas funkcionalumui naudoti, \u012fskaitant Kliento paskyros suk\u016brim\u0105 ir prie\u017ei\u016br\u0105 bei u\u017esakymo pateikim\u0105 ir vykdym\u0105.<\/li>\n<\/ol>\n<\/li>\n\n\n\n<li>ASMENS DUOMEN\u0172 TVARKYMO TIKSLAI IR TEISINIAI PAGRINDAI<br>Klient\u0173 asmens duomenys bus tvarkomi \u0161iais tikslais:\n<ol style=\"list-style-type:lower-alpha\" class=\"wp-block-list\">\n<li>i\u0161laikyti Kliento paskyr\u0105 Internetin\u0117je parduotuv\u0117je ir teikti kitas elektroniniu b\u016bdu teikiamas paslaugas pagal Taisykles ir s\u0105lygas (BDAR 6 straipsnio 1 dalies b punktas),<\/li>\n\n\n\n<li>u\u017esakym\u0173 vykdymas internetin\u0117je parduotuv\u0117je (BDAR 6 straipsnio 1 dalies b ir c punktai),<\/li>\n\n\n\n<li>naujienlai\u0161kio paslaugos teikimas (BDAR 6 straipsnio 1 dalies a punktas),<\/li>\n\n\n\n<li>tiesiogin\u0117 nuosav\u0173 paslaug\u0173 ir produkt\u0173 rinkodara (BDAR 6 straipsnio 1 dalies a ir f punktai),<\/li>\n\n\n\n<li>atsakyti \u012f el. lai\u0161k\u0105, telefon\u0105 ar \u017einut\u0119, i\u0161si\u0173st\u0105 per kontaktin\u0119 form\u0105, o tai yra teis\u0117tas Administratoriaus interesas (BDAR 6 straipsnio 1 dalies f punktas),<\/li>\n\n\n\n<li>analitiniai tyrimai, kuriuos vis\u0173 pirma sudaro m\u016bs\u0173 svetain\u0117s srauto tyrimas ir analiz\u0117 statistini\u0173 duomen\u0173 saugojimo tikslais, kurie yra teis\u0117tas administratoriaus interesas (BDAR 6 straipsnio 1 dalies f punktas).<\/li>\n<\/ol>\n<\/li>\n\n\n\n<li>ASMENS DUOMEN\u0172 SAUGOJIMO LAIKOTARPIS\n<ol class=\"wp-block-list\">\n<li>Kliento duomenys bus saugomi \u0161\u012f laikotarp\u012f:\n<ol style=\"list-style-type:lower-alpha\" class=\"wp-block-list\">\n<li>duomenys apie paslaug\u0173 teikim\u0105 pagal Taisykles \u2013 konkre\u010dios paslaugos teikimo laikotarpiu, i\u0161skyrus atvejus, kai tolesnis duomen\u0173 saugojimas yra pateisinamas ie\u0161kini\u0173 senaties terminu arba kyla i\u0161 visuotinai taikom\u0173 teis\u0117s akt\u0173 nuostat\u0173 arba yra pateisinamas vir\u0161esniu Administratoriaus interesu, kylan\u010diu i\u0161 teis\u0117t\u0173 interes\u0173 siekimo,<\/li>\n\n\n\n<li>duomenys, susij\u0119 su u\u017esakym\u0173 vykdymu &#8211; 5 metus nuo met\u0173, kuriais buvo parduota, pabaigos, i\u0161skyrus atvejus, kai tolesnis duomen\u0173 saugojimas yra pateisinamas ie\u0161kini\u0173 senaties terminu arba kyla i\u0161 visuotinai taikom\u0173 teis\u0117s akt\u0173 nuostat\u0173 arba yra pateisinamas vir\u0161esniu Administratoriaus interesu, atsirandan\u010diu d\u0117l teisi\u0161kai pagr\u012fst\u0173 interes\u0173 \u012fgyvendinimo,<\/li>\n\n\n\n<li>naujienlai\u0161kio paslaugos teikimas \u2013 iki atsisakymo i\u0161 naujienlai\u0161kio momento, i\u0161skyrus atvejus, kai tolesnis duomen\u0173 saugojimas yra pateisinamas ie\u0161kini\u0173 senaties terminu arba kyla i\u0161 visuotinai taikom\u0173 \u012fstatym\u0173 nuostat\u0173 arba yra pateisinamas vir\u0161esniu Administratoriaus interesu, kylan\u010diu i\u0161 teisi\u0161kai pagr\u012fst\u0173 interes\u0173 siekimo,<\/li>\n\n\n\n<li>duomenys, susij\u0119 su rinkodaros veiklos \u012fgyvendinimu \u2013 jei rinkodaros veikla vykdoma sutikimo pagrindu iki jo at\u0161aukimo, o rinkodaros veikla, vykdoma remiantis teis\u0117to intereso prielaida, iki prie\u0161taravimo pateikimo, i\u0161skyrus atvejus, kai tolesnis duomen\u0173 saugojimas (abiem atvejais) yra pateisinamas ie\u0161kini\u0173 senaties terminu arba kyla i\u0161 visuotinai taikom\u0173 teis\u0117s akt\u0173 nuostat\u0173 arba yra pateisinamas vir\u0161esniu interesu Administratorius, atsirandantis d\u0117l teis\u0117t\u0173 interes\u0173,<\/li>\n\n\n\n<li>duomenys, susij\u0119 su atsakymu \u012f el. lai\u0161k\u0105, telefono kontakt\u0105 ar \u017einut\u0119, i\u0161si\u0173st\u0105 per kontaktin\u0119 form\u0105 \u2013 iki susira\u0161in\u0117jimo, i\u0161skyrus atvejus, kai tolesnis duomen\u0173 saugojimas yra pateisinamas ie\u0161kini\u0173 senaties terminu arba kyla i\u0161 visuotinai taikom\u0173 teis\u0117s akt\u0173 nuostat\u0173 arba yra pateisinamas vir\u0161esniu Administratoriaus interesu, kylan\u010diu i\u0161 teisi\u0161kai pagr\u012fst\u0173 interes\u0173 siekimo,<\/li>\n\n\n\n<li>statistikos saugojimas \u2013 iki prie\u0161taravimo pateikimo, bet ne ilgiau kaip 5 metus nuo paskutin\u0117s Kliento veiklos svetain\u0117je, i\u0161skyrus atvejus, kai tolesnis duomen\u0173 saugojimas yra pateisinamas ie\u0161kini\u0173 senaties terminu arba kyla i\u0161 visuotinai taikom\u0173 teis\u0117s akt\u0173 nuostat\u0173 arba yra pateisinamas vir\u0161esniu Administratoriaus interesu, kylan\u010diu i\u0161 teis\u0117t\u0173 interes\u0173 siekimo.<\/li>\n<\/ol>\n<\/li>\n<\/ol>\n<\/li>\n\n\n\n<li>ASMENS DUOMEN\u0172 KATEGORIJOS\n<ol class=\"wp-block-list\">\n<li>Administratorius renka, tvarko ir saugo \u0161iuos Klient\u0173 duomenis:\n<ol style=\"list-style-type:lower-alpha\" class=\"wp-block-list\">\n<li>teikiant paslaugas elektronin\u0117mis priemon\u0117mis, \u0161iam tikslui pasiekti reikalingi duomenys, \u012fskaitant vis\u0173 pirma Kliento paskyros apimt\u012f: vardas, pavard\u0117, el. pa\u0161to adresas ir kiti duomenys, \u012fvesti \u012f Kliento paskyr\u0105,<\/li>\n\n\n\n<li>pateikiant u\u017esakym\u0105: el. pa\u0161to adresas, vardas ir pavard\u0117, adresas, telefono numeris, o verslinink\u0173 atveju \u2013 ir \u012fmon\u0117 bei NIP,<\/li>\n\n\n\n<li>susisiekus el. pa\u0161tu, telefonu arba per kontaktin\u0119 form\u0105: el. pa\u0161to adresas, vardas, pavard\u0117 ir telefono numeris,<\/li>\n\n\n\n<li>teikiant naujienlai\u0161kio paslaug\u0105: el. pa\u0161to adresas.<\/li>\n<\/ol>\n<\/li>\n\n\n\n<li>Kitais at\u017evilgiais administratorius tvarko tik tuos duomenis, kurie yra b\u016btini tam tikram tikslui pasiekti.<\/li>\n\n\n\n<li>Naudodamasis Internetine parduotuve, Administratorius automati\u0161kai renka ir renka toki\u0105 informacij\u0105 kaip: IP adresas, u\u017eklausos URL, \u012frenginio identifikatorius, laikas, praleistas atskiruose puslapiuose, nar\u0161ykl\u0117s tipas, nar\u0161ykl\u0117s kalba, svetain\u0117s naudojimo data ir laikas, ekrano skiriamoji geba, operacin\u0117s sistemos tipas ir versija bei kita tokia informacija.<\/li>\n<\/ol>\n<\/li>\n\n\n\n<li>DALIJIMASIS DUOMENIMIS\n<ol class=\"wp-block-list\">\n<li>Klient\u0173 asmens duomenys gali b\u016bti perduodami subjektams, kuriems Administratorius patiki tvarkyti asmens duomenis sutar\u010di\u0173 pagrindu, ir subjektams, \u012fgaliotiems gauti asmens duomenis pagal teis\u0117s akt\u0173 nuostatas.<\/li>\n\n\n\n<li>Siekdamas \u012fvykdyti per Internetin\u0119 parduotuv\u0119 sudaryt\u0105 sutart\u012f ir u\u017etikrinti tinkam\u0105 Parduotuv\u0117s veikim\u0105, Administratorius pateikia Klient\u0173 asmens duomenis, vis\u0173 pirma, subjektams, teikiantiems \u0161ias paslaugas:\n<ol style=\"list-style-type:lower-alpha\" class=\"wp-block-list\">\n<li>pa\u0161to, ekspedijavimo ir kurjeri\u0173 paslaugos bei u\u017esakym\u0173 tvarkymas,<\/li>\n\n\n\n<li>elektroniniai mok\u0117jimai,<\/li>\n\n\n\n<li>Apskaita<\/li>\n\n\n\n<li>Hostingas<\/li>\n\n\n\n<li>IT ir programin\u0117s \u012frangos bei \u012franki\u0173, vis\u0173 pirma naudojam\u0173 analitiniams tyrimams atlikti, statistikai kurti, srautui m\u016bs\u0173 svetain\u0117je steb\u0117ti, rinkodaros automatizavimui, CRM sistemoms,<\/li>\n\n\n\n<li>rinkodara internetin\u0117s parduotuv\u0117s paslaug\u0173 srityje.<\/li>\n<\/ol>\n<\/li>\n\n\n\n<li>Subjektai, teikiantys paslaugas Administratoriui, gali saugoti Klient\u0173 duomenis u\u017e Europos ekonomin\u0117s erdv\u0117s rib\u0173. Tokiais atvejais Naudotoj\u0173 duomenys bus perduodami tik \u012f \u0161alis, kurios u\u017etikrina tinkam\u0105 apsaugos lyg\u012f, ir \u012f \u0161alis, kurios neu\u017etikrina tinkamo apsaugos lygio, tik tuo atveju, jei bus numatytos tinkamos apsaugos priemon\u0117s, \u012fskaitant, m.in, remiantis Europos Komisijos priimtomis standartin\u0117mis sutar\u010di\u0173 s\u0105lygomis.  <\/li>\n<\/ol>\n<\/li>\n\n\n\n<li>KLIENT\u0172 TEIS\u0116S\n<ol class=\"wp-block-list\">\n<li>Klientas turi teis\u0119 susipa\u017einti su savo duomenimis ir teis\u0119 reikalauti juos i\u0161taisyti, i\u0161trinti ar apriboti tvarkym\u0105. Tiek, kiek asmens duomen\u0173 tvarkymo pagrindas yra teis\u0117to administratoriaus intereso prielaida, Klientas turi teis\u0119 nesutikti, kad jo asmens duomenys b\u016bt\u0173 tvarkomi. <\/li>\n\n\n\n<li>Tiek, kiek Kliento asmens duomen\u0173 tvarkymo pagrindas yra sutikimas, Klientas turi teis\u0119 at\u0161aukti sutikim\u0105. Sutikimo at\u0161aukimas neturi \u012ftakos duomen\u0173 tvarkymo, kuris buvo atliktas remiantis sutikimu iki jo at\u0161aukimo, teis\u0117tumui. <\/li>\n\n\n\n<li>Tiek, kiek Kliento duomenys tvarkomi Sutarties sudarymo ir vykdymo tikslu arba tvarkomi sutikimo pagrindu \u2013 Klientas taip pat turi teis\u0119 perduoti asmens duomenis, t. y. gauti asmens duomenis i\u0161 administratoriaus, strukt\u016brizuotu, \u012fprastai naudojamu ir kompiuterio skaitomu formatu. Klientas gali perduoti \u0161iuos duomenis kitam duomen\u0173 valdytojui.  <\/li>\n\n\n\n<li>Klientas taip pat turi teis\u0119 pateikti skund\u0105 prie\u017ei\u016bros institucijai, atsakingai u\u017e asmens duomen\u0173 apsaug\u0105.<\/li>\n<\/ol>\n<\/li>\n<\/ol>\n","protected":false},"excerpt":{"rendered":"<p>Turinys:<\/p>\n","protected":false},"author":1,"featured_media":0,"parent":0,"menu_order":0,"comment_status":"closed","ping_status":"closed","template":"","meta":{"footnotes":""},"class_list":["post-10093","page","type-page","status-publish","hentry"],"yoast_head":"<!-- This site is optimized with the Yoast SEO plugin v26.6 - https:\/\/yoast.com\/wordpress\/plugins\/seo\/ -->\n<title>Privatumo politika, slapuk\u0173 politika (ES) - Toppik Polska<\/title>\n<meta name=\"description\" content=\"Privatumo politika - Toppik Polska. Pra\u0161ome perskaityti m\u016bs\u0173 privatumo politik\u0105 ir slapuk\u0173 politik\u0105 pagal ES reikalavimus.\" \/>\n<meta name=\"robots\" content=\"index, follow, max-snippet:-1, max-image-preview:large, max-video-preview:-1\" \/>\n<link rel=\"canonical\" href=\"https:\/\/toppikpolska.pl\/lt\/privatumas\/\" \/>\n<meta property=\"og:locale\" content=\"lt_LT\" \/>\n<meta property=\"og:type\" content=\"article\" \/>\n<meta property=\"og:title\" content=\"Privatumo politika, slapuk\u0173 politika (ES) - Toppik Polska\" \/>\n<meta property=\"og:description\" content=\"Privatumo politika - Toppik Polska. Pra\u0161ome perskaityti m\u016bs\u0173 privatumo politik\u0105 ir slapuk\u0173 politik\u0105 pagal ES reikalavimus.\" \/>\n<meta property=\"og:url\" content=\"https:\/\/toppikpolska.pl\/lt\/privatumas\/\" \/>\n<meta property=\"og:site_name\" content=\"Plauk\u0173 skaidulos, keratinas, stor\u0117jimas \u2014 Toppik Lietuva\" \/>\n<meta property=\"article:modified_time\" content=\"2025-11-03T10:50:43+00:00\" \/>\n<meta name=\"twitter:card\" content=\"summary_large_image\" \/>\n<meta name=\"twitter:label1\" content=\"Est. reading time\" \/>\n\t<meta name=\"twitter:data1\" content=\"6 minut\u0117s\" \/>\n<script type=\"application\/ld+json\" class=\"yoast-schema-graph\">{\"@context\":\"https:\/\/schema.org\",\"@graph\":[{\"@type\":\"WebPage\",\"@id\":\"https:\/\/toppikpolska.pl\/lt\/privatumas\/\",\"url\":\"https:\/\/toppikpolska.pl\/lt\/privatumas\/\",\"name\":\"Privatumo politika, slapuk\u0173 politika (ES) - Toppik Polska\",\"isPartOf\":{\"@id\":\"https:\/\/toppikpolska.pl\/lt\/#website\"},\"datePublished\":\"2023-09-18T09:22:58+00:00\",\"dateModified\":\"2025-11-03T10:50:43+00:00\",\"description\":\"Privatumo politika - Toppik Polska. Pra\u0161ome perskaityti m\u016bs\u0173 privatumo politik\u0105 ir slapuk\u0173 politik\u0105 pagal ES reikalavimus.\",\"breadcrumb\":{\"@id\":\"https:\/\/toppikpolska.pl\/lt\/privatumas\/#breadcrumb\"},\"inLanguage\":\"lt-LT\",\"potentialAction\":[{\"@type\":\"ReadAction\",\"target\":[\"https:\/\/toppikpolska.pl\/lt\/privatumas\/\"]}]},{\"@type\":\"BreadcrumbList\",\"@id\":\"https:\/\/toppikpolska.pl\/lt\/privatumas\/#breadcrumb\",\"itemListElement\":[{\"@type\":\"ListItem\",\"position\":1,\"name\":\"Pagrindinis puslapis\",\"item\":\"https:\/\/toppikpolska.pl\/lt\/\"},{\"@type\":\"ListItem\",\"position\":2,\"name\":\"Privatumas\"}]},{\"@type\":\"WebSite\",\"@id\":\"https:\/\/toppikpolska.pl\/lt\/#website\",\"url\":\"https:\/\/toppikpolska.pl\/lt\/\",\"name\":\"Plauk\u0173 skaidulos, keratinas, stor\u0117jimas \u2014 Toppik Lietuva\",\"description\":\"\",\"publisher\":{\"@id\":\"https:\/\/toppikpolska.pl\/lt\/#organization\"},\"potentialAction\":[{\"@type\":\"SearchAction\",\"target\":{\"@type\":\"EntryPoint\",\"urlTemplate\":\"https:\/\/toppikpolska.pl\/lt\/?s={search_term_string}\"},\"query-input\":{\"@type\":\"PropertyValueSpecification\",\"valueRequired\":true,\"valueName\":\"search_term_string\"}}],\"inLanguage\":\"lt-LT\"},{\"@type\":\"Organization\",\"@id\":\"https:\/\/toppikpolska.pl\/lt\/#organization\",\"name\":\"Plauk\u0173 skaidulos, keratinas, stor\u0117jimas \u2014 Toppik Lietuva\",\"url\":\"https:\/\/toppikpolska.pl\/lt\/\",\"logo\":{\"@type\":\"ImageObject\",\"inLanguage\":\"lt-LT\",\"@id\":\"https:\/\/toppikpolska.pl\/lt\/#\/schema\/logo\/image\/\",\"url\":\"https:\/\/toppikpolska.pl\/wp-content\/uploads\/2023\/09\/logo.png\",\"contentUrl\":\"https:\/\/toppikpolska.pl\/wp-content\/uploads\/2023\/09\/logo.png\",\"width\":105,\"height\":57,\"caption\":\"Plauk\u0173 skaidulos, keratinas, stor\u0117jimas \u2014 Toppik Lietuva\"},\"image\":{\"@id\":\"https:\/\/toppikpolska.pl\/lt\/#\/schema\/logo\/image\/\"}}]}<\/script>\n<!-- \/ Yoast SEO plugin. -->","yoast_head_json":{"title":"Privatumo politika, slapuk\u0173 politika (ES) - Toppik Polska","description":"Privatumo politika - Toppik Polska. Pra\u0161ome perskaityti m\u016bs\u0173 privatumo politik\u0105 ir slapuk\u0173 politik\u0105 pagal ES reikalavimus.","robots":{"index":"index","follow":"follow","max-snippet":"max-snippet:-1","max-image-preview":"max-image-preview:large","max-video-preview":"max-video-preview:-1"},"canonical":"https:\/\/toppikpolska.pl\/lt\/privatumas\/","og_locale":"lt_LT","og_type":"article","og_title":"Privatumo politika, slapuk\u0173 politika (ES) - Toppik Polska","og_description":"Privatumo politika - Toppik Polska. Pra\u0161ome perskaityti m\u016bs\u0173 privatumo politik\u0105 ir slapuk\u0173 politik\u0105 pagal ES reikalavimus.","og_url":"https:\/\/toppikpolska.pl\/lt\/privatumas\/","og_site_name":"Plauk\u0173 skaidulos, keratinas, stor\u0117jimas \u2014 Toppik Lietuva","article_modified_time":"2025-11-03T10:50:43+00:00","twitter_card":"summary_large_image","twitter_misc":{"Est. reading time":"6 minut\u0117s"},"schema":{"@context":"https:\/\/schema.org","@graph":[{"@type":"WebPage","@id":"https:\/\/toppikpolska.pl\/lt\/privatumas\/","url":"https:\/\/toppikpolska.pl\/lt\/privatumas\/","name":"Privatumo politika, slapuk\u0173 politika (ES) - Toppik Polska","isPartOf":{"@id":"https:\/\/toppikpolska.pl\/lt\/#website"},"datePublished":"2023-09-18T09:22:58+00:00","dateModified":"2025-11-03T10:50:43+00:00","description":"Privatumo politika - Toppik Polska. Pra\u0161ome perskaityti m\u016bs\u0173 privatumo politik\u0105 ir slapuk\u0173 politik\u0105 pagal ES reikalavimus.","breadcrumb":{"@id":"https:\/\/toppikpolska.pl\/lt\/privatumas\/#breadcrumb"},"inLanguage":"lt-LT","potentialAction":[{"@type":"ReadAction","target":["https:\/\/toppikpolska.pl\/lt\/privatumas\/"]}]},{"@type":"BreadcrumbList","@id":"https:\/\/toppikpolska.pl\/lt\/privatumas\/#breadcrumb","itemListElement":[{"@type":"ListItem","position":1,"name":"Pagrindinis puslapis","item":"https:\/\/toppikpolska.pl\/lt\/"},{"@type":"ListItem","position":2,"name":"Privatumas"}]},{"@type":"WebSite","@id":"https:\/\/toppikpolska.pl\/lt\/#website","url":"https:\/\/toppikpolska.pl\/lt\/","name":"Plauk\u0173 skaidulos, keratinas, stor\u0117jimas \u2014 Toppik Lietuva","description":"","publisher":{"@id":"https:\/\/toppikpolska.pl\/lt\/#organization"},"potentialAction":[{"@type":"SearchAction","target":{"@type":"EntryPoint","urlTemplate":"https:\/\/toppikpolska.pl\/lt\/?s={search_term_string}"},"query-input":{"@type":"PropertyValueSpecification","valueRequired":true,"valueName":"search_term_string"}}],"inLanguage":"lt-LT"},{"@type":"Organization","@id":"https:\/\/toppikpolska.pl\/lt\/#organization","name":"Plauk\u0173 skaidulos, keratinas, stor\u0117jimas \u2014 Toppik Lietuva","url":"https:\/\/toppikpolska.pl\/lt\/","logo":{"@type":"ImageObject","inLanguage":"lt-LT","@id":"https:\/\/toppikpolska.pl\/lt\/#\/schema\/logo\/image\/","url":"https:\/\/toppikpolska.pl\/wp-content\/uploads\/2023\/09\/logo.png","contentUrl":"https:\/\/toppikpolska.pl\/wp-content\/uploads\/2023\/09\/logo.png","width":105,"height":57,"caption":"Plauk\u0173 skaidulos, keratinas, stor\u0117jimas \u2014 Toppik Lietuva"},"image":{"@id":"https:\/\/toppikpolska.pl\/lt\/#\/schema\/logo\/image\/"}}]}},"_links":{"self":[{"href":"https:\/\/toppikpolska.pl\/lt\/wp-json\/wp\/v2\/pages\/10093","targetHints":{"allow":["GET"]}}],"collection":[{"href":"https:\/\/toppikpolska.pl\/lt\/wp-json\/wp\/v2\/pages"}],"about":[{"href":"https:\/\/toppikpolska.pl\/lt\/wp-json\/wp\/v2\/types\/page"}],"author":[{"embeddable":true,"href":"https:\/\/toppikpolska.pl\/lt\/wp-json\/wp\/v2\/users\/1"}],"replies":[{"embeddable":true,"href":"https:\/\/toppikpolska.pl\/lt\/wp-json\/wp\/v2\/comments?post=10093"}],"version-history":[{"count":1,"href":"https:\/\/toppikpolska.pl\/lt\/wp-json\/wp\/v2\/pages\/10093\/revisions"}],"predecessor-version":[{"id":10094,"href":"https:\/\/toppikpolska.pl\/lt\/wp-json\/wp\/v2\/pages\/10093\/revisions\/10094"}],"wp:attachment":[{"href":"https:\/\/toppikpolska.pl\/lt\/wp-json\/wp\/v2\/media?parent=10093"}],"curies":[{"name":"wp","href":"https:\/\/api.w.org\/{rel}","templated":true}]}}