{"id":9344,"date":"2023-09-19T12:31:33","date_gmt":"2023-09-19T10:31:33","guid":{"rendered":"https:\/\/toppikpolska.pl\/apie-mus\/"},"modified":"2025-12-18T09:59:18","modified_gmt":"2025-12-18T08:59:18","slug":"apie-mus","status":"publish","type":"page","link":"https:\/\/toppikpolska.pl\/lt\/apie-mus\/","title":{"rendered":"Apie mus"},"content":{"rendered":"\n<h2 class=\"wp-block-heading has-text-align-center has-ti-accent-color has-text-color\">TOPPIK LENKIJA<\/h2>\n\n<p>ToppikPolska.pl yra oficialus Lenkijos platintojas ir internetin\u0117 parduotuv\u0117 Toppik Inc.<\/p>\n\n<p>Galva pilna plauk\u0173 yra m\u016bs\u0173 misija. Norime suteikti lenkams produkt\u0105, kuris pakeis j\u0173 i\u0161vaizd\u0105. Toppik yra pripa\u017eintas lyderiu tarp plauk\u0173 ret\u0117jimo kosmetikos. J\u012f rekomenduoja gydytojai, u\u017esiimantys plauk\u0173 slinkimu, transplantacijos chirurgai, medicinos centrai, dermatologai, ta\u010diau svarbiausia, kad j\u012f m\u0117gsta m\u016bs\u0173 klientai. Toppik si\u016blo plat\u0173 plauk\u0173 prie\u017ei\u016bros priemoni\u0173 ir sprendim\u0173 asortiment\u0105, leid\u017eiant\u012f nedelsiant susidoroti su plonais ir ret\u0117jan\u010diais plaukais.    <\/p>\n\n<div class=\"wp-block-columns is-layout-flex wp-container-core-columns-is-layout-28f84493 wp-block-columns-is-layout-flex\">\n<div class=\"wp-block-column is-layout-flow wp-block-column-is-layout-flow\">\n<figure class=\"wp-block-image size-full\"><img loading=\"lazy\" decoding=\"async\" width=\"1920\" height=\"660\" src=\"https:\/\/toppikpolska.pl\/wp-content\/uploads\/2025\/02\/wlokna-keratynowe-zageszczajace-o-nas.webp\" alt=\"\" class=\"wp-image-5920\" srcset=\"https:\/\/toppikpolska.pl\/wp-content\/uploads\/2025\/02\/wlokna-keratynowe-zageszczajace-o-nas.webp 1920w, https:\/\/toppikpolska.pl\/wp-content\/uploads\/2025\/02\/wlokna-keratynowe-zageszczajace-o-nas-600x206.webp 600w, https:\/\/toppikpolska.pl\/wp-content\/uploads\/2025\/02\/wlokna-keratynowe-zageszczajace-o-nas-300x103.webp 300w, https:\/\/toppikpolska.pl\/wp-content\/uploads\/2025\/02\/wlokna-keratynowe-zageszczajace-o-nas-1024x352.webp 1024w, https:\/\/toppikpolska.pl\/wp-content\/uploads\/2025\/02\/wlokna-keratynowe-zageszczajace-o-nas-768x264.webp 768w, https:\/\/toppikpolska.pl\/wp-content\/uploads\/2025\/02\/wlokna-keratynowe-zageszczajace-o-nas-1536x528.webp 1536w\" sizes=\"auto, (max-width: 1920px) 100vw, 1920px\" \/><\/figure>\n<\/div>\n<\/div>\n\n<h3 class=\"wp-block-heading\">Mes palengviname apsipirkim\u0105 Lenkijoje:<\/h3>\n\n<ul class=\"wp-block-list\">\n<li>Saugus pirkimas \u2013 joki\u0173 muit\u0173 mokes\u010di\u0173<\/li>\n\n\n\n<li>(visi produktai supakuojami ir i\u0161siun\u010diami i\u0161 m\u016bs\u0173 sand\u0117lio Lenkijoje)<\/li>\n\n\n\n<li>Lenkijos kainos (be valiutos konvertavimo)<\/li>\n\n\n\n<li>Greitas pristatymas<\/li>\n\n\n\n<li>Nemokamas pristatymas u\u017esakymams vir\u0161 100z\u0142<\/li>\n\n\n\n<li>Lengva gr\u0105\u017einimo proced\u016bra<\/li>\n\n\n\n<li>Puikus klient\u0173 aptarnavimas<\/li>\n<\/ul>\n\n<p>Daugiau nei prie\u0161 30 met\u0173 &#8222;Toppik Inc.&#8221; \u012fk\u016br\u0117jas nusprend\u0117, kad n\u0117ra greito ir lengvo sprendimo, kaip akimirksniu pagerinti plon\u0173 ir ret\u0117jan\u010di\u0173 plauk\u0173 i\u0161vaizd\u0105. Nuo to laiko &#8222;Toppik Inc.&#8221; suk\u016br\u0117 plat\u0173 kosmetikos asortiment\u0105, skirt\u0105 pa\u0161alinti neigiam\u0105 poveik\u012f, susijus\u012f su plauk\u0173 slinkimu ir ret\u0117jimu.   <\/p>\n\n<p><br\/>Vienas i\u0161 toki\u0173 produkt\u0173 yra apdovanojimus peln\u0119 plauk\u0173 strukt\u016bros keratino pluo\u0161tai, kuriuos jau s\u0117kmingai naudoja daugiau nei 3 milijonai moter\u0173 ir vyr\u0173 visame pasaulyje.<\/p>\n\n<h4 class=\"wp-block-heading has-text-align-center has-ti-accent-color has-text-color\"><strong>Garantuotas gaminio originalumas.<\/strong><\/h4>\n\n<div class=\"wp-block-columns is-layout-flex wp-container-core-columns-is-layout-28f84493 wp-block-columns-is-layout-flex\"><\/div>\n\n<p>Toppik pluo\u0161tai plauk\u0173 konstrukcijai suteikia greit\u0105 stor\u0173 plauk\u0173 efekt\u0105. Stati\u0161kai \u012fkrauti keratino pluo\u0161tai prilimpa prie plauk\u0173, u\u017epildo ertmes ir suteikia \u0161ukuosenai visi\u0161kai nat\u016brali\u0105 i\u0161vaizd\u0105. <\/p>\n\n<p><br\/>Visa spalv\u0173 skal\u0117 leid\u017eia pluo\u0161t\u0173 spalv\u0105 derinti prie prakti\u0161kai bet kokio plauk\u0173 atspalvio. Toppik yra atsparus v\u0117jui, lietui ar prakaitui, ta\u010diau plaunant galv\u0105 j\u012f galima lengvai pa\u0161alinti \u0161amp\u016bnu. J\u012f gali naudoti tiek moterys, tiek vyrai, turintys vienodai patenkinam\u0105 poveik\u012f, pa\u0161alindami retinim\u0105 ir \u017eymiai pagerindami j\u0173 i\u0161vaizd\u0105.  <\/p>\n\n<hr class=\"wp-block-separator has-alpha-channel-opacity\"\/>\n\n<div class=\"wp-block-columns is-layout-flex wp-container-core-columns-is-layout-28f84493 wp-block-columns-is-layout-flex\">\n<div class=\"wp-block-column is-layout-flow wp-block-column-is-layout-flow\">\n<h3 class=\"wp-block-heading has-ti-accent-color has-text-color\">PLATINTOJAS<\/h3>\n\n\n\n<h5 class=\"wp-block-heading\">Rokoko plauk\u0173 kompanija \/ Plauk\u0173 partneriai<\/h5>\n\n\n\n<h5 class=\"wp-block-heading\">avilys. Szaser\u00f3w 38, 04-306 Var\u0161uva<br\/>Lenkija <\/h5>\n\n\n\n<h5 class=\"wp-block-heading\">Telefonas: + 48 22 648 14 00<\/h5>\n\n\n\n<h5 class=\"wp-block-heading\">El. pa\u0161tas: toppik@toppikpolska.pl<\/h5>\n<\/div>\n\n\n\n<div class=\"wp-block-column is-layout-flow wp-block-column-is-layout-flow\">\n<figure class=\"wp-block-image size-full is-style-default\"><img loading=\"lazy\" decoding=\"async\" width=\"504\" height=\"504\" src=\"https:\/\/toppikpolska.pl\/wp-content\/uploads\/2025\/12\/toppik-good-hair-day.webp\" alt=\"Toppik - gera plauk\u0173 diena!\" title=\"Toppik - gera plauk\u0173 diena!\" class=\"wp-image-10754\" style=\"border-radius:50px;\" srcset=\"https:\/\/toppikpolska.pl\/wp-content\/uploads\/2025\/12\/toppik-good-hair-day.webp 504w, https:\/\/toppikpolska.pl\/wp-content\/uploads\/2025\/12\/toppik-good-hair-day-300x300.webp 300w, https:\/\/toppikpolska.pl\/wp-content\/uploads\/2025\/12\/toppik-good-hair-day-150x150.webp 150w, https:\/\/toppikpolska.pl\/wp-content\/uploads\/2025\/12\/toppik-good-hair-day-100x100.webp 100w\" sizes=\"auto, (max-width: 504px) 100vw, 504px\" \/><\/figure>\n<\/div>\n<\/div>\n\n<p><\/p>\n","protected":false},"excerpt":{"rendered":"<p>TOPPIK LENKIJA ToppikPolska.pl yra oficialus Lenkijos platintojas ir internetin\u0117 parduotuv\u0117 Toppik Inc. Galva pilna plauk\u0173 yra m\u016bs\u0173 misija. Norime suteikti lenkams produkt\u0105, kuris pakeis j\u0173 i\u0161vaizd\u0105. Toppik yra pripa\u017eintas lyderiu tarp plauk\u0173 ret\u0117jimo kosmetikos. J\u012f rekomenduoja gydytojai, u\u017esiimantys plauk\u0173 slinkimu, transplantacijos chirurgai, medicinos centrai, dermatologai, ta\u010diau svarbiausia, kad j\u012f m\u0117gsta m\u016bs\u0173 klientai. Toppik si\u016blo plat\u0173 [&hellip;]<\/p>\n","protected":false},"author":1,"featured_media":0,"parent":0,"menu_order":0,"comment_status":"closed","ping_status":"closed","template":"","meta":{"footnotes":""},"class_list":["post-9344","page","type-page","status-publish","hentry"],"yoast_head":"<!-- This site is optimized with the Yoast SEO plugin v26.6 - https:\/\/yoast.com\/wordpress\/plugins\/seo\/ -->\n<title>Apie mus - Toppik Polska: Keratino pluo\u0161tai storina plaukus<\/title>\n<meta name=\"description\" content=\"Susipa\u017einkite su Toppik Polska - plauk\u0173 storinimo ekspertais. Su\u017einokite, kaip m\u016bs\u0173 produktai gali pad\u0117ti jums gauti pilnus, storus plaukus!\" \/>\n<meta name=\"robots\" content=\"index, follow, max-snippet:-1, max-image-preview:large, max-video-preview:-1\" \/>\n<link rel=\"canonical\" href=\"https:\/\/toppikpolska.pl\/lt\/apie-mus\/\" \/>\n<meta property=\"og:locale\" content=\"lt_LT\" \/>\n<meta property=\"og:type\" content=\"article\" \/>\n<meta property=\"og:title\" content=\"Apie mus - Toppik Polska: Keratino pluo\u0161tai storina plaukus\" \/>\n<meta property=\"og:description\" content=\"Susipa\u017einkite su Toppik Polska - plauk\u0173 storinimo ekspertais. Su\u017einokite, kaip m\u016bs\u0173 produktai gali pad\u0117ti jums gauti pilnus, storus plaukus!\" \/>\n<meta property=\"og:url\" content=\"https:\/\/toppikpolska.pl\/lt\/apie-mus\/\" \/>\n<meta property=\"og:site_name\" content=\"Plauk\u0173 skaidulos, keratinas, stor\u0117jimas \u2014 Toppik Lietuva\" \/>\n<meta property=\"article:modified_time\" content=\"2025-12-18T08:59:18+00:00\" \/>\n<meta property=\"og:image\" content=\"https:\/\/toppikpolska.pl\/wp-content\/uploads\/2025\/02\/wlokna-keratynowe-zageszczajace-o-nas.webp\" \/>\n\t<meta property=\"og:image:width\" content=\"1920\" \/>\n\t<meta property=\"og:image:height\" content=\"660\" \/>\n\t<meta property=\"og:image:type\" content=\"image\/webp\" \/>\n<meta name=\"twitter:card\" content=\"summary_large_image\" \/>\n<meta name=\"twitter:label1\" content=\"Est. reading time\" \/>\n\t<meta name=\"twitter:data1\" content=\"2 minut\u0117s\" \/>\n<script type=\"application\/ld+json\" class=\"yoast-schema-graph\">{\"@context\":\"https:\/\/schema.org\",\"@graph\":[{\"@type\":\"WebPage\",\"@id\":\"https:\/\/toppikpolska.pl\/lt\/apie-mus\/\",\"url\":\"https:\/\/toppikpolska.pl\/lt\/apie-mus\/\",\"name\":\"Apie mus - Toppik Polska: Keratino pluo\u0161tai storina plaukus\",\"isPartOf\":{\"@id\":\"https:\/\/toppikpolska.pl\/lt\/#website\"},\"primaryImageOfPage\":{\"@id\":\"https:\/\/toppikpolska.pl\/lt\/apie-mus\/#primaryimage\"},\"image\":{\"@id\":\"https:\/\/toppikpolska.pl\/lt\/apie-mus\/#primaryimage\"},\"thumbnailUrl\":\"https:\/\/toppikpolska.pl\/wp-content\/uploads\/2025\/02\/wlokna-keratynowe-zageszczajace-o-nas.webp\",\"datePublished\":\"2023-09-19T10:31:33+00:00\",\"dateModified\":\"2025-12-18T08:59:18+00:00\",\"description\":\"Susipa\u017einkite su Toppik Polska - plauk\u0173 storinimo ekspertais. Su\u017einokite, kaip m\u016bs\u0173 produktai gali pad\u0117ti jums gauti pilnus, storus plaukus!\",\"breadcrumb\":{\"@id\":\"https:\/\/toppikpolska.pl\/lt\/apie-mus\/#breadcrumb\"},\"inLanguage\":\"lt-LT\",\"potentialAction\":[{\"@type\":\"ReadAction\",\"target\":[\"https:\/\/toppikpolska.pl\/lt\/apie-mus\/\"]}]},{\"@type\":\"ImageObject\",\"inLanguage\":\"lt-LT\",\"@id\":\"https:\/\/toppikpolska.pl\/lt\/apie-mus\/#primaryimage\",\"url\":\"https:\/\/toppikpolska.pl\/wp-content\/uploads\/2025\/02\/wlokna-keratynowe-zageszczajace-o-nas.webp\",\"contentUrl\":\"https:\/\/toppikpolska.pl\/wp-content\/uploads\/2025\/02\/wlokna-keratynowe-zageszczajace-o-nas.webp\"},{\"@type\":\"BreadcrumbList\",\"@id\":\"https:\/\/toppikpolska.pl\/lt\/apie-mus\/#breadcrumb\",\"itemListElement\":[{\"@type\":\"ListItem\",\"position\":1,\"name\":\"Pagrindinis puslapis\",\"item\":\"https:\/\/toppikpolska.pl\/lt\/\"},{\"@type\":\"ListItem\",\"position\":2,\"name\":\"Apie mus\"}]},{\"@type\":\"WebSite\",\"@id\":\"https:\/\/toppikpolska.pl\/lt\/#website\",\"url\":\"https:\/\/toppikpolska.pl\/lt\/\",\"name\":\"Plauk\u0173 skaidulos, keratinas, stor\u0117jimas \u2014 Toppik Lietuva\",\"description\":\"\",\"publisher\":{\"@id\":\"https:\/\/toppikpolska.pl\/lt\/#organization\"},\"potentialAction\":[{\"@type\":\"SearchAction\",\"target\":{\"@type\":\"EntryPoint\",\"urlTemplate\":\"https:\/\/toppikpolska.pl\/lt\/?s={search_term_string}\"},\"query-input\":{\"@type\":\"PropertyValueSpecification\",\"valueRequired\":true,\"valueName\":\"search_term_string\"}}],\"inLanguage\":\"lt-LT\"},{\"@type\":\"Organization\",\"@id\":\"https:\/\/toppikpolska.pl\/lt\/#organization\",\"name\":\"Plauk\u0173 skaidulos, keratinas, stor\u0117jimas \u2014 Toppik Lietuva\",\"url\":\"https:\/\/toppikpolska.pl\/lt\/\",\"logo\":{\"@type\":\"ImageObject\",\"inLanguage\":\"lt-LT\",\"@id\":\"https:\/\/toppikpolska.pl\/lt\/#\/schema\/logo\/image\/\",\"url\":\"https:\/\/toppikpolska.pl\/wp-content\/uploads\/2023\/09\/logo.png\",\"contentUrl\":\"https:\/\/toppikpolska.pl\/wp-content\/uploads\/2023\/09\/logo.png\",\"width\":105,\"height\":57,\"caption\":\"Plauk\u0173 skaidulos, keratinas, stor\u0117jimas \u2014 Toppik Lietuva\"},\"image\":{\"@id\":\"https:\/\/toppikpolska.pl\/lt\/#\/schema\/logo\/image\/\"}}]}<\/script>\n<!-- \/ Yoast SEO plugin. -->","yoast_head_json":{"title":"Apie mus - Toppik Polska: Keratino pluo\u0161tai storina plaukus","description":"Susipa\u017einkite su Toppik Polska - plauk\u0173 storinimo ekspertais. Su\u017einokite, kaip m\u016bs\u0173 produktai gali pad\u0117ti jums gauti pilnus, storus plaukus!","robots":{"index":"index","follow":"follow","max-snippet":"max-snippet:-1","max-image-preview":"max-image-preview:large","max-video-preview":"max-video-preview:-1"},"canonical":"https:\/\/toppikpolska.pl\/lt\/apie-mus\/","og_locale":"lt_LT","og_type":"article","og_title":"Apie mus - Toppik Polska: Keratino pluo\u0161tai storina plaukus","og_description":"Susipa\u017einkite su Toppik Polska - plauk\u0173 storinimo ekspertais. Su\u017einokite, kaip m\u016bs\u0173 produktai gali pad\u0117ti jums gauti pilnus, storus plaukus!","og_url":"https:\/\/toppikpolska.pl\/lt\/apie-mus\/","og_site_name":"Plauk\u0173 skaidulos, keratinas, stor\u0117jimas \u2014 Toppik Lietuva","article_modified_time":"2025-12-18T08:59:18+00:00","og_image":[{"width":1920,"height":660,"url":"https:\/\/toppikpolska.pl\/wp-content\/uploads\/2025\/02\/wlokna-keratynowe-zageszczajace-o-nas.webp","type":"image\/webp"}],"twitter_card":"summary_large_image","twitter_misc":{"Est. reading time":"2 minut\u0117s"},"schema":{"@context":"https:\/\/schema.org","@graph":[{"@type":"WebPage","@id":"https:\/\/toppikpolska.pl\/lt\/apie-mus\/","url":"https:\/\/toppikpolska.pl\/lt\/apie-mus\/","name":"Apie mus - Toppik Polska: Keratino pluo\u0161tai storina plaukus","isPartOf":{"@id":"https:\/\/toppikpolska.pl\/lt\/#website"},"primaryImageOfPage":{"@id":"https:\/\/toppikpolska.pl\/lt\/apie-mus\/#primaryimage"},"image":{"@id":"https:\/\/toppikpolska.pl\/lt\/apie-mus\/#primaryimage"},"thumbnailUrl":"https:\/\/toppikpolska.pl\/wp-content\/uploads\/2025\/02\/wlokna-keratynowe-zageszczajace-o-nas.webp","datePublished":"2023-09-19T10:31:33+00:00","dateModified":"2025-12-18T08:59:18+00:00","description":"Susipa\u017einkite su Toppik Polska - plauk\u0173 storinimo ekspertais. Su\u017einokite, kaip m\u016bs\u0173 produktai gali pad\u0117ti jums gauti pilnus, storus plaukus!","breadcrumb":{"@id":"https:\/\/toppikpolska.pl\/lt\/apie-mus\/#breadcrumb"},"inLanguage":"lt-LT","potentialAction":[{"@type":"ReadAction","target":["https:\/\/toppikpolska.pl\/lt\/apie-mus\/"]}]},{"@type":"ImageObject","inLanguage":"lt-LT","@id":"https:\/\/toppikpolska.pl\/lt\/apie-mus\/#primaryimage","url":"https:\/\/toppikpolska.pl\/wp-content\/uploads\/2025\/02\/wlokna-keratynowe-zageszczajace-o-nas.webp","contentUrl":"https:\/\/toppikpolska.pl\/wp-content\/uploads\/2025\/02\/wlokna-keratynowe-zageszczajace-o-nas.webp"},{"@type":"BreadcrumbList","@id":"https:\/\/toppikpolska.pl\/lt\/apie-mus\/#breadcrumb","itemListElement":[{"@type":"ListItem","position":1,"name":"Pagrindinis puslapis","item":"https:\/\/toppikpolska.pl\/lt\/"},{"@type":"ListItem","position":2,"name":"Apie mus"}]},{"@type":"WebSite","@id":"https:\/\/toppikpolska.pl\/lt\/#website","url":"https:\/\/toppikpolska.pl\/lt\/","name":"Plauk\u0173 skaidulos, keratinas, stor\u0117jimas \u2014 Toppik Lietuva","description":"","publisher":{"@id":"https:\/\/toppikpolska.pl\/lt\/#organization"},"potentialAction":[{"@type":"SearchAction","target":{"@type":"EntryPoint","urlTemplate":"https:\/\/toppikpolska.pl\/lt\/?s={search_term_string}"},"query-input":{"@type":"PropertyValueSpecification","valueRequired":true,"valueName":"search_term_string"}}],"inLanguage":"lt-LT"},{"@type":"Organization","@id":"https:\/\/toppikpolska.pl\/lt\/#organization","name":"Plauk\u0173 skaidulos, keratinas, stor\u0117jimas \u2014 Toppik Lietuva","url":"https:\/\/toppikpolska.pl\/lt\/","logo":{"@type":"ImageObject","inLanguage":"lt-LT","@id":"https:\/\/toppikpolska.pl\/lt\/#\/schema\/logo\/image\/","url":"https:\/\/toppikpolska.pl\/wp-content\/uploads\/2023\/09\/logo.png","contentUrl":"https:\/\/toppikpolska.pl\/wp-content\/uploads\/2023\/09\/logo.png","width":105,"height":57,"caption":"Plauk\u0173 skaidulos, keratinas, stor\u0117jimas \u2014 Toppik Lietuva"},"image":{"@id":"https:\/\/toppikpolska.pl\/lt\/#\/schema\/logo\/image\/"}}]}},"_links":{"self":[{"href":"https:\/\/toppikpolska.pl\/lt\/wp-json\/wp\/v2\/pages\/9344","targetHints":{"allow":["GET"]}}],"collection":[{"href":"https:\/\/toppikpolska.pl\/lt\/wp-json\/wp\/v2\/pages"}],"about":[{"href":"https:\/\/toppikpolska.pl\/lt\/wp-json\/wp\/v2\/types\/page"}],"author":[{"embeddable":true,"href":"https:\/\/toppikpolska.pl\/lt\/wp-json\/wp\/v2\/users\/1"}],"replies":[{"embeddable":true,"href":"https:\/\/toppikpolska.pl\/lt\/wp-json\/wp\/v2\/comments?post=9344"}],"version-history":[{"count":5,"href":"https:\/\/toppikpolska.pl\/lt\/wp-json\/wp\/v2\/pages\/9344\/revisions"}],"predecessor-version":[{"id":10825,"href":"https:\/\/toppikpolska.pl\/lt\/wp-json\/wp\/v2\/pages\/9344\/revisions\/10825"}],"wp:attachment":[{"href":"https:\/\/toppikpolska.pl\/lt\/wp-json\/wp\/v2\/media?parent=9344"}],"curies":[{"name":"wp","href":"https:\/\/api.w.org\/{rel}","templated":true}]}}