{"id":10019,"date":"2019-01-25T16:32:43","date_gmt":"2019-01-25T15:32:43","guid":{"rendered":"https:\/\/toppikpolska.pl\/produkt\/plauku-linijos-optimizatorius-toppik-plovimo-masina-optimizuojancios-sukos\/"},"modified":"2019-01-25T16:32:43","modified_gmt":"2019-01-25T15:32:43","slug":"plauku-linijos-optimizatorius-toppik-plovimo-masina-optimizuojancios-sukos","status":"publish","type":"product","link":"https:\/\/toppikpolska.pl\/lt\/produkt\/plauku-linijos-optimizatorius-toppik-plovimo-masina-optimizuojancios-sukos\/","title":{"rendered":"Plauk\u0173 linijos optimizatorius Toppik plovimo ma\u0161ina, optimizuojan\u010dios \u0161ukos"},"content":{"rendered":"<h3>Kas apra\u0161ytas produktas?<\/h3>\n<p>&#8222;Toppik Optimizing Pad&#8221; yra produktas, leid\u017eiantis lengviau i\u0161laikyti nat\u016brali\u0105 plauk\u0173 linij\u0105 tepant &#8222;Toppik&#8221; pluo\u0161tus.<\/p>\n<h3>Inovatyvus plauk\u0173 storinimas naudojant plauk\u0173 linijos optimizavimo priemon\u0119<\/h3>\n<p>Hairline Optimizer yra prover\u017eio plauk\u0173 storinimo sprendimas, suteikiantis nat\u016brali\u0105 i\u0161vaizd\u0105 ir ilgaam\u017ei\u0161kum\u0105. D\u0117l pa\u017eangios formul\u0117s produktas efektyviai u\u017epildo retas vietas, sukurdamas stor\u0105 ir piln\u0105 \u0161ukuosen\u0105. Idealiai tinka tiems, kurie ie\u0161ko nepastebim\u0173 rezultat\u0173, nereikia nuolat naudoti preparat\u0173. &#8222;Hairline Optimizer&#8221; veikia su \u0161e\u0161\u0117liavimo \u0161ukomis, kad b\u016bt\u0173 galima tiksliai u\u017etepti ir tolygiai paskirstyti produkt\u0105, o tai garantuoja puik\u0173 plauk\u0173 atspalv\u012f. Reguliarus &#8222;Hairline Optimizer&#8221; naudojimas skatina nat\u016bral\u0173 plauk\u0173 augim\u0105, didina plauk\u0173 apimt\u012f ir gerina bendr\u0105 b\u016bkl\u0119.    <\/p>\n<h3>Profesionalus plauk\u0173 \u0161e\u0161\u0117liavimas su \u0161e\u0161\u0117liavimo \u0161ukomis<\/h3>\n<p>Norint pasiekti geriausi\u0173 plauk\u0173 storinimo rezultat\u0173, b\u016btina naudoti tinkamas priemones. M\u016bs\u0173 asortimente esan\u010dios plauk\u0173 \u0161e\u0161\u0117liavimo \u0161ukos yra specialiai sukurtos dirbti su plauk\u0173 linijos optimizatoriumi. D\u0117l tiksli\u0173 dant\u0173 \u0161ukos leid\u017eia tiksliai u\u017etepti produkt\u0105, o tai leid\u017eia nat\u016braliai pereiti tarp sustor\u0117jusi\u0173 ir nat\u016brali\u0173 plauk\u0173 dali\u0173. Tai idealus sprendimas \u017emon\u0117ms, norintiems pasiekti profesional\u0173 efekt\u0105 namuose. \u0160e\u0161\u0117lin\u0117s \u0161ukos padeda tolygiai paskirstyti plauk\u0173 linijos optimizavimo priemon\u0119, suma\u017eina dry\u017ei\u0173 rizik\u0105 ir u\u017etikrina ilgalaik\u012f sustor\u0117jimo efekt\u0105. \u0160i\u0173 produkt\u0173 derinys garantuoja patenkinamus rezultatus, pabr\u0117\u017eia j\u016bs\u0173 \u0161ukuosenos gro\u017e\u012f ir tankum\u0105.     <\/p>\n<h3>Produkto naudojimo prana\u0161umai<\/h3>\n<p>\u2022 I\u0161vengiama nenat\u016bralios \u0161eri\u0173 i\u0161vaizdos<br \/>\n\u2022 Padaro plaukus nat\u016bralius ir storus<br \/>\n\u2022 Neleid\u017eia pluo\u0161tams nukristi ant kaktos<\/p>\n<h3>K\u0105 dar tur\u0117tum\u0117te \u017einoti?<\/h3>\n<p>Jei norite pasiekti dar labiau patenkinam\u0173 rezultat\u0173, rekomenduojama naudoti special\u0173 <a href=\"https:\/\/toppikpolska.pl\/produkt\/spray-applicator\/\">Toppik aplikatori\u0173<\/a>.<\/p>\n","protected":false},"excerpt":{"rendered":"<h3>Kas apra\u0161ytas produktas?<\/h3>\n<p>&#8222;Toppik Optimizing Comb&#8221; yra produktas, leid\u017eiantis lengviau i\u0161laikyti nat\u016brali\u0105 plauk\u0173 linij\u0105 tepant &#8222;Toppik&#8221; pluo\u0161tus.<\/p>\n<h3>Produkto naudojimo prana\u0161umai<\/h3>\n<p>\u2022 I\u0161vengiama nenat\u016bralios \u0161eri\u0173 i\u0161vaizdos<br \/>\n\u2022 Padaro plaukus nat\u016bralius ir storus<br \/>\n\u2022 Neleid\u017eia pluo\u0161tams nukristi ant kaktos<\/p>\n<h3>K\u0105 dar tur\u0117tum\u0117te \u017einoti?<\/h3>\n<p>Jei norite pasiekti dar labiau patenkinam\u0173 rezultat\u0173, rekomenduojama naudoti special\u0173 Toppik aplikatori\u0173.<\/p>\n","protected":false},"featured_media":10020,"comment_status":"closed","ping_status":"closed","template":"","meta":[],"product_brand":[],"product_cat":[37],"product_tag":[],"class_list":{"0":"post-10019","1":"product","2":"type-product","3":"status-publish","4":"has-post-thumbnail","6":"product_cat-bez-kategorii","8":"first","9":"instock","10":"purchasable","11":"product-type-simple"},"yoast_head":"<!-- This site is optimized with the Yoast SEO plugin v26.6 - https:\/\/yoast.com\/wordpress\/plugins\/seo\/ -->\n<title>Plauk\u0173 linijos optimizatorius Toppik plovimo ma\u0161ina, optimizuojan\u010dios \u0161ukos<\/title>\n<meta name=\"description\" content=\"Plauk\u0173 linijos optimizatorius Toppik plovimo ma\u0161ina, optimizuojan\u010dios \u0161ukos - Keratino mikropluo\u0161tai storina plaukus | Toppik Polska!\" \/>\n<meta name=\"robots\" content=\"index, follow, max-snippet:-1, max-image-preview:large, max-video-preview:-1\" \/>\n<link rel=\"canonical\" href=\"https:\/\/toppikpolska.pl\/lt\/produkt\/plauku-linijos-optimizatorius-toppik-plovimo-masina-optimizuojancios-sukos\/\" \/>\n<meta property=\"og:locale\" content=\"lt_LT\" \/>\n<meta property=\"og:type\" content=\"article\" \/>\n<meta property=\"og:title\" content=\"Plauk\u0173 linijos optimizatorius Toppik plovimo ma\u0161ina, optimizuojan\u010dios \u0161ukos\" \/>\n<meta property=\"og:description\" content=\"Plauk\u0173 linijos optimizatorius Toppik plovimo ma\u0161ina, optimizuojan\u010dios \u0161ukos - Keratino mikropluo\u0161tai storina plaukus | Toppik Polska!\" \/>\n<meta property=\"og:url\" content=\"https:\/\/toppikpolska.pl\/lt\/produkt\/plauku-linijos-optimizatorius-toppik-plovimo-masina-optimizuojancios-sukos\/\" \/>\n<meta property=\"og:site_name\" content=\"Plauk\u0173 skaidulos, keratinas, stor\u0117jimas \u2014 Toppik Lietuva\" \/>\n<meta property=\"og:image\" content=\"https:\/\/toppikpolska.pl\/wp-content\/uploads\/2023\/11\/hairlineoptimizer_1940x1940_1.jpg\" \/>\n\t<meta property=\"og:image:width\" content=\"700\" \/>\n\t<meta property=\"og:image:height\" content=\"700\" \/>\n\t<meta property=\"og:image:type\" content=\"image\/jpeg\" \/>\n<meta name=\"twitter:card\" content=\"summary_large_image\" \/>\n<meta name=\"twitter:label1\" content=\"Est. reading time\" \/>\n\t<meta name=\"twitter:data1\" content=\"1 minut\u0117\" \/>\n<script type=\"application\/ld+json\" class=\"yoast-schema-graph\">{\"@context\":\"https:\/\/schema.org\",\"@graph\":[{\"@type\":\"WebPage\",\"@id\":\"https:\/\/toppikpolska.pl\/lt\/produkt\/plauku-linijos-optimizatorius-toppik-plovimo-masina-optimizuojancios-sukos\/\",\"url\":\"https:\/\/toppikpolska.pl\/lt\/produkt\/plauku-linijos-optimizatorius-toppik-plovimo-masina-optimizuojancios-sukos\/\",\"name\":\"Plauk\u0173 linijos optimizatorius Toppik plovimo ma\u0161ina, optimizuojan\u010dios \u0161ukos\",\"isPartOf\":{\"@id\":\"https:\/\/toppikpolska.pl\/lt\/#website\"},\"primaryImageOfPage\":{\"@id\":\"https:\/\/toppikpolska.pl\/lt\/produkt\/plauku-linijos-optimizatorius-toppik-plovimo-masina-optimizuojancios-sukos\/#primaryimage\"},\"image\":{\"@id\":\"https:\/\/toppikpolska.pl\/lt\/produkt\/plauku-linijos-optimizatorius-toppik-plovimo-masina-optimizuojancios-sukos\/#primaryimage\"},\"thumbnailUrl\":\"https:\/\/toppikpolska.pl\/wp-content\/uploads\/2023\/11\/hairlineoptimizer_1940x1940_1.jpg\",\"datePublished\":\"2019-01-25T15:32:43+00:00\",\"description\":\"Plauk\u0173 linijos optimizatorius Toppik plovimo ma\u0161ina, optimizuojan\u010dios \u0161ukos - Keratino mikropluo\u0161tai storina plaukus | Toppik Polska!\",\"breadcrumb\":{\"@id\":\"https:\/\/toppikpolska.pl\/lt\/produkt\/plauku-linijos-optimizatorius-toppik-plovimo-masina-optimizuojancios-sukos\/#breadcrumb\"},\"inLanguage\":\"lt-LT\",\"potentialAction\":[{\"@type\":\"ReadAction\",\"target\":[\"https:\/\/toppikpolska.pl\/lt\/produkt\/plauku-linijos-optimizatorius-toppik-plovimo-masina-optimizuojancios-sukos\/\"]}]},{\"@type\":\"ImageObject\",\"inLanguage\":\"lt-LT\",\"@id\":\"https:\/\/toppikpolska.pl\/lt\/produkt\/plauku-linijos-optimizatorius-toppik-plovimo-masina-optimizuojancios-sukos\/#primaryimage\",\"url\":\"https:\/\/toppikpolska.pl\/wp-content\/uploads\/2023\/11\/hairlineoptimizer_1940x1940_1.jpg\",\"contentUrl\":\"https:\/\/toppikpolska.pl\/wp-content\/uploads\/2023\/11\/hairlineoptimizer_1940x1940_1.jpg\",\"width\":700,\"height\":700},{\"@type\":\"BreadcrumbList\",\"@id\":\"https:\/\/toppikpolska.pl\/lt\/produkt\/plauku-linijos-optimizatorius-toppik-plovimo-masina-optimizuojancios-sukos\/#breadcrumb\",\"itemListElement\":[{\"@type\":\"ListItem\",\"position\":1,\"name\":\"Pagrindinis puslapis\",\"item\":\"https:\/\/toppikpolska.pl\/lt\/\"},{\"@type\":\"ListItem\",\"position\":2,\"name\":\"Parduotuv\u0117\",\"item\":\"https:\/\/toppikpolska.pl\/lt\/parduotuve\/\"},{\"@type\":\"ListItem\",\"position\":3,\"name\":\"Plauk\u0173 linijos optimizatorius Toppik plovimo ma\u0161ina, optimizuojan\u010dios \u0161ukos\"}]},{\"@type\":\"WebSite\",\"@id\":\"https:\/\/toppikpolska.pl\/lt\/#website\",\"url\":\"https:\/\/toppikpolska.pl\/lt\/\",\"name\":\"Plauk\u0173 skaidulos, keratinas, stor\u0117jimas \u2014 Toppik Lietuva\",\"description\":\"\",\"publisher\":{\"@id\":\"https:\/\/toppikpolska.pl\/lt\/#organization\"},\"potentialAction\":[{\"@type\":\"SearchAction\",\"target\":{\"@type\":\"EntryPoint\",\"urlTemplate\":\"https:\/\/toppikpolska.pl\/lt\/?s={search_term_string}\"},\"query-input\":{\"@type\":\"PropertyValueSpecification\",\"valueRequired\":true,\"valueName\":\"search_term_string\"}}],\"inLanguage\":\"lt-LT\"},{\"@type\":\"Organization\",\"@id\":\"https:\/\/toppikpolska.pl\/lt\/#organization\",\"name\":\"Plauk\u0173 skaidulos, keratinas, stor\u0117jimas \u2014 Toppik Lietuva\",\"url\":\"https:\/\/toppikpolska.pl\/lt\/\",\"logo\":{\"@type\":\"ImageObject\",\"inLanguage\":\"lt-LT\",\"@id\":\"https:\/\/toppikpolska.pl\/lt\/#\/schema\/logo\/image\/\",\"url\":\"https:\/\/toppikpolska.pl\/wp-content\/uploads\/2023\/09\/logo.png\",\"contentUrl\":\"https:\/\/toppikpolska.pl\/wp-content\/uploads\/2023\/09\/logo.png\",\"width\":105,\"height\":57,\"caption\":\"Plauk\u0173 skaidulos, keratinas, stor\u0117jimas \u2014 Toppik Lietuva\"},\"image\":{\"@id\":\"https:\/\/toppikpolska.pl\/lt\/#\/schema\/logo\/image\/\"}}]}<\/script>\n<!-- \/ Yoast SEO plugin. -->","yoast_head_json":{"title":"Plauk\u0173 linijos optimizatorius Toppik plovimo ma\u0161ina, optimizuojan\u010dios \u0161ukos","description":"Plauk\u0173 linijos optimizatorius Toppik plovimo ma\u0161ina, optimizuojan\u010dios \u0161ukos - Keratino mikropluo\u0161tai storina plaukus | Toppik Polska!","robots":{"index":"index","follow":"follow","max-snippet":"max-snippet:-1","max-image-preview":"max-image-preview:large","max-video-preview":"max-video-preview:-1"},"canonical":"https:\/\/toppikpolska.pl\/lt\/produkt\/plauku-linijos-optimizatorius-toppik-plovimo-masina-optimizuojancios-sukos\/","og_locale":"lt_LT","og_type":"article","og_title":"Plauk\u0173 linijos optimizatorius Toppik plovimo ma\u0161ina, optimizuojan\u010dios \u0161ukos","og_description":"Plauk\u0173 linijos optimizatorius Toppik plovimo ma\u0161ina, optimizuojan\u010dios \u0161ukos - Keratino mikropluo\u0161tai storina plaukus | Toppik Polska!","og_url":"https:\/\/toppikpolska.pl\/lt\/produkt\/plauku-linijos-optimizatorius-toppik-plovimo-masina-optimizuojancios-sukos\/","og_site_name":"Plauk\u0173 skaidulos, keratinas, stor\u0117jimas \u2014 Toppik Lietuva","og_image":[{"width":700,"height":700,"url":"https:\/\/toppikpolska.pl\/wp-content\/uploads\/2023\/11\/hairlineoptimizer_1940x1940_1.jpg","type":"image\/jpeg"}],"twitter_card":"summary_large_image","twitter_misc":{"Est. reading time":"1 minut\u0117"},"schema":{"@context":"https:\/\/schema.org","@graph":[{"@type":"WebPage","@id":"https:\/\/toppikpolska.pl\/lt\/produkt\/plauku-linijos-optimizatorius-toppik-plovimo-masina-optimizuojancios-sukos\/","url":"https:\/\/toppikpolska.pl\/lt\/produkt\/plauku-linijos-optimizatorius-toppik-plovimo-masina-optimizuojancios-sukos\/","name":"Plauk\u0173 linijos optimizatorius Toppik plovimo ma\u0161ina, optimizuojan\u010dios \u0161ukos","isPartOf":{"@id":"https:\/\/toppikpolska.pl\/lt\/#website"},"primaryImageOfPage":{"@id":"https:\/\/toppikpolska.pl\/lt\/produkt\/plauku-linijos-optimizatorius-toppik-plovimo-masina-optimizuojancios-sukos\/#primaryimage"},"image":{"@id":"https:\/\/toppikpolska.pl\/lt\/produkt\/plauku-linijos-optimizatorius-toppik-plovimo-masina-optimizuojancios-sukos\/#primaryimage"},"thumbnailUrl":"https:\/\/toppikpolska.pl\/wp-content\/uploads\/2023\/11\/hairlineoptimizer_1940x1940_1.jpg","datePublished":"2019-01-25T15:32:43+00:00","description":"Plauk\u0173 linijos optimizatorius Toppik plovimo ma\u0161ina, optimizuojan\u010dios \u0161ukos - Keratino mikropluo\u0161tai storina plaukus | Toppik Polska!","breadcrumb":{"@id":"https:\/\/toppikpolska.pl\/lt\/produkt\/plauku-linijos-optimizatorius-toppik-plovimo-masina-optimizuojancios-sukos\/#breadcrumb"},"inLanguage":"lt-LT","potentialAction":[{"@type":"ReadAction","target":["https:\/\/toppikpolska.pl\/lt\/produkt\/plauku-linijos-optimizatorius-toppik-plovimo-masina-optimizuojancios-sukos\/"]}]},{"@type":"ImageObject","inLanguage":"lt-LT","@id":"https:\/\/toppikpolska.pl\/lt\/produkt\/plauku-linijos-optimizatorius-toppik-plovimo-masina-optimizuojancios-sukos\/#primaryimage","url":"https:\/\/toppikpolska.pl\/wp-content\/uploads\/2023\/11\/hairlineoptimizer_1940x1940_1.jpg","contentUrl":"https:\/\/toppikpolska.pl\/wp-content\/uploads\/2023\/11\/hairlineoptimizer_1940x1940_1.jpg","width":700,"height":700},{"@type":"BreadcrumbList","@id":"https:\/\/toppikpolska.pl\/lt\/produkt\/plauku-linijos-optimizatorius-toppik-plovimo-masina-optimizuojancios-sukos\/#breadcrumb","itemListElement":[{"@type":"ListItem","position":1,"name":"Pagrindinis puslapis","item":"https:\/\/toppikpolska.pl\/lt\/"},{"@type":"ListItem","position":2,"name":"Parduotuv\u0117","item":"https:\/\/toppikpolska.pl\/lt\/parduotuve\/"},{"@type":"ListItem","position":3,"name":"Plauk\u0173 linijos optimizatorius Toppik plovimo ma\u0161ina, optimizuojan\u010dios \u0161ukos"}]},{"@type":"WebSite","@id":"https:\/\/toppikpolska.pl\/lt\/#website","url":"https:\/\/toppikpolska.pl\/lt\/","name":"Plauk\u0173 skaidulos, keratinas, stor\u0117jimas \u2014 Toppik Lietuva","description":"","publisher":{"@id":"https:\/\/toppikpolska.pl\/lt\/#organization"},"potentialAction":[{"@type":"SearchAction","target":{"@type":"EntryPoint","urlTemplate":"https:\/\/toppikpolska.pl\/lt\/?s={search_term_string}"},"query-input":{"@type":"PropertyValueSpecification","valueRequired":true,"valueName":"search_term_string"}}],"inLanguage":"lt-LT"},{"@type":"Organization","@id":"https:\/\/toppikpolska.pl\/lt\/#organization","name":"Plauk\u0173 skaidulos, keratinas, stor\u0117jimas \u2014 Toppik Lietuva","url":"https:\/\/toppikpolska.pl\/lt\/","logo":{"@type":"ImageObject","inLanguage":"lt-LT","@id":"https:\/\/toppikpolska.pl\/lt\/#\/schema\/logo\/image\/","url":"https:\/\/toppikpolska.pl\/wp-content\/uploads\/2023\/09\/logo.png","contentUrl":"https:\/\/toppikpolska.pl\/wp-content\/uploads\/2023\/09\/logo.png","width":105,"height":57,"caption":"Plauk\u0173 skaidulos, keratinas, stor\u0117jimas \u2014 Toppik Lietuva"},"image":{"@id":"https:\/\/toppikpolska.pl\/lt\/#\/schema\/logo\/image\/"}}]}},"_links":{"self":[{"href":"https:\/\/toppikpolska.pl\/lt\/wp-json\/wp\/v2\/product\/10019","targetHints":{"allow":["GET"]}}],"collection":[{"href":"https:\/\/toppikpolska.pl\/lt\/wp-json\/wp\/v2\/product"}],"about":[{"href":"https:\/\/toppikpolska.pl\/lt\/wp-json\/wp\/v2\/types\/product"}],"replies":[{"embeddable":true,"href":"https:\/\/toppikpolska.pl\/lt\/wp-json\/wp\/v2\/comments?post=10019"}],"wp:featuredmedia":[{"embeddable":true,"href":"https:\/\/toppikpolska.pl\/lt\/wp-json\/wp\/v2\/media\/10020"}],"wp:attachment":[{"href":"https:\/\/toppikpolska.pl\/lt\/wp-json\/wp\/v2\/media?parent=10019"}],"wp:term":[{"taxonomy":"product_brand","embeddable":true,"href":"https:\/\/toppikpolska.pl\/lt\/wp-json\/wp\/v2\/product_brand?post=10019"},{"taxonomy":"product_cat","embeddable":true,"href":"https:\/\/toppikpolska.pl\/lt\/wp-json\/wp\/v2\/product_cat?post=10019"},{"taxonomy":"product_tag","embeddable":true,"href":"https:\/\/toppikpolska.pl\/lt\/wp-json\/wp\/v2\/product_tag?post=10019"}],"curies":[{"name":"wp","href":"https:\/\/api.w.org\/{rel}","templated":true}]}}