{"id":10095,"date":"2019-04-12T14:24:27","date_gmt":"2019-04-12T12:24:27","guid":{"rendered":"https:\/\/toppikpolska.pl\/produkt\/toppik-thickener-mikropluosto-maskavimas-purskiamas\/"},"modified":"2019-04-12T14:24:27","modified_gmt":"2019-04-12T12:24:27","slug":"toppik-thickener-mikropluosto-maskavimas-purskiamas","status":"publish","type":"product","link":"https:\/\/toppikpolska.pl\/lt\/produkt\/toppik-thickener-mikropluosto-maskavimas-purskiamas\/","title":{"rendered":"Toppik Thickener &#8211; mikropluo\u0161to maskavimas, pur\u0161kiamas"},"content":{"rendered":"<h3>Efektyvus plauk\u0173 storinimas da\u017eyt\u0173 plauk\u0173 tir\u0161tikliu<\/h3>\n<p>Da\u017eyt\u0173 plauk\u0173 tir\u0161tiklis yra novatori\u0161kas plauk\u0173 tir\u0161tiklis, sukurtas specialiai plon\u0173 plauk\u0173 \u017emon\u0117ms, norintiems pasiekti stor\u0173 plauk\u0173 efekt\u0105 nepakenkiant spalvai. Produktas sujungia plauk\u0173 storinimo ir spalvos fiksavimo funkcijas, u\u017etikrindamas nat\u016brali\u0105 ir ilgalaik\u0119 i\u0161vaizd\u0105. D\u0117l pa\u017eangios formul\u0117s da\u017eyt\u0173 plauk\u0173 tir\u0161tiklis veiksmingai palaiko plauk\u0173 stor\u0117jimo proces\u0105, suteikdamas apimties ir pilnumo. Reguliarus plauk\u0173 storinimo priemon\u0117s naudojimas padeda sustiprinti kiekvieno plauko strukt\u016br\u0105, suma\u017eina l\u016b\u017ein\u0117jim\u0105 ir plauk\u0173 slinkim\u0105. Plauk\u0173 tir\u0161tikl\u012f lengva tepti ant saus\u0173 ar dr\u0117gn\u0173 plauk\u0173, nepaliekant sunkesnio efekto, tod\u0117l jis yra idealus pasirinkimas tiems, kuri\u0173 plaukai ploni ir ret\u0117ja.    <\/p>\n<h3>Visapusi\u0161ka stor\u0173 ir da\u017eyt\u0173 plauk\u0173 prie\u017ei\u016bra<\/h3>\n<p>Spalvot\u0173 plauk\u0173 tir\u0161tiklis si\u016blo visapusi\u0161k\u0105 prie\u017ei\u016br\u0105, kuri ne tik tankina plaukus, bet ir apsaugo bei pagerina j\u0173 spalv\u0105. Plauk\u0173 tir\u0161tiklio sud\u0117tyje yra maistini\u0173 med\u017eiag\u0173, kurios palaiko sveik\u0105 plauk\u0173 augim\u0105, stimuliuodamos plauk\u0173 folikulus ir didindamos galvos odos kraujotak\u0105. D\u0117l to ploni plaukai \u012fgauna stor\u012f ir elastingum\u0105, tampa atsparesni mechaniniams ir terminiams pa\u017eeidimams. Plauk\u0173 tir\u0161tiklis yra suderinamas su kitais m\u016bs\u0173 asortimento produktais, o tai leid\u017eia sukurti nuosekli\u0105 ir efektyvi\u0105 plauk\u0173 storinimo sistem\u0105. Be to, produktas praturtintas pigmentais, kurie puikiai dera prie nat\u016bralios plauk\u0173 spalvos, u\u017etikrinant vienod\u0105 ir intensyv\u0173 da\u017eymo efekt\u0105. Naudojant da\u017eyt\u0173 plauk\u0173 tir\u0161tikl\u012f, pasiekti storus, sveikus ir spalvingus plaukus tampa papras\u010diau nei bet kada anks\u010diau.     <\/p>\n","protected":false},"excerpt":{"rendered":"<p>Hair Thickener yra novatori\u0161kas pur\u0161kiklis, skirtas pasl\u0117pti plon\u0173 ar ret\u0117jan\u010di\u0173 plauk\u0173 vietas, nuplikusias vietas ir visur, kur matoma galvos oda.<\/p>\n<p>Jis akimirksniu u\u017epildo ret\u0117jan\u010dias vietas, sukuria pilnesni\u0173, storesni\u0173 plauk\u0173 \u012fsp\u016bd\u012f. Unikal\u016bs pigmentai derinami prie j\u016bs\u0173 plauk\u0173 spalvos ir paslepia matom\u0105 galvos od\u0105. Tai leid\u017eia padengti dar didesnius alopecijos paveiktus plotus.<br \/>\nBe to, preparatas yra puikus sprendimas naudoti tarp \u0161akn\u0173.  <\/p>\n<p>Plauk\u0173 tir\u0161tiklis yra \u0161velnus galvos odai, saugus kasdieniam naudojimui ir yra keturi\u0173 atspalvi\u0173, atspari\u0173 v\u0117jui, lietui ir prakaitui. Rekomenduojama naudoti su keratino pluo\u0161tais, kad papildomai padengt\u0173 nat\u016brali\u0105 plauk\u0173 tekst\u016br\u0105.  <\/p>\n","protected":false},"featured_media":10096,"comment_status":"closed","ping_status":"closed","template":"","meta":[],"product_brand":[],"product_cat":[37],"product_tag":[],"class_list":{"0":"post-10095","1":"product","2":"type-product","3":"status-publish","4":"has-post-thumbnail","6":"product_cat-bez-kategorii","8":"first","9":"instock","10":"sale","11":"shipping-taxable","12":"purchasable","13":"product-type-variable"},"yoast_head":"<!-- This site is optimized with the Yoast SEO plugin v26.6 - https:\/\/yoast.com\/wordpress\/plugins\/seo\/ -->\n<title>Toppik Thickener - mikropluo\u0161to maskavimas, pur\u0161kiamas<\/title>\n<meta name=\"description\" content=\"Toppik Thickener - mikropluo\u0161to maskavimas, pur\u0161kiamas - Keratino mikropluo\u0161tai storina plaukus | Toppik Polska!\" \/>\n<meta name=\"robots\" content=\"index, follow, max-snippet:-1, max-image-preview:large, max-video-preview:-1\" \/>\n<link rel=\"canonical\" href=\"https:\/\/toppikpolska.pl\/lt\/produkt\/toppik-thickener-mikropluosto-maskavimas-purskiamas\/\" \/>\n<meta property=\"og:locale\" content=\"lt_LT\" \/>\n<meta property=\"og:type\" content=\"article\" \/>\n<meta property=\"og:title\" content=\"Toppik Thickener - mikropluo\u0161to maskavimas, pur\u0161kiamas\" \/>\n<meta property=\"og:description\" content=\"Toppik Thickener - mikropluo\u0161to maskavimas, pur\u0161kiamas - Keratino mikropluo\u0161tai storina plaukus | Toppik Polska!\" \/>\n<meta property=\"og:url\" content=\"https:\/\/toppikpolska.pl\/lt\/produkt\/toppik-thickener-mikropluosto-maskavimas-purskiamas\/\" \/>\n<meta property=\"og:site_name\" content=\"Plauk\u0173 skaidulos, keratinas, stor\u0117jimas \u2014 Toppik Lietuva\" \/>\n<meta property=\"og:image\" content=\"https:\/\/toppikpolska.pl\/wp-content\/uploads\/2025\/03\/thickener_black.jpg\" \/>\n\t<meta property=\"og:image:width\" content=\"900\" \/>\n\t<meta property=\"og:image:height\" content=\"900\" \/>\n\t<meta property=\"og:image:type\" content=\"image\/jpeg\" \/>\n<meta name=\"twitter:card\" content=\"summary_large_image\" \/>\n<meta name=\"twitter:label1\" content=\"Est. reading time\" \/>\n\t<meta name=\"twitter:data1\" content=\"1 minut\u0117\" \/>\n<script type=\"application\/ld+json\" class=\"yoast-schema-graph\">{\"@context\":\"https:\/\/schema.org\",\"@graph\":[{\"@type\":\"WebPage\",\"@id\":\"https:\/\/toppikpolska.pl\/lt\/produkt\/toppik-thickener-mikropluosto-maskavimas-purskiamas\/\",\"url\":\"https:\/\/toppikpolska.pl\/lt\/produkt\/toppik-thickener-mikropluosto-maskavimas-purskiamas\/\",\"name\":\"Toppik Thickener - mikropluo\u0161to maskavimas, pur\u0161kiamas\",\"isPartOf\":{\"@id\":\"https:\/\/toppikpolska.pl\/lt\/#website\"},\"primaryImageOfPage\":{\"@id\":\"https:\/\/toppikpolska.pl\/lt\/produkt\/toppik-thickener-mikropluosto-maskavimas-purskiamas\/#primaryimage\"},\"image\":{\"@id\":\"https:\/\/toppikpolska.pl\/lt\/produkt\/toppik-thickener-mikropluosto-maskavimas-purskiamas\/#primaryimage\"},\"thumbnailUrl\":\"https:\/\/toppikpolska.pl\/wp-content\/uploads\/2025\/03\/thickener_black.jpg\",\"datePublished\":\"2019-04-12T12:24:27+00:00\",\"description\":\"Toppik Thickener - mikropluo\u0161to maskavimas, pur\u0161kiamas - Keratino mikropluo\u0161tai storina plaukus | Toppik Polska!\",\"breadcrumb\":{\"@id\":\"https:\/\/toppikpolska.pl\/lt\/produkt\/toppik-thickener-mikropluosto-maskavimas-purskiamas\/#breadcrumb\"},\"inLanguage\":\"lt-LT\",\"potentialAction\":[{\"@type\":\"ReadAction\",\"target\":[\"https:\/\/toppikpolska.pl\/lt\/produkt\/toppik-thickener-mikropluosto-maskavimas-purskiamas\/\"]}]},{\"@type\":\"ImageObject\",\"inLanguage\":\"lt-LT\",\"@id\":\"https:\/\/toppikpolska.pl\/lt\/produkt\/toppik-thickener-mikropluosto-maskavimas-purskiamas\/#primaryimage\",\"url\":\"https:\/\/toppikpolska.pl\/wp-content\/uploads\/2025\/03\/thickener_black.jpg\",\"contentUrl\":\"https:\/\/toppikpolska.pl\/wp-content\/uploads\/2025\/03\/thickener_black.jpg\",\"width\":900,\"height\":900},{\"@type\":\"BreadcrumbList\",\"@id\":\"https:\/\/toppikpolska.pl\/lt\/produkt\/toppik-thickener-mikropluosto-maskavimas-purskiamas\/#breadcrumb\",\"itemListElement\":[{\"@type\":\"ListItem\",\"position\":1,\"name\":\"Pagrindinis puslapis\",\"item\":\"https:\/\/toppikpolska.pl\/lt\/\"},{\"@type\":\"ListItem\",\"position\":2,\"name\":\"Parduotuv\u0117\",\"item\":\"https:\/\/toppikpolska.pl\/lt\/parduotuve\/\"},{\"@type\":\"ListItem\",\"position\":3,\"name\":\"Toppik Thickener &#8211; mikropluo\u0161to maskavimas, pur\u0161kiamas\"}]},{\"@type\":\"WebSite\",\"@id\":\"https:\/\/toppikpolska.pl\/lt\/#website\",\"url\":\"https:\/\/toppikpolska.pl\/lt\/\",\"name\":\"Plauk\u0173 skaidulos, keratinas, stor\u0117jimas \u2014 Toppik Lietuva\",\"description\":\"\",\"publisher\":{\"@id\":\"https:\/\/toppikpolska.pl\/lt\/#organization\"},\"potentialAction\":[{\"@type\":\"SearchAction\",\"target\":{\"@type\":\"EntryPoint\",\"urlTemplate\":\"https:\/\/toppikpolska.pl\/lt\/?s={search_term_string}\"},\"query-input\":{\"@type\":\"PropertyValueSpecification\",\"valueRequired\":true,\"valueName\":\"search_term_string\"}}],\"inLanguage\":\"lt-LT\"},{\"@type\":\"Organization\",\"@id\":\"https:\/\/toppikpolska.pl\/lt\/#organization\",\"name\":\"Plauk\u0173 skaidulos, keratinas, stor\u0117jimas \u2014 Toppik Lietuva\",\"url\":\"https:\/\/toppikpolska.pl\/lt\/\",\"logo\":{\"@type\":\"ImageObject\",\"inLanguage\":\"lt-LT\",\"@id\":\"https:\/\/toppikpolska.pl\/lt\/#\/schema\/logo\/image\/\",\"url\":\"https:\/\/toppikpolska.pl\/wp-content\/uploads\/2023\/09\/logo.png\",\"contentUrl\":\"https:\/\/toppikpolska.pl\/wp-content\/uploads\/2023\/09\/logo.png\",\"width\":105,\"height\":57,\"caption\":\"Plauk\u0173 skaidulos, keratinas, stor\u0117jimas \u2014 Toppik Lietuva\"},\"image\":{\"@id\":\"https:\/\/toppikpolska.pl\/lt\/#\/schema\/logo\/image\/\"}}]}<\/script>\n<!-- \/ Yoast SEO plugin. -->","yoast_head_json":{"title":"Toppik Thickener - mikropluo\u0161to maskavimas, pur\u0161kiamas","description":"Toppik Thickener - mikropluo\u0161to maskavimas, pur\u0161kiamas - Keratino mikropluo\u0161tai storina plaukus | Toppik Polska!","robots":{"index":"index","follow":"follow","max-snippet":"max-snippet:-1","max-image-preview":"max-image-preview:large","max-video-preview":"max-video-preview:-1"},"canonical":"https:\/\/toppikpolska.pl\/lt\/produkt\/toppik-thickener-mikropluosto-maskavimas-purskiamas\/","og_locale":"lt_LT","og_type":"article","og_title":"Toppik Thickener - mikropluo\u0161to maskavimas, pur\u0161kiamas","og_description":"Toppik Thickener - mikropluo\u0161to maskavimas, pur\u0161kiamas - Keratino mikropluo\u0161tai storina plaukus | Toppik Polska!","og_url":"https:\/\/toppikpolska.pl\/lt\/produkt\/toppik-thickener-mikropluosto-maskavimas-purskiamas\/","og_site_name":"Plauk\u0173 skaidulos, keratinas, stor\u0117jimas \u2014 Toppik Lietuva","og_image":[{"width":900,"height":900,"url":"https:\/\/toppikpolska.pl\/wp-content\/uploads\/2025\/03\/thickener_black.jpg","type":"image\/jpeg"}],"twitter_card":"summary_large_image","twitter_misc":{"Est. reading time":"1 minut\u0117"},"schema":{"@context":"https:\/\/schema.org","@graph":[{"@type":"WebPage","@id":"https:\/\/toppikpolska.pl\/lt\/produkt\/toppik-thickener-mikropluosto-maskavimas-purskiamas\/","url":"https:\/\/toppikpolska.pl\/lt\/produkt\/toppik-thickener-mikropluosto-maskavimas-purskiamas\/","name":"Toppik Thickener - mikropluo\u0161to maskavimas, pur\u0161kiamas","isPartOf":{"@id":"https:\/\/toppikpolska.pl\/lt\/#website"},"primaryImageOfPage":{"@id":"https:\/\/toppikpolska.pl\/lt\/produkt\/toppik-thickener-mikropluosto-maskavimas-purskiamas\/#primaryimage"},"image":{"@id":"https:\/\/toppikpolska.pl\/lt\/produkt\/toppik-thickener-mikropluosto-maskavimas-purskiamas\/#primaryimage"},"thumbnailUrl":"https:\/\/toppikpolska.pl\/wp-content\/uploads\/2025\/03\/thickener_black.jpg","datePublished":"2019-04-12T12:24:27+00:00","description":"Toppik Thickener - mikropluo\u0161to maskavimas, pur\u0161kiamas - Keratino mikropluo\u0161tai storina plaukus | Toppik Polska!","breadcrumb":{"@id":"https:\/\/toppikpolska.pl\/lt\/produkt\/toppik-thickener-mikropluosto-maskavimas-purskiamas\/#breadcrumb"},"inLanguage":"lt-LT","potentialAction":[{"@type":"ReadAction","target":["https:\/\/toppikpolska.pl\/lt\/produkt\/toppik-thickener-mikropluosto-maskavimas-purskiamas\/"]}]},{"@type":"ImageObject","inLanguage":"lt-LT","@id":"https:\/\/toppikpolska.pl\/lt\/produkt\/toppik-thickener-mikropluosto-maskavimas-purskiamas\/#primaryimage","url":"https:\/\/toppikpolska.pl\/wp-content\/uploads\/2025\/03\/thickener_black.jpg","contentUrl":"https:\/\/toppikpolska.pl\/wp-content\/uploads\/2025\/03\/thickener_black.jpg","width":900,"height":900},{"@type":"BreadcrumbList","@id":"https:\/\/toppikpolska.pl\/lt\/produkt\/toppik-thickener-mikropluosto-maskavimas-purskiamas\/#breadcrumb","itemListElement":[{"@type":"ListItem","position":1,"name":"Pagrindinis puslapis","item":"https:\/\/toppikpolska.pl\/lt\/"},{"@type":"ListItem","position":2,"name":"Parduotuv\u0117","item":"https:\/\/toppikpolska.pl\/lt\/parduotuve\/"},{"@type":"ListItem","position":3,"name":"Toppik Thickener &#8211; mikropluo\u0161to maskavimas, pur\u0161kiamas"}]},{"@type":"WebSite","@id":"https:\/\/toppikpolska.pl\/lt\/#website","url":"https:\/\/toppikpolska.pl\/lt\/","name":"Plauk\u0173 skaidulos, keratinas, stor\u0117jimas \u2014 Toppik Lietuva","description":"","publisher":{"@id":"https:\/\/toppikpolska.pl\/lt\/#organization"},"potentialAction":[{"@type":"SearchAction","target":{"@type":"EntryPoint","urlTemplate":"https:\/\/toppikpolska.pl\/lt\/?s={search_term_string}"},"query-input":{"@type":"PropertyValueSpecification","valueRequired":true,"valueName":"search_term_string"}}],"inLanguage":"lt-LT"},{"@type":"Organization","@id":"https:\/\/toppikpolska.pl\/lt\/#organization","name":"Plauk\u0173 skaidulos, keratinas, stor\u0117jimas \u2014 Toppik Lietuva","url":"https:\/\/toppikpolska.pl\/lt\/","logo":{"@type":"ImageObject","inLanguage":"lt-LT","@id":"https:\/\/toppikpolska.pl\/lt\/#\/schema\/logo\/image\/","url":"https:\/\/toppikpolska.pl\/wp-content\/uploads\/2023\/09\/logo.png","contentUrl":"https:\/\/toppikpolska.pl\/wp-content\/uploads\/2023\/09\/logo.png","width":105,"height":57,"caption":"Plauk\u0173 skaidulos, keratinas, stor\u0117jimas \u2014 Toppik Lietuva"},"image":{"@id":"https:\/\/toppikpolska.pl\/lt\/#\/schema\/logo\/image\/"}}]}},"_links":{"self":[{"href":"https:\/\/toppikpolska.pl\/lt\/wp-json\/wp\/v2\/product\/10095","targetHints":{"allow":["GET"]}}],"collection":[{"href":"https:\/\/toppikpolska.pl\/lt\/wp-json\/wp\/v2\/product"}],"about":[{"href":"https:\/\/toppikpolska.pl\/lt\/wp-json\/wp\/v2\/types\/product"}],"replies":[{"embeddable":true,"href":"https:\/\/toppikpolska.pl\/lt\/wp-json\/wp\/v2\/comments?post=10095"}],"wp:featuredmedia":[{"embeddable":true,"href":"https:\/\/toppikpolska.pl\/lt\/wp-json\/wp\/v2\/media\/10096"}],"wp:attachment":[{"href":"https:\/\/toppikpolska.pl\/lt\/wp-json\/wp\/v2\/media?parent=10095"}],"wp:term":[{"taxonomy":"product_brand","embeddable":true,"href":"https:\/\/toppikpolska.pl\/lt\/wp-json\/wp\/v2\/product_brand?post=10095"},{"taxonomy":"product_cat","embeddable":true,"href":"https:\/\/toppikpolska.pl\/lt\/wp-json\/wp\/v2\/product_cat?post=10095"},{"taxonomy":"product_tag","embeddable":true,"href":"https:\/\/toppikpolska.pl\/lt\/wp-json\/wp\/v2\/product_tag?post=10095"}],"curies":[{"name":"wp","href":"https:\/\/api.w.org\/{rel}","templated":true}]}}