{"id":10104,"date":"2025-05-30T16:08:00","date_gmt":"2025-05-30T14:08:00","guid":{"rendered":"https:\/\/toppikpolska.pl\/produkt\/mikropluostai-storina-plaukus-275-g-plauku-linijos-optimizatorius\/"},"modified":"2025-05-30T16:08:00","modified_gmt":"2025-05-30T14:08:00","slug":"mikropluostai-storina-plaukus-275-g-plauku-linijos-optimizatorius","status":"publish","type":"product","link":"https:\/\/toppikpolska.pl\/lt\/produkt\/mikropluostai-storina-plaukus-275-g-plauku-linijos-optimizatorius\/","title":{"rendered":"Mikropluo\u0161tai storina plaukus 27,5 g + plauk\u0173 linijos optimizatorius"},"content":{"rendered":"<p><strong>K\u0104 DAR TUR\u0116TUM\u0116TE \u017dINOTI?<\/strong><\/p>\n<p>Jei norite pasiekti dar labiau patenkinam\u0173 rezultat\u0173, rekomenduojama naudoti special\u0173 Toppik aplikatori\u0173.<br \/>\nToppik pluo\u0161tai yra atspar\u016bs lietui, v\u0117jui ir prakaitui, tod\u0117l suteiks vartotojui ilgalaik\u012f norim\u0105 efekt\u0105 nepriklausomai nuo oro s\u0105lyg\u0173. Jie yra net devyni\u0173 atspalvi\u0173, tod\u0117l galite juos derinti su beveik bet kokios spalvos plaukais. Produktas taip pat puikiai tinka vietin\u0117ms restauracijoms, maskuojant restauravimo sistem\u0173 priedus ir u\u017epildant plauk\u0173 defektus tarp da\u017eymo seans\u0173. Produktas lengvai nuplaunamas vandeniu ir \u0161amp\u016bnu.   <\/p>\n<h3>Efektyvus plauk\u0173 storinimas su 275 g pluo\u0161tais ir profesionaliomis \u0161ukomis<\/h3>\n<p>275 g plauk\u0173 pluo\u0161to rinkinys su plaukus storinan\u010diomis \u0161ukomis yra puikus sprendimas plon\u0173 ir ret\u0117jan\u010di\u0173 plauk\u0173 \u017emon\u0117ms, norintiems nat\u016braliai sustorinti \u0161ukuosen\u0105. Mikropluo\u0161tai plaukams puikiai prilimpa prie esam\u0173 plauk\u0173, sukurdami stor\u0173 plauk\u0173 efekt\u0105 be matom\u0173 \u017eymi\u0173. D\u0117l didelio pluo\u0161to kiekio rinkinys u\u017etikrina ilgalaik\u012f ir tolyg\u0173 plauk\u0173 sustor\u0117jim\u0105, o tai leid\u017eia vis\u0105 dien\u0105 d\u017eiaugtis pilnesne ir ve\u0161lesne \u0161ukuosena. Plauk\u0173 storinimo \u0161ukos skirtos tiksliam pluo\u0161to tepimui, tod\u0117l produkt\u0105 galima lengvai ir greitai paskirstyti ant galvos odos. \u0160is profesionalus rinkinys idealiai tinka tiek pradedantiesiems, tiek turintiems plauk\u0173 storinimo patirties, suteikiant nat\u016brali\u0105 ir esteti\u0161k\u0105 i\u0161vaizd\u0105.    <\/p>\n<h3>Profesionalus plauk\u0173 storinimo rinkinys nat\u016braliems ir ilgalaikiams rezultatams<\/h3>\n<p>275 g plauk\u0173 storinimo \u0161ukos yra universali priemon\u0117, palaikanti efektyv\u0173 plauk\u0173 stor\u0117jim\u0105 kiekviename prie\u017ei\u016bros etape. Mikropluo\u0161tai plaukams yra lengvai naudojami ir yra \u012fvairi\u0173 atspalvi\u0173, tod\u0117l puikiai dera prie nat\u016bralios plauk\u0173 spalvos ir padidina plauk\u0173 stor\u0117jimo efektyvum\u0105. Plauk\u0173 \u0161ukos pagamintos i\u0161 auk\u0161tos kokyb\u0117s med\u017eiag\u0173, u\u017etikrinan\u010di\u0173 ilgaam\u017ei\u0161kum\u0105 ir patogum\u0105 naudoti. D\u0117l ergonomi\u0161ko dizaino \u0161ukos leid\u017eia tiksliai ir tolygiai paskirstyti mikropluo\u0161tus, suma\u017eina produkt\u0173 atliek\u0173 kiek\u012f ir suteikia nat\u016bral\u0173 stor\u0173 plauk\u0173 efekt\u0105. \u0160is pilnas plauk\u0173 storinimo rinkinys yra esmin\u0117 kasdien\u0117s prie\u017ei\u016bros dalis tiems, kurie siekia pilnesni\u0173, sveikesni\u0173 plauk\u0173, i\u0161ry\u0161kindami j\u0173 nat\u016bral\u0173 gro\u017e\u012f ir didindami pasitik\u0117jim\u0105 savimi.    <\/p>\n","protected":false},"excerpt":{"rendered":"<p>Sutaupykite net 11 PLN pirkdami &#8222;Toppik Hair Fibers&#8221; 27,5 g rinkin\u012f ir &#8222;Toppik&#8221; optimizuojan\u010dias \u0161ukas!<\/p>\n<p><strong>KOKS PRODUKTAS APIB\u016aDINAMAS?<\/strong><br \/>\nToppik papildomi pluo\u0161tai gaminami da\u017eyt\u0173 keratino pluo\u0161t\u0173 pagrindu, kurie puikiai \u012fsiskverbia \u012f plaukus ir akimirksniu juos vizualiai sutir\u0161tina bei sutir\u0161tina.<br \/>\n&#8222;Toppik Optimizing Comb&#8221; yra produktas, leid\u017eiantis lengviau i\u0161laikyti nat\u016brali\u0105 plauk\u0173 linij\u0105 tepant &#8222;Toppik&#8221; pluo\u0161tus.<\/p>\n<p>PRODUKTO<br \/>\n <strong>NAUDOJIMO PRANA\u0160UMAI<\/strong>\u2022 Akimirksniu u\u017epildo ret\u0117jan\u010di\u0173 plauk\u0173<br \/>\n vietas\u2022 Padengia plauk\u0173<br \/>\n slinkim\u0105\u2022 Sukuria stor\u0173 ir stor\u0173 plauk\u0173<br \/>\n efekt\u0105\u2022 Puikiai papildo \u0161ukuosen\u0105 tarp da\u017eymo<br \/>\n seans\u0173\u2022 I\u0161vengia nenat\u016bralios \u0161ukuosenos i\u0161vaizdos u\u017etepus \u0161erelius<br \/>\n\u2022 Padaro plaukus nat\u016bralius ir storus<br \/>\n\u2022 Neleid\u017eia \u0161ereliams nukristi ant kaktos<\/p>\n<p>&nbsp;<\/p>\n","protected":false},"featured_media":7778,"comment_status":"closed","ping_status":"closed","template":"","meta":[],"product_brand":[],"product_cat":[37],"product_tag":[],"class_list":{"0":"post-10104","1":"product","2":"type-product","3":"status-publish","4":"has-post-thumbnail","6":"product_cat-bez-kategorii","8":"first","9":"instock","10":"shipping-taxable","11":"purchasable","12":"product-type-variable"},"yoast_head":"<!-- This site is optimized with the Yoast SEO plugin v26.6 - https:\/\/yoast.com\/wordpress\/plugins\/seo\/ -->\n<title>Mikropluo\u0161tai storina plaukus 27,5 g + plauk\u0173 linijos optimizatorius<\/title>\n<meta name=\"description\" content=\"Mikropluo\u0161tai storina plaukus 27,5 g + plauk\u0173 linijos optimizatorius - Keratino mikropluo\u0161tai storina plaukus | Toppik Polska!\" \/>\n<meta name=\"robots\" content=\"index, follow, max-snippet:-1, max-image-preview:large, max-video-preview:-1\" \/>\n<link rel=\"canonical\" href=\"https:\/\/toppikpolska.pl\/lt\/produkt\/mikropluostai-storina-plaukus-275-g-plauku-linijos-optimizatorius\/\" \/>\n<meta property=\"og:locale\" content=\"lt_LT\" \/>\n<meta property=\"og:type\" content=\"article\" \/>\n<meta property=\"og:title\" content=\"Mikropluo\u0161tai storina plaukus 27,5 g + plauk\u0173 linijos optimizatorius\" \/>\n<meta property=\"og:description\" content=\"Mikropluo\u0161tai storina plaukus 27,5 g + plauk\u0173 linijos optimizatorius - Keratino mikropluo\u0161tai storina plaukus | Toppik Polska!\" \/>\n<meta property=\"og:url\" content=\"https:\/\/toppikpolska.pl\/lt\/produkt\/mikropluostai-storina-plaukus-275-g-plauku-linijos-optimizatorius\/\" \/>\n<meta property=\"og:site_name\" content=\"Plauk\u0173 skaidulos, keratinas, stor\u0117jimas \u2014 Toppik Lietuva\" \/>\n<meta property=\"og:image\" content=\"https:\/\/toppikpolska.pl\/wp-content\/uploads\/2023\/11\/mikrowlokna-zageszczajace-toppik-275-grzebien-optimizer.jpg\" \/>\n\t<meta property=\"og:image:width\" content=\"900\" \/>\n\t<meta property=\"og:image:height\" content=\"900\" \/>\n\t<meta property=\"og:image:type\" content=\"image\/jpeg\" \/>\n<meta name=\"twitter:card\" content=\"summary_large_image\" \/>\n<meta name=\"twitter:label1\" content=\"Est. reading time\" \/>\n\t<meta name=\"twitter:data1\" content=\"2 minut\u0117s\" \/>\n<script type=\"application\/ld+json\" class=\"yoast-schema-graph\">{\"@context\":\"https:\/\/schema.org\",\"@graph\":[{\"@type\":\"WebPage\",\"@id\":\"https:\/\/toppikpolska.pl\/lt\/produkt\/mikropluostai-storina-plaukus-275-g-plauku-linijos-optimizatorius\/\",\"url\":\"https:\/\/toppikpolska.pl\/lt\/produkt\/mikropluostai-storina-plaukus-275-g-plauku-linijos-optimizatorius\/\",\"name\":\"Mikropluo\u0161tai storina plaukus 27,5 g + plauk\u0173 linijos optimizatorius\",\"isPartOf\":{\"@id\":\"https:\/\/toppikpolska.pl\/lt\/#website\"},\"primaryImageOfPage\":{\"@id\":\"https:\/\/toppikpolska.pl\/lt\/produkt\/mikropluostai-storina-plaukus-275-g-plauku-linijos-optimizatorius\/#primaryimage\"},\"image\":{\"@id\":\"https:\/\/toppikpolska.pl\/lt\/produkt\/mikropluostai-storina-plaukus-275-g-plauku-linijos-optimizatorius\/#primaryimage\"},\"thumbnailUrl\":\"https:\/\/toppikpolska.pl\/wp-content\/uploads\/2023\/11\/mikrowlokna-zageszczajace-toppik-275-grzebien-optimizer.jpg\",\"datePublished\":\"2025-05-30T14:08:00+00:00\",\"description\":\"Mikropluo\u0161tai storina plaukus 27,5 g + plauk\u0173 linijos optimizatorius - Keratino mikropluo\u0161tai storina plaukus | Toppik Polska!\",\"breadcrumb\":{\"@id\":\"https:\/\/toppikpolska.pl\/lt\/produkt\/mikropluostai-storina-plaukus-275-g-plauku-linijos-optimizatorius\/#breadcrumb\"},\"inLanguage\":\"lt-LT\",\"potentialAction\":[{\"@type\":\"ReadAction\",\"target\":[\"https:\/\/toppikpolska.pl\/lt\/produkt\/mikropluostai-storina-plaukus-275-g-plauku-linijos-optimizatorius\/\"]}]},{\"@type\":\"ImageObject\",\"inLanguage\":\"lt-LT\",\"@id\":\"https:\/\/toppikpolska.pl\/lt\/produkt\/mikropluostai-storina-plaukus-275-g-plauku-linijos-optimizatorius\/#primaryimage\",\"url\":\"https:\/\/toppikpolska.pl\/wp-content\/uploads\/2023\/11\/mikrowlokna-zageszczajace-toppik-275-grzebien-optimizer.jpg\",\"contentUrl\":\"https:\/\/toppikpolska.pl\/wp-content\/uploads\/2023\/11\/mikrowlokna-zageszczajace-toppik-275-grzebien-optimizer.jpg\",\"width\":900,\"height\":900,\"caption\":\"Mikropluo\u0161tai storina plaukus 27,5g + \u0161ukos optimizatorius\"},{\"@type\":\"BreadcrumbList\",\"@id\":\"https:\/\/toppikpolska.pl\/lt\/produkt\/mikropluostai-storina-plaukus-275-g-plauku-linijos-optimizatorius\/#breadcrumb\",\"itemListElement\":[{\"@type\":\"ListItem\",\"position\":1,\"name\":\"Pagrindinis puslapis\",\"item\":\"https:\/\/toppikpolska.pl\/lt\/\"},{\"@type\":\"ListItem\",\"position\":2,\"name\":\"Parduotuv\u0117\",\"item\":\"https:\/\/toppikpolska.pl\/lt\/parduotuve\/\"},{\"@type\":\"ListItem\",\"position\":3,\"name\":\"Mikropluo\u0161tai storina plaukus 27,5 g + plauk\u0173 linijos optimizatorius\"}]},{\"@type\":\"WebSite\",\"@id\":\"https:\/\/toppikpolska.pl\/lt\/#website\",\"url\":\"https:\/\/toppikpolska.pl\/lt\/\",\"name\":\"Plauk\u0173 skaidulos, keratinas, stor\u0117jimas \u2014 Toppik Lietuva\",\"description\":\"\",\"publisher\":{\"@id\":\"https:\/\/toppikpolska.pl\/lt\/#organization\"},\"potentialAction\":[{\"@type\":\"SearchAction\",\"target\":{\"@type\":\"EntryPoint\",\"urlTemplate\":\"https:\/\/toppikpolska.pl\/lt\/?s={search_term_string}\"},\"query-input\":{\"@type\":\"PropertyValueSpecification\",\"valueRequired\":true,\"valueName\":\"search_term_string\"}}],\"inLanguage\":\"lt-LT\"},{\"@type\":\"Organization\",\"@id\":\"https:\/\/toppikpolska.pl\/lt\/#organization\",\"name\":\"Plauk\u0173 skaidulos, keratinas, stor\u0117jimas \u2014 Toppik Lietuva\",\"url\":\"https:\/\/toppikpolska.pl\/lt\/\",\"logo\":{\"@type\":\"ImageObject\",\"inLanguage\":\"lt-LT\",\"@id\":\"https:\/\/toppikpolska.pl\/lt\/#\/schema\/logo\/image\/\",\"url\":\"https:\/\/toppikpolska.pl\/wp-content\/uploads\/2023\/09\/logo.png\",\"contentUrl\":\"https:\/\/toppikpolska.pl\/wp-content\/uploads\/2023\/09\/logo.png\",\"width\":105,\"height\":57,\"caption\":\"Plauk\u0173 skaidulos, keratinas, stor\u0117jimas \u2014 Toppik Lietuva\"},\"image\":{\"@id\":\"https:\/\/toppikpolska.pl\/lt\/#\/schema\/logo\/image\/\"}}]}<\/script>\n<!-- \/ Yoast SEO plugin. -->","yoast_head_json":{"title":"Mikropluo\u0161tai storina plaukus 27,5 g + plauk\u0173 linijos optimizatorius","description":"Mikropluo\u0161tai storina plaukus 27,5 g + plauk\u0173 linijos optimizatorius - Keratino mikropluo\u0161tai storina plaukus | Toppik Polska!","robots":{"index":"index","follow":"follow","max-snippet":"max-snippet:-1","max-image-preview":"max-image-preview:large","max-video-preview":"max-video-preview:-1"},"canonical":"https:\/\/toppikpolska.pl\/lt\/produkt\/mikropluostai-storina-plaukus-275-g-plauku-linijos-optimizatorius\/","og_locale":"lt_LT","og_type":"article","og_title":"Mikropluo\u0161tai storina plaukus 27,5 g + plauk\u0173 linijos optimizatorius","og_description":"Mikropluo\u0161tai storina plaukus 27,5 g + plauk\u0173 linijos optimizatorius - Keratino mikropluo\u0161tai storina plaukus | Toppik Polska!","og_url":"https:\/\/toppikpolska.pl\/lt\/produkt\/mikropluostai-storina-plaukus-275-g-plauku-linijos-optimizatorius\/","og_site_name":"Plauk\u0173 skaidulos, keratinas, stor\u0117jimas \u2014 Toppik Lietuva","og_image":[{"width":900,"height":900,"url":"https:\/\/toppikpolska.pl\/wp-content\/uploads\/2023\/11\/mikrowlokna-zageszczajace-toppik-275-grzebien-optimizer.jpg","type":"image\/jpeg"}],"twitter_card":"summary_large_image","twitter_misc":{"Est. reading time":"2 minut\u0117s"},"schema":{"@context":"https:\/\/schema.org","@graph":[{"@type":"WebPage","@id":"https:\/\/toppikpolska.pl\/lt\/produkt\/mikropluostai-storina-plaukus-275-g-plauku-linijos-optimizatorius\/","url":"https:\/\/toppikpolska.pl\/lt\/produkt\/mikropluostai-storina-plaukus-275-g-plauku-linijos-optimizatorius\/","name":"Mikropluo\u0161tai storina plaukus 27,5 g + plauk\u0173 linijos optimizatorius","isPartOf":{"@id":"https:\/\/toppikpolska.pl\/lt\/#website"},"primaryImageOfPage":{"@id":"https:\/\/toppikpolska.pl\/lt\/produkt\/mikropluostai-storina-plaukus-275-g-plauku-linijos-optimizatorius\/#primaryimage"},"image":{"@id":"https:\/\/toppikpolska.pl\/lt\/produkt\/mikropluostai-storina-plaukus-275-g-plauku-linijos-optimizatorius\/#primaryimage"},"thumbnailUrl":"https:\/\/toppikpolska.pl\/wp-content\/uploads\/2023\/11\/mikrowlokna-zageszczajace-toppik-275-grzebien-optimizer.jpg","datePublished":"2025-05-30T14:08:00+00:00","description":"Mikropluo\u0161tai storina plaukus 27,5 g + plauk\u0173 linijos optimizatorius - Keratino mikropluo\u0161tai storina plaukus | Toppik Polska!","breadcrumb":{"@id":"https:\/\/toppikpolska.pl\/lt\/produkt\/mikropluostai-storina-plaukus-275-g-plauku-linijos-optimizatorius\/#breadcrumb"},"inLanguage":"lt-LT","potentialAction":[{"@type":"ReadAction","target":["https:\/\/toppikpolska.pl\/lt\/produkt\/mikropluostai-storina-plaukus-275-g-plauku-linijos-optimizatorius\/"]}]},{"@type":"ImageObject","inLanguage":"lt-LT","@id":"https:\/\/toppikpolska.pl\/lt\/produkt\/mikropluostai-storina-plaukus-275-g-plauku-linijos-optimizatorius\/#primaryimage","url":"https:\/\/toppikpolska.pl\/wp-content\/uploads\/2023\/11\/mikrowlokna-zageszczajace-toppik-275-grzebien-optimizer.jpg","contentUrl":"https:\/\/toppikpolska.pl\/wp-content\/uploads\/2023\/11\/mikrowlokna-zageszczajace-toppik-275-grzebien-optimizer.jpg","width":900,"height":900,"caption":"Mikropluo\u0161tai storina plaukus 27,5g + \u0161ukos optimizatorius"},{"@type":"BreadcrumbList","@id":"https:\/\/toppikpolska.pl\/lt\/produkt\/mikropluostai-storina-plaukus-275-g-plauku-linijos-optimizatorius\/#breadcrumb","itemListElement":[{"@type":"ListItem","position":1,"name":"Pagrindinis puslapis","item":"https:\/\/toppikpolska.pl\/lt\/"},{"@type":"ListItem","position":2,"name":"Parduotuv\u0117","item":"https:\/\/toppikpolska.pl\/lt\/parduotuve\/"},{"@type":"ListItem","position":3,"name":"Mikropluo\u0161tai storina plaukus 27,5 g + plauk\u0173 linijos optimizatorius"}]},{"@type":"WebSite","@id":"https:\/\/toppikpolska.pl\/lt\/#website","url":"https:\/\/toppikpolska.pl\/lt\/","name":"Plauk\u0173 skaidulos, keratinas, stor\u0117jimas \u2014 Toppik Lietuva","description":"","publisher":{"@id":"https:\/\/toppikpolska.pl\/lt\/#organization"},"potentialAction":[{"@type":"SearchAction","target":{"@type":"EntryPoint","urlTemplate":"https:\/\/toppikpolska.pl\/lt\/?s={search_term_string}"},"query-input":{"@type":"PropertyValueSpecification","valueRequired":true,"valueName":"search_term_string"}}],"inLanguage":"lt-LT"},{"@type":"Organization","@id":"https:\/\/toppikpolska.pl\/lt\/#organization","name":"Plauk\u0173 skaidulos, keratinas, stor\u0117jimas \u2014 Toppik Lietuva","url":"https:\/\/toppikpolska.pl\/lt\/","logo":{"@type":"ImageObject","inLanguage":"lt-LT","@id":"https:\/\/toppikpolska.pl\/lt\/#\/schema\/logo\/image\/","url":"https:\/\/toppikpolska.pl\/wp-content\/uploads\/2023\/09\/logo.png","contentUrl":"https:\/\/toppikpolska.pl\/wp-content\/uploads\/2023\/09\/logo.png","width":105,"height":57,"caption":"Plauk\u0173 skaidulos, keratinas, stor\u0117jimas \u2014 Toppik Lietuva"},"image":{"@id":"https:\/\/toppikpolska.pl\/lt\/#\/schema\/logo\/image\/"}}]}},"_links":{"self":[{"href":"https:\/\/toppikpolska.pl\/lt\/wp-json\/wp\/v2\/product\/10104","targetHints":{"allow":["GET"]}}],"collection":[{"href":"https:\/\/toppikpolska.pl\/lt\/wp-json\/wp\/v2\/product"}],"about":[{"href":"https:\/\/toppikpolska.pl\/lt\/wp-json\/wp\/v2\/types\/product"}],"replies":[{"embeddable":true,"href":"https:\/\/toppikpolska.pl\/lt\/wp-json\/wp\/v2\/comments?post=10104"}],"wp:featuredmedia":[{"embeddable":true,"href":"https:\/\/toppikpolska.pl\/lt\/wp-json\/wp\/v2\/media\/7778"}],"wp:attachment":[{"href":"https:\/\/toppikpolska.pl\/lt\/wp-json\/wp\/v2\/media?parent=10104"}],"wp:term":[{"taxonomy":"product_brand","embeddable":true,"href":"https:\/\/toppikpolska.pl\/lt\/wp-json\/wp\/v2\/product_brand?post=10104"},{"taxonomy":"product_cat","embeddable":true,"href":"https:\/\/toppikpolska.pl\/lt\/wp-json\/wp\/v2\/product_cat?post=10104"},{"taxonomy":"product_tag","embeddable":true,"href":"https:\/\/toppikpolska.pl\/lt\/wp-json\/wp\/v2\/product_tag?post=10104"}],"curies":[{"name":"wp","href":"https:\/\/api.w.org\/{rel}","templated":true}]}}