{"id":10116,"date":"2019-02-19T18:29:08","date_gmt":"2019-02-19T17:29:08","guid":{"rendered":"https:\/\/toppikpolska.pl\/produkt\/toppik-keratino-mikropluostai-storina-plaukus\/"},"modified":"2019-02-19T18:29:08","modified_gmt":"2019-02-19T17:29:08","slug":"toppik-keratino-mikropluostai-storina-plaukus","status":"publish","type":"product","link":"https:\/\/toppikpolska.pl\/lt\/produkt\/toppik-keratino-mikropluostai-storina-plaukus\/","title":{"rendered":"Toppik keratino mikropluo\u0161tai storina plaukus"},"content":{"rendered":"<h3>Revoliuciniai mikropluo\u0161tai plaukams storinti<\/h3>\n<p>Plauk\u0173 mikropluo\u0161tai su plauk\u0173 formavimo pluo\u0161tais yra novatori\u0161kas sprendimas \u017emon\u0117ms, norintiems greito plauk\u0173 storinimo efekto. D\u0117l unikalios mikropluo\u0161to strukt\u016bros produktas puikiai prilimpa prie esam\u0173 plauk\u0173, sukurdamas nat\u016braliai atrodant\u012f tankio sluoksn\u012f. Mikropluo\u0161tai plaukams storinti yra lengvai tepami ir yra \u012fvairi\u0173 atspalvi\u0173, tod\u0117l puikiai der\u0117s prie nat\u016brali\u0173 plauk\u0173 spalvos. Produktas yra atsparus vandeniui ir patvarus, o tai garantuoja ilgalaik\u012f poveik\u012f net fizinio kr\u016bvio ar lietingo oro metu. Reguliarus mikropluo\u0161to naudojimas skatina optin\u012f plauk\u0173 sustor\u0117jim\u0105, didina pasitik\u0117jim\u0105 savimi ir pagerina \u0161ukuosenos i\u0161vaizd\u0105 be chirurgin\u0117s intervencijos.    <\/p>\n<h3>Profesionalus plauk\u0173 storinimas namuose<\/h3>\n<p>Plaukus formuojantys pluo\u0161tai leid\u017eia profesionaliai sutankinti plaukus nei\u0161einant i\u0161 nam\u0173. Tikslaus aplikatoriaus d\u0117ka plauk\u0173 mikropluo\u0161tai gali b\u016bti tolygiai paskirstyti ant galvos odos, o tai u\u017etikrina vienod\u0105 ir nat\u016bral\u0173 rezultat\u0105. Produktas puikiai veikia su kitais m\u016bs\u0173 internetin\u0117je parduotuv\u0117je esan\u010diais plauk\u0173 prie\u017ei\u016bros reikmenimis, tokiais kaip \u0161ukos ar stiprinantys \u0161amp\u016bnai. Plaukus storinantys mikropluo\u0161tai taip pat suderinami su \u012fvairiais stiliais, tod\u0117l galite sukurti norim\u0105 \u0161ukuosen\u0105 nesijaudindami d\u0117l jos i\u0161laikymo vis\u0105 dien\u0105. Su plauk\u0173 formavimo pluo\u0161tais kiekvienas gali d\u017eiaugtis storais ir sveikai atrodan\u010diais plaukais, kurie suteikia \u017eavesio ir sustiprina nat\u016bral\u0173 gro\u017e\u012f.    <\/p>\n","protected":false},"excerpt":{"rendered":"<p><strong>KOKS PRODUKTAS APIB\u016aDINAMAS?<\/strong><br \/>\nToppik papildomi pluo\u0161tai gaminami da\u017eyt\u0173 keratino pluo\u0161t\u0173 pagrindu, kurie puikiai prasiskverbia \u012f plaukus ir akimirksniu juos vizualiai sutir\u0161tina bei sutir\u0161tina.<\/p>\n<p>PRODUKTO<br \/>\n <strong>NAUDOJIMO PRANA\u0160UMAI<\/strong>\u2022 Akimirksniu u\u017epildo ret\u0117jan\u010di\u0173 plauk\u0173<br \/>\n vietas\u2022 Padengia plauk\u0173<br \/>\n slinkim\u0105\u2022 Sukuria stor\u0173 ir stor\u0173 plauk\u0173<br \/>\n efekt\u0105\u2022 Puikiai tinka kaip \u0161ukuosenos papildymas tarp da\u017eymo seans\u0173<\/p>\n<p><strong>K\u0104 DAR TUR\u0116TUM\u0116TE \u017dINOTI?<\/strong><br \/>\nToppik pluo\u0161tai yra atspar\u016bs lietui, v\u0117jui ir prakaitui, tod\u0117l suteiks vartotojui ilgalaik\u012f norim\u0105 efekt\u0105 nepriklausomai nuo oro s\u0105lyg\u0173. Jie yra net devyni\u0173 atspalvi\u0173, tod\u0117l galite juos derinti su beveik bet kokios spalvos plaukais. Produktas taip pat puikiai tinka vietin\u0117ms restauracijoms, maskuojant restauravimo sistem\u0173 priedus ir u\u017epildant plauk\u0173 defektus tarp da\u017eymo seans\u0173. Produktas lengvai nuplaunamas vandeniu ir \u0161amp\u016bnu.   <\/p>\n","protected":false},"featured_media":10118,"comment_status":"closed","ping_status":"closed","template":"","meta":[],"product_brand":[],"product_cat":[37],"product_tag":[],"class_list":{"0":"post-10116","1":"product","2":"type-product","3":"status-publish","4":"has-post-thumbnail","6":"product_cat-bez-kategorii","8":"first","9":"instock","10":"shipping-taxable","11":"purchasable","12":"product-type-variable"},"yoast_head":"<!-- This site is optimized with the Yoast SEO plugin v26.6 - https:\/\/yoast.com\/wordpress\/plugins\/seo\/ -->\n<title>Toppik keratino mikropluo\u0161tai storina plaukus<\/title>\n<meta name=\"description\" content=\"Toppik keratino mikropluo\u0161tai storina plaukus - Keratino mikropluo\u0161tai storina plaukus | Toppik Polska!\" \/>\n<meta name=\"robots\" content=\"index, follow, max-snippet:-1, max-image-preview:large, max-video-preview:-1\" \/>\n<link rel=\"canonical\" href=\"https:\/\/toppikpolska.pl\/lt\/produkt\/toppik-keratino-mikropluostai-storina-plaukus\/\" \/>\n<meta property=\"og:locale\" content=\"lt_LT\" \/>\n<meta property=\"og:type\" content=\"article\" \/>\n<meta property=\"og:title\" content=\"Toppik keratino mikropluo\u0161tai storina plaukus\" \/>\n<meta property=\"og:description\" content=\"Toppik keratino mikropluo\u0161tai storina plaukus - Keratino mikropluo\u0161tai storina plaukus | Toppik Polska!\" \/>\n<meta property=\"og:url\" content=\"https:\/\/toppikpolska.pl\/lt\/produkt\/toppik-keratino-mikropluostai-storina-plaukus\/\" \/>\n<meta property=\"og:site_name\" content=\"Plauk\u0173 skaidulos, keratinas, stor\u0117jimas \u2014 Toppik Lietuva\" \/>\n<meta property=\"og:image\" content=\"https:\/\/toppikpolska.pl\/wp-content\/uploads\/2025\/03\/tpk-site_pdp_productphotos_hbf_bestvalue_final_1.jpg\" \/>\n\t<meta property=\"og:image:width\" content=\"700\" \/>\n\t<meta property=\"og:image:height\" content=\"700\" \/>\n\t<meta property=\"og:image:type\" content=\"image\/jpeg\" \/>\n<meta name=\"twitter:card\" content=\"summary_large_image\" \/>\n<meta name=\"twitter:label1\" content=\"Est. reading time\" \/>\n\t<meta name=\"twitter:data1\" content=\"1 minut\u0117\" \/>\n<script type=\"application\/ld+json\" class=\"yoast-schema-graph\">{\"@context\":\"https:\/\/schema.org\",\"@graph\":[{\"@type\":\"WebPage\",\"@id\":\"https:\/\/toppikpolska.pl\/lt\/produkt\/toppik-keratino-mikropluostai-storina-plaukus\/\",\"url\":\"https:\/\/toppikpolska.pl\/lt\/produkt\/toppik-keratino-mikropluostai-storina-plaukus\/\",\"name\":\"Toppik keratino mikropluo\u0161tai storina plaukus\",\"isPartOf\":{\"@id\":\"https:\/\/toppikpolska.pl\/lt\/#website\"},\"primaryImageOfPage\":{\"@id\":\"https:\/\/toppikpolska.pl\/lt\/produkt\/toppik-keratino-mikropluostai-storina-plaukus\/#primaryimage\"},\"image\":{\"@id\":\"https:\/\/toppikpolska.pl\/lt\/produkt\/toppik-keratino-mikropluostai-storina-plaukus\/#primaryimage\"},\"thumbnailUrl\":\"https:\/\/toppikpolska.pl\/wp-content\/uploads\/2025\/03\/tpk-site_pdp_productphotos_hbf_bestvalue_final_1.jpg\",\"datePublished\":\"2019-02-19T17:29:08+00:00\",\"description\":\"Toppik keratino mikropluo\u0161tai storina plaukus - Keratino mikropluo\u0161tai storina plaukus | Toppik Polska!\",\"breadcrumb\":{\"@id\":\"https:\/\/toppikpolska.pl\/lt\/produkt\/toppik-keratino-mikropluostai-storina-plaukus\/#breadcrumb\"},\"inLanguage\":\"lt-LT\",\"potentialAction\":[{\"@type\":\"ReadAction\",\"target\":[\"https:\/\/toppikpolska.pl\/lt\/produkt\/toppik-keratino-mikropluostai-storina-plaukus\/\"]}]},{\"@type\":\"ImageObject\",\"inLanguage\":\"lt-LT\",\"@id\":\"https:\/\/toppikpolska.pl\/lt\/produkt\/toppik-keratino-mikropluostai-storina-plaukus\/#primaryimage\",\"url\":\"https:\/\/toppikpolska.pl\/wp-content\/uploads\/2025\/03\/tpk-site_pdp_productphotos_hbf_bestvalue_final_1.jpg\",\"contentUrl\":\"https:\/\/toppikpolska.pl\/wp-content\/uploads\/2025\/03\/tpk-site_pdp_productphotos_hbf_bestvalue_final_1.jpg\",\"width\":700,\"height\":700},{\"@type\":\"BreadcrumbList\",\"@id\":\"https:\/\/toppikpolska.pl\/lt\/produkt\/toppik-keratino-mikropluostai-storina-plaukus\/#breadcrumb\",\"itemListElement\":[{\"@type\":\"ListItem\",\"position\":1,\"name\":\"Pagrindinis puslapis\",\"item\":\"https:\/\/toppikpolska.pl\/lt\/\"},{\"@type\":\"ListItem\",\"position\":2,\"name\":\"Parduotuv\u0117\",\"item\":\"https:\/\/toppikpolska.pl\/lt\/parduotuve\/\"},{\"@type\":\"ListItem\",\"position\":3,\"name\":\"Toppik keratino mikropluo\u0161tai storina plaukus\"}]},{\"@type\":\"WebSite\",\"@id\":\"https:\/\/toppikpolska.pl\/lt\/#website\",\"url\":\"https:\/\/toppikpolska.pl\/lt\/\",\"name\":\"Plauk\u0173 skaidulos, keratinas, stor\u0117jimas \u2014 Toppik Lietuva\",\"description\":\"\",\"publisher\":{\"@id\":\"https:\/\/toppikpolska.pl\/lt\/#organization\"},\"potentialAction\":[{\"@type\":\"SearchAction\",\"target\":{\"@type\":\"EntryPoint\",\"urlTemplate\":\"https:\/\/toppikpolska.pl\/lt\/?s={search_term_string}\"},\"query-input\":{\"@type\":\"PropertyValueSpecification\",\"valueRequired\":true,\"valueName\":\"search_term_string\"}}],\"inLanguage\":\"lt-LT\"},{\"@type\":\"Organization\",\"@id\":\"https:\/\/toppikpolska.pl\/lt\/#organization\",\"name\":\"Plauk\u0173 skaidulos, keratinas, stor\u0117jimas \u2014 Toppik Lietuva\",\"url\":\"https:\/\/toppikpolska.pl\/lt\/\",\"logo\":{\"@type\":\"ImageObject\",\"inLanguage\":\"lt-LT\",\"@id\":\"https:\/\/toppikpolska.pl\/lt\/#\/schema\/logo\/image\/\",\"url\":\"https:\/\/toppikpolska.pl\/wp-content\/uploads\/2023\/09\/logo.png\",\"contentUrl\":\"https:\/\/toppikpolska.pl\/wp-content\/uploads\/2023\/09\/logo.png\",\"width\":105,\"height\":57,\"caption\":\"Plauk\u0173 skaidulos, keratinas, stor\u0117jimas \u2014 Toppik Lietuva\"},\"image\":{\"@id\":\"https:\/\/toppikpolska.pl\/lt\/#\/schema\/logo\/image\/\"}}]}<\/script>\n<!-- \/ Yoast SEO plugin. -->","yoast_head_json":{"title":"Toppik keratino mikropluo\u0161tai storina plaukus","description":"Toppik keratino mikropluo\u0161tai storina plaukus - Keratino mikropluo\u0161tai storina plaukus | Toppik Polska!","robots":{"index":"index","follow":"follow","max-snippet":"max-snippet:-1","max-image-preview":"max-image-preview:large","max-video-preview":"max-video-preview:-1"},"canonical":"https:\/\/toppikpolska.pl\/lt\/produkt\/toppik-keratino-mikropluostai-storina-plaukus\/","og_locale":"lt_LT","og_type":"article","og_title":"Toppik keratino mikropluo\u0161tai storina plaukus","og_description":"Toppik keratino mikropluo\u0161tai storina plaukus - Keratino mikropluo\u0161tai storina plaukus | Toppik Polska!","og_url":"https:\/\/toppikpolska.pl\/lt\/produkt\/toppik-keratino-mikropluostai-storina-plaukus\/","og_site_name":"Plauk\u0173 skaidulos, keratinas, stor\u0117jimas \u2014 Toppik Lietuva","og_image":[{"width":700,"height":700,"url":"https:\/\/toppikpolska.pl\/wp-content\/uploads\/2025\/03\/tpk-site_pdp_productphotos_hbf_bestvalue_final_1.jpg","type":"image\/jpeg"}],"twitter_card":"summary_large_image","twitter_misc":{"Est. reading time":"1 minut\u0117"},"schema":{"@context":"https:\/\/schema.org","@graph":[{"@type":"WebPage","@id":"https:\/\/toppikpolska.pl\/lt\/produkt\/toppik-keratino-mikropluostai-storina-plaukus\/","url":"https:\/\/toppikpolska.pl\/lt\/produkt\/toppik-keratino-mikropluostai-storina-plaukus\/","name":"Toppik keratino mikropluo\u0161tai storina plaukus","isPartOf":{"@id":"https:\/\/toppikpolska.pl\/lt\/#website"},"primaryImageOfPage":{"@id":"https:\/\/toppikpolska.pl\/lt\/produkt\/toppik-keratino-mikropluostai-storina-plaukus\/#primaryimage"},"image":{"@id":"https:\/\/toppikpolska.pl\/lt\/produkt\/toppik-keratino-mikropluostai-storina-plaukus\/#primaryimage"},"thumbnailUrl":"https:\/\/toppikpolska.pl\/wp-content\/uploads\/2025\/03\/tpk-site_pdp_productphotos_hbf_bestvalue_final_1.jpg","datePublished":"2019-02-19T17:29:08+00:00","description":"Toppik keratino mikropluo\u0161tai storina plaukus - Keratino mikropluo\u0161tai storina plaukus | Toppik Polska!","breadcrumb":{"@id":"https:\/\/toppikpolska.pl\/lt\/produkt\/toppik-keratino-mikropluostai-storina-plaukus\/#breadcrumb"},"inLanguage":"lt-LT","potentialAction":[{"@type":"ReadAction","target":["https:\/\/toppikpolska.pl\/lt\/produkt\/toppik-keratino-mikropluostai-storina-plaukus\/"]}]},{"@type":"ImageObject","inLanguage":"lt-LT","@id":"https:\/\/toppikpolska.pl\/lt\/produkt\/toppik-keratino-mikropluostai-storina-plaukus\/#primaryimage","url":"https:\/\/toppikpolska.pl\/wp-content\/uploads\/2025\/03\/tpk-site_pdp_productphotos_hbf_bestvalue_final_1.jpg","contentUrl":"https:\/\/toppikpolska.pl\/wp-content\/uploads\/2025\/03\/tpk-site_pdp_productphotos_hbf_bestvalue_final_1.jpg","width":700,"height":700},{"@type":"BreadcrumbList","@id":"https:\/\/toppikpolska.pl\/lt\/produkt\/toppik-keratino-mikropluostai-storina-plaukus\/#breadcrumb","itemListElement":[{"@type":"ListItem","position":1,"name":"Pagrindinis puslapis","item":"https:\/\/toppikpolska.pl\/lt\/"},{"@type":"ListItem","position":2,"name":"Parduotuv\u0117","item":"https:\/\/toppikpolska.pl\/lt\/parduotuve\/"},{"@type":"ListItem","position":3,"name":"Toppik keratino mikropluo\u0161tai storina plaukus"}]},{"@type":"WebSite","@id":"https:\/\/toppikpolska.pl\/lt\/#website","url":"https:\/\/toppikpolska.pl\/lt\/","name":"Plauk\u0173 skaidulos, keratinas, stor\u0117jimas \u2014 Toppik Lietuva","description":"","publisher":{"@id":"https:\/\/toppikpolska.pl\/lt\/#organization"},"potentialAction":[{"@type":"SearchAction","target":{"@type":"EntryPoint","urlTemplate":"https:\/\/toppikpolska.pl\/lt\/?s={search_term_string}"},"query-input":{"@type":"PropertyValueSpecification","valueRequired":true,"valueName":"search_term_string"}}],"inLanguage":"lt-LT"},{"@type":"Organization","@id":"https:\/\/toppikpolska.pl\/lt\/#organization","name":"Plauk\u0173 skaidulos, keratinas, stor\u0117jimas \u2014 Toppik Lietuva","url":"https:\/\/toppikpolska.pl\/lt\/","logo":{"@type":"ImageObject","inLanguage":"lt-LT","@id":"https:\/\/toppikpolska.pl\/lt\/#\/schema\/logo\/image\/","url":"https:\/\/toppikpolska.pl\/wp-content\/uploads\/2023\/09\/logo.png","contentUrl":"https:\/\/toppikpolska.pl\/wp-content\/uploads\/2023\/09\/logo.png","width":105,"height":57,"caption":"Plauk\u0173 skaidulos, keratinas, stor\u0117jimas \u2014 Toppik Lietuva"},"image":{"@id":"https:\/\/toppikpolska.pl\/lt\/#\/schema\/logo\/image\/"}}]}},"_links":{"self":[{"href":"https:\/\/toppikpolska.pl\/lt\/wp-json\/wp\/v2\/product\/10116","targetHints":{"allow":["GET"]}}],"collection":[{"href":"https:\/\/toppikpolska.pl\/lt\/wp-json\/wp\/v2\/product"}],"about":[{"href":"https:\/\/toppikpolska.pl\/lt\/wp-json\/wp\/v2\/types\/product"}],"replies":[{"embeddable":true,"href":"https:\/\/toppikpolska.pl\/lt\/wp-json\/wp\/v2\/comments?post=10116"}],"wp:featuredmedia":[{"embeddable":true,"href":"https:\/\/toppikpolska.pl\/lt\/wp-json\/wp\/v2\/media\/10118"}],"wp:attachment":[{"href":"https:\/\/toppikpolska.pl\/lt\/wp-json\/wp\/v2\/media?parent=10116"}],"wp:term":[{"taxonomy":"product_brand","embeddable":true,"href":"https:\/\/toppikpolska.pl\/lt\/wp-json\/wp\/v2\/product_brand?post=10116"},{"taxonomy":"product_cat","embeddable":true,"href":"https:\/\/toppikpolska.pl\/lt\/wp-json\/wp\/v2\/product_cat?post=10116"},{"taxonomy":"product_tag","embeddable":true,"href":"https:\/\/toppikpolska.pl\/lt\/wp-json\/wp\/v2\/product_tag?post=10116"}],"curies":[{"name":"wp","href":"https:\/\/api.w.org\/{rel}","templated":true}]}}