{"id":10178,"date":"2025-05-30T15:15:12","date_gmt":"2025-05-30T13:15:12","guid":{"rendered":"https:\/\/toppikpolska.pl\/produkt\/toppik-keratino-pluosto-rinkinys-2x-27-5g\/"},"modified":"2025-05-30T15:15:12","modified_gmt":"2025-05-30T13:15:12","slug":"toppik-keratino-pluosto-rinkinys-2x-27-5g","status":"publish","type":"product","link":"https:\/\/toppikpolska.pl\/lt\/produkt\/toppik-keratino-pluosto-rinkinys-2x-27-5g\/","title":{"rendered":"Toppik keratino pluo\u0161to RINKINYS 2x 27.5g"},"content":{"rendered":"<h4><strong>K\u0104 DAR TUR\u0116TUM\u0116TE \u017dINOTI?<\/strong><\/h4>\n<p>Toppik pluo\u0161tai yra atspar\u016bs lietui, v\u0117jui ir prakaitui, tod\u0117l suteiks vartotojui ilgalaik\u012f norim\u0105 efekt\u0105 nepriklausomai nuo oro s\u0105lyg\u0173. Jie yra net devyni\u0173 atspalvi\u0173, tod\u0117l galite juos derinti su beveik bet kokios spalvos plaukais. Produktas taip pat puikiai tinka vietin\u0117ms restauracijoms, maskuojant restauravimo sistem\u0173 priedus ir u\u017epildant plauk\u0173 defektus tarp da\u017eymo seans\u0173. Produktas lengvai nuplaunamas vandeniu ir \u0161amp\u016bnu.   <\/p>\n<h3>Didelis na\u0161umas ir ilgalaikiai rezultatai su Toppik 2 x 27,5 g pluo\u0161tais<\/h3>\n<p>Toppik 2 x 27,5 g plauk\u0173 pluo\u0161tai yra puikus sprendimas plon\u0173 ir ret\u0117jan\u010di\u0173 plauk\u0173 \u017emon\u0117ms, norintiems efektyviai sustorinti \u0161ukuosen\u0105. D\u0117l didel\u0117s rinkinio talpos plauk\u0173 mikropluo\u0161tai u\u017etikrina ilgalaik\u012f plauk\u0173 papildym\u0105, o tai leid\u017eia reguliariai storinti plaukus be da\u017eno papildymo. Toppik plauk\u0173 pluo\u0161tus lengva tepti, o tai leid\u017eia greitai ir efektyviai sustorinti plaukus namuose. Produktas yra \u012fvairi\u0173 atspalvi\u0173, tod\u0117l jis puikiai dera prie j\u016bs\u0173 nat\u016bralios plauk\u0173 spalvos, u\u017etikrina nat\u016brali\u0105 ir esteti\u0161k\u0105 stor\u0173 plauk\u0173 i\u0161vaizd\u0105. Naudojant Toppik pluo\u0161tus, plauk\u0173 storinimas tampa paprastesnis ir efektyvesnis, padidina pasitik\u0117jim\u0105 savimi ir i\u0161ry\u0161kina nat\u016bral\u0173 j\u016bs\u0173 \u0161ukuosenos gro\u017e\u012f.    <\/p>\n<h3>Nat\u016brali mikropluo\u0161to i\u0161vaizda ir paprastas pritaikymas plaukams<\/h3>\n<p>Toppik 2 x 27,5 g mikropluo\u0161tai plaukams pasi\u017eymi nat\u016braliu storinimo efektu, kuris nepalieka matom\u0173 \u017eymi\u0173 ir neapsunkina plon\u0173 plauk\u0173. Produktas specialiai sukurtas taip, kad puikiai prilipt\u0173 prie esam\u0173 plauk\u0173, sukurdamas pilnesn\u0119 ir ve\u0161lesn\u0119 \u0161ukuosen\u0105. Pridedamas plauk\u0173 aplikatorius leid\u017eia tiksliai u\u017etepti \u0161erelius, kad plaukai tolygiai sustor\u0117t\u0173 ir atrodyt\u0173 nat\u016braliai. Plaukus storinan\u010dios \u0161ukos padeda tepti mikropluo\u0161tus, nes padeda kruop\u0161\u010diai paskirstyti mikropluo\u0161tus visoje galvos odoje. D\u0117l ergonomi\u0161ko dizaino rinkin\u012f lengva naudoti net pradedantiesiems. Toppik pluo\u0161tai yra atspar\u016bs dr\u0117gmei ir prakaitui, o tai garantuoja plauk\u0173 stor\u0117jimo poveikio ilgaam\u017ei\u0161kum\u0105 vis\u0105 dien\u0105, nepriklausomai nuo oro s\u0105lyg\u0173 ar fizinio aktyvumo.     <\/p>\n","protected":false},"excerpt":{"rendered":"<p>Pasirinkite 2 pakuo\u010di\u0173 rinkin\u012f Toppik plauk\u0173 pluo\u0161t\u0173 27,5 g ir sutaupykite 14 PLN!<\/p>\n<p><strong>KOKS PRODUKTAS APIB\u016aDINAMAS?<\/strong><br \/>\nToppik papildomi pluo\u0161tai gaminami da\u017eyt\u0173 keratino pluo\u0161t\u0173 pagrindu, kurie puikiai prasiskverbia \u012f plaukus ir akimirksniu juos vizualiai sutir\u0161tina bei sutir\u0161tina.<\/p>\n<p>PRODUKTO<br \/>\n <strong>NAUDOJIMO PRANA\u0160UMAI<\/strong>\u2022 Akimirksniu u\u017epildo ret\u0117jan\u010di\u0173 plauk\u0173<br \/>\n vietas\u2022 Padengia plauk\u0173<br \/>\n slinkim\u0105\u2022 Sukuria stor\u0173 ir stor\u0173 plauk\u0173<br \/>\n efekt\u0105\u2022 Puikiai tinka kaip \u0161ukuosenos papildymas tarp da\u017eymo seans\u0173<\/p>\n","protected":false},"featured_media":8139,"comment_status":"open","ping_status":"closed","template":"","meta":[],"product_brand":[],"product_cat":[37],"product_tag":[],"class_list":{"0":"post-10178","1":"product","2":"type-product","3":"status-publish","4":"has-post-thumbnail","6":"product_cat-bez-kategorii","8":"first","9":"instock","10":"shipping-taxable","11":"purchasable","12":"product-type-variable"},"yoast_head":"<!-- This site is optimized with the Yoast SEO plugin v26.6 - https:\/\/yoast.com\/wordpress\/plugins\/seo\/ -->\n<title>Toppik keratino pluo\u0161to RINKINYS 2x 27.5g<\/title>\n<meta name=\"description\" content=\"Toppik keratino pluo\u0161to RINKINYS 2x 27.5g - Keratino mikropluo\u0161tai storina plaukus | Toppik Polska!\" \/>\n<meta name=\"robots\" content=\"index, follow, max-snippet:-1, max-image-preview:large, max-video-preview:-1\" \/>\n<link rel=\"canonical\" href=\"https:\/\/toppikpolska.pl\/lt\/produkt\/toppik-keratino-pluosto-rinkinys-2x-27-5g\/\" \/>\n<meta property=\"og:locale\" content=\"lt_LT\" \/>\n<meta property=\"og:type\" content=\"article\" \/>\n<meta property=\"og:title\" content=\"Toppik keratino pluo\u0161to RINKINYS 2x 27.5g\" \/>\n<meta property=\"og:description\" content=\"Toppik keratino pluo\u0161to RINKINYS 2x 27.5g - Keratino mikropluo\u0161tai storina plaukus | Toppik Polska!\" \/>\n<meta property=\"og:url\" content=\"https:\/\/toppikpolska.pl\/lt\/produkt\/toppik-keratino-pluosto-rinkinys-2x-27-5g\/\" \/>\n<meta property=\"og:site_name\" content=\"Plauk\u0173 skaidulos, keratinas, stor\u0117jimas \u2014 Toppik Lietuva\" \/>\n<meta property=\"og:image\" content=\"https:\/\/toppikpolska.pl\/wp-content\/uploads\/2025\/05\/toppik2x27.jpg\" \/>\n\t<meta property=\"og:image:width\" content=\"900\" \/>\n\t<meta property=\"og:image:height\" content=\"900\" \/>\n\t<meta property=\"og:image:type\" content=\"image\/jpeg\" \/>\n<meta name=\"twitter:card\" content=\"summary_large_image\" \/>\n<meta name=\"twitter:label1\" content=\"Est. reading time\" \/>\n\t<meta name=\"twitter:data1\" content=\"2 minut\u0117s\" \/>\n<script type=\"application\/ld+json\" class=\"yoast-schema-graph\">{\"@context\":\"https:\/\/schema.org\",\"@graph\":[{\"@type\":\"WebPage\",\"@id\":\"https:\/\/toppikpolska.pl\/lt\/produkt\/toppik-keratino-pluosto-rinkinys-2x-27-5g\/\",\"url\":\"https:\/\/toppikpolska.pl\/lt\/produkt\/toppik-keratino-pluosto-rinkinys-2x-27-5g\/\",\"name\":\"Toppik keratino pluo\u0161to RINKINYS 2x 27.5g\",\"isPartOf\":{\"@id\":\"https:\/\/toppikpolska.pl\/lt\/#website\"},\"primaryImageOfPage\":{\"@id\":\"https:\/\/toppikpolska.pl\/lt\/produkt\/toppik-keratino-pluosto-rinkinys-2x-27-5g\/#primaryimage\"},\"image\":{\"@id\":\"https:\/\/toppikpolska.pl\/lt\/produkt\/toppik-keratino-pluosto-rinkinys-2x-27-5g\/#primaryimage\"},\"thumbnailUrl\":\"https:\/\/toppikpolska.pl\/wp-content\/uploads\/2025\/05\/toppik2x27.jpg\",\"datePublished\":\"2025-05-30T13:15:12+00:00\",\"description\":\"Toppik keratino pluo\u0161to RINKINYS 2x 27.5g - Keratino mikropluo\u0161tai storina plaukus | Toppik Polska!\",\"breadcrumb\":{\"@id\":\"https:\/\/toppikpolska.pl\/lt\/produkt\/toppik-keratino-pluosto-rinkinys-2x-27-5g\/#breadcrumb\"},\"inLanguage\":\"lt-LT\",\"potentialAction\":[{\"@type\":\"ReadAction\",\"target\":[\"https:\/\/toppikpolska.pl\/lt\/produkt\/toppik-keratino-pluosto-rinkinys-2x-27-5g\/\"]}]},{\"@type\":\"ImageObject\",\"inLanguage\":\"lt-LT\",\"@id\":\"https:\/\/toppikpolska.pl\/lt\/produkt\/toppik-keratino-pluosto-rinkinys-2x-27-5g\/#primaryimage\",\"url\":\"https:\/\/toppikpolska.pl\/wp-content\/uploads\/2025\/05\/toppik2x27.jpg\",\"contentUrl\":\"https:\/\/toppikpolska.pl\/wp-content\/uploads\/2025\/05\/toppik2x27.jpg\",\"width\":900,\"height\":900,\"caption\":\"Autori\u0173 teis\u0117s priklauso \\\"Rokoko Hair Company\\\"\"},{\"@type\":\"BreadcrumbList\",\"@id\":\"https:\/\/toppikpolska.pl\/lt\/produkt\/toppik-keratino-pluosto-rinkinys-2x-27-5g\/#breadcrumb\",\"itemListElement\":[{\"@type\":\"ListItem\",\"position\":1,\"name\":\"Pagrindinis puslapis\",\"item\":\"https:\/\/toppikpolska.pl\/lt\/\"},{\"@type\":\"ListItem\",\"position\":2,\"name\":\"Parduotuv\u0117\",\"item\":\"https:\/\/toppikpolska.pl\/lt\/parduotuve\/\"},{\"@type\":\"ListItem\",\"position\":3,\"name\":\"Toppik keratino pluo\u0161to RINKINYS 2x 27.5g\"}]},{\"@type\":\"WebSite\",\"@id\":\"https:\/\/toppikpolska.pl\/lt\/#website\",\"url\":\"https:\/\/toppikpolska.pl\/lt\/\",\"name\":\"Plauk\u0173 skaidulos, keratinas, stor\u0117jimas \u2014 Toppik Lietuva\",\"description\":\"\",\"publisher\":{\"@id\":\"https:\/\/toppikpolska.pl\/lt\/#organization\"},\"potentialAction\":[{\"@type\":\"SearchAction\",\"target\":{\"@type\":\"EntryPoint\",\"urlTemplate\":\"https:\/\/toppikpolska.pl\/lt\/?s={search_term_string}\"},\"query-input\":{\"@type\":\"PropertyValueSpecification\",\"valueRequired\":true,\"valueName\":\"search_term_string\"}}],\"inLanguage\":\"lt-LT\"},{\"@type\":\"Organization\",\"@id\":\"https:\/\/toppikpolska.pl\/lt\/#organization\",\"name\":\"Plauk\u0173 skaidulos, keratinas, stor\u0117jimas \u2014 Toppik Lietuva\",\"url\":\"https:\/\/toppikpolska.pl\/lt\/\",\"logo\":{\"@type\":\"ImageObject\",\"inLanguage\":\"lt-LT\",\"@id\":\"https:\/\/toppikpolska.pl\/lt\/#\/schema\/logo\/image\/\",\"url\":\"https:\/\/toppikpolska.pl\/wp-content\/uploads\/2023\/09\/logo.png\",\"contentUrl\":\"https:\/\/toppikpolska.pl\/wp-content\/uploads\/2023\/09\/logo.png\",\"width\":105,\"height\":57,\"caption\":\"Plauk\u0173 skaidulos, keratinas, stor\u0117jimas \u2014 Toppik Lietuva\"},\"image\":{\"@id\":\"https:\/\/toppikpolska.pl\/lt\/#\/schema\/logo\/image\/\"}}]}<\/script>\n<!-- \/ Yoast SEO plugin. -->","yoast_head_json":{"title":"Toppik keratino pluo\u0161to RINKINYS 2x 27.5g","description":"Toppik keratino pluo\u0161to RINKINYS 2x 27.5g - Keratino mikropluo\u0161tai storina plaukus | Toppik Polska!","robots":{"index":"index","follow":"follow","max-snippet":"max-snippet:-1","max-image-preview":"max-image-preview:large","max-video-preview":"max-video-preview:-1"},"canonical":"https:\/\/toppikpolska.pl\/lt\/produkt\/toppik-keratino-pluosto-rinkinys-2x-27-5g\/","og_locale":"lt_LT","og_type":"article","og_title":"Toppik keratino pluo\u0161to RINKINYS 2x 27.5g","og_description":"Toppik keratino pluo\u0161to RINKINYS 2x 27.5g - Keratino mikropluo\u0161tai storina plaukus | Toppik Polska!","og_url":"https:\/\/toppikpolska.pl\/lt\/produkt\/toppik-keratino-pluosto-rinkinys-2x-27-5g\/","og_site_name":"Plauk\u0173 skaidulos, keratinas, stor\u0117jimas \u2014 Toppik Lietuva","og_image":[{"width":900,"height":900,"url":"https:\/\/toppikpolska.pl\/wp-content\/uploads\/2025\/05\/toppik2x27.jpg","type":"image\/jpeg"}],"twitter_card":"summary_large_image","twitter_misc":{"Est. reading time":"2 minut\u0117s"},"schema":{"@context":"https:\/\/schema.org","@graph":[{"@type":"WebPage","@id":"https:\/\/toppikpolska.pl\/lt\/produkt\/toppik-keratino-pluosto-rinkinys-2x-27-5g\/","url":"https:\/\/toppikpolska.pl\/lt\/produkt\/toppik-keratino-pluosto-rinkinys-2x-27-5g\/","name":"Toppik keratino pluo\u0161to RINKINYS 2x 27.5g","isPartOf":{"@id":"https:\/\/toppikpolska.pl\/lt\/#website"},"primaryImageOfPage":{"@id":"https:\/\/toppikpolska.pl\/lt\/produkt\/toppik-keratino-pluosto-rinkinys-2x-27-5g\/#primaryimage"},"image":{"@id":"https:\/\/toppikpolska.pl\/lt\/produkt\/toppik-keratino-pluosto-rinkinys-2x-27-5g\/#primaryimage"},"thumbnailUrl":"https:\/\/toppikpolska.pl\/wp-content\/uploads\/2025\/05\/toppik2x27.jpg","datePublished":"2025-05-30T13:15:12+00:00","description":"Toppik keratino pluo\u0161to RINKINYS 2x 27.5g - Keratino mikropluo\u0161tai storina plaukus | Toppik Polska!","breadcrumb":{"@id":"https:\/\/toppikpolska.pl\/lt\/produkt\/toppik-keratino-pluosto-rinkinys-2x-27-5g\/#breadcrumb"},"inLanguage":"lt-LT","potentialAction":[{"@type":"ReadAction","target":["https:\/\/toppikpolska.pl\/lt\/produkt\/toppik-keratino-pluosto-rinkinys-2x-27-5g\/"]}]},{"@type":"ImageObject","inLanguage":"lt-LT","@id":"https:\/\/toppikpolska.pl\/lt\/produkt\/toppik-keratino-pluosto-rinkinys-2x-27-5g\/#primaryimage","url":"https:\/\/toppikpolska.pl\/wp-content\/uploads\/2025\/05\/toppik2x27.jpg","contentUrl":"https:\/\/toppikpolska.pl\/wp-content\/uploads\/2025\/05\/toppik2x27.jpg","width":900,"height":900,"caption":"Autori\u0173 teis\u0117s priklauso \"Rokoko Hair Company\""},{"@type":"BreadcrumbList","@id":"https:\/\/toppikpolska.pl\/lt\/produkt\/toppik-keratino-pluosto-rinkinys-2x-27-5g\/#breadcrumb","itemListElement":[{"@type":"ListItem","position":1,"name":"Pagrindinis puslapis","item":"https:\/\/toppikpolska.pl\/lt\/"},{"@type":"ListItem","position":2,"name":"Parduotuv\u0117","item":"https:\/\/toppikpolska.pl\/lt\/parduotuve\/"},{"@type":"ListItem","position":3,"name":"Toppik keratino pluo\u0161to RINKINYS 2x 27.5g"}]},{"@type":"WebSite","@id":"https:\/\/toppikpolska.pl\/lt\/#website","url":"https:\/\/toppikpolska.pl\/lt\/","name":"Plauk\u0173 skaidulos, keratinas, stor\u0117jimas \u2014 Toppik Lietuva","description":"","publisher":{"@id":"https:\/\/toppikpolska.pl\/lt\/#organization"},"potentialAction":[{"@type":"SearchAction","target":{"@type":"EntryPoint","urlTemplate":"https:\/\/toppikpolska.pl\/lt\/?s={search_term_string}"},"query-input":{"@type":"PropertyValueSpecification","valueRequired":true,"valueName":"search_term_string"}}],"inLanguage":"lt-LT"},{"@type":"Organization","@id":"https:\/\/toppikpolska.pl\/lt\/#organization","name":"Plauk\u0173 skaidulos, keratinas, stor\u0117jimas \u2014 Toppik Lietuva","url":"https:\/\/toppikpolska.pl\/lt\/","logo":{"@type":"ImageObject","inLanguage":"lt-LT","@id":"https:\/\/toppikpolska.pl\/lt\/#\/schema\/logo\/image\/","url":"https:\/\/toppikpolska.pl\/wp-content\/uploads\/2023\/09\/logo.png","contentUrl":"https:\/\/toppikpolska.pl\/wp-content\/uploads\/2023\/09\/logo.png","width":105,"height":57,"caption":"Plauk\u0173 skaidulos, keratinas, stor\u0117jimas \u2014 Toppik Lietuva"},"image":{"@id":"https:\/\/toppikpolska.pl\/lt\/#\/schema\/logo\/image\/"}}]}},"_links":{"self":[{"href":"https:\/\/toppikpolska.pl\/lt\/wp-json\/wp\/v2\/product\/10178","targetHints":{"allow":["GET"]}}],"collection":[{"href":"https:\/\/toppikpolska.pl\/lt\/wp-json\/wp\/v2\/product"}],"about":[{"href":"https:\/\/toppikpolska.pl\/lt\/wp-json\/wp\/v2\/types\/product"}],"replies":[{"embeddable":true,"href":"https:\/\/toppikpolska.pl\/lt\/wp-json\/wp\/v2\/comments?post=10178"}],"wp:featuredmedia":[{"embeddable":true,"href":"https:\/\/toppikpolska.pl\/lt\/wp-json\/wp\/v2\/media\/8139"}],"wp:attachment":[{"href":"https:\/\/toppikpolska.pl\/lt\/wp-json\/wp\/v2\/media?parent=10178"}],"wp:term":[{"taxonomy":"product_brand","embeddable":true,"href":"https:\/\/toppikpolska.pl\/lt\/wp-json\/wp\/v2\/product_brand?post=10178"},{"taxonomy":"product_cat","embeddable":true,"href":"https:\/\/toppikpolska.pl\/lt\/wp-json\/wp\/v2\/product_cat?post=10178"},{"taxonomy":"product_tag","embeddable":true,"href":"https:\/\/toppikpolska.pl\/lt\/wp-json\/wp\/v2\/product_tag?post=10178"}],"curies":[{"name":"wp","href":"https:\/\/api.w.org\/{rel}","templated":true}]}}