{"id":10244,"date":"2025-05-30T15:22:15","date_gmt":"2025-05-30T13:22:15","guid":{"rendered":"https:\/\/toppikpolska.pl\/produkt\/keratino-pluosto-rinkinys-toppik-2x-12g\/"},"modified":"2025-05-30T15:22:15","modified_gmt":"2025-05-30T13:22:15","slug":"keratino-pluosto-rinkinys-toppik-2x-12g","status":"publish","type":"product","link":"https:\/\/toppikpolska.pl\/lt\/produkt\/keratino-pluosto-rinkinys-toppik-2x-12g\/","title":{"rendered":"Keratino pluo\u0161to RINKINYS Toppik 2x 12g"},"content":{"rendered":"<h4><strong>K\u0104 DAR TUR\u0116TUM\u0116TE \u017dINOTI?<\/strong><\/h4>\n<p>Toppik pluo\u0161tai yra atspar\u016bs lietui, v\u0117jui ir prakaitui, tod\u0117l suteiks vartotojui ilgalaik\u012f norim\u0105 efekt\u0105 nepriklausomai nuo oro s\u0105lyg\u0173. Jie yra net devyni\u0173 atspalvi\u0173, tod\u0117l galite juos derinti su beveik bet kokios spalvos plaukais. Produktas taip pat puikiai tinka vietin\u0117ms restauracijoms, maskuojant restauravimo sistem\u0173 priedus ir u\u017epildant plauk\u0173 defektus tarp da\u017eymo seans\u0173. Produktas lengvai nuplaunamas vandeniu ir \u0161amp\u016bnu.   <\/p>\n<h3>Nat\u016bralus plauk\u0173 storinimas su Toppik plauk\u0173 pluo\u0161tais 2 x 12g<\/h3>\n<p>Toppik Hair Fibers 2 x 12g yra puikus sprendimas \u017emon\u0117ms su plonais plaukais, norintiems greitai ir nat\u016braliai pasiekti stor\u0173 plauk\u0173 efekt\u0105. Plauk\u0173 mikropluo\u0161tai sukurti taip, kad puikiai prilipt\u0173 prie esam\u0173 plauk\u0173, sukurdami pilnesn\u0119 ir ve\u0161lesn\u0119 \u0161ukuosen\u0105 be matom\u0173 liku\u010di\u0173. Produkt\u0105 lengva tepti, o tai leid\u017eia tiksliai sustorinti plaukus net namuose. Su dviem pakuot\u0117mis po 12 g, rinkinys u\u017etikrina ilgalaik\u012f plauk\u0173 sustor\u0117jim\u0105, leid\u017eiant\u012f vis\u0105 dien\u0105 d\u017eiaugtis stora \u0161ukuosena. Mikropluo\u0161tai yra \u012fvairi\u0173 atspalvi\u0173, kurie leid\u017eia puikiai der\u0117ti prie nat\u016bralios plauk\u0173 spalvos, padidina plauk\u0173 stor\u0117jimo nat\u016bralumo ir estetikos efekt\u0105.    <\/p>\n<h3>Mikropluo\u0161to ilgaam\u017ei\u0161kumas ir patogumas plaukams<\/h3>\n<p>Toppik Hair Fibers 2 x 12g si\u016blo ne tik efektyv\u0173 plauk\u0173 storinim\u0105, bet ir kasdienio naudojimo patogum\u0105. Mikropluo\u0161tai plaukams yra atspar\u016bs dr\u0117gmei ir prakaitui, o tai garantuoja plauk\u0173 stor\u0117jimo poveikio ilgaam\u017ei\u0161kum\u0105 net fizinio kr\u016bvio ar permainingo oro metu. Produktas greitai susigeria, nepaliekant lipnios pl\u0117vel\u0117s, o tai u\u017etikrina patogum\u0105 d\u0117v\u0117ti vis\u0105 dien\u0105. D\u0117l kompakti\u0161ko pakuot\u0117s dyd\u017eio Toppik Hair Fibers 2 x 12g puikiai tinka pasiimti keliaujant, tod\u0117l galite greitai atnaujinti \u0161ukuosen\u0105 bet kur. Plauk\u0173 mikropluo\u0161tus taip pat lengva pa\u0161alinti, tod\u0117l galite skland\u017eiai pereiti prie kito naudojimo nepa\u017eeid\u017eiant plauk\u0173. Investuodami \u012f \u0161\u012f rinkin\u012f, gausite patikim\u0105 plauk\u0173 storinimo priemon\u0119, kuri sustiprina nat\u016bral\u0173 gro\u017e\u012f ir suteikia pasitik\u0117jimo savimi kiekvien\u0105 dien\u0105.     <\/p>\n","protected":false},"excerpt":{"rendered":"<p>Pasirinkite 2 pakuo\u010di\u0173 &#8222;Toppik Hair Fibers 12g&#8221; rinkin\u012f ir sutaupykite 8 PLN!<\/p>\n<p><strong>KOKS PRODUKTAS APIB\u016aDINAMAS?<\/strong><br \/>\nToppik papildomi pluo\u0161tai gaminami da\u017eyt\u0173 keratino pluo\u0161t\u0173 pagrindu, kurie puikiai prasiskverbia \u012f plaukus ir akimirksniu juos vizualiai sutir\u0161tina bei sutir\u0161tina.<\/p>\n<p>PRODUKTO<br \/>\n <strong>NAUDOJIMO PRANA\u0160UMAI<\/strong>\u2022 Akimirksniu u\u017epildo ret\u0117jan\u010di\u0173 plauk\u0173<br \/>\n vietas\u2022 Padengia plauk\u0173<br \/>\n slinkim\u0105\u2022 Sukuria stor\u0173 ir stor\u0173 plauk\u0173<br \/>\n efekt\u0105\u2022 Puikiai tinka kaip \u0161ukuosenos papildymas tarp da\u017eymo seans\u0173<\/p>\n","protected":false},"featured_media":8140,"comment_status":"open","ping_status":"closed","template":"","meta":[],"product_brand":[],"product_cat":[37],"product_tag":[],"class_list":{"0":"post-10244","1":"product","2":"type-product","3":"status-publish","4":"has-post-thumbnail","6":"product_cat-bez-kategorii","8":"first","9":"instock","10":"shipping-taxable","11":"purchasable","12":"product-type-variable"},"yoast_head":"<!-- This site is optimized with the Yoast SEO plugin v26.6 - https:\/\/yoast.com\/wordpress\/plugins\/seo\/ -->\n<title>Keratino pluo\u0161to RINKINYS Toppik 2x 12g<\/title>\n<meta name=\"description\" content=\"Keratino pluo\u0161to RINKINYS Toppik 2x 12g - Keratino mikropluo\u0161tai storina plaukus | Toppik Polska!\" \/>\n<meta name=\"robots\" content=\"index, follow, max-snippet:-1, max-image-preview:large, max-video-preview:-1\" \/>\n<link rel=\"canonical\" href=\"https:\/\/toppikpolska.pl\/lt\/produkt\/keratino-pluosto-rinkinys-toppik-2x-12g\/\" \/>\n<meta property=\"og:locale\" content=\"lt_LT\" \/>\n<meta property=\"og:type\" content=\"article\" \/>\n<meta property=\"og:title\" content=\"Keratino pluo\u0161to RINKINYS Toppik 2x 12g\" \/>\n<meta property=\"og:description\" content=\"Keratino pluo\u0161to RINKINYS Toppik 2x 12g - Keratino mikropluo\u0161tai storina plaukus | Toppik Polska!\" \/>\n<meta property=\"og:url\" content=\"https:\/\/toppikpolska.pl\/lt\/produkt\/keratino-pluosto-rinkinys-toppik-2x-12g\/\" \/>\n<meta property=\"og:site_name\" content=\"Plauk\u0173 skaidulos, keratinas, stor\u0117jimas \u2014 Toppik Lietuva\" \/>\n<meta property=\"og:image\" content=\"https:\/\/toppikpolska.pl\/wp-content\/uploads\/2025\/05\/toppik2x12.jpg\" \/>\n\t<meta property=\"og:image:width\" content=\"900\" \/>\n\t<meta property=\"og:image:height\" content=\"900\" \/>\n\t<meta property=\"og:image:type\" content=\"image\/jpeg\" \/>\n<meta name=\"twitter:card\" content=\"summary_large_image\" \/>\n<meta name=\"twitter:label1\" content=\"Est. reading time\" \/>\n\t<meta name=\"twitter:data1\" content=\"2 minut\u0117s\" \/>\n<script type=\"application\/ld+json\" class=\"yoast-schema-graph\">{\"@context\":\"https:\/\/schema.org\",\"@graph\":[{\"@type\":\"WebPage\",\"@id\":\"https:\/\/toppikpolska.pl\/lt\/produkt\/keratino-pluosto-rinkinys-toppik-2x-12g\/\",\"url\":\"https:\/\/toppikpolska.pl\/lt\/produkt\/keratino-pluosto-rinkinys-toppik-2x-12g\/\",\"name\":\"Keratino pluo\u0161to RINKINYS Toppik 2x 12g\",\"isPartOf\":{\"@id\":\"https:\/\/toppikpolska.pl\/lt\/#website\"},\"primaryImageOfPage\":{\"@id\":\"https:\/\/toppikpolska.pl\/lt\/produkt\/keratino-pluosto-rinkinys-toppik-2x-12g\/#primaryimage\"},\"image\":{\"@id\":\"https:\/\/toppikpolska.pl\/lt\/produkt\/keratino-pluosto-rinkinys-toppik-2x-12g\/#primaryimage\"},\"thumbnailUrl\":\"https:\/\/toppikpolska.pl\/wp-content\/uploads\/2025\/05\/toppik2x12.jpg\",\"datePublished\":\"2025-05-30T13:22:15+00:00\",\"description\":\"Keratino pluo\u0161to RINKINYS Toppik 2x 12g - Keratino mikropluo\u0161tai storina plaukus | Toppik Polska!\",\"breadcrumb\":{\"@id\":\"https:\/\/toppikpolska.pl\/lt\/produkt\/keratino-pluosto-rinkinys-toppik-2x-12g\/#breadcrumb\"},\"inLanguage\":\"lt-LT\",\"potentialAction\":[{\"@type\":\"ReadAction\",\"target\":[\"https:\/\/toppikpolska.pl\/lt\/produkt\/keratino-pluosto-rinkinys-toppik-2x-12g\/\"]}]},{\"@type\":\"ImageObject\",\"inLanguage\":\"lt-LT\",\"@id\":\"https:\/\/toppikpolska.pl\/lt\/produkt\/keratino-pluosto-rinkinys-toppik-2x-12g\/#primaryimage\",\"url\":\"https:\/\/toppikpolska.pl\/wp-content\/uploads\/2025\/05\/toppik2x12.jpg\",\"contentUrl\":\"https:\/\/toppikpolska.pl\/wp-content\/uploads\/2025\/05\/toppik2x12.jpg\",\"width\":900,\"height\":900,\"caption\":\"Autori\u0173 teis\u0117s priklauso \\\"Rokoko Hair Company\\\"\"},{\"@type\":\"BreadcrumbList\",\"@id\":\"https:\/\/toppikpolska.pl\/lt\/produkt\/keratino-pluosto-rinkinys-toppik-2x-12g\/#breadcrumb\",\"itemListElement\":[{\"@type\":\"ListItem\",\"position\":1,\"name\":\"Pagrindinis puslapis\",\"item\":\"https:\/\/toppikpolska.pl\/lt\/\"},{\"@type\":\"ListItem\",\"position\":2,\"name\":\"Parduotuv\u0117\",\"item\":\"https:\/\/toppikpolska.pl\/lt\/parduotuve\/\"},{\"@type\":\"ListItem\",\"position\":3,\"name\":\"Keratino pluo\u0161to RINKINYS Toppik 2x 12g\"}]},{\"@type\":\"WebSite\",\"@id\":\"https:\/\/toppikpolska.pl\/lt\/#website\",\"url\":\"https:\/\/toppikpolska.pl\/lt\/\",\"name\":\"Plauk\u0173 skaidulos, keratinas, stor\u0117jimas \u2014 Toppik Lietuva\",\"description\":\"\",\"publisher\":{\"@id\":\"https:\/\/toppikpolska.pl\/lt\/#organization\"},\"potentialAction\":[{\"@type\":\"SearchAction\",\"target\":{\"@type\":\"EntryPoint\",\"urlTemplate\":\"https:\/\/toppikpolska.pl\/lt\/?s={search_term_string}\"},\"query-input\":{\"@type\":\"PropertyValueSpecification\",\"valueRequired\":true,\"valueName\":\"search_term_string\"}}],\"inLanguage\":\"lt-LT\"},{\"@type\":\"Organization\",\"@id\":\"https:\/\/toppikpolska.pl\/lt\/#organization\",\"name\":\"Plauk\u0173 skaidulos, keratinas, stor\u0117jimas \u2014 Toppik Lietuva\",\"url\":\"https:\/\/toppikpolska.pl\/lt\/\",\"logo\":{\"@type\":\"ImageObject\",\"inLanguage\":\"lt-LT\",\"@id\":\"https:\/\/toppikpolska.pl\/lt\/#\/schema\/logo\/image\/\",\"url\":\"https:\/\/toppikpolska.pl\/wp-content\/uploads\/2023\/09\/logo.png\",\"contentUrl\":\"https:\/\/toppikpolska.pl\/wp-content\/uploads\/2023\/09\/logo.png\",\"width\":105,\"height\":57,\"caption\":\"Plauk\u0173 skaidulos, keratinas, stor\u0117jimas \u2014 Toppik Lietuva\"},\"image\":{\"@id\":\"https:\/\/toppikpolska.pl\/lt\/#\/schema\/logo\/image\/\"}}]}<\/script>\n<!-- \/ Yoast SEO plugin. -->","yoast_head_json":{"title":"Keratino pluo\u0161to RINKINYS Toppik 2x 12g","description":"Keratino pluo\u0161to RINKINYS Toppik 2x 12g - Keratino mikropluo\u0161tai storina plaukus | Toppik Polska!","robots":{"index":"index","follow":"follow","max-snippet":"max-snippet:-1","max-image-preview":"max-image-preview:large","max-video-preview":"max-video-preview:-1"},"canonical":"https:\/\/toppikpolska.pl\/lt\/produkt\/keratino-pluosto-rinkinys-toppik-2x-12g\/","og_locale":"lt_LT","og_type":"article","og_title":"Keratino pluo\u0161to RINKINYS Toppik 2x 12g","og_description":"Keratino pluo\u0161to RINKINYS Toppik 2x 12g - Keratino mikropluo\u0161tai storina plaukus | Toppik Polska!","og_url":"https:\/\/toppikpolska.pl\/lt\/produkt\/keratino-pluosto-rinkinys-toppik-2x-12g\/","og_site_name":"Plauk\u0173 skaidulos, keratinas, stor\u0117jimas \u2014 Toppik Lietuva","og_image":[{"width":900,"height":900,"url":"https:\/\/toppikpolska.pl\/wp-content\/uploads\/2025\/05\/toppik2x12.jpg","type":"image\/jpeg"}],"twitter_card":"summary_large_image","twitter_misc":{"Est. reading time":"2 minut\u0117s"},"schema":{"@context":"https:\/\/schema.org","@graph":[{"@type":"WebPage","@id":"https:\/\/toppikpolska.pl\/lt\/produkt\/keratino-pluosto-rinkinys-toppik-2x-12g\/","url":"https:\/\/toppikpolska.pl\/lt\/produkt\/keratino-pluosto-rinkinys-toppik-2x-12g\/","name":"Keratino pluo\u0161to RINKINYS Toppik 2x 12g","isPartOf":{"@id":"https:\/\/toppikpolska.pl\/lt\/#website"},"primaryImageOfPage":{"@id":"https:\/\/toppikpolska.pl\/lt\/produkt\/keratino-pluosto-rinkinys-toppik-2x-12g\/#primaryimage"},"image":{"@id":"https:\/\/toppikpolska.pl\/lt\/produkt\/keratino-pluosto-rinkinys-toppik-2x-12g\/#primaryimage"},"thumbnailUrl":"https:\/\/toppikpolska.pl\/wp-content\/uploads\/2025\/05\/toppik2x12.jpg","datePublished":"2025-05-30T13:22:15+00:00","description":"Keratino pluo\u0161to RINKINYS Toppik 2x 12g - Keratino mikropluo\u0161tai storina plaukus | Toppik Polska!","breadcrumb":{"@id":"https:\/\/toppikpolska.pl\/lt\/produkt\/keratino-pluosto-rinkinys-toppik-2x-12g\/#breadcrumb"},"inLanguage":"lt-LT","potentialAction":[{"@type":"ReadAction","target":["https:\/\/toppikpolska.pl\/lt\/produkt\/keratino-pluosto-rinkinys-toppik-2x-12g\/"]}]},{"@type":"ImageObject","inLanguage":"lt-LT","@id":"https:\/\/toppikpolska.pl\/lt\/produkt\/keratino-pluosto-rinkinys-toppik-2x-12g\/#primaryimage","url":"https:\/\/toppikpolska.pl\/wp-content\/uploads\/2025\/05\/toppik2x12.jpg","contentUrl":"https:\/\/toppikpolska.pl\/wp-content\/uploads\/2025\/05\/toppik2x12.jpg","width":900,"height":900,"caption":"Autori\u0173 teis\u0117s priklauso \"Rokoko Hair Company\""},{"@type":"BreadcrumbList","@id":"https:\/\/toppikpolska.pl\/lt\/produkt\/keratino-pluosto-rinkinys-toppik-2x-12g\/#breadcrumb","itemListElement":[{"@type":"ListItem","position":1,"name":"Pagrindinis puslapis","item":"https:\/\/toppikpolska.pl\/lt\/"},{"@type":"ListItem","position":2,"name":"Parduotuv\u0117","item":"https:\/\/toppikpolska.pl\/lt\/parduotuve\/"},{"@type":"ListItem","position":3,"name":"Keratino pluo\u0161to RINKINYS Toppik 2x 12g"}]},{"@type":"WebSite","@id":"https:\/\/toppikpolska.pl\/lt\/#website","url":"https:\/\/toppikpolska.pl\/lt\/","name":"Plauk\u0173 skaidulos, keratinas, stor\u0117jimas \u2014 Toppik Lietuva","description":"","publisher":{"@id":"https:\/\/toppikpolska.pl\/lt\/#organization"},"potentialAction":[{"@type":"SearchAction","target":{"@type":"EntryPoint","urlTemplate":"https:\/\/toppikpolska.pl\/lt\/?s={search_term_string}"},"query-input":{"@type":"PropertyValueSpecification","valueRequired":true,"valueName":"search_term_string"}}],"inLanguage":"lt-LT"},{"@type":"Organization","@id":"https:\/\/toppikpolska.pl\/lt\/#organization","name":"Plauk\u0173 skaidulos, keratinas, stor\u0117jimas \u2014 Toppik Lietuva","url":"https:\/\/toppikpolska.pl\/lt\/","logo":{"@type":"ImageObject","inLanguage":"lt-LT","@id":"https:\/\/toppikpolska.pl\/lt\/#\/schema\/logo\/image\/","url":"https:\/\/toppikpolska.pl\/wp-content\/uploads\/2023\/09\/logo.png","contentUrl":"https:\/\/toppikpolska.pl\/wp-content\/uploads\/2023\/09\/logo.png","width":105,"height":57,"caption":"Plauk\u0173 skaidulos, keratinas, stor\u0117jimas \u2014 Toppik Lietuva"},"image":{"@id":"https:\/\/toppikpolska.pl\/lt\/#\/schema\/logo\/image\/"}}]}},"_links":{"self":[{"href":"https:\/\/toppikpolska.pl\/lt\/wp-json\/wp\/v2\/product\/10244","targetHints":{"allow":["GET"]}}],"collection":[{"href":"https:\/\/toppikpolska.pl\/lt\/wp-json\/wp\/v2\/product"}],"about":[{"href":"https:\/\/toppikpolska.pl\/lt\/wp-json\/wp\/v2\/types\/product"}],"replies":[{"embeddable":true,"href":"https:\/\/toppikpolska.pl\/lt\/wp-json\/wp\/v2\/comments?post=10244"}],"wp:featuredmedia":[{"embeddable":true,"href":"https:\/\/toppikpolska.pl\/lt\/wp-json\/wp\/v2\/media\/8140"}],"wp:attachment":[{"href":"https:\/\/toppikpolska.pl\/lt\/wp-json\/wp\/v2\/media?parent=10244"}],"wp:term":[{"taxonomy":"product_brand","embeddable":true,"href":"https:\/\/toppikpolska.pl\/lt\/wp-json\/wp\/v2\/product_brand?post=10244"},{"taxonomy":"product_cat","embeddable":true,"href":"https:\/\/toppikpolska.pl\/lt\/wp-json\/wp\/v2\/product_cat?post=10244"},{"taxonomy":"product_tag","embeddable":true,"href":"https:\/\/toppikpolska.pl\/lt\/wp-json\/wp\/v2\/product_tag?post=10244"}],"curies":[{"name":"wp","href":"https:\/\/api.w.org\/{rel}","templated":true}]}}