{"id":10295,"date":"2019-04-11T17:27:41","date_gmt":"2019-04-11T15:27:41","guid":{"rendered":"https:\/\/toppikpolska.pl\/produkt\/mikropluosto-storinantis-plaukai-275-g-aplikatorius-plauku-linijos-optimizatorius\/"},"modified":"2019-04-11T17:27:41","modified_gmt":"2019-04-11T15:27:41","slug":"mikropluosto-storinantis-plaukai-275-g-aplikatorius-plauku-linijos-optimizatorius","status":"publish","type":"product","link":"https:\/\/toppikpolska.pl\/lt\/produkt\/mikropluosto-storinantis-plaukai-275-g-aplikatorius-plauku-linijos-optimizatorius\/","title":{"rendered":"Mikropluo\u0161to storinantis plaukai 27,5 g + aplikatorius + plauk\u0173 linijos optimizatorius"},"content":{"rendered":"<h3>Tikslus plauk\u0173 storinimas naudojant pluo\u0161to aplikatori\u0173 ir \u0161ukas<\/h3>\n<p>Pluo\u0161to aplikatorius ir \u0161ukos yra nepakei\u010diamos plauk\u0173 storinimo proceso priemon\u0117s, idealiai tinkan\u010dios \u017emon\u0117ms, turintiems plonus ir ret\u0117jan\u010dius plaukus. Plauk\u0173 mikropluo\u0161tai puikiai prilimpa prie nat\u016brali\u0173 plauk\u0173, sukurdami stor\u0173 plauk\u0173 efekt\u0105 be matom\u0173 \u017eymi\u0173. Plauk\u0173 aplikatorius leid\u017eia tiksliai u\u017etepti \u0161erelius, o tai u\u017etikrina tolyg\u0173 plauk\u0173 sustor\u0117jim\u0105 ir nat\u016brali\u0105 \u0161ukuosenos i\u0161vaizd\u0105. Pluo\u0161to plauk\u0173 storinimo \u0161ukos dar labiau palaiko tepimo proces\u0105, tod\u0117l mikropluo\u0161tai gali b\u016bti tiksliai paskirstyti per vis\u0105 plauk\u0173 ilg\u012f. D\u0117l ergonomi\u0161ko dizaino abu \u012frankius lengva naudoti net pradedantiesiems. Pluo\u0161to aplikatori\u0173-\u0161uk\u0173 rinkinys u\u017etikrina greit\u0105 ir efektyv\u0173 plauk\u0173 storinim\u0105, padidina plauk\u0173 apimt\u012f ir pilnum\u0105 be invazini\u0173 metod\u0173.     <\/p>\n<h3>Profesionalios priemon\u0117s plaukams storinti namuose<\/h3>\n<p>Pluo\u0161to plauk\u0173 storinimo \u0161ukos kartu su aplikatoriumi yra profesionalus sprendimas, kur\u012f galima \u012fsigyti namuose. Mikropluo\u0161tai plaukams efektyviai u\u017emaskuoja ret\u0117jan\u010dias dalis, suteikdami plaukams norim\u0105 tankum\u0105 ir apimt\u012f. Plauk\u0173 aplikatorius sukurtas taip, kad b\u016bt\u0173 galima greitai ir tiksliai tepti pluo\u0161t\u0105, suma\u017einti produkto \u0161vaistym\u0105 ir u\u017etikrinti ilgalaik\u012f rezultat\u0105 vis\u0105 dien\u0105. Pluo\u0161to \u0161ukos padeda tolygiai paskirstyti mikropluo\u0161tus, pa\u0161alina matomus dry\u017eius ir nelygumus, o tai rei\u0161kia nat\u016brali\u0105 ir esteti\u0161k\u0105 stor\u0173 plauk\u0173 i\u0161vaizd\u0105. Su \u0161iuo rinkiniu plauk\u0173 storinimas tampa paprastesnis ir efektyvesnis, tod\u0117l gal\u0117site d\u017eiaugtis pilnesne \u0161ukuosena nesilankant pas specialist\u0105. Investuodami \u012f pluo\u0161to aplikatori\u0173 ir \u0161ukas, gausite patikimas kasdienes prie\u017ei\u016bros ir formavimo priemones, kurios sustiprina nat\u016bral\u0173 j\u016bs\u0173 plauk\u0173 gro\u017e\u012f.     <\/p>\n<h3>K\u0105 dar tur\u0117tum\u0117te \u017einoti?<\/h3>\n<p>Naudokite ir aplikatori\u0173, ir optimizuojan\u010dias \u0161ukas, kai tepate pluo\u0161tus plauk\u0173 linijos srityje. Aplikatoriumi taip pat galite tepti pluo\u0161tus visame plote, pasl\u0117pti \u017eilus plaukus ar priaugint\u0173 viet\u0173 vietas. Aplikatori\u0173 galima tepti ant buteliuk\u0173 su standartinio (12 g) ir ekonominio dyd\u017eio (27,5 g) pluo\u0161tais.<br \/>\nJei norite pasiekti dar labiau patenkinam\u0173 rezultat\u0173, rekomenduojama naudoti special\u0173 Toppik aplikatori\u0173.<br \/>\nToppik pluo\u0161tai yra atspar\u016bs lietui, v\u0117jui ir prakaitui, tod\u0117l suteiks vartotojui ilgalaik\u012f norim\u0105 efekt\u0105 nepriklausomai nuo oro s\u0105lyg\u0173. Jie yra net devyni\u0173 atspalvi\u0173, tod\u0117l galite juos derinti su beveik bet kokios spalvos plaukais. Produktas taip pat puikiai tinka vietin\u0117ms restauracijoms, maskuojant restauravimo sistem\u0173 priedus ir u\u017epildant plauk\u0173 defektus tarp da\u017eymo seans\u0173. Produktas lengvai nuplaunamas vandeniu ir \u0161amp\u016bnu.     <\/p>\n","protected":false},"excerpt":{"rendered":"<p>Sutaupykite net 26 PLN pirkdami &#8222;Toppik&#8221; aplikatoriaus, \u0161ukos ir &#8222;Toppik&#8221; plauk\u0173 pluo\u0161t\u0173 27,5 g rinkin\u012f!<\/p>\n<p><strong>KOKS PRODUKTAS APIB\u016aDINAMAS?<\/strong><br \/>\n&#8222;Toppik&#8221; aplikatorius yra patentuotas produktas, kur\u012f galima pritvirtinti prie buteli\u0173 su ekonomi\u0161kais ir standartinio dyd\u017eio &#8222;Toppik&#8221; pluo\u0161tais, kad padid\u0117t\u0173 naudojimo tikslumas.<br \/>\n&#8222;Toppik Optimizing Comb&#8221; yra produktas, leid\u017eiantis lengviau i\u0161laikyti nat\u016brali\u0105 plauk\u0173 linij\u0105 tepant &#8222;Toppik&#8221; pluo\u0161tus.<br \/>\nToppik papildomi pluo\u0161tai gaminami da\u017eyt\u0173 keratino pluo\u0161t\u0173 pagrindu, kurie puikiai \u012fsiskverbia \u012f plaukus ir akimirksniu juos vizualiai sutir\u0161tina bei sutir\u0161tina.<\/p>\n<p>PRODUKTO<br \/>\n <strong>NAUDOJIMO PRANA\u0160UMAI<\/strong>\u2022 Palengvina tikslesn\u012f pluo\u0161t\u0173 tepim\u0105 tam tikrose galvos<br \/>\n vietose\u2022 U\u017etikrina tiksl\u0173 tepim\u0105 ant ma\u017e\u0173 plaukuotos odos<br \/>\n dali\u0173\u2022 I\u0161vengia nenat\u016bralios i\u0161vaizdos u\u017etepus pluo\u0161tus<br \/>\n\u2022 Padaro plaukus nat\u016bralius ir storus<br \/>\n\u2022 Neleid\u017eia pluo\u0161tams nukristi ant kaktos<br \/>\n\u2022 Akimirksniu u\u017epildo ret\u0117jan\u010di\u0173 plauk\u0173<br \/>\n vietas\u2022 Padengia plauk\u0173<br \/>\n slinkim\u0105\u2022 Sukuria stor\u0173 ir stor\u0173 plauk\u0173<br \/>\n efekt\u0105\u2022 Puikiai tinka kaip \u0161ukuosenos papildymas tarp da\u017eymo seans\u0173<\/p>\n","protected":false},"featured_media":7779,"comment_status":"closed","ping_status":"closed","template":"","meta":[],"product_brand":[],"product_cat":[37],"product_tag":[],"class_list":{"0":"post-10295","1":"product","2":"type-product","3":"status-publish","4":"has-post-thumbnail","6":"product_cat-bez-kategorii","8":"first","9":"instock","10":"shipping-taxable","11":"purchasable","12":"product-type-variable"},"yoast_head":"<!-- This site is optimized with the Yoast SEO plugin v26.6 - https:\/\/yoast.com\/wordpress\/plugins\/seo\/ -->\n<title>Mikropluo\u0161to storinantis plaukai 27,5 g + aplikatorius + plauk\u0173 linijos optimizatorius<\/title>\n<meta name=\"description\" content=\"Mikropluo\u0161to storinantis plaukai 27,5 g + aplikatorius + plauk\u0173 linijos optimizatorius - Keratino mikropluo\u0161tai storina plaukus | Toppik Polska!\" \/>\n<meta name=\"robots\" content=\"index, follow, max-snippet:-1, max-image-preview:large, max-video-preview:-1\" \/>\n<link rel=\"canonical\" href=\"https:\/\/toppikpolska.pl\/lt\/produkt\/mikropluosto-storinantis-plaukai-275-g-aplikatorius-plauku-linijos-optimizatorius\/\" \/>\n<meta property=\"og:locale\" content=\"lt_LT\" \/>\n<meta property=\"og:type\" content=\"article\" \/>\n<meta property=\"og:title\" content=\"Mikropluo\u0161to storinantis plaukai 27,5 g + aplikatorius + plauk\u0173 linijos optimizatorius\" \/>\n<meta property=\"og:description\" content=\"Mikropluo\u0161to storinantis plaukai 27,5 g + aplikatorius + plauk\u0173 linijos optimizatorius - Keratino mikropluo\u0161tai storina plaukus | Toppik Polska!\" \/>\n<meta property=\"og:url\" content=\"https:\/\/toppikpolska.pl\/lt\/produkt\/mikropluosto-storinantis-plaukai-275-g-aplikatorius-plauku-linijos-optimizatorius\/\" \/>\n<meta property=\"og:site_name\" content=\"Plauk\u0173 skaidulos, keratinas, stor\u0117jimas \u2014 Toppik Lietuva\" \/>\n<meta property=\"og:image\" content=\"https:\/\/toppikpolska.pl\/wp-content\/uploads\/2019\/04\/mikrowlokna-toppik-zestaw-aplikator-grzebien.webp\" \/>\n\t<meta property=\"og:image:width\" content=\"600\" \/>\n\t<meta property=\"og:image:height\" content=\"600\" \/>\n\t<meta property=\"og:image:type\" content=\"image\/webp\" \/>\n<meta name=\"twitter:card\" content=\"summary_large_image\" \/>\n<meta name=\"twitter:label1\" content=\"Est. reading time\" \/>\n\t<meta name=\"twitter:data1\" content=\"2 minut\u0117s\" \/>\n<script type=\"application\/ld+json\" class=\"yoast-schema-graph\">{\"@context\":\"https:\/\/schema.org\",\"@graph\":[{\"@type\":\"WebPage\",\"@id\":\"https:\/\/toppikpolska.pl\/lt\/produkt\/mikropluosto-storinantis-plaukai-275-g-aplikatorius-plauku-linijos-optimizatorius\/\",\"url\":\"https:\/\/toppikpolska.pl\/lt\/produkt\/mikropluosto-storinantis-plaukai-275-g-aplikatorius-plauku-linijos-optimizatorius\/\",\"name\":\"Mikropluo\u0161to storinantis plaukai 27,5 g + aplikatorius + plauk\u0173 linijos optimizatorius\",\"isPartOf\":{\"@id\":\"https:\/\/toppikpolska.pl\/lt\/#website\"},\"primaryImageOfPage\":{\"@id\":\"https:\/\/toppikpolska.pl\/lt\/produkt\/mikropluosto-storinantis-plaukai-275-g-aplikatorius-plauku-linijos-optimizatorius\/#primaryimage\"},\"image\":{\"@id\":\"https:\/\/toppikpolska.pl\/lt\/produkt\/mikropluosto-storinantis-plaukai-275-g-aplikatorius-plauku-linijos-optimizatorius\/#primaryimage\"},\"thumbnailUrl\":\"https:\/\/toppikpolska.pl\/wp-content\/uploads\/2019\/04\/mikrowlokna-toppik-zestaw-aplikator-grzebien.webp\",\"datePublished\":\"2019-04-11T15:27:41+00:00\",\"description\":\"Mikropluo\u0161to storinantis plaukai 27,5 g + aplikatorius + plauk\u0173 linijos optimizatorius - Keratino mikropluo\u0161tai storina plaukus | Toppik Polska!\",\"breadcrumb\":{\"@id\":\"https:\/\/toppikpolska.pl\/lt\/produkt\/mikropluosto-storinantis-plaukai-275-g-aplikatorius-plauku-linijos-optimizatorius\/#breadcrumb\"},\"inLanguage\":\"lt-LT\",\"potentialAction\":[{\"@type\":\"ReadAction\",\"target\":[\"https:\/\/toppikpolska.pl\/lt\/produkt\/mikropluosto-storinantis-plaukai-275-g-aplikatorius-plauku-linijos-optimizatorius\/\"]}]},{\"@type\":\"ImageObject\",\"inLanguage\":\"lt-LT\",\"@id\":\"https:\/\/toppikpolska.pl\/lt\/produkt\/mikropluosto-storinantis-plaukai-275-g-aplikatorius-plauku-linijos-optimizatorius\/#primaryimage\",\"url\":\"https:\/\/toppikpolska.pl\/wp-content\/uploads\/2019\/04\/mikrowlokna-toppik-zestaw-aplikator-grzebien.webp\",\"contentUrl\":\"https:\/\/toppikpolska.pl\/wp-content\/uploads\/2019\/04\/mikrowlokna-toppik-zestaw-aplikator-grzebien.webp\",\"width\":600,\"height\":600,\"caption\":\"mikrow\u0142\u00f3kna toppik zestaw aplikator grzebie\u0144\"},{\"@type\":\"BreadcrumbList\",\"@id\":\"https:\/\/toppikpolska.pl\/lt\/produkt\/mikropluosto-storinantis-plaukai-275-g-aplikatorius-plauku-linijos-optimizatorius\/#breadcrumb\",\"itemListElement\":[{\"@type\":\"ListItem\",\"position\":1,\"name\":\"Pagrindinis puslapis\",\"item\":\"https:\/\/toppikpolska.pl\/lt\/\"},{\"@type\":\"ListItem\",\"position\":2,\"name\":\"Parduotuv\u0117\",\"item\":\"https:\/\/toppikpolska.pl\/lt\/parduotuve\/\"},{\"@type\":\"ListItem\",\"position\":3,\"name\":\"Mikropluo\u0161to storinantis plaukai 27,5 g + aplikatorius + plauk\u0173 linijos optimizatorius\"}]},{\"@type\":\"WebSite\",\"@id\":\"https:\/\/toppikpolska.pl\/lt\/#website\",\"url\":\"https:\/\/toppikpolska.pl\/lt\/\",\"name\":\"Plauk\u0173 skaidulos, keratinas, stor\u0117jimas \u2014 Toppik Lietuva\",\"description\":\"\",\"publisher\":{\"@id\":\"https:\/\/toppikpolska.pl\/lt\/#organization\"},\"potentialAction\":[{\"@type\":\"SearchAction\",\"target\":{\"@type\":\"EntryPoint\",\"urlTemplate\":\"https:\/\/toppikpolska.pl\/lt\/?s={search_term_string}\"},\"query-input\":{\"@type\":\"PropertyValueSpecification\",\"valueRequired\":true,\"valueName\":\"search_term_string\"}}],\"inLanguage\":\"lt-LT\"},{\"@type\":\"Organization\",\"@id\":\"https:\/\/toppikpolska.pl\/lt\/#organization\",\"name\":\"Plauk\u0173 skaidulos, keratinas, stor\u0117jimas \u2014 Toppik Lietuva\",\"url\":\"https:\/\/toppikpolska.pl\/lt\/\",\"logo\":{\"@type\":\"ImageObject\",\"inLanguage\":\"lt-LT\",\"@id\":\"https:\/\/toppikpolska.pl\/lt\/#\/schema\/logo\/image\/\",\"url\":\"https:\/\/toppikpolska.pl\/wp-content\/uploads\/2023\/09\/logo.png\",\"contentUrl\":\"https:\/\/toppikpolska.pl\/wp-content\/uploads\/2023\/09\/logo.png\",\"width\":105,\"height\":57,\"caption\":\"Plauk\u0173 skaidulos, keratinas, stor\u0117jimas \u2014 Toppik Lietuva\"},\"image\":{\"@id\":\"https:\/\/toppikpolska.pl\/lt\/#\/schema\/logo\/image\/\"}}]}<\/script>\n<!-- \/ Yoast SEO plugin. -->","yoast_head_json":{"title":"Mikropluo\u0161to storinantis plaukai 27,5 g + aplikatorius + plauk\u0173 linijos optimizatorius","description":"Mikropluo\u0161to storinantis plaukai 27,5 g + aplikatorius + plauk\u0173 linijos optimizatorius - Keratino mikropluo\u0161tai storina plaukus | Toppik Polska!","robots":{"index":"index","follow":"follow","max-snippet":"max-snippet:-1","max-image-preview":"max-image-preview:large","max-video-preview":"max-video-preview:-1"},"canonical":"https:\/\/toppikpolska.pl\/lt\/produkt\/mikropluosto-storinantis-plaukai-275-g-aplikatorius-plauku-linijos-optimizatorius\/","og_locale":"lt_LT","og_type":"article","og_title":"Mikropluo\u0161to storinantis plaukai 27,5 g + aplikatorius + plauk\u0173 linijos optimizatorius","og_description":"Mikropluo\u0161to storinantis plaukai 27,5 g + aplikatorius + plauk\u0173 linijos optimizatorius - Keratino mikropluo\u0161tai storina plaukus | Toppik Polska!","og_url":"https:\/\/toppikpolska.pl\/lt\/produkt\/mikropluosto-storinantis-plaukai-275-g-aplikatorius-plauku-linijos-optimizatorius\/","og_site_name":"Plauk\u0173 skaidulos, keratinas, stor\u0117jimas \u2014 Toppik Lietuva","og_image":[{"width":600,"height":600,"url":"https:\/\/toppikpolska.pl\/wp-content\/uploads\/2019\/04\/mikrowlokna-toppik-zestaw-aplikator-grzebien.webp","type":"image\/webp"}],"twitter_card":"summary_large_image","twitter_misc":{"Est. reading time":"2 minut\u0117s"},"schema":{"@context":"https:\/\/schema.org","@graph":[{"@type":"WebPage","@id":"https:\/\/toppikpolska.pl\/lt\/produkt\/mikropluosto-storinantis-plaukai-275-g-aplikatorius-plauku-linijos-optimizatorius\/","url":"https:\/\/toppikpolska.pl\/lt\/produkt\/mikropluosto-storinantis-plaukai-275-g-aplikatorius-plauku-linijos-optimizatorius\/","name":"Mikropluo\u0161to storinantis plaukai 27,5 g + aplikatorius + plauk\u0173 linijos optimizatorius","isPartOf":{"@id":"https:\/\/toppikpolska.pl\/lt\/#website"},"primaryImageOfPage":{"@id":"https:\/\/toppikpolska.pl\/lt\/produkt\/mikropluosto-storinantis-plaukai-275-g-aplikatorius-plauku-linijos-optimizatorius\/#primaryimage"},"image":{"@id":"https:\/\/toppikpolska.pl\/lt\/produkt\/mikropluosto-storinantis-plaukai-275-g-aplikatorius-plauku-linijos-optimizatorius\/#primaryimage"},"thumbnailUrl":"https:\/\/toppikpolska.pl\/wp-content\/uploads\/2019\/04\/mikrowlokna-toppik-zestaw-aplikator-grzebien.webp","datePublished":"2019-04-11T15:27:41+00:00","description":"Mikropluo\u0161to storinantis plaukai 27,5 g + aplikatorius + plauk\u0173 linijos optimizatorius - Keratino mikropluo\u0161tai storina plaukus | Toppik Polska!","breadcrumb":{"@id":"https:\/\/toppikpolska.pl\/lt\/produkt\/mikropluosto-storinantis-plaukai-275-g-aplikatorius-plauku-linijos-optimizatorius\/#breadcrumb"},"inLanguage":"lt-LT","potentialAction":[{"@type":"ReadAction","target":["https:\/\/toppikpolska.pl\/lt\/produkt\/mikropluosto-storinantis-plaukai-275-g-aplikatorius-plauku-linijos-optimizatorius\/"]}]},{"@type":"ImageObject","inLanguage":"lt-LT","@id":"https:\/\/toppikpolska.pl\/lt\/produkt\/mikropluosto-storinantis-plaukai-275-g-aplikatorius-plauku-linijos-optimizatorius\/#primaryimage","url":"https:\/\/toppikpolska.pl\/wp-content\/uploads\/2019\/04\/mikrowlokna-toppik-zestaw-aplikator-grzebien.webp","contentUrl":"https:\/\/toppikpolska.pl\/wp-content\/uploads\/2019\/04\/mikrowlokna-toppik-zestaw-aplikator-grzebien.webp","width":600,"height":600,"caption":"mikrow\u0142\u00f3kna toppik zestaw aplikator grzebie\u0144"},{"@type":"BreadcrumbList","@id":"https:\/\/toppikpolska.pl\/lt\/produkt\/mikropluosto-storinantis-plaukai-275-g-aplikatorius-plauku-linijos-optimizatorius\/#breadcrumb","itemListElement":[{"@type":"ListItem","position":1,"name":"Pagrindinis puslapis","item":"https:\/\/toppikpolska.pl\/lt\/"},{"@type":"ListItem","position":2,"name":"Parduotuv\u0117","item":"https:\/\/toppikpolska.pl\/lt\/parduotuve\/"},{"@type":"ListItem","position":3,"name":"Mikropluo\u0161to storinantis plaukai 27,5 g + aplikatorius + plauk\u0173 linijos optimizatorius"}]},{"@type":"WebSite","@id":"https:\/\/toppikpolska.pl\/lt\/#website","url":"https:\/\/toppikpolska.pl\/lt\/","name":"Plauk\u0173 skaidulos, keratinas, stor\u0117jimas \u2014 Toppik Lietuva","description":"","publisher":{"@id":"https:\/\/toppikpolska.pl\/lt\/#organization"},"potentialAction":[{"@type":"SearchAction","target":{"@type":"EntryPoint","urlTemplate":"https:\/\/toppikpolska.pl\/lt\/?s={search_term_string}"},"query-input":{"@type":"PropertyValueSpecification","valueRequired":true,"valueName":"search_term_string"}}],"inLanguage":"lt-LT"},{"@type":"Organization","@id":"https:\/\/toppikpolska.pl\/lt\/#organization","name":"Plauk\u0173 skaidulos, keratinas, stor\u0117jimas \u2014 Toppik Lietuva","url":"https:\/\/toppikpolska.pl\/lt\/","logo":{"@type":"ImageObject","inLanguage":"lt-LT","@id":"https:\/\/toppikpolska.pl\/lt\/#\/schema\/logo\/image\/","url":"https:\/\/toppikpolska.pl\/wp-content\/uploads\/2023\/09\/logo.png","contentUrl":"https:\/\/toppikpolska.pl\/wp-content\/uploads\/2023\/09\/logo.png","width":105,"height":57,"caption":"Plauk\u0173 skaidulos, keratinas, stor\u0117jimas \u2014 Toppik Lietuva"},"image":{"@id":"https:\/\/toppikpolska.pl\/lt\/#\/schema\/logo\/image\/"}}]}},"_links":{"self":[{"href":"https:\/\/toppikpolska.pl\/lt\/wp-json\/wp\/v2\/product\/10295","targetHints":{"allow":["GET"]}}],"collection":[{"href":"https:\/\/toppikpolska.pl\/lt\/wp-json\/wp\/v2\/product"}],"about":[{"href":"https:\/\/toppikpolska.pl\/lt\/wp-json\/wp\/v2\/types\/product"}],"replies":[{"embeddable":true,"href":"https:\/\/toppikpolska.pl\/lt\/wp-json\/wp\/v2\/comments?post=10295"}],"wp:featuredmedia":[{"embeddable":true,"href":"https:\/\/toppikpolska.pl\/lt\/wp-json\/wp\/v2\/media\/7779"}],"wp:attachment":[{"href":"https:\/\/toppikpolska.pl\/lt\/wp-json\/wp\/v2\/media?parent=10295"}],"wp:term":[{"taxonomy":"product_brand","embeddable":true,"href":"https:\/\/toppikpolska.pl\/lt\/wp-json\/wp\/v2\/product_brand?post=10295"},{"taxonomy":"product_cat","embeddable":true,"href":"https:\/\/toppikpolska.pl\/lt\/wp-json\/wp\/v2\/product_cat?post=10295"},{"taxonomy":"product_tag","embeddable":true,"href":"https:\/\/toppikpolska.pl\/lt\/wp-json\/wp\/v2\/product_tag?post=10295"}],"curies":[{"name":"wp","href":"https:\/\/api.w.org\/{rel}","templated":true}]}}