{"id":9565,"date":"2025-05-30T16:08:02","date_gmt":"2025-05-30T14:08:02","guid":{"rendered":"https:\/\/toppikpolska.pl\/produkt\/mikropluosto-plauku-tirstiklis-12g-plauku-linijos-optimizatorius\/"},"modified":"2025-10-10T08:38:35","modified_gmt":"2025-10-10T06:38:35","slug":"mikropluosto-plauku-tirstiklis-12g-plauku-linijos-optimizatorius","status":"publish","type":"product","link":"https:\/\/toppikpolska.pl\/lt\/produkt\/mikropluosto-plauku-tirstiklis-12g-plauku-linijos-optimizatorius\/","title":{"rendered":"Mikropluo\u0161to plauk\u0173 tir\u0161tiklis 12g + plauk\u0173 linijos optimizatorius"},"content":{"rendered":"<p><strong>K\u0104 DAR TUR\u0116TUM\u0116TE \u017dINOTI?<\/strong><br \/>\nToppik pluo\u0161tai yra atspar\u016bs lietui, v\u0117jui ir prakaitui, tod\u0117l suteiks vartotojui ilgalaik\u012f norim\u0105 efekt\u0105 nepriklausomai nuo oro s\u0105lyg\u0173. Jie yra net devyni\u0173 atspalvi\u0173, tod\u0117l galite juos derinti su beveik bet kokios spalvos plaukais. Produktas taip pat puikiai tinka vietin\u0117ms restauracijoms, maskuojant restauravimo sistem\u0173 priedus ir u\u017epildant plauk\u0173 defektus tarp da\u017eymo seans\u0173. Produktas lengvai nuplaunamas vandeniu ir \u0161amp\u016bnu.   <\/p>\n<p><strong>KOKS PRODUKTAS APIB\u016aDINAMAS?<\/strong><br \/>\n&#8222;Toppik Optimizing Comb&#8221; yra produktas, leid\u017eiantis lengviau i\u0161laikyti nat\u016brali\u0105 plauk\u0173 linij\u0105 tepant &#8222;Toppik&#8221; pluo\u0161tus.<\/p>\n<p>PRODUKTO<br \/>\n <strong>NAUDOJIMO PRANA\u0160UMAI<\/strong>\u2022 I\u0161vengia nenat\u016bralios i\u0161vaizdos po \u0161eri\u0173<br \/>\n\u2022 Padaro plaukus nat\u016bralius ir storus<br \/>\n\u2022 Neleid\u017eia \u0161ereliams nukristi ant kaktos<\/p>\n<p><strong>K\u0104 DAR TUR\u0116TUM\u0116TE \u017dINOTI?<\/strong><br \/>\nJei norite pasiekti dar labiau patenkinam\u0173 rezultat\u0173, rekomenduojama naudoti special\u0173 Toppik aplikatori\u0173.<\/p>\n<h3>Tikslus mikropluo\u0161to u\u017etepimas su Toppik 12g \u0161ukomis<\/h3>\n<p>Toppik 12g \u0161ukos yra nepakei\u010diama plauk\u0173 storinimo proceso priemon\u0117, sukurta specialiai mikropluo\u0161tams tepti. D\u0117l ergonomi\u0161kos formos ir tiksli\u0173 dant\u0173 \u0161ukos leid\u017eia pluo\u0161tus tolygiai paskirstyti plaukams, o tai garantuoja nat\u016brali\u0105 ir tanki\u0105 i\u0161vaizd\u0105. \u0160is aplikatorius puikiai tinka turintiems plonus plaukus, tod\u0117l lengvai sutir\u0161tina plaukus, suma\u017eina produkto \u0161vaistym\u0105 ir suteikia ilgalaik\u012f efekt\u0105 vis\u0105 dien\u0105. Toppik 12g \u0161ukos yra lengvos ir lengvai naudojamos, tod\u0117l kasdien\u0117 prie\u017ei\u016bra yra greita ir efektyvi. Tai palengvina plauk\u0173 stor\u0117jim\u0105 nei bet kada anks\u010diau, tod\u0117l galite m\u0117gautis pilnesne \u0161ukuosena nesilankant pas specialist\u0105.    <\/p>\n<h3>Universalios \u0161ukos storiems ir sveikiems plaukams<\/h3>\n<p>Toppik 12g \u0161ukos yra ne tik pluo\u0161to aplikatorius, bet ir universali priemon\u0117 kasdienei stor\u0173 plauk\u0173 prie\u017ei\u016brai. Specialiai sukurt\u0173 dant\u0173 d\u0117ka \u0161ukos puikiai \u0161ukuoja plonus plaukus, apsaugo nuo pa\u017eeidim\u0173 ir trapumo. Idealiai tinka naudoti tiek sausiems, tiek dr\u0117gniems plaukams, \u0161ukos palaiko plauk\u0173 stor\u0117jimo proces\u0105, padidina j\u0173 apimt\u012f ir pilnum\u0105. Be to, Toppik 12g \u0161ukos veikia su kitais m\u016bs\u0173 asortimento produktais, tokiais kaip \u0161amp\u016bnai ir stiprinamieji kondicionieriai, kad sukurt\u0173 visapusi\u0161k\u0105 plauk\u0173 storinimo sistem\u0105. D\u0117l \u0161ios prie\u017easties vartotojai kiekvien\u0105 dien\u0105 gali d\u017eiaugtis ne tik storais, bet ir sveikais bei \u017evilgan\u010diais plaukais. Toppik 12g \u0161ukos yra puikus sprendimas ie\u0161kantiems efektyvi\u0173 plauk\u0173 storinimo b\u016bd\u0173 be kompromis\u0173.     <\/p>\n","protected":false},"excerpt":{"rendered":"<p>Sutaupykite net 8 PLN pirkdami &#8222;Toppik Hair Fibers&#8221; 12 g rinkin\u012f ir &#8222;Toppik&#8221; optimizuojan\u010dias \u0161ukas!<\/p>\n<p><strong>KOKS PRODUKTAS APIB\u016aDINAMAS?<\/strong><br \/>\nToppik papildomi pluo\u0161tai gaminami da\u017eyt\u0173 keratino pluo\u0161t\u0173 pagrindu, kurie puikiai \u012fsiskverbia \u012f plaukus ir akimirksniu juos vizualiai sutir\u0161tina bei sutir\u0161tina.<\/p>\n<p>PRODUKTO<br \/>\n <strong>NAUDOJIMO PRANA\u0160UMAI<\/strong>\u2022 Akimirksniu u\u017epildo ret\u0117jan\u010di\u0173 plauk\u0173<br \/>\n vietas\u2022 Padengia plauk\u0173<br \/>\n slinkim\u0105\u2022 Sukuria stor\u0173 ir stor\u0173 plauk\u0173<br \/>\n efekt\u0105\u2022 Puikiai tinka kaip \u0161ukuosenos papildymas tarp da\u017eymo seans\u0173<\/p>\n","protected":false},"featured_media":6070,"comment_status":"closed","ping_status":"closed","template":"","meta":[],"product_brand":[],"product_cat":[37],"product_tag":[],"class_list":{"0":"post-9565","1":"product","2":"type-product","3":"status-publish","4":"has-post-thumbnail","6":"product_cat-bez-kategorii","8":"first","9":"instock","10":"shipping-taxable","11":"purchasable","12":"product-type-variable"},"yoast_head":"<!-- This site is optimized with the Yoast SEO plugin v26.6 - https:\/\/yoast.com\/wordpress\/plugins\/seo\/ -->\n<title>Mikropluo\u0161to plauk\u0173 tir\u0161tiklis 12g + plauk\u0173 linijos optimizatorius<\/title>\n<meta name=\"description\" content=\"Mikropluo\u0161to plauk\u0173 tir\u0161tiklis 12g + plauk\u0173 linijos optimizatorius - Keratino mikropluo\u0161tai storina plaukus | Toppik Polska!\" \/>\n<meta name=\"robots\" content=\"index, follow, max-snippet:-1, max-image-preview:large, max-video-preview:-1\" \/>\n<link rel=\"canonical\" href=\"https:\/\/toppikpolska.pl\/lt\/produkt\/mikropluosto-plauku-tirstiklis-12g-plauku-linijos-optimizatorius\/\" \/>\n<meta property=\"og:locale\" content=\"lt_LT\" \/>\n<meta property=\"og:type\" content=\"article\" \/>\n<meta property=\"og:title\" content=\"Mikropluo\u0161to plauk\u0173 tir\u0161tiklis 12g + plauk\u0173 linijos optimizatorius\" \/>\n<meta property=\"og:description\" content=\"Mikropluo\u0161to plauk\u0173 tir\u0161tiklis 12g + plauk\u0173 linijos optimizatorius - Keratino mikropluo\u0161tai storina plaukus | Toppik Polska!\" \/>\n<meta property=\"og:url\" content=\"https:\/\/toppikpolska.pl\/lt\/produkt\/mikropluosto-plauku-tirstiklis-12g-plauku-linijos-optimizatorius\/\" \/>\n<meta property=\"og:site_name\" content=\"Plauk\u0173 skaidulos, keratinas, stor\u0117jimas \u2014 Toppik Lietuva\" \/>\n<meta property=\"article:modified_time\" content=\"2025-10-10T06:38:35+00:00\" \/>\n<meta property=\"og:image\" content=\"https:\/\/toppikpolska.pl\/wp-content\/uploads\/2025\/03\/toppik12_optimizer.jpg\" \/>\n\t<meta property=\"og:image:width\" content=\"900\" \/>\n\t<meta property=\"og:image:height\" content=\"900\" \/>\n\t<meta property=\"og:image:type\" content=\"image\/jpeg\" \/>\n<meta name=\"twitter:card\" content=\"summary_large_image\" \/>\n<meta name=\"twitter:label1\" content=\"Est. reading time\" \/>\n\t<meta name=\"twitter:data1\" content=\"2 minut\u0117s\" \/>\n<script type=\"application\/ld+json\" class=\"yoast-schema-graph\">{\"@context\":\"https:\/\/schema.org\",\"@graph\":[{\"@type\":\"WebPage\",\"@id\":\"https:\/\/toppikpolska.pl\/lt\/produkt\/mikropluosto-plauku-tirstiklis-12g-plauku-linijos-optimizatorius\/\",\"url\":\"https:\/\/toppikpolska.pl\/lt\/produkt\/mikropluosto-plauku-tirstiklis-12g-plauku-linijos-optimizatorius\/\",\"name\":\"Mikropluo\u0161to plauk\u0173 tir\u0161tiklis 12g + plauk\u0173 linijos optimizatorius\",\"isPartOf\":{\"@id\":\"https:\/\/toppikpolska.pl\/lt\/#website\"},\"primaryImageOfPage\":{\"@id\":\"https:\/\/toppikpolska.pl\/lt\/produkt\/mikropluosto-plauku-tirstiklis-12g-plauku-linijos-optimizatorius\/#primaryimage\"},\"image\":{\"@id\":\"https:\/\/toppikpolska.pl\/lt\/produkt\/mikropluosto-plauku-tirstiklis-12g-plauku-linijos-optimizatorius\/#primaryimage\"},\"thumbnailUrl\":\"https:\/\/toppikpolska.pl\/wp-content\/uploads\/2025\/03\/toppik12_optimizer.jpg\",\"datePublished\":\"2025-05-30T14:08:02+00:00\",\"dateModified\":\"2025-10-10T06:38:35+00:00\",\"description\":\"Mikropluo\u0161to plauk\u0173 tir\u0161tiklis 12g + plauk\u0173 linijos optimizatorius - Keratino mikropluo\u0161tai storina plaukus | Toppik Polska!\",\"breadcrumb\":{\"@id\":\"https:\/\/toppikpolska.pl\/lt\/produkt\/mikropluosto-plauku-tirstiklis-12g-plauku-linijos-optimizatorius\/#breadcrumb\"},\"inLanguage\":\"lt-LT\",\"potentialAction\":[{\"@type\":\"ReadAction\",\"target\":[\"https:\/\/toppikpolska.pl\/lt\/produkt\/mikropluosto-plauku-tirstiklis-12g-plauku-linijos-optimizatorius\/\"]}]},{\"@type\":\"ImageObject\",\"inLanguage\":\"lt-LT\",\"@id\":\"https:\/\/toppikpolska.pl\/lt\/produkt\/mikropluosto-plauku-tirstiklis-12g-plauku-linijos-optimizatorius\/#primaryimage\",\"url\":\"https:\/\/toppikpolska.pl\/wp-content\/uploads\/2025\/03\/toppik12_optimizer.jpg\",\"contentUrl\":\"https:\/\/toppikpolska.pl\/wp-content\/uploads\/2025\/03\/toppik12_optimizer.jpg\",\"width\":900,\"height\":900,\"caption\":\"Zestaw Toppik 12g + optimizer\"},{\"@type\":\"BreadcrumbList\",\"@id\":\"https:\/\/toppikpolska.pl\/lt\/produkt\/mikropluosto-plauku-tirstiklis-12g-plauku-linijos-optimizatorius\/#breadcrumb\",\"itemListElement\":[{\"@type\":\"ListItem\",\"position\":1,\"name\":\"Pagrindinis puslapis\",\"item\":\"https:\/\/toppikpolska.pl\/lt\/\"},{\"@type\":\"ListItem\",\"position\":2,\"name\":\"Parduotuv\u0117\",\"item\":\"https:\/\/toppikpolska.pl\/lt\/parduotuve\/\"},{\"@type\":\"ListItem\",\"position\":3,\"name\":\"Mikropluo\u0161to plauk\u0173 tir\u0161tiklis 12g + plauk\u0173 linijos optimizatorius\"}]},{\"@type\":\"WebSite\",\"@id\":\"https:\/\/toppikpolska.pl\/lt\/#website\",\"url\":\"https:\/\/toppikpolska.pl\/lt\/\",\"name\":\"Plauk\u0173 skaidulos, keratinas, stor\u0117jimas \u2014 Toppik Lietuva\",\"description\":\"\",\"publisher\":{\"@id\":\"https:\/\/toppikpolska.pl\/lt\/#organization\"},\"potentialAction\":[{\"@type\":\"SearchAction\",\"target\":{\"@type\":\"EntryPoint\",\"urlTemplate\":\"https:\/\/toppikpolska.pl\/lt\/?s={search_term_string}\"},\"query-input\":{\"@type\":\"PropertyValueSpecification\",\"valueRequired\":true,\"valueName\":\"search_term_string\"}}],\"inLanguage\":\"lt-LT\"},{\"@type\":\"Organization\",\"@id\":\"https:\/\/toppikpolska.pl\/lt\/#organization\",\"name\":\"Plauk\u0173 skaidulos, keratinas, stor\u0117jimas \u2014 Toppik Lietuva\",\"url\":\"https:\/\/toppikpolska.pl\/lt\/\",\"logo\":{\"@type\":\"ImageObject\",\"inLanguage\":\"lt-LT\",\"@id\":\"https:\/\/toppikpolska.pl\/lt\/#\/schema\/logo\/image\/\",\"url\":\"https:\/\/toppikpolska.pl\/wp-content\/uploads\/2023\/09\/logo.png\",\"contentUrl\":\"https:\/\/toppikpolska.pl\/wp-content\/uploads\/2023\/09\/logo.png\",\"width\":105,\"height\":57,\"caption\":\"Plauk\u0173 skaidulos, keratinas, stor\u0117jimas \u2014 Toppik Lietuva\"},\"image\":{\"@id\":\"https:\/\/toppikpolska.pl\/lt\/#\/schema\/logo\/image\/\"}}]}<\/script>\n<!-- \/ Yoast SEO plugin. -->","yoast_head_json":{"title":"Mikropluo\u0161to plauk\u0173 tir\u0161tiklis 12g + plauk\u0173 linijos optimizatorius","description":"Mikropluo\u0161to plauk\u0173 tir\u0161tiklis 12g + plauk\u0173 linijos optimizatorius - Keratino mikropluo\u0161tai storina plaukus | Toppik Polska!","robots":{"index":"index","follow":"follow","max-snippet":"max-snippet:-1","max-image-preview":"max-image-preview:large","max-video-preview":"max-video-preview:-1"},"canonical":"https:\/\/toppikpolska.pl\/lt\/produkt\/mikropluosto-plauku-tirstiklis-12g-plauku-linijos-optimizatorius\/","og_locale":"lt_LT","og_type":"article","og_title":"Mikropluo\u0161to plauk\u0173 tir\u0161tiklis 12g + plauk\u0173 linijos optimizatorius","og_description":"Mikropluo\u0161to plauk\u0173 tir\u0161tiklis 12g + plauk\u0173 linijos optimizatorius - Keratino mikropluo\u0161tai storina plaukus | Toppik Polska!","og_url":"https:\/\/toppikpolska.pl\/lt\/produkt\/mikropluosto-plauku-tirstiklis-12g-plauku-linijos-optimizatorius\/","og_site_name":"Plauk\u0173 skaidulos, keratinas, stor\u0117jimas \u2014 Toppik Lietuva","article_modified_time":"2025-10-10T06:38:35+00:00","og_image":[{"width":900,"height":900,"url":"https:\/\/toppikpolska.pl\/wp-content\/uploads\/2025\/03\/toppik12_optimizer.jpg","type":"image\/jpeg"}],"twitter_card":"summary_large_image","twitter_misc":{"Est. reading time":"2 minut\u0117s"},"schema":{"@context":"https:\/\/schema.org","@graph":[{"@type":"WebPage","@id":"https:\/\/toppikpolska.pl\/lt\/produkt\/mikropluosto-plauku-tirstiklis-12g-plauku-linijos-optimizatorius\/","url":"https:\/\/toppikpolska.pl\/lt\/produkt\/mikropluosto-plauku-tirstiklis-12g-plauku-linijos-optimizatorius\/","name":"Mikropluo\u0161to plauk\u0173 tir\u0161tiklis 12g + plauk\u0173 linijos optimizatorius","isPartOf":{"@id":"https:\/\/toppikpolska.pl\/lt\/#website"},"primaryImageOfPage":{"@id":"https:\/\/toppikpolska.pl\/lt\/produkt\/mikropluosto-plauku-tirstiklis-12g-plauku-linijos-optimizatorius\/#primaryimage"},"image":{"@id":"https:\/\/toppikpolska.pl\/lt\/produkt\/mikropluosto-plauku-tirstiklis-12g-plauku-linijos-optimizatorius\/#primaryimage"},"thumbnailUrl":"https:\/\/toppikpolska.pl\/wp-content\/uploads\/2025\/03\/toppik12_optimizer.jpg","datePublished":"2025-05-30T14:08:02+00:00","dateModified":"2025-10-10T06:38:35+00:00","description":"Mikropluo\u0161to plauk\u0173 tir\u0161tiklis 12g + plauk\u0173 linijos optimizatorius - Keratino mikropluo\u0161tai storina plaukus | Toppik Polska!","breadcrumb":{"@id":"https:\/\/toppikpolska.pl\/lt\/produkt\/mikropluosto-plauku-tirstiklis-12g-plauku-linijos-optimizatorius\/#breadcrumb"},"inLanguage":"lt-LT","potentialAction":[{"@type":"ReadAction","target":["https:\/\/toppikpolska.pl\/lt\/produkt\/mikropluosto-plauku-tirstiklis-12g-plauku-linijos-optimizatorius\/"]}]},{"@type":"ImageObject","inLanguage":"lt-LT","@id":"https:\/\/toppikpolska.pl\/lt\/produkt\/mikropluosto-plauku-tirstiklis-12g-plauku-linijos-optimizatorius\/#primaryimage","url":"https:\/\/toppikpolska.pl\/wp-content\/uploads\/2025\/03\/toppik12_optimizer.jpg","contentUrl":"https:\/\/toppikpolska.pl\/wp-content\/uploads\/2025\/03\/toppik12_optimizer.jpg","width":900,"height":900,"caption":"Zestaw Toppik 12g + optimizer"},{"@type":"BreadcrumbList","@id":"https:\/\/toppikpolska.pl\/lt\/produkt\/mikropluosto-plauku-tirstiklis-12g-plauku-linijos-optimizatorius\/#breadcrumb","itemListElement":[{"@type":"ListItem","position":1,"name":"Pagrindinis puslapis","item":"https:\/\/toppikpolska.pl\/lt\/"},{"@type":"ListItem","position":2,"name":"Parduotuv\u0117","item":"https:\/\/toppikpolska.pl\/lt\/parduotuve\/"},{"@type":"ListItem","position":3,"name":"Mikropluo\u0161to plauk\u0173 tir\u0161tiklis 12g + plauk\u0173 linijos optimizatorius"}]},{"@type":"WebSite","@id":"https:\/\/toppikpolska.pl\/lt\/#website","url":"https:\/\/toppikpolska.pl\/lt\/","name":"Plauk\u0173 skaidulos, keratinas, stor\u0117jimas \u2014 Toppik Lietuva","description":"","publisher":{"@id":"https:\/\/toppikpolska.pl\/lt\/#organization"},"potentialAction":[{"@type":"SearchAction","target":{"@type":"EntryPoint","urlTemplate":"https:\/\/toppikpolska.pl\/lt\/?s={search_term_string}"},"query-input":{"@type":"PropertyValueSpecification","valueRequired":true,"valueName":"search_term_string"}}],"inLanguage":"lt-LT"},{"@type":"Organization","@id":"https:\/\/toppikpolska.pl\/lt\/#organization","name":"Plauk\u0173 skaidulos, keratinas, stor\u0117jimas \u2014 Toppik Lietuva","url":"https:\/\/toppikpolska.pl\/lt\/","logo":{"@type":"ImageObject","inLanguage":"lt-LT","@id":"https:\/\/toppikpolska.pl\/lt\/#\/schema\/logo\/image\/","url":"https:\/\/toppikpolska.pl\/wp-content\/uploads\/2023\/09\/logo.png","contentUrl":"https:\/\/toppikpolska.pl\/wp-content\/uploads\/2023\/09\/logo.png","width":105,"height":57,"caption":"Plauk\u0173 skaidulos, keratinas, stor\u0117jimas \u2014 Toppik Lietuva"},"image":{"@id":"https:\/\/toppikpolska.pl\/lt\/#\/schema\/logo\/image\/"}}]}},"_links":{"self":[{"href":"https:\/\/toppikpolska.pl\/lt\/wp-json\/wp\/v2\/product\/9565","targetHints":{"allow":["GET"]}}],"collection":[{"href":"https:\/\/toppikpolska.pl\/lt\/wp-json\/wp\/v2\/product"}],"about":[{"href":"https:\/\/toppikpolska.pl\/lt\/wp-json\/wp\/v2\/types\/product"}],"replies":[{"embeddable":true,"href":"https:\/\/toppikpolska.pl\/lt\/wp-json\/wp\/v2\/comments?post=9565"}],"wp:featuredmedia":[{"embeddable":true,"href":"https:\/\/toppikpolska.pl\/lt\/wp-json\/wp\/v2\/media\/6070"}],"wp:attachment":[{"href":"https:\/\/toppikpolska.pl\/lt\/wp-json\/wp\/v2\/media?parent=9565"}],"wp:term":[{"taxonomy":"product_brand","embeddable":true,"href":"https:\/\/toppikpolska.pl\/lt\/wp-json\/wp\/v2\/product_brand?post=9565"},{"taxonomy":"product_cat","embeddable":true,"href":"https:\/\/toppikpolska.pl\/lt\/wp-json\/wp\/v2\/product_cat?post=9565"},{"taxonomy":"product_tag","embeddable":true,"href":"https:\/\/toppikpolska.pl\/lt\/wp-json\/wp\/v2\/product_tag?post=9565"}],"curies":[{"name":"wp","href":"https:\/\/api.w.org\/{rel}","templated":true}]}}