{"id":9592,"date":"2019-01-25T15:48:04","date_gmt":"2019-01-25T14:48:04","guid":{"rendered":"https:\/\/toppikpolska.pl\/produkt\/toppik-aplikatorius\/"},"modified":"2025-10-10T13:29:57","modified_gmt":"2025-10-10T11:29:57","slug":"toppik-aplikatorius","status":"publish","type":"product","link":"https:\/\/toppikpolska.pl\/lt\/produkt\/toppik-aplikatorius\/","title":{"rendered":"Toppik aplikatorius"},"content":{"rendered":"<h3>Kas apra\u0161ytas produktas?<\/h3>\n<p>&#8222;Toppik&#8221; aplikatorius yra patentuotas produktas, kur\u012f galima pritvirtinti prie buteli\u0173 su ekonomi\u0161kais ir standartinio dyd\u017eio &#8222;Toppik&#8221; pluo\u0161tais, kad padid\u0117t\u0173 naudojimo tikslumas.<\/p>\n<h3>Tikslus tepimas tobulam plauk\u0173 sustor\u0117jimui<\/h3>\n<p>Toppik aplikatoriaus pur\u0161kiklis yra b\u016btina priemon\u0117 tiems, kurie nori pasiekti nat\u016bral\u0173 ir nuolatin\u012f plauk\u0173 sustor\u0117jim\u0105. D\u0117l ergonomi\u0161ko dizaino ir tikslaus pur\u0161kimo toppik aplikatorius leid\u017eia tolygiai tepti mikropluo\u0161tus ant plon\u0173 ir plon\u0173 plauk\u0173 dali\u0173. Plauk\u0173 storinimo aplikatorius garantuoja paprast\u0105 naudojim\u0105, suma\u017eina produkto atliek\u0173 kiek\u012f ir suteikia storiems plaukams nat\u016brali\u0105 i\u0161vaizd\u0105. Nesvarbu, ar naudojate j\u012f su plauk\u0173 \u012ftrynimais, da\u017eais ar kitomis prie\u017ei\u016bros priemon\u0117mis, pur\u0161kiamas aplikatorius puikiai tinka j\u016bs\u0173 kasdienei odos prie\u017ei\u016bros rutinai, padidina efektyvum\u0105 ir naudojimo patogum\u0105. Naudojant \u0161i\u0105 priemon\u0119, plauk\u0173 stor\u0117jimo procesas tampa greitas, tikslus ir be r\u016bpes\u010di\u0173, tod\u0117l kiekvien\u0105 dien\u0105 gal\u0117site d\u017eiaugtis pilnesne ir storesne \u0161ukuosena.    <\/p>\n<h3>Universalus aplikatorius \u012fvairioms prie\u017ei\u016bros reikm\u0117ms<\/h3>\n<p>Toppik plauk\u0173 trynimo, da\u017eymo ar storinimo aplikatorius yra universali priemon\u0117, kuri pateisins net i\u0161rankiausi\u0173 vartotoj\u0173 l\u016bkes\u010dius. Su galimybe reguliuoti pur\u0161kimo sraut\u0105, toppik aplikatorius leid\u017eia pritaikyti produkto kiek\u012f pagal individualius poreikius, o tai labai svarbu norint pasiekti storus plaukus be did\u017eiulio efekto. Idealiai tinka tiek profesionalams, tiek tiems, kurie naudoja produktus namuose, plauk\u0173 da\u017e\u0173 aplikatorius u\u017etikrina, kad da\u017eai pasiskirstyt\u0173 tolygiai, suma\u017einant d\u0117mi\u0173 ir netolygaus da\u017eymo rizik\u0105. D\u0117l patvaraus dizaino ir lengvo valymo jis yra nepakei\u010diama priemon\u0117 bet kuriame kosmetikos krep\u0161yje, palaikanti efektyv\u0173 plauk\u0173 stor\u0117jim\u0105 ir visapusi\u0161k\u0105 prie\u017ei\u016br\u0105. Naudojant \u0161\u012f aplikatori\u0173, kiekvienas plauk\u0173 prie\u017ei\u016bros proceso \u017eingsnis tampa paprastesnis ir efektyvesnis, leid\u017eiantis lengvai pasiekti svajoni\u0173 \u0161ukuosen\u0105.    <\/p>\n<h3>Produkto naudojimo prana\u0161umai<\/h3>\n<p>\u2022 Palengvina tikslesn\u012f pluo\u0161t\u0173 pritaikym\u0105 tam tikrose galvos vietose<br \/>\n\u2022 Tiksliai tepamas ant ma\u017e\u0173 plaukuotos odos d\u0117mi\u0173<\/p>\n<h3>K\u0105 dar tur\u0117tum\u0117te \u017einoti?<\/h3>\n<p>Naudokite ir aplikatori\u0173, ir optimizuojan\u010dias \u0161ukas, kai tepate pluo\u0161tus plauk\u0173 linijos srityje. Aplikatoriumi taip pat galite tepti pluo\u0161tus visame plote, pasl\u0117pti \u017eilus plaukus ar priaugint\u0173 viet\u0173 vietas. Aplikatori\u0173 galima tepti ant buteliuk\u0173 su standartinio (12 g) ir ekonominio dyd\u017eio (27,5 g) pluo\u0161tais.  <\/p>\n","protected":false},"excerpt":{"rendered":"<p><strong>KOKS PRODUKTAS APIB\u016aDINAMAS?<\/strong><br \/>\n&#8222;Toppik&#8221; aplikatorius yra patentuotas produktas, kur\u012f galima pritvirtinti prie buteli\u0173 su ekonomi\u0161kais ir standartinio dyd\u017eio &#8222;Toppik&#8221; pluo\u0161tais, kad padid\u0117t\u0173 naudojimo tikslumas.<\/p>\n<p>PRODUKTO<br \/>\n <strong>NAUDOJIMO PRANA\u0160UMAI<\/strong>\u2022 Palengvina tikslesn\u012f pluo\u0161t\u0173 tepim\u0105 tam tikrose galvos odos vietose<br \/>\n\u2022 U\u017etikrina tiksl\u0173 tepim\u0105 ant ma\u017e\u0173 plaukuotos odos d\u0117mi\u0173<\/p>\n<p><strong>K\u0104 DAR TUR\u0116TUM\u0116TE \u017dINOTI?<\/strong><br \/>\nNaudokite ir aplikatori\u0173, ir optimizuojan\u010dias \u0161ukas, kai tepate pluo\u0161tus plauk\u0173 linijos srityje. Aplikatoriumi taip pat galite tepti pluo\u0161tus visame plote, pasl\u0117pti \u017eilus plaukus ar priaugint\u0173 viet\u0173 vietas. Aplikatori\u0173 galima tepti ant buteliuk\u0173 su standartinio (12 g) ir ekonominio dyd\u017eio (27,5 g) pluo\u0161tais.  <\/p>\n","protected":false},"featured_media":126,"comment_status":"closed","ping_status":"closed","template":"","meta":[],"product_brand":[],"product_cat":[37],"product_tag":[],"class_list":{"0":"post-9592","1":"product","2":"type-product","3":"status-publish","4":"has-post-thumbnail","6":"product_cat-bez-kategorii","8":"first","9":"instock","10":"purchasable","11":"product-type-simple"},"yoast_head":"<!-- This site is optimized with the Yoast SEO plugin v26.6 - https:\/\/yoast.com\/wordpress\/plugins\/seo\/ -->\n<title>Toppik aplikatorius<\/title>\n<meta name=\"description\" content=\"Toppik aplikatorius - Keratino mikropluo\u0161tai storina plaukus | Toppik Polska!\" \/>\n<meta name=\"robots\" content=\"index, follow, max-snippet:-1, max-image-preview:large, max-video-preview:-1\" \/>\n<link rel=\"canonical\" href=\"https:\/\/toppikpolska.pl\/lt\/produkt\/toppik-aplikatorius\/\" \/>\n<meta property=\"og:locale\" content=\"lt_LT\" \/>\n<meta property=\"og:type\" content=\"article\" \/>\n<meta property=\"og:title\" content=\"Toppik aplikatorius\" \/>\n<meta property=\"og:description\" content=\"Toppik aplikatorius - Keratino mikropluo\u0161tai storina plaukus | Toppik Polska!\" \/>\n<meta property=\"og:url\" content=\"https:\/\/toppikpolska.pl\/lt\/produkt\/toppik-aplikatorius\/\" \/>\n<meta property=\"og:site_name\" content=\"Plauk\u0173 skaidulos, keratinas, stor\u0117jimas \u2014 Toppik Lietuva\" \/>\n<meta property=\"article:modified_time\" content=\"2025-10-10T11:29:57+00:00\" \/>\n<meta property=\"og:image\" content=\"https:\/\/toppikpolska.pl\/wp-content\/uploads\/2023\/11\/spray-applicator_1940x1940.jpg\" \/>\n\t<meta property=\"og:image:width\" content=\"700\" \/>\n\t<meta property=\"og:image:height\" content=\"700\" \/>\n\t<meta property=\"og:image:type\" content=\"image\/jpeg\" \/>\n<meta name=\"twitter:card\" content=\"summary_large_image\" \/>\n<meta name=\"twitter:label1\" content=\"Est. reading time\" \/>\n\t<meta name=\"twitter:data1\" content=\"2 minut\u0117s\" \/>\n<script type=\"application\/ld+json\" class=\"yoast-schema-graph\">{\"@context\":\"https:\/\/schema.org\",\"@graph\":[{\"@type\":\"WebPage\",\"@id\":\"https:\/\/toppikpolska.pl\/lt\/produkt\/toppik-aplikatorius\/\",\"url\":\"https:\/\/toppikpolska.pl\/lt\/produkt\/toppik-aplikatorius\/\",\"name\":\"Toppik aplikatorius\",\"isPartOf\":{\"@id\":\"https:\/\/toppikpolska.pl\/lt\/#website\"},\"primaryImageOfPage\":{\"@id\":\"https:\/\/toppikpolska.pl\/lt\/produkt\/toppik-aplikatorius\/#primaryimage\"},\"image\":{\"@id\":\"https:\/\/toppikpolska.pl\/lt\/produkt\/toppik-aplikatorius\/#primaryimage\"},\"thumbnailUrl\":\"https:\/\/toppikpolska.pl\/wp-content\/uploads\/2023\/11\/spray-applicator_1940x1940.jpg\",\"datePublished\":\"2019-01-25T14:48:04+00:00\",\"dateModified\":\"2025-10-10T11:29:57+00:00\",\"description\":\"Toppik aplikatorius - Keratino mikropluo\u0161tai storina plaukus | Toppik Polska!\",\"breadcrumb\":{\"@id\":\"https:\/\/toppikpolska.pl\/lt\/produkt\/toppik-aplikatorius\/#breadcrumb\"},\"inLanguage\":\"lt-LT\",\"potentialAction\":[{\"@type\":\"ReadAction\",\"target\":[\"https:\/\/toppikpolska.pl\/lt\/produkt\/toppik-aplikatorius\/\"]}]},{\"@type\":\"ImageObject\",\"inLanguage\":\"lt-LT\",\"@id\":\"https:\/\/toppikpolska.pl\/lt\/produkt\/toppik-aplikatorius\/#primaryimage\",\"url\":\"https:\/\/toppikpolska.pl\/wp-content\/uploads\/2023\/11\/spray-applicator_1940x1940.jpg\",\"contentUrl\":\"https:\/\/toppikpolska.pl\/wp-content\/uploads\/2023\/11\/spray-applicator_1940x1940.jpg\",\"width\":700,\"height\":700},{\"@type\":\"BreadcrumbList\",\"@id\":\"https:\/\/toppikpolska.pl\/lt\/produkt\/toppik-aplikatorius\/#breadcrumb\",\"itemListElement\":[{\"@type\":\"ListItem\",\"position\":1,\"name\":\"Pagrindinis puslapis\",\"item\":\"https:\/\/toppikpolska.pl\/lt\/\"},{\"@type\":\"ListItem\",\"position\":2,\"name\":\"Parduotuv\u0117\",\"item\":\"https:\/\/toppikpolska.pl\/lt\/parduotuve\/\"},{\"@type\":\"ListItem\",\"position\":3,\"name\":\"Toppik aplikatorius\"}]},{\"@type\":\"WebSite\",\"@id\":\"https:\/\/toppikpolska.pl\/lt\/#website\",\"url\":\"https:\/\/toppikpolska.pl\/lt\/\",\"name\":\"Plauk\u0173 skaidulos, keratinas, stor\u0117jimas \u2014 Toppik Lietuva\",\"description\":\"\",\"publisher\":{\"@id\":\"https:\/\/toppikpolska.pl\/lt\/#organization\"},\"potentialAction\":[{\"@type\":\"SearchAction\",\"target\":{\"@type\":\"EntryPoint\",\"urlTemplate\":\"https:\/\/toppikpolska.pl\/lt\/?s={search_term_string}\"},\"query-input\":{\"@type\":\"PropertyValueSpecification\",\"valueRequired\":true,\"valueName\":\"search_term_string\"}}],\"inLanguage\":\"lt-LT\"},{\"@type\":\"Organization\",\"@id\":\"https:\/\/toppikpolska.pl\/lt\/#organization\",\"name\":\"Plauk\u0173 skaidulos, keratinas, stor\u0117jimas \u2014 Toppik Lietuva\",\"url\":\"https:\/\/toppikpolska.pl\/lt\/\",\"logo\":{\"@type\":\"ImageObject\",\"inLanguage\":\"lt-LT\",\"@id\":\"https:\/\/toppikpolska.pl\/lt\/#\/schema\/logo\/image\/\",\"url\":\"https:\/\/toppikpolska.pl\/wp-content\/uploads\/2023\/09\/logo.png\",\"contentUrl\":\"https:\/\/toppikpolska.pl\/wp-content\/uploads\/2023\/09\/logo.png\",\"width\":105,\"height\":57,\"caption\":\"Plauk\u0173 skaidulos, keratinas, stor\u0117jimas \u2014 Toppik Lietuva\"},\"image\":{\"@id\":\"https:\/\/toppikpolska.pl\/lt\/#\/schema\/logo\/image\/\"}}]}<\/script>\n<!-- \/ Yoast SEO plugin. -->","yoast_head_json":{"title":"Toppik aplikatorius","description":"Toppik aplikatorius - Keratino mikropluo\u0161tai storina plaukus | Toppik Polska!","robots":{"index":"index","follow":"follow","max-snippet":"max-snippet:-1","max-image-preview":"max-image-preview:large","max-video-preview":"max-video-preview:-1"},"canonical":"https:\/\/toppikpolska.pl\/lt\/produkt\/toppik-aplikatorius\/","og_locale":"lt_LT","og_type":"article","og_title":"Toppik aplikatorius","og_description":"Toppik aplikatorius - Keratino mikropluo\u0161tai storina plaukus | Toppik Polska!","og_url":"https:\/\/toppikpolska.pl\/lt\/produkt\/toppik-aplikatorius\/","og_site_name":"Plauk\u0173 skaidulos, keratinas, stor\u0117jimas \u2014 Toppik Lietuva","article_modified_time":"2025-10-10T11:29:57+00:00","og_image":[{"width":700,"height":700,"url":"https:\/\/toppikpolska.pl\/wp-content\/uploads\/2023\/11\/spray-applicator_1940x1940.jpg","type":"image\/jpeg"}],"twitter_card":"summary_large_image","twitter_misc":{"Est. reading time":"2 minut\u0117s"},"schema":{"@context":"https:\/\/schema.org","@graph":[{"@type":"WebPage","@id":"https:\/\/toppikpolska.pl\/lt\/produkt\/toppik-aplikatorius\/","url":"https:\/\/toppikpolska.pl\/lt\/produkt\/toppik-aplikatorius\/","name":"Toppik aplikatorius","isPartOf":{"@id":"https:\/\/toppikpolska.pl\/lt\/#website"},"primaryImageOfPage":{"@id":"https:\/\/toppikpolska.pl\/lt\/produkt\/toppik-aplikatorius\/#primaryimage"},"image":{"@id":"https:\/\/toppikpolska.pl\/lt\/produkt\/toppik-aplikatorius\/#primaryimage"},"thumbnailUrl":"https:\/\/toppikpolska.pl\/wp-content\/uploads\/2023\/11\/spray-applicator_1940x1940.jpg","datePublished":"2019-01-25T14:48:04+00:00","dateModified":"2025-10-10T11:29:57+00:00","description":"Toppik aplikatorius - Keratino mikropluo\u0161tai storina plaukus | Toppik Polska!","breadcrumb":{"@id":"https:\/\/toppikpolska.pl\/lt\/produkt\/toppik-aplikatorius\/#breadcrumb"},"inLanguage":"lt-LT","potentialAction":[{"@type":"ReadAction","target":["https:\/\/toppikpolska.pl\/lt\/produkt\/toppik-aplikatorius\/"]}]},{"@type":"ImageObject","inLanguage":"lt-LT","@id":"https:\/\/toppikpolska.pl\/lt\/produkt\/toppik-aplikatorius\/#primaryimage","url":"https:\/\/toppikpolska.pl\/wp-content\/uploads\/2023\/11\/spray-applicator_1940x1940.jpg","contentUrl":"https:\/\/toppikpolska.pl\/wp-content\/uploads\/2023\/11\/spray-applicator_1940x1940.jpg","width":700,"height":700},{"@type":"BreadcrumbList","@id":"https:\/\/toppikpolska.pl\/lt\/produkt\/toppik-aplikatorius\/#breadcrumb","itemListElement":[{"@type":"ListItem","position":1,"name":"Pagrindinis puslapis","item":"https:\/\/toppikpolska.pl\/lt\/"},{"@type":"ListItem","position":2,"name":"Parduotuv\u0117","item":"https:\/\/toppikpolska.pl\/lt\/parduotuve\/"},{"@type":"ListItem","position":3,"name":"Toppik aplikatorius"}]},{"@type":"WebSite","@id":"https:\/\/toppikpolska.pl\/lt\/#website","url":"https:\/\/toppikpolska.pl\/lt\/","name":"Plauk\u0173 skaidulos, keratinas, stor\u0117jimas \u2014 Toppik Lietuva","description":"","publisher":{"@id":"https:\/\/toppikpolska.pl\/lt\/#organization"},"potentialAction":[{"@type":"SearchAction","target":{"@type":"EntryPoint","urlTemplate":"https:\/\/toppikpolska.pl\/lt\/?s={search_term_string}"},"query-input":{"@type":"PropertyValueSpecification","valueRequired":true,"valueName":"search_term_string"}}],"inLanguage":"lt-LT"},{"@type":"Organization","@id":"https:\/\/toppikpolska.pl\/lt\/#organization","name":"Plauk\u0173 skaidulos, keratinas, stor\u0117jimas \u2014 Toppik Lietuva","url":"https:\/\/toppikpolska.pl\/lt\/","logo":{"@type":"ImageObject","inLanguage":"lt-LT","@id":"https:\/\/toppikpolska.pl\/lt\/#\/schema\/logo\/image\/","url":"https:\/\/toppikpolska.pl\/wp-content\/uploads\/2023\/09\/logo.png","contentUrl":"https:\/\/toppikpolska.pl\/wp-content\/uploads\/2023\/09\/logo.png","width":105,"height":57,"caption":"Plauk\u0173 skaidulos, keratinas, stor\u0117jimas \u2014 Toppik Lietuva"},"image":{"@id":"https:\/\/toppikpolska.pl\/lt\/#\/schema\/logo\/image\/"}}]}},"_links":{"self":[{"href":"https:\/\/toppikpolska.pl\/lt\/wp-json\/wp\/v2\/product\/9592","targetHints":{"allow":["GET"]}}],"collection":[{"href":"https:\/\/toppikpolska.pl\/lt\/wp-json\/wp\/v2\/product"}],"about":[{"href":"https:\/\/toppikpolska.pl\/lt\/wp-json\/wp\/v2\/types\/product"}],"replies":[{"embeddable":true,"href":"https:\/\/toppikpolska.pl\/lt\/wp-json\/wp\/v2\/comments?post=9592"}],"wp:featuredmedia":[{"embeddable":true,"href":"https:\/\/toppikpolska.pl\/lt\/wp-json\/wp\/v2\/media\/126"}],"wp:attachment":[{"href":"https:\/\/toppikpolska.pl\/lt\/wp-json\/wp\/v2\/media?parent=9592"}],"wp:term":[{"taxonomy":"product_brand","embeddable":true,"href":"https:\/\/toppikpolska.pl\/lt\/wp-json\/wp\/v2\/product_brand?post=9592"},{"taxonomy":"product_cat","embeddable":true,"href":"https:\/\/toppikpolska.pl\/lt\/wp-json\/wp\/v2\/product_cat?post=9592"},{"taxonomy":"product_tag","embeddable":true,"href":"https:\/\/toppikpolska.pl\/lt\/wp-json\/wp\/v2\/product_tag?post=9592"}],"curies":[{"name":"wp","href":"https:\/\/api.w.org\/{rel}","templated":true}]}}