{"id":9943,"date":"2025-05-30T15:33:06","date_gmt":"2025-05-30T13:33:06","guid":{"rendered":"https:\/\/toppikpolska.pl\/produkt\/mikropluosto-plauku-tirstiklis-12g-aplikatorius-plauku-linijos-optimizatorius\/"},"modified":"2025-05-30T15:33:06","modified_gmt":"2025-05-30T13:33:06","slug":"mikropluosto-plauku-tirstiklis-12g-aplikatorius-plauku-linijos-optimizatorius","status":"publish","type":"product","link":"https:\/\/toppikpolska.pl\/lt\/produkt\/mikropluosto-plauku-tirstiklis-12g-aplikatorius-plauku-linijos-optimizatorius\/","title":{"rendered":"Mikropluo\u0161to plauk\u0173 tir\u0161tiklis 12g + Aplikatorius + Plauk\u0173 linijos optimizatorius"},"content":{"rendered":"<p><strong>K\u0104 DAR TUR\u0116TUM\u0116TE \u017dINOTI?<\/strong><\/p>\n<p>Jei norite pasiekti dar labiau patenkinam\u0173 rezultat\u0173, rekomenduojama naudoti special\u0173 Toppik aplikatori\u0173.<br \/>\nNaudokite ir aplikatori\u0173, ir optimizuojan\u010dias \u0161ukas, kai tepate pluo\u0161tus plauk\u0173 linijos srityje. Aplikatoriumi taip pat galite tepti pluo\u0161tus visame plote, pasl\u0117pti \u017eilus plaukus ar priaugint\u0173 viet\u0173 vietas. Aplikatori\u0173 galima tepti ant buteliuk\u0173 su standartinio (12 g) ir ekonominio dyd\u017eio (27,5 g) pluo\u0161tais.<br \/>\nToppik pluo\u0161tai yra atspar\u016bs lietui, v\u0117jui ir prakaitui, tod\u0117l suteiks vartotojui ilgalaik\u012f norim\u0105 efekt\u0105 nepriklausomai nuo oro s\u0105lyg\u0173. Jie yra net devyni\u0173 atspalvi\u0173, tod\u0117l galite juos derinti su beveik bet kokios spalvos plaukais. Produktas taip pat puikiai tinka vietin\u0117ms restauracijoms, maskuojant restauravimo sistem\u0173 priedus ir u\u017epildant plauk\u0173 defektus tarp da\u017eymo seans\u0173. Produktas lengvai nuplaunamas vandeniu ir \u0161amp\u016bnu.   <\/p>\n<h3>Tikslus plauk\u0173 storinimas su 12 g pluo\u0161to rinkiniu, aplikatoriumi ir \u0161ukomis<\/h3>\n<p>12 g \u0161eri\u0173 rinkinys su aplikatoriumi ir plaukus storinan\u010diomis \u0161ukomis yra visapusi\u0161kas sprendimas \u017emon\u0117ms su plonais plaukais, norintiems nat\u016braliai sustorinti \u0161ukuosen\u0105. Mikropluo\u0161tai plaukams puikiai prilimpa prie esam\u0173 plauk\u0173, sukurdami stor\u0173 plauk\u0173 efekt\u0105 be matom\u0173 \u017eymi\u0173. Aplikatorius leid\u017eia tiksliai u\u017etepti pluo\u0161tus, o tai u\u017etikrina, kad produktas tolygiai pasiskirstyt\u0173 visoje galvos odoje. Plaukus storinan\u010dios \u0161ukos dar labiau palengvina tepimo proces\u0105, padeda kruop\u0161\u010diai paskirstyti mikropluo\u0161tus ir pasiekti nat\u016brali\u0105 i\u0161vaizd\u0105. D\u0117l ergonomi\u0161ko dizaino rinkin\u012f lengva naudoti, tod\u0117l greitai ir efektyviai sustorinti plaukus net namuose. 12 g \u0161ereliai yra \u012fvairi\u0173 atspalvi\u0173, o tai leid\u017eia puikiai suderinti nat\u016brali\u0105 plauk\u0173 spalv\u0105, padidinti plauk\u0173 stor\u0117jimo efektyvum\u0105 ir pagerinti bendr\u0105 \u0161ukuosenos estetik\u0105.     <\/p>\n<h3>Visapusi\u0161ka plauk\u0173 storinimo priemon\u0117 \u2013 aplikatorius ir \u0161ukos plaukams storinti<\/h3>\n<p>Rinkinyje esan\u010dios plauk\u0173 storinimo \u0161ukos su aplikatoriumi ir 12g pluo\u0161tais yra nepakei\u010diamas aksesuaras \u017emon\u0117ms, siekiantiems sustorinti plaukus. \u0160ukos specialiai sukurtos dirbti su aplikatoriumi, tod\u0117l mikropluo\u0161tai gali b\u016bti tiksliai ir tolygiai paskirstyti ant plon\u0173 plauk\u0173. D\u0117l to plauk\u0173 stor\u0117jimo procesas tampa efektyvesnis, o stor\u0173 plauk\u0173 poveikis yra nat\u016bralesnis ir patvaresnis. Aplikatorius leid\u017eia lengvai tepti pluo\u0161tus, suma\u017einant produkto atliek\u0173 kiek\u012f, o \u0161ukos u\u017etikrina tiksl\u0173 mikropluo\u0161to pasiskirstym\u0105, pa\u0161alina matomus dry\u017eius ir nelygumus. Visas komplektas palaiko kasdien\u0119 prie\u017ei\u016br\u0105 ir formavim\u0105, tod\u0117l galite sukurti pilnesnius ir storesnius plaukus be invazini\u0173 metod\u0173. Naudojant \u0161i\u0105 priemon\u0119, plauk\u0173 stor\u0117jimas tampa greitas, patogus ir efektyvus, padidina pasitik\u0117jim\u0105 savimi ir i\u0161ry\u0161kina nat\u016bral\u0173 j\u016bs\u0173 \u0161ukuosenos gro\u017e\u012f.     <\/p>\n","protected":false},"excerpt":{"rendered":"<p>Sutaupykite net 18 PLN pirkdami &#8222;Toppik&#8221; aplikatoriaus, \u0161ukos ir &#8222;Toppik&#8221; plauk\u0173 pluo\u0161to 12 g rinkin\u012f!<\/p>\n<p><strong>KOKS PRODUKTAS APIB\u016aDINAMAS?<\/strong><\/p>\n<p>&#8222;Toppik Optimizing Comb&#8221; yra produktas, leid\u017eiantis lengviau i\u0161laikyti nat\u016brali\u0105 plauk\u0173 linij\u0105 tepant &#8222;Toppik&#8221; pluo\u0161tus.<br \/>\nToppik papildomi pluo\u0161tai gaminami da\u017eyt\u0173 keratino pluo\u0161t\u0173 pagrindu, kurie puikiai \u012fsiskverbia \u012f plaukus ir akimirksniu juos vizualiai sutir\u0161tina bei sutir\u0161tina.<br \/>\n&#8222;Toppik&#8221; aplikatorius yra patentuotas produktas, kur\u012f galima pritvirtinti prie buteli\u0173 su ekonomi\u0161kais ir standartinio dyd\u017eio &#8222;Toppik&#8221; pluo\u0161tais, kad padid\u0117t\u0173 naudojimo tikslumas.<\/p>\n<p>PRODUKTO<br \/>\n <strong>NAUDOJIMO PRANA\u0160UMAI<\/strong>\u2022 Akimirksniu u\u017epildo ret\u0117jan\u010di\u0173 plauk\u0173<br \/>\n vietas\u2022 Padengia plauk\u0173<br \/>\n slinkim\u0105\u2022 Sukuria stor\u0173 ir stor\u0173 plauk\u0173<br \/>\n efekt\u0105\u2022 Puikiai tinka kaip \u0161ukuosenos papildymas tarp da\u017eymo seans\u0173<\/p>\n<p>\u2022 I\u0161vengia nenat\u016bralios i\u0161vaizdos po sluoksniavimo<br \/>\n\u2022 Padaro plaukus nat\u016bralius ir storus<br \/>\n\u2022 Neleid\u017eia plaukams nukristi ant kaktos<br \/>\n\u2022 Palengvina tikslesn\u012f pluo\u0161t\u0173 tepim\u0105 tam tikrose galvos<br \/>\n vietose\u2022 U\u017etikrina tiksl\u0173 tepim\u0105 ant ma\u017e\u0173 plaukuotos odos d\u0117mi\u0173<\/p>\n","protected":false},"featured_media":8176,"comment_status":"closed","ping_status":"closed","template":"","meta":[],"product_brand":[],"product_cat":[37],"product_tag":[],"class_list":{"0":"post-9943","1":"product","2":"type-product","3":"status-publish","4":"has-post-thumbnail","6":"product_cat-bez-kategorii","8":"first","9":"instock","10":"shipping-taxable","11":"purchasable","12":"product-type-variable"},"yoast_head":"<!-- This site is optimized with the Yoast SEO plugin v26.6 - https:\/\/yoast.com\/wordpress\/plugins\/seo\/ -->\n<title>Mikropluo\u0161to plauk\u0173 tir\u0161tiklis 12g + Aplikatorius + Plauk\u0173 linijos optimizatorius<\/title>\n<meta name=\"description\" content=\"Mikropluo\u0161to plauk\u0173 tir\u0161tiklis 12g + Aplikatorius + Plauk\u0173 linijos optimizatorius - Keratino mikropluo\u0161tai storina plaukus | Toppik Polska!\" \/>\n<meta name=\"robots\" content=\"index, follow, max-snippet:-1, max-image-preview:large, max-video-preview:-1\" \/>\n<link rel=\"canonical\" href=\"https:\/\/toppikpolska.pl\/lt\/produkt\/mikropluosto-plauku-tirstiklis-12g-aplikatorius-plauku-linijos-optimizatorius\/\" \/>\n<meta property=\"og:locale\" content=\"lt_LT\" \/>\n<meta property=\"og:type\" content=\"article\" \/>\n<meta property=\"og:title\" content=\"Mikropluo\u0161to plauk\u0173 tir\u0161tiklis 12g + Aplikatorius + Plauk\u0173 linijos optimizatorius\" \/>\n<meta property=\"og:description\" content=\"Mikropluo\u0161to plauk\u0173 tir\u0161tiklis 12g + Aplikatorius + Plauk\u0173 linijos optimizatorius - Keratino mikropluo\u0161tai storina plaukus | Toppik Polska!\" \/>\n<meta property=\"og:url\" content=\"https:\/\/toppikpolska.pl\/lt\/produkt\/mikropluosto-plauku-tirstiklis-12g-aplikatorius-plauku-linijos-optimizatorius\/\" \/>\n<meta property=\"og:site_name\" content=\"Plauk\u0173 skaidulos, keratinas, stor\u0117jimas \u2014 Toppik Lietuva\" \/>\n<meta property=\"og:image\" content=\"https:\/\/toppikpolska.pl\/wp-content\/uploads\/2025\/05\/toppik_zestaw_wlokna12-aplikator-grzebien.jpg\" \/>\n\t<meta property=\"og:image:width\" content=\"800\" \/>\n\t<meta property=\"og:image:height\" content=\"800\" \/>\n\t<meta property=\"og:image:type\" content=\"image\/jpeg\" \/>\n<meta name=\"twitter:card\" content=\"summary_large_image\" \/>\n<meta name=\"twitter:label1\" content=\"Est. reading time\" \/>\n\t<meta name=\"twitter:data1\" content=\"2 minut\u0117s\" \/>\n<script type=\"application\/ld+json\" class=\"yoast-schema-graph\">{\"@context\":\"https:\/\/schema.org\",\"@graph\":[{\"@type\":\"WebPage\",\"@id\":\"https:\/\/toppikpolska.pl\/lt\/produkt\/mikropluosto-plauku-tirstiklis-12g-aplikatorius-plauku-linijos-optimizatorius\/\",\"url\":\"https:\/\/toppikpolska.pl\/lt\/produkt\/mikropluosto-plauku-tirstiklis-12g-aplikatorius-plauku-linijos-optimizatorius\/\",\"name\":\"Mikropluo\u0161to plauk\u0173 tir\u0161tiklis 12g + Aplikatorius + Plauk\u0173 linijos optimizatorius\",\"isPartOf\":{\"@id\":\"https:\/\/toppikpolska.pl\/lt\/#website\"},\"primaryImageOfPage\":{\"@id\":\"https:\/\/toppikpolska.pl\/lt\/produkt\/mikropluosto-plauku-tirstiklis-12g-aplikatorius-plauku-linijos-optimizatorius\/#primaryimage\"},\"image\":{\"@id\":\"https:\/\/toppikpolska.pl\/lt\/produkt\/mikropluosto-plauku-tirstiklis-12g-aplikatorius-plauku-linijos-optimizatorius\/#primaryimage\"},\"thumbnailUrl\":\"https:\/\/toppikpolska.pl\/wp-content\/uploads\/2025\/05\/toppik_zestaw_wlokna12-aplikator-grzebien.jpg\",\"datePublished\":\"2025-05-30T13:33:06+00:00\",\"description\":\"Mikropluo\u0161to plauk\u0173 tir\u0161tiklis 12g + Aplikatorius + Plauk\u0173 linijos optimizatorius - Keratino mikropluo\u0161tai storina plaukus | Toppik Polska!\",\"breadcrumb\":{\"@id\":\"https:\/\/toppikpolska.pl\/lt\/produkt\/mikropluosto-plauku-tirstiklis-12g-aplikatorius-plauku-linijos-optimizatorius\/#breadcrumb\"},\"inLanguage\":\"lt-LT\",\"potentialAction\":[{\"@type\":\"ReadAction\",\"target\":[\"https:\/\/toppikpolska.pl\/lt\/produkt\/mikropluosto-plauku-tirstiklis-12g-aplikatorius-plauku-linijos-optimizatorius\/\"]}]},{\"@type\":\"ImageObject\",\"inLanguage\":\"lt-LT\",\"@id\":\"https:\/\/toppikpolska.pl\/lt\/produkt\/mikropluosto-plauku-tirstiklis-12g-aplikatorius-plauku-linijos-optimizatorius\/#primaryimage\",\"url\":\"https:\/\/toppikpolska.pl\/wp-content\/uploads\/2025\/05\/toppik_zestaw_wlokna12-aplikator-grzebien.jpg\",\"contentUrl\":\"https:\/\/toppikpolska.pl\/wp-content\/uploads\/2025\/05\/toppik_zestaw_wlokna12-aplikator-grzebien.jpg\",\"width\":800,\"height\":800,\"caption\":\"Autori\u0173 teis\u0117s priklauso \\\"Rokoko Hair Company\\\"\"},{\"@type\":\"BreadcrumbList\",\"@id\":\"https:\/\/toppikpolska.pl\/lt\/produkt\/mikropluosto-plauku-tirstiklis-12g-aplikatorius-plauku-linijos-optimizatorius\/#breadcrumb\",\"itemListElement\":[{\"@type\":\"ListItem\",\"position\":1,\"name\":\"Pagrindinis puslapis\",\"item\":\"https:\/\/toppikpolska.pl\/lt\/\"},{\"@type\":\"ListItem\",\"position\":2,\"name\":\"Parduotuv\u0117\",\"item\":\"https:\/\/toppikpolska.pl\/lt\/parduotuve\/\"},{\"@type\":\"ListItem\",\"position\":3,\"name\":\"Mikropluo\u0161to plauk\u0173 tir\u0161tiklis 12g + Aplikatorius + Plauk\u0173 linijos optimizatorius\"}]},{\"@type\":\"WebSite\",\"@id\":\"https:\/\/toppikpolska.pl\/lt\/#website\",\"url\":\"https:\/\/toppikpolska.pl\/lt\/\",\"name\":\"Plauk\u0173 skaidulos, keratinas, stor\u0117jimas \u2014 Toppik Lietuva\",\"description\":\"\",\"publisher\":{\"@id\":\"https:\/\/toppikpolska.pl\/lt\/#organization\"},\"potentialAction\":[{\"@type\":\"SearchAction\",\"target\":{\"@type\":\"EntryPoint\",\"urlTemplate\":\"https:\/\/toppikpolska.pl\/lt\/?s={search_term_string}\"},\"query-input\":{\"@type\":\"PropertyValueSpecification\",\"valueRequired\":true,\"valueName\":\"search_term_string\"}}],\"inLanguage\":\"lt-LT\"},{\"@type\":\"Organization\",\"@id\":\"https:\/\/toppikpolska.pl\/lt\/#organization\",\"name\":\"Plauk\u0173 skaidulos, keratinas, stor\u0117jimas \u2014 Toppik Lietuva\",\"url\":\"https:\/\/toppikpolska.pl\/lt\/\",\"logo\":{\"@type\":\"ImageObject\",\"inLanguage\":\"lt-LT\",\"@id\":\"https:\/\/toppikpolska.pl\/lt\/#\/schema\/logo\/image\/\",\"url\":\"https:\/\/toppikpolska.pl\/wp-content\/uploads\/2023\/09\/logo.png\",\"contentUrl\":\"https:\/\/toppikpolska.pl\/wp-content\/uploads\/2023\/09\/logo.png\",\"width\":105,\"height\":57,\"caption\":\"Plauk\u0173 skaidulos, keratinas, stor\u0117jimas \u2014 Toppik Lietuva\"},\"image\":{\"@id\":\"https:\/\/toppikpolska.pl\/lt\/#\/schema\/logo\/image\/\"}}]}<\/script>\n<!-- \/ Yoast SEO plugin. -->","yoast_head_json":{"title":"Mikropluo\u0161to plauk\u0173 tir\u0161tiklis 12g + Aplikatorius + Plauk\u0173 linijos optimizatorius","description":"Mikropluo\u0161to plauk\u0173 tir\u0161tiklis 12g + Aplikatorius + Plauk\u0173 linijos optimizatorius - Keratino mikropluo\u0161tai storina plaukus | Toppik Polska!","robots":{"index":"index","follow":"follow","max-snippet":"max-snippet:-1","max-image-preview":"max-image-preview:large","max-video-preview":"max-video-preview:-1"},"canonical":"https:\/\/toppikpolska.pl\/lt\/produkt\/mikropluosto-plauku-tirstiklis-12g-aplikatorius-plauku-linijos-optimizatorius\/","og_locale":"lt_LT","og_type":"article","og_title":"Mikropluo\u0161to plauk\u0173 tir\u0161tiklis 12g + Aplikatorius + Plauk\u0173 linijos optimizatorius","og_description":"Mikropluo\u0161to plauk\u0173 tir\u0161tiklis 12g + Aplikatorius + Plauk\u0173 linijos optimizatorius - Keratino mikropluo\u0161tai storina plaukus | Toppik Polska!","og_url":"https:\/\/toppikpolska.pl\/lt\/produkt\/mikropluosto-plauku-tirstiklis-12g-aplikatorius-plauku-linijos-optimizatorius\/","og_site_name":"Plauk\u0173 skaidulos, keratinas, stor\u0117jimas \u2014 Toppik Lietuva","og_image":[{"width":800,"height":800,"url":"https:\/\/toppikpolska.pl\/wp-content\/uploads\/2025\/05\/toppik_zestaw_wlokna12-aplikator-grzebien.jpg","type":"image\/jpeg"}],"twitter_card":"summary_large_image","twitter_misc":{"Est. reading time":"2 minut\u0117s"},"schema":{"@context":"https:\/\/schema.org","@graph":[{"@type":"WebPage","@id":"https:\/\/toppikpolska.pl\/lt\/produkt\/mikropluosto-plauku-tirstiklis-12g-aplikatorius-plauku-linijos-optimizatorius\/","url":"https:\/\/toppikpolska.pl\/lt\/produkt\/mikropluosto-plauku-tirstiklis-12g-aplikatorius-plauku-linijos-optimizatorius\/","name":"Mikropluo\u0161to plauk\u0173 tir\u0161tiklis 12g + Aplikatorius + Plauk\u0173 linijos optimizatorius","isPartOf":{"@id":"https:\/\/toppikpolska.pl\/lt\/#website"},"primaryImageOfPage":{"@id":"https:\/\/toppikpolska.pl\/lt\/produkt\/mikropluosto-plauku-tirstiklis-12g-aplikatorius-plauku-linijos-optimizatorius\/#primaryimage"},"image":{"@id":"https:\/\/toppikpolska.pl\/lt\/produkt\/mikropluosto-plauku-tirstiklis-12g-aplikatorius-plauku-linijos-optimizatorius\/#primaryimage"},"thumbnailUrl":"https:\/\/toppikpolska.pl\/wp-content\/uploads\/2025\/05\/toppik_zestaw_wlokna12-aplikator-grzebien.jpg","datePublished":"2025-05-30T13:33:06+00:00","description":"Mikropluo\u0161to plauk\u0173 tir\u0161tiklis 12g + Aplikatorius + Plauk\u0173 linijos optimizatorius - Keratino mikropluo\u0161tai storina plaukus | Toppik Polska!","breadcrumb":{"@id":"https:\/\/toppikpolska.pl\/lt\/produkt\/mikropluosto-plauku-tirstiklis-12g-aplikatorius-plauku-linijos-optimizatorius\/#breadcrumb"},"inLanguage":"lt-LT","potentialAction":[{"@type":"ReadAction","target":["https:\/\/toppikpolska.pl\/lt\/produkt\/mikropluosto-plauku-tirstiklis-12g-aplikatorius-plauku-linijos-optimizatorius\/"]}]},{"@type":"ImageObject","inLanguage":"lt-LT","@id":"https:\/\/toppikpolska.pl\/lt\/produkt\/mikropluosto-plauku-tirstiklis-12g-aplikatorius-plauku-linijos-optimizatorius\/#primaryimage","url":"https:\/\/toppikpolska.pl\/wp-content\/uploads\/2025\/05\/toppik_zestaw_wlokna12-aplikator-grzebien.jpg","contentUrl":"https:\/\/toppikpolska.pl\/wp-content\/uploads\/2025\/05\/toppik_zestaw_wlokna12-aplikator-grzebien.jpg","width":800,"height":800,"caption":"Autori\u0173 teis\u0117s priklauso \"Rokoko Hair Company\""},{"@type":"BreadcrumbList","@id":"https:\/\/toppikpolska.pl\/lt\/produkt\/mikropluosto-plauku-tirstiklis-12g-aplikatorius-plauku-linijos-optimizatorius\/#breadcrumb","itemListElement":[{"@type":"ListItem","position":1,"name":"Pagrindinis puslapis","item":"https:\/\/toppikpolska.pl\/lt\/"},{"@type":"ListItem","position":2,"name":"Parduotuv\u0117","item":"https:\/\/toppikpolska.pl\/lt\/parduotuve\/"},{"@type":"ListItem","position":3,"name":"Mikropluo\u0161to plauk\u0173 tir\u0161tiklis 12g + Aplikatorius + Plauk\u0173 linijos optimizatorius"}]},{"@type":"WebSite","@id":"https:\/\/toppikpolska.pl\/lt\/#website","url":"https:\/\/toppikpolska.pl\/lt\/","name":"Plauk\u0173 skaidulos, keratinas, stor\u0117jimas \u2014 Toppik Lietuva","description":"","publisher":{"@id":"https:\/\/toppikpolska.pl\/lt\/#organization"},"potentialAction":[{"@type":"SearchAction","target":{"@type":"EntryPoint","urlTemplate":"https:\/\/toppikpolska.pl\/lt\/?s={search_term_string}"},"query-input":{"@type":"PropertyValueSpecification","valueRequired":true,"valueName":"search_term_string"}}],"inLanguage":"lt-LT"},{"@type":"Organization","@id":"https:\/\/toppikpolska.pl\/lt\/#organization","name":"Plauk\u0173 skaidulos, keratinas, stor\u0117jimas \u2014 Toppik Lietuva","url":"https:\/\/toppikpolska.pl\/lt\/","logo":{"@type":"ImageObject","inLanguage":"lt-LT","@id":"https:\/\/toppikpolska.pl\/lt\/#\/schema\/logo\/image\/","url":"https:\/\/toppikpolska.pl\/wp-content\/uploads\/2023\/09\/logo.png","contentUrl":"https:\/\/toppikpolska.pl\/wp-content\/uploads\/2023\/09\/logo.png","width":105,"height":57,"caption":"Plauk\u0173 skaidulos, keratinas, stor\u0117jimas \u2014 Toppik Lietuva"},"image":{"@id":"https:\/\/toppikpolska.pl\/lt\/#\/schema\/logo\/image\/"}}]}},"_links":{"self":[{"href":"https:\/\/toppikpolska.pl\/lt\/wp-json\/wp\/v2\/product\/9943","targetHints":{"allow":["GET"]}}],"collection":[{"href":"https:\/\/toppikpolska.pl\/lt\/wp-json\/wp\/v2\/product"}],"about":[{"href":"https:\/\/toppikpolska.pl\/lt\/wp-json\/wp\/v2\/types\/product"}],"replies":[{"embeddable":true,"href":"https:\/\/toppikpolska.pl\/lt\/wp-json\/wp\/v2\/comments?post=9943"}],"wp:featuredmedia":[{"embeddable":true,"href":"https:\/\/toppikpolska.pl\/lt\/wp-json\/wp\/v2\/media\/8176"}],"wp:attachment":[{"href":"https:\/\/toppikpolska.pl\/lt\/wp-json\/wp\/v2\/media?parent=9943"}],"wp:term":[{"taxonomy":"product_brand","embeddable":true,"href":"https:\/\/toppikpolska.pl\/lt\/wp-json\/wp\/v2\/product_brand?post=9943"},{"taxonomy":"product_cat","embeddable":true,"href":"https:\/\/toppikpolska.pl\/lt\/wp-json\/wp\/v2\/product_cat?post=9943"},{"taxonomy":"product_tag","embeddable":true,"href":"https:\/\/toppikpolska.pl\/lt\/wp-json\/wp\/v2\/product_tag?post=9943"}],"curies":[{"name":"wp","href":"https:\/\/api.w.org\/{rel}","templated":true}]}}