{"id":9986,"date":"2025-05-30T15:50:55","date_gmt":"2025-05-30T13:50:55","guid":{"rendered":"https:\/\/toppikpolska.pl\/produkt\/mikropluosto-plauku-storinimas-12g-aplikatorius\/"},"modified":"2025-05-30T15:50:55","modified_gmt":"2025-05-30T13:50:55","slug":"mikropluosto-plauku-storinimas-12g-aplikatorius","status":"publish","type":"product","link":"https:\/\/toppikpolska.pl\/lt\/produkt\/mikropluosto-plauku-storinimas-12g-aplikatorius\/","title":{"rendered":"Mikropluo\u0161to plauk\u0173 storinimas 12g + aplikatorius"},"content":{"rendered":"<p><strong>K\u0104 DAR TUR\u0116TUM\u0116TE \u017dINOTI?<\/strong><br \/>\nToppik pluo\u0161tai yra atspar\u016bs lietui, v\u0117jui ir prakaitui, tod\u0117l suteiks vartotojui ilgalaik\u012f norim\u0105 efekt\u0105 nepriklausomai nuo oro s\u0105lyg\u0173. Jie yra net devyni\u0173 atspalvi\u0173, tod\u0117l galite juos derinti su beveik bet kokios spalvos plaukais. Produktas taip pat puikiai tinka vietin\u0117ms restauracijoms, maskuojant restauravimo sistem\u0173 priedus ir u\u017epildant plauk\u0173 defektus tarp da\u017eymo seans\u0173. Produktas lengvai nuplaunamas vandeniu ir \u0161amp\u016bnu.   <\/p>\n<p>Naudokite ir aplikatori\u0173, ir optimizuojan\u010dias \u0161ukas, kai tepate pluo\u0161tus plauk\u0173 linijos srityje. Aplikatoriumi taip pat galite tepti pluo\u0161tus visame plote, pasl\u0117pti \u017eilus plaukus ar priaugint\u0173 viet\u0173 vietas. Aplikatori\u0173 galima tepti ant buteliuk\u0173 su standartinio (12 g) ir ekonominio dyd\u017eio (27,5 g) pluo\u0161tais.  <\/p>\n<p><strong>KOKS PRODUKTAS APIB\u016aDINAMAS?<\/strong><br \/>\n&#8222;Toppik&#8221; aplikatorius yra patentuotas produktas, kur\u012f galima pritvirtinti prie buteli\u0173 su ekonomi\u0161kais ir standartinio dyd\u017eio &#8222;Toppik&#8221; pluo\u0161tais, kad padid\u0117t\u0173 naudojimo tikslumas.<\/p>\n<p>PRODUKTO<br \/>\n <strong>NAUDOJIMO PRANA\u0160UMAI<\/strong>\u2022 Palengvina tikslesn\u012f pluo\u0161t\u0173 tepim\u0105 tam tikrose galvos odos vietose<br \/>\n\u2022 U\u017etikrina tiksl\u0173 tepim\u0105 ant ma\u017e\u0173 plaukuotos odos d\u0117mi\u0173<\/p>\n<h3>Tikslus plauk\u0173 storinimas su 12 g \u0161ereliais ir aplikatoriumi<\/h3>\n<p>Kartu su aplikatoriumi esantys 12 g plauk\u0173 \u0161ereliai yra puikus sprendimas plon\u0173 plauk\u0173 \u017emon\u0117ms, norintiems nat\u016braliai sustorinti \u0161ukuosen\u0105. Mikropluo\u0161tai plaukams puikiai prilimpa prie esam\u0173 plauk\u0173, sukurdami stor\u0173 plauk\u0173 efekt\u0105 be matom\u0173 \u017eymi\u0173. Aplikatorius skirtas tiksliam pluo\u0161to tepimui, kuris leid\u017eia produkt\u0105 tolygiai paskirstyti ant galvos odos. D\u0117l to plauk\u0173 stor\u0117jimo procesas yra greitas ir efektyvus, o rezultatai matomi i\u0161 karto. 12 g \u0161ereliai yra \u012fvairi\u0173 atspalvi\u0173, kurie leid\u017eia puikiai suderinti nat\u016brali\u0105 plauk\u0173 spalv\u0105, suteikiant nat\u016bral\u0173 ir ilgalaik\u012f plauk\u0173 storinimo efekt\u0105.    <\/p>\n<h3>Plauk\u0173 storinimo efekt\u0173 naudojimo paprastumas ir ilgaam\u017ei\u0161kumas<\/h3>\n<p>12g pluo\u0161t\u0173 rinkinys su aplikatoriumi yra ne tik efektyvus plauk\u0173 storinimas, bet ir patogus kasdieniam naudojimui. Aplikatorius leid\u017eia greitai ir be r\u016bpes\u010di\u0173 tepti mikropluo\u0161tus, tod\u0117l plauk\u0173 stor\u0117jimo procesas yra paprastas net pradedantiesiems. Plauk\u0173 pluo\u0161tai yra atspar\u016bs dr\u0117gmei ir prakaitui, o tai garantuoja poveikio ilgaam\u017ei\u0161kum\u0105 vis\u0105 dien\u0105, nepriklausomai nuo oro s\u0105lyg\u0173 ar fizinio aktyvumo. D\u0117l \u0161ios prie\u017easties stori plaukai i\u0161laikomi be da\u017eno atnaujinimo. \u0160ie produktai taip pat suderinami su kitomis m\u016bs\u0173 parduotuv\u0117je esan\u010diomis plauk\u0173 prie\u017ei\u016bros priemon\u0117mis, tod\u0117l galite sukurti visapusi\u0161k\u0105 plauk\u0173 storinimo sistem\u0105. Rinkdamiesi 12 g \u0161erelius su aplikatoriumi, investuojate \u012f ilgalaik\u012f ir nat\u016bral\u0173 plauk\u0173 storinim\u0105, kuris padidina pasitik\u0117jim\u0105 savimi ir sustiprina nat\u016bral\u0173 \u0161ukuosenos gro\u017e\u012f.     <\/p>\n","protected":false},"excerpt":{"rendered":"<p>Sutaupykite net 9 PLN pirkdami &#8222;Toppik Hair Fibers&#8221; 12 g rinkin\u012f ir &#8222;Toppik&#8221; aplikatori\u0173!<\/p>\n<p><strong>KOKS PRODUKTAS APIB\u016aDINAMAS?<\/strong><br \/>\nToppik papildomi pluo\u0161tai gaminami da\u017eyt\u0173 keratino pluo\u0161t\u0173 pagrindu, kurie puikiai \u012fsiskverbia \u012f plaukus ir akimirksniu juos vizualiai sutir\u0161tina bei sutir\u0161tina.<\/p>\n<p>PRODUKTO<br \/>\n <strong>NAUDOJIMO PRANA\u0160UMAI<\/strong>\u2022 Akimirksniu u\u017epildo ret\u0117jan\u010di\u0173 plauk\u0173<br \/>\n vietas\u2022 Padengia plauk\u0173<br \/>\n slinkim\u0105\u2022 Sukuria stor\u0173 ir stor\u0173 plauk\u0173<br \/>\n efekt\u0105\u2022 Puikiai tinka kaip \u0161ukuosenos papildymas tarp da\u017eymo seans\u0173<\/p>\n","protected":false},"featured_media":8197,"comment_status":"closed","ping_status":"closed","template":"","meta":[],"product_brand":[],"product_cat":[37],"product_tag":[],"class_list":{"0":"post-9986","1":"product","2":"type-product","3":"status-publish","4":"has-post-thumbnail","6":"product_cat-bez-kategorii","8":"first","9":"instock","10":"shipping-taxable","11":"purchasable","12":"product-type-variable"},"yoast_head":"<!-- This site is optimized with the Yoast SEO plugin v26.6 - https:\/\/yoast.com\/wordpress\/plugins\/seo\/ -->\n<title>Mikropluo\u0161to plauk\u0173 storinimas 12g + aplikatorius<\/title>\n<meta name=\"description\" content=\"Mikropluo\u0161to plauk\u0173 storinimas 12g + aplikatorius - Keratino mikropluo\u0161tai storina plaukus | Toppik Polska!\" \/>\n<meta name=\"robots\" content=\"index, follow, max-snippet:-1, max-image-preview:large, max-video-preview:-1\" \/>\n<link rel=\"canonical\" href=\"https:\/\/toppikpolska.pl\/lt\/produkt\/mikropluosto-plauku-storinimas-12g-aplikatorius\/\" \/>\n<meta property=\"og:locale\" content=\"lt_LT\" \/>\n<meta property=\"og:type\" content=\"article\" \/>\n<meta property=\"og:title\" content=\"Mikropluo\u0161to plauk\u0173 storinimas 12g + aplikatorius\" \/>\n<meta property=\"og:description\" content=\"Mikropluo\u0161to plauk\u0173 storinimas 12g + aplikatorius - Keratino mikropluo\u0161tai storina plaukus | Toppik Polska!\" \/>\n<meta property=\"og:url\" content=\"https:\/\/toppikpolska.pl\/lt\/produkt\/mikropluosto-plauku-storinimas-12g-aplikatorius\/\" \/>\n<meta property=\"og:site_name\" content=\"Plauk\u0173 skaidulos, keratinas, stor\u0117jimas \u2014 Toppik Lietuva\" \/>\n<meta property=\"og:image\" content=\"https:\/\/toppikpolska.pl\/wp-content\/uploads\/2025\/05\/toppik12_aplikator-1024x1024-1.jpg\" \/>\n\t<meta property=\"og:image:width\" content=\"1024\" \/>\n\t<meta property=\"og:image:height\" content=\"1024\" \/>\n\t<meta property=\"og:image:type\" content=\"image\/jpeg\" \/>\n<meta name=\"twitter:card\" content=\"summary_large_image\" \/>\n<meta name=\"twitter:label1\" content=\"Est. reading time\" \/>\n\t<meta name=\"twitter:data1\" content=\"2 minut\u0117s\" \/>\n<script type=\"application\/ld+json\" class=\"yoast-schema-graph\">{\"@context\":\"https:\/\/schema.org\",\"@graph\":[{\"@type\":\"WebPage\",\"@id\":\"https:\/\/toppikpolska.pl\/lt\/produkt\/mikropluosto-plauku-storinimas-12g-aplikatorius\/\",\"url\":\"https:\/\/toppikpolska.pl\/lt\/produkt\/mikropluosto-plauku-storinimas-12g-aplikatorius\/\",\"name\":\"Mikropluo\u0161to plauk\u0173 storinimas 12g + aplikatorius\",\"isPartOf\":{\"@id\":\"https:\/\/toppikpolska.pl\/lt\/#website\"},\"primaryImageOfPage\":{\"@id\":\"https:\/\/toppikpolska.pl\/lt\/produkt\/mikropluosto-plauku-storinimas-12g-aplikatorius\/#primaryimage\"},\"image\":{\"@id\":\"https:\/\/toppikpolska.pl\/lt\/produkt\/mikropluosto-plauku-storinimas-12g-aplikatorius\/#primaryimage\"},\"thumbnailUrl\":\"https:\/\/toppikpolska.pl\/wp-content\/uploads\/2025\/05\/toppik12_aplikator-1024x1024-1.jpg\",\"datePublished\":\"2025-05-30T13:50:55+00:00\",\"description\":\"Mikropluo\u0161to plauk\u0173 storinimas 12g + aplikatorius - Keratino mikropluo\u0161tai storina plaukus | Toppik Polska!\",\"breadcrumb\":{\"@id\":\"https:\/\/toppikpolska.pl\/lt\/produkt\/mikropluosto-plauku-storinimas-12g-aplikatorius\/#breadcrumb\"},\"inLanguage\":\"lt-LT\",\"potentialAction\":[{\"@type\":\"ReadAction\",\"target\":[\"https:\/\/toppikpolska.pl\/lt\/produkt\/mikropluosto-plauku-storinimas-12g-aplikatorius\/\"]}]},{\"@type\":\"ImageObject\",\"inLanguage\":\"lt-LT\",\"@id\":\"https:\/\/toppikpolska.pl\/lt\/produkt\/mikropluosto-plauku-storinimas-12g-aplikatorius\/#primaryimage\",\"url\":\"https:\/\/toppikpolska.pl\/wp-content\/uploads\/2025\/05\/toppik12_aplikator-1024x1024-1.jpg\",\"contentUrl\":\"https:\/\/toppikpolska.pl\/wp-content\/uploads\/2025\/05\/toppik12_aplikator-1024x1024-1.jpg\",\"width\":1024,\"height\":1024,\"caption\":\"Autori\u0173 teis\u0117s priklauso \\\"Rokoko Hair Company\\\"\"},{\"@type\":\"BreadcrumbList\",\"@id\":\"https:\/\/toppikpolska.pl\/lt\/produkt\/mikropluosto-plauku-storinimas-12g-aplikatorius\/#breadcrumb\",\"itemListElement\":[{\"@type\":\"ListItem\",\"position\":1,\"name\":\"Pagrindinis puslapis\",\"item\":\"https:\/\/toppikpolska.pl\/lt\/\"},{\"@type\":\"ListItem\",\"position\":2,\"name\":\"Parduotuv\u0117\",\"item\":\"https:\/\/toppikpolska.pl\/lt\/parduotuve\/\"},{\"@type\":\"ListItem\",\"position\":3,\"name\":\"Mikropluo\u0161to plauk\u0173 storinimas 12g + aplikatorius\"}]},{\"@type\":\"WebSite\",\"@id\":\"https:\/\/toppikpolska.pl\/lt\/#website\",\"url\":\"https:\/\/toppikpolska.pl\/lt\/\",\"name\":\"Plauk\u0173 skaidulos, keratinas, stor\u0117jimas \u2014 Toppik Lietuva\",\"description\":\"\",\"publisher\":{\"@id\":\"https:\/\/toppikpolska.pl\/lt\/#organization\"},\"potentialAction\":[{\"@type\":\"SearchAction\",\"target\":{\"@type\":\"EntryPoint\",\"urlTemplate\":\"https:\/\/toppikpolska.pl\/lt\/?s={search_term_string}\"},\"query-input\":{\"@type\":\"PropertyValueSpecification\",\"valueRequired\":true,\"valueName\":\"search_term_string\"}}],\"inLanguage\":\"lt-LT\"},{\"@type\":\"Organization\",\"@id\":\"https:\/\/toppikpolska.pl\/lt\/#organization\",\"name\":\"Plauk\u0173 skaidulos, keratinas, stor\u0117jimas \u2014 Toppik Lietuva\",\"url\":\"https:\/\/toppikpolska.pl\/lt\/\",\"logo\":{\"@type\":\"ImageObject\",\"inLanguage\":\"lt-LT\",\"@id\":\"https:\/\/toppikpolska.pl\/lt\/#\/schema\/logo\/image\/\",\"url\":\"https:\/\/toppikpolska.pl\/wp-content\/uploads\/2023\/09\/logo.png\",\"contentUrl\":\"https:\/\/toppikpolska.pl\/wp-content\/uploads\/2023\/09\/logo.png\",\"width\":105,\"height\":57,\"caption\":\"Plauk\u0173 skaidulos, keratinas, stor\u0117jimas \u2014 Toppik Lietuva\"},\"image\":{\"@id\":\"https:\/\/toppikpolska.pl\/lt\/#\/schema\/logo\/image\/\"}}]}<\/script>\n<!-- \/ Yoast SEO plugin. -->","yoast_head_json":{"title":"Mikropluo\u0161to plauk\u0173 storinimas 12g + aplikatorius","description":"Mikropluo\u0161to plauk\u0173 storinimas 12g + aplikatorius - Keratino mikropluo\u0161tai storina plaukus | Toppik Polska!","robots":{"index":"index","follow":"follow","max-snippet":"max-snippet:-1","max-image-preview":"max-image-preview:large","max-video-preview":"max-video-preview:-1"},"canonical":"https:\/\/toppikpolska.pl\/lt\/produkt\/mikropluosto-plauku-storinimas-12g-aplikatorius\/","og_locale":"lt_LT","og_type":"article","og_title":"Mikropluo\u0161to plauk\u0173 storinimas 12g + aplikatorius","og_description":"Mikropluo\u0161to plauk\u0173 storinimas 12g + aplikatorius - Keratino mikropluo\u0161tai storina plaukus | Toppik Polska!","og_url":"https:\/\/toppikpolska.pl\/lt\/produkt\/mikropluosto-plauku-storinimas-12g-aplikatorius\/","og_site_name":"Plauk\u0173 skaidulos, keratinas, stor\u0117jimas \u2014 Toppik Lietuva","og_image":[{"width":1024,"height":1024,"url":"https:\/\/toppikpolska.pl\/wp-content\/uploads\/2025\/05\/toppik12_aplikator-1024x1024-1.jpg","type":"image\/jpeg"}],"twitter_card":"summary_large_image","twitter_misc":{"Est. reading time":"2 minut\u0117s"},"schema":{"@context":"https:\/\/schema.org","@graph":[{"@type":"WebPage","@id":"https:\/\/toppikpolska.pl\/lt\/produkt\/mikropluosto-plauku-storinimas-12g-aplikatorius\/","url":"https:\/\/toppikpolska.pl\/lt\/produkt\/mikropluosto-plauku-storinimas-12g-aplikatorius\/","name":"Mikropluo\u0161to plauk\u0173 storinimas 12g + aplikatorius","isPartOf":{"@id":"https:\/\/toppikpolska.pl\/lt\/#website"},"primaryImageOfPage":{"@id":"https:\/\/toppikpolska.pl\/lt\/produkt\/mikropluosto-plauku-storinimas-12g-aplikatorius\/#primaryimage"},"image":{"@id":"https:\/\/toppikpolska.pl\/lt\/produkt\/mikropluosto-plauku-storinimas-12g-aplikatorius\/#primaryimage"},"thumbnailUrl":"https:\/\/toppikpolska.pl\/wp-content\/uploads\/2025\/05\/toppik12_aplikator-1024x1024-1.jpg","datePublished":"2025-05-30T13:50:55+00:00","description":"Mikropluo\u0161to plauk\u0173 storinimas 12g + aplikatorius - Keratino mikropluo\u0161tai storina plaukus | Toppik Polska!","breadcrumb":{"@id":"https:\/\/toppikpolska.pl\/lt\/produkt\/mikropluosto-plauku-storinimas-12g-aplikatorius\/#breadcrumb"},"inLanguage":"lt-LT","potentialAction":[{"@type":"ReadAction","target":["https:\/\/toppikpolska.pl\/lt\/produkt\/mikropluosto-plauku-storinimas-12g-aplikatorius\/"]}]},{"@type":"ImageObject","inLanguage":"lt-LT","@id":"https:\/\/toppikpolska.pl\/lt\/produkt\/mikropluosto-plauku-storinimas-12g-aplikatorius\/#primaryimage","url":"https:\/\/toppikpolska.pl\/wp-content\/uploads\/2025\/05\/toppik12_aplikator-1024x1024-1.jpg","contentUrl":"https:\/\/toppikpolska.pl\/wp-content\/uploads\/2025\/05\/toppik12_aplikator-1024x1024-1.jpg","width":1024,"height":1024,"caption":"Autori\u0173 teis\u0117s priklauso \"Rokoko Hair Company\""},{"@type":"BreadcrumbList","@id":"https:\/\/toppikpolska.pl\/lt\/produkt\/mikropluosto-plauku-storinimas-12g-aplikatorius\/#breadcrumb","itemListElement":[{"@type":"ListItem","position":1,"name":"Pagrindinis puslapis","item":"https:\/\/toppikpolska.pl\/lt\/"},{"@type":"ListItem","position":2,"name":"Parduotuv\u0117","item":"https:\/\/toppikpolska.pl\/lt\/parduotuve\/"},{"@type":"ListItem","position":3,"name":"Mikropluo\u0161to plauk\u0173 storinimas 12g + aplikatorius"}]},{"@type":"WebSite","@id":"https:\/\/toppikpolska.pl\/lt\/#website","url":"https:\/\/toppikpolska.pl\/lt\/","name":"Plauk\u0173 skaidulos, keratinas, stor\u0117jimas \u2014 Toppik Lietuva","description":"","publisher":{"@id":"https:\/\/toppikpolska.pl\/lt\/#organization"},"potentialAction":[{"@type":"SearchAction","target":{"@type":"EntryPoint","urlTemplate":"https:\/\/toppikpolska.pl\/lt\/?s={search_term_string}"},"query-input":{"@type":"PropertyValueSpecification","valueRequired":true,"valueName":"search_term_string"}}],"inLanguage":"lt-LT"},{"@type":"Organization","@id":"https:\/\/toppikpolska.pl\/lt\/#organization","name":"Plauk\u0173 skaidulos, keratinas, stor\u0117jimas \u2014 Toppik Lietuva","url":"https:\/\/toppikpolska.pl\/lt\/","logo":{"@type":"ImageObject","inLanguage":"lt-LT","@id":"https:\/\/toppikpolska.pl\/lt\/#\/schema\/logo\/image\/","url":"https:\/\/toppikpolska.pl\/wp-content\/uploads\/2023\/09\/logo.png","contentUrl":"https:\/\/toppikpolska.pl\/wp-content\/uploads\/2023\/09\/logo.png","width":105,"height":57,"caption":"Plauk\u0173 skaidulos, keratinas, stor\u0117jimas \u2014 Toppik Lietuva"},"image":{"@id":"https:\/\/toppikpolska.pl\/lt\/#\/schema\/logo\/image\/"}}]}},"_links":{"self":[{"href":"https:\/\/toppikpolska.pl\/lt\/wp-json\/wp\/v2\/product\/9986","targetHints":{"allow":["GET"]}}],"collection":[{"href":"https:\/\/toppikpolska.pl\/lt\/wp-json\/wp\/v2\/product"}],"about":[{"href":"https:\/\/toppikpolska.pl\/lt\/wp-json\/wp\/v2\/types\/product"}],"replies":[{"embeddable":true,"href":"https:\/\/toppikpolska.pl\/lt\/wp-json\/wp\/v2\/comments?post=9986"}],"wp:featuredmedia":[{"embeddable":true,"href":"https:\/\/toppikpolska.pl\/lt\/wp-json\/wp\/v2\/media\/8197"}],"wp:attachment":[{"href":"https:\/\/toppikpolska.pl\/lt\/wp-json\/wp\/v2\/media?parent=9986"}],"wp:term":[{"taxonomy":"product_brand","embeddable":true,"href":"https:\/\/toppikpolska.pl\/lt\/wp-json\/wp\/v2\/product_brand?post=9986"},{"taxonomy":"product_cat","embeddable":true,"href":"https:\/\/toppikpolska.pl\/lt\/wp-json\/wp\/v2\/product_cat?post=9986"},{"taxonomy":"product_tag","embeddable":true,"href":"https:\/\/toppikpolska.pl\/lt\/wp-json\/wp\/v2\/product_tag?post=9986"}],"curies":[{"name":"wp","href":"https:\/\/api.w.org\/{rel}","templated":true}]}}