{"id":9997,"date":"2025-05-30T15:25:24","date_gmt":"2025-05-30T13:25:24","guid":{"rendered":"https:\/\/toppikpolska.pl\/produkt\/keratino-pluosto-rinkinys-toppik-3x-12g\/"},"modified":"2025-05-30T15:25:24","modified_gmt":"2025-05-30T13:25:24","slug":"keratino-pluosto-rinkinys-toppik-3x-12g","status":"publish","type":"product","link":"https:\/\/toppikpolska.pl\/lt\/produkt\/keratino-pluosto-rinkinys-toppik-3x-12g\/","title":{"rendered":"Keratino pluo\u0161to RINKINYS Toppik 3x 12g"},"content":{"rendered":"<h4><strong>K\u0104 DAR TUR\u0116TUM\u0116TE \u017dINOTI?<\/strong><\/h4>\n<p>Toppik pluo\u0161tai yra atspar\u016bs lietui, v\u0117jui ir prakaitui, tod\u0117l suteiks vartotojui ilgalaik\u012f norim\u0105 efekt\u0105 nepriklausomai nuo oro s\u0105lyg\u0173. Jie yra net devyni\u0173 atspalvi\u0173, tod\u0117l galite juos derinti su beveik bet kokios spalvos plaukais. Produktas taip pat puikiai tinka vietin\u0117ms restauracijoms, maskuojant restauravimo sistem\u0173 priedus ir u\u017epildant plauk\u0173 defektus tarp da\u017eymo seans\u0173. Produktas lengvai nuplaunamas vandeniu ir \u0161amp\u016bnu.   <\/p>\n<h3>Visapusi\u0161kas plauk\u0173 storinimas su Toppik plauk\u0173 pluo\u0161tais 3 x 12g<\/h3>\n<p>Toppik Hair Fibers 3 x 12g yra pa\u017eangus sprendimas \u017emon\u0117ms su plonais ir ret\u0117jan\u010diais plaukais, norintiems nat\u016braliai sustorinti savo \u0161ukuosen\u0105. Mikropluo\u0161tai plaukams sukurti taip, kad efektyviai sutankint\u0173 plaukus, suteikdami pilnesn\u0119 ir ve\u0161lesn\u0119 i\u0161vaizd\u0105 be matom\u0173 \u017eymi\u0173. Rinkinyje yra trys pakuot\u0117s po 12 g, tod\u0117l galite ilgai papildyti plaukus, o tai garantuoja storus plaukus vis\u0105 dien\u0105. Mikropluo\u0161tai puikiai prilimpa prie esam\u0173 plauk\u0173, sukurdami nat\u016bral\u0173 skirting\u0173 atspalvi\u0173 plauk\u0173 storinimo efekt\u0105, kuris leid\u017eia puikiai der\u0117ti prie nat\u016brali\u0173 plauk\u0173 spalvos. Produkt\u0105 lengva tepti, tod\u0117l idealiai tinka tiek profesionalams, tiek nam\u0173 vartotojams, norintiems greitai ir efektyviai sustorinti plaukus.    <\/p>\n<h3>Ilgalaikiai ir nat\u016bral\u016bs rezultatai su Toppik mikropluo\u0161tais<\/h3>\n<p>Toppik Hair Fibers 3 x 12g mikropluo\u0161tai u\u017etikrina ne tik efektyv\u0173 plauk\u0173 storinim\u0105, bet ir patogum\u0105 bei ilgaam\u017ei\u0161kum\u0105. Pa\u017eangi\u0173 technologij\u0173 d\u0117ka plauk\u0173 pluo\u0161tai i\u0161lieka vietoje net fizinio kr\u016bvio ar permainingo oro metu, o tai u\u017etikrina storus plaukus vis\u0105 dien\u0105. Pridedamas plauk\u0173 aplikatorius leid\u017eia tiksliai tepti mikropluo\u0161tus, suma\u017einti produkto atliek\u0173 kiek\u012f ir u\u017etikrinti, kad pluo\u0161tai tolygiai pasiskirstyt\u0173 po galvos od\u0105. Plauk\u0173 storinimo \u0161ukos, taip pat rinkinio dalis, padeda tepti mikropluo\u0161tus, padeda kruop\u0161\u010diai paskirstyti mikropluo\u0161tus ir pasiekti nat\u016brali\u0105 i\u0161vaizd\u0105. Naudojant Toppik Hair Fibers 3 x 12g, plauk\u0173 sustor\u0117jimas tampa greitas, efektyvus ir lengvas, tod\u0117l galite d\u017eiaugtis pilnesne, sveikiau atrodan\u010dia \u0161ukuosena be invazini\u0173 metod\u0173.    <\/p>\n","protected":false},"excerpt":{"rendered":"<p>Pasirinkite 3 pakuo\u010di\u0173 &#8222;Toppik Hair Fibers 12g&#8221; rinkin\u012f ir sutaupykite 17 PLN!<\/p>\n<p><strong>KOKS PRODUKTAS APIB\u016aDINAMAS?<\/strong><br \/>\nToppik papildomi pluo\u0161tai gaminami da\u017eyt\u0173 keratino pluo\u0161t\u0173 pagrindu, kurie puikiai prasiskverbia \u012f plaukus ir akimirksniu juos vizualiai sutir\u0161tina bei sutir\u0161tina.<\/p>\n<p>PRODUKTO<br \/>\n <strong>NAUDOJIMO PRANA\u0160UMAI<\/strong>\u2022 Akimirksniu u\u017epildo ret\u0117jan\u010di\u0173 plauk\u0173<br \/>\n vietas\u2022 Padengia plauk\u0173<br \/>\n slinkim\u0105\u2022 Sukuria stor\u0173 ir stor\u0173 plauk\u0173<br \/>\n efekt\u0105\u2022 Puikiai tinka kaip \u0161ukuosenos papildymas tarp da\u017eymo seans\u0173<\/p>\n","protected":false},"featured_media":8164,"comment_status":"open","ping_status":"closed","template":"","meta":[],"product_brand":[],"product_cat":[37],"product_tag":[],"class_list":{"0":"post-9997","1":"product","2":"type-product","3":"status-publish","4":"has-post-thumbnail","6":"product_cat-bez-kategorii","8":"first","9":"instock","10":"shipping-taxable","11":"purchasable","12":"product-type-variable"},"yoast_head":"<!-- This site is optimized with the Yoast SEO plugin v26.6 - https:\/\/yoast.com\/wordpress\/plugins\/seo\/ -->\n<title>Keratino pluo\u0161to RINKINYS Toppik 3x 12g<\/title>\n<meta name=\"description\" content=\"Keratino pluo\u0161to RINKINYS Toppik 3x 12g - Keratino mikropluo\u0161tai storina plaukus | Toppik Polska!\" \/>\n<meta name=\"robots\" content=\"index, follow, max-snippet:-1, max-image-preview:large, max-video-preview:-1\" \/>\n<link rel=\"canonical\" href=\"https:\/\/toppikpolska.pl\/lt\/produkt\/keratino-pluosto-rinkinys-toppik-3x-12g\/\" \/>\n<meta property=\"og:locale\" content=\"lt_LT\" \/>\n<meta property=\"og:type\" content=\"article\" \/>\n<meta property=\"og:title\" content=\"Keratino pluo\u0161to RINKINYS Toppik 3x 12g\" \/>\n<meta property=\"og:description\" content=\"Keratino pluo\u0161to RINKINYS Toppik 3x 12g - Keratino mikropluo\u0161tai storina plaukus | Toppik Polska!\" \/>\n<meta property=\"og:url\" content=\"https:\/\/toppikpolska.pl\/lt\/produkt\/keratino-pluosto-rinkinys-toppik-3x-12g\/\" \/>\n<meta property=\"og:site_name\" content=\"Plauk\u0173 skaidulos, keratinas, stor\u0117jimas \u2014 Toppik Lietuva\" \/>\n<meta property=\"og:image\" content=\"https:\/\/toppikpolska.pl\/wp-content\/uploads\/2025\/05\/toppik3x12-1024x1024-1.jpg\" \/>\n\t<meta property=\"og:image:width\" content=\"1024\" \/>\n\t<meta property=\"og:image:height\" content=\"1024\" \/>\n\t<meta property=\"og:image:type\" content=\"image\/jpeg\" \/>\n<meta name=\"twitter:card\" content=\"summary_large_image\" \/>\n<meta name=\"twitter:label1\" content=\"Est. reading time\" \/>\n\t<meta name=\"twitter:data1\" content=\"2 minut\u0117s\" \/>\n<script type=\"application\/ld+json\" class=\"yoast-schema-graph\">{\"@context\":\"https:\/\/schema.org\",\"@graph\":[{\"@type\":\"WebPage\",\"@id\":\"https:\/\/toppikpolska.pl\/lt\/produkt\/keratino-pluosto-rinkinys-toppik-3x-12g\/\",\"url\":\"https:\/\/toppikpolska.pl\/lt\/produkt\/keratino-pluosto-rinkinys-toppik-3x-12g\/\",\"name\":\"Keratino pluo\u0161to RINKINYS Toppik 3x 12g\",\"isPartOf\":{\"@id\":\"https:\/\/toppikpolska.pl\/lt\/#website\"},\"primaryImageOfPage\":{\"@id\":\"https:\/\/toppikpolska.pl\/lt\/produkt\/keratino-pluosto-rinkinys-toppik-3x-12g\/#primaryimage\"},\"image\":{\"@id\":\"https:\/\/toppikpolska.pl\/lt\/produkt\/keratino-pluosto-rinkinys-toppik-3x-12g\/#primaryimage\"},\"thumbnailUrl\":\"https:\/\/toppikpolska.pl\/wp-content\/uploads\/2025\/05\/toppik3x12-1024x1024-1.jpg\",\"datePublished\":\"2025-05-30T13:25:24+00:00\",\"description\":\"Keratino pluo\u0161to RINKINYS Toppik 3x 12g - Keratino mikropluo\u0161tai storina plaukus | Toppik Polska!\",\"breadcrumb\":{\"@id\":\"https:\/\/toppikpolska.pl\/lt\/produkt\/keratino-pluosto-rinkinys-toppik-3x-12g\/#breadcrumb\"},\"inLanguage\":\"lt-LT\",\"potentialAction\":[{\"@type\":\"ReadAction\",\"target\":[\"https:\/\/toppikpolska.pl\/lt\/produkt\/keratino-pluosto-rinkinys-toppik-3x-12g\/\"]}]},{\"@type\":\"ImageObject\",\"inLanguage\":\"lt-LT\",\"@id\":\"https:\/\/toppikpolska.pl\/lt\/produkt\/keratino-pluosto-rinkinys-toppik-3x-12g\/#primaryimage\",\"url\":\"https:\/\/toppikpolska.pl\/wp-content\/uploads\/2025\/05\/toppik3x12-1024x1024-1.jpg\",\"contentUrl\":\"https:\/\/toppikpolska.pl\/wp-content\/uploads\/2025\/05\/toppik3x12-1024x1024-1.jpg\",\"width\":1024,\"height\":1024,\"caption\":\"Autori\u0173 teis\u0117s priklauso \\\"Rokoko Hair Company\\\"\"},{\"@type\":\"BreadcrumbList\",\"@id\":\"https:\/\/toppikpolska.pl\/lt\/produkt\/keratino-pluosto-rinkinys-toppik-3x-12g\/#breadcrumb\",\"itemListElement\":[{\"@type\":\"ListItem\",\"position\":1,\"name\":\"Pagrindinis puslapis\",\"item\":\"https:\/\/toppikpolska.pl\/lt\/\"},{\"@type\":\"ListItem\",\"position\":2,\"name\":\"Parduotuv\u0117\",\"item\":\"https:\/\/toppikpolska.pl\/lt\/parduotuve\/\"},{\"@type\":\"ListItem\",\"position\":3,\"name\":\"Keratino pluo\u0161to RINKINYS Toppik 3x 12g\"}]},{\"@type\":\"WebSite\",\"@id\":\"https:\/\/toppikpolska.pl\/lt\/#website\",\"url\":\"https:\/\/toppikpolska.pl\/lt\/\",\"name\":\"Plauk\u0173 skaidulos, keratinas, stor\u0117jimas \u2014 Toppik Lietuva\",\"description\":\"\",\"publisher\":{\"@id\":\"https:\/\/toppikpolska.pl\/lt\/#organization\"},\"potentialAction\":[{\"@type\":\"SearchAction\",\"target\":{\"@type\":\"EntryPoint\",\"urlTemplate\":\"https:\/\/toppikpolska.pl\/lt\/?s={search_term_string}\"},\"query-input\":{\"@type\":\"PropertyValueSpecification\",\"valueRequired\":true,\"valueName\":\"search_term_string\"}}],\"inLanguage\":\"lt-LT\"},{\"@type\":\"Organization\",\"@id\":\"https:\/\/toppikpolska.pl\/lt\/#organization\",\"name\":\"Plauk\u0173 skaidulos, keratinas, stor\u0117jimas \u2014 Toppik Lietuva\",\"url\":\"https:\/\/toppikpolska.pl\/lt\/\",\"logo\":{\"@type\":\"ImageObject\",\"inLanguage\":\"lt-LT\",\"@id\":\"https:\/\/toppikpolska.pl\/lt\/#\/schema\/logo\/image\/\",\"url\":\"https:\/\/toppikpolska.pl\/wp-content\/uploads\/2023\/09\/logo.png\",\"contentUrl\":\"https:\/\/toppikpolska.pl\/wp-content\/uploads\/2023\/09\/logo.png\",\"width\":105,\"height\":57,\"caption\":\"Plauk\u0173 skaidulos, keratinas, stor\u0117jimas \u2014 Toppik Lietuva\"},\"image\":{\"@id\":\"https:\/\/toppikpolska.pl\/lt\/#\/schema\/logo\/image\/\"}}]}<\/script>\n<!-- \/ Yoast SEO plugin. -->","yoast_head_json":{"title":"Keratino pluo\u0161to RINKINYS Toppik 3x 12g","description":"Keratino pluo\u0161to RINKINYS Toppik 3x 12g - Keratino mikropluo\u0161tai storina plaukus | Toppik Polska!","robots":{"index":"index","follow":"follow","max-snippet":"max-snippet:-1","max-image-preview":"max-image-preview:large","max-video-preview":"max-video-preview:-1"},"canonical":"https:\/\/toppikpolska.pl\/lt\/produkt\/keratino-pluosto-rinkinys-toppik-3x-12g\/","og_locale":"lt_LT","og_type":"article","og_title":"Keratino pluo\u0161to RINKINYS Toppik 3x 12g","og_description":"Keratino pluo\u0161to RINKINYS Toppik 3x 12g - Keratino mikropluo\u0161tai storina plaukus | Toppik Polska!","og_url":"https:\/\/toppikpolska.pl\/lt\/produkt\/keratino-pluosto-rinkinys-toppik-3x-12g\/","og_site_name":"Plauk\u0173 skaidulos, keratinas, stor\u0117jimas \u2014 Toppik Lietuva","og_image":[{"width":1024,"height":1024,"url":"https:\/\/toppikpolska.pl\/wp-content\/uploads\/2025\/05\/toppik3x12-1024x1024-1.jpg","type":"image\/jpeg"}],"twitter_card":"summary_large_image","twitter_misc":{"Est. reading time":"2 minut\u0117s"},"schema":{"@context":"https:\/\/schema.org","@graph":[{"@type":"WebPage","@id":"https:\/\/toppikpolska.pl\/lt\/produkt\/keratino-pluosto-rinkinys-toppik-3x-12g\/","url":"https:\/\/toppikpolska.pl\/lt\/produkt\/keratino-pluosto-rinkinys-toppik-3x-12g\/","name":"Keratino pluo\u0161to RINKINYS Toppik 3x 12g","isPartOf":{"@id":"https:\/\/toppikpolska.pl\/lt\/#website"},"primaryImageOfPage":{"@id":"https:\/\/toppikpolska.pl\/lt\/produkt\/keratino-pluosto-rinkinys-toppik-3x-12g\/#primaryimage"},"image":{"@id":"https:\/\/toppikpolska.pl\/lt\/produkt\/keratino-pluosto-rinkinys-toppik-3x-12g\/#primaryimage"},"thumbnailUrl":"https:\/\/toppikpolska.pl\/wp-content\/uploads\/2025\/05\/toppik3x12-1024x1024-1.jpg","datePublished":"2025-05-30T13:25:24+00:00","description":"Keratino pluo\u0161to RINKINYS Toppik 3x 12g - Keratino mikropluo\u0161tai storina plaukus | Toppik Polska!","breadcrumb":{"@id":"https:\/\/toppikpolska.pl\/lt\/produkt\/keratino-pluosto-rinkinys-toppik-3x-12g\/#breadcrumb"},"inLanguage":"lt-LT","potentialAction":[{"@type":"ReadAction","target":["https:\/\/toppikpolska.pl\/lt\/produkt\/keratino-pluosto-rinkinys-toppik-3x-12g\/"]}]},{"@type":"ImageObject","inLanguage":"lt-LT","@id":"https:\/\/toppikpolska.pl\/lt\/produkt\/keratino-pluosto-rinkinys-toppik-3x-12g\/#primaryimage","url":"https:\/\/toppikpolska.pl\/wp-content\/uploads\/2025\/05\/toppik3x12-1024x1024-1.jpg","contentUrl":"https:\/\/toppikpolska.pl\/wp-content\/uploads\/2025\/05\/toppik3x12-1024x1024-1.jpg","width":1024,"height":1024,"caption":"Autori\u0173 teis\u0117s priklauso \"Rokoko Hair Company\""},{"@type":"BreadcrumbList","@id":"https:\/\/toppikpolska.pl\/lt\/produkt\/keratino-pluosto-rinkinys-toppik-3x-12g\/#breadcrumb","itemListElement":[{"@type":"ListItem","position":1,"name":"Pagrindinis puslapis","item":"https:\/\/toppikpolska.pl\/lt\/"},{"@type":"ListItem","position":2,"name":"Parduotuv\u0117","item":"https:\/\/toppikpolska.pl\/lt\/parduotuve\/"},{"@type":"ListItem","position":3,"name":"Keratino pluo\u0161to RINKINYS Toppik 3x 12g"}]},{"@type":"WebSite","@id":"https:\/\/toppikpolska.pl\/lt\/#website","url":"https:\/\/toppikpolska.pl\/lt\/","name":"Plauk\u0173 skaidulos, keratinas, stor\u0117jimas \u2014 Toppik Lietuva","description":"","publisher":{"@id":"https:\/\/toppikpolska.pl\/lt\/#organization"},"potentialAction":[{"@type":"SearchAction","target":{"@type":"EntryPoint","urlTemplate":"https:\/\/toppikpolska.pl\/lt\/?s={search_term_string}"},"query-input":{"@type":"PropertyValueSpecification","valueRequired":true,"valueName":"search_term_string"}}],"inLanguage":"lt-LT"},{"@type":"Organization","@id":"https:\/\/toppikpolska.pl\/lt\/#organization","name":"Plauk\u0173 skaidulos, keratinas, stor\u0117jimas \u2014 Toppik Lietuva","url":"https:\/\/toppikpolska.pl\/lt\/","logo":{"@type":"ImageObject","inLanguage":"lt-LT","@id":"https:\/\/toppikpolska.pl\/lt\/#\/schema\/logo\/image\/","url":"https:\/\/toppikpolska.pl\/wp-content\/uploads\/2023\/09\/logo.png","contentUrl":"https:\/\/toppikpolska.pl\/wp-content\/uploads\/2023\/09\/logo.png","width":105,"height":57,"caption":"Plauk\u0173 skaidulos, keratinas, stor\u0117jimas \u2014 Toppik Lietuva"},"image":{"@id":"https:\/\/toppikpolska.pl\/lt\/#\/schema\/logo\/image\/"}}]}},"_links":{"self":[{"href":"https:\/\/toppikpolska.pl\/lt\/wp-json\/wp\/v2\/product\/9997","targetHints":{"allow":["GET"]}}],"collection":[{"href":"https:\/\/toppikpolska.pl\/lt\/wp-json\/wp\/v2\/product"}],"about":[{"href":"https:\/\/toppikpolska.pl\/lt\/wp-json\/wp\/v2\/types\/product"}],"replies":[{"embeddable":true,"href":"https:\/\/toppikpolska.pl\/lt\/wp-json\/wp\/v2\/comments?post=9997"}],"wp:featuredmedia":[{"embeddable":true,"href":"https:\/\/toppikpolska.pl\/lt\/wp-json\/wp\/v2\/media\/8164"}],"wp:attachment":[{"href":"https:\/\/toppikpolska.pl\/lt\/wp-json\/wp\/v2\/media?parent=9997"}],"wp:term":[{"taxonomy":"product_brand","embeddable":true,"href":"https:\/\/toppikpolska.pl\/lt\/wp-json\/wp\/v2\/product_brand?post=9997"},{"taxonomy":"product_cat","embeddable":true,"href":"https:\/\/toppikpolska.pl\/lt\/wp-json\/wp\/v2\/product_cat?post=9997"},{"taxonomy":"product_tag","embeddable":true,"href":"https:\/\/toppikpolska.pl\/lt\/wp-json\/wp\/v2\/product_tag?post=9997"}],"curies":[{"name":"wp","href":"https:\/\/api.w.org\/{rel}","templated":true}]}}