{"id":9347,"date":"2023-09-19T12:31:33","date_gmt":"2023-09-19T10:31:33","guid":{"rendered":"https:\/\/toppikpolska.pl\/par-mums\/"},"modified":"2025-12-18T09:59:29","modified_gmt":"2025-12-18T08:59:29","slug":"par-mums","status":"publish","type":"page","link":"https:\/\/toppikpolska.pl\/lv\/par-mums\/","title":{"rendered":"Par mums"},"content":{"rendered":"\n<h2 class=\"wp-block-heading has-text-align-center has-ti-accent-color has-text-color\">TOPPIK POLIJA<\/h2>\n\n<p>ToppikPolska.pl ir ofici\u0101lais Polijas izplat\u012bt\u0101js un interneta veikals Toppik Inc.<\/p>\n\n<p>Galva pilna ar matiem ir m\u016bsu misija. M\u0113s v\u0113lamies dot po\u013ciem produktu, kas main\u012bs vi\u0146u izskatu. Toppik ir atz\u012bts par l\u012bderi starp kosm\u0113tikas l\u012bdzek\u013ciem matu retin\u0101\u0161anai. To iesaka \u0101rsti, kas nodarbojas ar matu izkri\u0161anu, transplant\u0101cijas \u0137irurgi, medic\u012bnas centri, dermatologi, bet pats svar\u012bg\u0101kais ir tas, ka to m\u012bl m\u016bsu klienti. Toppik pied\u0101v\u0101 pla\u0161u matu kop\u0161anas l\u012bdzek\u013cu un risin\u0101jumu kl\u0101stu, kas \u013cauj nekav\u0113joties tikt gal\u0101 ar pl\u0101niem un retin\u0101tiem matiem.    <\/p>\n\n<div class=\"wp-block-columns is-layout-flex wp-container-core-columns-is-layout-28f84493 wp-block-columns-is-layout-flex\">\n<div class=\"wp-block-column is-layout-flow wp-block-column-is-layout-flow\">\n<figure class=\"wp-block-image size-full\"><img loading=\"lazy\" decoding=\"async\" width=\"1920\" height=\"660\" src=\"https:\/\/toppikpolska.pl\/wp-content\/uploads\/2025\/02\/wlokna-keratynowe-zageszczajace-o-nas.webp\" alt=\"\" class=\"wp-image-5920\" srcset=\"https:\/\/toppikpolska.pl\/wp-content\/uploads\/2025\/02\/wlokna-keratynowe-zageszczajace-o-nas.webp 1920w, https:\/\/toppikpolska.pl\/wp-content\/uploads\/2025\/02\/wlokna-keratynowe-zageszczajace-o-nas-600x206.webp 600w, https:\/\/toppikpolska.pl\/wp-content\/uploads\/2025\/02\/wlokna-keratynowe-zageszczajace-o-nas-300x103.webp 300w, https:\/\/toppikpolska.pl\/wp-content\/uploads\/2025\/02\/wlokna-keratynowe-zageszczajace-o-nas-1024x352.webp 1024w, https:\/\/toppikpolska.pl\/wp-content\/uploads\/2025\/02\/wlokna-keratynowe-zageszczajace-o-nas-768x264.webp 768w, https:\/\/toppikpolska.pl\/wp-content\/uploads\/2025\/02\/wlokna-keratynowe-zageszczajace-o-nas-1536x528.webp 1536w\" sizes=\"auto, (max-width: 1920px) 100vw, 1920px\" \/><\/figure>\n<\/div>\n<\/div>\n\n<h3 class=\"wp-block-heading\">M\u0113s atvieglojam iepirk\u0161anos Polij\u0101:<\/h3>\n\n<ul class=\"wp-block-list\">\n<li>Dro\u0161a pirk\u0161ana \u2013 bez muitas nodev\u0101m<\/li>\n\n\n\n<li>(visi produkti tiek iepakoti un nos\u016bt\u012bti no m\u016bsu Polijas noliktavas)<\/li>\n\n\n\n<li>Polijas cenas (bez val\u016btas konvert\u0113\u0161anas)<\/li>\n\n\n\n<li>\u0100tra pieg\u0101de<\/li>\n\n\n\n<li>Bezmaksas pieg\u0101de pas\u016bt\u012bjumiem virs 100z\u0142<\/li>\n\n\n\n<li>Vienk\u0101r\u0161a atgrie\u0161anas proced\u016bra<\/li>\n\n\n\n<li>Lieliska klientu apkalpo\u0161ana<\/li>\n<\/ul>\n\n<p>Pirms vair\u0101k nek\u0101 30 gadiem Toppik Inc. dibin\u0101t\u0101js nol\u0113ma, ka nav \u0101tra un vienk\u0101r\u0161a risin\u0101juma, k\u0101 uzreiz uzlabot pl\u0101nu un retin\u0101tu matu izskatu. Kop\u0161 t\u0101 laika Toppik Inc. ir izstr\u0101d\u0101jis pla\u0161u kosm\u0113tikas l\u012bdzek\u013cu kl\u0101stu, lai nov\u0113rstu negat\u012bvo ietekmi, kas saist\u012bta ar matu izkri\u0161anu un retin\u0101\u0161anu.   <\/p>\n\n<p><br\/>Viens no \u0161\u0101diem produktiem ir godalgot\u0101s matu strukt\u016bras kerat\u012bna \u0161\u0137iedras, kuras jau veiksm\u012bgi izmanto vair\u0101k nek\u0101 3 miljoni sievie\u0161u un v\u012brie\u0161u vis\u0101 pasaul\u0113.<\/p>\n\n<h4 class=\"wp-block-heading has-text-align-center has-ti-accent-color has-text-color\"><strong>Garant\u0113ta produkta ori\u0123inalit\u0101te.<\/strong><\/h4>\n\n<div class=\"wp-block-columns is-layout-flex wp-container-core-columns-is-layout-28f84493 wp-block-columns-is-layout-flex\"><\/div>\n\n<p>Toppik \u0161\u0137iedras matu konstrukcijai dod t\u016bl\u012bt\u0113ju biezu matu efektu. Statiski uzl\u0101d\u0113tas kerat\u012bna \u0161\u0137iedras piel\u012bp pie matiem, aizpildot dobumus un pie\u0161\u0137irot friz\u016brai piln\u012bgi dabisku izskatu. <\/p>\n\n<p><br\/>Pilna kr\u0101su skala \u013cauj pieska\u0146ot \u0161\u0137iedru kr\u0101su praktiski jebkuram matu tonim. Toppik ir iztur\u012bgs pret v\u0113ju, lietus vai sviedriem, bet to var viegli no\u0146emt ar \u0161amp\u016bnu, mazg\u0101jot galvu. To var lietot gan sievietes, gan v\u012brie\u0161i ar vienl\u012bdz apmierino\u0161u efektu, nov\u0113r\u0161ot retin\u0101\u0161anu un iev\u0113rojami uzlabojot to izskatu.  <\/p>\n\n<hr class=\"wp-block-separator has-alpha-channel-opacity\"\/>\n\n<div class=\"wp-block-columns is-layout-flex wp-container-core-columns-is-layout-28f84493 wp-block-columns-is-layout-flex\">\n<div class=\"wp-block-column is-layout-flow wp-block-column-is-layout-flow\">\n<h3 class=\"wp-block-heading has-ti-accent-color has-text-color\">IZPLAT\u012aT\u0100JS<\/h3>\n\n\n\n<h5 class=\"wp-block-heading\">Rokoko matu komp\u0101nija \/ matu partneri<\/h5>\n\n\n\n<h5 class=\"wp-block-heading\">strops. Szaser\u00f3w 38, 04-306 Var\u0161ava<br\/>Polija <\/h5>\n\n\n\n<h5 class=\"wp-block-heading\">T\u0101lrunis: + 48 22 648 14 00<\/h5>\n\n\n\n<h5 class=\"wp-block-heading\">E-pasts: toppik@toppikpolska.pl<\/h5>\n<\/div>\n\n\n\n<div class=\"wp-block-column is-layout-flow wp-block-column-is-layout-flow\">\n<figure class=\"wp-block-image size-full is-style-default\"><img loading=\"lazy\" decoding=\"async\" width=\"504\" height=\"504\" src=\"https:\/\/toppikpolska.pl\/wp-content\/uploads\/2025\/12\/toppik-good-hair-day.webp\" alt=\"Toppik - laba matu diena!\" title=\"Toppik - laba matu diena!\" class=\"wp-image-10754\" style=\"border-radius:50px;\" srcset=\"https:\/\/toppikpolska.pl\/wp-content\/uploads\/2025\/12\/toppik-good-hair-day.webp 504w, https:\/\/toppikpolska.pl\/wp-content\/uploads\/2025\/12\/toppik-good-hair-day-300x300.webp 300w, https:\/\/toppikpolska.pl\/wp-content\/uploads\/2025\/12\/toppik-good-hair-day-150x150.webp 150w, https:\/\/toppikpolska.pl\/wp-content\/uploads\/2025\/12\/toppik-good-hair-day-100x100.webp 100w\" sizes=\"auto, (max-width: 504px) 100vw, 504px\" \/><\/figure>\n<\/div>\n<\/div>\n\n<p><\/p>\n","protected":false},"excerpt":{"rendered":"<p>TOPPIK POLIJA ToppikPolska.pl ir ofici\u0101lais Polijas izplat\u012bt\u0101js un interneta veikals Toppik Inc. Galva pilna ar matiem ir m\u016bsu misija. M\u0113s v\u0113lamies dot po\u013ciem produktu, kas main\u012bs vi\u0146u izskatu. Toppik ir atz\u012bts par l\u012bderi starp kosm\u0113tikas l\u012bdzek\u013ciem matu retin\u0101\u0161anai. To iesaka \u0101rsti, kas nodarbojas ar matu izkri\u0161anu, transplant\u0101cijas \u0137irurgi, medic\u012bnas centri, dermatologi, bet pats svar\u012bg\u0101kais ir [&hellip;]<\/p>\n","protected":false},"author":1,"featured_media":0,"parent":0,"menu_order":0,"comment_status":"closed","ping_status":"closed","template":"","meta":{"footnotes":""},"class_list":["post-9347","page","type-page","status-publish","hentry"],"yoast_head":"<!-- This site is optimized with the Yoast SEO plugin v26.6 - https:\/\/yoast.com\/wordpress\/plugins\/seo\/ -->\n<title>Par mums - Toppik Polska: Kerat\u012bna \u0161\u0137iedras sabiez\u0113 matus<\/title>\n<meta name=\"description\" content=\"Iepaz\u012bstieties ar Toppik Polska - matu sabiez\u0113\u0161anas ekspertiem. Uzziniet, k\u0101 m\u016bsu produkti var pal\u012bdz\u0113t jums ieg\u016bt pilnus, biezus matus!\" \/>\n<meta name=\"robots\" content=\"index, follow, max-snippet:-1, max-image-preview:large, max-video-preview:-1\" \/>\n<link rel=\"canonical\" href=\"https:\/\/toppikpolska.pl\/lv\/par-mums\/\" \/>\n<meta property=\"og:locale\" content=\"lv_LV\" \/>\n<meta property=\"og:type\" content=\"article\" \/>\n<meta property=\"og:title\" content=\"Par mums - Toppik Polska: Kerat\u012bna \u0161\u0137iedras sabiez\u0113 matus\" \/>\n<meta property=\"og:description\" content=\"Iepaz\u012bstieties ar Toppik Polska - matu sabiez\u0113\u0161anas ekspertiem. Uzziniet, k\u0101 m\u016bsu produkti var pal\u012bdz\u0113t jums ieg\u016bt pilnus, biezus matus!\" \/>\n<meta property=\"og:url\" content=\"https:\/\/toppikpolska.pl\/lv\/par-mums\/\" \/>\n<meta property=\"og:site_name\" content=\"Matu \u0161\u0137iedras, kerat\u012bns, sabiez\u0113\u0161ana \u2014 Toppik Latvija\" \/>\n<meta property=\"article:modified_time\" content=\"2025-12-18T08:59:29+00:00\" \/>\n<meta property=\"og:image\" content=\"https:\/\/toppikpolska.pl\/wp-content\/uploads\/2025\/02\/wlokna-keratynowe-zageszczajace-o-nas.webp\" \/>\n\t<meta property=\"og:image:width\" content=\"1920\" \/>\n\t<meta property=\"og:image:height\" content=\"660\" \/>\n\t<meta property=\"og:image:type\" content=\"image\/webp\" \/>\n<meta name=\"twitter:card\" content=\"summary_large_image\" \/>\n<meta name=\"twitter:label1\" content=\"Est. reading time\" \/>\n\t<meta name=\"twitter:data1\" content=\"2 min\u016btes\" \/>\n<script type=\"application\/ld+json\" class=\"yoast-schema-graph\">{\"@context\":\"https:\/\/schema.org\",\"@graph\":[{\"@type\":\"WebPage\",\"@id\":\"https:\/\/toppikpolska.pl\/lv\/par-mums\/\",\"url\":\"https:\/\/toppikpolska.pl\/lv\/par-mums\/\",\"name\":\"Par mums - Toppik Polska: Kerat\u012bna \u0161\u0137iedras sabiez\u0113 matus\",\"isPartOf\":{\"@id\":\"https:\/\/toppikpolska.pl\/lv\/#website\"},\"primaryImageOfPage\":{\"@id\":\"https:\/\/toppikpolska.pl\/lv\/par-mums\/#primaryimage\"},\"image\":{\"@id\":\"https:\/\/toppikpolska.pl\/lv\/par-mums\/#primaryimage\"},\"thumbnailUrl\":\"https:\/\/toppikpolska.pl\/wp-content\/uploads\/2025\/02\/wlokna-keratynowe-zageszczajace-o-nas.webp\",\"datePublished\":\"2023-09-19T10:31:33+00:00\",\"dateModified\":\"2025-12-18T08:59:29+00:00\",\"description\":\"Iepaz\u012bstieties ar Toppik Polska - matu sabiez\u0113\u0161anas ekspertiem. Uzziniet, k\u0101 m\u016bsu produkti var pal\u012bdz\u0113t jums ieg\u016bt pilnus, biezus matus!\",\"breadcrumb\":{\"@id\":\"https:\/\/toppikpolska.pl\/lv\/par-mums\/#breadcrumb\"},\"inLanguage\":\"lv-LV\",\"potentialAction\":[{\"@type\":\"ReadAction\",\"target\":[\"https:\/\/toppikpolska.pl\/lv\/par-mums\/\"]}]},{\"@type\":\"ImageObject\",\"inLanguage\":\"lv-LV\",\"@id\":\"https:\/\/toppikpolska.pl\/lv\/par-mums\/#primaryimage\",\"url\":\"https:\/\/toppikpolska.pl\/wp-content\/uploads\/2025\/02\/wlokna-keratynowe-zageszczajace-o-nas.webp\",\"contentUrl\":\"https:\/\/toppikpolska.pl\/wp-content\/uploads\/2025\/02\/wlokna-keratynowe-zageszczajace-o-nas.webp\"},{\"@type\":\"BreadcrumbList\",\"@id\":\"https:\/\/toppikpolska.pl\/lv\/par-mums\/#breadcrumb\",\"itemListElement\":[{\"@type\":\"ListItem\",\"position\":1,\"name\":\"M\u0101jas lap\u0101\",\"item\":\"https:\/\/toppikpolska.pl\/lv\/\"},{\"@type\":\"ListItem\",\"position\":2,\"name\":\"Par mums\"}]},{\"@type\":\"WebSite\",\"@id\":\"https:\/\/toppikpolska.pl\/lv\/#website\",\"url\":\"https:\/\/toppikpolska.pl\/lv\/\",\"name\":\"Matu \u0161\u0137iedras, kerat\u012bns, sabiez\u0113\u0161ana \u2014 Toppik Latvija\",\"description\":\"\",\"publisher\":{\"@id\":\"https:\/\/toppikpolska.pl\/lv\/#organization\"},\"potentialAction\":[{\"@type\":\"SearchAction\",\"target\":{\"@type\":\"EntryPoint\",\"urlTemplate\":\"https:\/\/toppikpolska.pl\/lv\/?s={search_term_string}\"},\"query-input\":{\"@type\":\"PropertyValueSpecification\",\"valueRequired\":true,\"valueName\":\"search_term_string\"}}],\"inLanguage\":\"lv-LV\"},{\"@type\":\"Organization\",\"@id\":\"https:\/\/toppikpolska.pl\/lv\/#organization\",\"name\":\"Matu \u0161\u0137iedras, kerat\u012bns, sabiez\u0113\u0161ana \u2014 Toppik Latvija\",\"url\":\"https:\/\/toppikpolska.pl\/lv\/\",\"logo\":{\"@type\":\"ImageObject\",\"inLanguage\":\"lv-LV\",\"@id\":\"https:\/\/toppikpolska.pl\/lv\/#\/schema\/logo\/image\/\",\"url\":\"https:\/\/toppikpolska.pl\/wp-content\/uploads\/2023\/09\/logo.png\",\"contentUrl\":\"https:\/\/toppikpolska.pl\/wp-content\/uploads\/2023\/09\/logo.png\",\"width\":105,\"height\":57,\"caption\":\"Matu \u0161\u0137iedras, kerat\u012bns, sabiez\u0113\u0161ana \u2014 Toppik Latvija\"},\"image\":{\"@id\":\"https:\/\/toppikpolska.pl\/lv\/#\/schema\/logo\/image\/\"}}]}<\/script>\n<!-- \/ Yoast SEO plugin. -->","yoast_head_json":{"title":"Par mums - Toppik Polska: Kerat\u012bna \u0161\u0137iedras sabiez\u0113 matus","description":"Iepaz\u012bstieties ar Toppik Polska - matu sabiez\u0113\u0161anas ekspertiem. Uzziniet, k\u0101 m\u016bsu produkti var pal\u012bdz\u0113t jums ieg\u016bt pilnus, biezus matus!","robots":{"index":"index","follow":"follow","max-snippet":"max-snippet:-1","max-image-preview":"max-image-preview:large","max-video-preview":"max-video-preview:-1"},"canonical":"https:\/\/toppikpolska.pl\/lv\/par-mums\/","og_locale":"lv_LV","og_type":"article","og_title":"Par mums - Toppik Polska: Kerat\u012bna \u0161\u0137iedras sabiez\u0113 matus","og_description":"Iepaz\u012bstieties ar Toppik Polska - matu sabiez\u0113\u0161anas ekspertiem. Uzziniet, k\u0101 m\u016bsu produkti var pal\u012bdz\u0113t jums ieg\u016bt pilnus, biezus matus!","og_url":"https:\/\/toppikpolska.pl\/lv\/par-mums\/","og_site_name":"Matu \u0161\u0137iedras, kerat\u012bns, sabiez\u0113\u0161ana \u2014 Toppik Latvija","article_modified_time":"2025-12-18T08:59:29+00:00","og_image":[{"width":1920,"height":660,"url":"https:\/\/toppikpolska.pl\/wp-content\/uploads\/2025\/02\/wlokna-keratynowe-zageszczajace-o-nas.webp","type":"image\/webp"}],"twitter_card":"summary_large_image","twitter_misc":{"Est. reading time":"2 min\u016btes"},"schema":{"@context":"https:\/\/schema.org","@graph":[{"@type":"WebPage","@id":"https:\/\/toppikpolska.pl\/lv\/par-mums\/","url":"https:\/\/toppikpolska.pl\/lv\/par-mums\/","name":"Par mums - Toppik Polska: Kerat\u012bna \u0161\u0137iedras sabiez\u0113 matus","isPartOf":{"@id":"https:\/\/toppikpolska.pl\/lv\/#website"},"primaryImageOfPage":{"@id":"https:\/\/toppikpolska.pl\/lv\/par-mums\/#primaryimage"},"image":{"@id":"https:\/\/toppikpolska.pl\/lv\/par-mums\/#primaryimage"},"thumbnailUrl":"https:\/\/toppikpolska.pl\/wp-content\/uploads\/2025\/02\/wlokna-keratynowe-zageszczajace-o-nas.webp","datePublished":"2023-09-19T10:31:33+00:00","dateModified":"2025-12-18T08:59:29+00:00","description":"Iepaz\u012bstieties ar Toppik Polska - matu sabiez\u0113\u0161anas ekspertiem. Uzziniet, k\u0101 m\u016bsu produkti var pal\u012bdz\u0113t jums ieg\u016bt pilnus, biezus matus!","breadcrumb":{"@id":"https:\/\/toppikpolska.pl\/lv\/par-mums\/#breadcrumb"},"inLanguage":"lv-LV","potentialAction":[{"@type":"ReadAction","target":["https:\/\/toppikpolska.pl\/lv\/par-mums\/"]}]},{"@type":"ImageObject","inLanguage":"lv-LV","@id":"https:\/\/toppikpolska.pl\/lv\/par-mums\/#primaryimage","url":"https:\/\/toppikpolska.pl\/wp-content\/uploads\/2025\/02\/wlokna-keratynowe-zageszczajace-o-nas.webp","contentUrl":"https:\/\/toppikpolska.pl\/wp-content\/uploads\/2025\/02\/wlokna-keratynowe-zageszczajace-o-nas.webp"},{"@type":"BreadcrumbList","@id":"https:\/\/toppikpolska.pl\/lv\/par-mums\/#breadcrumb","itemListElement":[{"@type":"ListItem","position":1,"name":"M\u0101jas lap\u0101","item":"https:\/\/toppikpolska.pl\/lv\/"},{"@type":"ListItem","position":2,"name":"Par mums"}]},{"@type":"WebSite","@id":"https:\/\/toppikpolska.pl\/lv\/#website","url":"https:\/\/toppikpolska.pl\/lv\/","name":"Matu \u0161\u0137iedras, kerat\u012bns, sabiez\u0113\u0161ana \u2014 Toppik Latvija","description":"","publisher":{"@id":"https:\/\/toppikpolska.pl\/lv\/#organization"},"potentialAction":[{"@type":"SearchAction","target":{"@type":"EntryPoint","urlTemplate":"https:\/\/toppikpolska.pl\/lv\/?s={search_term_string}"},"query-input":{"@type":"PropertyValueSpecification","valueRequired":true,"valueName":"search_term_string"}}],"inLanguage":"lv-LV"},{"@type":"Organization","@id":"https:\/\/toppikpolska.pl\/lv\/#organization","name":"Matu \u0161\u0137iedras, kerat\u012bns, sabiez\u0113\u0161ana \u2014 Toppik Latvija","url":"https:\/\/toppikpolska.pl\/lv\/","logo":{"@type":"ImageObject","inLanguage":"lv-LV","@id":"https:\/\/toppikpolska.pl\/lv\/#\/schema\/logo\/image\/","url":"https:\/\/toppikpolska.pl\/wp-content\/uploads\/2023\/09\/logo.png","contentUrl":"https:\/\/toppikpolska.pl\/wp-content\/uploads\/2023\/09\/logo.png","width":105,"height":57,"caption":"Matu \u0161\u0137iedras, kerat\u012bns, sabiez\u0113\u0161ana \u2014 Toppik Latvija"},"image":{"@id":"https:\/\/toppikpolska.pl\/lv\/#\/schema\/logo\/image\/"}}]}},"_links":{"self":[{"href":"https:\/\/toppikpolska.pl\/lv\/wp-json\/wp\/v2\/pages\/9347","targetHints":{"allow":["GET"]}}],"collection":[{"href":"https:\/\/toppikpolska.pl\/lv\/wp-json\/wp\/v2\/pages"}],"about":[{"href":"https:\/\/toppikpolska.pl\/lv\/wp-json\/wp\/v2\/types\/page"}],"author":[{"embeddable":true,"href":"https:\/\/toppikpolska.pl\/lv\/wp-json\/wp\/v2\/users\/1"}],"replies":[{"embeddable":true,"href":"https:\/\/toppikpolska.pl\/lv\/wp-json\/wp\/v2\/comments?post=9347"}],"version-history":[{"count":7,"href":"https:\/\/toppikpolska.pl\/lv\/wp-json\/wp\/v2\/pages\/9347\/revisions"}],"predecessor-version":[{"id":10842,"href":"https:\/\/toppikpolska.pl\/lv\/wp-json\/wp\/v2\/pages\/9347\/revisions\/10842"}],"wp:attachment":[{"href":"https:\/\/toppikpolska.pl\/lv\/wp-json\/wp\/v2\/media?parent=9347"}],"curies":[{"name":"wp","href":"https:\/\/api.w.org\/{rel}","templated":true}]}}