{"id":9504,"date":"2025-02-13T12:09:12","date_gmt":"2025-02-13T11:09:12","guid":{"rendered":"https:\/\/toppikpolska.pl\/kontaktpersonu\/"},"modified":"2025-12-18T11:32:28","modified_gmt":"2025-12-18T10:32:28","slug":"kontaktpersonu","status":"publish","type":"page","link":"https:\/\/toppikpolska.pl\/lv\/kontaktpersonu\/","title":{"rendered":"Kontaktpersonu"},"content":{"rendered":"\n<div class=\"wp-block-group alignfull has-global-padding is-layout-constrained wp-container-core-group-is-layout-18ee9f5d wp-block-group-is-layout-constrained\" style=\"margin-top:0px;margin-bottom:0px;padding-top:48px;padding-bottom:48px\">\n<div class=\"wp-block-columns alignwide is-layout-flex wp-container-core-columns-is-layout-28f84493 wp-block-columns-is-layout-flex\">\n<div class=\"wp-block-column is-vertically-aligned-center is-layout-flow wp-block-column-is-layout-flow\" style=\"flex-basis:50%\">\n<h6 class=\"wp-block-heading has-ti-accent-color has-text-color\" style=\"text-transform:uppercase\">Toppik Polija<\/h6>\n\n\n\n<h3 class=\"wp-block-heading\"><strong>ROKOKO <\/strong>MATU UZ\u0145\u0112MUMU GRUPA<\/h3>\n\n\n\n<p>Uz\u0146\u0113muma galven\u0101 m\u012btne:<\/p>\n\n\n\n<p>Szaser\u00f3w iela 38<br\/>04-306 Var\u0161ava <\/p>\n\n\n\n<div class=\"wp-block-columns is-layout-flex wp-container-core-columns-is-layout-28f84493 wp-block-columns-is-layout-flex\">\n<div class=\"wp-block-column is-layout-flow wp-block-column-is-layout-flow\">\n<h4 class=\"wp-block-heading\">Saukt:<\/h4>\n\n\n\n<p class=\"standardLink has-normal-font-size\"><a href=\"tel:228719410\">+48 22 871 94 10<\/a><\/p>\n\n\n\n<p class=\"standardLink has-normal-font-size\"><a href=\"tel:226481400\">+48 22 648 14 00<\/a><\/p>\n<\/div>\n\n\n\n<div class=\"wp-block-column is-layout-flow wp-block-column-is-layout-flow\">\n<h4 class=\"wp-block-heading\">Rakst\u012bt:<\/h4>\n\n\n\n<p class=\"standardLink has-normal-font-size\"><a href=\"mailto:toppik@toppikpolska.pl\">toppik@toppikpolska.pl<\/a><\/p>\n\n\n\n<p>Lielapjoma pas\u016bt\u012bjumi:<br\/><a href=\"mailto:zam@rokoko.com.pl\">zam@rokoko.com.pl<\/a> <\/p>\n<\/div>\n<\/div>\n\n\n\n<div class=\"wp-block-buttons has-custom-font-size has-normal-font-size is-layout-flex wp-block-buttons-is-layout-flex\"><\/div>\n\n\n\n<div style=\"height:20px\" aria-hidden=\"true\" class=\"wp-block-spacer\"><\/div>\n<\/div>\n\n\n\n<div class=\"wp-block-column is-layout-flow wp-block-column-is-layout-flow\">\n<div class=\"wp-block-group has-ti-bg-alt-background-color has-background has-global-padding is-layout-constrained wp-container-core-group-is-layout-8b0aea2c wp-block-group-is-layout-constrained\" style=\"border-top-left-radius:160px;border-top-right-radius:0px;border-bottom-left-radius:0px;border-bottom-right-radius:160px;padding-top:var(--wp--preset--spacing--50);padding-right:0;padding-bottom:var(--wp--preset--spacing--50);padding-left:0\">\n<figure class=\"wp-block-image aligncenter size-full is-resized is-style-default\"><img loading=\"lazy\" decoding=\"async\" width=\"960\" height=\"540\" src=\"https:\/\/toppikpolska.pl\/wp-content\/uploads\/2025\/09\/aplikacja_wlokna_keratynowe_1.webp\" alt=\"\" class=\"wp-image-9030\" style=\"width:597px;height:auto; border-radius: 160px 0 160px 0;\" srcset=\"https:\/\/toppikpolska.pl\/wp-content\/uploads\/2025\/09\/aplikacja_wlokna_keratynowe_1.webp 960w, https:\/\/toppikpolska.pl\/wp-content\/uploads\/2025\/09\/aplikacja_wlokna_keratynowe_1-300x169.webp 300w, https:\/\/toppikpolska.pl\/wp-content\/uploads\/2025\/09\/aplikacja_wlokna_keratynowe_1-768x432.webp 768w, https:\/\/toppikpolska.pl\/wp-content\/uploads\/2025\/09\/aplikacja_wlokna_keratynowe_1-600x338.webp 600w\" sizes=\"auto, (max-width: 960px) 100vw, 960px\" \/><\/figure>\n<\/div>\n<\/div>\n<\/div>\n<\/div>\n<div style=\"margin-left: 5%;\"><iframe loading=\"lazy\" style=\"border: 0;\" src=\"https:\/\/www.google.com\/maps\/embed?pb=!1m14!1m8!1m3!1d17685.680557903208!2d21.11334!3d52.244943!3m2!1i1024!2i768!4f13.1!3m3!1m2!1s0x471ecd6c46a05dcd%3A0xa65f1ea2cc176288!2sRokoko%20Hair%20Company%20%2F%20Hair%20Partners!5e1!3m2!1spl!2spl!4v1739450975059!5m2!1spl!2spl\" width=\"100%\" height=\"450\" allowfullscreen=\"allowfullscreen\"><\/iframe><\/div>\n\n<h3 class=\"wp-block-heading has-text-align-center\" style=\"padding-top:var(--wp--preset--spacing--40);padding-bottom:var(--wp--preset--spacing--40)\">Veikalu adreses Polij\u0101:<\/h3>\n\n<div class=\"wp-block-columns kontaktKolumny is-layout-flex wp-container-core-columns-is-layout-28f84493 wp-block-columns-is-layout-flex\">\n<div class=\"wp-block-column is-layout-flow wp-block-column-is-layout-flow\">\n<p><strong>Bialystok<\/strong><br\/>Pa\u0142acowa 4 lok. 6U<br\/>Tel.   85 555 55 35<\/p>\n\n\n\n<p><strong>Bydgoszcz<\/strong><br\/>Dworcowa iela 41<br\/>Tel.  52 300 24 32<\/p>\n\n\n\n<p><strong>\u010censtohova<\/strong><br\/>18 Waszyngtona iela<br\/>Tel.  34 390 39 62<\/p>\n\n\n\n<p><strong>Gda\u0146skas<\/strong><br\/>D\u0119binki 7d lok. 4<br\/>Tel. 58 309 54 30<\/p>\n\n\n\n<p><strong>Gdi\u0146a<\/strong><br\/>6\/2 \u0100brahama br\u0101\u013ci<br\/>Tel.  58 309 59 90<\/p>\n\n\n\n<p><strong>Gliwice<\/strong><br\/>Zwyci\u0119stwa iela 25<br\/>Tel.  32 708 79 94<\/p>\n<\/div>\n\n\n\n<div class=\"wp-block-column is-layout-flow wp-block-column-is-layout-flow\">\n<p><strong>Gorz\u00f3w Wielkopolski<\/strong><br\/>Witosa 44 lok. B<br\/>Tel.   95 855 59 90<\/p>\n\n\n\n<p><strong>Katovice<\/strong><br\/>Raciborska 6<br\/>Tel.  32 708 70 33<\/p>\n\n\n\n<p><strong>Koszalins<\/strong><br\/>Zwyci\u0119stwa iela 40, lok. 23<br\/>Tel.   94 333 38 91<\/p>\n\n\n\n<p><strong>Krakova<\/strong><br\/>Szlak 24<br\/>Tel.  12 630 04 26<\/p>\n\n\n\n<p><strong>Krakova<\/strong><br\/>J\u00f3zefi\u0144ska iela 45<br\/>Tel.  12 630 04 25<\/p>\n\n\n\n<p><strong>Lublin<\/strong><br\/>Lubartowska 36\/1<br\/>Tel.  81 222 22 36<\/p>\n<\/div>\n\n\n\n<div class=\"wp-block-column is-layout-flow wp-block-column-is-layout-flow\">\n<p><strong>Ol\u0161tina<\/strong><br\/>\u017bo\u0142nierska iela 17<br\/>Tel.  89 621 49 90<\/p>\n\n\n\n<p><strong>Opole<\/strong><br\/>Ko\u015bnego 33\/39<br\/>Tel.  77 307 59 95<\/p>\n\n\n\n<p><strong>Pozna\u0146a<\/strong><br\/>Garbary 6<br\/>Tel.  61 649 44 27<\/p>\n\n\n\n<p><strong>Rzesz\u00f3w<\/strong><br\/>S\u0142oneczna 1<br\/>Tel.  17 700 74 34<\/p>\n\n\n\n<p><strong>Siedlce<\/strong><br\/>As\u0142anowicza 34<br\/>Tel.  25 555 50 01<\/p>\n\n\n\n<p><strong>Szczecin<\/strong><br\/>B. Krzywoustego 65\/U1<br\/>Tel.  91 351 67 15<\/p>\n<\/div>\n\n\n\n<div class=\"wp-block-column is-layout-flow wp-block-column-is-layout-flow\">\n<p><strong>Toru\u0146a<\/strong><br\/>Ko\u015bciuszki iela 52<br\/>Tel.  71 308 74 29<\/p>\n\n\n\n<p><strong>Var\u0161ava<\/strong><br\/>Targovas iela 12<br\/>Tel.  22 871 94 22<\/p>\n\n\n\n<p><strong>Var\u0161ava<\/strong><br\/>Rentgena 3<br\/>Tel.  22 871 94 23<\/p>\n\n\n\n<p><strong>Vroclava<\/strong><br\/>Boles\u0142awiecka iela 1 <br\/><sub>(ieeja no Legnicka ielas 44)<\/sub><br\/>Tel. 71 308 74 29<\/p>\n\n\n\n<p><strong>Vroclava<\/strong><br\/>Pereca 23b<br\/>Tel.  71 308 74 28<\/p>\n\n\n\n<p><strong>Zielona G\u00f3ra<\/strong><br\/>Jana Sobieskiego 11<br\/>Tel.  68 445 59 91<\/p>\n<\/div>\n<\/div>\n\n<hr class=\"wp-block-separator has-alpha-channel-opacity\"\/>\n","protected":false},"excerpt":{"rendered":"<p>Toppik Polija ROKOKO MATU UZ\u0145\u0112MUMU GRUPA Uz\u0146\u0113muma galven\u0101 m\u012btne: Szaser\u00f3w iela 3804-306 Var\u0161ava Saukt: +48 22 871 94 10 +48 22 648 14 00 Rakst\u012bt: toppik@toppikpolska.pl Lielapjoma pas\u016bt\u012bjumi:zam@rokoko.com.pl Veikalu adreses Polij\u0101: BialystokPa\u0142acowa 4 lok. 6UTel. 85 555 55 35 BydgoszczDworcowa iela 41Tel. 52 300 24 32 \u010censtohova18 Waszyngtona ielaTel. 34 390 39 62 Gda\u0146skasD\u0119binki 7d [&hellip;]<\/p>\n","protected":false},"author":1,"featured_media":0,"parent":0,"menu_order":0,"comment_status":"closed","ping_status":"closed","template":"","meta":{"footnotes":""},"class_list":["post-9504","page","type-page","status-publish","hentry"],"yoast_head":"<!-- This site is optimized with the Yoast SEO plugin v26.6 - https:\/\/yoast.com\/wordpress\/plugins\/seo\/ -->\n<title>Kontakti - Toppik Polska, matu \u0161\u0137iedru sabiez\u0113\u0161ana<\/title>\n<meta name=\"description\" content=\"Sazinieties ar Toppik Polska \u2013 ofici\u0101lo matu \u0161\u0137iedru sabiez\u0113\u0161anas izplat\u012bt\u0101ju. M\u0113s labpr\u0101t pal\u012bdz\u0113sim jums izv\u0113l\u0113ties produktus.\" \/>\n<meta name=\"robots\" content=\"index, follow, max-snippet:-1, max-image-preview:large, max-video-preview:-1\" \/>\n<link rel=\"canonical\" href=\"https:\/\/toppikpolska.pl\/lv\/kontaktpersonu\/\" \/>\n<meta property=\"og:locale\" content=\"lv_LV\" \/>\n<meta property=\"og:type\" content=\"article\" \/>\n<meta property=\"og:title\" content=\"Kontakti - Toppik Polska, matu \u0161\u0137iedru sabiez\u0113\u0161ana\" \/>\n<meta property=\"og:description\" content=\"Sazinieties ar Toppik Polska \u2013 ofici\u0101lo matu \u0161\u0137iedru sabiez\u0113\u0161anas izplat\u012bt\u0101ju. M\u0113s labpr\u0101t pal\u012bdz\u0113sim jums izv\u0113l\u0113ties produktus.\" \/>\n<meta property=\"og:url\" content=\"https:\/\/toppikpolska.pl\/lv\/kontaktpersonu\/\" \/>\n<meta property=\"og:site_name\" content=\"Matu \u0161\u0137iedras, kerat\u012bns, sabiez\u0113\u0161ana \u2014 Toppik Latvija\" \/>\n<meta property=\"article:modified_time\" content=\"2025-12-18T10:32:28+00:00\" \/>\n<meta property=\"og:image\" content=\"https:\/\/toppikpolska.pl\/wp-content\/uploads\/2025\/09\/aplikacja_wlokna_keratynowe_1.webp\" \/>\n\t<meta property=\"og:image:width\" content=\"960\" \/>\n\t<meta property=\"og:image:height\" content=\"540\" \/>\n\t<meta property=\"og:image:type\" content=\"image\/webp\" \/>\n<meta name=\"twitter:card\" content=\"summary_large_image\" \/>\n<meta name=\"twitter:label1\" content=\"Est. reading time\" \/>\n\t<meta name=\"twitter:data1\" content=\"1 min\u016b\u0161u\" \/>\n<script type=\"application\/ld+json\" class=\"yoast-schema-graph\">{\"@context\":\"https:\/\/schema.org\",\"@graph\":[{\"@type\":\"WebPage\",\"@id\":\"https:\/\/toppikpolska.pl\/lv\/kontaktpersonu\/\",\"url\":\"https:\/\/toppikpolska.pl\/lv\/kontaktpersonu\/\",\"name\":\"Kontakti - Toppik Polska, matu \u0161\u0137iedru sabiez\u0113\u0161ana\",\"isPartOf\":{\"@id\":\"https:\/\/toppikpolska.pl\/lv\/#website\"},\"primaryImageOfPage\":{\"@id\":\"https:\/\/toppikpolska.pl\/lv\/kontaktpersonu\/#primaryimage\"},\"image\":{\"@id\":\"https:\/\/toppikpolska.pl\/lv\/kontaktpersonu\/#primaryimage\"},\"thumbnailUrl\":\"https:\/\/toppikpolska.pl\/wp-content\/uploads\/2025\/09\/aplikacja_wlokna_keratynowe_1.webp\",\"datePublished\":\"2025-02-13T11:09:12+00:00\",\"dateModified\":\"2025-12-18T10:32:28+00:00\",\"description\":\"Sazinieties ar Toppik Polska \u2013 ofici\u0101lo matu \u0161\u0137iedru sabiez\u0113\u0161anas izplat\u012bt\u0101ju. M\u0113s labpr\u0101t pal\u012bdz\u0113sim jums izv\u0113l\u0113ties produktus.\",\"breadcrumb\":{\"@id\":\"https:\/\/toppikpolska.pl\/lv\/kontaktpersonu\/#breadcrumb\"},\"inLanguage\":\"lv-LV\",\"potentialAction\":[{\"@type\":\"ReadAction\",\"target\":[\"https:\/\/toppikpolska.pl\/lv\/kontaktpersonu\/\"]}]},{\"@type\":\"ImageObject\",\"inLanguage\":\"lv-LV\",\"@id\":\"https:\/\/toppikpolska.pl\/lv\/kontaktpersonu\/#primaryimage\",\"url\":\"https:\/\/toppikpolska.pl\/wp-content\/uploads\/2025\/09\/aplikacja_wlokna_keratynowe_1.webp\",\"contentUrl\":\"https:\/\/toppikpolska.pl\/wp-content\/uploads\/2025\/09\/aplikacja_wlokna_keratynowe_1.webp\"},{\"@type\":\"BreadcrumbList\",\"@id\":\"https:\/\/toppikpolska.pl\/lv\/kontaktpersonu\/#breadcrumb\",\"itemListElement\":[{\"@type\":\"ListItem\",\"position\":1,\"name\":\"M\u0101jas lap\u0101\",\"item\":\"https:\/\/toppikpolska.pl\/lv\/\"},{\"@type\":\"ListItem\",\"position\":2,\"name\":\"Kontaktpersonu\"}]},{\"@type\":\"WebSite\",\"@id\":\"https:\/\/toppikpolska.pl\/lv\/#website\",\"url\":\"https:\/\/toppikpolska.pl\/lv\/\",\"name\":\"Matu \u0161\u0137iedras, kerat\u012bns, sabiez\u0113\u0161ana \u2014 Toppik Latvija\",\"description\":\"\",\"publisher\":{\"@id\":\"https:\/\/toppikpolska.pl\/lv\/#organization\"},\"potentialAction\":[{\"@type\":\"SearchAction\",\"target\":{\"@type\":\"EntryPoint\",\"urlTemplate\":\"https:\/\/toppikpolska.pl\/lv\/?s={search_term_string}\"},\"query-input\":{\"@type\":\"PropertyValueSpecification\",\"valueRequired\":true,\"valueName\":\"search_term_string\"}}],\"inLanguage\":\"lv-LV\"},{\"@type\":\"Organization\",\"@id\":\"https:\/\/toppikpolska.pl\/lv\/#organization\",\"name\":\"Matu \u0161\u0137iedras, kerat\u012bns, sabiez\u0113\u0161ana \u2014 Toppik Latvija\",\"url\":\"https:\/\/toppikpolska.pl\/lv\/\",\"logo\":{\"@type\":\"ImageObject\",\"inLanguage\":\"lv-LV\",\"@id\":\"https:\/\/toppikpolska.pl\/lv\/#\/schema\/logo\/image\/\",\"url\":\"https:\/\/toppikpolska.pl\/wp-content\/uploads\/2023\/09\/logo.png\",\"contentUrl\":\"https:\/\/toppikpolska.pl\/wp-content\/uploads\/2023\/09\/logo.png\",\"width\":105,\"height\":57,\"caption\":\"Matu \u0161\u0137iedras, kerat\u012bns, sabiez\u0113\u0161ana \u2014 Toppik Latvija\"},\"image\":{\"@id\":\"https:\/\/toppikpolska.pl\/lv\/#\/schema\/logo\/image\/\"}}]}<\/script>\n<!-- \/ Yoast SEO plugin. -->","yoast_head_json":{"title":"Kontakti - Toppik Polska, matu \u0161\u0137iedru sabiez\u0113\u0161ana","description":"Sazinieties ar Toppik Polska \u2013 ofici\u0101lo matu \u0161\u0137iedru sabiez\u0113\u0161anas izplat\u012bt\u0101ju. M\u0113s labpr\u0101t pal\u012bdz\u0113sim jums izv\u0113l\u0113ties produktus.","robots":{"index":"index","follow":"follow","max-snippet":"max-snippet:-1","max-image-preview":"max-image-preview:large","max-video-preview":"max-video-preview:-1"},"canonical":"https:\/\/toppikpolska.pl\/lv\/kontaktpersonu\/","og_locale":"lv_LV","og_type":"article","og_title":"Kontakti - Toppik Polska, matu \u0161\u0137iedru sabiez\u0113\u0161ana","og_description":"Sazinieties ar Toppik Polska \u2013 ofici\u0101lo matu \u0161\u0137iedru sabiez\u0113\u0161anas izplat\u012bt\u0101ju. M\u0113s labpr\u0101t pal\u012bdz\u0113sim jums izv\u0113l\u0113ties produktus.","og_url":"https:\/\/toppikpolska.pl\/lv\/kontaktpersonu\/","og_site_name":"Matu \u0161\u0137iedras, kerat\u012bns, sabiez\u0113\u0161ana \u2014 Toppik Latvija","article_modified_time":"2025-12-18T10:32:28+00:00","og_image":[{"width":960,"height":540,"url":"https:\/\/toppikpolska.pl\/wp-content\/uploads\/2025\/09\/aplikacja_wlokna_keratynowe_1.webp","type":"image\/webp"}],"twitter_card":"summary_large_image","twitter_misc":{"Est. reading time":"1 min\u016b\u0161u"},"schema":{"@context":"https:\/\/schema.org","@graph":[{"@type":"WebPage","@id":"https:\/\/toppikpolska.pl\/lv\/kontaktpersonu\/","url":"https:\/\/toppikpolska.pl\/lv\/kontaktpersonu\/","name":"Kontakti - Toppik Polska, matu \u0161\u0137iedru sabiez\u0113\u0161ana","isPartOf":{"@id":"https:\/\/toppikpolska.pl\/lv\/#website"},"primaryImageOfPage":{"@id":"https:\/\/toppikpolska.pl\/lv\/kontaktpersonu\/#primaryimage"},"image":{"@id":"https:\/\/toppikpolska.pl\/lv\/kontaktpersonu\/#primaryimage"},"thumbnailUrl":"https:\/\/toppikpolska.pl\/wp-content\/uploads\/2025\/09\/aplikacja_wlokna_keratynowe_1.webp","datePublished":"2025-02-13T11:09:12+00:00","dateModified":"2025-12-18T10:32:28+00:00","description":"Sazinieties ar Toppik Polska \u2013 ofici\u0101lo matu \u0161\u0137iedru sabiez\u0113\u0161anas izplat\u012bt\u0101ju. M\u0113s labpr\u0101t pal\u012bdz\u0113sim jums izv\u0113l\u0113ties produktus.","breadcrumb":{"@id":"https:\/\/toppikpolska.pl\/lv\/kontaktpersonu\/#breadcrumb"},"inLanguage":"lv-LV","potentialAction":[{"@type":"ReadAction","target":["https:\/\/toppikpolska.pl\/lv\/kontaktpersonu\/"]}]},{"@type":"ImageObject","inLanguage":"lv-LV","@id":"https:\/\/toppikpolska.pl\/lv\/kontaktpersonu\/#primaryimage","url":"https:\/\/toppikpolska.pl\/wp-content\/uploads\/2025\/09\/aplikacja_wlokna_keratynowe_1.webp","contentUrl":"https:\/\/toppikpolska.pl\/wp-content\/uploads\/2025\/09\/aplikacja_wlokna_keratynowe_1.webp"},{"@type":"BreadcrumbList","@id":"https:\/\/toppikpolska.pl\/lv\/kontaktpersonu\/#breadcrumb","itemListElement":[{"@type":"ListItem","position":1,"name":"M\u0101jas lap\u0101","item":"https:\/\/toppikpolska.pl\/lv\/"},{"@type":"ListItem","position":2,"name":"Kontaktpersonu"}]},{"@type":"WebSite","@id":"https:\/\/toppikpolska.pl\/lv\/#website","url":"https:\/\/toppikpolska.pl\/lv\/","name":"Matu \u0161\u0137iedras, kerat\u012bns, sabiez\u0113\u0161ana \u2014 Toppik Latvija","description":"","publisher":{"@id":"https:\/\/toppikpolska.pl\/lv\/#organization"},"potentialAction":[{"@type":"SearchAction","target":{"@type":"EntryPoint","urlTemplate":"https:\/\/toppikpolska.pl\/lv\/?s={search_term_string}"},"query-input":{"@type":"PropertyValueSpecification","valueRequired":true,"valueName":"search_term_string"}}],"inLanguage":"lv-LV"},{"@type":"Organization","@id":"https:\/\/toppikpolska.pl\/lv\/#organization","name":"Matu \u0161\u0137iedras, kerat\u012bns, sabiez\u0113\u0161ana \u2014 Toppik Latvija","url":"https:\/\/toppikpolska.pl\/lv\/","logo":{"@type":"ImageObject","inLanguage":"lv-LV","@id":"https:\/\/toppikpolska.pl\/lv\/#\/schema\/logo\/image\/","url":"https:\/\/toppikpolska.pl\/wp-content\/uploads\/2023\/09\/logo.png","contentUrl":"https:\/\/toppikpolska.pl\/wp-content\/uploads\/2023\/09\/logo.png","width":105,"height":57,"caption":"Matu \u0161\u0137iedras, kerat\u012bns, sabiez\u0113\u0161ana \u2014 Toppik Latvija"},"image":{"@id":"https:\/\/toppikpolska.pl\/lv\/#\/schema\/logo\/image\/"}}]}},"_links":{"self":[{"href":"https:\/\/toppikpolska.pl\/lv\/wp-json\/wp\/v2\/pages\/9504","targetHints":{"allow":["GET"]}}],"collection":[{"href":"https:\/\/toppikpolska.pl\/lv\/wp-json\/wp\/v2\/pages"}],"about":[{"href":"https:\/\/toppikpolska.pl\/lv\/wp-json\/wp\/v2\/types\/page"}],"author":[{"embeddable":true,"href":"https:\/\/toppikpolska.pl\/lv\/wp-json\/wp\/v2\/users\/1"}],"replies":[{"embeddable":true,"href":"https:\/\/toppikpolska.pl\/lv\/wp-json\/wp\/v2\/comments?post=9504"}],"version-history":[{"count":5,"href":"https:\/\/toppikpolska.pl\/lv\/wp-json\/wp\/v2\/pages\/9504\/revisions"}],"predecessor-version":[{"id":10865,"href":"https:\/\/toppikpolska.pl\/lv\/wp-json\/wp\/v2\/pages\/9504\/revisions\/10865"}],"wp:attachment":[{"href":"https:\/\/toppikpolska.pl\/lv\/wp-json\/wp\/v2\/media?parent=9504"}],"curies":[{"name":"wp","href":"https:\/\/api.w.org\/{rel}","templated":true}]}}