{"id":9559,"date":"2025-05-30T18:24:58","date_gmt":"2025-05-30T16:24:58","guid":{"rendered":"https:\/\/toppikpolska.pl\/sudzibas\/"},"modified":"2025-11-28T13:44:11","modified_gmt":"2025-11-28T12:44:11","slug":"sudzibas","status":"publish","type":"page","link":"https:\/\/toppikpolska.pl\/lv\/sudzibas\/","title":{"rendered":"S\u016bdz\u012bbas"},"content":{"rendered":"\n<p> <\/p>\n<div class=\"\">\n<h1>K\u0101 iesniegt s\u016bdz\u012bbu Toppik Polska interneta veikal\u0101<\/h1>\n<p> <\/p>\n<p>Iesniedzot s\u016bdz\u012bbu interneta veikal\u0101, jums ir ties\u012bbas nomain\u012bt preces, salabot t\u0101s preces defekta vai l\u012bguma neiev\u0113ro\u0161anas gad\u012bjum\u0101. Zem\u0101k atrad\u012bsiet detaliz\u0113tu rokasgr\u0101matu par to, k\u0101 veiksm\u012bgi iesniegt s\u016bdz\u012bbu. <\/p>\n<p> <\/p>\n<h2>S\u016bdz\u012bbu izskat\u012b\u0161ana<\/h2>\n<div class=\"steps\">\n<div class=\"step\">\n<h3><img decoding=\"async\" src=\"https:\/\/toppikpolska.pl\/wp-content\/uploads\/2025\/04\/kontakt.png\" alt=\"Sazin\u0101ties ar klientu atbalsta dienestu\" width=\"25\"\/>  1. solis: sazinieties ar s\u016bdz\u012bbu noda\u013cu<\/h3>\n<p>Pirmk\u0101rt, sazinieties ar klientu apkalpo\u0161anas dienestu. M\u0113s labpr\u0101t sniegsim jums visu nepiecie\u0161amo inform\u0101ciju. <\/p>\n<p>To var izdar\u012bt:<\/p>\n<ul>\n<li>E-pasts: <a style=\"text-decoration: none;\" href=\"mailto:reklamacje@rokoko.com.pl\"> <strong>reklamacje@rokoko.com.pl<\/strong><\/a><\/li>\n<li>Pa t\u0101lruni: <a style=\"text-decoration: none;\" href=\"tel:228719419\"><strong>22 871 94 19<\/strong><\/a>. T\u0101lrunis ir pieejams no pirmdienas l\u012bdz piektdienai no 8:00 l\u012bdz 16:00 <\/li>\n<li>Ar v\u0113stuli uz P\u0101rdev\u0113ja adresi: Hair Partners Sp.z.o.o., ul. Szaser\u00f3w 38, 04-306 Var\u0161ava <\/li>\n<\/ul>\n<\/div>\n<p><\/p>\n<div class=\"step\">\n<h3><img decoding=\"async\" src=\"https:\/\/toppikpolska.pl\/wp-content\/uploads\/2025\/04\/wypelnij-formularz.png\" alt=\"S\u016bdz\u012bbas veidlapa\" width=\"24\"\/>  2. solis: aizpildiet piepras\u012bjuma veidlapu<\/h3>\n<p>R\u016bp\u012bgi aizpildiet to, nor\u0101dot:<\/p>\n<ul>\n<li>Nepiecie\u0161am\u0101 kontaktinform\u0101cija, t.i., v\u0101rds, uzv\u0101rds, uz\u0146\u0113mums, nodok\u013cu maks\u0101t\u0101ja identifik\u0101cijas numurs, korespondences adrese <\/li>\n<li>L\u012bguma nosl\u0113g\u0161anas datums un pas\u016bt\u012bjuma numurs<\/li>\n<li>S\u012bk\u0101ka inform\u0101cija par pre\u010du defektu<\/li>\n<\/ul>\n<p><strong>J\u016bs varat izmantot gatavu <a style=\"text-decoration: none;\" href=\"https:\/\/toppikpolska.pl\/wp-content\/uploads\/2025\/11\/Pretenzijas-veidlapa.pdf\" rel=\"noopener\">VEIDLAPU.<\/a><\/strong><\/p>\n<\/div>\n<div class=\"step\">\n<h3><img decoding=\"async\" src=\"https:\/\/toppikpolska.pl\/wp-content\/uploads\/2025\/04\/przeslij-towar.png\" alt=\"Atgriezt\" width=\"25\"\/>  3. solis: aug\u0161upiel\u0101d\u0113jiet preces<\/h3>\n<p>Nos\u016btiet s\u016bt\u012bjumu ar reklam\u0113taj\u0101m prec\u0113m. P\u0101rliecinieties, ka esat to pareizi nostiprin\u0101jis un pieg\u0101d\u0101jis uz nor\u0101d\u012bto adresi. Neaizmirstiet saglab\u0101t nos\u016bt\u012b\u0161anas apliecin\u0101jumu.  <\/p>\n<ul>\n<li>Matu partneri Sp.z.o.o.<br\/>S\u016bdz\u012bbu departaments<br\/>strops. Szaser\u00f3w 38<br\/>04-306 Var\u0161ava <\/li>\n<\/ul>\n<\/div>\n<p><\/p>\n<div class=\"step\">\n<h3><img decoding=\"async\" src=\"https:\/\/toppikpolska.pl\/wp-content\/uploads\/2025\/04\/decyzja.png\" alt=\"S\u016bdz\u012bbu izskat\u012b\u0161ana\" width=\"25\"\/>  4. solis: gaidiet l\u0113mumu<\/h3>\n<p>M\u0113s atbild\u0113sim uz j\u016bsu s\u016bdz\u012bbu ne v\u0113l\u0101k k\u0101 14 dienu laik\u0101 no t\u0101s sa\u0146em\u0161anas dienas.<\/p>\n<\/div>\n<\/div>\n<p> <\/p>\n<h2>Ko dar\u012bt, ja s\u016bdz\u012bba tiek noraid\u012bta?<\/h2>\n<p>Ja m\u0113s noraid\u0101m j\u016bsu s\u016bdz\u012bbu, jums ir ties\u012bbas p\u0101rs\u016bdz\u0113t ar m\u016bsu piekri\u0161anu.<\/p>\n<div class=\"contact\">\n<p><strong>Ja jums ir k\u0101das \u0161aubas, l\u016bdzu, sazinieties ar m\u016bsu s\u016bdz\u012bbu noda\u013cu!<\/strong><\/p>\n<\/div>\n<\/div>\n\n<p><\/p>\n","protected":false},"excerpt":{"rendered":"<p>K\u0101 iesniegt s\u016bdz\u012bbu Toppik Polska interneta veikal\u0101 Iesniedzot s\u016bdz\u012bbu interneta veikal\u0101, jums ir ties\u012bbas nomain\u012bt preces, salabot t\u0101s preces defekta vai l\u012bguma neiev\u0113ro\u0161anas gad\u012bjum\u0101. Zem\u0101k atrad\u012bsiet detaliz\u0113tu rokasgr\u0101matu par to, k\u0101 veiksm\u012bgi iesniegt s\u016bdz\u012bbu. S\u016bdz\u012bbu izskat\u012b\u0161ana 1. solis: sazinieties ar s\u016bdz\u012bbu noda\u013cu Pirmk\u0101rt, sazinieties ar klientu apkalpo\u0161anas dienestu. M\u0113s labpr\u0101t sniegsim jums visu nepiecie\u0161amo inform\u0101ciju. [&hellip;]<\/p>\n","protected":false},"author":1,"featured_media":0,"parent":0,"menu_order":0,"comment_status":"closed","ping_status":"closed","template":"","meta":{"footnotes":""},"class_list":["post-9559","page","type-page","status-publish","hentry"],"yoast_head":"<!-- This site is optimized with the Yoast SEO plugin v26.6 - https:\/\/yoast.com\/wordpress\/plugins\/seo\/ -->\n<title>S\u016bdz\u012bbas - Matu \u0161\u0137iedras, kerat\u012bns, sabiez\u0113\u0161ana \u2014 Toppik Latvija<\/title>\n<meta name=\"description\" content=\"S\u016bdz\u012bbu noda\u013ca | K\u0101 pareizi zi\u0146ot par s\u016bdz\u012bbu par Toppik veikal\u0101 ieg\u0101d\u0101to produktu? | S\u016bdz\u012bbas veidlapa\" \/>\n<meta name=\"robots\" content=\"index, follow, max-snippet:-1, max-image-preview:large, max-video-preview:-1\" \/>\n<link rel=\"canonical\" href=\"https:\/\/toppikpolska.pl\/lv\/sudzibas\/\" \/>\n<meta property=\"og:locale\" content=\"lv_LV\" \/>\n<meta property=\"og:type\" content=\"article\" \/>\n<meta property=\"og:title\" content=\"S\u016bdz\u012bbas - Matu \u0161\u0137iedras, kerat\u012bns, sabiez\u0113\u0161ana \u2014 Toppik Latvija\" \/>\n<meta property=\"og:description\" content=\"S\u016bdz\u012bbu noda\u013ca | K\u0101 pareizi zi\u0146ot par s\u016bdz\u012bbu par Toppik veikal\u0101 ieg\u0101d\u0101to produktu? | S\u016bdz\u012bbas veidlapa\" \/>\n<meta property=\"og:url\" content=\"https:\/\/toppikpolska.pl\/lv\/sudzibas\/\" \/>\n<meta property=\"og:site_name\" content=\"Matu \u0161\u0137iedras, kerat\u012bns, sabiez\u0113\u0161ana \u2014 Toppik Latvija\" \/>\n<meta property=\"article:modified_time\" content=\"2025-11-28T12:44:11+00:00\" \/>\n<meta property=\"og:image\" content=\"https:\/\/toppikpolska.pl\/wp-content\/uploads\/2025\/04\/kontakt.png\" \/>\n<meta name=\"twitter:card\" content=\"summary_large_image\" \/>\n<meta name=\"twitter:label1\" content=\"Est. reading time\" \/>\n\t<meta name=\"twitter:data1\" content=\"2 min\u016btes\" \/>\n<script type=\"application\/ld+json\" class=\"yoast-schema-graph\">{\"@context\":\"https:\/\/schema.org\",\"@graph\":[{\"@type\":\"WebPage\",\"@id\":\"https:\/\/toppikpolska.pl\/lv\/sudzibas\/\",\"url\":\"https:\/\/toppikpolska.pl\/lv\/sudzibas\/\",\"name\":\"S\u016bdz\u012bbas - Matu \u0161\u0137iedras, kerat\u012bns, sabiez\u0113\u0161ana \u2014 Toppik Latvija\",\"isPartOf\":{\"@id\":\"https:\/\/toppikpolska.pl\/lv\/#website\"},\"primaryImageOfPage\":{\"@id\":\"https:\/\/toppikpolska.pl\/lv\/sudzibas\/#primaryimage\"},\"image\":{\"@id\":\"https:\/\/toppikpolska.pl\/lv\/sudzibas\/#primaryimage\"},\"thumbnailUrl\":\"https:\/\/toppikpolska.pl\/wp-content\/uploads\/2025\/04\/kontakt.png\",\"datePublished\":\"2025-05-30T16:24:58+00:00\",\"dateModified\":\"2025-11-28T12:44:11+00:00\",\"description\":\"S\u016bdz\u012bbu noda\u013ca | K\u0101 pareizi zi\u0146ot par s\u016bdz\u012bbu par Toppik veikal\u0101 ieg\u0101d\u0101to produktu? | S\u016bdz\u012bbas veidlapa\",\"breadcrumb\":{\"@id\":\"https:\/\/toppikpolska.pl\/lv\/sudzibas\/#breadcrumb\"},\"inLanguage\":\"lv-LV\",\"potentialAction\":[{\"@type\":\"ReadAction\",\"target\":[\"https:\/\/toppikpolska.pl\/lv\/sudzibas\/\"]}]},{\"@type\":\"ImageObject\",\"inLanguage\":\"lv-LV\",\"@id\":\"https:\/\/toppikpolska.pl\/lv\/sudzibas\/#primaryimage\",\"url\":\"https:\/\/toppikpolska.pl\/wp-content\/uploads\/2025\/04\/kontakt.png\",\"contentUrl\":\"https:\/\/toppikpolska.pl\/wp-content\/uploads\/2025\/04\/kontakt.png\"},{\"@type\":\"BreadcrumbList\",\"@id\":\"https:\/\/toppikpolska.pl\/lv\/sudzibas\/#breadcrumb\",\"itemListElement\":[{\"@type\":\"ListItem\",\"position\":1,\"name\":\"M\u0101jas lap\u0101\",\"item\":\"https:\/\/toppikpolska.pl\/lv\/\"},{\"@type\":\"ListItem\",\"position\":2,\"name\":\"S\u016bdz\u012bbas\"}]},{\"@type\":\"WebSite\",\"@id\":\"https:\/\/toppikpolska.pl\/lv\/#website\",\"url\":\"https:\/\/toppikpolska.pl\/lv\/\",\"name\":\"Matu \u0161\u0137iedras, kerat\u012bns, sabiez\u0113\u0161ana \u2014 Toppik Latvija\",\"description\":\"\",\"publisher\":{\"@id\":\"https:\/\/toppikpolska.pl\/lv\/#organization\"},\"potentialAction\":[{\"@type\":\"SearchAction\",\"target\":{\"@type\":\"EntryPoint\",\"urlTemplate\":\"https:\/\/toppikpolska.pl\/lv\/?s={search_term_string}\"},\"query-input\":{\"@type\":\"PropertyValueSpecification\",\"valueRequired\":true,\"valueName\":\"search_term_string\"}}],\"inLanguage\":\"lv-LV\"},{\"@type\":\"Organization\",\"@id\":\"https:\/\/toppikpolska.pl\/lv\/#organization\",\"name\":\"Matu \u0161\u0137iedras, kerat\u012bns, sabiez\u0113\u0161ana \u2014 Toppik Latvija\",\"url\":\"https:\/\/toppikpolska.pl\/lv\/\",\"logo\":{\"@type\":\"ImageObject\",\"inLanguage\":\"lv-LV\",\"@id\":\"https:\/\/toppikpolska.pl\/lv\/#\/schema\/logo\/image\/\",\"url\":\"https:\/\/toppikpolska.pl\/wp-content\/uploads\/2023\/09\/logo.png\",\"contentUrl\":\"https:\/\/toppikpolska.pl\/wp-content\/uploads\/2023\/09\/logo.png\",\"width\":105,\"height\":57,\"caption\":\"Matu \u0161\u0137iedras, kerat\u012bns, sabiez\u0113\u0161ana \u2014 Toppik Latvija\"},\"image\":{\"@id\":\"https:\/\/toppikpolska.pl\/lv\/#\/schema\/logo\/image\/\"}}]}<\/script>\n<!-- \/ Yoast SEO plugin. -->","yoast_head_json":{"title":"S\u016bdz\u012bbas - Matu \u0161\u0137iedras, kerat\u012bns, sabiez\u0113\u0161ana \u2014 Toppik Latvija","description":"S\u016bdz\u012bbu noda\u013ca | K\u0101 pareizi zi\u0146ot par s\u016bdz\u012bbu par Toppik veikal\u0101 ieg\u0101d\u0101to produktu? | S\u016bdz\u012bbas veidlapa","robots":{"index":"index","follow":"follow","max-snippet":"max-snippet:-1","max-image-preview":"max-image-preview:large","max-video-preview":"max-video-preview:-1"},"canonical":"https:\/\/toppikpolska.pl\/lv\/sudzibas\/","og_locale":"lv_LV","og_type":"article","og_title":"S\u016bdz\u012bbas - Matu \u0161\u0137iedras, kerat\u012bns, sabiez\u0113\u0161ana \u2014 Toppik Latvija","og_description":"S\u016bdz\u012bbu noda\u013ca | K\u0101 pareizi zi\u0146ot par s\u016bdz\u012bbu par Toppik veikal\u0101 ieg\u0101d\u0101to produktu? | S\u016bdz\u012bbas veidlapa","og_url":"https:\/\/toppikpolska.pl\/lv\/sudzibas\/","og_site_name":"Matu \u0161\u0137iedras, kerat\u012bns, sabiez\u0113\u0161ana \u2014 Toppik Latvija","article_modified_time":"2025-11-28T12:44:11+00:00","og_image":[{"url":"https:\/\/toppikpolska.pl\/wp-content\/uploads\/2025\/04\/kontakt.png","type":"","width":"","height":""}],"twitter_card":"summary_large_image","twitter_misc":{"Est. reading time":"2 min\u016btes"},"schema":{"@context":"https:\/\/schema.org","@graph":[{"@type":"WebPage","@id":"https:\/\/toppikpolska.pl\/lv\/sudzibas\/","url":"https:\/\/toppikpolska.pl\/lv\/sudzibas\/","name":"S\u016bdz\u012bbas - Matu \u0161\u0137iedras, kerat\u012bns, sabiez\u0113\u0161ana \u2014 Toppik Latvija","isPartOf":{"@id":"https:\/\/toppikpolska.pl\/lv\/#website"},"primaryImageOfPage":{"@id":"https:\/\/toppikpolska.pl\/lv\/sudzibas\/#primaryimage"},"image":{"@id":"https:\/\/toppikpolska.pl\/lv\/sudzibas\/#primaryimage"},"thumbnailUrl":"https:\/\/toppikpolska.pl\/wp-content\/uploads\/2025\/04\/kontakt.png","datePublished":"2025-05-30T16:24:58+00:00","dateModified":"2025-11-28T12:44:11+00:00","description":"S\u016bdz\u012bbu noda\u013ca | K\u0101 pareizi zi\u0146ot par s\u016bdz\u012bbu par Toppik veikal\u0101 ieg\u0101d\u0101to produktu? | S\u016bdz\u012bbas veidlapa","breadcrumb":{"@id":"https:\/\/toppikpolska.pl\/lv\/sudzibas\/#breadcrumb"},"inLanguage":"lv-LV","potentialAction":[{"@type":"ReadAction","target":["https:\/\/toppikpolska.pl\/lv\/sudzibas\/"]}]},{"@type":"ImageObject","inLanguage":"lv-LV","@id":"https:\/\/toppikpolska.pl\/lv\/sudzibas\/#primaryimage","url":"https:\/\/toppikpolska.pl\/wp-content\/uploads\/2025\/04\/kontakt.png","contentUrl":"https:\/\/toppikpolska.pl\/wp-content\/uploads\/2025\/04\/kontakt.png"},{"@type":"BreadcrumbList","@id":"https:\/\/toppikpolska.pl\/lv\/sudzibas\/#breadcrumb","itemListElement":[{"@type":"ListItem","position":1,"name":"M\u0101jas lap\u0101","item":"https:\/\/toppikpolska.pl\/lv\/"},{"@type":"ListItem","position":2,"name":"S\u016bdz\u012bbas"}]},{"@type":"WebSite","@id":"https:\/\/toppikpolska.pl\/lv\/#website","url":"https:\/\/toppikpolska.pl\/lv\/","name":"Matu \u0161\u0137iedras, kerat\u012bns, sabiez\u0113\u0161ana \u2014 Toppik Latvija","description":"","publisher":{"@id":"https:\/\/toppikpolska.pl\/lv\/#organization"},"potentialAction":[{"@type":"SearchAction","target":{"@type":"EntryPoint","urlTemplate":"https:\/\/toppikpolska.pl\/lv\/?s={search_term_string}"},"query-input":{"@type":"PropertyValueSpecification","valueRequired":true,"valueName":"search_term_string"}}],"inLanguage":"lv-LV"},{"@type":"Organization","@id":"https:\/\/toppikpolska.pl\/lv\/#organization","name":"Matu \u0161\u0137iedras, kerat\u012bns, sabiez\u0113\u0161ana \u2014 Toppik Latvija","url":"https:\/\/toppikpolska.pl\/lv\/","logo":{"@type":"ImageObject","inLanguage":"lv-LV","@id":"https:\/\/toppikpolska.pl\/lv\/#\/schema\/logo\/image\/","url":"https:\/\/toppikpolska.pl\/wp-content\/uploads\/2023\/09\/logo.png","contentUrl":"https:\/\/toppikpolska.pl\/wp-content\/uploads\/2023\/09\/logo.png","width":105,"height":57,"caption":"Matu \u0161\u0137iedras, kerat\u012bns, sabiez\u0113\u0161ana \u2014 Toppik Latvija"},"image":{"@id":"https:\/\/toppikpolska.pl\/lv\/#\/schema\/logo\/image\/"}}]}},"_links":{"self":[{"href":"https:\/\/toppikpolska.pl\/lv\/wp-json\/wp\/v2\/pages\/9559","targetHints":{"allow":["GET"]}}],"collection":[{"href":"https:\/\/toppikpolska.pl\/lv\/wp-json\/wp\/v2\/pages"}],"about":[{"href":"https:\/\/toppikpolska.pl\/lv\/wp-json\/wp\/v2\/types\/page"}],"author":[{"embeddable":true,"href":"https:\/\/toppikpolska.pl\/lv\/wp-json\/wp\/v2\/users\/1"}],"replies":[{"embeddable":true,"href":"https:\/\/toppikpolska.pl\/lv\/wp-json\/wp\/v2\/comments?post=9559"}],"version-history":[{"count":4,"href":"https:\/\/toppikpolska.pl\/lv\/wp-json\/wp\/v2\/pages\/9559\/revisions"}],"predecessor-version":[{"id":10624,"href":"https:\/\/toppikpolska.pl\/lv\/wp-json\/wp\/v2\/pages\/9559\/revisions\/10624"}],"wp:attachment":[{"href":"https:\/\/toppikpolska.pl\/lv\/wp-json\/wp\/v2\/media?parent=9559"}],"curies":[{"name":"wp","href":"https:\/\/api.w.org\/{rel}","templated":true}]}}