{"id":9870,"date":"2023-09-18T11:22:58","date_gmt":"2023-09-18T09:22:58","guid":{"rendered":"https:\/\/toppikpolska.pl\/konfidencialitates\/"},"modified":"2025-11-03T11:49:05","modified_gmt":"2025-11-03T10:49:05","slug":"konfidencialitates","status":"publish","type":"page","link":"https:\/\/toppikpolska.pl\/lv\/konfidencialitates\/","title":{"rendered":"Konfidencialit\u0101tes"},"content":{"rendered":"\n<p>Satura r\u0101d\u012bt\u0101js:<\/p>\n\n<ol style=\"list-style-type:upper-roman\" class=\"wp-block-list\">\n<li>Visp\u0101r\u012bgi<\/li>\n\n\n\n<li>Personas datu administrators<\/li>\n\n\n\n<li>Kontaktpersonu<\/li>\n\n\n\n<li>Personas datu apstr\u0101des principi<\/li>\n\n\n\n<li>Personas datu apstr\u0101des m\u0113r\u0137i un tiesiskais pamats<\/li>\n\n\n\n<li>Personas datu glab\u0101\u0161anas termi\u0146\u0161<\/li>\n\n\n\n<li>Personisk\u0101s inform\u0101cijas kategorijas<\/li>\n\n\n\n<li>Datu kop\u012bgo\u0161ana<\/li>\n\n\n\n<li>Klientu ties\u012bbas<\/li>\n<\/ol>\n\n<ol style=\"list-style-type:upper-roman\" class=\"wp-block-list\">\n<li>VISP\u0100R\u012aGI\n<ol class=\"wp-block-list\">\n<li>\u0160\u012b Priv\u0101tuma politika nosaka Klientu personas datu apstr\u0101des un aizsardz\u012bbas noteikumus, izmantojot https:\/\/toppikpolska.pl\/ pieejamo interneta veikalu (turpm\u0101k tekst\u0101 \u2013 &#8220;Interneta veikals&#8221;).<\/li>\n\n\n\n<li>\u0160\u012b Priv\u0101tuma politika ir Administratora inform\u0113\u0161anas pien\u0101kuma izpilde saska\u0146\u0101 ar Eiropas Parlamenta un Padomes 2016. gada 27. apr\u012b\u013ca Regulas (ES) 2016\/679 par fizisku personu aizsardz\u012bbu attiec\u012bb\u0101 uz personas datu apstr\u0101di un \u0161\u0101du datu br\u012bvu apriti un ar ko atce\u013c Direkt\u012bvu 95\/46\/EK (Visp\u0101r\u012bg\u0101 datu aizsardz\u012bbas regula) (turpm\u0101k \u2013 VDAR) 13. pantu.  <\/li>\n<\/ol>\n<\/li>\n\n\n\n<li>PERSONAS DATU P\u0100RZINIS<br\/>Interneta veikala klientu personas datu p\u0101rzinis ir Hair Partners sp. z o.o., NIP 1132932095, Regon 366665150, KRS: 0000666096, kura juridisk\u0101 adrese ir Var\u0161av\u0101 04-306 Szaser\u00f3w iel\u0101 38, t\u0101lr. +48226481400, +48228719410, e-pasta adrese: zam@rokoko.com.pl. (turpm\u0101k tekst\u0101 \u2013 &#8220;Administrators&#8221;).      <\/li>\n\n\n\n<li>KONTAKTPERSONU<br\/>Ar administratoru var sazin\u0101ties pa e-pastu: zam@rokoko.com.pl vai rakstiski uz adresi: Hair Partners sp. z o.o., Szaser\u00f3w 38, 04-306 Warsaw.    <\/li>\n\n\n\n<li>PERSONAS DATU APSTR\u0100DES NOTEIKUMI\n<ol class=\"wp-block-list\">\n<li>Administrators apstr\u0101d\u0101 Klientu personas datus saska\u0146\u0101 ar VDAR noteikumiem.<\/li>\n\n\n\n<li>Administrators piem\u0113ro tehniskus un organizatoriskus pas\u0101kumus, kas paredz\u0113ti ES ties\u012bbu aktos, lai nodro\u0161in\u0101tu apstr\u0101d\u0101to personas datu aizsardz\u012bbu un personas datu aizsardz\u012bbu pret to izpau\u0161anu nepiedero\u0161\u0101m person\u0101m, nepiedero\u0161u personu p\u0101r\u0146em\u0161anu, apstr\u0101di, p\u0101rk\u0101pjot noteikumus un izmai\u0146\u0101m, nozaud\u0113\u0161anu vai izn\u012bcin\u0101\u0161anu.<\/li>\n\n\n\n<li>Administrators apliecina, ka Interneta veikal\u0101 nor\u0101d\u012bto datu snieg\u0161ana ir br\u012bvpr\u0101t\u012bga, bet nepiecie\u0161ama funkcionalit\u0101tes izmanto\u0161anai, tai skait\u0101 Klienta konta izveidei un uztur\u0113\u0161anai, k\u0101 ar\u012b pas\u016bt\u012bjuma veik\u0161anai un izpildei.<\/li>\n<\/ol>\n<\/li>\n\n\n\n<li>PERSONAS DATU APSTR\u0100DES M\u0112R\u0136I UN TIESISKAIS PAMATS<br>Klientu personas dati tiks apstr\u0101d\u0101ti \u0161\u0101diem nol\u016bkiem:\n<ol style=\"list-style-type:lower-alpha\" class=\"wp-block-list\">\n<li>uztur\u0113t Klienta kontu Interneta veikal\u0101 un sniegt citus elektroniski sniegtos pakalpojumus, pamatojoties uz Noteikumiem (VDAR 6. panta 1. punkta b) apak\u0161punkts),<\/li>\n\n\n\n<li>pas\u016bt\u012bjumu izpilde Interneta veikal\u0101 (VDAR 6. panta 1. punkta b) un c) apak\u0161punkts),<\/li>\n\n\n\n<li>bi\u013cetena pakalpojuma snieg\u0161ana (VDAR 6. panta 1. punkta a) apak\u0161punkts),<\/li>\n\n\n\n<li>savu pakalpojumu un produktu tie\u0161ais m\u0101rketings (VDAR 6. panta 1. punkta a) un f) apak\u0161punkts),<\/li>\n\n\n\n<li>atbildot uz e-pastu, t\u0101lruni vai zi\u0146ojumu, kas nos\u016bt\u012bts, izmantojot sazi\u0146as veidlapu, kas ir Administratora le\u0123it\u012bm\u0101s intereses (VDAR 6. panta 1. punkta f) apak\u0161punkts),<\/li>\n\n\n\n<li>anal\u012btiskie p\u0113t\u012bjumi, kas jo \u012bpa\u0161i sast\u0101v no m\u016bsu t\u012bmek\u013ca vietnes datpl\u016bsmas izp\u0113tes un anal\u012bzes, lai saglab\u0101tu statistiku, kas ir Administratora le\u0123it\u012bm\u0101s intereses (VDAR 6. panta 1. punkta f) apak\u0161punkts).<\/li>\n<\/ol>\n<\/li>\n\n\n\n<li>PERSONAS DATU GLAB\u0100\u0160ANAS TERMI\u0145\u0160\n<ol class=\"wp-block-list\">\n<li>Klienta dati tiks glab\u0101ti \u0161\u0101du periodu:\n<ol style=\"list-style-type:lower-alpha\" class=\"wp-block-list\">\n<li>dati par pakalpojumu snieg\u0161anu saska\u0146\u0101 ar Noteikumiem \u2013 uz konkr\u0113t\u0101 pakalpojuma snieg\u0161anas laiku, ja vien datu turpm\u0101ka glab\u0101\u0161ana nav pamatota ar pras\u012bbu noilguma termi\u0146u vai izriet no visp\u0101rpiem\u0113rojamiem ties\u012bbu aktiem, vai ir pamatota ar Administratora sevi\u0161\u0137i svar\u012bg\u0101m interes\u0113m, kas izriet no le\u0123it\u012bmo intere\u0161u \u012bsteno\u0161anas,<\/li>\n\n\n\n<li>dati, kas saist\u012bti ar pas\u016bt\u012bjumu izpildi &#8211; 5 gadus no t\u0101 gada beig\u0101m, kur\u0101 tika veikta p\u0101rdo\u0161ana, ja vien turpm\u0101ka datu glab\u0101\u0161ana nav pamatota ar pras\u012bbu noilguma termi\u0146u vai izriet no visp\u0101rpiem\u0113rojam\u0101m ties\u012bbu norm\u0101m, vai ir pamatota ar Administratora sevi\u0161\u0137i svar\u012bg\u0101m interes\u0113m, kas izriet no juridiski pamatotu intere\u0161u \u012bsteno\u0161anas,<\/li>\n\n\n\n<li>bi\u013cetena pakalpojuma snieg\u0161ana \u2013 l\u012bdz br\u012bdim, kad tiek atteikts no bi\u013cetena, ja vien turpm\u0101ka datu glab\u0101\u0161ana nav pamatota ar pras\u012bbu noilguma termi\u0146u vai izriet no visp\u0101rpiem\u0113rojamiem ties\u012bbu aktiem, vai ir pamatota ar Administratora sevi\u0161\u0137i svar\u012bg\u0101m interes\u0113m, kas izriet no juridiski pamatotu intere\u0161u \u012bsteno\u0161anas,<\/li>\n\n\n\n<li>dati, kas saist\u012bti ar m\u0101rketinga aktivit\u0101\u0161u \u012bsteno\u0161anu \u2013 m\u0101rketinga aktivit\u0101\u0161u gad\u012bjum\u0101, kas tiek veiktas uz piekri\u0161anas pamata l\u012bdz t\u0101s atsauk\u0161anai, un m\u0101rketinga aktivit\u0101\u0161u gad\u012bjum\u0101, kas tiek veiktas, pamatojoties uz le\u0123it\u012bmo intere\u0161u priek\u0161noteikumu, l\u012bdz iebilduma iesnieg\u0161anai, ja vien datu turpm\u0101ka glab\u0101\u0161ana (abos gad\u012bjumos) nav pamatota ar pras\u012bjumu noilguma termi\u0146u vai izriet no visp\u0101rpiem\u0113rojam\u0101m ties\u012bbu norm\u0101m, vai ir pamatota ar sevi\u0161\u0137i svar\u012bg\u0101m interes\u0113m Administrators, kas izriet no le\u0123it\u012bmo intere\u0161u \u012bsteno\u0161anas,<\/li>\n\n\n\n<li>dati, kas saist\u012bti ar atbildi uz e-pastu, t\u0101lru\u0146a kontaktu vai zi\u0146ojumu, kas nos\u016bt\u012bts, izmantojot sazi\u0146as veidlapu \u2013 l\u012bdz sarakstes veik\u0161anai, ja vien turpm\u0101ka datu glab\u0101\u0161ana nav pamatota ar pras\u012bbu noilguma termi\u0146u vai izriet no visp\u0101rpiem\u0113rojamiem ties\u012bbu aktiem, vai ir pamatota ar Administratora sevi\u0161\u0137i svar\u012bg\u0101m interes\u0113m, kas izriet no juridiski pamatotu intere\u0161u \u012bsteno\u0161anas,<\/li>\n\n\n\n<li>statistikas glab\u0101\u0161ana \u2013 l\u012bdz iebilduma iesnieg\u0161anai, bet ne ilg\u0101k k\u0101 5 gadus no br\u012b\u017ea, kad Klients p\u0113d\u0113jo reizi darbojies t\u012bmek\u013ca vietn\u0113, ja vien turpm\u0101ka datu glab\u0101\u0161ana nav pamatota ar pras\u012bbu noilguma termi\u0146u vai izriet no visp\u0101rpiem\u0113rojam\u0101m ties\u012bbu norm\u0101m, vai ir pamatota ar Administratora sevi\u0161\u0137i svar\u012bg\u0101m interes\u0113m, kas izriet no le\u0123it\u012bmo intere\u0161u \u012bsteno\u0161anas.<\/li>\n<\/ol>\n<\/li>\n<\/ol>\n<\/li>\n\n\n\n<li>PERSONAS DATU KATEGORIJAS\n<ol class=\"wp-block-list\">\n<li>Administrators v\u0101c, apstr\u0101d\u0101 un glab\u0101 \u0161\u0101dus Klientu datus:\n<ol style=\"list-style-type:lower-alpha\" class=\"wp-block-list\">\n<li>saist\u012bb\u0101 ar pakalpojumu snieg\u0161anu elektroniski, \u0161\u012b m\u0113r\u0137a sasnieg\u0161anai nepiecie\u0161amie dati, tostarp jo \u012bpa\u0161i Klienta konta ietvaros: v\u0101rds, uzv\u0101rds, e-pasta adrese un citi dati, kas ievad\u012bti k\u0101 da\u013ca no Klienta konta,<\/li>\n\n\n\n<li>saist\u012bb\u0101 ar pas\u016bt\u012bjuma veik\u0161anu: e-pasta adrese, v\u0101rds un uzv\u0101rds, adrese, t\u0101lru\u0146a numurs, k\u0101 ar\u012b uz\u0146\u0113m\u0113ju gad\u012bjum\u0101 uz\u0146\u0113mums un NIP,<\/li>\n\n\n\n<li>saist\u012bb\u0101 ar sazi\u0146u pa e-pastu, t\u0101lruni vai izmantojot sazi\u0146as veidlapu: e-pasta adrese, v\u0101rds, uzv\u0101rds un t\u0101lru\u0146a numurs,<\/li>\n\n\n\n<li>saist\u012bb\u0101 ar bi\u013cetena pakalpojuma snieg\u0161anu: e-pasta adrese.<\/li>\n<\/ol>\n<\/li>\n\n\n\n<li>Citos aspektos Administrators apstr\u0101d\u0101 tikai tos datus, kas nepiecie\u0161ami noteikta m\u0113r\u0137a sasnieg\u0161anai.<\/li>\n\n\n\n<li>Izmantojot Internetveikalu, Administrators autom\u0101tiski apkopo un apkopo t\u0101du inform\u0101ciju k\u0101: IP adrese, piepras\u012bjuma URL, ier\u012bces identifikators, atsevi\u0161\u0137\u0101s lap\u0101s pavad\u012btais laiks, p\u0101rl\u016bkprogrammas veids, p\u0101rl\u016bkprogrammas valoda, t\u012bmek\u013ca vietnes lieto\u0161anas datums un laiks, ekr\u0101na iz\u0161\u0137irtsp\u0113ja, oper\u0113t\u0101jsist\u0113mas veids un versija, k\u0101 ar\u012b cita \u0161\u0101da inform\u0101cija.<\/li>\n<\/ol>\n<\/li>\n\n\n\n<li>DATU KOP\u012aGO\u0160ANA\n<ol class=\"wp-block-list\">\n<li>Klientu personas dati var tikt nodoti subjektiem, kuriem Administrators uztic personas datus apstr\u0101dei, pamatojoties uz l\u012bgumiem, un subjektiem, kas ir pilnvaroti ieg\u016bt personas datus, pamatojoties uz likuma noteikumiem.<\/li>\n\n\n\n<li>Lai izpild\u012btu Interneta veikal\u0101 nosl\u0113gto l\u012bgumu un nodro\u0161in\u0101tu pareizu Veikala darb\u012bbu, Administrators dara pieejamus Klientu personas datus, jo \u012bpa\u0161i subjektiem, kas sniedz \u0161\u0101dus pakalpojumus:\n<ol style=\"list-style-type:lower-alpha\" class=\"wp-block-list\">\n<li>pasta, eksped\u012bcijas un kurjeru pakalpojumi un pas\u016bt\u012bjumu apstr\u0101de,<\/li>\n\n\n\n<li>elektroniskie maks\u0101jumi,<\/li>\n\n\n\n<li>Gr\u0101matved\u012bba<\/li>\n\n\n\n<li>Hosting<\/li>\n\n\n\n<li>IT un programmat\u016bras un r\u012bku pieg\u0101des jom\u0101, ko izmanto, jo \u012bpa\u0161i, lai veiktu anal\u012btiskus p\u0113t\u012bjumus, izveidotu statistiku, izsekotu datpl\u016bsmu m\u016bsu t\u012bmek\u013ca vietn\u0113, m\u0101rketinga automatiz\u0101ciju, CRM sist\u0113mas,<\/li>\n\n\n\n<li>m\u0101rketings interneta veikala pakalpojumu jom\u0101.<\/li>\n<\/ol>\n<\/li>\n\n\n\n<li>Subjekti, kas sniedz pakalpojumus Administratoram, var glab\u0101t Klientu datus \u0101rpus Eiropas Ekonomikas zonas. \u0160\u0101d\u0101s situ\u0101cij\u0101s Lietot\u0101ju dati tiks p\u0101rs\u016bt\u012bti tikai uz valst\u012bm, kas nodro\u0161ina atbilsto\u0161u aizsardz\u012bbas l\u012bmeni, un valst\u012bm, kas nenodro\u0161ina pietiekamu aizsardz\u012bbas l\u012bmeni, tikai tad, ja tiek nodro\u0161in\u0101ti atbilsto\u0161i aizsardz\u012bbas pas\u0101kumi, tostarp, m.in, pamatojoties uz Eiropas Komisijas pie\u0146emtaj\u0101m l\u012bguma standartklauzul\u0101m.  <\/li>\n<\/ol>\n<\/li>\n\n\n\n<li>KLIENTU TIES\u012aBAS\n<ol class=\"wp-block-list\">\n<li>Klientam ir ties\u012bbas piek\u013c\u016bt saviem datiem un piepras\u012bt to labo\u0161anu, dz\u0113\u0161anu vai apstr\u0101des ierobe\u017eo\u0161anu. Cikt\u0101l personas datu apstr\u0101des pamats ir administratora le\u0123it\u012bmo intere\u0161u priek\u0161noteikums, Klientam ir ties\u012bbas iebilst pret savu personas datu apstr\u0101di. <\/li>\n\n\n\n<li>Tikt\u0101l, cikt\u0101l Klienta personas datu apstr\u0101des pamats ir piekri\u0161ana, Klientam ir ties\u012bbas atsaukt piekri\u0161anu. Piekri\u0161anas atsauk\u0161ana neietekm\u0113 apstr\u0101des likum\u012bbu, kas tika veikta, pamatojoties uz piekri\u0161anu pirms t\u0101s atsauk\u0161anas. <\/li>\n\n\n\n<li>Cikt\u0101l Klienta dati tiek apstr\u0101d\u0101ti L\u012bguma nosl\u0113g\u0161anas un izpildes nol\u016bk\u0101 vai apstr\u0101d\u0101ti uz piekri\u0161anas pamata \u2013 Klientam ir ar\u012b ties\u012bbas nodot personas datus, t.i., sa\u0146emt personas datus no administratora, struktur\u0113t\u0101, pla\u0161i izmantot\u0101 un ma\u0161\u012bnlas\u0101m\u0101 form\u0101t\u0101. Klients var nodot \u0161os datus citam datu p\u0101rzinim.  <\/li>\n\n\n\n<li>Klientam ir ar\u012b ties\u012bbas iesniegt s\u016bdz\u012bbu uzraudz\u012bbas iest\u0101dei, kas nodarbojas ar personas datu aizsardz\u012bbu.<\/li>\n<\/ol>\n<\/li>\n<\/ol>\n","protected":false},"excerpt":{"rendered":"<p>Satura r\u0101d\u012bt\u0101js:<\/p>\n","protected":false},"author":1,"featured_media":0,"parent":0,"menu_order":0,"comment_status":"closed","ping_status":"closed","template":"","meta":{"footnotes":""},"class_list":["post-9870","page","type-page","status-publish","hentry"],"yoast_head":"<!-- This site is optimized with the Yoast SEO plugin v26.6 - https:\/\/yoast.com\/wordpress\/plugins\/seo\/ -->\n<title>Priv\u0101tuma politika, S\u012bkdat\u0146u politika (ES) - Toppik Polska<\/title>\n<meta name=\"description\" content=\"Priv\u0101tuma politika - Toppik Polska. L\u016bdzu, izlasiet m\u016bsu priv\u0101tuma politiku un s\u012bkdat\u0146u politiku saska\u0146\u0101 ar ES pras\u012bb\u0101m.\" \/>\n<meta name=\"robots\" content=\"index, follow, max-snippet:-1, max-image-preview:large, max-video-preview:-1\" \/>\n<link rel=\"canonical\" href=\"https:\/\/toppikpolska.pl\/lv\/konfidencialitates\/\" \/>\n<meta property=\"og:locale\" content=\"lv_LV\" \/>\n<meta property=\"og:type\" content=\"article\" \/>\n<meta property=\"og:title\" content=\"Priv\u0101tuma politika, S\u012bkdat\u0146u politika (ES) - Toppik Polska\" \/>\n<meta property=\"og:description\" content=\"Priv\u0101tuma politika - Toppik Polska. L\u016bdzu, izlasiet m\u016bsu priv\u0101tuma politiku un s\u012bkdat\u0146u politiku saska\u0146\u0101 ar ES pras\u012bb\u0101m.\" \/>\n<meta property=\"og:url\" content=\"https:\/\/toppikpolska.pl\/lv\/konfidencialitates\/\" \/>\n<meta property=\"og:site_name\" content=\"Matu \u0161\u0137iedras, kerat\u012bns, sabiez\u0113\u0161ana \u2014 Toppik Latvija\" \/>\n<meta property=\"article:modified_time\" content=\"2025-11-03T10:49:05+00:00\" \/>\n<meta name=\"twitter:card\" content=\"summary_large_image\" \/>\n<meta name=\"twitter:label1\" content=\"Est. reading time\" \/>\n\t<meta name=\"twitter:data1\" content=\"8 min\u016btes\" \/>\n<script type=\"application\/ld+json\" class=\"yoast-schema-graph\">{\"@context\":\"https:\/\/schema.org\",\"@graph\":[{\"@type\":\"WebPage\",\"@id\":\"https:\/\/toppikpolska.pl\/lv\/konfidencialitates\/\",\"url\":\"https:\/\/toppikpolska.pl\/lv\/konfidencialitates\/\",\"name\":\"Priv\u0101tuma politika, S\u012bkdat\u0146u politika (ES) - Toppik Polska\",\"isPartOf\":{\"@id\":\"https:\/\/toppikpolska.pl\/lv\/#website\"},\"datePublished\":\"2023-09-18T09:22:58+00:00\",\"dateModified\":\"2025-11-03T10:49:05+00:00\",\"description\":\"Priv\u0101tuma politika - Toppik Polska. L\u016bdzu, izlasiet m\u016bsu priv\u0101tuma politiku un s\u012bkdat\u0146u politiku saska\u0146\u0101 ar ES pras\u012bb\u0101m.\",\"breadcrumb\":{\"@id\":\"https:\/\/toppikpolska.pl\/lv\/konfidencialitates\/#breadcrumb\"},\"inLanguage\":\"lv-LV\",\"potentialAction\":[{\"@type\":\"ReadAction\",\"target\":[\"https:\/\/toppikpolska.pl\/lv\/konfidencialitates\/\"]}]},{\"@type\":\"BreadcrumbList\",\"@id\":\"https:\/\/toppikpolska.pl\/lv\/konfidencialitates\/#breadcrumb\",\"itemListElement\":[{\"@type\":\"ListItem\",\"position\":1,\"name\":\"M\u0101jas lap\u0101\",\"item\":\"https:\/\/toppikpolska.pl\/lv\/\"},{\"@type\":\"ListItem\",\"position\":2,\"name\":\"Konfidencialit\u0101tes\"}]},{\"@type\":\"WebSite\",\"@id\":\"https:\/\/toppikpolska.pl\/lv\/#website\",\"url\":\"https:\/\/toppikpolska.pl\/lv\/\",\"name\":\"Matu \u0161\u0137iedras, kerat\u012bns, sabiez\u0113\u0161ana \u2014 Toppik Latvija\",\"description\":\"\",\"publisher\":{\"@id\":\"https:\/\/toppikpolska.pl\/lv\/#organization\"},\"potentialAction\":[{\"@type\":\"SearchAction\",\"target\":{\"@type\":\"EntryPoint\",\"urlTemplate\":\"https:\/\/toppikpolska.pl\/lv\/?s={search_term_string}\"},\"query-input\":{\"@type\":\"PropertyValueSpecification\",\"valueRequired\":true,\"valueName\":\"search_term_string\"}}],\"inLanguage\":\"lv-LV\"},{\"@type\":\"Organization\",\"@id\":\"https:\/\/toppikpolska.pl\/lv\/#organization\",\"name\":\"Matu \u0161\u0137iedras, kerat\u012bns, sabiez\u0113\u0161ana \u2014 Toppik Latvija\",\"url\":\"https:\/\/toppikpolska.pl\/lv\/\",\"logo\":{\"@type\":\"ImageObject\",\"inLanguage\":\"lv-LV\",\"@id\":\"https:\/\/toppikpolska.pl\/lv\/#\/schema\/logo\/image\/\",\"url\":\"https:\/\/toppikpolska.pl\/wp-content\/uploads\/2023\/09\/logo.png\",\"contentUrl\":\"https:\/\/toppikpolska.pl\/wp-content\/uploads\/2023\/09\/logo.png\",\"width\":105,\"height\":57,\"caption\":\"Matu \u0161\u0137iedras, kerat\u012bns, sabiez\u0113\u0161ana \u2014 Toppik Latvija\"},\"image\":{\"@id\":\"https:\/\/toppikpolska.pl\/lv\/#\/schema\/logo\/image\/\"}}]}<\/script>\n<!-- \/ Yoast SEO plugin. -->","yoast_head_json":{"title":"Priv\u0101tuma politika, S\u012bkdat\u0146u politika (ES) - Toppik Polska","description":"Priv\u0101tuma politika - Toppik Polska. L\u016bdzu, izlasiet m\u016bsu priv\u0101tuma politiku un s\u012bkdat\u0146u politiku saska\u0146\u0101 ar ES pras\u012bb\u0101m.","robots":{"index":"index","follow":"follow","max-snippet":"max-snippet:-1","max-image-preview":"max-image-preview:large","max-video-preview":"max-video-preview:-1"},"canonical":"https:\/\/toppikpolska.pl\/lv\/konfidencialitates\/","og_locale":"lv_LV","og_type":"article","og_title":"Priv\u0101tuma politika, S\u012bkdat\u0146u politika (ES) - Toppik Polska","og_description":"Priv\u0101tuma politika - Toppik Polska. L\u016bdzu, izlasiet m\u016bsu priv\u0101tuma politiku un s\u012bkdat\u0146u politiku saska\u0146\u0101 ar ES pras\u012bb\u0101m.","og_url":"https:\/\/toppikpolska.pl\/lv\/konfidencialitates\/","og_site_name":"Matu \u0161\u0137iedras, kerat\u012bns, sabiez\u0113\u0161ana \u2014 Toppik Latvija","article_modified_time":"2025-11-03T10:49:05+00:00","twitter_card":"summary_large_image","twitter_misc":{"Est. reading time":"8 min\u016btes"},"schema":{"@context":"https:\/\/schema.org","@graph":[{"@type":"WebPage","@id":"https:\/\/toppikpolska.pl\/lv\/konfidencialitates\/","url":"https:\/\/toppikpolska.pl\/lv\/konfidencialitates\/","name":"Priv\u0101tuma politika, S\u012bkdat\u0146u politika (ES) - Toppik Polska","isPartOf":{"@id":"https:\/\/toppikpolska.pl\/lv\/#website"},"datePublished":"2023-09-18T09:22:58+00:00","dateModified":"2025-11-03T10:49:05+00:00","description":"Priv\u0101tuma politika - Toppik Polska. L\u016bdzu, izlasiet m\u016bsu priv\u0101tuma politiku un s\u012bkdat\u0146u politiku saska\u0146\u0101 ar ES pras\u012bb\u0101m.","breadcrumb":{"@id":"https:\/\/toppikpolska.pl\/lv\/konfidencialitates\/#breadcrumb"},"inLanguage":"lv-LV","potentialAction":[{"@type":"ReadAction","target":["https:\/\/toppikpolska.pl\/lv\/konfidencialitates\/"]}]},{"@type":"BreadcrumbList","@id":"https:\/\/toppikpolska.pl\/lv\/konfidencialitates\/#breadcrumb","itemListElement":[{"@type":"ListItem","position":1,"name":"M\u0101jas lap\u0101","item":"https:\/\/toppikpolska.pl\/lv\/"},{"@type":"ListItem","position":2,"name":"Konfidencialit\u0101tes"}]},{"@type":"WebSite","@id":"https:\/\/toppikpolska.pl\/lv\/#website","url":"https:\/\/toppikpolska.pl\/lv\/","name":"Matu \u0161\u0137iedras, kerat\u012bns, sabiez\u0113\u0161ana \u2014 Toppik Latvija","description":"","publisher":{"@id":"https:\/\/toppikpolska.pl\/lv\/#organization"},"potentialAction":[{"@type":"SearchAction","target":{"@type":"EntryPoint","urlTemplate":"https:\/\/toppikpolska.pl\/lv\/?s={search_term_string}"},"query-input":{"@type":"PropertyValueSpecification","valueRequired":true,"valueName":"search_term_string"}}],"inLanguage":"lv-LV"},{"@type":"Organization","@id":"https:\/\/toppikpolska.pl\/lv\/#organization","name":"Matu \u0161\u0137iedras, kerat\u012bns, sabiez\u0113\u0161ana \u2014 Toppik Latvija","url":"https:\/\/toppikpolska.pl\/lv\/","logo":{"@type":"ImageObject","inLanguage":"lv-LV","@id":"https:\/\/toppikpolska.pl\/lv\/#\/schema\/logo\/image\/","url":"https:\/\/toppikpolska.pl\/wp-content\/uploads\/2023\/09\/logo.png","contentUrl":"https:\/\/toppikpolska.pl\/wp-content\/uploads\/2023\/09\/logo.png","width":105,"height":57,"caption":"Matu \u0161\u0137iedras, kerat\u012bns, sabiez\u0113\u0161ana \u2014 Toppik Latvija"},"image":{"@id":"https:\/\/toppikpolska.pl\/lv\/#\/schema\/logo\/image\/"}}]}},"_links":{"self":[{"href":"https:\/\/toppikpolska.pl\/lv\/wp-json\/wp\/v2\/pages\/9870","targetHints":{"allow":["GET"]}}],"collection":[{"href":"https:\/\/toppikpolska.pl\/lv\/wp-json\/wp\/v2\/pages"}],"about":[{"href":"https:\/\/toppikpolska.pl\/lv\/wp-json\/wp\/v2\/types\/page"}],"author":[{"embeddable":true,"href":"https:\/\/toppikpolska.pl\/lv\/wp-json\/wp\/v2\/users\/1"}],"replies":[{"embeddable":true,"href":"https:\/\/toppikpolska.pl\/lv\/wp-json\/wp\/v2\/comments?post=9870"}],"version-history":[{"count":1,"href":"https:\/\/toppikpolska.pl\/lv\/wp-json\/wp\/v2\/pages\/9870\/revisions"}],"predecessor-version":[{"id":9871,"href":"https:\/\/toppikpolska.pl\/lv\/wp-json\/wp\/v2\/pages\/9870\/revisions\/9871"}],"wp:attachment":[{"href":"https:\/\/toppikpolska.pl\/lv\/wp-json\/wp\/v2\/media?parent=9870"}],"curies":[{"name":"wp","href":"https:\/\/api.w.org\/{rel}","templated":true}]}}