{"id":10023,"date":"2019-01-25T16:32:43","date_gmt":"2019-01-25T15:32:43","guid":{"rendered":"https:\/\/toppikpolska.pl\/produkt\/matu-linijas-optimizetajs-toppik-mazgatajs-optimizejosa-kemme\/"},"modified":"2019-01-25T16:32:43","modified_gmt":"2019-01-25T15:32:43","slug":"matu-linijas-optimizetajs-toppik-mazgatajs-optimizejosa-kemme","status":"publish","type":"product","link":"https:\/\/toppikpolska.pl\/lv\/produkt\/matu-linijas-optimizetajs-toppik-mazgatajs-optimizejosa-kemme\/","title":{"rendered":"Matu l\u012bnijas optimiz\u0113t\u0101js Toppik mazg\u0101t\u0101js, optimiz\u0113jo\u0161a \u0137emme"},"content":{"rendered":"<h3>Kas ir aprakst\u012bts produkts?<\/h3>\n<p>Toppik optimiz\u0113jo\u0161ais spilventi\u0146\u0161 ir produkts, kas atvieglo dabisk\u0101s matu l\u012bnijas uztur\u0113\u0161anu, uzkl\u0101jot Toppik \u0161\u0137iedras.<\/p>\n<h3>Inovat\u012bva matu sabiez\u0113\u0161ana ar matu l\u012bnijas optimizatoru<\/h3>\n<p>Hairline Optimizer ir revolucion\u0101rs matu sabiez\u0113\u0161anas risin\u0101jums, kas nodro\u0161ina dabisku izskatu un ilgm\u016b\u017e\u012bbu. Pateicoties uzlabotajai formulai, produkts efekt\u012bvi aizpilda retas vietas, radot biezu un pilnu friz\u016bru. Ide\u0101li piem\u0113rots tiem, kas mekl\u0113 neman\u0101mus rezult\u0101tus bez nepiecie\u0161am\u012bbas past\u0101v\u012bgi lietot prepar\u0101tus. Matu l\u012bnijas optimiz\u0113t\u0101js darbojas kop\u0101 ar \u0113nojuma \u0137emmi, lai nodro\u0161in\u0101tu prec\u012bzu produkta uzkl\u0101\u0161anu un vienm\u0113r\u012bgu izplat\u012b\u0161anu, kas garant\u0113 perfektu matu \u0113nojumu. Regul\u0101ra Hairline Optimizer lieto\u0161ana veicina matu dabisko aug\u0161anu, palielinot matu apjomu un uzlabojot visp\u0101r\u0113jo st\u0101vokli.    <\/p>\n<h3>Profesion\u0101la matu \u0113no\u0161ana ar \u0113nojuma \u0137emmi<\/h3>\n<p>Lai sasniegtu vislab\u0101kos matu sabiez\u0113\u0161anas rezult\u0101tus, ir svar\u012bgi izmantot pareizos instrumentus. M\u016bsu sortiment\u0101 pieejam\u0101 matu \u0113nojuma \u0137emme ir \u012bpa\u0161i izstr\u0101d\u0101ta darbam ar Hairline Optimizer. Pateicoties prec\u012bzajiem zobiem, \u0137emme \u013cauj prec\u012bzi uzkl\u0101t produktu, kas \u013cauj dabiski p\u0101riet starp sabiezin\u0101t\u0101m un dabisk\u0101m matu da\u013c\u0101m. Tas ir ide\u0101ls risin\u0101jums cilv\u0113kiem, kuri v\u0113las sasniegt profesion\u0101lu efektu m\u0101j\u0101s. \u0112nojuma \u0137emme pal\u012bdz vienm\u0113r\u012bgi sadal\u012bt matu l\u012bnijas optimiz\u0113t\u0101ju, samazinot sv\u012btru veido\u0161an\u0101s risku un nodro\u0161inot ilgsto\u0161u sabiez\u0113\u0161anas efektu. \u0160o produktu kombin\u0101cija garant\u0113 apmierino\u0161us rezult\u0101tus, uzsverot j\u016bsu friz\u016bras skaistumu un bl\u012bvumu.     <\/p>\n<h3>Produkta lieto\u0161anas priek\u0161roc\u012bbas<\/h3>\n<p>\u2022 Izvair\u0101s no nedabiska izskata p\u0113c sariem<br \/>\n\u2022 Padara matus dabiskus un biezus<br \/>\n\u2022 Nov\u0113r\u0161 \u0161\u0137iedru nokri\u0161anu uz pieres<\/p>\n<h3>Kas v\u0113l jums j\u0101zina?<\/h3>\n<p>Ja v\u0113laties sasniegt v\u0113l apmierino\u0161\u0101kus rezult\u0101tus, ieteicams izmantot \u012bpa\u0161u <a href=\"https:\/\/toppikpolska.pl\/produkt\/spray-applicator\/\">Toppik aplikatoru<\/a>.<\/p>\n","protected":false},"excerpt":{"rendered":"<h3>Kas ir aprakst\u012bts produkts?<\/h3>\n<p>Toppik optimiz\u0113jo\u0161\u0101 \u0137emme ir produkts, kas atvieglo dabisk\u0101s matu l\u012bnijas uztur\u0113\u0161anu, uzkl\u0101jot Toppik \u0161\u0137iedras.<\/p>\n<h3>Produkta lieto\u0161anas priek\u0161roc\u012bbas<\/h3>\n<p>\u2022 Izvair\u0101s no nedabiska izskata p\u0113c sariem<br \/>\n\u2022 Padara matus dabiskus un biezus<br \/>\n\u2022 Nov\u0113r\u0161 \u0161\u0137iedru nokri\u0161anu uz pieres<\/p>\n<h3>Kas v\u0113l jums j\u0101zina?<\/h3>\n<p>Ja v\u0113laties sasniegt v\u0113l apmierino\u0161\u0101kus rezult\u0101tus, ieteicams izmantot \u012bpa\u0161u Toppik aplikatoru.<\/p>\n","protected":false},"featured_media":10024,"comment_status":"closed","ping_status":"closed","template":"","meta":[],"product_brand":[],"product_cat":[47],"product_tag":[],"class_list":{"0":"post-10023","1":"product","2":"type-product","3":"status-publish","4":"has-post-thumbnail","6":"product_cat-produktiem","8":"first","9":"instock","10":"purchasable","11":"product-type-simple"},"yoast_head":"<!-- This site is optimized with the Yoast SEO plugin v26.6 - https:\/\/yoast.com\/wordpress\/plugins\/seo\/ -->\n<title>Matu l\u012bnijas optimiz\u0113t\u0101js Toppik mazg\u0101t\u0101js, optimiz\u0113jo\u0161a \u0137emme<\/title>\n<meta name=\"description\" content=\"Matu l\u012bnijas optimiz\u0113t\u0101js Toppik mazg\u0101t\u0101js, optimiz\u0113jo\u0161a \u0137emme - Kerat\u012bna mikro\u0161\u0137iedras sabiez\u0113 matus | Toppik Polska!\" \/>\n<meta name=\"robots\" content=\"index, follow, max-snippet:-1, max-image-preview:large, max-video-preview:-1\" \/>\n<link rel=\"canonical\" href=\"https:\/\/toppikpolska.pl\/lv\/produkt\/matu-linijas-optimizetajs-toppik-mazgatajs-optimizejosa-kemme\/\" \/>\n<meta property=\"og:locale\" content=\"lv_LV\" \/>\n<meta property=\"og:type\" content=\"article\" \/>\n<meta property=\"og:title\" content=\"Matu l\u012bnijas optimiz\u0113t\u0101js Toppik mazg\u0101t\u0101js, optimiz\u0113jo\u0161a \u0137emme\" \/>\n<meta property=\"og:description\" content=\"Matu l\u012bnijas optimiz\u0113t\u0101js Toppik mazg\u0101t\u0101js, optimiz\u0113jo\u0161a \u0137emme - Kerat\u012bna mikro\u0161\u0137iedras sabiez\u0113 matus | Toppik Polska!\" \/>\n<meta property=\"og:url\" content=\"https:\/\/toppikpolska.pl\/lv\/produkt\/matu-linijas-optimizetajs-toppik-mazgatajs-optimizejosa-kemme\/\" \/>\n<meta property=\"og:site_name\" content=\"Matu \u0161\u0137iedras, kerat\u012bns, sabiez\u0113\u0161ana \u2014 Toppik Latvija\" \/>\n<meta property=\"og:image\" content=\"https:\/\/toppikpolska.pl\/wp-content\/uploads\/2023\/11\/hairlineoptimizer_1940x1940_1.jpg\" \/>\n\t<meta property=\"og:image:width\" content=\"700\" \/>\n\t<meta property=\"og:image:height\" content=\"700\" \/>\n\t<meta property=\"og:image:type\" content=\"image\/jpeg\" \/>\n<meta name=\"twitter:card\" content=\"summary_large_image\" \/>\n<meta name=\"twitter:label1\" content=\"Est. reading time\" \/>\n\t<meta name=\"twitter:data1\" content=\"2 min\u016btes\" \/>\n<script type=\"application\/ld+json\" class=\"yoast-schema-graph\">{\"@context\":\"https:\/\/schema.org\",\"@graph\":[{\"@type\":\"WebPage\",\"@id\":\"https:\/\/toppikpolska.pl\/lv\/produkt\/matu-linijas-optimizetajs-toppik-mazgatajs-optimizejosa-kemme\/\",\"url\":\"https:\/\/toppikpolska.pl\/lv\/produkt\/matu-linijas-optimizetajs-toppik-mazgatajs-optimizejosa-kemme\/\",\"name\":\"Matu l\u012bnijas optimiz\u0113t\u0101js Toppik mazg\u0101t\u0101js, optimiz\u0113jo\u0161a \u0137emme\",\"isPartOf\":{\"@id\":\"https:\/\/toppikpolska.pl\/lv\/#website\"},\"primaryImageOfPage\":{\"@id\":\"https:\/\/toppikpolska.pl\/lv\/produkt\/matu-linijas-optimizetajs-toppik-mazgatajs-optimizejosa-kemme\/#primaryimage\"},\"image\":{\"@id\":\"https:\/\/toppikpolska.pl\/lv\/produkt\/matu-linijas-optimizetajs-toppik-mazgatajs-optimizejosa-kemme\/#primaryimage\"},\"thumbnailUrl\":\"https:\/\/toppikpolska.pl\/wp-content\/uploads\/2023\/11\/hairlineoptimizer_1940x1940_1.jpg\",\"datePublished\":\"2019-01-25T15:32:43+00:00\",\"description\":\"Matu l\u012bnijas optimiz\u0113t\u0101js Toppik mazg\u0101t\u0101js, optimiz\u0113jo\u0161a \u0137emme - Kerat\u012bna mikro\u0161\u0137iedras sabiez\u0113 matus | Toppik Polska!\",\"breadcrumb\":{\"@id\":\"https:\/\/toppikpolska.pl\/lv\/produkt\/matu-linijas-optimizetajs-toppik-mazgatajs-optimizejosa-kemme\/#breadcrumb\"},\"inLanguage\":\"lv-LV\",\"potentialAction\":[{\"@type\":\"ReadAction\",\"target\":[\"https:\/\/toppikpolska.pl\/lv\/produkt\/matu-linijas-optimizetajs-toppik-mazgatajs-optimizejosa-kemme\/\"]}]},{\"@type\":\"ImageObject\",\"inLanguage\":\"lv-LV\",\"@id\":\"https:\/\/toppikpolska.pl\/lv\/produkt\/matu-linijas-optimizetajs-toppik-mazgatajs-optimizejosa-kemme\/#primaryimage\",\"url\":\"https:\/\/toppikpolska.pl\/wp-content\/uploads\/2023\/11\/hairlineoptimizer_1940x1940_1.jpg\",\"contentUrl\":\"https:\/\/toppikpolska.pl\/wp-content\/uploads\/2023\/11\/hairlineoptimizer_1940x1940_1.jpg\",\"width\":700,\"height\":700},{\"@type\":\"BreadcrumbList\",\"@id\":\"https:\/\/toppikpolska.pl\/lv\/produkt\/matu-linijas-optimizetajs-toppik-mazgatajs-optimizejosa-kemme\/#breadcrumb\",\"itemListElement\":[{\"@type\":\"ListItem\",\"position\":1,\"name\":\"M\u0101jas lap\u0101\",\"item\":\"https:\/\/toppikpolska.pl\/lv\/\"},{\"@type\":\"ListItem\",\"position\":2,\"name\":\"Veikals\",\"item\":\"https:\/\/toppikpolska.pl\/lv\/veikals\/\"},{\"@type\":\"ListItem\",\"position\":3,\"name\":\"Matu l\u012bnijas optimiz\u0113t\u0101js Toppik mazg\u0101t\u0101js, optimiz\u0113jo\u0161a \u0137emme\"}]},{\"@type\":\"WebSite\",\"@id\":\"https:\/\/toppikpolska.pl\/lv\/#website\",\"url\":\"https:\/\/toppikpolska.pl\/lv\/\",\"name\":\"Matu \u0161\u0137iedras, kerat\u012bns, sabiez\u0113\u0161ana \u2014 Toppik Latvija\",\"description\":\"\",\"publisher\":{\"@id\":\"https:\/\/toppikpolska.pl\/lv\/#organization\"},\"potentialAction\":[{\"@type\":\"SearchAction\",\"target\":{\"@type\":\"EntryPoint\",\"urlTemplate\":\"https:\/\/toppikpolska.pl\/lv\/?s={search_term_string}\"},\"query-input\":{\"@type\":\"PropertyValueSpecification\",\"valueRequired\":true,\"valueName\":\"search_term_string\"}}],\"inLanguage\":\"lv-LV\"},{\"@type\":\"Organization\",\"@id\":\"https:\/\/toppikpolska.pl\/lv\/#organization\",\"name\":\"Matu \u0161\u0137iedras, kerat\u012bns, sabiez\u0113\u0161ana \u2014 Toppik Latvija\",\"url\":\"https:\/\/toppikpolska.pl\/lv\/\",\"logo\":{\"@type\":\"ImageObject\",\"inLanguage\":\"lv-LV\",\"@id\":\"https:\/\/toppikpolska.pl\/lv\/#\/schema\/logo\/image\/\",\"url\":\"https:\/\/toppikpolska.pl\/wp-content\/uploads\/2023\/09\/logo.png\",\"contentUrl\":\"https:\/\/toppikpolska.pl\/wp-content\/uploads\/2023\/09\/logo.png\",\"width\":105,\"height\":57,\"caption\":\"Matu \u0161\u0137iedras, kerat\u012bns, sabiez\u0113\u0161ana \u2014 Toppik Latvija\"},\"image\":{\"@id\":\"https:\/\/toppikpolska.pl\/lv\/#\/schema\/logo\/image\/\"}}]}<\/script>\n<!-- \/ Yoast SEO plugin. -->","yoast_head_json":{"title":"Matu l\u012bnijas optimiz\u0113t\u0101js Toppik mazg\u0101t\u0101js, optimiz\u0113jo\u0161a \u0137emme","description":"Matu l\u012bnijas optimiz\u0113t\u0101js Toppik mazg\u0101t\u0101js, optimiz\u0113jo\u0161a \u0137emme - Kerat\u012bna mikro\u0161\u0137iedras sabiez\u0113 matus | Toppik Polska!","robots":{"index":"index","follow":"follow","max-snippet":"max-snippet:-1","max-image-preview":"max-image-preview:large","max-video-preview":"max-video-preview:-1"},"canonical":"https:\/\/toppikpolska.pl\/lv\/produkt\/matu-linijas-optimizetajs-toppik-mazgatajs-optimizejosa-kemme\/","og_locale":"lv_LV","og_type":"article","og_title":"Matu l\u012bnijas optimiz\u0113t\u0101js Toppik mazg\u0101t\u0101js, optimiz\u0113jo\u0161a \u0137emme","og_description":"Matu l\u012bnijas optimiz\u0113t\u0101js Toppik mazg\u0101t\u0101js, optimiz\u0113jo\u0161a \u0137emme - Kerat\u012bna mikro\u0161\u0137iedras sabiez\u0113 matus | Toppik Polska!","og_url":"https:\/\/toppikpolska.pl\/lv\/produkt\/matu-linijas-optimizetajs-toppik-mazgatajs-optimizejosa-kemme\/","og_site_name":"Matu \u0161\u0137iedras, kerat\u012bns, sabiez\u0113\u0161ana \u2014 Toppik Latvija","og_image":[{"width":700,"height":700,"url":"https:\/\/toppikpolska.pl\/wp-content\/uploads\/2023\/11\/hairlineoptimizer_1940x1940_1.jpg","type":"image\/jpeg"}],"twitter_card":"summary_large_image","twitter_misc":{"Est. reading time":"2 min\u016btes"},"schema":{"@context":"https:\/\/schema.org","@graph":[{"@type":"WebPage","@id":"https:\/\/toppikpolska.pl\/lv\/produkt\/matu-linijas-optimizetajs-toppik-mazgatajs-optimizejosa-kemme\/","url":"https:\/\/toppikpolska.pl\/lv\/produkt\/matu-linijas-optimizetajs-toppik-mazgatajs-optimizejosa-kemme\/","name":"Matu l\u012bnijas optimiz\u0113t\u0101js Toppik mazg\u0101t\u0101js, optimiz\u0113jo\u0161a \u0137emme","isPartOf":{"@id":"https:\/\/toppikpolska.pl\/lv\/#website"},"primaryImageOfPage":{"@id":"https:\/\/toppikpolska.pl\/lv\/produkt\/matu-linijas-optimizetajs-toppik-mazgatajs-optimizejosa-kemme\/#primaryimage"},"image":{"@id":"https:\/\/toppikpolska.pl\/lv\/produkt\/matu-linijas-optimizetajs-toppik-mazgatajs-optimizejosa-kemme\/#primaryimage"},"thumbnailUrl":"https:\/\/toppikpolska.pl\/wp-content\/uploads\/2023\/11\/hairlineoptimizer_1940x1940_1.jpg","datePublished":"2019-01-25T15:32:43+00:00","description":"Matu l\u012bnijas optimiz\u0113t\u0101js Toppik mazg\u0101t\u0101js, optimiz\u0113jo\u0161a \u0137emme - Kerat\u012bna mikro\u0161\u0137iedras sabiez\u0113 matus | Toppik Polska!","breadcrumb":{"@id":"https:\/\/toppikpolska.pl\/lv\/produkt\/matu-linijas-optimizetajs-toppik-mazgatajs-optimizejosa-kemme\/#breadcrumb"},"inLanguage":"lv-LV","potentialAction":[{"@type":"ReadAction","target":["https:\/\/toppikpolska.pl\/lv\/produkt\/matu-linijas-optimizetajs-toppik-mazgatajs-optimizejosa-kemme\/"]}]},{"@type":"ImageObject","inLanguage":"lv-LV","@id":"https:\/\/toppikpolska.pl\/lv\/produkt\/matu-linijas-optimizetajs-toppik-mazgatajs-optimizejosa-kemme\/#primaryimage","url":"https:\/\/toppikpolska.pl\/wp-content\/uploads\/2023\/11\/hairlineoptimizer_1940x1940_1.jpg","contentUrl":"https:\/\/toppikpolska.pl\/wp-content\/uploads\/2023\/11\/hairlineoptimizer_1940x1940_1.jpg","width":700,"height":700},{"@type":"BreadcrumbList","@id":"https:\/\/toppikpolska.pl\/lv\/produkt\/matu-linijas-optimizetajs-toppik-mazgatajs-optimizejosa-kemme\/#breadcrumb","itemListElement":[{"@type":"ListItem","position":1,"name":"M\u0101jas lap\u0101","item":"https:\/\/toppikpolska.pl\/lv\/"},{"@type":"ListItem","position":2,"name":"Veikals","item":"https:\/\/toppikpolska.pl\/lv\/veikals\/"},{"@type":"ListItem","position":3,"name":"Matu l\u012bnijas optimiz\u0113t\u0101js Toppik mazg\u0101t\u0101js, optimiz\u0113jo\u0161a \u0137emme"}]},{"@type":"WebSite","@id":"https:\/\/toppikpolska.pl\/lv\/#website","url":"https:\/\/toppikpolska.pl\/lv\/","name":"Matu \u0161\u0137iedras, kerat\u012bns, sabiez\u0113\u0161ana \u2014 Toppik Latvija","description":"","publisher":{"@id":"https:\/\/toppikpolska.pl\/lv\/#organization"},"potentialAction":[{"@type":"SearchAction","target":{"@type":"EntryPoint","urlTemplate":"https:\/\/toppikpolska.pl\/lv\/?s={search_term_string}"},"query-input":{"@type":"PropertyValueSpecification","valueRequired":true,"valueName":"search_term_string"}}],"inLanguage":"lv-LV"},{"@type":"Organization","@id":"https:\/\/toppikpolska.pl\/lv\/#organization","name":"Matu \u0161\u0137iedras, kerat\u012bns, sabiez\u0113\u0161ana \u2014 Toppik Latvija","url":"https:\/\/toppikpolska.pl\/lv\/","logo":{"@type":"ImageObject","inLanguage":"lv-LV","@id":"https:\/\/toppikpolska.pl\/lv\/#\/schema\/logo\/image\/","url":"https:\/\/toppikpolska.pl\/wp-content\/uploads\/2023\/09\/logo.png","contentUrl":"https:\/\/toppikpolska.pl\/wp-content\/uploads\/2023\/09\/logo.png","width":105,"height":57,"caption":"Matu \u0161\u0137iedras, kerat\u012bns, sabiez\u0113\u0161ana \u2014 Toppik Latvija"},"image":{"@id":"https:\/\/toppikpolska.pl\/lv\/#\/schema\/logo\/image\/"}}]}},"_links":{"self":[{"href":"https:\/\/toppikpolska.pl\/lv\/wp-json\/wp\/v2\/product\/10023","targetHints":{"allow":["GET"]}}],"collection":[{"href":"https:\/\/toppikpolska.pl\/lv\/wp-json\/wp\/v2\/product"}],"about":[{"href":"https:\/\/toppikpolska.pl\/lv\/wp-json\/wp\/v2\/types\/product"}],"replies":[{"embeddable":true,"href":"https:\/\/toppikpolska.pl\/lv\/wp-json\/wp\/v2\/comments?post=10023"}],"wp:featuredmedia":[{"embeddable":true,"href":"https:\/\/toppikpolska.pl\/lv\/wp-json\/wp\/v2\/media\/10024"}],"wp:attachment":[{"href":"https:\/\/toppikpolska.pl\/lv\/wp-json\/wp\/v2\/media?parent=10023"}],"wp:term":[{"taxonomy":"product_brand","embeddable":true,"href":"https:\/\/toppikpolska.pl\/lv\/wp-json\/wp\/v2\/product_brand?post=10023"},{"taxonomy":"product_cat","embeddable":true,"href":"https:\/\/toppikpolska.pl\/lv\/wp-json\/wp\/v2\/product_cat?post=10023"},{"taxonomy":"product_tag","embeddable":true,"href":"https:\/\/toppikpolska.pl\/lv\/wp-json\/wp\/v2\/product_tag?post=10023"}],"curies":[{"name":"wp","href":"https:\/\/api.w.org\/{rel}","templated":true}]}}