{"id":10027,"date":"2025-05-30T15:25:24","date_gmt":"2025-05-30T13:25:24","guid":{"rendered":"https:\/\/toppikpolska.pl\/produkt\/keratina-skiedra-set-toppik-3x-12g\/"},"modified":"2025-05-30T15:25:24","modified_gmt":"2025-05-30T13:25:24","slug":"keratina-skiedra-set-toppik-3x-12g","status":"publish","type":"product","link":"https:\/\/toppikpolska.pl\/lv\/produkt\/keratina-skiedra-set-toppik-3x-12g\/","title":{"rendered":"Kerat\u012bna \u0161\u0137iedra SET Toppik 3x 12g"},"content":{"rendered":"<h4><strong>KAS V\u0112L JUMS B\u016aTU J\u0100ZINA?<\/strong><\/h4>\n<p>Toppik \u0161\u0137iedras ir iztur\u012bgas pret lietu, v\u0113ju un sviedriem, t\u0101p\u0113c t\u0101s nodro\u0161in\u0101s lietot\u0101jam ilgsto\u0161u v\u0113lamo efektu neatkar\u012bgi no laika apst\u0101k\u013ciem. Tie ir pieejami pat devi\u0146os to\u0146os, t\u0101p\u0113c tos var pieska\u0146ot gandr\u012bz jebkuras kr\u0101sas matiem. Produkts labi darbojas ar\u012b lok\u0101lu restaur\u0101ciju gad\u012bjum\u0101, mask\u0113jot restaur\u0101cijas sist\u0113mu stiprin\u0101jumus un aizpildot matu defektus starp kr\u0101so\u0161anas sesij\u0101m. Produkts ir viegli nomazg\u0101jams ar \u016bdeni un \u0161amp\u016bnu.   <\/p>\n<h3>Visaptvero\u0161a matu sabiez\u0113\u0161ana ar Toppik matu \u0161\u0137iedr\u0101m 3 x 12g<\/h3>\n<p>Toppik matu \u0161\u0137iedras 3 x 12g ir uzlabots risin\u0101jums cilv\u0113kiem ar pl\u0101niem un pl\u0101niem matiem, kuri v\u0113las dabiski sabiez\u0113t savu friz\u016bru. Mikro\u0161\u0137iedras matiem tiek rad\u012btas, lai efekt\u012bvi sabiez\u0113tu matus, pie\u0161\u0137irot jums piln\u012bg\u0101ku un sul\u012bg\u0101ku izskatu bez redzam\u0101m z\u012bm\u0113m. Komplekts ar trim iepakojumiem pa 12 g \u013cauj ilgsto\u0161i papildin\u0101t matus, kas garant\u0113 biezus matus visas dienas garum\u0101. Mikro\u0161\u0137iedras lieliski piel\u012bp eso\u0161ajiem matiem, radot dabisku matu sabiez\u0113\u0161anas efektu da\u017e\u0101dos to\u0146os, kas \u013cauj lieliski pieska\u0146oties dabisko matu kr\u0101sai. Produkts ir viegli uzkl\u0101jams, padarot to ide\u0101li piem\u0113rotu gan profesion\u0101\u013ciem, gan m\u0101jas lietot\u0101jiem, kuri v\u0113las \u0101tri un efekt\u012bvi sabiez\u0113t matus.    <\/p>\n<h3>Ilgsto\u0161i un dabiski rezult\u0101ti ar Toppik mikro\u0161\u0137iedr\u0101m<\/h3>\n<p>Toppik matu \u0161\u0137iedras 3 x 12g mikro\u0161\u0137iedras pied\u0101v\u0101 ne tikai efekt\u012bvu matu sabiez\u0113\u0161anu, bet ar\u012b lieto\u0161anas komfortu un iztur\u012bbu. Pateicoties modernaj\u0101m tehnolo\u0123ij\u0101m, matu \u0161\u0137iedras paliek viet\u0101 pat fizisko aktivit\u0101\u0161u vai main\u012bgu laika apst\u0101k\u013cu laik\u0101, kas nodro\u0161ina biezus matus visas dienas garum\u0101. Komplekt\u0101 iek\u013cautais matu aplikators \u013cauj prec\u012bzi uzkl\u0101t mikro\u0161\u0137iedras, samazinot produktu atkritumus un nodro\u0161inot, ka \u0161\u0137iedras vienm\u0113r\u012bgi sadal\u0101s pa galvas \u0101du. Matu sabiez\u0113\u0161anas \u0137emme, kas ar\u012b ir da\u013ca no komplekta, pal\u012bdz uzkl\u0101\u0161anas proces\u0101, pal\u012bdzot r\u016bp\u012bgi sadal\u012bt mikro\u0161\u0137iedras un pan\u0101kt dabisku izskatu. Ar Toppik matu \u0161\u0137iedr\u0101m 3 x 12 g matu sabiez\u0113\u0161ana k\u013c\u016bst \u0101tra, efekt\u012bva un vienk\u0101r\u0161a, \u013caujot izbaud\u012bt piln\u012bg\u0101ku, vesel\u012bg\u0101ku friz\u016bru bez invaz\u012bv\u0101m metod\u0113m.    <\/p>\n","protected":false},"excerpt":{"rendered":"<p>Izv\u0113lieties 3 iepakojumus Toppik matu \u0161\u0137iedras 12g un ietaupiet 17 PLN!<\/p>\n<p><strong>K\u0100DS IR PRODUKTA APRAKSTS?<\/strong><br \/>\nToppik papild\u0161\u0137iedras tiek izgatavotas uz kr\u0101sotu kerat\u012bna \u0161\u0137iedru b\u0101zes, kas lieliski iek\u013c\u016bst matos un uzreiz sabiez\u0113 un sabiez\u0113 tos vizu\u0101li.<\/p>\n<p>PRODUKTA<br \/>\n <strong>LIETO\u0160ANAS PRIEK\u0160ROC\u012aBAS<\/strong>\u2022 Uzreiz aizpilda retin\u0101to matu<br \/>\n vietas\u2022 Sedz matu<br \/>\n izkri\u0161anu\u2022 Rada biezu un biezu matu<br \/>\n efektu\u2022 Lieliski papildina friz\u016bru starp kr\u0101so\u0161anas sesij\u0101m<\/p>\n","protected":false},"featured_media":8164,"comment_status":"open","ping_status":"closed","template":"","meta":[],"product_brand":[],"product_cat":[47],"product_tag":[],"class_list":{"0":"post-10027","1":"product","2":"type-product","3":"status-publish","4":"has-post-thumbnail","6":"product_cat-produktiem","8":"first","9":"instock","10":"shipping-taxable","11":"purchasable","12":"product-type-variable"},"yoast_head":"<!-- This site is optimized with the Yoast SEO plugin v26.6 - https:\/\/yoast.com\/wordpress\/plugins\/seo\/ -->\n<title>Kerat\u012bna \u0161\u0137iedra SET Toppik 3x 12g<\/title>\n<meta name=\"description\" content=\"Kerat\u012bna \u0161\u0137iedra SET Toppik 3x 12g - Kerat\u012bna mikro\u0161\u0137iedras sabiez\u0113 matus | Toppik Polska!\" \/>\n<meta name=\"robots\" content=\"index, follow, max-snippet:-1, max-image-preview:large, max-video-preview:-1\" \/>\n<link rel=\"canonical\" href=\"https:\/\/toppikpolska.pl\/lv\/produkt\/keratina-skiedra-set-toppik-3x-12g\/\" \/>\n<meta property=\"og:locale\" content=\"lv_LV\" \/>\n<meta property=\"og:type\" content=\"article\" \/>\n<meta property=\"og:title\" content=\"Kerat\u012bna \u0161\u0137iedra SET Toppik 3x 12g\" \/>\n<meta property=\"og:description\" content=\"Kerat\u012bna \u0161\u0137iedra SET Toppik 3x 12g - Kerat\u012bna mikro\u0161\u0137iedras sabiez\u0113 matus | Toppik Polska!\" \/>\n<meta property=\"og:url\" content=\"https:\/\/toppikpolska.pl\/lv\/produkt\/keratina-skiedra-set-toppik-3x-12g\/\" \/>\n<meta property=\"og:site_name\" content=\"Matu \u0161\u0137iedras, kerat\u012bns, sabiez\u0113\u0161ana \u2014 Toppik Latvija\" \/>\n<meta property=\"og:image\" content=\"https:\/\/toppikpolska.pl\/wp-content\/uploads\/2025\/05\/toppik3x12-1024x1024-1.jpg\" \/>\n\t<meta property=\"og:image:width\" content=\"1024\" \/>\n\t<meta property=\"og:image:height\" content=\"1024\" \/>\n\t<meta property=\"og:image:type\" content=\"image\/jpeg\" \/>\n<meta name=\"twitter:card\" content=\"summary_large_image\" \/>\n<meta name=\"twitter:label1\" content=\"Est. reading time\" \/>\n\t<meta name=\"twitter:data1\" content=\"2 min\u016btes\" \/>\n<script type=\"application\/ld+json\" class=\"yoast-schema-graph\">{\"@context\":\"https:\/\/schema.org\",\"@graph\":[{\"@type\":\"WebPage\",\"@id\":\"https:\/\/toppikpolska.pl\/lv\/produkt\/keratina-skiedra-set-toppik-3x-12g\/\",\"url\":\"https:\/\/toppikpolska.pl\/lv\/produkt\/keratina-skiedra-set-toppik-3x-12g\/\",\"name\":\"Kerat\u012bna \u0161\u0137iedra SET Toppik 3x 12g\",\"isPartOf\":{\"@id\":\"https:\/\/toppikpolska.pl\/lv\/#website\"},\"primaryImageOfPage\":{\"@id\":\"https:\/\/toppikpolska.pl\/lv\/produkt\/keratina-skiedra-set-toppik-3x-12g\/#primaryimage\"},\"image\":{\"@id\":\"https:\/\/toppikpolska.pl\/lv\/produkt\/keratina-skiedra-set-toppik-3x-12g\/#primaryimage\"},\"thumbnailUrl\":\"https:\/\/toppikpolska.pl\/wp-content\/uploads\/2025\/05\/toppik3x12-1024x1024-1.jpg\",\"datePublished\":\"2025-05-30T13:25:24+00:00\",\"description\":\"Kerat\u012bna \u0161\u0137iedra SET Toppik 3x 12g - Kerat\u012bna mikro\u0161\u0137iedras sabiez\u0113 matus | Toppik Polska!\",\"breadcrumb\":{\"@id\":\"https:\/\/toppikpolska.pl\/lv\/produkt\/keratina-skiedra-set-toppik-3x-12g\/#breadcrumb\"},\"inLanguage\":\"lv-LV\",\"potentialAction\":[{\"@type\":\"ReadAction\",\"target\":[\"https:\/\/toppikpolska.pl\/lv\/produkt\/keratina-skiedra-set-toppik-3x-12g\/\"]}]},{\"@type\":\"ImageObject\",\"inLanguage\":\"lv-LV\",\"@id\":\"https:\/\/toppikpolska.pl\/lv\/produkt\/keratina-skiedra-set-toppik-3x-12g\/#primaryimage\",\"url\":\"https:\/\/toppikpolska.pl\/wp-content\/uploads\/2025\/05\/toppik3x12-1024x1024-1.jpg\",\"contentUrl\":\"https:\/\/toppikpolska.pl\/wp-content\/uploads\/2025\/05\/toppik3x12-1024x1024-1.jpg\",\"width\":1024,\"height\":1024,\"caption\":\"Autorties\u012bbas Rokoko Hair Company\"},{\"@type\":\"BreadcrumbList\",\"@id\":\"https:\/\/toppikpolska.pl\/lv\/produkt\/keratina-skiedra-set-toppik-3x-12g\/#breadcrumb\",\"itemListElement\":[{\"@type\":\"ListItem\",\"position\":1,\"name\":\"M\u0101jas lap\u0101\",\"item\":\"https:\/\/toppikpolska.pl\/lv\/\"},{\"@type\":\"ListItem\",\"position\":2,\"name\":\"Veikals\",\"item\":\"https:\/\/toppikpolska.pl\/lv\/veikals\/\"},{\"@type\":\"ListItem\",\"position\":3,\"name\":\"Kerat\u012bna \u0161\u0137iedra SET Toppik 3x 12g\"}]},{\"@type\":\"WebSite\",\"@id\":\"https:\/\/toppikpolska.pl\/lv\/#website\",\"url\":\"https:\/\/toppikpolska.pl\/lv\/\",\"name\":\"Matu \u0161\u0137iedras, kerat\u012bns, sabiez\u0113\u0161ana \u2014 Toppik Latvija\",\"description\":\"\",\"publisher\":{\"@id\":\"https:\/\/toppikpolska.pl\/lv\/#organization\"},\"potentialAction\":[{\"@type\":\"SearchAction\",\"target\":{\"@type\":\"EntryPoint\",\"urlTemplate\":\"https:\/\/toppikpolska.pl\/lv\/?s={search_term_string}\"},\"query-input\":{\"@type\":\"PropertyValueSpecification\",\"valueRequired\":true,\"valueName\":\"search_term_string\"}}],\"inLanguage\":\"lv-LV\"},{\"@type\":\"Organization\",\"@id\":\"https:\/\/toppikpolska.pl\/lv\/#organization\",\"name\":\"Matu \u0161\u0137iedras, kerat\u012bns, sabiez\u0113\u0161ana \u2014 Toppik Latvija\",\"url\":\"https:\/\/toppikpolska.pl\/lv\/\",\"logo\":{\"@type\":\"ImageObject\",\"inLanguage\":\"lv-LV\",\"@id\":\"https:\/\/toppikpolska.pl\/lv\/#\/schema\/logo\/image\/\",\"url\":\"https:\/\/toppikpolska.pl\/wp-content\/uploads\/2023\/09\/logo.png\",\"contentUrl\":\"https:\/\/toppikpolska.pl\/wp-content\/uploads\/2023\/09\/logo.png\",\"width\":105,\"height\":57,\"caption\":\"Matu \u0161\u0137iedras, kerat\u012bns, sabiez\u0113\u0161ana \u2014 Toppik Latvija\"},\"image\":{\"@id\":\"https:\/\/toppikpolska.pl\/lv\/#\/schema\/logo\/image\/\"}}]}<\/script>\n<!-- \/ Yoast SEO plugin. -->","yoast_head_json":{"title":"Kerat\u012bna \u0161\u0137iedra SET Toppik 3x 12g","description":"Kerat\u012bna \u0161\u0137iedra SET Toppik 3x 12g - Kerat\u012bna mikro\u0161\u0137iedras sabiez\u0113 matus | Toppik Polska!","robots":{"index":"index","follow":"follow","max-snippet":"max-snippet:-1","max-image-preview":"max-image-preview:large","max-video-preview":"max-video-preview:-1"},"canonical":"https:\/\/toppikpolska.pl\/lv\/produkt\/keratina-skiedra-set-toppik-3x-12g\/","og_locale":"lv_LV","og_type":"article","og_title":"Kerat\u012bna \u0161\u0137iedra SET Toppik 3x 12g","og_description":"Kerat\u012bna \u0161\u0137iedra SET Toppik 3x 12g - Kerat\u012bna mikro\u0161\u0137iedras sabiez\u0113 matus | Toppik Polska!","og_url":"https:\/\/toppikpolska.pl\/lv\/produkt\/keratina-skiedra-set-toppik-3x-12g\/","og_site_name":"Matu \u0161\u0137iedras, kerat\u012bns, sabiez\u0113\u0161ana \u2014 Toppik Latvija","og_image":[{"width":1024,"height":1024,"url":"https:\/\/toppikpolska.pl\/wp-content\/uploads\/2025\/05\/toppik3x12-1024x1024-1.jpg","type":"image\/jpeg"}],"twitter_card":"summary_large_image","twitter_misc":{"Est. reading time":"2 min\u016btes"},"schema":{"@context":"https:\/\/schema.org","@graph":[{"@type":"WebPage","@id":"https:\/\/toppikpolska.pl\/lv\/produkt\/keratina-skiedra-set-toppik-3x-12g\/","url":"https:\/\/toppikpolska.pl\/lv\/produkt\/keratina-skiedra-set-toppik-3x-12g\/","name":"Kerat\u012bna \u0161\u0137iedra SET Toppik 3x 12g","isPartOf":{"@id":"https:\/\/toppikpolska.pl\/lv\/#website"},"primaryImageOfPage":{"@id":"https:\/\/toppikpolska.pl\/lv\/produkt\/keratina-skiedra-set-toppik-3x-12g\/#primaryimage"},"image":{"@id":"https:\/\/toppikpolska.pl\/lv\/produkt\/keratina-skiedra-set-toppik-3x-12g\/#primaryimage"},"thumbnailUrl":"https:\/\/toppikpolska.pl\/wp-content\/uploads\/2025\/05\/toppik3x12-1024x1024-1.jpg","datePublished":"2025-05-30T13:25:24+00:00","description":"Kerat\u012bna \u0161\u0137iedra SET Toppik 3x 12g - Kerat\u012bna mikro\u0161\u0137iedras sabiez\u0113 matus | Toppik Polska!","breadcrumb":{"@id":"https:\/\/toppikpolska.pl\/lv\/produkt\/keratina-skiedra-set-toppik-3x-12g\/#breadcrumb"},"inLanguage":"lv-LV","potentialAction":[{"@type":"ReadAction","target":["https:\/\/toppikpolska.pl\/lv\/produkt\/keratina-skiedra-set-toppik-3x-12g\/"]}]},{"@type":"ImageObject","inLanguage":"lv-LV","@id":"https:\/\/toppikpolska.pl\/lv\/produkt\/keratina-skiedra-set-toppik-3x-12g\/#primaryimage","url":"https:\/\/toppikpolska.pl\/wp-content\/uploads\/2025\/05\/toppik3x12-1024x1024-1.jpg","contentUrl":"https:\/\/toppikpolska.pl\/wp-content\/uploads\/2025\/05\/toppik3x12-1024x1024-1.jpg","width":1024,"height":1024,"caption":"Autorties\u012bbas Rokoko Hair Company"},{"@type":"BreadcrumbList","@id":"https:\/\/toppikpolska.pl\/lv\/produkt\/keratina-skiedra-set-toppik-3x-12g\/#breadcrumb","itemListElement":[{"@type":"ListItem","position":1,"name":"M\u0101jas lap\u0101","item":"https:\/\/toppikpolska.pl\/lv\/"},{"@type":"ListItem","position":2,"name":"Veikals","item":"https:\/\/toppikpolska.pl\/lv\/veikals\/"},{"@type":"ListItem","position":3,"name":"Kerat\u012bna \u0161\u0137iedra SET Toppik 3x 12g"}]},{"@type":"WebSite","@id":"https:\/\/toppikpolska.pl\/lv\/#website","url":"https:\/\/toppikpolska.pl\/lv\/","name":"Matu \u0161\u0137iedras, kerat\u012bns, sabiez\u0113\u0161ana \u2014 Toppik Latvija","description":"","publisher":{"@id":"https:\/\/toppikpolska.pl\/lv\/#organization"},"potentialAction":[{"@type":"SearchAction","target":{"@type":"EntryPoint","urlTemplate":"https:\/\/toppikpolska.pl\/lv\/?s={search_term_string}"},"query-input":{"@type":"PropertyValueSpecification","valueRequired":true,"valueName":"search_term_string"}}],"inLanguage":"lv-LV"},{"@type":"Organization","@id":"https:\/\/toppikpolska.pl\/lv\/#organization","name":"Matu \u0161\u0137iedras, kerat\u012bns, sabiez\u0113\u0161ana \u2014 Toppik Latvija","url":"https:\/\/toppikpolska.pl\/lv\/","logo":{"@type":"ImageObject","inLanguage":"lv-LV","@id":"https:\/\/toppikpolska.pl\/lv\/#\/schema\/logo\/image\/","url":"https:\/\/toppikpolska.pl\/wp-content\/uploads\/2023\/09\/logo.png","contentUrl":"https:\/\/toppikpolska.pl\/wp-content\/uploads\/2023\/09\/logo.png","width":105,"height":57,"caption":"Matu \u0161\u0137iedras, kerat\u012bns, sabiez\u0113\u0161ana \u2014 Toppik Latvija"},"image":{"@id":"https:\/\/toppikpolska.pl\/lv\/#\/schema\/logo\/image\/"}}]}},"_links":{"self":[{"href":"https:\/\/toppikpolska.pl\/lv\/wp-json\/wp\/v2\/product\/10027","targetHints":{"allow":["GET"]}}],"collection":[{"href":"https:\/\/toppikpolska.pl\/lv\/wp-json\/wp\/v2\/product"}],"about":[{"href":"https:\/\/toppikpolska.pl\/lv\/wp-json\/wp\/v2\/types\/product"}],"replies":[{"embeddable":true,"href":"https:\/\/toppikpolska.pl\/lv\/wp-json\/wp\/v2\/comments?post=10027"}],"wp:featuredmedia":[{"embeddable":true,"href":"https:\/\/toppikpolska.pl\/lv\/wp-json\/wp\/v2\/media\/8164"}],"wp:attachment":[{"href":"https:\/\/toppikpolska.pl\/lv\/wp-json\/wp\/v2\/media?parent=10027"}],"wp:term":[{"taxonomy":"product_brand","embeddable":true,"href":"https:\/\/toppikpolska.pl\/lv\/wp-json\/wp\/v2\/product_brand?post=10027"},{"taxonomy":"product_cat","embeddable":true,"href":"https:\/\/toppikpolska.pl\/lv\/wp-json\/wp\/v2\/product_cat?post=10027"},{"taxonomy":"product_tag","embeddable":true,"href":"https:\/\/toppikpolska.pl\/lv\/wp-json\/wp\/v2\/product_tag?post=10027"}],"curies":[{"name":"wp","href":"https:\/\/api.w.org\/{rel}","templated":true}]}}