{"id":10038,"date":"2025-05-30T15:50:55","date_gmt":"2025-05-30T13:50:55","guid":{"rendered":"https:\/\/toppikpolska.pl\/produkt\/mikroskiedras-matu-sabiezesana-12g-aplikators\/"},"modified":"2025-05-30T15:50:55","modified_gmt":"2025-05-30T13:50:55","slug":"mikroskiedras-matu-sabiezesana-12g-aplikators","status":"publish","type":"product","link":"https:\/\/toppikpolska.pl\/lv\/produkt\/mikroskiedras-matu-sabiezesana-12g-aplikators\/","title":{"rendered":"Mikro\u0161\u0137iedras matu sabiez\u0113\u0161ana 12g + aplikators"},"content":{"rendered":"<p><strong>KAS V\u0112L JUMS B\u016aTU J\u0100ZINA?<\/strong><br \/>\nToppik \u0161\u0137iedras ir iztur\u012bgas pret lietu, v\u0113ju un sviedriem, t\u0101p\u0113c t\u0101s nodro\u0161in\u0101s lietot\u0101jam ilgsto\u0161u v\u0113lamo efektu neatkar\u012bgi no laika apst\u0101k\u013ciem. Tie ir pieejami pat devi\u0146os to\u0146os, t\u0101p\u0113c tos var pieska\u0146ot gandr\u012bz jebkuras kr\u0101sas matiem. Produkts labi darbojas ar\u012b lok\u0101lu restaur\u0101ciju gad\u012bjum\u0101, mask\u0113jot restaur\u0101cijas sist\u0113mu stiprin\u0101jumus un aizpildot matu defektus starp kr\u0101so\u0161anas sesij\u0101m. Produkts ir viegli nomazg\u0101jams ar \u016bdeni un \u0161amp\u016bnu.   <\/p>\n<p>Izmantojiet gan aplikatoru, gan optimiz\u0113jo\u0161o \u0137emmi, uzkl\u0101jot \u0161\u0137iedras matu l\u012bnijas zon\u0101. J\u016bs varat ar\u012b izmantot aplikatoru, lai uzkl\u0101tu \u0161\u0137iedras platum\u0101, pasl\u0113ptu pel\u0113kus matus vai vietas, kur ir piestiprin\u0101ti pieaudz\u0113t\u0101ji. Aplikatoru var uzkl\u0101t pudel\u0113m ar standarta (12 g) un ekonomiska izm\u0113ra (27,5 g) \u0161\u0137iedr\u0101m.  <\/p>\n<p><strong>K\u0100DS IR PRODUKTA APRAKSTS?<\/strong><br \/>\nToppik aplikators ir patent\u0113ts produkts, ko var piestiprin\u0101t pudel\u0113m ar Toppik \u0161\u0137iedr\u0101m ekonomiskaj\u0101 un standarta izm\u0113r\u0101, lai palielin\u0101tu uzkl\u0101\u0161anas precizit\u0101ti.<\/p>\n<p>PRODUKTA<br \/>\n <strong>LIETO\u0160ANAS PRIEK\u0160ROC\u012aBAS<\/strong>\u2022 Atvieglo prec\u012bz\u0101ku \u0161\u0137iedru uzkl\u0101\u0161anu noteikt\u0101s galvas \u0101das zon\u0101s<br \/>\n\u2022 Nodro\u0161ina prec\u012bzu uzkl\u0101\u0161anu uz maziem matainas \u0101das plankumiem<\/p>\n<h3>Prec\u012bza matu sabiez\u0113\u0161ana ar 12 g sariem un aplikatoru<\/h3>\n<p>Aplikator\u0101 iek\u013cautie 12 g matu sari ir ide\u0101ls risin\u0101jums cilv\u0113kiem ar pl\u0101niem matiem, kuri v\u0113las dabiski sabiez\u0113t savu friz\u016bru. Mikro\u0161\u0137iedras matiem lieliski piel\u012bp eso\u0161ajiem matiem, radot biezu matu efektu bez redzam\u0101m z\u012bm\u0113m. Aplikators ir paredz\u0113ts prec\u012bzai \u0161\u0137iedrvielu uzkl\u0101\u0161anai, kas \u013cauj produktam vienm\u0113r\u012bgi sadal\u012bties uz galvas \u0101das. Tas padara matu sabiez\u0113\u0161anas procesu \u0101tru un efekt\u012bvu, un rezult\u0101ti ir redzami uzreiz. 12 g sari ir pieejami da\u017e\u0101dos to\u0146os, kas \u013cauj lieliski pieska\u0146ot j\u016bsu dabisko matu kr\u0101su, nodro\u0161inot dabisku un ilgsto\u0161u matu sabiez\u0113\u0161anas efektu.    <\/p>\n<h3>Lieto\u0161anas \u0113rtums un matu sabiez\u0113\u0161anas efektu ilgm\u016b\u017e\u012bba<\/h3>\n<p>12g \u0161\u0137iedru komplekts ar aplikatoru ir ne tikai efekt\u012bva matu sabiez\u0113\u0161ana, bet ar\u012b \u0113rta ikdienas lieto\u0161anai. Aplikators \u013cauj \u0101tri un bez probl\u0113m\u0101m uzkl\u0101t mikro\u0161\u0137iedras, kas padara matu sabiez\u0113\u0161anas procesu vienk\u0101r\u0161u pat ies\u0101c\u0113jiem. Matu \u0161\u0137iedras ir iztur\u012bgas pret mitrumu un sviedriem, kas garant\u0113 efekta iztur\u012bbu visas dienas garum\u0101, neatkar\u012bgi no laika apst\u0101k\u013ciem vai fiziskaj\u0101m aktivit\u0101t\u0113m. Pateicoties tam, biezi mati tiek uztur\u0113ti bez bie\u017eas atjauno\u0161anas. \u0160ie produkti ir sader\u012bgi ar\u012b ar citiem m\u016bsu veikal\u0101 pieejamajiem matu kop\u0161anas l\u012bdzek\u013ciem, \u013caujot jums izveidot visaptvero\u0161u matu sabiez\u0113\u0161anas sist\u0113mu. Izv\u0113loties 12g sarus ar aplikatoru, j\u016bs ieguld\u0101t ilgsto\u0161u un dab\u012bgu matu sabiez\u0113\u0161anu, kas vairo p\u0101rliec\u012bbu un uzlabo j\u016bsu friz\u016bras dabisko skaistumu.     <\/p>\n","protected":false},"excerpt":{"rendered":"<p>Ietaupiet pat 9 PLN, ieg\u0101d\u0101joties Toppik matu \u0161\u0137iedru 12 g komplektu un Toppik aplikatoru!<\/p>\n<p><strong>K\u0100DS IR PRODUKTA APRAKSTS?<\/strong><br \/>\nToppik papild\u0161\u0137iedras tiek izgatavotas uz kr\u0101sotu kerat\u012bna \u0161\u0137iedru b\u0101zes, kas lieliski iek\u013c\u016bst matos un uzreiz sabiez\u0113 un sabiez\u0113 tos vizu\u0101li.<\/p>\n<p>PRODUKTA<br \/>\n <strong>LIETO\u0160ANAS PRIEK\u0160ROC\u012aBAS<\/strong>\u2022 Uzreiz aizpilda retin\u0101to matu<br \/>\n vietas\u2022 Sedz matu<br \/>\n izkri\u0161anu\u2022 Rada biezu un biezu matu<br \/>\n efektu\u2022 Lieliski papildina friz\u016bru starp kr\u0101so\u0161anas sesij\u0101m<\/p>\n","protected":false},"featured_media":8197,"comment_status":"closed","ping_status":"closed","template":"","meta":[],"product_brand":[],"product_cat":[47],"product_tag":[],"class_list":{"0":"post-10038","1":"product","2":"type-product","3":"status-publish","4":"has-post-thumbnail","6":"product_cat-produktiem","8":"first","9":"instock","10":"shipping-taxable","11":"purchasable","12":"product-type-variable"},"yoast_head":"<!-- This site is optimized with the Yoast SEO plugin v26.6 - https:\/\/yoast.com\/wordpress\/plugins\/seo\/ -->\n<title>Mikro\u0161\u0137iedras matu sabiez\u0113\u0161ana 12g + aplikators<\/title>\n<meta name=\"description\" content=\"Mikro\u0161\u0137iedras matu sabiez\u0113\u0161ana 12g + aplikators - Kerat\u012bna mikro\u0161\u0137iedras sabiez\u0113 matus | Toppik Polska!\" \/>\n<meta name=\"robots\" content=\"index, follow, max-snippet:-1, max-image-preview:large, max-video-preview:-1\" \/>\n<link rel=\"canonical\" href=\"https:\/\/toppikpolska.pl\/lv\/produkt\/mikroskiedras-matu-sabiezesana-12g-aplikators\/\" \/>\n<meta property=\"og:locale\" content=\"lv_LV\" \/>\n<meta property=\"og:type\" content=\"article\" \/>\n<meta property=\"og:title\" content=\"Mikro\u0161\u0137iedras matu sabiez\u0113\u0161ana 12g + aplikators\" \/>\n<meta property=\"og:description\" content=\"Mikro\u0161\u0137iedras matu sabiez\u0113\u0161ana 12g + aplikators - Kerat\u012bna mikro\u0161\u0137iedras sabiez\u0113 matus | Toppik Polska!\" \/>\n<meta property=\"og:url\" content=\"https:\/\/toppikpolska.pl\/lv\/produkt\/mikroskiedras-matu-sabiezesana-12g-aplikators\/\" \/>\n<meta property=\"og:site_name\" content=\"Matu \u0161\u0137iedras, kerat\u012bns, sabiez\u0113\u0161ana \u2014 Toppik Latvija\" \/>\n<meta property=\"og:image\" content=\"https:\/\/toppikpolska.pl\/wp-content\/uploads\/2025\/05\/toppik12_aplikator-1024x1024-1.jpg\" \/>\n\t<meta property=\"og:image:width\" content=\"1024\" \/>\n\t<meta property=\"og:image:height\" content=\"1024\" \/>\n\t<meta property=\"og:image:type\" content=\"image\/jpeg\" \/>\n<meta name=\"twitter:card\" content=\"summary_large_image\" \/>\n<meta name=\"twitter:label1\" content=\"Est. reading time\" \/>\n\t<meta name=\"twitter:data1\" content=\"2 min\u016btes\" \/>\n<script type=\"application\/ld+json\" class=\"yoast-schema-graph\">{\"@context\":\"https:\/\/schema.org\",\"@graph\":[{\"@type\":\"WebPage\",\"@id\":\"https:\/\/toppikpolska.pl\/lv\/produkt\/mikroskiedras-matu-sabiezesana-12g-aplikators\/\",\"url\":\"https:\/\/toppikpolska.pl\/lv\/produkt\/mikroskiedras-matu-sabiezesana-12g-aplikators\/\",\"name\":\"Mikro\u0161\u0137iedras matu sabiez\u0113\u0161ana 12g + aplikators\",\"isPartOf\":{\"@id\":\"https:\/\/toppikpolska.pl\/lv\/#website\"},\"primaryImageOfPage\":{\"@id\":\"https:\/\/toppikpolska.pl\/lv\/produkt\/mikroskiedras-matu-sabiezesana-12g-aplikators\/#primaryimage\"},\"image\":{\"@id\":\"https:\/\/toppikpolska.pl\/lv\/produkt\/mikroskiedras-matu-sabiezesana-12g-aplikators\/#primaryimage\"},\"thumbnailUrl\":\"https:\/\/toppikpolska.pl\/wp-content\/uploads\/2025\/05\/toppik12_aplikator-1024x1024-1.jpg\",\"datePublished\":\"2025-05-30T13:50:55+00:00\",\"description\":\"Mikro\u0161\u0137iedras matu sabiez\u0113\u0161ana 12g + aplikators - Kerat\u012bna mikro\u0161\u0137iedras sabiez\u0113 matus | Toppik Polska!\",\"breadcrumb\":{\"@id\":\"https:\/\/toppikpolska.pl\/lv\/produkt\/mikroskiedras-matu-sabiezesana-12g-aplikators\/#breadcrumb\"},\"inLanguage\":\"lv-LV\",\"potentialAction\":[{\"@type\":\"ReadAction\",\"target\":[\"https:\/\/toppikpolska.pl\/lv\/produkt\/mikroskiedras-matu-sabiezesana-12g-aplikators\/\"]}]},{\"@type\":\"ImageObject\",\"inLanguage\":\"lv-LV\",\"@id\":\"https:\/\/toppikpolska.pl\/lv\/produkt\/mikroskiedras-matu-sabiezesana-12g-aplikators\/#primaryimage\",\"url\":\"https:\/\/toppikpolska.pl\/wp-content\/uploads\/2025\/05\/toppik12_aplikator-1024x1024-1.jpg\",\"contentUrl\":\"https:\/\/toppikpolska.pl\/wp-content\/uploads\/2025\/05\/toppik12_aplikator-1024x1024-1.jpg\",\"width\":1024,\"height\":1024,\"caption\":\"Autorties\u012bbas Rokoko Hair Company\"},{\"@type\":\"BreadcrumbList\",\"@id\":\"https:\/\/toppikpolska.pl\/lv\/produkt\/mikroskiedras-matu-sabiezesana-12g-aplikators\/#breadcrumb\",\"itemListElement\":[{\"@type\":\"ListItem\",\"position\":1,\"name\":\"M\u0101jas lap\u0101\",\"item\":\"https:\/\/toppikpolska.pl\/lv\/\"},{\"@type\":\"ListItem\",\"position\":2,\"name\":\"Veikals\",\"item\":\"https:\/\/toppikpolska.pl\/lv\/veikals\/\"},{\"@type\":\"ListItem\",\"position\":3,\"name\":\"Mikro\u0161\u0137iedras matu sabiez\u0113\u0161ana 12g + aplikators\"}]},{\"@type\":\"WebSite\",\"@id\":\"https:\/\/toppikpolska.pl\/lv\/#website\",\"url\":\"https:\/\/toppikpolska.pl\/lv\/\",\"name\":\"Matu \u0161\u0137iedras, kerat\u012bns, sabiez\u0113\u0161ana \u2014 Toppik Latvija\",\"description\":\"\",\"publisher\":{\"@id\":\"https:\/\/toppikpolska.pl\/lv\/#organization\"},\"potentialAction\":[{\"@type\":\"SearchAction\",\"target\":{\"@type\":\"EntryPoint\",\"urlTemplate\":\"https:\/\/toppikpolska.pl\/lv\/?s={search_term_string}\"},\"query-input\":{\"@type\":\"PropertyValueSpecification\",\"valueRequired\":true,\"valueName\":\"search_term_string\"}}],\"inLanguage\":\"lv-LV\"},{\"@type\":\"Organization\",\"@id\":\"https:\/\/toppikpolska.pl\/lv\/#organization\",\"name\":\"Matu \u0161\u0137iedras, kerat\u012bns, sabiez\u0113\u0161ana \u2014 Toppik Latvija\",\"url\":\"https:\/\/toppikpolska.pl\/lv\/\",\"logo\":{\"@type\":\"ImageObject\",\"inLanguage\":\"lv-LV\",\"@id\":\"https:\/\/toppikpolska.pl\/lv\/#\/schema\/logo\/image\/\",\"url\":\"https:\/\/toppikpolska.pl\/wp-content\/uploads\/2023\/09\/logo.png\",\"contentUrl\":\"https:\/\/toppikpolska.pl\/wp-content\/uploads\/2023\/09\/logo.png\",\"width\":105,\"height\":57,\"caption\":\"Matu \u0161\u0137iedras, kerat\u012bns, sabiez\u0113\u0161ana \u2014 Toppik Latvija\"},\"image\":{\"@id\":\"https:\/\/toppikpolska.pl\/lv\/#\/schema\/logo\/image\/\"}}]}<\/script>\n<!-- \/ Yoast SEO plugin. -->","yoast_head_json":{"title":"Mikro\u0161\u0137iedras matu sabiez\u0113\u0161ana 12g + aplikators","description":"Mikro\u0161\u0137iedras matu sabiez\u0113\u0161ana 12g + aplikators - Kerat\u012bna mikro\u0161\u0137iedras sabiez\u0113 matus | Toppik Polska!","robots":{"index":"index","follow":"follow","max-snippet":"max-snippet:-1","max-image-preview":"max-image-preview:large","max-video-preview":"max-video-preview:-1"},"canonical":"https:\/\/toppikpolska.pl\/lv\/produkt\/mikroskiedras-matu-sabiezesana-12g-aplikators\/","og_locale":"lv_LV","og_type":"article","og_title":"Mikro\u0161\u0137iedras matu sabiez\u0113\u0161ana 12g + aplikators","og_description":"Mikro\u0161\u0137iedras matu sabiez\u0113\u0161ana 12g + aplikators - Kerat\u012bna mikro\u0161\u0137iedras sabiez\u0113 matus | Toppik Polska!","og_url":"https:\/\/toppikpolska.pl\/lv\/produkt\/mikroskiedras-matu-sabiezesana-12g-aplikators\/","og_site_name":"Matu \u0161\u0137iedras, kerat\u012bns, sabiez\u0113\u0161ana \u2014 Toppik Latvija","og_image":[{"width":1024,"height":1024,"url":"https:\/\/toppikpolska.pl\/wp-content\/uploads\/2025\/05\/toppik12_aplikator-1024x1024-1.jpg","type":"image\/jpeg"}],"twitter_card":"summary_large_image","twitter_misc":{"Est. reading time":"2 min\u016btes"},"schema":{"@context":"https:\/\/schema.org","@graph":[{"@type":"WebPage","@id":"https:\/\/toppikpolska.pl\/lv\/produkt\/mikroskiedras-matu-sabiezesana-12g-aplikators\/","url":"https:\/\/toppikpolska.pl\/lv\/produkt\/mikroskiedras-matu-sabiezesana-12g-aplikators\/","name":"Mikro\u0161\u0137iedras matu sabiez\u0113\u0161ana 12g + aplikators","isPartOf":{"@id":"https:\/\/toppikpolska.pl\/lv\/#website"},"primaryImageOfPage":{"@id":"https:\/\/toppikpolska.pl\/lv\/produkt\/mikroskiedras-matu-sabiezesana-12g-aplikators\/#primaryimage"},"image":{"@id":"https:\/\/toppikpolska.pl\/lv\/produkt\/mikroskiedras-matu-sabiezesana-12g-aplikators\/#primaryimage"},"thumbnailUrl":"https:\/\/toppikpolska.pl\/wp-content\/uploads\/2025\/05\/toppik12_aplikator-1024x1024-1.jpg","datePublished":"2025-05-30T13:50:55+00:00","description":"Mikro\u0161\u0137iedras matu sabiez\u0113\u0161ana 12g + aplikators - Kerat\u012bna mikro\u0161\u0137iedras sabiez\u0113 matus | Toppik Polska!","breadcrumb":{"@id":"https:\/\/toppikpolska.pl\/lv\/produkt\/mikroskiedras-matu-sabiezesana-12g-aplikators\/#breadcrumb"},"inLanguage":"lv-LV","potentialAction":[{"@type":"ReadAction","target":["https:\/\/toppikpolska.pl\/lv\/produkt\/mikroskiedras-matu-sabiezesana-12g-aplikators\/"]}]},{"@type":"ImageObject","inLanguage":"lv-LV","@id":"https:\/\/toppikpolska.pl\/lv\/produkt\/mikroskiedras-matu-sabiezesana-12g-aplikators\/#primaryimage","url":"https:\/\/toppikpolska.pl\/wp-content\/uploads\/2025\/05\/toppik12_aplikator-1024x1024-1.jpg","contentUrl":"https:\/\/toppikpolska.pl\/wp-content\/uploads\/2025\/05\/toppik12_aplikator-1024x1024-1.jpg","width":1024,"height":1024,"caption":"Autorties\u012bbas Rokoko Hair Company"},{"@type":"BreadcrumbList","@id":"https:\/\/toppikpolska.pl\/lv\/produkt\/mikroskiedras-matu-sabiezesana-12g-aplikators\/#breadcrumb","itemListElement":[{"@type":"ListItem","position":1,"name":"M\u0101jas lap\u0101","item":"https:\/\/toppikpolska.pl\/lv\/"},{"@type":"ListItem","position":2,"name":"Veikals","item":"https:\/\/toppikpolska.pl\/lv\/veikals\/"},{"@type":"ListItem","position":3,"name":"Mikro\u0161\u0137iedras matu sabiez\u0113\u0161ana 12g + aplikators"}]},{"@type":"WebSite","@id":"https:\/\/toppikpolska.pl\/lv\/#website","url":"https:\/\/toppikpolska.pl\/lv\/","name":"Matu \u0161\u0137iedras, kerat\u012bns, sabiez\u0113\u0161ana \u2014 Toppik Latvija","description":"","publisher":{"@id":"https:\/\/toppikpolska.pl\/lv\/#organization"},"potentialAction":[{"@type":"SearchAction","target":{"@type":"EntryPoint","urlTemplate":"https:\/\/toppikpolska.pl\/lv\/?s={search_term_string}"},"query-input":{"@type":"PropertyValueSpecification","valueRequired":true,"valueName":"search_term_string"}}],"inLanguage":"lv-LV"},{"@type":"Organization","@id":"https:\/\/toppikpolska.pl\/lv\/#organization","name":"Matu \u0161\u0137iedras, kerat\u012bns, sabiez\u0113\u0161ana \u2014 Toppik Latvija","url":"https:\/\/toppikpolska.pl\/lv\/","logo":{"@type":"ImageObject","inLanguage":"lv-LV","@id":"https:\/\/toppikpolska.pl\/lv\/#\/schema\/logo\/image\/","url":"https:\/\/toppikpolska.pl\/wp-content\/uploads\/2023\/09\/logo.png","contentUrl":"https:\/\/toppikpolska.pl\/wp-content\/uploads\/2023\/09\/logo.png","width":105,"height":57,"caption":"Matu \u0161\u0137iedras, kerat\u012bns, sabiez\u0113\u0161ana \u2014 Toppik Latvija"},"image":{"@id":"https:\/\/toppikpolska.pl\/lv\/#\/schema\/logo\/image\/"}}]}},"_links":{"self":[{"href":"https:\/\/toppikpolska.pl\/lv\/wp-json\/wp\/v2\/product\/10038","targetHints":{"allow":["GET"]}}],"collection":[{"href":"https:\/\/toppikpolska.pl\/lv\/wp-json\/wp\/v2\/product"}],"about":[{"href":"https:\/\/toppikpolska.pl\/lv\/wp-json\/wp\/v2\/types\/product"}],"replies":[{"embeddable":true,"href":"https:\/\/toppikpolska.pl\/lv\/wp-json\/wp\/v2\/comments?post=10038"}],"wp:featuredmedia":[{"embeddable":true,"href":"https:\/\/toppikpolska.pl\/lv\/wp-json\/wp\/v2\/media\/8197"}],"wp:attachment":[{"href":"https:\/\/toppikpolska.pl\/lv\/wp-json\/wp\/v2\/media?parent=10038"}],"wp:term":[{"taxonomy":"product_brand","embeddable":true,"href":"https:\/\/toppikpolska.pl\/lv\/wp-json\/wp\/v2\/product_brand?post=10038"},{"taxonomy":"product_cat","embeddable":true,"href":"https:\/\/toppikpolska.pl\/lv\/wp-json\/wp\/v2\/product_cat?post=10038"},{"taxonomy":"product_tag","embeddable":true,"href":"https:\/\/toppikpolska.pl\/lv\/wp-json\/wp\/v2\/product_tag?post=10038"}],"curies":[{"name":"wp","href":"https:\/\/api.w.org\/{rel}","templated":true}]}}