{"id":10115,"date":"2025-05-30T14:51:03","date_gmt":"2025-05-30T12:51:03","guid":{"rendered":"https:\/\/toppikpolska.pl\/produkt\/keratina-skiedru-komplekts-toppik-3x-27-5g\/"},"modified":"2025-05-30T14:51:03","modified_gmt":"2025-05-30T12:51:03","slug":"keratina-skiedru-komplekts-toppik-3x-27-5g","status":"publish","type":"product","link":"https:\/\/toppikpolska.pl\/lv\/produkt\/keratina-skiedru-komplekts-toppik-3x-27-5g\/","title":{"rendered":"Kerat\u012bna \u0161\u0137iedru komplekts Toppik 3x 27.5g"},"content":{"rendered":"<h4><strong>KAS V\u0112L JUMS B\u016aTU J\u0100ZINA?<\/strong><\/h4>\n<p>Toppik \u0161\u0137iedras ir iztur\u012bgas pret lietu, v\u0113ju un sviedriem, t\u0101p\u0113c t\u0101s nodro\u0161in\u0101s lietot\u0101jam ilgsto\u0161u v\u0113lamo efektu neatkar\u012bgi no laika apst\u0101k\u013ciem. Tie ir pieejami pat devi\u0146os to\u0146os, t\u0101p\u0113c tos var pieska\u0146ot gandr\u012bz jebkuras kr\u0101sas matiem. Produkts labi darbojas ar\u012b lok\u0101lu restaur\u0101ciju gad\u012bjum\u0101, mask\u0113jot restaur\u0101cijas sist\u0113mu stiprin\u0101jumus un aizpildot matu defektus starp kr\u0101so\u0161anas sesij\u0101m. Produkts ir viegli nomazg\u0101jams ar \u016bdeni un \u0161amp\u016bnu.   <\/p>\n<h3>Uzticama matu sabiez\u0113\u0161ana ar Toppik matu \u0161\u0137iedr\u0101m 3 x 27.5g<\/h3>\n<p>Toppik matu \u0161\u0137iedras 3 x 27.5g ir uzlabots risin\u0101jums cilv\u0113kiem ar pl\u0101niem un pl\u0101niem matiem, kuri v\u0113las dabiski sabiez\u0113t savu friz\u016bru. Mikro\u0161\u0137iedras matiem ir rad\u012btas, lai efekt\u012bvi sabiez\u0113tu matus, pie\u0161\u0137irot jums piln\u012bg\u0101ku un sul\u012bg\u0101ku izskatu bez redzam\u0101m atliek\u0101m. Ar vair\u0101k \u0161\u0137iedru 3 x 27,5 g komplekt\u0101 lietot\u0101ji var baud\u012bt ilgsto\u0161u matu papildin\u0101\u0161anu, kas ir ide\u0101li piem\u0113rota ikdienas lieto\u0161anai un ilgsto\u0161ai matu sabiez\u0113\u0161anas iedarb\u012bbai. Mikro\u0161\u0137iedras lieliski piel\u012bp pie dab\u012bgiem matiem, radot biezus matus, kas izskat\u0101s vesel\u012bgi un dabiski. Produkts ir pieejams da\u017e\u0101dos to\u0146os, kas \u013cauj tam lieliski pieska\u0146oties dabisko matu kr\u0101sai, palielinot matu sabiez\u0113\u0161anas dabiskuma un est\u0113tikas efektu.    <\/p>\n<h3>Toppik matu \u0161\u0137iedru iztur\u012bba un lieto\u0161anas \u0113rtums 3 x 27.5g<\/h3>\n<p>Toppik matu \u0161\u0137iedras 3 x 27,5g pied\u0101v\u0101 ne tikai efekt\u012bvu matu sabiez\u0113\u0161anu, bet ar\u012b izcilu lieto\u0161anas komfortu. Pateicoties komplekta lielajai ietilp\u012bbai, lietot\u0101ji var regul\u0101ri lietot produktu, neuztraucoties par kr\u0101jumu beig\u0161anos, kas ir ide\u0101li piem\u0113rots cilv\u0113kiem ar retin\u0101tiem matiem, kuriem nepiecie\u0161ama bie\u017ea matu papildin\u0101\u0161ana. Komplekt\u0101 iek\u013cautais matu aplikators \u013cauj prec\u012bzi uzkl\u0101t mikro\u0161\u0137iedras, samazinot produktu atkritumus un nodro\u0161inot vienm\u0113r\u012bgu matu sabiez\u0113\u0161anu. Matu sabiez\u0113\u0161anas \u0137emme pal\u012bdz uzkl\u0101\u0161anas proces\u0101, pal\u012bdzot r\u016bp\u012bgi sadal\u012bt mikro\u0161\u0137iedras vis\u0101 galvas \u0101d\u0101. Toppik mikro\u0161\u0137iedras matiem ir iztur\u012bgas pret mitrumu un sviedriem, kas garant\u0113 matu sabiez\u0113\u0161anas efektu notur\u012bbu visas dienas garum\u0101, neatkar\u012bgi no laika apst\u0101k\u013ciem vai fiziskaj\u0101m aktivit\u0101t\u0113m. Izmantojot \u0161o produktu, matu sabiez\u0113\u0161ana k\u013c\u016bst \u0101tra, efekt\u012bva un vienk\u0101r\u0161a, \u013caujot izbaud\u012bt piln\u012bg\u0101ku un vesel\u012bg\u0101ku friz\u016bru bez invaz\u012bv\u0101m metod\u0113m.     <\/p>\n","protected":false},"excerpt":{"rendered":"<p>Izv\u0113lieties 3 iepakojumus Toppik matu \u0161\u0137iedras 27.5g un ietaupiet 26 PLN!<\/p>\n<p><strong>K\u0100DS IR PRODUKTA APRAKSTS?<\/strong><br \/>\nToppik papild\u0161\u0137iedras tiek izgatavotas uz kr\u0101sotu kerat\u012bna \u0161\u0137iedru b\u0101zes, kas lieliski iek\u013c\u016bst matos un uzreiz sabiez\u0113 un sabiez\u0113 tos vizu\u0101li.<\/p>\n<p>PRODUKTA<br \/>\n <strong>LIETO\u0160ANAS PRIEK\u0160ROC\u012aBAS<\/strong>\u2022 Uzreiz aizpilda retin\u0101to matu<br \/>\n vietas\u2022 Sedz matu<br \/>\n izkri\u0161anu\u2022 Rada biezu un biezu matu<br \/>\n efektu\u2022 Lieliski papildina friz\u016bru starp kr\u0101so\u0161anas sesij\u0101m<\/p>\n","protected":false},"featured_media":8127,"comment_status":"open","ping_status":"closed","template":"","meta":[],"product_brand":[],"product_cat":[47],"product_tag":[],"class_list":{"0":"post-10115","1":"product","2":"type-product","3":"status-publish","4":"has-post-thumbnail","6":"product_cat-produktiem","8":"first","9":"instock","10":"shipping-taxable","11":"purchasable","12":"product-type-variable"},"yoast_head":"<!-- This site is optimized with the Yoast SEO plugin v26.6 - https:\/\/yoast.com\/wordpress\/plugins\/seo\/ -->\n<title>Kerat\u012bna \u0161\u0137iedru komplekts Toppik 3x 27.5g<\/title>\n<meta name=\"description\" content=\"Kerat\u012bna \u0161\u0137iedru komplekts Toppik 3x 27.5g - Kerat\u012bna mikro\u0161\u0137iedras sabiez\u0113 matus | Toppik Polska!\" \/>\n<meta name=\"robots\" content=\"index, follow, max-snippet:-1, max-image-preview:large, max-video-preview:-1\" \/>\n<link rel=\"canonical\" href=\"https:\/\/toppikpolska.pl\/lv\/produkt\/keratina-skiedru-komplekts-toppik-3x-27-5g\/\" \/>\n<meta property=\"og:locale\" content=\"lv_LV\" \/>\n<meta property=\"og:type\" content=\"article\" \/>\n<meta property=\"og:title\" content=\"Kerat\u012bna \u0161\u0137iedru komplekts Toppik 3x 27.5g\" \/>\n<meta property=\"og:description\" content=\"Kerat\u012bna \u0161\u0137iedru komplekts Toppik 3x 27.5g - Kerat\u012bna mikro\u0161\u0137iedras sabiez\u0113 matus | Toppik Polska!\" \/>\n<meta property=\"og:url\" content=\"https:\/\/toppikpolska.pl\/lv\/produkt\/keratina-skiedru-komplekts-toppik-3x-27-5g\/\" \/>\n<meta property=\"og:site_name\" content=\"Matu \u0161\u0137iedras, kerat\u012bns, sabiez\u0113\u0161ana \u2014 Toppik Latvija\" \/>\n<meta property=\"og:image\" content=\"https:\/\/toppikpolska.pl\/wp-content\/uploads\/2025\/05\/toppik3x27.jpg\" \/>\n\t<meta property=\"og:image:width\" content=\"900\" \/>\n\t<meta property=\"og:image:height\" content=\"900\" \/>\n\t<meta property=\"og:image:type\" content=\"image\/jpeg\" \/>\n<meta name=\"twitter:card\" content=\"summary_large_image\" \/>\n<meta name=\"twitter:label1\" content=\"Est. reading time\" \/>\n\t<meta name=\"twitter:data1\" content=\"2 min\u016btes\" \/>\n<script type=\"application\/ld+json\" class=\"yoast-schema-graph\">{\"@context\":\"https:\/\/schema.org\",\"@graph\":[{\"@type\":\"WebPage\",\"@id\":\"https:\/\/toppikpolska.pl\/lv\/produkt\/keratina-skiedru-komplekts-toppik-3x-27-5g\/\",\"url\":\"https:\/\/toppikpolska.pl\/lv\/produkt\/keratina-skiedru-komplekts-toppik-3x-27-5g\/\",\"name\":\"Kerat\u012bna \u0161\u0137iedru komplekts Toppik 3x 27.5g\",\"isPartOf\":{\"@id\":\"https:\/\/toppikpolska.pl\/lv\/#website\"},\"primaryImageOfPage\":{\"@id\":\"https:\/\/toppikpolska.pl\/lv\/produkt\/keratina-skiedru-komplekts-toppik-3x-27-5g\/#primaryimage\"},\"image\":{\"@id\":\"https:\/\/toppikpolska.pl\/lv\/produkt\/keratina-skiedru-komplekts-toppik-3x-27-5g\/#primaryimage\"},\"thumbnailUrl\":\"https:\/\/toppikpolska.pl\/wp-content\/uploads\/2025\/05\/toppik3x27.jpg\",\"datePublished\":\"2025-05-30T12:51:03+00:00\",\"description\":\"Kerat\u012bna \u0161\u0137iedru komplekts Toppik 3x 27.5g - Kerat\u012bna mikro\u0161\u0137iedras sabiez\u0113 matus | Toppik Polska!\",\"breadcrumb\":{\"@id\":\"https:\/\/toppikpolska.pl\/lv\/produkt\/keratina-skiedru-komplekts-toppik-3x-27-5g\/#breadcrumb\"},\"inLanguage\":\"lv-LV\",\"potentialAction\":[{\"@type\":\"ReadAction\",\"target\":[\"https:\/\/toppikpolska.pl\/lv\/produkt\/keratina-skiedru-komplekts-toppik-3x-27-5g\/\"]}]},{\"@type\":\"ImageObject\",\"inLanguage\":\"lv-LV\",\"@id\":\"https:\/\/toppikpolska.pl\/lv\/produkt\/keratina-skiedru-komplekts-toppik-3x-27-5g\/#primaryimage\",\"url\":\"https:\/\/toppikpolska.pl\/wp-content\/uploads\/2025\/05\/toppik3x27.jpg\",\"contentUrl\":\"https:\/\/toppikpolska.pl\/wp-content\/uploads\/2025\/05\/toppik3x27.jpg\",\"width\":900,\"height\":900,\"caption\":\"Autorties\u012bbas Rokoko Hair Company\"},{\"@type\":\"BreadcrumbList\",\"@id\":\"https:\/\/toppikpolska.pl\/lv\/produkt\/keratina-skiedru-komplekts-toppik-3x-27-5g\/#breadcrumb\",\"itemListElement\":[{\"@type\":\"ListItem\",\"position\":1,\"name\":\"M\u0101jas lap\u0101\",\"item\":\"https:\/\/toppikpolska.pl\/lv\/\"},{\"@type\":\"ListItem\",\"position\":2,\"name\":\"Veikals\",\"item\":\"https:\/\/toppikpolska.pl\/lv\/veikals\/\"},{\"@type\":\"ListItem\",\"position\":3,\"name\":\"Kerat\u012bna \u0161\u0137iedru komplekts Toppik 3x 27.5g\"}]},{\"@type\":\"WebSite\",\"@id\":\"https:\/\/toppikpolska.pl\/lv\/#website\",\"url\":\"https:\/\/toppikpolska.pl\/lv\/\",\"name\":\"Matu \u0161\u0137iedras, kerat\u012bns, sabiez\u0113\u0161ana \u2014 Toppik Latvija\",\"description\":\"\",\"publisher\":{\"@id\":\"https:\/\/toppikpolska.pl\/lv\/#organization\"},\"potentialAction\":[{\"@type\":\"SearchAction\",\"target\":{\"@type\":\"EntryPoint\",\"urlTemplate\":\"https:\/\/toppikpolska.pl\/lv\/?s={search_term_string}\"},\"query-input\":{\"@type\":\"PropertyValueSpecification\",\"valueRequired\":true,\"valueName\":\"search_term_string\"}}],\"inLanguage\":\"lv-LV\"},{\"@type\":\"Organization\",\"@id\":\"https:\/\/toppikpolska.pl\/lv\/#organization\",\"name\":\"Matu \u0161\u0137iedras, kerat\u012bns, sabiez\u0113\u0161ana \u2014 Toppik Latvija\",\"url\":\"https:\/\/toppikpolska.pl\/lv\/\",\"logo\":{\"@type\":\"ImageObject\",\"inLanguage\":\"lv-LV\",\"@id\":\"https:\/\/toppikpolska.pl\/lv\/#\/schema\/logo\/image\/\",\"url\":\"https:\/\/toppikpolska.pl\/wp-content\/uploads\/2023\/09\/logo.png\",\"contentUrl\":\"https:\/\/toppikpolska.pl\/wp-content\/uploads\/2023\/09\/logo.png\",\"width\":105,\"height\":57,\"caption\":\"Matu \u0161\u0137iedras, kerat\u012bns, sabiez\u0113\u0161ana \u2014 Toppik Latvija\"},\"image\":{\"@id\":\"https:\/\/toppikpolska.pl\/lv\/#\/schema\/logo\/image\/\"}}]}<\/script>\n<!-- \/ Yoast SEO plugin. -->","yoast_head_json":{"title":"Kerat\u012bna \u0161\u0137iedru komplekts Toppik 3x 27.5g","description":"Kerat\u012bna \u0161\u0137iedru komplekts Toppik 3x 27.5g - Kerat\u012bna mikro\u0161\u0137iedras sabiez\u0113 matus | Toppik Polska!","robots":{"index":"index","follow":"follow","max-snippet":"max-snippet:-1","max-image-preview":"max-image-preview:large","max-video-preview":"max-video-preview:-1"},"canonical":"https:\/\/toppikpolska.pl\/lv\/produkt\/keratina-skiedru-komplekts-toppik-3x-27-5g\/","og_locale":"lv_LV","og_type":"article","og_title":"Kerat\u012bna \u0161\u0137iedru komplekts Toppik 3x 27.5g","og_description":"Kerat\u012bna \u0161\u0137iedru komplekts Toppik 3x 27.5g - Kerat\u012bna mikro\u0161\u0137iedras sabiez\u0113 matus | Toppik Polska!","og_url":"https:\/\/toppikpolska.pl\/lv\/produkt\/keratina-skiedru-komplekts-toppik-3x-27-5g\/","og_site_name":"Matu \u0161\u0137iedras, kerat\u012bns, sabiez\u0113\u0161ana \u2014 Toppik Latvija","og_image":[{"width":900,"height":900,"url":"https:\/\/toppikpolska.pl\/wp-content\/uploads\/2025\/05\/toppik3x27.jpg","type":"image\/jpeg"}],"twitter_card":"summary_large_image","twitter_misc":{"Est. reading time":"2 min\u016btes"},"schema":{"@context":"https:\/\/schema.org","@graph":[{"@type":"WebPage","@id":"https:\/\/toppikpolska.pl\/lv\/produkt\/keratina-skiedru-komplekts-toppik-3x-27-5g\/","url":"https:\/\/toppikpolska.pl\/lv\/produkt\/keratina-skiedru-komplekts-toppik-3x-27-5g\/","name":"Kerat\u012bna \u0161\u0137iedru komplekts Toppik 3x 27.5g","isPartOf":{"@id":"https:\/\/toppikpolska.pl\/lv\/#website"},"primaryImageOfPage":{"@id":"https:\/\/toppikpolska.pl\/lv\/produkt\/keratina-skiedru-komplekts-toppik-3x-27-5g\/#primaryimage"},"image":{"@id":"https:\/\/toppikpolska.pl\/lv\/produkt\/keratina-skiedru-komplekts-toppik-3x-27-5g\/#primaryimage"},"thumbnailUrl":"https:\/\/toppikpolska.pl\/wp-content\/uploads\/2025\/05\/toppik3x27.jpg","datePublished":"2025-05-30T12:51:03+00:00","description":"Kerat\u012bna \u0161\u0137iedru komplekts Toppik 3x 27.5g - Kerat\u012bna mikro\u0161\u0137iedras sabiez\u0113 matus | Toppik Polska!","breadcrumb":{"@id":"https:\/\/toppikpolska.pl\/lv\/produkt\/keratina-skiedru-komplekts-toppik-3x-27-5g\/#breadcrumb"},"inLanguage":"lv-LV","potentialAction":[{"@type":"ReadAction","target":["https:\/\/toppikpolska.pl\/lv\/produkt\/keratina-skiedru-komplekts-toppik-3x-27-5g\/"]}]},{"@type":"ImageObject","inLanguage":"lv-LV","@id":"https:\/\/toppikpolska.pl\/lv\/produkt\/keratina-skiedru-komplekts-toppik-3x-27-5g\/#primaryimage","url":"https:\/\/toppikpolska.pl\/wp-content\/uploads\/2025\/05\/toppik3x27.jpg","contentUrl":"https:\/\/toppikpolska.pl\/wp-content\/uploads\/2025\/05\/toppik3x27.jpg","width":900,"height":900,"caption":"Autorties\u012bbas Rokoko Hair Company"},{"@type":"BreadcrumbList","@id":"https:\/\/toppikpolska.pl\/lv\/produkt\/keratina-skiedru-komplekts-toppik-3x-27-5g\/#breadcrumb","itemListElement":[{"@type":"ListItem","position":1,"name":"M\u0101jas lap\u0101","item":"https:\/\/toppikpolska.pl\/lv\/"},{"@type":"ListItem","position":2,"name":"Veikals","item":"https:\/\/toppikpolska.pl\/lv\/veikals\/"},{"@type":"ListItem","position":3,"name":"Kerat\u012bna \u0161\u0137iedru komplekts Toppik 3x 27.5g"}]},{"@type":"WebSite","@id":"https:\/\/toppikpolska.pl\/lv\/#website","url":"https:\/\/toppikpolska.pl\/lv\/","name":"Matu \u0161\u0137iedras, kerat\u012bns, sabiez\u0113\u0161ana \u2014 Toppik Latvija","description":"","publisher":{"@id":"https:\/\/toppikpolska.pl\/lv\/#organization"},"potentialAction":[{"@type":"SearchAction","target":{"@type":"EntryPoint","urlTemplate":"https:\/\/toppikpolska.pl\/lv\/?s={search_term_string}"},"query-input":{"@type":"PropertyValueSpecification","valueRequired":true,"valueName":"search_term_string"}}],"inLanguage":"lv-LV"},{"@type":"Organization","@id":"https:\/\/toppikpolska.pl\/lv\/#organization","name":"Matu \u0161\u0137iedras, kerat\u012bns, sabiez\u0113\u0161ana \u2014 Toppik Latvija","url":"https:\/\/toppikpolska.pl\/lv\/","logo":{"@type":"ImageObject","inLanguage":"lv-LV","@id":"https:\/\/toppikpolska.pl\/lv\/#\/schema\/logo\/image\/","url":"https:\/\/toppikpolska.pl\/wp-content\/uploads\/2023\/09\/logo.png","contentUrl":"https:\/\/toppikpolska.pl\/wp-content\/uploads\/2023\/09\/logo.png","width":105,"height":57,"caption":"Matu \u0161\u0137iedras, kerat\u012bns, sabiez\u0113\u0161ana \u2014 Toppik Latvija"},"image":{"@id":"https:\/\/toppikpolska.pl\/lv\/#\/schema\/logo\/image\/"}}]}},"_links":{"self":[{"href":"https:\/\/toppikpolska.pl\/lv\/wp-json\/wp\/v2\/product\/10115","targetHints":{"allow":["GET"]}}],"collection":[{"href":"https:\/\/toppikpolska.pl\/lv\/wp-json\/wp\/v2\/product"}],"about":[{"href":"https:\/\/toppikpolska.pl\/lv\/wp-json\/wp\/v2\/types\/product"}],"replies":[{"embeddable":true,"href":"https:\/\/toppikpolska.pl\/lv\/wp-json\/wp\/v2\/comments?post=10115"}],"wp:featuredmedia":[{"embeddable":true,"href":"https:\/\/toppikpolska.pl\/lv\/wp-json\/wp\/v2\/media\/8127"}],"wp:attachment":[{"href":"https:\/\/toppikpolska.pl\/lv\/wp-json\/wp\/v2\/media?parent=10115"}],"wp:term":[{"taxonomy":"product_brand","embeddable":true,"href":"https:\/\/toppikpolska.pl\/lv\/wp-json\/wp\/v2\/product_brand?post=10115"},{"taxonomy":"product_cat","embeddable":true,"href":"https:\/\/toppikpolska.pl\/lv\/wp-json\/wp\/v2\/product_cat?post=10115"},{"taxonomy":"product_tag","embeddable":true,"href":"https:\/\/toppikpolska.pl\/lv\/wp-json\/wp\/v2\/product_tag?post=10115"}],"curies":[{"name":"wp","href":"https:\/\/api.w.org\/{rel}","templated":true}]}}