{"id":10232,"date":"2025-05-30T15:15:12","date_gmt":"2025-05-30T13:15:12","guid":{"rendered":"https:\/\/toppikpolska.pl\/produkt\/toppik-keratina-skiedras-komplekts-2x-27-5g\/"},"modified":"2025-05-30T15:15:12","modified_gmt":"2025-05-30T13:15:12","slug":"toppik-keratina-skiedras-komplekts-2x-27-5g","status":"publish","type":"product","link":"https:\/\/toppikpolska.pl\/lv\/produkt\/toppik-keratina-skiedras-komplekts-2x-27-5g\/","title":{"rendered":"Toppik kerat\u012bna \u0161\u0137iedras KOMPLEKTS 2x 27.5g"},"content":{"rendered":"<h4><strong>KAS V\u0112L JUMS B\u016aTU J\u0100ZINA?<\/strong><\/h4>\n<p>Toppik \u0161\u0137iedras ir iztur\u012bgas pret lietu, v\u0113ju un sviedriem, t\u0101p\u0113c t\u0101s nodro\u0161in\u0101s lietot\u0101jam ilgsto\u0161u v\u0113lamo efektu neatkar\u012bgi no laika apst\u0101k\u013ciem. Tie ir pieejami pat devi\u0146os to\u0146os, t\u0101p\u0113c tos var pieska\u0146ot gandr\u012bz jebkuras kr\u0101sas matiem. Produkts labi darbojas ar\u012b lok\u0101lu restaur\u0101ciju gad\u012bjum\u0101, mask\u0113jot restaur\u0101cijas sist\u0113mu stiprin\u0101jumus un aizpildot matu defektus starp kr\u0101so\u0161anas sesij\u0101m. Produkts ir viegli nomazg\u0101jams ar \u016bdeni un \u0161amp\u016bnu.   <\/p>\n<h3>Augsta veiktsp\u0113ja un ilgsto\u0161i rezult\u0101ti ar Toppik 2 x 27,5 g \u0161\u0137iedr\u0101m<\/h3>\n<p>Toppik 2 x 27.5g matu \u0161\u0137iedras ir ide\u0101ls risin\u0101jums cilv\u0113kiem ar pl\u0101niem un pl\u0101niem matiem, kuri v\u0113las efekt\u012bvi sabiez\u0113t savu friz\u016bru. Pateicoties komplekta lielajai ietilp\u012bbai, matu mikro\u0161\u0137iedras nodro\u0161ina ilgsto\u0161u matu papildin\u0101\u0161anu, kas \u013cauj regul\u0101ri sabiez\u0113t matus bez bie\u017eas uzpildes. Toppik matu \u0161\u0137iedras ir viegli uzkl\u0101jamas, kas \u013cauj \u0101tri un efekt\u012bvi sabiez\u0113t matus m\u0101j\u0101s. Produkts ir pieejams da\u017e\u0101dos to\u0146os, \u013caujot tam lieliski pieska\u0146oties j\u016bsu dabiskajai matu kr\u0101sai, nodro\u0161inot dabisku un est\u0113tisku izskatu bieziem matiem. Izmantojot Toppik \u0161\u0137iedras, matu sabiez\u0113\u0161ana k\u013c\u016bst vienk\u0101r\u0161\u0101ka un efekt\u012bv\u0101ka, palielinot p\u0101rliec\u012bbu un izce\u013cot j\u016bsu friz\u016bras dabisko skaistumu.    <\/p>\n<h3>Dabisks izskats un mikro\u0161\u0137iedru uzkl\u0101\u0161anas vieglums matiem<\/h3>\n<p>Toppik 2 x 27,5 g mikro\u0161\u0137iedras matiem pied\u0101v\u0101 dabisku sabiez\u0113\u0161anas efektu, kas neatst\u0101j redzamas p\u0113das un nenoslogo pl\u0101nus matus. Produkts ir \u012bpa\u0161i izstr\u0101d\u0101ts, lai lieliski pieliptu eso\u0161ajiem matiem, radot piln\u012bg\u0101ku un sul\u012bg\u0101ku friz\u016bru. Komplekt\u0101 iek\u013cautais matu aplikators \u013cauj prec\u012bzi uzkl\u0101t sarus, lai vienm\u0113r\u012bgi sabiez\u0113tu matus un ieg\u016btu dabisku izskatu. Matu sabiez\u0113\u0161anas \u0137emme pal\u012bdz uzkl\u0101\u0161anas proces\u0101, pal\u012bdzot r\u016bp\u012bgi sadal\u012bt mikro\u0161\u0137iedras vis\u0101 galvas \u0101d\u0101. Pateicoties ergonomiskajam dizainam, komplekts ir viegli lietojams pat ies\u0101c\u0113jiem. Toppik \u0161\u0137iedras ir iztur\u012bgas pret mitrumu un sviedriem, kas garant\u0113 matu sabiez\u0113\u0161anas efektu notur\u012bbu visas dienas garum\u0101, neatkar\u012bgi no laika apst\u0101k\u013ciem vai fiziskaj\u0101m aktivit\u0101t\u0113m.     <\/p>\n","protected":false},"excerpt":{"rendered":"<p>Izv\u0113lieties komplektu ar 2 iepakojumiem Toppik matu \u0161\u0137iedras 27.5g un ietaupiet 14 PLN!<\/p>\n<p><strong>K\u0100DS IR PRODUKTA APRAKSTS?<\/strong><br \/>\nToppik papild\u0161\u0137iedras tiek izgatavotas uz kr\u0101sotu kerat\u012bna \u0161\u0137iedru b\u0101zes, kas lieliski iek\u013c\u016bst matos un uzreiz sabiez\u0113 un sabiez\u0113 tos vizu\u0101li.<\/p>\n<p>PRODUKTA<br \/>\n <strong>LIETO\u0160ANAS PRIEK\u0160ROC\u012aBAS<\/strong>\u2022 Uzreiz aizpilda retin\u0101to matu<br \/>\n vietas\u2022 Sedz matu<br \/>\n izkri\u0161anu\u2022 Rada biezu un biezu matu<br \/>\n efektu\u2022 Lieliski papildina friz\u016bru starp kr\u0101so\u0161anas sesij\u0101m<\/p>\n","protected":false},"featured_media":8139,"comment_status":"open","ping_status":"closed","template":"","meta":[],"product_brand":[],"product_cat":[47],"product_tag":[],"class_list":{"0":"post-10232","1":"product","2":"type-product","3":"status-publish","4":"has-post-thumbnail","6":"product_cat-produktiem","8":"first","9":"instock","10":"shipping-taxable","11":"purchasable","12":"product-type-variable"},"yoast_head":"<!-- This site is optimized with the Yoast SEO plugin v26.6 - https:\/\/yoast.com\/wordpress\/plugins\/seo\/ -->\n<title>Toppik kerat\u012bna \u0161\u0137iedras KOMPLEKTS 2x 27.5g<\/title>\n<meta name=\"description\" content=\"Toppik kerat\u012bna \u0161\u0137iedras KOMPLEKTS 2x 27.5g - Kerat\u012bna mikro\u0161\u0137iedras sabiez\u0113 matus | Toppik Polska!\" \/>\n<meta name=\"robots\" content=\"index, follow, max-snippet:-1, max-image-preview:large, max-video-preview:-1\" \/>\n<link rel=\"canonical\" href=\"https:\/\/toppikpolska.pl\/lv\/produkt\/toppik-keratina-skiedras-komplekts-2x-27-5g\/\" \/>\n<meta property=\"og:locale\" content=\"lv_LV\" \/>\n<meta property=\"og:type\" content=\"article\" \/>\n<meta property=\"og:title\" content=\"Toppik kerat\u012bna \u0161\u0137iedras KOMPLEKTS 2x 27.5g\" \/>\n<meta property=\"og:description\" content=\"Toppik kerat\u012bna \u0161\u0137iedras KOMPLEKTS 2x 27.5g - Kerat\u012bna mikro\u0161\u0137iedras sabiez\u0113 matus | Toppik Polska!\" \/>\n<meta property=\"og:url\" content=\"https:\/\/toppikpolska.pl\/lv\/produkt\/toppik-keratina-skiedras-komplekts-2x-27-5g\/\" \/>\n<meta property=\"og:site_name\" content=\"Matu \u0161\u0137iedras, kerat\u012bns, sabiez\u0113\u0161ana \u2014 Toppik Latvija\" \/>\n<meta property=\"og:image\" content=\"https:\/\/toppikpolska.pl\/wp-content\/uploads\/2025\/05\/toppik2x27.jpg\" \/>\n\t<meta property=\"og:image:width\" content=\"900\" \/>\n\t<meta property=\"og:image:height\" content=\"900\" \/>\n\t<meta property=\"og:image:type\" content=\"image\/jpeg\" \/>\n<meta name=\"twitter:card\" content=\"summary_large_image\" \/>\n<meta name=\"twitter:label1\" content=\"Est. reading time\" \/>\n\t<meta name=\"twitter:data1\" content=\"2 min\u016btes\" \/>\n<script type=\"application\/ld+json\" class=\"yoast-schema-graph\">{\"@context\":\"https:\/\/schema.org\",\"@graph\":[{\"@type\":\"WebPage\",\"@id\":\"https:\/\/toppikpolska.pl\/lv\/produkt\/toppik-keratina-skiedras-komplekts-2x-27-5g\/\",\"url\":\"https:\/\/toppikpolska.pl\/lv\/produkt\/toppik-keratina-skiedras-komplekts-2x-27-5g\/\",\"name\":\"Toppik kerat\u012bna \u0161\u0137iedras KOMPLEKTS 2x 27.5g\",\"isPartOf\":{\"@id\":\"https:\/\/toppikpolska.pl\/lv\/#website\"},\"primaryImageOfPage\":{\"@id\":\"https:\/\/toppikpolska.pl\/lv\/produkt\/toppik-keratina-skiedras-komplekts-2x-27-5g\/#primaryimage\"},\"image\":{\"@id\":\"https:\/\/toppikpolska.pl\/lv\/produkt\/toppik-keratina-skiedras-komplekts-2x-27-5g\/#primaryimage\"},\"thumbnailUrl\":\"https:\/\/toppikpolska.pl\/wp-content\/uploads\/2025\/05\/toppik2x27.jpg\",\"datePublished\":\"2025-05-30T13:15:12+00:00\",\"description\":\"Toppik kerat\u012bna \u0161\u0137iedras KOMPLEKTS 2x 27.5g - Kerat\u012bna mikro\u0161\u0137iedras sabiez\u0113 matus | Toppik Polska!\",\"breadcrumb\":{\"@id\":\"https:\/\/toppikpolska.pl\/lv\/produkt\/toppik-keratina-skiedras-komplekts-2x-27-5g\/#breadcrumb\"},\"inLanguage\":\"lv-LV\",\"potentialAction\":[{\"@type\":\"ReadAction\",\"target\":[\"https:\/\/toppikpolska.pl\/lv\/produkt\/toppik-keratina-skiedras-komplekts-2x-27-5g\/\"]}]},{\"@type\":\"ImageObject\",\"inLanguage\":\"lv-LV\",\"@id\":\"https:\/\/toppikpolska.pl\/lv\/produkt\/toppik-keratina-skiedras-komplekts-2x-27-5g\/#primaryimage\",\"url\":\"https:\/\/toppikpolska.pl\/wp-content\/uploads\/2025\/05\/toppik2x27.jpg\",\"contentUrl\":\"https:\/\/toppikpolska.pl\/wp-content\/uploads\/2025\/05\/toppik2x27.jpg\",\"width\":900,\"height\":900,\"caption\":\"Autorties\u012bbas Rokoko Hair Company\"},{\"@type\":\"BreadcrumbList\",\"@id\":\"https:\/\/toppikpolska.pl\/lv\/produkt\/toppik-keratina-skiedras-komplekts-2x-27-5g\/#breadcrumb\",\"itemListElement\":[{\"@type\":\"ListItem\",\"position\":1,\"name\":\"M\u0101jas lap\u0101\",\"item\":\"https:\/\/toppikpolska.pl\/lv\/\"},{\"@type\":\"ListItem\",\"position\":2,\"name\":\"Veikals\",\"item\":\"https:\/\/toppikpolska.pl\/lv\/veikals\/\"},{\"@type\":\"ListItem\",\"position\":3,\"name\":\"Toppik kerat\u012bna \u0161\u0137iedras KOMPLEKTS 2x 27.5g\"}]},{\"@type\":\"WebSite\",\"@id\":\"https:\/\/toppikpolska.pl\/lv\/#website\",\"url\":\"https:\/\/toppikpolska.pl\/lv\/\",\"name\":\"Matu \u0161\u0137iedras, kerat\u012bns, sabiez\u0113\u0161ana \u2014 Toppik Latvija\",\"description\":\"\",\"publisher\":{\"@id\":\"https:\/\/toppikpolska.pl\/lv\/#organization\"},\"potentialAction\":[{\"@type\":\"SearchAction\",\"target\":{\"@type\":\"EntryPoint\",\"urlTemplate\":\"https:\/\/toppikpolska.pl\/lv\/?s={search_term_string}\"},\"query-input\":{\"@type\":\"PropertyValueSpecification\",\"valueRequired\":true,\"valueName\":\"search_term_string\"}}],\"inLanguage\":\"lv-LV\"},{\"@type\":\"Organization\",\"@id\":\"https:\/\/toppikpolska.pl\/lv\/#organization\",\"name\":\"Matu \u0161\u0137iedras, kerat\u012bns, sabiez\u0113\u0161ana \u2014 Toppik Latvija\",\"url\":\"https:\/\/toppikpolska.pl\/lv\/\",\"logo\":{\"@type\":\"ImageObject\",\"inLanguage\":\"lv-LV\",\"@id\":\"https:\/\/toppikpolska.pl\/lv\/#\/schema\/logo\/image\/\",\"url\":\"https:\/\/toppikpolska.pl\/wp-content\/uploads\/2023\/09\/logo.png\",\"contentUrl\":\"https:\/\/toppikpolska.pl\/wp-content\/uploads\/2023\/09\/logo.png\",\"width\":105,\"height\":57,\"caption\":\"Matu \u0161\u0137iedras, kerat\u012bns, sabiez\u0113\u0161ana \u2014 Toppik Latvija\"},\"image\":{\"@id\":\"https:\/\/toppikpolska.pl\/lv\/#\/schema\/logo\/image\/\"}}]}<\/script>\n<!-- \/ Yoast SEO plugin. -->","yoast_head_json":{"title":"Toppik kerat\u012bna \u0161\u0137iedras KOMPLEKTS 2x 27.5g","description":"Toppik kerat\u012bna \u0161\u0137iedras KOMPLEKTS 2x 27.5g - Kerat\u012bna mikro\u0161\u0137iedras sabiez\u0113 matus | Toppik Polska!","robots":{"index":"index","follow":"follow","max-snippet":"max-snippet:-1","max-image-preview":"max-image-preview:large","max-video-preview":"max-video-preview:-1"},"canonical":"https:\/\/toppikpolska.pl\/lv\/produkt\/toppik-keratina-skiedras-komplekts-2x-27-5g\/","og_locale":"lv_LV","og_type":"article","og_title":"Toppik kerat\u012bna \u0161\u0137iedras KOMPLEKTS 2x 27.5g","og_description":"Toppik kerat\u012bna \u0161\u0137iedras KOMPLEKTS 2x 27.5g - Kerat\u012bna mikro\u0161\u0137iedras sabiez\u0113 matus | Toppik Polska!","og_url":"https:\/\/toppikpolska.pl\/lv\/produkt\/toppik-keratina-skiedras-komplekts-2x-27-5g\/","og_site_name":"Matu \u0161\u0137iedras, kerat\u012bns, sabiez\u0113\u0161ana \u2014 Toppik Latvija","og_image":[{"width":900,"height":900,"url":"https:\/\/toppikpolska.pl\/wp-content\/uploads\/2025\/05\/toppik2x27.jpg","type":"image\/jpeg"}],"twitter_card":"summary_large_image","twitter_misc":{"Est. reading time":"2 min\u016btes"},"schema":{"@context":"https:\/\/schema.org","@graph":[{"@type":"WebPage","@id":"https:\/\/toppikpolska.pl\/lv\/produkt\/toppik-keratina-skiedras-komplekts-2x-27-5g\/","url":"https:\/\/toppikpolska.pl\/lv\/produkt\/toppik-keratina-skiedras-komplekts-2x-27-5g\/","name":"Toppik kerat\u012bna \u0161\u0137iedras KOMPLEKTS 2x 27.5g","isPartOf":{"@id":"https:\/\/toppikpolska.pl\/lv\/#website"},"primaryImageOfPage":{"@id":"https:\/\/toppikpolska.pl\/lv\/produkt\/toppik-keratina-skiedras-komplekts-2x-27-5g\/#primaryimage"},"image":{"@id":"https:\/\/toppikpolska.pl\/lv\/produkt\/toppik-keratina-skiedras-komplekts-2x-27-5g\/#primaryimage"},"thumbnailUrl":"https:\/\/toppikpolska.pl\/wp-content\/uploads\/2025\/05\/toppik2x27.jpg","datePublished":"2025-05-30T13:15:12+00:00","description":"Toppik kerat\u012bna \u0161\u0137iedras KOMPLEKTS 2x 27.5g - Kerat\u012bna mikro\u0161\u0137iedras sabiez\u0113 matus | Toppik Polska!","breadcrumb":{"@id":"https:\/\/toppikpolska.pl\/lv\/produkt\/toppik-keratina-skiedras-komplekts-2x-27-5g\/#breadcrumb"},"inLanguage":"lv-LV","potentialAction":[{"@type":"ReadAction","target":["https:\/\/toppikpolska.pl\/lv\/produkt\/toppik-keratina-skiedras-komplekts-2x-27-5g\/"]}]},{"@type":"ImageObject","inLanguage":"lv-LV","@id":"https:\/\/toppikpolska.pl\/lv\/produkt\/toppik-keratina-skiedras-komplekts-2x-27-5g\/#primaryimage","url":"https:\/\/toppikpolska.pl\/wp-content\/uploads\/2025\/05\/toppik2x27.jpg","contentUrl":"https:\/\/toppikpolska.pl\/wp-content\/uploads\/2025\/05\/toppik2x27.jpg","width":900,"height":900,"caption":"Autorties\u012bbas Rokoko Hair Company"},{"@type":"BreadcrumbList","@id":"https:\/\/toppikpolska.pl\/lv\/produkt\/toppik-keratina-skiedras-komplekts-2x-27-5g\/#breadcrumb","itemListElement":[{"@type":"ListItem","position":1,"name":"M\u0101jas lap\u0101","item":"https:\/\/toppikpolska.pl\/lv\/"},{"@type":"ListItem","position":2,"name":"Veikals","item":"https:\/\/toppikpolska.pl\/lv\/veikals\/"},{"@type":"ListItem","position":3,"name":"Toppik kerat\u012bna \u0161\u0137iedras KOMPLEKTS 2x 27.5g"}]},{"@type":"WebSite","@id":"https:\/\/toppikpolska.pl\/lv\/#website","url":"https:\/\/toppikpolska.pl\/lv\/","name":"Matu \u0161\u0137iedras, kerat\u012bns, sabiez\u0113\u0161ana \u2014 Toppik Latvija","description":"","publisher":{"@id":"https:\/\/toppikpolska.pl\/lv\/#organization"},"potentialAction":[{"@type":"SearchAction","target":{"@type":"EntryPoint","urlTemplate":"https:\/\/toppikpolska.pl\/lv\/?s={search_term_string}"},"query-input":{"@type":"PropertyValueSpecification","valueRequired":true,"valueName":"search_term_string"}}],"inLanguage":"lv-LV"},{"@type":"Organization","@id":"https:\/\/toppikpolska.pl\/lv\/#organization","name":"Matu \u0161\u0137iedras, kerat\u012bns, sabiez\u0113\u0161ana \u2014 Toppik Latvija","url":"https:\/\/toppikpolska.pl\/lv\/","logo":{"@type":"ImageObject","inLanguage":"lv-LV","@id":"https:\/\/toppikpolska.pl\/lv\/#\/schema\/logo\/image\/","url":"https:\/\/toppikpolska.pl\/wp-content\/uploads\/2023\/09\/logo.png","contentUrl":"https:\/\/toppikpolska.pl\/wp-content\/uploads\/2023\/09\/logo.png","width":105,"height":57,"caption":"Matu \u0161\u0137iedras, kerat\u012bns, sabiez\u0113\u0161ana \u2014 Toppik Latvija"},"image":{"@id":"https:\/\/toppikpolska.pl\/lv\/#\/schema\/logo\/image\/"}}]}},"_links":{"self":[{"href":"https:\/\/toppikpolska.pl\/lv\/wp-json\/wp\/v2\/product\/10232","targetHints":{"allow":["GET"]}}],"collection":[{"href":"https:\/\/toppikpolska.pl\/lv\/wp-json\/wp\/v2\/product"}],"about":[{"href":"https:\/\/toppikpolska.pl\/lv\/wp-json\/wp\/v2\/types\/product"}],"replies":[{"embeddable":true,"href":"https:\/\/toppikpolska.pl\/lv\/wp-json\/wp\/v2\/comments?post=10232"}],"wp:featuredmedia":[{"embeddable":true,"href":"https:\/\/toppikpolska.pl\/lv\/wp-json\/wp\/v2\/media\/8139"}],"wp:attachment":[{"href":"https:\/\/toppikpolska.pl\/lv\/wp-json\/wp\/v2\/media?parent=10232"}],"wp:term":[{"taxonomy":"product_brand","embeddable":true,"href":"https:\/\/toppikpolska.pl\/lv\/wp-json\/wp\/v2\/product_brand?post=10232"},{"taxonomy":"product_cat","embeddable":true,"href":"https:\/\/toppikpolska.pl\/lv\/wp-json\/wp\/v2\/product_cat?post=10232"},{"taxonomy":"product_tag","embeddable":true,"href":"https:\/\/toppikpolska.pl\/lv\/wp-json\/wp\/v2\/product_tag?post=10232"}],"curies":[{"name":"wp","href":"https:\/\/api.w.org\/{rel}","templated":true}]}}