{"id":9566,"date":"2025-05-30T16:08:02","date_gmt":"2025-05-30T14:08:02","guid":{"rendered":"https:\/\/toppikpolska.pl\/produkt\/mikroskiedras-matu-biezinatajs-12g-matu-linijas-optimizetajs\/"},"modified":"2025-10-10T08:38:35","modified_gmt":"2025-10-10T06:38:35","slug":"mikroskiedras-matu-biezinatajs-12g-matu-linijas-optimizetajs","status":"publish","type":"product","link":"https:\/\/toppikpolska.pl\/lv\/produkt\/mikroskiedras-matu-biezinatajs-12g-matu-linijas-optimizetajs\/","title":{"rendered":"Mikro\u0161\u0137iedras matu biezin\u0101t\u0101js 12g + matu l\u012bnijas optimiz\u0113t\u0101js"},"content":{"rendered":"<p><strong>KAS V\u0112L JUMS B\u016aTU J\u0100ZINA?<\/strong><br \/>\nToppik \u0161\u0137iedras ir iztur\u012bgas pret lietu, v\u0113ju un sviedriem, t\u0101p\u0113c t\u0101s nodro\u0161in\u0101s lietot\u0101jam ilgsto\u0161u v\u0113lamo efektu neatkar\u012bgi no laika apst\u0101k\u013ciem. Tie ir pieejami pat devi\u0146os to\u0146os, t\u0101p\u0113c tos var pieska\u0146ot gandr\u012bz jebkuras kr\u0101sas matiem. Produkts labi darbojas ar\u012b lok\u0101lu restaur\u0101ciju gad\u012bjum\u0101, mask\u0113jot restaur\u0101cijas sist\u0113mu stiprin\u0101jumus un aizpildot matu defektus starp kr\u0101so\u0161anas sesij\u0101m. Produkts ir viegli nomazg\u0101jams ar \u016bdeni un \u0161amp\u016bnu.   <\/p>\n<p><strong>K\u0100DS IR PRODUKTA APRAKSTS?<\/strong><br \/>\nToppik optimiz\u0113jo\u0161\u0101 \u0137emme ir produkts, kas atvieglo dabisk\u0101s matu l\u012bnijas uztur\u0113\u0161anu, uzkl\u0101jot Toppik \u0161\u0137iedras.<\/p>\n<p>PRODUKTA<br \/>\n <strong>LIETO\u0160ANAS PRIEK\u0160ROC\u012aBAS<\/strong>\u2022 Izvair\u0101s no nedabiska izskata p\u0113c sariem<br \/>\n\u2022 Padara matus dabiskus un biezus<br \/>\n\u2022 Nov\u0113r\u0161 saru nokri\u0161anu uz pieres<\/p>\n<p><strong>KAS V\u0112L JUMS B\u016aTU J\u0100ZINA?<\/strong><br \/>\nJa v\u0113laties sasniegt v\u0113l apmierino\u0161\u0101kus rezult\u0101tus, ieteicams izmantot \u012bpa\u0161u Toppik aplikatoru.<\/p>\n<h3>Prec\u012bza mikro\u0161\u0137iedru uzkl\u0101\u0161ana ar Toppik 12g \u0137emmi<\/h3>\n<p>Toppik 12g \u0137emme ir neaizst\u0101jams l\u012bdzeklis matu sabiez\u0113\u0161anas proces\u0101, kas \u012bpa\u0161i paredz\u0113ts mikro\u0161\u0137iedru uzkl\u0101\u0161anai. Pateicoties ergonomiskajai formai un prec\u012bzajiem zobiem, \u0137emme \u013cauj \u0161\u0137iedr\u0101m vienm\u0113r\u012bgi sadal\u012bties matos, kas garant\u0113 dabisku un bl\u012bvu izskatu. \u0160is aplikators ir ide\u0101li piem\u0113rots tiem, kuriem ir pl\u0101ni mati, un tas \u013cauj viegli sabiez\u0113t matus, samazinot produktu atkritumus un nodro\u0161inot ilgsto\u0161u efektu visas dienas garum\u0101. Toppik 12g \u0137emme ir viegla un viegli lietojama, kas padara ikdienas kop\u0161anu \u0101tru un efekt\u012bvu. Tas padara matu sabiez\u0113\u0161anu viegl\u0101ku nek\u0101 jebkad agr\u0101k, \u013caujot izbaud\u012bt piln\u012bg\u0101ku friz\u016bru, neapmekl\u0113jot speci\u0101listu.    <\/p>\n<h3>Daudzpus\u012bga \u0137emme bieziem un veseliem matiem<\/h3>\n<p>Toppik 12g \u0137emme ir ne tikai \u0161\u0137iedru aplikators, bet ar\u012b daudzpus\u012bgs l\u012bdzeklis biezu matu ikdienas kop\u0161anai. Pateicoties speci\u0101li izstr\u0101d\u0101tiem zobiem, \u0137emme lieliski \u0137emm\u0113 pl\u0101nus matus, nov\u0113r\u0161ot boj\u0101jumus un trauslumu. Ide\u0101li piem\u0113rots lieto\u0161anai gan sausiem, gan mitriem matiem, \u0137emme atbalsta matu sabiez\u0113\u0161anas procesu, palielinot to apjomu un piln\u012bbu. Turkl\u0101t Toppik 12g \u0137emme darbojas kop\u0101 ar citiem m\u016bsu sortimenta produktiem, piem\u0113ram, \u0161amp\u016bniem un stiprino\u0161iem kondicionieriem, lai izveidotu visaptvero\u0161u matu sabiez\u0113\u0161anas sist\u0113mu. Pateicoties tam, lietot\u0101ji katru dienu var baud\u012bt ne tikai biezus, bet ar\u012b vesel\u012bgus un sp\u012bd\u012bgus matus. Toppik 12g \u0137emme ir ide\u0101ls risin\u0101jums tiem, kas mekl\u0113 efekt\u012bvas metodes matu sabiez\u0113\u0161anai bez kompromisiem.     <\/p>\n","protected":false},"excerpt":{"rendered":"<p>Ietaupiet pat 8 PLN, ieg\u0101d\u0101joties Toppik matu \u0161\u0137iedru 12 g komplektu un Toppik optimiz\u0113jo\u0161o \u0137emmi!<\/p>\n<p><strong>K\u0100DS IR PRODUKTA APRAKSTS?<\/strong><br \/>\nToppik papild\u0161\u0137iedras tiek izgatavotas uz kr\u0101sotu kerat\u012bna \u0161\u0137iedru b\u0101zes, kas lieliski iek\u013c\u016bst matos un uzreiz sabiez\u0113 un sabiez\u0113 tos vizu\u0101li.<\/p>\n<p>PRODUKTA<br \/>\n <strong>LIETO\u0160ANAS PRIEK\u0160ROC\u012aBAS<\/strong>\u2022 Uzreiz aizpilda retin\u0101to matu<br \/>\n vietas\u2022 Sedz matu<br \/>\n izkri\u0161anu\u2022 Rada biezu un biezu matu<br \/>\n efektu\u2022 Lieliski papildina friz\u016bru starp kr\u0101so\u0161anas sesij\u0101m<\/p>\n","protected":false},"featured_media":6070,"comment_status":"closed","ping_status":"closed","template":"","meta":[],"product_brand":[],"product_cat":[15],"product_tag":[],"class_list":{"0":"post-9566","1":"product","2":"type-product","3":"status-publish","4":"has-post-thumbnail","6":"product_cat-produkty","8":"first","9":"instock","10":"shipping-taxable","11":"purchasable","12":"product-type-variable"},"yoast_head":"<!-- This site is optimized with the Yoast SEO plugin v26.6 - https:\/\/yoast.com\/wordpress\/plugins\/seo\/ -->\n<title>Mikro\u0161\u0137iedras matu biezin\u0101t\u0101js 12g + matu l\u012bnijas optimiz\u0113t\u0101js<\/title>\n<meta name=\"description\" content=\"Mikro\u0161\u0137iedras matu biezin\u0101t\u0101js 12g + matu l\u012bnijas optimiz\u0113t\u0101js - Kerat\u012bna mikro\u0161\u0137iedras sabiez\u0113 matus | Toppik Polska!\" \/>\n<meta name=\"robots\" content=\"index, follow, max-snippet:-1, max-image-preview:large, max-video-preview:-1\" \/>\n<link rel=\"canonical\" href=\"https:\/\/toppikpolska.pl\/lv\/produkt\/mikroskiedras-matu-biezinatajs-12g-matu-linijas-optimizetajs\/\" \/>\n<meta property=\"og:locale\" content=\"lv_LV\" \/>\n<meta property=\"og:type\" content=\"article\" \/>\n<meta property=\"og:title\" content=\"Mikro\u0161\u0137iedras matu biezin\u0101t\u0101js 12g + matu l\u012bnijas optimiz\u0113t\u0101js\" \/>\n<meta property=\"og:description\" content=\"Mikro\u0161\u0137iedras matu biezin\u0101t\u0101js 12g + matu l\u012bnijas optimiz\u0113t\u0101js - Kerat\u012bna mikro\u0161\u0137iedras sabiez\u0113 matus | Toppik Polska!\" \/>\n<meta property=\"og:url\" content=\"https:\/\/toppikpolska.pl\/lv\/produkt\/mikroskiedras-matu-biezinatajs-12g-matu-linijas-optimizetajs\/\" \/>\n<meta property=\"og:site_name\" content=\"Matu \u0161\u0137iedras, kerat\u012bns, sabiez\u0113\u0161ana \u2014 Toppik Latvija\" \/>\n<meta property=\"article:modified_time\" content=\"2025-10-10T06:38:35+00:00\" \/>\n<meta property=\"og:image\" content=\"https:\/\/toppikpolska.pl\/wp-content\/uploads\/2025\/03\/toppik12_optimizer.jpg\" \/>\n\t<meta property=\"og:image:width\" content=\"900\" \/>\n\t<meta property=\"og:image:height\" content=\"900\" \/>\n\t<meta property=\"og:image:type\" content=\"image\/jpeg\" \/>\n<meta name=\"twitter:card\" content=\"summary_large_image\" \/>\n<meta name=\"twitter:label1\" content=\"Est. reading time\" \/>\n\t<meta name=\"twitter:data1\" content=\"2 min\u016btes\" \/>\n<script type=\"application\/ld+json\" class=\"yoast-schema-graph\">{\"@context\":\"https:\/\/schema.org\",\"@graph\":[{\"@type\":\"WebPage\",\"@id\":\"https:\/\/toppikpolska.pl\/lv\/produkt\/mikroskiedras-matu-biezinatajs-12g-matu-linijas-optimizetajs\/\",\"url\":\"https:\/\/toppikpolska.pl\/lv\/produkt\/mikroskiedras-matu-biezinatajs-12g-matu-linijas-optimizetajs\/\",\"name\":\"Mikro\u0161\u0137iedras matu biezin\u0101t\u0101js 12g + matu l\u012bnijas optimiz\u0113t\u0101js\",\"isPartOf\":{\"@id\":\"https:\/\/toppikpolska.pl\/lv\/#website\"},\"primaryImageOfPage\":{\"@id\":\"https:\/\/toppikpolska.pl\/lv\/produkt\/mikroskiedras-matu-biezinatajs-12g-matu-linijas-optimizetajs\/#primaryimage\"},\"image\":{\"@id\":\"https:\/\/toppikpolska.pl\/lv\/produkt\/mikroskiedras-matu-biezinatajs-12g-matu-linijas-optimizetajs\/#primaryimage\"},\"thumbnailUrl\":\"https:\/\/toppikpolska.pl\/wp-content\/uploads\/2025\/03\/toppik12_optimizer.jpg\",\"datePublished\":\"2025-05-30T14:08:02+00:00\",\"dateModified\":\"2025-10-10T06:38:35+00:00\",\"description\":\"Mikro\u0161\u0137iedras matu biezin\u0101t\u0101js 12g + matu l\u012bnijas optimiz\u0113t\u0101js - Kerat\u012bna mikro\u0161\u0137iedras sabiez\u0113 matus | Toppik Polska!\",\"breadcrumb\":{\"@id\":\"https:\/\/toppikpolska.pl\/lv\/produkt\/mikroskiedras-matu-biezinatajs-12g-matu-linijas-optimizetajs\/#breadcrumb\"},\"inLanguage\":\"lv-LV\",\"potentialAction\":[{\"@type\":\"ReadAction\",\"target\":[\"https:\/\/toppikpolska.pl\/lv\/produkt\/mikroskiedras-matu-biezinatajs-12g-matu-linijas-optimizetajs\/\"]}]},{\"@type\":\"ImageObject\",\"inLanguage\":\"lv-LV\",\"@id\":\"https:\/\/toppikpolska.pl\/lv\/produkt\/mikroskiedras-matu-biezinatajs-12g-matu-linijas-optimizetajs\/#primaryimage\",\"url\":\"https:\/\/toppikpolska.pl\/wp-content\/uploads\/2025\/03\/toppik12_optimizer.jpg\",\"contentUrl\":\"https:\/\/toppikpolska.pl\/wp-content\/uploads\/2025\/03\/toppik12_optimizer.jpg\",\"width\":900,\"height\":900,\"caption\":\"Zestaw Toppik 12g + optimizer\"},{\"@type\":\"BreadcrumbList\",\"@id\":\"https:\/\/toppikpolska.pl\/lv\/produkt\/mikroskiedras-matu-biezinatajs-12g-matu-linijas-optimizetajs\/#breadcrumb\",\"itemListElement\":[{\"@type\":\"ListItem\",\"position\":1,\"name\":\"M\u0101jas lap\u0101\",\"item\":\"https:\/\/toppikpolska.pl\/lv\/\"},{\"@type\":\"ListItem\",\"position\":2,\"name\":\"Veikals\",\"item\":\"https:\/\/toppikpolska.pl\/lv\/veikals\/\"},{\"@type\":\"ListItem\",\"position\":3,\"name\":\"Mikro\u0161\u0137iedras matu biezin\u0101t\u0101js 12g + matu l\u012bnijas optimiz\u0113t\u0101js\"}]},{\"@type\":\"WebSite\",\"@id\":\"https:\/\/toppikpolska.pl\/lv\/#website\",\"url\":\"https:\/\/toppikpolska.pl\/lv\/\",\"name\":\"Matu \u0161\u0137iedras, kerat\u012bns, sabiez\u0113\u0161ana \u2014 Toppik Latvija\",\"description\":\"\",\"publisher\":{\"@id\":\"https:\/\/toppikpolska.pl\/lv\/#organization\"},\"potentialAction\":[{\"@type\":\"SearchAction\",\"target\":{\"@type\":\"EntryPoint\",\"urlTemplate\":\"https:\/\/toppikpolska.pl\/lv\/?s={search_term_string}\"},\"query-input\":{\"@type\":\"PropertyValueSpecification\",\"valueRequired\":true,\"valueName\":\"search_term_string\"}}],\"inLanguage\":\"lv-LV\"},{\"@type\":\"Organization\",\"@id\":\"https:\/\/toppikpolska.pl\/lv\/#organization\",\"name\":\"Matu \u0161\u0137iedras, kerat\u012bns, sabiez\u0113\u0161ana \u2014 Toppik Latvija\",\"url\":\"https:\/\/toppikpolska.pl\/lv\/\",\"logo\":{\"@type\":\"ImageObject\",\"inLanguage\":\"lv-LV\",\"@id\":\"https:\/\/toppikpolska.pl\/lv\/#\/schema\/logo\/image\/\",\"url\":\"https:\/\/toppikpolska.pl\/wp-content\/uploads\/2023\/09\/logo.png\",\"contentUrl\":\"https:\/\/toppikpolska.pl\/wp-content\/uploads\/2023\/09\/logo.png\",\"width\":105,\"height\":57,\"caption\":\"Matu \u0161\u0137iedras, kerat\u012bns, sabiez\u0113\u0161ana \u2014 Toppik Latvija\"},\"image\":{\"@id\":\"https:\/\/toppikpolska.pl\/lv\/#\/schema\/logo\/image\/\"}}]}<\/script>\n<!-- \/ Yoast SEO plugin. -->","yoast_head_json":{"title":"Mikro\u0161\u0137iedras matu biezin\u0101t\u0101js 12g + matu l\u012bnijas optimiz\u0113t\u0101js","description":"Mikro\u0161\u0137iedras matu biezin\u0101t\u0101js 12g + matu l\u012bnijas optimiz\u0113t\u0101js - Kerat\u012bna mikro\u0161\u0137iedras sabiez\u0113 matus | Toppik Polska!","robots":{"index":"index","follow":"follow","max-snippet":"max-snippet:-1","max-image-preview":"max-image-preview:large","max-video-preview":"max-video-preview:-1"},"canonical":"https:\/\/toppikpolska.pl\/lv\/produkt\/mikroskiedras-matu-biezinatajs-12g-matu-linijas-optimizetajs\/","og_locale":"lv_LV","og_type":"article","og_title":"Mikro\u0161\u0137iedras matu biezin\u0101t\u0101js 12g + matu l\u012bnijas optimiz\u0113t\u0101js","og_description":"Mikro\u0161\u0137iedras matu biezin\u0101t\u0101js 12g + matu l\u012bnijas optimiz\u0113t\u0101js - Kerat\u012bna mikro\u0161\u0137iedras sabiez\u0113 matus | Toppik Polska!","og_url":"https:\/\/toppikpolska.pl\/lv\/produkt\/mikroskiedras-matu-biezinatajs-12g-matu-linijas-optimizetajs\/","og_site_name":"Matu \u0161\u0137iedras, kerat\u012bns, sabiez\u0113\u0161ana \u2014 Toppik Latvija","article_modified_time":"2025-10-10T06:38:35+00:00","og_image":[{"width":900,"height":900,"url":"https:\/\/toppikpolska.pl\/wp-content\/uploads\/2025\/03\/toppik12_optimizer.jpg","type":"image\/jpeg"}],"twitter_card":"summary_large_image","twitter_misc":{"Est. reading time":"2 min\u016btes"},"schema":{"@context":"https:\/\/schema.org","@graph":[{"@type":"WebPage","@id":"https:\/\/toppikpolska.pl\/lv\/produkt\/mikroskiedras-matu-biezinatajs-12g-matu-linijas-optimizetajs\/","url":"https:\/\/toppikpolska.pl\/lv\/produkt\/mikroskiedras-matu-biezinatajs-12g-matu-linijas-optimizetajs\/","name":"Mikro\u0161\u0137iedras matu biezin\u0101t\u0101js 12g + matu l\u012bnijas optimiz\u0113t\u0101js","isPartOf":{"@id":"https:\/\/toppikpolska.pl\/lv\/#website"},"primaryImageOfPage":{"@id":"https:\/\/toppikpolska.pl\/lv\/produkt\/mikroskiedras-matu-biezinatajs-12g-matu-linijas-optimizetajs\/#primaryimage"},"image":{"@id":"https:\/\/toppikpolska.pl\/lv\/produkt\/mikroskiedras-matu-biezinatajs-12g-matu-linijas-optimizetajs\/#primaryimage"},"thumbnailUrl":"https:\/\/toppikpolska.pl\/wp-content\/uploads\/2025\/03\/toppik12_optimizer.jpg","datePublished":"2025-05-30T14:08:02+00:00","dateModified":"2025-10-10T06:38:35+00:00","description":"Mikro\u0161\u0137iedras matu biezin\u0101t\u0101js 12g + matu l\u012bnijas optimiz\u0113t\u0101js - Kerat\u012bna mikro\u0161\u0137iedras sabiez\u0113 matus | Toppik Polska!","breadcrumb":{"@id":"https:\/\/toppikpolska.pl\/lv\/produkt\/mikroskiedras-matu-biezinatajs-12g-matu-linijas-optimizetajs\/#breadcrumb"},"inLanguage":"lv-LV","potentialAction":[{"@type":"ReadAction","target":["https:\/\/toppikpolska.pl\/lv\/produkt\/mikroskiedras-matu-biezinatajs-12g-matu-linijas-optimizetajs\/"]}]},{"@type":"ImageObject","inLanguage":"lv-LV","@id":"https:\/\/toppikpolska.pl\/lv\/produkt\/mikroskiedras-matu-biezinatajs-12g-matu-linijas-optimizetajs\/#primaryimage","url":"https:\/\/toppikpolska.pl\/wp-content\/uploads\/2025\/03\/toppik12_optimizer.jpg","contentUrl":"https:\/\/toppikpolska.pl\/wp-content\/uploads\/2025\/03\/toppik12_optimizer.jpg","width":900,"height":900,"caption":"Zestaw Toppik 12g + optimizer"},{"@type":"BreadcrumbList","@id":"https:\/\/toppikpolska.pl\/lv\/produkt\/mikroskiedras-matu-biezinatajs-12g-matu-linijas-optimizetajs\/#breadcrumb","itemListElement":[{"@type":"ListItem","position":1,"name":"M\u0101jas lap\u0101","item":"https:\/\/toppikpolska.pl\/lv\/"},{"@type":"ListItem","position":2,"name":"Veikals","item":"https:\/\/toppikpolska.pl\/lv\/veikals\/"},{"@type":"ListItem","position":3,"name":"Mikro\u0161\u0137iedras matu biezin\u0101t\u0101js 12g + matu l\u012bnijas optimiz\u0113t\u0101js"}]},{"@type":"WebSite","@id":"https:\/\/toppikpolska.pl\/lv\/#website","url":"https:\/\/toppikpolska.pl\/lv\/","name":"Matu \u0161\u0137iedras, kerat\u012bns, sabiez\u0113\u0161ana \u2014 Toppik Latvija","description":"","publisher":{"@id":"https:\/\/toppikpolska.pl\/lv\/#organization"},"potentialAction":[{"@type":"SearchAction","target":{"@type":"EntryPoint","urlTemplate":"https:\/\/toppikpolska.pl\/lv\/?s={search_term_string}"},"query-input":{"@type":"PropertyValueSpecification","valueRequired":true,"valueName":"search_term_string"}}],"inLanguage":"lv-LV"},{"@type":"Organization","@id":"https:\/\/toppikpolska.pl\/lv\/#organization","name":"Matu \u0161\u0137iedras, kerat\u012bns, sabiez\u0113\u0161ana \u2014 Toppik Latvija","url":"https:\/\/toppikpolska.pl\/lv\/","logo":{"@type":"ImageObject","inLanguage":"lv-LV","@id":"https:\/\/toppikpolska.pl\/lv\/#\/schema\/logo\/image\/","url":"https:\/\/toppikpolska.pl\/wp-content\/uploads\/2023\/09\/logo.png","contentUrl":"https:\/\/toppikpolska.pl\/wp-content\/uploads\/2023\/09\/logo.png","width":105,"height":57,"caption":"Matu \u0161\u0137iedras, kerat\u012bns, sabiez\u0113\u0161ana \u2014 Toppik Latvija"},"image":{"@id":"https:\/\/toppikpolska.pl\/lv\/#\/schema\/logo\/image\/"}}]}},"_links":{"self":[{"href":"https:\/\/toppikpolska.pl\/lv\/wp-json\/wp\/v2\/product\/9566","targetHints":{"allow":["GET"]}}],"collection":[{"href":"https:\/\/toppikpolska.pl\/lv\/wp-json\/wp\/v2\/product"}],"about":[{"href":"https:\/\/toppikpolska.pl\/lv\/wp-json\/wp\/v2\/types\/product"}],"replies":[{"embeddable":true,"href":"https:\/\/toppikpolska.pl\/lv\/wp-json\/wp\/v2\/comments?post=9566"}],"wp:featuredmedia":[{"embeddable":true,"href":"https:\/\/toppikpolska.pl\/lv\/wp-json\/wp\/v2\/media\/6070"}],"wp:attachment":[{"href":"https:\/\/toppikpolska.pl\/lv\/wp-json\/wp\/v2\/media?parent=9566"}],"wp:term":[{"taxonomy":"product_brand","embeddable":true,"href":"https:\/\/toppikpolska.pl\/lv\/wp-json\/wp\/v2\/product_brand?post=9566"},{"taxonomy":"product_cat","embeddable":true,"href":"https:\/\/toppikpolska.pl\/lv\/wp-json\/wp\/v2\/product_cat?post=9566"},{"taxonomy":"product_tag","embeddable":true,"href":"https:\/\/toppikpolska.pl\/lv\/wp-json\/wp\/v2\/product_tag?post=9566"}],"curies":[{"name":"wp","href":"https:\/\/api.w.org\/{rel}","templated":true}]}}