{"id":9885,"date":"2025-05-30T15:51:00","date_gmt":"2025-05-30T13:51:00","guid":{"rendered":"https:\/\/toppikpolska.pl\/produkt\/mikroskiedras-matu-sabiezesanai-27-5g-aplikators\/"},"modified":"2025-05-30T15:51:00","modified_gmt":"2025-05-30T13:51:00","slug":"mikroskiedras-matu-sabiezesanai-27-5g-aplikators","status":"publish","type":"product","link":"https:\/\/toppikpolska.pl\/lv\/produkt\/mikroskiedras-matu-sabiezesanai-27-5g-aplikators\/","title":{"rendered":"Mikro\u0161\u0137iedras matu sabiez\u0113\u0161anai 27.5g + aplikators"},"content":{"rendered":"<p><strong>KAS V\u0112L JUMS B\u016aTU J\u0100ZINA?<\/strong><\/p>\n<p>Ja v\u0113laties sasniegt v\u0113l apmierino\u0161\u0101kus rezult\u0101tus, ieteicams izmantot \u012bpa\u0161u Toppik aplikatoru.<br \/>\nToppik \u0161\u0137iedras ir iztur\u012bgas pret lietu, v\u0113ju un sviedriem, t\u0101p\u0113c t\u0101s nodro\u0161in\u0101s lietot\u0101jam ilgsto\u0161u v\u0113lamo efektu neatkar\u012bgi no laika apst\u0101k\u013ciem. Tie ir pieejami pat devi\u0146os to\u0146os, t\u0101p\u0113c tos var pieska\u0146ot gandr\u012bz jebkuras kr\u0101sas matiem. Produkts labi darbojas ar\u012b lok\u0101lu restaur\u0101ciju gad\u012bjum\u0101, mask\u0113jot restaur\u0101cijas sist\u0113mu stiprin\u0101jumus un aizpildot matu defektus starp kr\u0101so\u0161anas sesij\u0101m. Produkts ir viegli nomazg\u0101jams ar \u016bdeni un \u0161amp\u016bnu.   <\/p>\n<h3>Efekt\u012bva matu sabiez\u0113\u0161ana ar 275g \u0161\u0137iedr\u0101m un profesion\u0101lu \u0137emmi<\/h3>\n<p>275 g matu \u0161\u0137iedru komplekts ar matu sabiez\u0113\u0161anas \u0137emmi ir ide\u0101ls risin\u0101jums cilv\u0113kiem ar pl\u0101niem un pl\u0101niem matiem, kuri v\u0113las dabiski sabiez\u0113t friz\u016bru. Mikro\u0161\u0137iedras matiem lieliski piel\u012bp eso\u0161ajiem matiem, radot biezu matu efektu bez redzam\u0101m z\u012bm\u0113m. Pateicoties lielajam \u0161\u0137iedru daudzumam, komplekts nodro\u0161ina ilgsto\u0161u un vienm\u0113r\u012bgu matu sabiez\u0113\u0161anu, kas \u013cauj baud\u012bt piln\u012bg\u0101ku un sul\u012bg\u0101ku friz\u016bru visas dienas garum\u0101. Matu sabiez\u0113\u0161anas \u0137emme ir paredz\u0113ta prec\u012bzai \u0161\u0137iedrvielu uzkl\u0101\u0161anai, \u013caujot produktam viegli un \u0101tri izklied\u0113ties uz galvas \u0101das. \u0160is profesion\u0101lais komplekts ir ide\u0101li piem\u0113rots gan ies\u0101c\u0113jiem, gan tiem, kuriem ir pieredze matu sabiez\u0113\u0161an\u0101, nodro\u0161inot dabisku un est\u0113tisku izskatu.    <\/p>\n<h3>Profesion\u0101ls matu sabiez\u0113\u0161anas komplekts dab\u012bgiem un ilgsto\u0161iem rezult\u0101tiem<\/h3>\n<p>275 g matu sabiez\u0113\u0161anas \u0137emme ir daudzpus\u012bgs l\u012bdzeklis, kas atbalsta efekt\u012bvu matu sabiez\u0113\u0161anu katr\u0101 kop\u0161anas posm\u0101. Mikro\u0161\u0137iedras matiem ir viegli lietojamas un pieejamas da\u017e\u0101dos to\u0146os, \u013caujot perfekti pieska\u0146oties dabiskajai matu kr\u0101sai, palielinot matu sabiez\u0113\u0161anas efektivit\u0101ti. Matu \u0137emme ir izgatavota no augstas kvalit\u0101tes materi\u0101liem, nodro\u0161inot iztur\u012bbu un lieto\u0161anas komfortu. Pateicoties ergonomiskajam dizainam, \u0137emme \u013cauj prec\u012bzi un vienm\u0113r\u012bgi sadal\u012bt mikro\u0161\u0137iedras, samazinot produktu atkritumus un nodro\u0161inot dabisku biezu matu efektu. \u0160is pilnv\u0113rt\u012bgais matu sabiez\u0113\u0161anas komplekts ir b\u016btiska ikdienas kop\u0161anas sast\u0101vda\u013ca tiem, kas tiecas p\u0113c piln\u012bg\u0101kiem un vesel\u012bg\u0101kiem matiem, izce\u013cot to dabisko skaistumu un vairojot p\u0101rliec\u012bbu.    <\/p>\n","protected":false},"excerpt":{"rendered":"<p>Ietaupiet pat 11 PLN, ieg\u0101d\u0101joties Toppik matu \u0161\u0137iedru 27,5 g komplektu un Toppik optimiz\u0113jo\u0161o \u0137emmi!<\/p>\n<p><strong>K\u0100DS IR PRODUKTA APRAKSTS?<\/strong><br \/>\nToppik papild\u0161\u0137iedras tiek izgatavotas uz kr\u0101sotu kerat\u012bna \u0161\u0137iedru b\u0101zes, kas lieliski iek\u013c\u016bst matos un uzreiz sabiez\u0113 un sabiez\u0113 tos vizu\u0101li.<br \/>\nToppik optimiz\u0113jo\u0161\u0101 \u0137emme ir produkts, kas atvieglo dabisk\u0101s matu l\u012bnijas uztur\u0113\u0161anu, uzkl\u0101jot Toppik \u0161\u0137iedras.<\/p>\n<p>PRODUKTA<br \/>\n <strong>LIETO\u0160ANAS PRIEK\u0160ROC\u012aBAS<\/strong>\u2022 Uzreiz aizpilda retin\u0101to matu<br \/>\n vietas\u2022 Sedz matu<br \/>\n izkri\u0161anu\u2022 Rada biezu un biezu matu<br \/>\n efektu\u2022 Lieliski papildina friz\u016bru starp kr\u0101so\u0161anas<br \/>\n sesij\u0101m\u2022 Izvair\u0101s no friz\u016bras nedabisk\u0101 izskata p\u0113c saru<br \/>\n uzkl\u0101\u0161anas\u2022 Padara matus dabiskus un biezus<br \/>\n\u2022 Nov\u0113r\u0161 saru nokri\u0161anu uz pieres<\/p>\n<p>&nbsp;<\/p>\n","protected":false},"featured_media":6071,"comment_status":"closed","ping_status":"closed","template":"","meta":[],"product_brand":[],"product_cat":[47],"product_tag":[],"class_list":{"0":"post-9885","1":"product","2":"type-product","3":"status-publish","4":"has-post-thumbnail","6":"product_cat-produktiem","8":"first","9":"instock","10":"shipping-taxable","11":"purchasable","12":"product-type-variable"},"yoast_head":"<!-- This site is optimized with the Yoast SEO plugin v26.6 - https:\/\/yoast.com\/wordpress\/plugins\/seo\/ -->\n<title>Mikro\u0161\u0137iedras matu sabiez\u0113\u0161anai 27.5g + aplikators<\/title>\n<meta name=\"description\" content=\"Mikro\u0161\u0137iedras matu sabiez\u0113\u0161anai 27.5g + aplikators - Kerat\u012bna mikro\u0161\u0137iedras sabiez\u0113 matus | Toppik Polska!\" \/>\n<meta name=\"robots\" content=\"index, follow, max-snippet:-1, max-image-preview:large, max-video-preview:-1\" \/>\n<link rel=\"canonical\" href=\"https:\/\/toppikpolska.pl\/lv\/produkt\/mikroskiedras-matu-sabiezesanai-27-5g-aplikators\/\" \/>\n<meta property=\"og:locale\" content=\"lv_LV\" \/>\n<meta property=\"og:type\" content=\"article\" \/>\n<meta property=\"og:title\" content=\"Mikro\u0161\u0137iedras matu sabiez\u0113\u0161anai 27.5g + aplikators\" \/>\n<meta property=\"og:description\" content=\"Mikro\u0161\u0137iedras matu sabiez\u0113\u0161anai 27.5g + aplikators - Kerat\u012bna mikro\u0161\u0137iedras sabiez\u0113 matus | Toppik Polska!\" \/>\n<meta property=\"og:url\" content=\"https:\/\/toppikpolska.pl\/lv\/produkt\/mikroskiedras-matu-sabiezesanai-27-5g-aplikators\/\" \/>\n<meta property=\"og:site_name\" content=\"Matu \u0161\u0137iedras, kerat\u012bns, sabiez\u0113\u0161ana \u2014 Toppik Latvija\" \/>\n<meta property=\"og:image\" content=\"https:\/\/toppikpolska.pl\/wp-content\/uploads\/2025\/03\/toppik27_aplikator.jpg\" \/>\n\t<meta property=\"og:image:width\" content=\"900\" \/>\n\t<meta property=\"og:image:height\" content=\"900\" \/>\n\t<meta property=\"og:image:type\" content=\"image\/jpeg\" \/>\n<meta name=\"twitter:card\" content=\"summary_large_image\" \/>\n<meta name=\"twitter:label1\" content=\"Est. reading time\" \/>\n\t<meta name=\"twitter:data1\" content=\"2 min\u016btes\" \/>\n<script type=\"application\/ld+json\" class=\"yoast-schema-graph\">{\"@context\":\"https:\/\/schema.org\",\"@graph\":[{\"@type\":\"WebPage\",\"@id\":\"https:\/\/toppikpolska.pl\/lv\/produkt\/mikroskiedras-matu-sabiezesanai-27-5g-aplikators\/\",\"url\":\"https:\/\/toppikpolska.pl\/lv\/produkt\/mikroskiedras-matu-sabiezesanai-27-5g-aplikators\/\",\"name\":\"Mikro\u0161\u0137iedras matu sabiez\u0113\u0161anai 27.5g + aplikators\",\"isPartOf\":{\"@id\":\"https:\/\/toppikpolska.pl\/lv\/#website\"},\"primaryImageOfPage\":{\"@id\":\"https:\/\/toppikpolska.pl\/lv\/produkt\/mikroskiedras-matu-sabiezesanai-27-5g-aplikators\/#primaryimage\"},\"image\":{\"@id\":\"https:\/\/toppikpolska.pl\/lv\/produkt\/mikroskiedras-matu-sabiezesanai-27-5g-aplikators\/#primaryimage\"},\"thumbnailUrl\":\"https:\/\/toppikpolska.pl\/wp-content\/uploads\/2025\/03\/toppik27_aplikator.jpg\",\"datePublished\":\"2025-05-30T13:51:00+00:00\",\"description\":\"Mikro\u0161\u0137iedras matu sabiez\u0113\u0161anai 27.5g + aplikators - Kerat\u012bna mikro\u0161\u0137iedras sabiez\u0113 matus | Toppik Polska!\",\"breadcrumb\":{\"@id\":\"https:\/\/toppikpolska.pl\/lv\/produkt\/mikroskiedras-matu-sabiezesanai-27-5g-aplikators\/#breadcrumb\"},\"inLanguage\":\"lv-LV\",\"potentialAction\":[{\"@type\":\"ReadAction\",\"target\":[\"https:\/\/toppikpolska.pl\/lv\/produkt\/mikroskiedras-matu-sabiezesanai-27-5g-aplikators\/\"]}]},{\"@type\":\"ImageObject\",\"inLanguage\":\"lv-LV\",\"@id\":\"https:\/\/toppikpolska.pl\/lv\/produkt\/mikroskiedras-matu-sabiezesanai-27-5g-aplikators\/#primaryimage\",\"url\":\"https:\/\/toppikpolska.pl\/wp-content\/uploads\/2025\/03\/toppik27_aplikator.jpg\",\"contentUrl\":\"https:\/\/toppikpolska.pl\/wp-content\/uploads\/2025\/03\/toppik27_aplikator.jpg\",\"width\":900,\"height\":900,\"caption\":\"Zestaw Toppik 27\"},{\"@type\":\"BreadcrumbList\",\"@id\":\"https:\/\/toppikpolska.pl\/lv\/produkt\/mikroskiedras-matu-sabiezesanai-27-5g-aplikators\/#breadcrumb\",\"itemListElement\":[{\"@type\":\"ListItem\",\"position\":1,\"name\":\"M\u0101jas lap\u0101\",\"item\":\"https:\/\/toppikpolska.pl\/lv\/\"},{\"@type\":\"ListItem\",\"position\":2,\"name\":\"Veikals\",\"item\":\"https:\/\/toppikpolska.pl\/lv\/veikals\/\"},{\"@type\":\"ListItem\",\"position\":3,\"name\":\"Mikro\u0161\u0137iedras matu sabiez\u0113\u0161anai 27.5g + aplikators\"}]},{\"@type\":\"WebSite\",\"@id\":\"https:\/\/toppikpolska.pl\/lv\/#website\",\"url\":\"https:\/\/toppikpolska.pl\/lv\/\",\"name\":\"Matu \u0161\u0137iedras, kerat\u012bns, sabiez\u0113\u0161ana \u2014 Toppik Latvija\",\"description\":\"\",\"publisher\":{\"@id\":\"https:\/\/toppikpolska.pl\/lv\/#organization\"},\"potentialAction\":[{\"@type\":\"SearchAction\",\"target\":{\"@type\":\"EntryPoint\",\"urlTemplate\":\"https:\/\/toppikpolska.pl\/lv\/?s={search_term_string}\"},\"query-input\":{\"@type\":\"PropertyValueSpecification\",\"valueRequired\":true,\"valueName\":\"search_term_string\"}}],\"inLanguage\":\"lv-LV\"},{\"@type\":\"Organization\",\"@id\":\"https:\/\/toppikpolska.pl\/lv\/#organization\",\"name\":\"Matu \u0161\u0137iedras, kerat\u012bns, sabiez\u0113\u0161ana \u2014 Toppik Latvija\",\"url\":\"https:\/\/toppikpolska.pl\/lv\/\",\"logo\":{\"@type\":\"ImageObject\",\"inLanguage\":\"lv-LV\",\"@id\":\"https:\/\/toppikpolska.pl\/lv\/#\/schema\/logo\/image\/\",\"url\":\"https:\/\/toppikpolska.pl\/wp-content\/uploads\/2023\/09\/logo.png\",\"contentUrl\":\"https:\/\/toppikpolska.pl\/wp-content\/uploads\/2023\/09\/logo.png\",\"width\":105,\"height\":57,\"caption\":\"Matu \u0161\u0137iedras, kerat\u012bns, sabiez\u0113\u0161ana \u2014 Toppik Latvija\"},\"image\":{\"@id\":\"https:\/\/toppikpolska.pl\/lv\/#\/schema\/logo\/image\/\"}}]}<\/script>\n<!-- \/ Yoast SEO plugin. -->","yoast_head_json":{"title":"Mikro\u0161\u0137iedras matu sabiez\u0113\u0161anai 27.5g + aplikators","description":"Mikro\u0161\u0137iedras matu sabiez\u0113\u0161anai 27.5g + aplikators - Kerat\u012bna mikro\u0161\u0137iedras sabiez\u0113 matus | Toppik Polska!","robots":{"index":"index","follow":"follow","max-snippet":"max-snippet:-1","max-image-preview":"max-image-preview:large","max-video-preview":"max-video-preview:-1"},"canonical":"https:\/\/toppikpolska.pl\/lv\/produkt\/mikroskiedras-matu-sabiezesanai-27-5g-aplikators\/","og_locale":"lv_LV","og_type":"article","og_title":"Mikro\u0161\u0137iedras matu sabiez\u0113\u0161anai 27.5g + aplikators","og_description":"Mikro\u0161\u0137iedras matu sabiez\u0113\u0161anai 27.5g + aplikators - Kerat\u012bna mikro\u0161\u0137iedras sabiez\u0113 matus | Toppik Polska!","og_url":"https:\/\/toppikpolska.pl\/lv\/produkt\/mikroskiedras-matu-sabiezesanai-27-5g-aplikators\/","og_site_name":"Matu \u0161\u0137iedras, kerat\u012bns, sabiez\u0113\u0161ana \u2014 Toppik Latvija","og_image":[{"width":900,"height":900,"url":"https:\/\/toppikpolska.pl\/wp-content\/uploads\/2025\/03\/toppik27_aplikator.jpg","type":"image\/jpeg"}],"twitter_card":"summary_large_image","twitter_misc":{"Est. reading time":"2 min\u016btes"},"schema":{"@context":"https:\/\/schema.org","@graph":[{"@type":"WebPage","@id":"https:\/\/toppikpolska.pl\/lv\/produkt\/mikroskiedras-matu-sabiezesanai-27-5g-aplikators\/","url":"https:\/\/toppikpolska.pl\/lv\/produkt\/mikroskiedras-matu-sabiezesanai-27-5g-aplikators\/","name":"Mikro\u0161\u0137iedras matu sabiez\u0113\u0161anai 27.5g + aplikators","isPartOf":{"@id":"https:\/\/toppikpolska.pl\/lv\/#website"},"primaryImageOfPage":{"@id":"https:\/\/toppikpolska.pl\/lv\/produkt\/mikroskiedras-matu-sabiezesanai-27-5g-aplikators\/#primaryimage"},"image":{"@id":"https:\/\/toppikpolska.pl\/lv\/produkt\/mikroskiedras-matu-sabiezesanai-27-5g-aplikators\/#primaryimage"},"thumbnailUrl":"https:\/\/toppikpolska.pl\/wp-content\/uploads\/2025\/03\/toppik27_aplikator.jpg","datePublished":"2025-05-30T13:51:00+00:00","description":"Mikro\u0161\u0137iedras matu sabiez\u0113\u0161anai 27.5g + aplikators - Kerat\u012bna mikro\u0161\u0137iedras sabiez\u0113 matus | Toppik Polska!","breadcrumb":{"@id":"https:\/\/toppikpolska.pl\/lv\/produkt\/mikroskiedras-matu-sabiezesanai-27-5g-aplikators\/#breadcrumb"},"inLanguage":"lv-LV","potentialAction":[{"@type":"ReadAction","target":["https:\/\/toppikpolska.pl\/lv\/produkt\/mikroskiedras-matu-sabiezesanai-27-5g-aplikators\/"]}]},{"@type":"ImageObject","inLanguage":"lv-LV","@id":"https:\/\/toppikpolska.pl\/lv\/produkt\/mikroskiedras-matu-sabiezesanai-27-5g-aplikators\/#primaryimage","url":"https:\/\/toppikpolska.pl\/wp-content\/uploads\/2025\/03\/toppik27_aplikator.jpg","contentUrl":"https:\/\/toppikpolska.pl\/wp-content\/uploads\/2025\/03\/toppik27_aplikator.jpg","width":900,"height":900,"caption":"Zestaw Toppik 27"},{"@type":"BreadcrumbList","@id":"https:\/\/toppikpolska.pl\/lv\/produkt\/mikroskiedras-matu-sabiezesanai-27-5g-aplikators\/#breadcrumb","itemListElement":[{"@type":"ListItem","position":1,"name":"M\u0101jas lap\u0101","item":"https:\/\/toppikpolska.pl\/lv\/"},{"@type":"ListItem","position":2,"name":"Veikals","item":"https:\/\/toppikpolska.pl\/lv\/veikals\/"},{"@type":"ListItem","position":3,"name":"Mikro\u0161\u0137iedras matu sabiez\u0113\u0161anai 27.5g + aplikators"}]},{"@type":"WebSite","@id":"https:\/\/toppikpolska.pl\/lv\/#website","url":"https:\/\/toppikpolska.pl\/lv\/","name":"Matu \u0161\u0137iedras, kerat\u012bns, sabiez\u0113\u0161ana \u2014 Toppik Latvija","description":"","publisher":{"@id":"https:\/\/toppikpolska.pl\/lv\/#organization"},"potentialAction":[{"@type":"SearchAction","target":{"@type":"EntryPoint","urlTemplate":"https:\/\/toppikpolska.pl\/lv\/?s={search_term_string}"},"query-input":{"@type":"PropertyValueSpecification","valueRequired":true,"valueName":"search_term_string"}}],"inLanguage":"lv-LV"},{"@type":"Organization","@id":"https:\/\/toppikpolska.pl\/lv\/#organization","name":"Matu \u0161\u0137iedras, kerat\u012bns, sabiez\u0113\u0161ana \u2014 Toppik Latvija","url":"https:\/\/toppikpolska.pl\/lv\/","logo":{"@type":"ImageObject","inLanguage":"lv-LV","@id":"https:\/\/toppikpolska.pl\/lv\/#\/schema\/logo\/image\/","url":"https:\/\/toppikpolska.pl\/wp-content\/uploads\/2023\/09\/logo.png","contentUrl":"https:\/\/toppikpolska.pl\/wp-content\/uploads\/2023\/09\/logo.png","width":105,"height":57,"caption":"Matu \u0161\u0137iedras, kerat\u012bns, sabiez\u0113\u0161ana \u2014 Toppik Latvija"},"image":{"@id":"https:\/\/toppikpolska.pl\/lv\/#\/schema\/logo\/image\/"}}]}},"_links":{"self":[{"href":"https:\/\/toppikpolska.pl\/lv\/wp-json\/wp\/v2\/product\/9885","targetHints":{"allow":["GET"]}}],"collection":[{"href":"https:\/\/toppikpolska.pl\/lv\/wp-json\/wp\/v2\/product"}],"about":[{"href":"https:\/\/toppikpolska.pl\/lv\/wp-json\/wp\/v2\/types\/product"}],"replies":[{"embeddable":true,"href":"https:\/\/toppikpolska.pl\/lv\/wp-json\/wp\/v2\/comments?post=9885"}],"wp:featuredmedia":[{"embeddable":true,"href":"https:\/\/toppikpolska.pl\/lv\/wp-json\/wp\/v2\/media\/6071"}],"wp:attachment":[{"href":"https:\/\/toppikpolska.pl\/lv\/wp-json\/wp\/v2\/media?parent=9885"}],"wp:term":[{"taxonomy":"product_brand","embeddable":true,"href":"https:\/\/toppikpolska.pl\/lv\/wp-json\/wp\/v2\/product_brand?post=9885"},{"taxonomy":"product_cat","embeddable":true,"href":"https:\/\/toppikpolska.pl\/lv\/wp-json\/wp\/v2\/product_cat?post=9885"},{"taxonomy":"product_tag","embeddable":true,"href":"https:\/\/toppikpolska.pl\/lv\/wp-json\/wp\/v2\/product_tag?post=9885"}],"curies":[{"name":"wp","href":"https:\/\/api.w.org\/{rel}","templated":true}]}}