{"id":9905,"date":"2025-05-30T15:22:15","date_gmt":"2025-05-30T13:22:15","guid":{"rendered":"https:\/\/toppikpolska.pl\/produkt\/keratina-skiedras-komplekts-toppik-2x-12g\/"},"modified":"2025-11-03T11:49:21","modified_gmt":"2025-11-03T10:49:21","slug":"keratina-skiedras-komplekts-toppik-2x-12g","status":"publish","type":"product","link":"https:\/\/toppikpolska.pl\/lv\/produkt\/keratina-skiedras-komplekts-toppik-2x-12g\/","title":{"rendered":"Kerat\u012bna \u0161\u0137iedras KOMPLEKTS Toppik 2x 12g"},"content":{"rendered":"<h4><strong>KAS V\u0112L JUMS B\u016aTU J\u0100ZINA?<\/strong><\/h4>\n<p>Toppik \u0161\u0137iedras ir iztur\u012bgas pret lietu, v\u0113ju un sviedriem, t\u0101p\u0113c t\u0101s nodro\u0161in\u0101s lietot\u0101jam ilgsto\u0161u v\u0113lamo efektu neatkar\u012bgi no laika apst\u0101k\u013ciem. Tie ir pieejami pat devi\u0146os to\u0146os, t\u0101p\u0113c tos var pieska\u0146ot gandr\u012bz jebkuras kr\u0101sas matiem. Produkts labi darbojas ar\u012b lok\u0101lu restaur\u0101ciju gad\u012bjum\u0101, mask\u0113jot restaur\u0101cijas sist\u0113mu stiprin\u0101jumus un aizpildot matu defektus starp kr\u0101so\u0161anas sesij\u0101m. Produkts ir viegli nomazg\u0101jams ar \u016bdeni un \u0161amp\u016bnu.   <\/p>\n<h3>Dab\u012bga matu sabiez\u0113\u0161ana ar Toppik matu \u0161\u0137iedr\u0101m 2 x 12g<\/h3>\n<p>Toppik matu \u0161\u0137iedras 2 x 12g ir ide\u0101ls risin\u0101jums cilv\u0113kiem ar pl\u0101niem matiem, kuri v\u0113las \u0101tri un dabiski sasniegt biezu matu efektu. Matu mikro\u0161\u0137iedras ir izstr\u0101d\u0101tas t\u0101, lai perfekti pieliptu eso\u0161ajiem matiem, radot piln\u012bg\u0101ku un sul\u012bg\u0101ku friz\u016bru bez redzam\u0101m atliek\u0101m. Produkts ir viegli uzkl\u0101jams, kas \u013cauj prec\u012bzi sabiez\u0113t matus pat m\u0101j\u0101s. Komplekts ar diviem iepakojumiem pa 12 g nodro\u0161ina ilgsto\u0161u matu sabiez\u0113\u0161anu, \u013caujot baud\u012bt biezu friz\u016bru visas dienas garum\u0101. Mikro\u0161\u0137iedras ir pieejamas da\u017e\u0101dos to\u0146os, kas \u013cauj perfekti pieska\u0146oties dabiskajai matu kr\u0101sai, palielinot matu sabiez\u0113\u0161anas dabiskuma un est\u0113tikas efektu.    <\/p>\n<h3>Mikro\u0161\u0137iedru iztur\u012bba un \u0113rta lieto\u0161ana matiem<\/h3>\n<p>Toppik matu \u0161\u0137iedras 2 x 12g pied\u0101v\u0101 ne tikai efekt\u012bvu matu sabiez\u0113\u0161anu, bet ar\u012b ikdienas lieto\u0161anas \u0113rt\u012bbas. Mikro\u0161\u0137iedras matiem ir iztur\u012bgas pret mitrumu un sviedriem, kas garant\u0113 matu sabiez\u0113\u0161anas efektu iztur\u012bbu pat fizisko aktivit\u0101\u0161u vai main\u012bgu laika apst\u0101k\u013cu laik\u0101. Produkts \u0101tri uzs\u016bcas, neatst\u0101jot lip\u012bgu pl\u0113vi, kas nodro\u0161ina komfortu valk\u0101\u0161anai visas dienas garum\u0101. Ar kompakto iepakojuma izm\u0113ru Toppik matu \u0161\u0137iedras 2 x 12g ir ide\u0101li piem\u0113rotas l\u012bdz\u0146em\u0161anai ce\u013c\u0101, \u013caujot \u0101tri atsvaidzin\u0101t friz\u016bru jebkur\u0101 viet\u0101. Matu mikro\u0161\u0137iedras ir ar\u012b viegli no\u0146emamas, \u013caujot neman\u0101mi p\u0101riet uz n\u0101kamo uzkl\u0101\u0161anu, nesaboj\u0101jot matus. Ieguldot \u0161aj\u0101 komplekt\u0101, j\u016bs ieg\u016bstat uzticamu matu sabiez\u0113\u0161anas r\u012bku, kas uzlabo dabisko skaistumu un sniedz p\u0101rliec\u012bbu katru dienu.     <\/p>\n","protected":false},"excerpt":{"rendered":"<p>Izv\u0113lieties komplektu ar 2 iepakojumiem Toppik matu \u0161\u0137iedras 12g un ietaupiet 8 PLN!<\/p>\n<p><strong>K\u0100DS IR PRODUKTA APRAKSTS?<\/strong><br \/>\nToppik papild\u0161\u0137iedras tiek izgatavotas uz kr\u0101sotu kerat\u012bna \u0161\u0137iedru b\u0101zes, kas lieliski iek\u013c\u016bst matos un uzreiz sabiez\u0113 un sabiez\u0113 tos vizu\u0101li.<\/p>\n<p>PRODUKTA<br \/>\n <strong>LIETO\u0160ANAS PRIEK\u0160ROC\u012aBAS<\/strong>\u2022 Uzreiz aizpilda retin\u0101to matu<br \/>\n vietas\u2022 Sedz matu<br \/>\n izkri\u0161anu\u2022 Rada biezu un biezu matu<br \/>\n efektu\u2022 Lieliski papildina friz\u016bru starp kr\u0101so\u0161anas sesij\u0101m<\/p>\n","protected":false},"featured_media":8140,"comment_status":"open","ping_status":"closed","template":"","meta":[],"product_brand":[],"product_cat":[47],"product_tag":[],"class_list":{"0":"post-9905","1":"product","2":"type-product","3":"status-publish","4":"has-post-thumbnail","6":"product_cat-produktiem","8":"first","9":"instock","10":"shipping-taxable","11":"purchasable","12":"product-type-variable"},"yoast_head":"<!-- This site is optimized with the Yoast SEO plugin v26.6 - https:\/\/yoast.com\/wordpress\/plugins\/seo\/ -->\n<title>Kerat\u012bna \u0161\u0137iedras KOMPLEKTS Toppik 2x 12g<\/title>\n<meta name=\"description\" content=\"Kerat\u012bna \u0161\u0137iedras KOMPLEKTS Toppik 2x 12g - Kerat\u012bna mikro\u0161\u0137iedras sabiez\u0113 matus | Toppik Polska!\" \/>\n<meta name=\"robots\" content=\"index, follow, max-snippet:-1, max-image-preview:large, max-video-preview:-1\" \/>\n<link rel=\"canonical\" href=\"https:\/\/toppikpolska.pl\/lv\/produkt\/keratina-skiedras-komplekts-toppik-2x-12g\/\" \/>\n<meta property=\"og:locale\" content=\"lv_LV\" \/>\n<meta property=\"og:type\" content=\"article\" \/>\n<meta property=\"og:title\" content=\"Kerat\u012bna \u0161\u0137iedras KOMPLEKTS Toppik 2x 12g\" \/>\n<meta property=\"og:description\" content=\"Kerat\u012bna \u0161\u0137iedras KOMPLEKTS Toppik 2x 12g - Kerat\u012bna mikro\u0161\u0137iedras sabiez\u0113 matus | Toppik Polska!\" \/>\n<meta property=\"og:url\" content=\"https:\/\/toppikpolska.pl\/lv\/produkt\/keratina-skiedras-komplekts-toppik-2x-12g\/\" \/>\n<meta property=\"og:site_name\" content=\"Matu \u0161\u0137iedras, kerat\u012bns, sabiez\u0113\u0161ana \u2014 Toppik Latvija\" \/>\n<meta property=\"article:modified_time\" content=\"2025-11-03T10:49:21+00:00\" \/>\n<meta property=\"og:image\" content=\"https:\/\/toppikpolska.pl\/wp-content\/uploads\/2025\/05\/toppik2x12.jpg\" \/>\n\t<meta property=\"og:image:width\" content=\"900\" \/>\n\t<meta property=\"og:image:height\" content=\"900\" \/>\n\t<meta property=\"og:image:type\" content=\"image\/jpeg\" \/>\n<meta name=\"twitter:card\" content=\"summary_large_image\" \/>\n<meta name=\"twitter:label1\" content=\"Est. reading time\" \/>\n\t<meta name=\"twitter:data1\" content=\"2 min\u016btes\" \/>\n<script type=\"application\/ld+json\" class=\"yoast-schema-graph\">{\"@context\":\"https:\/\/schema.org\",\"@graph\":[{\"@type\":\"WebPage\",\"@id\":\"https:\/\/toppikpolska.pl\/lv\/produkt\/keratina-skiedras-komplekts-toppik-2x-12g\/\",\"url\":\"https:\/\/toppikpolska.pl\/lv\/produkt\/keratina-skiedras-komplekts-toppik-2x-12g\/\",\"name\":\"Kerat\u012bna \u0161\u0137iedras KOMPLEKTS Toppik 2x 12g\",\"isPartOf\":{\"@id\":\"https:\/\/toppikpolska.pl\/lv\/#website\"},\"primaryImageOfPage\":{\"@id\":\"https:\/\/toppikpolska.pl\/lv\/produkt\/keratina-skiedras-komplekts-toppik-2x-12g\/#primaryimage\"},\"image\":{\"@id\":\"https:\/\/toppikpolska.pl\/lv\/produkt\/keratina-skiedras-komplekts-toppik-2x-12g\/#primaryimage\"},\"thumbnailUrl\":\"https:\/\/toppikpolska.pl\/wp-content\/uploads\/2025\/05\/toppik2x12.jpg\",\"datePublished\":\"2025-05-30T13:22:15+00:00\",\"dateModified\":\"2025-11-03T10:49:21+00:00\",\"description\":\"Kerat\u012bna \u0161\u0137iedras KOMPLEKTS Toppik 2x 12g - Kerat\u012bna mikro\u0161\u0137iedras sabiez\u0113 matus | Toppik Polska!\",\"breadcrumb\":{\"@id\":\"https:\/\/toppikpolska.pl\/lv\/produkt\/keratina-skiedras-komplekts-toppik-2x-12g\/#breadcrumb\"},\"inLanguage\":\"lv-LV\",\"potentialAction\":[{\"@type\":\"ReadAction\",\"target\":[\"https:\/\/toppikpolska.pl\/lv\/produkt\/keratina-skiedras-komplekts-toppik-2x-12g\/\"]}]},{\"@type\":\"ImageObject\",\"inLanguage\":\"lv-LV\",\"@id\":\"https:\/\/toppikpolska.pl\/lv\/produkt\/keratina-skiedras-komplekts-toppik-2x-12g\/#primaryimage\",\"url\":\"https:\/\/toppikpolska.pl\/wp-content\/uploads\/2025\/05\/toppik2x12.jpg\",\"contentUrl\":\"https:\/\/toppikpolska.pl\/wp-content\/uploads\/2025\/05\/toppik2x12.jpg\",\"width\":900,\"height\":900,\"caption\":\"Autorties\u012bbas Rokoko Hair Company\"},{\"@type\":\"BreadcrumbList\",\"@id\":\"https:\/\/toppikpolska.pl\/lv\/produkt\/keratina-skiedras-komplekts-toppik-2x-12g\/#breadcrumb\",\"itemListElement\":[{\"@type\":\"ListItem\",\"position\":1,\"name\":\"M\u0101jas lap\u0101\",\"item\":\"https:\/\/toppikpolska.pl\/lv\/\"},{\"@type\":\"ListItem\",\"position\":2,\"name\":\"Veikals\",\"item\":\"https:\/\/toppikpolska.pl\/lv\/veikals\/\"},{\"@type\":\"ListItem\",\"position\":3,\"name\":\"Kerat\u012bna \u0161\u0137iedras KOMPLEKTS Toppik 2x 12g\"}]},{\"@type\":\"WebSite\",\"@id\":\"https:\/\/toppikpolska.pl\/lv\/#website\",\"url\":\"https:\/\/toppikpolska.pl\/lv\/\",\"name\":\"Matu \u0161\u0137iedras, kerat\u012bns, sabiez\u0113\u0161ana \u2014 Toppik Latvija\",\"description\":\"\",\"publisher\":{\"@id\":\"https:\/\/toppikpolska.pl\/lv\/#organization\"},\"potentialAction\":[{\"@type\":\"SearchAction\",\"target\":{\"@type\":\"EntryPoint\",\"urlTemplate\":\"https:\/\/toppikpolska.pl\/lv\/?s={search_term_string}\"},\"query-input\":{\"@type\":\"PropertyValueSpecification\",\"valueRequired\":true,\"valueName\":\"search_term_string\"}}],\"inLanguage\":\"lv-LV\"},{\"@type\":\"Organization\",\"@id\":\"https:\/\/toppikpolska.pl\/lv\/#organization\",\"name\":\"Matu \u0161\u0137iedras, kerat\u012bns, sabiez\u0113\u0161ana \u2014 Toppik Latvija\",\"url\":\"https:\/\/toppikpolska.pl\/lv\/\",\"logo\":{\"@type\":\"ImageObject\",\"inLanguage\":\"lv-LV\",\"@id\":\"https:\/\/toppikpolska.pl\/lv\/#\/schema\/logo\/image\/\",\"url\":\"https:\/\/toppikpolska.pl\/wp-content\/uploads\/2023\/09\/logo.png\",\"contentUrl\":\"https:\/\/toppikpolska.pl\/wp-content\/uploads\/2023\/09\/logo.png\",\"width\":105,\"height\":57,\"caption\":\"Matu \u0161\u0137iedras, kerat\u012bns, sabiez\u0113\u0161ana \u2014 Toppik Latvija\"},\"image\":{\"@id\":\"https:\/\/toppikpolska.pl\/lv\/#\/schema\/logo\/image\/\"}}]}<\/script>\n<!-- \/ Yoast SEO plugin. -->","yoast_head_json":{"title":"Kerat\u012bna \u0161\u0137iedras KOMPLEKTS Toppik 2x 12g","description":"Kerat\u012bna \u0161\u0137iedras KOMPLEKTS Toppik 2x 12g - Kerat\u012bna mikro\u0161\u0137iedras sabiez\u0113 matus | Toppik Polska!","robots":{"index":"index","follow":"follow","max-snippet":"max-snippet:-1","max-image-preview":"max-image-preview:large","max-video-preview":"max-video-preview:-1"},"canonical":"https:\/\/toppikpolska.pl\/lv\/produkt\/keratina-skiedras-komplekts-toppik-2x-12g\/","og_locale":"lv_LV","og_type":"article","og_title":"Kerat\u012bna \u0161\u0137iedras KOMPLEKTS Toppik 2x 12g","og_description":"Kerat\u012bna \u0161\u0137iedras KOMPLEKTS Toppik 2x 12g - Kerat\u012bna mikro\u0161\u0137iedras sabiez\u0113 matus | Toppik Polska!","og_url":"https:\/\/toppikpolska.pl\/lv\/produkt\/keratina-skiedras-komplekts-toppik-2x-12g\/","og_site_name":"Matu \u0161\u0137iedras, kerat\u012bns, sabiez\u0113\u0161ana \u2014 Toppik Latvija","article_modified_time":"2025-11-03T10:49:21+00:00","og_image":[{"width":900,"height":900,"url":"https:\/\/toppikpolska.pl\/wp-content\/uploads\/2025\/05\/toppik2x12.jpg","type":"image\/jpeg"}],"twitter_card":"summary_large_image","twitter_misc":{"Est. reading time":"2 min\u016btes"},"schema":{"@context":"https:\/\/schema.org","@graph":[{"@type":"WebPage","@id":"https:\/\/toppikpolska.pl\/lv\/produkt\/keratina-skiedras-komplekts-toppik-2x-12g\/","url":"https:\/\/toppikpolska.pl\/lv\/produkt\/keratina-skiedras-komplekts-toppik-2x-12g\/","name":"Kerat\u012bna \u0161\u0137iedras KOMPLEKTS Toppik 2x 12g","isPartOf":{"@id":"https:\/\/toppikpolska.pl\/lv\/#website"},"primaryImageOfPage":{"@id":"https:\/\/toppikpolska.pl\/lv\/produkt\/keratina-skiedras-komplekts-toppik-2x-12g\/#primaryimage"},"image":{"@id":"https:\/\/toppikpolska.pl\/lv\/produkt\/keratina-skiedras-komplekts-toppik-2x-12g\/#primaryimage"},"thumbnailUrl":"https:\/\/toppikpolska.pl\/wp-content\/uploads\/2025\/05\/toppik2x12.jpg","datePublished":"2025-05-30T13:22:15+00:00","dateModified":"2025-11-03T10:49:21+00:00","description":"Kerat\u012bna \u0161\u0137iedras KOMPLEKTS Toppik 2x 12g - Kerat\u012bna mikro\u0161\u0137iedras sabiez\u0113 matus | Toppik Polska!","breadcrumb":{"@id":"https:\/\/toppikpolska.pl\/lv\/produkt\/keratina-skiedras-komplekts-toppik-2x-12g\/#breadcrumb"},"inLanguage":"lv-LV","potentialAction":[{"@type":"ReadAction","target":["https:\/\/toppikpolska.pl\/lv\/produkt\/keratina-skiedras-komplekts-toppik-2x-12g\/"]}]},{"@type":"ImageObject","inLanguage":"lv-LV","@id":"https:\/\/toppikpolska.pl\/lv\/produkt\/keratina-skiedras-komplekts-toppik-2x-12g\/#primaryimage","url":"https:\/\/toppikpolska.pl\/wp-content\/uploads\/2025\/05\/toppik2x12.jpg","contentUrl":"https:\/\/toppikpolska.pl\/wp-content\/uploads\/2025\/05\/toppik2x12.jpg","width":900,"height":900,"caption":"Autorties\u012bbas Rokoko Hair Company"},{"@type":"BreadcrumbList","@id":"https:\/\/toppikpolska.pl\/lv\/produkt\/keratina-skiedras-komplekts-toppik-2x-12g\/#breadcrumb","itemListElement":[{"@type":"ListItem","position":1,"name":"M\u0101jas lap\u0101","item":"https:\/\/toppikpolska.pl\/lv\/"},{"@type":"ListItem","position":2,"name":"Veikals","item":"https:\/\/toppikpolska.pl\/lv\/veikals\/"},{"@type":"ListItem","position":3,"name":"Kerat\u012bna \u0161\u0137iedras KOMPLEKTS Toppik 2x 12g"}]},{"@type":"WebSite","@id":"https:\/\/toppikpolska.pl\/lv\/#website","url":"https:\/\/toppikpolska.pl\/lv\/","name":"Matu \u0161\u0137iedras, kerat\u012bns, sabiez\u0113\u0161ana \u2014 Toppik Latvija","description":"","publisher":{"@id":"https:\/\/toppikpolska.pl\/lv\/#organization"},"potentialAction":[{"@type":"SearchAction","target":{"@type":"EntryPoint","urlTemplate":"https:\/\/toppikpolska.pl\/lv\/?s={search_term_string}"},"query-input":{"@type":"PropertyValueSpecification","valueRequired":true,"valueName":"search_term_string"}}],"inLanguage":"lv-LV"},{"@type":"Organization","@id":"https:\/\/toppikpolska.pl\/lv\/#organization","name":"Matu \u0161\u0137iedras, kerat\u012bns, sabiez\u0113\u0161ana \u2014 Toppik Latvija","url":"https:\/\/toppikpolska.pl\/lv\/","logo":{"@type":"ImageObject","inLanguage":"lv-LV","@id":"https:\/\/toppikpolska.pl\/lv\/#\/schema\/logo\/image\/","url":"https:\/\/toppikpolska.pl\/wp-content\/uploads\/2023\/09\/logo.png","contentUrl":"https:\/\/toppikpolska.pl\/wp-content\/uploads\/2023\/09\/logo.png","width":105,"height":57,"caption":"Matu \u0161\u0137iedras, kerat\u012bns, sabiez\u0113\u0161ana \u2014 Toppik Latvija"},"image":{"@id":"https:\/\/toppikpolska.pl\/lv\/#\/schema\/logo\/image\/"}}]}},"_links":{"self":[{"href":"https:\/\/toppikpolska.pl\/lv\/wp-json\/wp\/v2\/product\/9905","targetHints":{"allow":["GET"]}}],"collection":[{"href":"https:\/\/toppikpolska.pl\/lv\/wp-json\/wp\/v2\/product"}],"about":[{"href":"https:\/\/toppikpolska.pl\/lv\/wp-json\/wp\/v2\/types\/product"}],"replies":[{"embeddable":true,"href":"https:\/\/toppikpolska.pl\/lv\/wp-json\/wp\/v2\/comments?post=9905"}],"wp:featuredmedia":[{"embeddable":true,"href":"https:\/\/toppikpolska.pl\/lv\/wp-json\/wp\/v2\/media\/8140"}],"wp:attachment":[{"href":"https:\/\/toppikpolska.pl\/lv\/wp-json\/wp\/v2\/media?parent=9905"}],"wp:term":[{"taxonomy":"product_brand","embeddable":true,"href":"https:\/\/toppikpolska.pl\/lv\/wp-json\/wp\/v2\/product_brand?post=9905"},{"taxonomy":"product_cat","embeddable":true,"href":"https:\/\/toppikpolska.pl\/lv\/wp-json\/wp\/v2\/product_cat?post=9905"},{"taxonomy":"product_tag","embeddable":true,"href":"https:\/\/toppikpolska.pl\/lv\/wp-json\/wp\/v2\/product_tag?post=9905"}],"curies":[{"name":"wp","href":"https:\/\/api.w.org\/{rel}","templated":true}]}}