{"id":9931,"date":"2019-04-11T17:27:41","date_gmt":"2019-04-11T15:27:41","guid":{"rendered":"https:\/\/toppikpolska.pl\/produkt\/mikroskiedras-matu-sabiezesana-27-5g-aplikators-matu-linijas-optimizetajs\/"},"modified":"2019-04-11T17:27:41","modified_gmt":"2019-04-11T15:27:41","slug":"mikroskiedras-matu-sabiezesana-27-5g-aplikators-matu-linijas-optimizetajs","status":"publish","type":"product","link":"https:\/\/toppikpolska.pl\/lv\/produkt\/mikroskiedras-matu-sabiezesana-27-5g-aplikators-matu-linijas-optimizetajs\/","title":{"rendered":"Mikro\u0161\u0137iedras matu sabiez\u0113\u0161ana 27.5g + Aplikators + Matu l\u012bnijas optimiz\u0113t\u0101js"},"content":{"rendered":"<h3>Prec\u012bza matu sabiez\u0113\u0161ana ar \u0161\u0137iedru aplikatoru un \u0137emmi<\/h3>\n<p>\u0160\u0137iedru aplikators un \u0137emme ir neaizst\u0101jami instrumenti matu sabiez\u0113\u0161anas proces\u0101, ide\u0101li piem\u0113roti cilv\u0113kiem ar pl\u0101niem un retin\u0101tiem matiem. Matu mikro\u0161\u0137iedras lieliski piel\u012bp pie dab\u012bgiem matiem, radot biezu matu efektu bez redzam\u0101m z\u012bm\u0113m. Matu aplikators \u013cauj prec\u012bzi uzkl\u0101t sarus, kas nodro\u0161ina vienm\u0113r\u012bgu matu sabiez\u0113\u0161anu un friz\u016bras dabisku izskatu. \u0160\u0137iedru matu sabiez\u0113\u0161anas \u0137emme v\u0113l vair\u0101k atbalsta uzkl\u0101\u0161anas procesu, \u013caujot mikro\u0161\u0137iedras prec\u012bzi sadal\u012bt vis\u0101 matu garum\u0101. Pateicoties ergonomiskajam dizainam, abi r\u012bki ir viegli lietojami pat ies\u0101c\u0113jiem. \u0160\u0137iedru aplikatoru-\u0137emmes komplekts nodro\u0161ina \u0101tru un efekt\u012bvu matu sabiez\u0113\u0161anu, palielinot matu apjomu un piln\u012bbu bez invaz\u012bv\u0101m metod\u0113m.     <\/p>\n<h3>Profesion\u0101li r\u012bki matu sabiez\u0113\u0161anai m\u0101j\u0101s<\/h3>\n<p>\u0160\u0137iedru matu sabiez\u0113\u0161anas \u0137emme kombin\u0101cij\u0101 ar aplikatoru ir profesion\u0101ls risin\u0101jums, kas pieejams m\u0101j\u0101s. Mikro\u0161\u0137iedras matiem efekt\u012bvi mask\u0113 retin\u0101t\u0101s da\u013cas, pie\u0161\u0137irot matiem v\u0113lamo bl\u012bvumu un apjomu. Matu aplikators ir izstr\u0101d\u0101ts, lai nodro\u0161in\u0101tu \u0101tru un prec\u012bzu \u0161\u0137iedru uzkl\u0101\u0161anu, samazinot produktu atkritumus un nodro\u0161inot ilgsto\u0161u rezult\u0101tu visas dienas garum\u0101. \u0160\u0137iedru \u0137emme pal\u012bdz vienm\u0113r\u012bgi sadal\u012bt mikro\u0161\u0137iedras, nov\u0113r\u0161ot redzam\u0101s sv\u012btras un nel\u012bdzenumus, kas noz\u012bm\u0113 dabisku un est\u0113tisku biezu matu izskatu. Ar \u0161o komplektu matu sabiez\u0113\u0161ana k\u013c\u016bst vienk\u0101r\u0161\u0101ka un efekt\u012bv\u0101ka, \u013caujot izbaud\u012bt piln\u012bg\u0101ku friz\u016bru, neapmekl\u0113jot speci\u0101listu. Ieguldot \u0161\u0137iedru aplikator\u0101 un \u0137emm\u0113, j\u016bs sa\u0146emat uzticamus ikdienas kop\u0161anas un veido\u0161anas r\u012bkus, kas uzlabo j\u016bsu matu dabisko skaistumu.     <\/p>\n<h3>Kas v\u0113l jums j\u0101zina?<\/h3>\n<p>Izmantojiet gan aplikatoru, gan optimiz\u0113jo\u0161o \u0137emmi, uzkl\u0101jot \u0161\u0137iedras matu l\u012bnijas zon\u0101. J\u016bs varat ar\u012b izmantot aplikatoru, lai uzkl\u0101tu \u0161\u0137iedras platum\u0101, pasl\u0113ptu pel\u0113kus matus vai vietas, kur ir piestiprin\u0101ti pieaudz\u0113t\u0101ji. Aplikatoru var uzkl\u0101t pudel\u0113m ar standarta (12 g) un ekonomiska izm\u0113ra (27,5 g) \u0161\u0137iedr\u0101m.<br \/>\nJa v\u0113laties sasniegt v\u0113l apmierino\u0161\u0101kus rezult\u0101tus, ieteicams izmantot \u012bpa\u0161u Toppik aplikatoru.<br \/>\nToppik \u0161\u0137iedras ir iztur\u012bgas pret lietu, v\u0113ju un sviedriem, t\u0101p\u0113c t\u0101s nodro\u0161in\u0101s lietot\u0101jam ilgsto\u0161u v\u0113lamo efektu neatkar\u012bgi no laika apst\u0101k\u013ciem. Tie ir pieejami pat devi\u0146os to\u0146os, t\u0101p\u0113c tos var pieska\u0146ot gandr\u012bz jebkuras kr\u0101sas matiem. Produkts labi darbojas ar\u012b lok\u0101lu restaur\u0101ciju gad\u012bjum\u0101, mask\u0113jot restaur\u0101cijas sist\u0113mu stiprin\u0101jumus un aizpildot matu defektus starp kr\u0101so\u0161anas sesij\u0101m. Produkts ir viegli nomazg\u0101jams ar \u016bdeni un \u0161amp\u016bnu.     <\/p>\n","protected":false},"excerpt":{"rendered":"<p>Ietaupiet pat 26 PLN, ieg\u0101d\u0101joties Toppik aplikatoru, \u0137emmi un Toppik matu \u0161\u0137iedras 27.5 g komplektu!<\/p>\n<p><strong>K\u0100DS IR PRODUKTA APRAKSTS?<\/strong><br \/>\nToppik aplikators ir patent\u0113ts produkts, ko var piestiprin\u0101t pudel\u0113m ar Toppik \u0161\u0137iedr\u0101m ekonomiskaj\u0101 un standarta izm\u0113r\u0101, lai palielin\u0101tu uzkl\u0101\u0161anas precizit\u0101ti.<br \/>\nToppik optimiz\u0113jo\u0161\u0101 \u0137emme ir produkts, kas atvieglo dabisk\u0101s matu l\u012bnijas uztur\u0113\u0161anu, uzkl\u0101jot Toppik \u0161\u0137iedras.<br \/>\nToppik papild\u0161\u0137iedras tiek izgatavotas uz kr\u0101sotu kerat\u012bna \u0161\u0137iedru b\u0101zes, kas lieliski iek\u013c\u016bst matos un uzreiz sabiez\u0113 un sabiez\u0113 tos vizu\u0101li.<\/p>\n<p>PRODUKTA<br \/>\n <strong>LIETO\u0160ANAS PRIEK\u0160ROC\u012aBAS<\/strong>\u2022 Atvieglo prec\u012bz\u0101ku \u0161\u0137iedru uzkl\u0101\u0161anu noteikt\u0101s galvas<br \/>\n zon\u0101s\u2022 Nodro\u0161ina prec\u012bzu uzkl\u0101\u0161anu uz neliel\u0101m matainas \u0101das<br \/>\n da\u013c\u0101m\u2022 Izvair\u0101s no nedabiska izskata p\u0113c \u0161\u0137iedru uzkl\u0101\u0161anas<br \/>\n\u2022 Padara matus dabiskus un biezus<br \/>\n\u2022 Nov\u0113r\u0161 \u0161\u0137iedru nokri\u0161anu uz pieres<br \/>\n\u2022 Uzreiz aizpilda retin\u0101tu matu<br \/>\n vietas\u2022 Sedz matu<br \/>\n izkri\u0161anu\u2022 Rada biezu un biezu matu<br \/>\n efektu\u2022 Lieliski piem\u0113rots k\u0101 papildin\u0101jums j\u016bsu friz\u016brai starp kr\u0101so\u0161anas sesij\u0101m<\/p>\n","protected":false},"featured_media":7779,"comment_status":"closed","ping_status":"closed","template":"","meta":[],"product_brand":[],"product_cat":[47],"product_tag":[],"class_list":{"0":"post-9931","1":"product","2":"type-product","3":"status-publish","4":"has-post-thumbnail","6":"product_cat-produktiem","8":"first","9":"instock","10":"shipping-taxable","11":"purchasable","12":"product-type-variable"},"yoast_head":"<!-- This site is optimized with the Yoast SEO plugin v26.6 - https:\/\/yoast.com\/wordpress\/plugins\/seo\/ -->\n<title>Mikro\u0161\u0137iedras matu sabiez\u0113\u0161ana 27.5g + Aplikators + Matu l\u012bnijas optimiz\u0113t\u0101js<\/title>\n<meta name=\"description\" content=\"Mikro\u0161\u0137iedras matu sabiez\u0113\u0161ana 27.5g + Aplikators + Matu l\u012bnijas optimiz\u0113t\u0101js - Kerat\u012bna mikro\u0161\u0137iedras sabiez\u0113 matus | Toppik Polska!\" \/>\n<meta name=\"robots\" content=\"index, follow, max-snippet:-1, max-image-preview:large, max-video-preview:-1\" \/>\n<link rel=\"canonical\" href=\"https:\/\/toppikpolska.pl\/lv\/produkt\/mikroskiedras-matu-sabiezesana-27-5g-aplikators-matu-linijas-optimizetajs\/\" \/>\n<meta property=\"og:locale\" content=\"lv_LV\" \/>\n<meta property=\"og:type\" content=\"article\" \/>\n<meta property=\"og:title\" content=\"Mikro\u0161\u0137iedras matu sabiez\u0113\u0161ana 27.5g + Aplikators + Matu l\u012bnijas optimiz\u0113t\u0101js\" \/>\n<meta property=\"og:description\" content=\"Mikro\u0161\u0137iedras matu sabiez\u0113\u0161ana 27.5g + Aplikators + Matu l\u012bnijas optimiz\u0113t\u0101js - Kerat\u012bna mikro\u0161\u0137iedras sabiez\u0113 matus | Toppik Polska!\" \/>\n<meta property=\"og:url\" content=\"https:\/\/toppikpolska.pl\/lv\/produkt\/mikroskiedras-matu-sabiezesana-27-5g-aplikators-matu-linijas-optimizetajs\/\" \/>\n<meta property=\"og:site_name\" content=\"Matu \u0161\u0137iedras, kerat\u012bns, sabiez\u0113\u0161ana \u2014 Toppik Latvija\" \/>\n<meta property=\"og:image\" content=\"https:\/\/toppikpolska.pl\/wp-content\/uploads\/2019\/04\/mikrowlokna-toppik-zestaw-aplikator-grzebien.webp\" \/>\n\t<meta property=\"og:image:width\" content=\"600\" \/>\n\t<meta property=\"og:image:height\" content=\"600\" \/>\n\t<meta property=\"og:image:type\" content=\"image\/webp\" \/>\n<meta name=\"twitter:card\" content=\"summary_large_image\" \/>\n<meta name=\"twitter:label1\" content=\"Est. reading time\" \/>\n\t<meta name=\"twitter:data1\" content=\"2 min\u016btes\" \/>\n<script type=\"application\/ld+json\" class=\"yoast-schema-graph\">{\"@context\":\"https:\/\/schema.org\",\"@graph\":[{\"@type\":\"WebPage\",\"@id\":\"https:\/\/toppikpolska.pl\/lv\/produkt\/mikroskiedras-matu-sabiezesana-27-5g-aplikators-matu-linijas-optimizetajs\/\",\"url\":\"https:\/\/toppikpolska.pl\/lv\/produkt\/mikroskiedras-matu-sabiezesana-27-5g-aplikators-matu-linijas-optimizetajs\/\",\"name\":\"Mikro\u0161\u0137iedras matu sabiez\u0113\u0161ana 27.5g + Aplikators + Matu l\u012bnijas optimiz\u0113t\u0101js\",\"isPartOf\":{\"@id\":\"https:\/\/toppikpolska.pl\/lv\/#website\"},\"primaryImageOfPage\":{\"@id\":\"https:\/\/toppikpolska.pl\/lv\/produkt\/mikroskiedras-matu-sabiezesana-27-5g-aplikators-matu-linijas-optimizetajs\/#primaryimage\"},\"image\":{\"@id\":\"https:\/\/toppikpolska.pl\/lv\/produkt\/mikroskiedras-matu-sabiezesana-27-5g-aplikators-matu-linijas-optimizetajs\/#primaryimage\"},\"thumbnailUrl\":\"https:\/\/toppikpolska.pl\/wp-content\/uploads\/2019\/04\/mikrowlokna-toppik-zestaw-aplikator-grzebien.webp\",\"datePublished\":\"2019-04-11T15:27:41+00:00\",\"description\":\"Mikro\u0161\u0137iedras matu sabiez\u0113\u0161ana 27.5g + Aplikators + Matu l\u012bnijas optimiz\u0113t\u0101js - Kerat\u012bna mikro\u0161\u0137iedras sabiez\u0113 matus | Toppik Polska!\",\"breadcrumb\":{\"@id\":\"https:\/\/toppikpolska.pl\/lv\/produkt\/mikroskiedras-matu-sabiezesana-27-5g-aplikators-matu-linijas-optimizetajs\/#breadcrumb\"},\"inLanguage\":\"lv-LV\",\"potentialAction\":[{\"@type\":\"ReadAction\",\"target\":[\"https:\/\/toppikpolska.pl\/lv\/produkt\/mikroskiedras-matu-sabiezesana-27-5g-aplikators-matu-linijas-optimizetajs\/\"]}]},{\"@type\":\"ImageObject\",\"inLanguage\":\"lv-LV\",\"@id\":\"https:\/\/toppikpolska.pl\/lv\/produkt\/mikroskiedras-matu-sabiezesana-27-5g-aplikators-matu-linijas-optimizetajs\/#primaryimage\",\"url\":\"https:\/\/toppikpolska.pl\/wp-content\/uploads\/2019\/04\/mikrowlokna-toppik-zestaw-aplikator-grzebien.webp\",\"contentUrl\":\"https:\/\/toppikpolska.pl\/wp-content\/uploads\/2019\/04\/mikrowlokna-toppik-zestaw-aplikator-grzebien.webp\",\"width\":600,\"height\":600,\"caption\":\"mikrow\u0142\u00f3kna toppik zestaw aplikator grzebie\u0144\"},{\"@type\":\"BreadcrumbList\",\"@id\":\"https:\/\/toppikpolska.pl\/lv\/produkt\/mikroskiedras-matu-sabiezesana-27-5g-aplikators-matu-linijas-optimizetajs\/#breadcrumb\",\"itemListElement\":[{\"@type\":\"ListItem\",\"position\":1,\"name\":\"M\u0101jas lap\u0101\",\"item\":\"https:\/\/toppikpolska.pl\/lv\/\"},{\"@type\":\"ListItem\",\"position\":2,\"name\":\"Veikals\",\"item\":\"https:\/\/toppikpolska.pl\/lv\/veikals\/\"},{\"@type\":\"ListItem\",\"position\":3,\"name\":\"Mikro\u0161\u0137iedras matu sabiez\u0113\u0161ana 27.5g + Aplikators + Matu l\u012bnijas optimiz\u0113t\u0101js\"}]},{\"@type\":\"WebSite\",\"@id\":\"https:\/\/toppikpolska.pl\/lv\/#website\",\"url\":\"https:\/\/toppikpolska.pl\/lv\/\",\"name\":\"Matu \u0161\u0137iedras, kerat\u012bns, sabiez\u0113\u0161ana \u2014 Toppik Latvija\",\"description\":\"\",\"publisher\":{\"@id\":\"https:\/\/toppikpolska.pl\/lv\/#organization\"},\"potentialAction\":[{\"@type\":\"SearchAction\",\"target\":{\"@type\":\"EntryPoint\",\"urlTemplate\":\"https:\/\/toppikpolska.pl\/lv\/?s={search_term_string}\"},\"query-input\":{\"@type\":\"PropertyValueSpecification\",\"valueRequired\":true,\"valueName\":\"search_term_string\"}}],\"inLanguage\":\"lv-LV\"},{\"@type\":\"Organization\",\"@id\":\"https:\/\/toppikpolska.pl\/lv\/#organization\",\"name\":\"Matu \u0161\u0137iedras, kerat\u012bns, sabiez\u0113\u0161ana \u2014 Toppik Latvija\",\"url\":\"https:\/\/toppikpolska.pl\/lv\/\",\"logo\":{\"@type\":\"ImageObject\",\"inLanguage\":\"lv-LV\",\"@id\":\"https:\/\/toppikpolska.pl\/lv\/#\/schema\/logo\/image\/\",\"url\":\"https:\/\/toppikpolska.pl\/wp-content\/uploads\/2023\/09\/logo.png\",\"contentUrl\":\"https:\/\/toppikpolska.pl\/wp-content\/uploads\/2023\/09\/logo.png\",\"width\":105,\"height\":57,\"caption\":\"Matu \u0161\u0137iedras, kerat\u012bns, sabiez\u0113\u0161ana \u2014 Toppik Latvija\"},\"image\":{\"@id\":\"https:\/\/toppikpolska.pl\/lv\/#\/schema\/logo\/image\/\"}}]}<\/script>\n<!-- \/ Yoast SEO plugin. -->","yoast_head_json":{"title":"Mikro\u0161\u0137iedras matu sabiez\u0113\u0161ana 27.5g + Aplikators + Matu l\u012bnijas optimiz\u0113t\u0101js","description":"Mikro\u0161\u0137iedras matu sabiez\u0113\u0161ana 27.5g + Aplikators + Matu l\u012bnijas optimiz\u0113t\u0101js - Kerat\u012bna mikro\u0161\u0137iedras sabiez\u0113 matus | Toppik Polska!","robots":{"index":"index","follow":"follow","max-snippet":"max-snippet:-1","max-image-preview":"max-image-preview:large","max-video-preview":"max-video-preview:-1"},"canonical":"https:\/\/toppikpolska.pl\/lv\/produkt\/mikroskiedras-matu-sabiezesana-27-5g-aplikators-matu-linijas-optimizetajs\/","og_locale":"lv_LV","og_type":"article","og_title":"Mikro\u0161\u0137iedras matu sabiez\u0113\u0161ana 27.5g + Aplikators + Matu l\u012bnijas optimiz\u0113t\u0101js","og_description":"Mikro\u0161\u0137iedras matu sabiez\u0113\u0161ana 27.5g + Aplikators + Matu l\u012bnijas optimiz\u0113t\u0101js - Kerat\u012bna mikro\u0161\u0137iedras sabiez\u0113 matus | Toppik Polska!","og_url":"https:\/\/toppikpolska.pl\/lv\/produkt\/mikroskiedras-matu-sabiezesana-27-5g-aplikators-matu-linijas-optimizetajs\/","og_site_name":"Matu \u0161\u0137iedras, kerat\u012bns, sabiez\u0113\u0161ana \u2014 Toppik Latvija","og_image":[{"width":600,"height":600,"url":"https:\/\/toppikpolska.pl\/wp-content\/uploads\/2019\/04\/mikrowlokna-toppik-zestaw-aplikator-grzebien.webp","type":"image\/webp"}],"twitter_card":"summary_large_image","twitter_misc":{"Est. reading time":"2 min\u016btes"},"schema":{"@context":"https:\/\/schema.org","@graph":[{"@type":"WebPage","@id":"https:\/\/toppikpolska.pl\/lv\/produkt\/mikroskiedras-matu-sabiezesana-27-5g-aplikators-matu-linijas-optimizetajs\/","url":"https:\/\/toppikpolska.pl\/lv\/produkt\/mikroskiedras-matu-sabiezesana-27-5g-aplikators-matu-linijas-optimizetajs\/","name":"Mikro\u0161\u0137iedras matu sabiez\u0113\u0161ana 27.5g + Aplikators + Matu l\u012bnijas optimiz\u0113t\u0101js","isPartOf":{"@id":"https:\/\/toppikpolska.pl\/lv\/#website"},"primaryImageOfPage":{"@id":"https:\/\/toppikpolska.pl\/lv\/produkt\/mikroskiedras-matu-sabiezesana-27-5g-aplikators-matu-linijas-optimizetajs\/#primaryimage"},"image":{"@id":"https:\/\/toppikpolska.pl\/lv\/produkt\/mikroskiedras-matu-sabiezesana-27-5g-aplikators-matu-linijas-optimizetajs\/#primaryimage"},"thumbnailUrl":"https:\/\/toppikpolska.pl\/wp-content\/uploads\/2019\/04\/mikrowlokna-toppik-zestaw-aplikator-grzebien.webp","datePublished":"2019-04-11T15:27:41+00:00","description":"Mikro\u0161\u0137iedras matu sabiez\u0113\u0161ana 27.5g + Aplikators + Matu l\u012bnijas optimiz\u0113t\u0101js - Kerat\u012bna mikro\u0161\u0137iedras sabiez\u0113 matus | Toppik Polska!","breadcrumb":{"@id":"https:\/\/toppikpolska.pl\/lv\/produkt\/mikroskiedras-matu-sabiezesana-27-5g-aplikators-matu-linijas-optimizetajs\/#breadcrumb"},"inLanguage":"lv-LV","potentialAction":[{"@type":"ReadAction","target":["https:\/\/toppikpolska.pl\/lv\/produkt\/mikroskiedras-matu-sabiezesana-27-5g-aplikators-matu-linijas-optimizetajs\/"]}]},{"@type":"ImageObject","inLanguage":"lv-LV","@id":"https:\/\/toppikpolska.pl\/lv\/produkt\/mikroskiedras-matu-sabiezesana-27-5g-aplikators-matu-linijas-optimizetajs\/#primaryimage","url":"https:\/\/toppikpolska.pl\/wp-content\/uploads\/2019\/04\/mikrowlokna-toppik-zestaw-aplikator-grzebien.webp","contentUrl":"https:\/\/toppikpolska.pl\/wp-content\/uploads\/2019\/04\/mikrowlokna-toppik-zestaw-aplikator-grzebien.webp","width":600,"height":600,"caption":"mikrow\u0142\u00f3kna toppik zestaw aplikator grzebie\u0144"},{"@type":"BreadcrumbList","@id":"https:\/\/toppikpolska.pl\/lv\/produkt\/mikroskiedras-matu-sabiezesana-27-5g-aplikators-matu-linijas-optimizetajs\/#breadcrumb","itemListElement":[{"@type":"ListItem","position":1,"name":"M\u0101jas lap\u0101","item":"https:\/\/toppikpolska.pl\/lv\/"},{"@type":"ListItem","position":2,"name":"Veikals","item":"https:\/\/toppikpolska.pl\/lv\/veikals\/"},{"@type":"ListItem","position":3,"name":"Mikro\u0161\u0137iedras matu sabiez\u0113\u0161ana 27.5g + Aplikators + Matu l\u012bnijas optimiz\u0113t\u0101js"}]},{"@type":"WebSite","@id":"https:\/\/toppikpolska.pl\/lv\/#website","url":"https:\/\/toppikpolska.pl\/lv\/","name":"Matu \u0161\u0137iedras, kerat\u012bns, sabiez\u0113\u0161ana \u2014 Toppik Latvija","description":"","publisher":{"@id":"https:\/\/toppikpolska.pl\/lv\/#organization"},"potentialAction":[{"@type":"SearchAction","target":{"@type":"EntryPoint","urlTemplate":"https:\/\/toppikpolska.pl\/lv\/?s={search_term_string}"},"query-input":{"@type":"PropertyValueSpecification","valueRequired":true,"valueName":"search_term_string"}}],"inLanguage":"lv-LV"},{"@type":"Organization","@id":"https:\/\/toppikpolska.pl\/lv\/#organization","name":"Matu \u0161\u0137iedras, kerat\u012bns, sabiez\u0113\u0161ana \u2014 Toppik Latvija","url":"https:\/\/toppikpolska.pl\/lv\/","logo":{"@type":"ImageObject","inLanguage":"lv-LV","@id":"https:\/\/toppikpolska.pl\/lv\/#\/schema\/logo\/image\/","url":"https:\/\/toppikpolska.pl\/wp-content\/uploads\/2023\/09\/logo.png","contentUrl":"https:\/\/toppikpolska.pl\/wp-content\/uploads\/2023\/09\/logo.png","width":105,"height":57,"caption":"Matu \u0161\u0137iedras, kerat\u012bns, sabiez\u0113\u0161ana \u2014 Toppik Latvija"},"image":{"@id":"https:\/\/toppikpolska.pl\/lv\/#\/schema\/logo\/image\/"}}]}},"_links":{"self":[{"href":"https:\/\/toppikpolska.pl\/lv\/wp-json\/wp\/v2\/product\/9931","targetHints":{"allow":["GET"]}}],"collection":[{"href":"https:\/\/toppikpolska.pl\/lv\/wp-json\/wp\/v2\/product"}],"about":[{"href":"https:\/\/toppikpolska.pl\/lv\/wp-json\/wp\/v2\/types\/product"}],"replies":[{"embeddable":true,"href":"https:\/\/toppikpolska.pl\/lv\/wp-json\/wp\/v2\/comments?post=9931"}],"wp:featuredmedia":[{"embeddable":true,"href":"https:\/\/toppikpolska.pl\/lv\/wp-json\/wp\/v2\/media\/7779"}],"wp:attachment":[{"href":"https:\/\/toppikpolska.pl\/lv\/wp-json\/wp\/v2\/media?parent=9931"}],"wp:term":[{"taxonomy":"product_brand","embeddable":true,"href":"https:\/\/toppikpolska.pl\/lv\/wp-json\/wp\/v2\/product_brand?post=9931"},{"taxonomy":"product_cat","embeddable":true,"href":"https:\/\/toppikpolska.pl\/lv\/wp-json\/wp\/v2\/product_cat?post=9931"},{"taxonomy":"product_tag","embeddable":true,"href":"https:\/\/toppikpolska.pl\/lv\/wp-json\/wp\/v2\/product_tag?post=9931"}],"curies":[{"name":"wp","href":"https:\/\/api.w.org\/{rel}","templated":true}]}}