{"id":9977,"date":"2019-04-12T14:24:27","date_gmt":"2019-04-12T12:24:27","guid":{"rendered":"https:\/\/toppikpolska.pl\/produkt\/toppik-biezinatajs-mikroskiedras-maskesana-aerosols\/"},"modified":"2019-04-12T14:24:27","modified_gmt":"2019-04-12T12:24:27","slug":"toppik-biezinatajs-mikroskiedras-maskesana-aerosols","status":"publish","type":"product","link":"https:\/\/toppikpolska.pl\/lv\/produkt\/toppik-biezinatajs-mikroskiedras-maskesana-aerosols\/","title":{"rendered":"Toppik biezin\u0101t\u0101js &#8211; mikro\u0161\u0137iedras mask\u0113\u0161ana, aerosols"},"content":{"rendered":"<h3>Efekt\u012bva matu sabiez\u0113\u0161ana ar kr\u0101sotu matu biezin\u0101t\u0101ju<\/h3>\n<p>Kr\u0101sains matu biezin\u0101t\u0101js ir inovat\u012bvs matu biezin\u0101t\u0101js, kas rad\u012bts \u012bpa\u0161i cilv\u0113kiem ar pl\u0101niem matiem, kuri v\u0113las sasniegt biezu matu efektu, neapdraudot kr\u0101su. Produkts apvieno matu sabiez\u0113\u0161anas un kr\u0101sas fiks\u0113\u0161anas funkcijas, nodro\u0161inot dabisku un ilgsto\u0161u izskatu. Pateicoties uzlabotajai formulai, kr\u0101sainu matu biezin\u0101t\u0101js efekt\u012bvi atbalsta matu sabiez\u0113\u0161anas procesu, pie\u0161\u0137irot apjomu un piln\u012bbu. Regul\u0101ra matu sabiez\u0113\u0161anas l\u012bdzek\u013ca lieto\u0161ana pal\u012bdz stiprin\u0101t katra mata strukt\u016bru, samazinot matu l\u016b\u0161anu un izkri\u0161anu. Matu biezin\u0101t\u0101js ir viegli uzkl\u0101jams uz sausiem vai mitriem matiem, neatst\u0101jot smag\u0101ku efektu, padarot to par ide\u0101lu izv\u0113li tiem, kuriem ir pl\u0101ni un retin\u0101ti mati.    <\/p>\n<h3>Visaptvero\u0161a biezu un kr\u0101sotu matu kop\u0161ana<\/h3>\n<p>Kr\u0101sains matu biezin\u0101t\u0101js pied\u0101v\u0101 visaptvero\u0161u kop\u0161anu, kas ne tikai sabiez\u0113 matus, bet ar\u012b aizsarg\u0101 un uzlabo to kr\u0101su. Matu biezin\u0101t\u0101ja sast\u0101vs satur bar\u012bbas vielas, kas veicina vesel\u012bgu matu aug\u0161anu, stimul\u0113jot matu folikulus un palielinot asins pl\u016bsmu galvas \u0101d\u0101. T\u0101 rezult\u0101t\u0101 pl\u0101ni mati ieg\u016bst biezumu un elast\u012bbu, k\u013c\u016bstot iztur\u012bg\u0101ki pret meh\u0101niskiem un termiskiem boj\u0101jumiem. Matu biezin\u0101t\u0101js ir sader\u012bgs ar citiem m\u016bsu sortimenta produktiem, kas \u013cauj izveidot konsekventu un efekt\u012bvu matu sabiez\u0113\u0161anas sist\u0113mu. Turkl\u0101t produkts ir bag\u0101tin\u0101ts ar pigmentiem, kas lieliski atbilst dabiskajai matu kr\u0101sai, nodro\u0161inot vienm\u0113r\u012bgu un intens\u012bvu kr\u0101so\u0161anas efektu. Izmantojot kr\u0101sotu matu biezin\u0101t\u0101ju, ieg\u016bt biezus, vesel\u012bgus un kr\u0101sainus matus k\u013c\u016bst vienk\u0101r\u0161\u0101k nek\u0101 jebkad agr\u0101k.     <\/p>\n","protected":false},"excerpt":{"rendered":"<p>Matu biezin\u0101t\u0101js ir inovat\u012bvs aerosols, kas paredz\u0113ts, lai pasl\u0113ptu pl\u0101nu vai retin\u0101tu matu vietas, plikas vietas un visur, kur ir redzama galvas \u0101da.<\/p>\n<p>Tas uzreiz aizpilda retin\u0101\u0161anas vietas, rada iespaidu par piln\u012bg\u0101kiem, biez\u0101kiem matiem. Unik\u0101li pigmenti tiek pieska\u0146oti j\u016bsu matu kr\u0101sai un sl\u0113pj redzamo galvas \u0101du. Tas \u013cauj aptvert v\u0113l liel\u0101kas alop\u0113cijas skart\u0101s plat\u012bbas.<br \/>\nTurkl\u0101t prepar\u0101ts ir lielisks risin\u0101jums lieto\u0161anai starp sakn\u0113m.  <\/p>\n<p>Matu biezin\u0101t\u0101js ir maigs galvas \u0101dai, dro\u0161s ikdienas lieto\u0161anai un pieejams \u010detros to\u0146os, kas ir iztur\u012bgi pret v\u0113ju, lietus un sviedriem. Ieteicams lietot kop\u0101 ar kerat\u012bna \u0161\u0137iedr\u0101m, lai nodro\u0161in\u0101tu papildu p\u0101rkl\u0101jumu matu dabiskajai tekst\u016brai.  <\/p>\n","protected":false},"featured_media":9978,"comment_status":"closed","ping_status":"closed","template":"","meta":[],"product_brand":[],"product_cat":[47],"product_tag":[],"class_list":{"0":"post-9977","1":"product","2":"type-product","3":"status-publish","4":"has-post-thumbnail","6":"product_cat-produktiem","8":"first","9":"instock","10":"sale","11":"shipping-taxable","12":"purchasable","13":"product-type-variable"},"yoast_head":"<!-- This site is optimized with the Yoast SEO plugin v26.6 - https:\/\/yoast.com\/wordpress\/plugins\/seo\/ -->\n<title>Toppik biezin\u0101t\u0101js - mikro\u0161\u0137iedras mask\u0113\u0161ana, aerosols<\/title>\n<meta name=\"description\" content=\"Toppik biezin\u0101t\u0101js - mikro\u0161\u0137iedras mask\u0113\u0161ana, aerosols - Kerat\u012bna mikro\u0161\u0137iedras sabiez\u0113 matus | Toppik Polska!\" \/>\n<meta name=\"robots\" content=\"index, follow, max-snippet:-1, max-image-preview:large, max-video-preview:-1\" \/>\n<link rel=\"canonical\" href=\"https:\/\/toppikpolska.pl\/lv\/produkt\/toppik-biezinatajs-mikroskiedras-maskesana-aerosols\/\" \/>\n<meta property=\"og:locale\" content=\"lv_LV\" \/>\n<meta property=\"og:type\" content=\"article\" \/>\n<meta property=\"og:title\" content=\"Toppik biezin\u0101t\u0101js - mikro\u0161\u0137iedras mask\u0113\u0161ana, aerosols\" \/>\n<meta property=\"og:description\" content=\"Toppik biezin\u0101t\u0101js - mikro\u0161\u0137iedras mask\u0113\u0161ana, aerosols - Kerat\u012bna mikro\u0161\u0137iedras sabiez\u0113 matus | Toppik Polska!\" \/>\n<meta property=\"og:url\" content=\"https:\/\/toppikpolska.pl\/lv\/produkt\/toppik-biezinatajs-mikroskiedras-maskesana-aerosols\/\" \/>\n<meta property=\"og:site_name\" content=\"Matu \u0161\u0137iedras, kerat\u012bns, sabiez\u0113\u0161ana \u2014 Toppik Latvija\" \/>\n<meta property=\"og:image\" content=\"https:\/\/toppikpolska.pl\/wp-content\/uploads\/2025\/03\/thickener_black.jpg\" \/>\n\t<meta property=\"og:image:width\" content=\"900\" \/>\n\t<meta property=\"og:image:height\" content=\"900\" \/>\n\t<meta property=\"og:image:type\" content=\"image\/jpeg\" \/>\n<meta name=\"twitter:card\" content=\"summary_large_image\" \/>\n<meta name=\"twitter:label1\" content=\"Est. reading time\" \/>\n\t<meta name=\"twitter:data1\" content=\"2 min\u016btes\" \/>\n<script type=\"application\/ld+json\" class=\"yoast-schema-graph\">{\"@context\":\"https:\/\/schema.org\",\"@graph\":[{\"@type\":\"WebPage\",\"@id\":\"https:\/\/toppikpolska.pl\/lv\/produkt\/toppik-biezinatajs-mikroskiedras-maskesana-aerosols\/\",\"url\":\"https:\/\/toppikpolska.pl\/lv\/produkt\/toppik-biezinatajs-mikroskiedras-maskesana-aerosols\/\",\"name\":\"Toppik biezin\u0101t\u0101js - mikro\u0161\u0137iedras mask\u0113\u0161ana, aerosols\",\"isPartOf\":{\"@id\":\"https:\/\/toppikpolska.pl\/lv\/#website\"},\"primaryImageOfPage\":{\"@id\":\"https:\/\/toppikpolska.pl\/lv\/produkt\/toppik-biezinatajs-mikroskiedras-maskesana-aerosols\/#primaryimage\"},\"image\":{\"@id\":\"https:\/\/toppikpolska.pl\/lv\/produkt\/toppik-biezinatajs-mikroskiedras-maskesana-aerosols\/#primaryimage\"},\"thumbnailUrl\":\"https:\/\/toppikpolska.pl\/wp-content\/uploads\/2025\/03\/thickener_black.jpg\",\"datePublished\":\"2019-04-12T12:24:27+00:00\",\"description\":\"Toppik biezin\u0101t\u0101js - mikro\u0161\u0137iedras mask\u0113\u0161ana, aerosols - Kerat\u012bna mikro\u0161\u0137iedras sabiez\u0113 matus | Toppik Polska!\",\"breadcrumb\":{\"@id\":\"https:\/\/toppikpolska.pl\/lv\/produkt\/toppik-biezinatajs-mikroskiedras-maskesana-aerosols\/#breadcrumb\"},\"inLanguage\":\"lv-LV\",\"potentialAction\":[{\"@type\":\"ReadAction\",\"target\":[\"https:\/\/toppikpolska.pl\/lv\/produkt\/toppik-biezinatajs-mikroskiedras-maskesana-aerosols\/\"]}]},{\"@type\":\"ImageObject\",\"inLanguage\":\"lv-LV\",\"@id\":\"https:\/\/toppikpolska.pl\/lv\/produkt\/toppik-biezinatajs-mikroskiedras-maskesana-aerosols\/#primaryimage\",\"url\":\"https:\/\/toppikpolska.pl\/wp-content\/uploads\/2025\/03\/thickener_black.jpg\",\"contentUrl\":\"https:\/\/toppikpolska.pl\/wp-content\/uploads\/2025\/03\/thickener_black.jpg\",\"width\":900,\"height\":900},{\"@type\":\"BreadcrumbList\",\"@id\":\"https:\/\/toppikpolska.pl\/lv\/produkt\/toppik-biezinatajs-mikroskiedras-maskesana-aerosols\/#breadcrumb\",\"itemListElement\":[{\"@type\":\"ListItem\",\"position\":1,\"name\":\"M\u0101jas lap\u0101\",\"item\":\"https:\/\/toppikpolska.pl\/lv\/\"},{\"@type\":\"ListItem\",\"position\":2,\"name\":\"Veikals\",\"item\":\"https:\/\/toppikpolska.pl\/lv\/veikals\/\"},{\"@type\":\"ListItem\",\"position\":3,\"name\":\"Toppik biezin\u0101t\u0101js &#8211; mikro\u0161\u0137iedras mask\u0113\u0161ana, aerosols\"}]},{\"@type\":\"WebSite\",\"@id\":\"https:\/\/toppikpolska.pl\/lv\/#website\",\"url\":\"https:\/\/toppikpolska.pl\/lv\/\",\"name\":\"Matu \u0161\u0137iedras, kerat\u012bns, sabiez\u0113\u0161ana \u2014 Toppik Latvija\",\"description\":\"\",\"publisher\":{\"@id\":\"https:\/\/toppikpolska.pl\/lv\/#organization\"},\"potentialAction\":[{\"@type\":\"SearchAction\",\"target\":{\"@type\":\"EntryPoint\",\"urlTemplate\":\"https:\/\/toppikpolska.pl\/lv\/?s={search_term_string}\"},\"query-input\":{\"@type\":\"PropertyValueSpecification\",\"valueRequired\":true,\"valueName\":\"search_term_string\"}}],\"inLanguage\":\"lv-LV\"},{\"@type\":\"Organization\",\"@id\":\"https:\/\/toppikpolska.pl\/lv\/#organization\",\"name\":\"Matu \u0161\u0137iedras, kerat\u012bns, sabiez\u0113\u0161ana \u2014 Toppik Latvija\",\"url\":\"https:\/\/toppikpolska.pl\/lv\/\",\"logo\":{\"@type\":\"ImageObject\",\"inLanguage\":\"lv-LV\",\"@id\":\"https:\/\/toppikpolska.pl\/lv\/#\/schema\/logo\/image\/\",\"url\":\"https:\/\/toppikpolska.pl\/wp-content\/uploads\/2023\/09\/logo.png\",\"contentUrl\":\"https:\/\/toppikpolska.pl\/wp-content\/uploads\/2023\/09\/logo.png\",\"width\":105,\"height\":57,\"caption\":\"Matu \u0161\u0137iedras, kerat\u012bns, sabiez\u0113\u0161ana \u2014 Toppik Latvija\"},\"image\":{\"@id\":\"https:\/\/toppikpolska.pl\/lv\/#\/schema\/logo\/image\/\"}}]}<\/script>\n<!-- \/ Yoast SEO plugin. -->","yoast_head_json":{"title":"Toppik biezin\u0101t\u0101js - mikro\u0161\u0137iedras mask\u0113\u0161ana, aerosols","description":"Toppik biezin\u0101t\u0101js - mikro\u0161\u0137iedras mask\u0113\u0161ana, aerosols - Kerat\u012bna mikro\u0161\u0137iedras sabiez\u0113 matus | Toppik Polska!","robots":{"index":"index","follow":"follow","max-snippet":"max-snippet:-1","max-image-preview":"max-image-preview:large","max-video-preview":"max-video-preview:-1"},"canonical":"https:\/\/toppikpolska.pl\/lv\/produkt\/toppik-biezinatajs-mikroskiedras-maskesana-aerosols\/","og_locale":"lv_LV","og_type":"article","og_title":"Toppik biezin\u0101t\u0101js - mikro\u0161\u0137iedras mask\u0113\u0161ana, aerosols","og_description":"Toppik biezin\u0101t\u0101js - mikro\u0161\u0137iedras mask\u0113\u0161ana, aerosols - Kerat\u012bna mikro\u0161\u0137iedras sabiez\u0113 matus | Toppik Polska!","og_url":"https:\/\/toppikpolska.pl\/lv\/produkt\/toppik-biezinatajs-mikroskiedras-maskesana-aerosols\/","og_site_name":"Matu \u0161\u0137iedras, kerat\u012bns, sabiez\u0113\u0161ana \u2014 Toppik Latvija","og_image":[{"width":900,"height":900,"url":"https:\/\/toppikpolska.pl\/wp-content\/uploads\/2025\/03\/thickener_black.jpg","type":"image\/jpeg"}],"twitter_card":"summary_large_image","twitter_misc":{"Est. reading time":"2 min\u016btes"},"schema":{"@context":"https:\/\/schema.org","@graph":[{"@type":"WebPage","@id":"https:\/\/toppikpolska.pl\/lv\/produkt\/toppik-biezinatajs-mikroskiedras-maskesana-aerosols\/","url":"https:\/\/toppikpolska.pl\/lv\/produkt\/toppik-biezinatajs-mikroskiedras-maskesana-aerosols\/","name":"Toppik biezin\u0101t\u0101js - mikro\u0161\u0137iedras mask\u0113\u0161ana, aerosols","isPartOf":{"@id":"https:\/\/toppikpolska.pl\/lv\/#website"},"primaryImageOfPage":{"@id":"https:\/\/toppikpolska.pl\/lv\/produkt\/toppik-biezinatajs-mikroskiedras-maskesana-aerosols\/#primaryimage"},"image":{"@id":"https:\/\/toppikpolska.pl\/lv\/produkt\/toppik-biezinatajs-mikroskiedras-maskesana-aerosols\/#primaryimage"},"thumbnailUrl":"https:\/\/toppikpolska.pl\/wp-content\/uploads\/2025\/03\/thickener_black.jpg","datePublished":"2019-04-12T12:24:27+00:00","description":"Toppik biezin\u0101t\u0101js - mikro\u0161\u0137iedras mask\u0113\u0161ana, aerosols - Kerat\u012bna mikro\u0161\u0137iedras sabiez\u0113 matus | Toppik Polska!","breadcrumb":{"@id":"https:\/\/toppikpolska.pl\/lv\/produkt\/toppik-biezinatajs-mikroskiedras-maskesana-aerosols\/#breadcrumb"},"inLanguage":"lv-LV","potentialAction":[{"@type":"ReadAction","target":["https:\/\/toppikpolska.pl\/lv\/produkt\/toppik-biezinatajs-mikroskiedras-maskesana-aerosols\/"]}]},{"@type":"ImageObject","inLanguage":"lv-LV","@id":"https:\/\/toppikpolska.pl\/lv\/produkt\/toppik-biezinatajs-mikroskiedras-maskesana-aerosols\/#primaryimage","url":"https:\/\/toppikpolska.pl\/wp-content\/uploads\/2025\/03\/thickener_black.jpg","contentUrl":"https:\/\/toppikpolska.pl\/wp-content\/uploads\/2025\/03\/thickener_black.jpg","width":900,"height":900},{"@type":"BreadcrumbList","@id":"https:\/\/toppikpolska.pl\/lv\/produkt\/toppik-biezinatajs-mikroskiedras-maskesana-aerosols\/#breadcrumb","itemListElement":[{"@type":"ListItem","position":1,"name":"M\u0101jas lap\u0101","item":"https:\/\/toppikpolska.pl\/lv\/"},{"@type":"ListItem","position":2,"name":"Veikals","item":"https:\/\/toppikpolska.pl\/lv\/veikals\/"},{"@type":"ListItem","position":3,"name":"Toppik biezin\u0101t\u0101js &#8211; mikro\u0161\u0137iedras mask\u0113\u0161ana, aerosols"}]},{"@type":"WebSite","@id":"https:\/\/toppikpolska.pl\/lv\/#website","url":"https:\/\/toppikpolska.pl\/lv\/","name":"Matu \u0161\u0137iedras, kerat\u012bns, sabiez\u0113\u0161ana \u2014 Toppik Latvija","description":"","publisher":{"@id":"https:\/\/toppikpolska.pl\/lv\/#organization"},"potentialAction":[{"@type":"SearchAction","target":{"@type":"EntryPoint","urlTemplate":"https:\/\/toppikpolska.pl\/lv\/?s={search_term_string}"},"query-input":{"@type":"PropertyValueSpecification","valueRequired":true,"valueName":"search_term_string"}}],"inLanguage":"lv-LV"},{"@type":"Organization","@id":"https:\/\/toppikpolska.pl\/lv\/#organization","name":"Matu \u0161\u0137iedras, kerat\u012bns, sabiez\u0113\u0161ana \u2014 Toppik Latvija","url":"https:\/\/toppikpolska.pl\/lv\/","logo":{"@type":"ImageObject","inLanguage":"lv-LV","@id":"https:\/\/toppikpolska.pl\/lv\/#\/schema\/logo\/image\/","url":"https:\/\/toppikpolska.pl\/wp-content\/uploads\/2023\/09\/logo.png","contentUrl":"https:\/\/toppikpolska.pl\/wp-content\/uploads\/2023\/09\/logo.png","width":105,"height":57,"caption":"Matu \u0161\u0137iedras, kerat\u012bns, sabiez\u0113\u0161ana \u2014 Toppik Latvija"},"image":{"@id":"https:\/\/toppikpolska.pl\/lv\/#\/schema\/logo\/image\/"}}]}},"_links":{"self":[{"href":"https:\/\/toppikpolska.pl\/lv\/wp-json\/wp\/v2\/product\/9977","targetHints":{"allow":["GET"]}}],"collection":[{"href":"https:\/\/toppikpolska.pl\/lv\/wp-json\/wp\/v2\/product"}],"about":[{"href":"https:\/\/toppikpolska.pl\/lv\/wp-json\/wp\/v2\/types\/product"}],"replies":[{"embeddable":true,"href":"https:\/\/toppikpolska.pl\/lv\/wp-json\/wp\/v2\/comments?post=9977"}],"wp:featuredmedia":[{"embeddable":true,"href":"https:\/\/toppikpolska.pl\/lv\/wp-json\/wp\/v2\/media\/9978"}],"wp:attachment":[{"href":"https:\/\/toppikpolska.pl\/lv\/wp-json\/wp\/v2\/media?parent=9977"}],"wp:term":[{"taxonomy":"product_brand","embeddable":true,"href":"https:\/\/toppikpolska.pl\/lv\/wp-json\/wp\/v2\/product_brand?post=9977"},{"taxonomy":"product_cat","embeddable":true,"href":"https:\/\/toppikpolska.pl\/lv\/wp-json\/wp\/v2\/product_cat?post=9977"},{"taxonomy":"product_tag","embeddable":true,"href":"https:\/\/toppikpolska.pl\/lv\/wp-json\/wp\/v2\/product_tag?post=9977"}],"curies":[{"name":"wp","href":"https:\/\/api.w.org\/{rel}","templated":true}]}}